{"id":7098,"date":"2024-01-15T12:15:37","date_gmt":"2024-01-15T12:15:37","guid":{"rendered":"https:\/\/www.healthy-heart.org\/sitemap\/"},"modified":"2024-01-15T12:25:40","modified_gmt":"2024-01-15T12:25:40","slug":"sitemap","status":"publish","type":"page","link":"https:\/\/www.healthy-heart.org\/ro\/sitemap\/","title":{"rendered":"Sitemap"},"content":{"rendered":"<div id=\"simple-sitemap-container-69f19199d0a26\" class=\"simple-sitemap-container simple-sitemap-container-69f19199d0a26 tab-disabled\"><div class=\"simple-sitemap-wrap\"><h3 class=\"post-type\">Pagini<\/h3><ul class=\"simple-sitemap-page main\"><li class=\"sitemap-item page_item page-item-1839\"><a href=\"https:\/\/www.healthy-heart.org\/ro\/contact\/\">Contact<\/a><\/li>\n<li class=\"sitemap-item page_item page-item-1765\"><a href=\"https:\/\/www.healthy-heart.org\/ro\/despre-esc\/\">Despre ESC<\/a><\/li>\n<li class=\"sitemap-item page_item page-item-1538\"><a href=\"https:\/\/www.healthy-heart.org\/ro\/\">Healthy-Heart.org<\/a><\/li>\n<li class=\"sitemap-item page_item page-item-1653 page_item_has_children\"><a href=\"https:\/\/www.healthy-heart.org\/ro\/inima-dvs\/\">Inima dvs.<\/a>\n<ul class='children'>\n\t<li class=\"sitemap-item page_item page-item-1662\"><a href=\"https:\/\/www.healthy-heart.org\/ro\/inima-dvs\/cum-functioneaza-inima\/\">Cum func\u021bioneaz\u0103 inima?<\/a><\/li>\n\t<li class=\"sitemap-item page_item page-item-1671\"><a href=\"https:\/\/www.healthy-heart.org\/ro\/inima-dvs\/ce-este-o-boala-de-inima\/\">Ce este o boal\u0103 de inim\u0103?<\/a><\/li>\n\t<li class=\"sitemap-item page_item page-item-1780\"><a href=\"https:\/\/www.healthy-heart.org\/ro\/inima-dvs\/semne-de-avertizare-si-simptome\/\">Semne de avertizare \u0219i simptome<\/a><\/li>\n\t<li class=\"sitemap-item page_item page-item-1785\"><a href=\"https:\/\/www.healthy-heart.org\/ro\/inima-dvs\/cum-se-efectueaza-rcp-resuscitarea-cardio-pulmonara\/\">Cum se efectueaz\u0103 RCP (resuscitarea cardio-pulmonar\u0103)<\/a><\/li>\n\t<li class=\"sitemap-item page_item page-item-1676\"><a href=\"https:\/\/www.healthy-heart.org\/ro\/inima-dvs\/incurajarea-unui-stil-de-viata-sanatos\/\">\u00cencurajarea unui stil de via\u021b\u0103 s\u0103n\u0103tos<\/a><\/li>\n<\/ul>\n<\/li>\n<li class=\"sitemap-item page_item page-item-1751\"><a href=\"https:\/\/www.healthy-heart.org\/ro\/intrebari-frecvente\/\">\u00centreb\u0103ri frecvente<\/a><\/li>\n<li class=\"sitemap-item page_item page-item-1775\"><a href=\"https:\/\/www.healthy-heart.org\/ro\/linkuri-utile\/\">Linkuri utile<\/a><\/li>\n<li class=\"sitemap-item page_item page-item-1758\"><a href=\"https:\/\/www.healthy-heart.org\/ro\/multumiri-autorilor\/\">Mul\u021bumiri autorilor<\/a><\/li>\n<li class=\"sitemap-item page_item page-item-1681 page_item_has_children\"><a href=\"https:\/\/www.healthy-heart.org\/ro\/pastrati-va-inima-sanatoasa\/\">P\u0103stra\u021bi-v\u0103 inima s\u0103n\u0103toas\u0103<\/a>\n<ul class='children'>\n\t<li class=\"sitemap-item page_item page-item-1869\"><a href=\"https:\/\/www.healthy-heart.org\/ro\/pastrati-va-inima-sanatoasa\/tensiunea-arteriala\/\">Tensiunea arterial\u0103<\/a><\/li>\n\t<li class=\"sitemap-item page_item page-item-1874\"><a href=\"https:\/\/www.healthy-heart.org\/ro\/pastrati-va-inima-sanatoasa\/colesterolul\/\">Colesterolul<\/a><\/li>\n\t<li class=\"sitemap-item page_item page-item-1686\"><a href=\"https:\/\/www.healthy-heart.org\/ro\/pastrati-va-inima-sanatoasa\/diabetul\/\">Diabetul<\/a><\/li>\n\t<li class=\"sitemap-item page_item page-item-1691\"><a href=\"https:\/\/www.healthy-heart.org\/ro\/pastrati-va-inima-sanatoasa\/mentinerea-unei-greutati-sanatoase\/\">Men\u021binerea unei greut\u0103\u021bi s\u0103n\u0103toase<\/a><\/li>\n\t<li class=\"sitemap-item page_item page-item-1790\"><a href=\"https:\/\/www.healthy-heart.org\/ro\/pastrati-va-inima-sanatoasa\/dieta-benefica-pentru-inima\/\">Diet\u0103 benefic\u0103 pentru inim\u0103<\/a><\/li>\n\t<li class=\"sitemap-item page_item page-item-1795\"><a href=\"https:\/\/www.healthy-heart.org\/ro\/pastrati-va-inima-sanatoasa\/stresul-si-somnul\/\">Stresul \u0219i somnul<\/a><\/li>\n\t<li class=\"sitemap-item page_item page-item-1696\"><a href=\"https:\/\/www.healthy-heart.org\/ro\/pastrati-va-inima-sanatoasa\/fumatul\/\">Fumatul<\/a><\/li>\n\t<li class=\"sitemap-item page_item page-item-1701\"><a href=\"https:\/\/www.healthy-heart.org\/ro\/pastrati-va-inima-sanatoasa\/activitatea-fizica\/\">Activitate fizic\u0103<\/a><\/li>\n\t<li class=\"sitemap-item page_item page-item-1716\"><a href=\"https:\/\/www.healthy-heart.org\/ro\/pastrati-va-inima-sanatoasa\/antecedente-familiale-de-boli-cardiace\/\">Antecedente familiale de boli cardiace<\/a><\/li>\n\t<li class=\"sitemap-item page_item page-item-1721\"><a href=\"https:\/\/www.healthy-heart.org\/ro\/pastrati-va-inima-sanatoasa\/diferentele-dintre-barbati-si-femei\/\">Bolile cardiovasculare la femei<\/a><\/li>\n\t<li class=\"sitemap-item page_item page-item-1706\"><a href=\"https:\/\/www.healthy-heart.org\/ro\/pastrati-va-inima-sanatoasa\/anticiparea-si-gestionarea-riscului-de-afectiuni-cardiace\/\">Anticiparea \u0219i gestionarea riscului de afec\u021biuni cardiace<\/a><\/li>\n\t<li class=\"sitemap-item page_item page-item-1711\"><a href=\"https:\/\/www.healthy-heart.org\/ro\/pastrati-va-inima-sanatoasa\/preluati-controlul-asupra-stilului-dvs-de-viata\/\">Prelua\u021bi controlul asupra stilului dvs. de via\u021b\u0103<\/a><\/li>\n\t<li class=\"sitemap-item page_item page-item-1859\"><a href=\"https:\/\/www.healthy-heart.org\/ro\/pastrati-va-inima-sanatoasa\/mentinerea-unor-obiceiuri-sanatoase\/\">Men\u021binerea unor obiceiuri s\u0103n\u0103toase<\/a><\/li>\n<\/ul>\n<\/li>\n<li class=\"sitemap-item page_item page-item-1391\"><a href=\"https:\/\/www.healthy-heart.org\/ro\/politica-de-confidentialitate\/\">Politica de confiden\u021bialitate<\/a><\/li>\n<li class=\"sitemap-item page_item page-item-7098\"><a href=\"https:\/\/www.healthy-heart.org\/ro\/sitemap\/\">Sitemap<\/a><\/li>\n<li class=\"sitemap-item page_item page-item-1824\"><a href=\"https:\/\/www.healthy-heart.org\/ro\/sprijin-financiar\/\">Sprijin financiar<\/a><\/li>\n<li class=\"sitemap-item page_item page-item-1834\"><a href=\"https:\/\/www.healthy-heart.org\/ro\/termeni-de-utilizare\/\">Termeni de utilizare<\/a><\/li>\n<li class=\"sitemap-item page_item page-item-1864 page_item_has_children\"><a href=\"https:\/\/www.healthy-heart.org\/ro\/viata-cu-o-boala-de-inima\/\">Via\u021ba cu o boal\u0103 de inim\u0103<\/a>\n<ul class='children'>\n\t<li class=\"sitemap-item page_item page-item-1802\"><a href=\"https:\/\/www.healthy-heart.org\/ro\/viata-cu-o-boala-de-inima\/ameliorarea-starii-inimii\/\">Ameliorarea st\u0103rii inimii<\/a><\/li>\n\t<li class=\"sitemap-item page_item page-item-1880\"><a href=\"https:\/\/www.healthy-heart.org\/ro\/viata-cu-o-boala-de-inima\/tipuri-de-medicamente\/\">Tipuri de medicamente<\/a><\/li>\n\t<li class=\"sitemap-item page_item page-item-1809\"><a href=\"https:\/\/www.healthy-heart.org\/ro\/viata-cu-o-boala-de-inima\/antrenamentul-fizic\/\">Antrenamentul fizic<\/a><\/li>\n\t<li class=\"sitemap-item page_item page-item-1731\"><a href=\"https:\/\/www.healthy-heart.org\/ro\/viata-cu-o-boala-de-inima\/anxietatea-si-depresia\/\">Anxietatea \u0219i depresia<\/a><\/li>\n\t<li class=\"sitemap-item page_item page-item-1849\"><a href=\"https:\/\/www.healthy-heart.org\/ro\/viata-cu-o-boala-de-inima\/conducerea-vehiculelor-dupa-un-infarct-miocardic\/\">Conducerea vehiculelor dup\u0103 un infarct miocardic<\/a><\/li>\n\t<li class=\"sitemap-item page_item page-item-1854\"><a href=\"https:\/\/www.healthy-heart.org\/ro\/viata-cu-o-boala-de-inima\/calatoriile-dupa-un-infarct-miocardic\/\">C\u0103l\u0103toriile dup\u0103 un atac de cord<\/a><\/li>\n\t<li class=\"sitemap-item page_item page-item-1736\"><a href=\"https:\/\/www.healthy-heart.org\/ro\/viata-cu-o-boala-de-inima\/revenirea-la-locul-de-munca-dupa-un-infarct-miocardic\/\">Revenirea la locul de munc\u0103 dup\u0103 un atac de cord<\/a><\/li>\n\t<li class=\"sitemap-item page_item page-item-1814\"><a href=\"https:\/\/www.healthy-heart.org\/ro\/viata-cu-o-boala-de-inima\/sexul-si-bolile-cardiace\/\">Sexul \u0219i bolile cardiace<\/a><\/li>\n\t<li class=\"sitemap-item page_item page-item-1741\"><a href=\"https:\/\/www.healthy-heart.org\/ro\/viata-cu-o-boala-de-inima\/sprijinul-familiei\/\">Sprijinul familiei<\/a><\/li>\n\t<li class=\"sitemap-item page_item page-item-1726\"><a href=\"https:\/\/www.healthy-heart.org\/ro\/viata-cu-o-boala-de-inima\/factori-de-risc-pentru-un-al-doilea-atac-de-cord\/\">Factori de risc pentru un al doilea atac de cord<\/a><\/li>\n\t<li class=\"sitemap-item page_item page-item-1819\"><a href=\"https:\/\/www.healthy-heart.org\/ro\/viata-cu-o-boala-de-inima\/estimarea-riscului-remanent-dupa-un-infarct-miocardic\/\">Estimarea riscului remanent dup\u0103 un infarct miocardic<\/a><\/li>\n\t<li class=\"sitemap-item page_item page-item-1746\"><a href=\"https:\/\/www.healthy-heart.org\/ro\/viata-cu-o-boala-de-inima\/ce-intrebari-ar-trebui-sa-ii-pun-medicului-meu-cardiolog\/\">Ce \u00eentreb\u0103ri ar trebui s\u0103 \u00eei pun medicului meu cardiolog?<\/a><\/li>\n<\/ul>\n<\/li>\n<\/ul><\/div><\/div><br style=\"clear: both;\">\n","protected":false},"excerpt":{"rendered":"","protected":false},"author":2,"featured_media":0,"parent":0,"menu_order":0,"comment_status":"closed","ping_status":"closed","template":"","meta":{"_acf_changed":false,"footnotes":""},"categories":[],"tags":[],"class_list":["post-7098","page","type-page","status-publish","hentry"],"acf":[],"yoast_head":"<!-- This site is optimized with the Yoast SEO plugin v24.0 - https:\/\/yoast.com\/wordpress\/plugins\/seo\/ -->\n<title>Sitemap - Healthy-Heart.org<\/title>\n<meta name=\"robots\" content=\"index, follow, max-snippet:-1, max-image-preview:large, max-video-preview:-1\" \/>\n<link rel=\"canonical\" href=\"https:\/\/www.healthy-heart.org\/ro\/sitemap\/\" \/>\n<meta property=\"og:locale\" content=\"ro_RO\" \/>\n<meta property=\"og:type\" content=\"article\" \/>\n<meta property=\"og:title\" content=\"Sitemap - Healthy-Heart.org\" \/>\n<meta property=\"og:url\" content=\"https:\/\/www.healthy-heart.org\/ro\/sitemap\/\" \/>\n<meta property=\"og:site_name\" content=\"Healthy-Heart.org\" \/>\n<meta property=\"article:modified_time\" content=\"2024-01-15T12:25:40+00:00\" \/>\n<meta name=\"twitter:card\" content=\"summary_large_image\" \/>\n<meta name=\"twitter:label1\" content=\"Timp estimat pentru citire\" \/>\n\t<meta name=\"twitter:data1\" content=\"1 minut\" \/>\n<script type=\"application\/ld+json\" class=\"yoast-schema-graph\">{\"@context\":\"https:\/\/schema.org\",\"@graph\":[{\"@type\":\"WebPage\",\"@id\":\"https:\/\/www.healthy-heart.org\/ro\/sitemap\/\",\"url\":\"https:\/\/www.healthy-heart.org\/ro\/sitemap\/\",\"name\":\"Sitemap - Healthy-Heart.org\",\"isPartOf\":{\"@id\":\"https:\/\/www.healthy-heart.org\/es\/#website\"},\"datePublished\":\"2024-01-15T12:15:37+00:00\",\"dateModified\":\"2024-01-15T12:25:40+00:00\",\"breadcrumb\":{\"@id\":\"https:\/\/www.healthy-heart.org\/ro\/sitemap\/#breadcrumb\"},\"inLanguage\":\"ro-RO\",\"potentialAction\":[{\"@type\":\"ReadAction\",\"target\":[\"https:\/\/www.healthy-heart.org\/ro\/sitemap\/\"]}]},{\"@type\":\"BreadcrumbList\",\"@id\":\"https:\/\/www.healthy-heart.org\/ro\/sitemap\/#breadcrumb\",\"itemListElement\":[{\"@type\":\"ListItem\",\"position\":1,\"name\":\"Home\",\"item\":\"https:\/\/www.healthy-heart.org\/ro\/\"},{\"@type\":\"ListItem\",\"position\":2,\"name\":\"Sitemap\"}]},{\"@type\":\"WebSite\",\"@id\":\"https:\/\/www.healthy-heart.org\/es\/#website\",\"url\":\"https:\/\/www.healthy-heart.org\/es\/\",\"name\":\"Healthy-Heart.org\",\"description\":\"Practical advice for patients and family care givers on the prevention of cardiovascular disease\",\"potentialAction\":[{\"@type\":\"SearchAction\",\"target\":{\"@type\":\"EntryPoint\",\"urlTemplate\":\"https:\/\/www.healthy-heart.org\/es\/?s={search_term_string}\"},\"query-input\":{\"@type\":\"PropertyValueSpecification\",\"valueRequired\":true,\"valueName\":\"search_term_string\"}}],\"inLanguage\":\"ro-RO\"}]}<\/script>\n<!-- \/ Yoast SEO plugin. -->","yoast_head_json":{"title":"Sitemap - Healthy-Heart.org","robots":{"index":"index","follow":"follow","max-snippet":"max-snippet:-1","max-image-preview":"max-image-preview:large","max-video-preview":"max-video-preview:-1"},"canonical":"https:\/\/www.healthy-heart.org\/ro\/sitemap\/","og_locale":"ro_RO","og_type":"article","og_title":"Sitemap - Healthy-Heart.org","og_url":"https:\/\/www.healthy-heart.org\/ro\/sitemap\/","og_site_name":"Healthy-Heart.org","article_modified_time":"2024-01-15T12:25:40+00:00","twitter_card":"summary_large_image","twitter_misc":{"Timp estimat pentru citire":"1 minut"},"schema":{"@context":"https:\/\/schema.org","@graph":[{"@type":"WebPage","@id":"https:\/\/www.healthy-heart.org\/ro\/sitemap\/","url":"https:\/\/www.healthy-heart.org\/ro\/sitemap\/","name":"Sitemap - Healthy-Heart.org","isPartOf":{"@id":"https:\/\/www.healthy-heart.org\/es\/#website"},"datePublished":"2024-01-15T12:15:37+00:00","dateModified":"2024-01-15T12:25:40+00:00","breadcrumb":{"@id":"https:\/\/www.healthy-heart.org\/ro\/sitemap\/#breadcrumb"},"inLanguage":"ro-RO","potentialAction":[{"@type":"ReadAction","target":["https:\/\/www.healthy-heart.org\/ro\/sitemap\/"]}]},{"@type":"BreadcrumbList","@id":"https:\/\/www.healthy-heart.org\/ro\/sitemap\/#breadcrumb","itemListElement":[{"@type":"ListItem","position":1,"name":"Home","item":"https:\/\/www.healthy-heart.org\/ro\/"},{"@type":"ListItem","position":2,"name":"Sitemap"}]},{"@type":"WebSite","@id":"https:\/\/www.healthy-heart.org\/es\/#website","url":"https:\/\/www.healthy-heart.org\/es\/","name":"Healthy-Heart.org","description":"Practical advice for patients and family care givers on the prevention of cardiovascular disease","potentialAction":[{"@type":"SearchAction","target":{"@type":"EntryPoint","urlTemplate":"https:\/\/www.healthy-heart.org\/es\/?s={search_term_string}"},"query-input":{"@type":"PropertyValueSpecification","valueRequired":true,"valueName":"search_term_string"}}],"inLanguage":"ro-RO"}]}},"_links":{"self":[{"href":"https:\/\/www.healthy-heart.org\/ro\/wp-json\/wp\/v2\/pages\/7098","targetHints":{"allow":["GET"]}}],"collection":[{"href":"https:\/\/www.healthy-heart.org\/ro\/wp-json\/wp\/v2\/pages"}],"about":[{"href":"https:\/\/www.healthy-heart.org\/ro\/wp-json\/wp\/v2\/types\/page"}],"author":[{"embeddable":true,"href":"https:\/\/www.healthy-heart.org\/ro\/wp-json\/wp\/v2\/users\/2"}],"replies":[{"embeddable":true,"href":"https:\/\/www.healthy-heart.org\/ro\/wp-json\/wp\/v2\/comments?post=7098"}],"version-history":[{"count":1,"href":"https:\/\/www.healthy-heart.org\/ro\/wp-json\/wp\/v2\/pages\/7098\/revisions"}],"predecessor-version":[{"id":7110,"href":"https:\/\/www.healthy-heart.org\/ro\/wp-json\/wp\/v2\/pages\/7098\/revisions\/7110"}],"wp:attachment":[{"href":"https:\/\/www.healthy-heart.org\/ro\/wp-json\/wp\/v2\/media?parent=7098"}],"wp:term":[{"taxonomy":"category","embeddable":true,"href":"https:\/\/www.healthy-heart.org\/ro\/wp-json\/wp\/v2\/categories?post=7098"},{"taxonomy":"post_tag","embeddable":true,"href":"https:\/\/www.healthy-heart.org\/ro\/wp-json\/wp\/v2\/tags?post=7098"}],"curies":[{"name":"wp","href":"https:\/\/api.w.org\/{rel}","templated":true}]}}