{"id":1854,"date":"2019-10-07T18:02:31","date_gmt":"2019-10-07T17:02:31","guid":{"rendered":"https:\/\/www.healthy-heart.org\/calatoriile-dupa-un-atac-de-cord\/"},"modified":"2024-12-10T12:24:10","modified_gmt":"2024-12-10T12:24:10","slug":"calatoriile-dupa-un-infarct-miocardic","status":"publish","type":"page","link":"https:\/\/www.healthy-heart.org\/ro\/viata-cu-o-boala-de-inima\/calatoriile-dupa-un-infarct-miocardic\/","title":{"rendered":"C\u0103l\u0103toriile dup\u0103 un atac de cord"},"content":{"rendered":"<p><img loading=\"lazy\" decoding=\"async\" class=\"size-medium wp-image-3193 alignright\" src=\"https:\/\/cdn-endpoint-prev.azureedge.net\/healthy-heart\/2019\/10\/Travel-1-350x227.jpg\" alt=\"\" width=\"350\" height=\"227\" srcset=\"https:\/\/cdn-endpoint-prev.azureedge.net\/healthy-heart\/2019\/10\/Travel-1-350x227.jpg 350w, https:\/\/cdn-endpoint-prev.azureedge.net\/healthy-heart\/2019\/10\/Travel-1-1024x665.jpg 1024w, https:\/\/cdn-endpoint-prev.azureedge.net\/healthy-heart\/2019\/10\/Travel-1-676x439.jpg 676w, https:\/\/www.healthy-heart.org\/wp-content\/uploads\/2019\/10\/Travel-1-200x130.jpg 200w, https:\/\/www.healthy-heart.org\/wp-content\/uploads\/2019\/10\/Travel-1-768x499.jpg 768w, https:\/\/www.healthy-heart.org\/wp-content\/uploads\/2019\/10\/Travel-1-1536x998.jpg 1536w, https:\/\/www.healthy-heart.org\/wp-content\/uploads\/2019\/10\/Travel-1-2048x1331.jpg 2048w, https:\/\/www.healthy-heart.org\/wp-content\/uploads\/2019\/10\/Travel-1-700x455.jpg 700w\" sizes=\"auto, (max-width: 350px) 100vw, 350px\" \/><\/p>\n<p>Pute\u021bi c\u0103l\u0103tori cu ma\u0219ina (dac\u0103 sunte\u021bi pasager) sau cu trenul, imediat dup\u0103 externare. Atunci c\u00e2nd c\u0103l\u0103tori\u021bi cu ma\u0219ina, este important s\u0103 nu conduce\u021bi dvs. \u0219i s\u0103 face\u021bi pauze frecvente \u00een timpul c\u0103l\u0103toriilor lungi. Reglement\u0103rile juridice difer\u0103 de la o \u021bar\u0103 la alta. Prin urmare, \u00eenainte s\u0103 pleca\u021bi \u00eentr-o c\u0103l\u0103torie, verifica\u021bi \u00eentotdeauna dac\u0103 legisla\u021bia local\u0103 v\u0103 permite s\u0103 conduce\u021bi c\u00e2nd ave\u021bi anumite afec\u021biuni.<\/p>\n<p>C\u00e2t prive\u0219te c\u0103l\u0103toria cu avionul, condi\u021biile variaz\u0103 \u00een func\u021bie de starea individual\u0103 de s\u0103n\u0103tate. Consulta\u021bi medicul, care v\u0103 va spune dac\u0103 pute\u021bi c\u0103l\u0103tori \u00een siguran\u021b\u0103 cu avionul sau nu. Decizia acestuia va depinde de factori cum ar fi gravitatea atacului dvs. de cord, durata zborului \u0219i dac\u0103 ve\u021bi c\u0103l\u0103tori singur sau \u00eempreun\u0103 cu altcineva. \u00cen general, c\u0103l\u0103toria cu avionul reprezint\u0103 un risc sc\u0103zut dup\u0103 un atac de cord f\u0103r\u0103 complica\u021bii \u0219i mul\u021bi pacien\u021bi primesc permisiunea medical\u0103 s\u0103 mearg\u0103 cu avionul chiar \u0219i dup\u0103 trei zile de la externare. \u00cen cazul celor care au suferit complica\u021bii \u00een timpul atacului de cord, se recomand\u0103 s\u0103 se am\u00e2ne c\u0103l\u0103toria cu avionul p\u00e2n\u0103 la stabilizarea st\u0103rii lor de s\u0103n\u0103tate. Dac\u0103 este necesar s\u0103 c\u0103l\u0103tori\u021bi la dou\u0103 s\u0103pt\u0103m\u00e2ni dup\u0103 ce a\u021bi suferit un atac de cord, medicul dvs. v-ar putea sugera s\u0103 c\u0103l\u0103tori\u021bi \u00eenso\u021bit de personal medical, din cauza riscurilor pe care le reprezint\u0103 nivelurile sc\u0103zute de oxigen din avion. \u00cen plus, \u00eenainte s\u0103 \u00eencepe\u021bi s\u0103 c\u0103l\u0103tori\u021bi este esen\u021bial s\u0103 discuta\u021bi cu compania dvs. de asigur\u0103ri \u0219i cu compania aerian\u0103, deoarece politicile cu privire la transportul aerian al pasagerilor cu afec\u021biuni cronice pot varia semnificativ.<\/p>\n","protected":false},"excerpt":{"rendered":"<p>Pute\u021bi c\u0103l\u0103tori cu ma\u0219ina (dac\u0103 sunte\u021bi pasager) sau cu trenul, imediat dup\u0103 externare. Atunci c\u00e2nd c\u0103l\u0103tori\u021bi cu ma\u0219ina, este important s\u0103 nu conduce\u021bi dvs. \u0219i s\u0103 face\u021bi pauze frecvente \u00een timpul c\u0103l\u0103toriilor lungi. Reglement\u0103rile juridice difer\u0103 de la o \u021bar\u0103 la alta. Prin urmare, \u00eenainte s\u0103 pleca\u021bi \u00eentr-o c\u0103l\u0103torie, verifica\u021bi \u00eentotdeauna dac\u0103 legisla\u021bia local\u0103 v\u0103 [&hellip;]<\/p>\n","protected":false},"author":1,"featured_media":3199,"parent":1864,"menu_order":7,"comment_status":"closed","ping_status":"closed","template":"","meta":{"_acf_changed":false,"footnotes":""},"categories":[62],"tags":[],"class_list":["post-1854","page","type-page","status-publish","has-post-thumbnail","hentry","category-viata-cu-o-boala-de-inima"],"acf":[],"yoast_head":"<!-- This site is optimized with the Yoast SEO plugin v24.0 - https:\/\/yoast.com\/wordpress\/plugins\/seo\/ -->\n<title>C\u0103l\u0103toriile dup\u0103 un atac de cord - Healthy-Heart.org<\/title>\n<meta name=\"description\" content=\"Dup\u0103 un atac de cord, pute\u021bi c\u0103l\u0103tori cu ma\u0219ina sau trenul imediat dup\u0103 externare, dac\u0103 sunte\u021bi pasager \u0219i nu v\u0103 suprasolicita\u021bi.\" \/>\n<meta name=\"robots\" content=\"index, follow, max-snippet:-1, max-image-preview:large, max-video-preview:-1\" \/>\n<link rel=\"canonical\" href=\"https:\/\/www.healthy-heart.org\/ro\/viata-cu-o-boala-de-inima\/calatoriile-dupa-un-infarct-miocardic\/\" \/>\n<meta property=\"og:locale\" content=\"ro_RO\" \/>\n<meta property=\"og:type\" content=\"article\" \/>\n<meta property=\"og:title\" content=\"C\u0103l\u0103toriile dup\u0103 un atac de cord - Healthy-Heart.org\" \/>\n<meta property=\"og:description\" content=\"Dup\u0103 un atac de cord, pute\u021bi c\u0103l\u0103tori cu ma\u0219ina sau trenul imediat dup\u0103 externare, dac\u0103 sunte\u021bi pasager \u0219i nu v\u0103 suprasolicita\u021bi.\" \/>\n<meta property=\"og:url\" content=\"https:\/\/www.healthy-heart.org\/ro\/viata-cu-o-boala-de-inima\/calatoriile-dupa-un-infarct-miocardic\/\" \/>\n<meta property=\"og:site_name\" content=\"Healthy-Heart.org\" \/>\n<meta property=\"article:modified_time\" content=\"2024-12-10T12:24:10+00:00\" \/>\n<meta property=\"og:image\" content=\"https:\/\/www.healthy-heart.org\/wp-content\/uploads\/2019\/10\/Travel-1.jpg\" \/>\n\t<meta property=\"og:image:width\" content=\"3144\" \/>\n\t<meta property=\"og:image:height\" content=\"2043\" \/>\n\t<meta property=\"og:image:type\" content=\"image\/jpeg\" \/>\n<meta name=\"twitter:card\" content=\"summary_large_image\" \/>\n<meta name=\"twitter:label1\" content=\"Timp estimat pentru citire\" \/>\n\t<meta name=\"twitter:data1\" content=\"2 minute\" \/>\n<script type=\"application\/ld+json\" class=\"yoast-schema-graph\">{\"@context\":\"https:\/\/schema.org\",\"@graph\":[{\"@type\":\"WebPage\",\"@id\":\"https:\/\/www.healthy-heart.org\/ro\/viata-cu-o-boala-de-inima\/calatoriile-dupa-un-infarct-miocardic\/\",\"url\":\"https:\/\/www.healthy-heart.org\/ro\/viata-cu-o-boala-de-inima\/calatoriile-dupa-un-infarct-miocardic\/\",\"name\":\"C\u0103l\u0103toriile dup\u0103 un atac de cord - Healthy-Heart.org\",\"isPartOf\":{\"@id\":\"https:\/\/www.healthy-heart.org\/es\/#website\"},\"primaryImageOfPage\":{\"@id\":\"https:\/\/www.healthy-heart.org\/ro\/viata-cu-o-boala-de-inima\/calatoriile-dupa-un-infarct-miocardic\/#primaryimage\"},\"image\":{\"@id\":\"https:\/\/www.healthy-heart.org\/ro\/viata-cu-o-boala-de-inima\/calatoriile-dupa-un-infarct-miocardic\/#primaryimage\"},\"thumbnailUrl\":\"https:\/\/www.healthy-heart.org\/wp-content\/uploads\/2019\/10\/Travel-1.jpg\",\"datePublished\":\"2019-10-07T17:02:31+00:00\",\"dateModified\":\"2024-12-10T12:24:10+00:00\",\"description\":\"Dup\u0103 un atac de cord, pute\u021bi c\u0103l\u0103tori cu ma\u0219ina sau trenul imediat dup\u0103 externare, dac\u0103 sunte\u021bi pasager \u0219i nu v\u0103 suprasolicita\u021bi.\",\"breadcrumb\":{\"@id\":\"https:\/\/www.healthy-heart.org\/ro\/viata-cu-o-boala-de-inima\/calatoriile-dupa-un-infarct-miocardic\/#breadcrumb\"},\"inLanguage\":\"ro-RO\",\"potentialAction\":[{\"@type\":\"ReadAction\",\"target\":[\"https:\/\/www.healthy-heart.org\/ro\/viata-cu-o-boala-de-inima\/calatoriile-dupa-un-infarct-miocardic\/\"]}]},{\"@type\":\"ImageObject\",\"inLanguage\":\"ro-RO\",\"@id\":\"https:\/\/www.healthy-heart.org\/ro\/viata-cu-o-boala-de-inima\/calatoriile-dupa-un-infarct-miocardic\/#primaryimage\",\"url\":\"https:\/\/www.healthy-heart.org\/wp-content\/uploads\/2019\/10\/Travel-1.jpg\",\"contentUrl\":\"https:\/\/www.healthy-heart.org\/wp-content\/uploads\/2019\/10\/Travel-1.jpg\",\"width\":3144,\"height\":2043},{\"@type\":\"BreadcrumbList\",\"@id\":\"https:\/\/www.healthy-heart.org\/ro\/viata-cu-o-boala-de-inima\/calatoriile-dupa-un-infarct-miocardic\/#breadcrumb\",\"itemListElement\":[{\"@type\":\"ListItem\",\"position\":1,\"name\":\"Home\",\"item\":\"https:\/\/www.healthy-heart.org\/ro\/\"},{\"@type\":\"ListItem\",\"position\":2,\"name\":\"Via\u021ba cu o boal\u0103 de inim\u0103\",\"item\":\"https:\/\/www.healthy-heart.org\/ro\/viata-cu-o-boala-de-inima\/\"},{\"@type\":\"ListItem\",\"position\":3,\"name\":\"C\u0103l\u0103toriile dup\u0103 un atac de cord\"}]},{\"@type\":\"WebSite\",\"@id\":\"https:\/\/www.healthy-heart.org\/es\/#website\",\"url\":\"https:\/\/www.healthy-heart.org\/es\/\",\"name\":\"Healthy-Heart.org\",\"description\":\"Practical advice for patients and family care givers on the prevention of cardiovascular disease\",\"potentialAction\":[{\"@type\":\"SearchAction\",\"target\":{\"@type\":\"EntryPoint\",\"urlTemplate\":\"https:\/\/www.healthy-heart.org\/es\/?s={search_term_string}\"},\"query-input\":{\"@type\":\"PropertyValueSpecification\",\"valueRequired\":true,\"valueName\":\"search_term_string\"}}],\"inLanguage\":\"ro-RO\"}]}<\/script>\n<!-- \/ Yoast SEO plugin. -->","yoast_head_json":{"title":"C\u0103l\u0103toriile dup\u0103 un atac de cord - Healthy-Heart.org","description":"Dup\u0103 un atac de cord, pute\u021bi c\u0103l\u0103tori cu ma\u0219ina sau trenul imediat dup\u0103 externare, dac\u0103 sunte\u021bi pasager \u0219i nu v\u0103 suprasolicita\u021bi.","robots":{"index":"index","follow":"follow","max-snippet":"max-snippet:-1","max-image-preview":"max-image-preview:large","max-video-preview":"max-video-preview:-1"},"canonical":"https:\/\/www.healthy-heart.org\/ro\/viata-cu-o-boala-de-inima\/calatoriile-dupa-un-infarct-miocardic\/","og_locale":"ro_RO","og_type":"article","og_title":"C\u0103l\u0103toriile dup\u0103 un atac de cord - Healthy-Heart.org","og_description":"Dup\u0103 un atac de cord, pute\u021bi c\u0103l\u0103tori cu ma\u0219ina sau trenul imediat dup\u0103 externare, dac\u0103 sunte\u021bi pasager \u0219i nu v\u0103 suprasolicita\u021bi.","og_url":"https:\/\/www.healthy-heart.org\/ro\/viata-cu-o-boala-de-inima\/calatoriile-dupa-un-infarct-miocardic\/","og_site_name":"Healthy-Heart.org","article_modified_time":"2024-12-10T12:24:10+00:00","og_image":[{"width":3144,"height":2043,"url":"https:\/\/www.healthy-heart.org\/wp-content\/uploads\/2019\/10\/Travel-1.jpg","type":"image\/jpeg"}],"twitter_card":"summary_large_image","twitter_misc":{"Timp estimat pentru citire":"2 minute"},"schema":{"@context":"https:\/\/schema.org","@graph":[{"@type":"WebPage","@id":"https:\/\/www.healthy-heart.org\/ro\/viata-cu-o-boala-de-inima\/calatoriile-dupa-un-infarct-miocardic\/","url":"https:\/\/www.healthy-heart.org\/ro\/viata-cu-o-boala-de-inima\/calatoriile-dupa-un-infarct-miocardic\/","name":"C\u0103l\u0103toriile dup\u0103 un atac de cord - Healthy-Heart.org","isPartOf":{"@id":"https:\/\/www.healthy-heart.org\/es\/#website"},"primaryImageOfPage":{"@id":"https:\/\/www.healthy-heart.org\/ro\/viata-cu-o-boala-de-inima\/calatoriile-dupa-un-infarct-miocardic\/#primaryimage"},"image":{"@id":"https:\/\/www.healthy-heart.org\/ro\/viata-cu-o-boala-de-inima\/calatoriile-dupa-un-infarct-miocardic\/#primaryimage"},"thumbnailUrl":"https:\/\/www.healthy-heart.org\/wp-content\/uploads\/2019\/10\/Travel-1.jpg","datePublished":"2019-10-07T17:02:31+00:00","dateModified":"2024-12-10T12:24:10+00:00","description":"Dup\u0103 un atac de cord, pute\u021bi c\u0103l\u0103tori cu ma\u0219ina sau trenul imediat dup\u0103 externare, dac\u0103 sunte\u021bi pasager \u0219i nu v\u0103 suprasolicita\u021bi.","breadcrumb":{"@id":"https:\/\/www.healthy-heart.org\/ro\/viata-cu-o-boala-de-inima\/calatoriile-dupa-un-infarct-miocardic\/#breadcrumb"},"inLanguage":"ro-RO","potentialAction":[{"@type":"ReadAction","target":["https:\/\/www.healthy-heart.org\/ro\/viata-cu-o-boala-de-inima\/calatoriile-dupa-un-infarct-miocardic\/"]}]},{"@type":"ImageObject","inLanguage":"ro-RO","@id":"https:\/\/www.healthy-heart.org\/ro\/viata-cu-o-boala-de-inima\/calatoriile-dupa-un-infarct-miocardic\/#primaryimage","url":"https:\/\/www.healthy-heart.org\/wp-content\/uploads\/2019\/10\/Travel-1.jpg","contentUrl":"https:\/\/www.healthy-heart.org\/wp-content\/uploads\/2019\/10\/Travel-1.jpg","width":3144,"height":2043},{"@type":"BreadcrumbList","@id":"https:\/\/www.healthy-heart.org\/ro\/viata-cu-o-boala-de-inima\/calatoriile-dupa-un-infarct-miocardic\/#breadcrumb","itemListElement":[{"@type":"ListItem","position":1,"name":"Home","item":"https:\/\/www.healthy-heart.org\/ro\/"},{"@type":"ListItem","position":2,"name":"Via\u021ba cu o boal\u0103 de inim\u0103","item":"https:\/\/www.healthy-heart.org\/ro\/viata-cu-o-boala-de-inima\/"},{"@type":"ListItem","position":3,"name":"C\u0103l\u0103toriile dup\u0103 un atac de cord"}]},{"@type":"WebSite","@id":"https:\/\/www.healthy-heart.org\/es\/#website","url":"https:\/\/www.healthy-heart.org\/es\/","name":"Healthy-Heart.org","description":"Practical advice for patients and family care givers on the prevention of cardiovascular disease","potentialAction":[{"@type":"SearchAction","target":{"@type":"EntryPoint","urlTemplate":"https:\/\/www.healthy-heart.org\/es\/?s={search_term_string}"},"query-input":{"@type":"PropertyValueSpecification","valueRequired":true,"valueName":"search_term_string"}}],"inLanguage":"ro-RO"}]}},"_links":{"self":[{"href":"https:\/\/www.healthy-heart.org\/ro\/wp-json\/wp\/v2\/pages\/1854","targetHints":{"allow":["GET"]}}],"collection":[{"href":"https:\/\/www.healthy-heart.org\/ro\/wp-json\/wp\/v2\/pages"}],"about":[{"href":"https:\/\/www.healthy-heart.org\/ro\/wp-json\/wp\/v2\/types\/page"}],"author":[{"embeddable":true,"href":"https:\/\/www.healthy-heart.org\/ro\/wp-json\/wp\/v2\/users\/1"}],"replies":[{"embeddable":true,"href":"https:\/\/www.healthy-heart.org\/ro\/wp-json\/wp\/v2\/comments?post=1854"}],"version-history":[{"count":7,"href":"https:\/\/www.healthy-heart.org\/ro\/wp-json\/wp\/v2\/pages\/1854\/revisions"}],"predecessor-version":[{"id":7423,"href":"https:\/\/www.healthy-heart.org\/ro\/wp-json\/wp\/v2\/pages\/1854\/revisions\/7423"}],"up":[{"embeddable":true,"href":"https:\/\/www.healthy-heart.org\/ro\/wp-json\/wp\/v2\/pages\/1864"}],"wp:featuredmedia":[{"embeddable":true,"href":"https:\/\/www.healthy-heart.org\/ro\/wp-json\/wp\/v2\/media\/3199"}],"wp:attachment":[{"href":"https:\/\/www.healthy-heart.org\/ro\/wp-json\/wp\/v2\/media?parent=1854"}],"wp:term":[{"taxonomy":"category","embeddable":true,"href":"https:\/\/www.healthy-heart.org\/ro\/wp-json\/wp\/v2\/categories?post=1854"},{"taxonomy":"post_tag","embeddable":true,"href":"https:\/\/www.healthy-heart.org\/ro\/wp-json\/wp\/v2\/tags?post=1854"}],"curies":[{"name":"wp","href":"https:\/\/api.w.org\/{rel}","templated":true}]}}