{"id":1834,"date":"2019-10-07T18:01:28","date_gmt":"2019-10-07T17:01:28","guid":{"rendered":"https:\/\/www.healthy-heart.org\/termeni-de-utilizare\/"},"modified":"2020-03-24T10:14:50","modified_gmt":"2020-03-24T10:14:50","slug":"termeni-de-utilizare","status":"publish","type":"page","link":"https:\/\/www.healthy-heart.org\/ro\/termeni-de-utilizare\/","title":{"rendered":"Termeni de utilizare"},"content":{"rendered":"<h2>Misiunea acestui site:<\/h2>\n<ul>\n<li>Furnizarea de informa\u021bii corecte \u0219i sfaturi practice privind bolile cardiovasculare \u0219i modalit\u0103\u021bile de prevenire a acestora.<\/li>\n<li>\u00cembun\u0103t\u0103\u021birea cuno\u0219tin\u021belor despre bolile cardiovasculare \u0219i promovarea beneficiilor unui stil de via\u021b\u0103 s\u0103n\u0103tos.<\/li>\n<\/ul>\n<p>Toate recomand\u0103rile de pe acest site sunt \u00een conformitate cu Ghidurile europene (<a href=\"https:\/\/www.escardio.org\/Guidelines\/Clinical-Practice-Guidelines\/CVD-Prevention-in-clinical-practice-European-Guidelines-on\">consulta\u021bi Ghidul European de Preven\u021bie a BCV \u00een practica clinic\u0103 aici<\/a>).<\/p>\n<h3>1.Condi\u021bii de utilizare<\/h3>\n<p>Site-ul web healthy-heart.org a fost dezvoltat sub conducerea Asocia\u021biei Europene de Cardiologie Preventiv\u0103 (EAPC), \u00een colaborare cu Asocia\u021bia de \u00cengrijire Cardiovascular\u0103 Acut\u0103 (ACVC) \u0219i Consiliul pentru Asisten\u021b\u0103 Cardiovascular\u0103 \u0219i Profesii \u00cenrudite (ACNAP), care sunt ramuri ale Societ\u0103\u021bii Europene de Cardiologie (ESC). Accesul la acest site web \u0219i utilizarea acestuia sunt asigurate de ESC, sub rezerva urm\u0103toarelor condi\u021bii de utilizare:<\/p>\n<ol>\n<li>Utilizarea a acestui site web constituie acceptarea de c\u0103tre dvs. a acestor termeni de utilizare de la data primei utiliz\u0103ri a site-ului.<\/li>\n<li>ESC \u00ee\u0219i rezerv\u0103 dreptul de a modifica ace\u0219ti termeni de utilizare \u00een orice moment prin postarea de modific\u0103ri online. Utilizarea \u00een continuare a acestui site web dup\u0103 postarea modific\u0103rilor constituie acceptarea acestui acord, dup\u0103 cum a fost modificat.<\/li>\n<li>Sunte\u021bi de acord s\u0103 utiliza\u021bi acest site numai \u00een scopuri legale \u0219i \u00eentr-o manier\u0103 care s\u0103 nu \u00eencalce drepturile sau s\u0103 restric\u021bioneze, \u0219i s\u0103 nu \u00eempiedice utilizarea site-ului de c\u0103tre orice ter\u021b\u0103 parte.<\/li>\n<\/ol>\n<h3>2. Declinarea responsabilit\u0103\u021bii<\/h3>\n<ol>\n<li>\u00cen nicio situa\u021bie ESC nu va fi r\u0103spunz\u0103toare fa\u021b\u0103 de utilizatori sau fa\u021b\u0103 de oricine altcineva pentru vreo decizie luat\u0103 sau ac\u021biune realizat\u0103 \u00een baza informa\u021biilor con\u021binute sau furnizate prin utilizarea acestui site \u0219i nici pentru orice daune incidentale, indirecte, speciale sau conexe.<\/li>\n<li>Informa\u021biile con\u021binute pe acest site web sunt destinate s\u0103 completeze asiten\u021ba \u0219i \u00eengrijirea oferite de profesioni\u0219ti medicali califica\u021bi. Acest site nu este destinat sau sugerat a fi un substitut pentru sfaturi medicale profesionale sau \u00eengrijire medical\u0103. \u00cenainte de a \u00eencepe (sau de a \u00eentrerupe) orice form\u0103 de tratament medical, solicita\u021bi \u00eentotdeauna sfatul unui profesionist din domeniul medical. \u00cen acest scop, toate informa\u021biile con\u021binute \u00een site-ul web sunt furnizate exclusiv \u00een scopuri educa\u021bionale.<\/li>\n<li>\u00cen timp ce ESC a luat toate m\u0103surile de precau\u021bie la alc\u0103tuirea acestui site web, nu poate cerceta toate informa\u021biile pentru a determina veridicitatea, acurate\u021bea, fiabilitatea, exhaustivitatea sau relevan\u021ba acestora. ESC nu va fi \u00een niciun caz r\u0103spunz\u0103toare pentru niciun fel de daune, inclusiv, dar f\u0103r\u0103 a se limita la, daune indirecte sau conexe sau orice daune sau pierderi de profit care decurg din utilizarea sau \u00een leg\u0103tur\u0103 cu o astfel de utilizare sau \u00eentrerupere a utiliz\u0103rii site-ului, indiferent dac\u0103 este vorba de contract sau de neglijen\u021b\u0103.<\/li>\n<li>\u00cen niciun caz, ESC sau orice personal afiliat sau colaboratori ai site-ului web nu vor fi r\u0103spunz\u0103tori fa\u021b\u0103 de dvs., \u00een calitate de vizitator al site-ului sau fa\u021b\u0103 de orice alte persoane sau organisme, pentru orice decizie luat\u0103 sau ac\u021bionat\u0103 ca urmare a \u00eencrederii \u00een informa\u021biile con\u021binute pe site-ul web. Sunte\u021bi de acord c\u0103 nici ESC, nici personalul afiliat sau colaboratorii site-ului web nu vor fi responsabili pentru niciun fel de daune (inclusiv, dar f\u0103r\u0103 a se limita la daune directe, indirecte, incidentale, speciale sau conexe) sau pierderi de date sau pierderi de profit, chiar dac\u0103 ESC sau orice personal afiliat sau colaboratori ai site-ului web a fost informat cu privire la posibilitatea unei astfel de pierderi.<\/li>\n<li>ESC nu garanteaz\u0103 c\u0103 func\u021biile tehnice con\u021binute \u00een materialul con\u021binut \u00een acest site web vor fi ne\u00eentrerupte sau f\u0103r\u0103 erori, c\u0103 defectele vor fi corectate sau c\u0103 acest site web sau serverul care \u00eel pune la dispozi\u021bie nu con\u021bin viru\u0219i sau bug-uri sau reprezint\u0103 func\u021bionalitatea, acurate\u021bea \u0219i fiabilitatea complet\u0103 a materialelor.<\/li>\n<\/ol>\n<h3>3. Restric\u021bii privind drepturile de autor<\/h3>\n<ol>\n<li>Site-ul web healthy-heart.org este de\u021binut de Societatea European\u0103 de Cardiologie (ESC). Utilizarea comercial\u0103 sau publicarea tuturor sau a oric\u0103rui element afi\u0219at este strict interzis\u0103 f\u0103r\u0103 autorizarea prealabil\u0103 scris\u0103 din partea ESC.<br \/>\nDocumentele de pe acest site web pot fi copiate pentru uz personal, necomercial, numai cu condi\u021bia ca drepturile de autor \u0219i indicarea sursei s\u0103 fie, de asemenea, copiate, s\u0103 nu se fac\u0103 modific\u0103ri \u0219i documentul s\u0103 fie copiat \u00een \u00eentregime. Cu toate acestea, unele documente \u0219i fotografii au fost publicate pe acest site web cu permisiunea celor ce de\u021bin drepturile de autor (care nu sunt ESC). Toate drepturile sunt rezervate asupra acestor documente iar permisiunea de copiere a acestora trebuie solicitat\u0103 de la de\u021bin\u0103torii drepturilor de autor (sursele sunt indicate \u00een aceste documente\/fotografii).<\/li>\n<li>Orice utilizare neaprobat\u0103 poate duce la luarea de m\u0103suri de c\u0103tre ESC pentru a solicita eliminarea afi\u0219ajului\/distribu\u021biei materialelor \u00een cauz\u0103 \u0219i posibile ac\u021biuni \u00een justi\u021bie.<\/li>\n<li>Site-ul web con\u021bine linkuri c\u0103tre site-uri web operate de alte p\u0103r\u021bi dec\u00e2t ESC. Astfel de linkuri sunt furnizate numai pentru confortul utilizatorului. ESC nu controleaz\u0103 aceste site-uri \u0219i nu este responsabil\u0103 pentru con\u021binutul lor. Includerea de c\u0103tre ESC a linkurilor c\u0103tre astfel de site-uri web nu implic\u0103 nicio aprobare a materialelor de pe aceste site-uri web sau orice asociere cu operatorii acestora. Utilizatorul este singurul responsabil pentru evaluarea acurate\u021bei \u0219i exhaustivit\u0103\u021bii oric\u0103ror informa\u021bii con\u021binute pe site-urile web ale ter\u021bilor, precum \u0219i a valorii \u0219i integrit\u0103\u021bii oric\u0103ror bunuri \u0219i servicii oferite de astfel de site-uri web.<br \/>\n\u00cen cazul \u00een care ace\u0219ti Termeni de utilizare nu sunt accepta\u021bi \u00een totalitate, utilizarea acestui site trebuie s\u0103 \u00eenceteze imediat.<\/li>\n<li>Protec\u021bia datelor<\/li>\n<\/ol>\n<p>Informa\u021biile utilizatorului pot fi colectate atunci c\u00e2nd utilizeaz\u0103 site-urile web. Pentru mai multe informa\u021bii, v\u0103 rug\u0103m s\u0103 consulta\u021bi <a href=\"https:\/\/www.healthy-heart.org\/privacy-policy\/\">Politica noastr\u0103 privind confiden\u021bialitatea<\/a>.<\/p>\n<p>Data ultimei actualiz\u0103ri: iulie 2019<\/p>\n","protected":false},"excerpt":{"rendered":"<p>Misiunea acestui site: Furnizarea de informa\u021bii corecte \u0219i sfaturi practice privind bolile cardiovasculare \u0219i modalit\u0103\u021bile de prevenire a acestora. \u00cembun\u0103t\u0103\u021birea cuno\u0219tin\u021belor despre bolile cardiovasculare \u0219i promovarea beneficiilor unui stil de via\u021b\u0103 s\u0103n\u0103tos. Toate recomand\u0103rile de pe acest site sunt \u00een conformitate cu Ghidurile europene (consulta\u021bi Ghidul European de Preven\u021bie a BCV \u00een practica clinic\u0103 aici). [&hellip;]<\/p>\n","protected":false},"author":1,"featured_media":1579,"parent":0,"menu_order":0,"comment_status":"closed","ping_status":"closed","template":"templates\/full.php","meta":{"_acf_changed":false,"footnotes":""},"categories":[],"tags":[],"class_list":["post-1834","page","type-page","status-publish","has-post-thumbnail","hentry"],"acf":[],"yoast_head":"<!-- This site is optimized with the Yoast SEO plugin v24.0 - https:\/\/yoast.com\/wordpress\/plugins\/seo\/ -->\n<title>Termeni de utilizare - Healthy-Heart.org<\/title>\n<meta name=\"description\" content=\"Toate recomand\u0103rile de pe acest site sunt \u00een conformitate cu Ghidurile europene.\" \/>\n<meta name=\"robots\" content=\"index, follow, max-snippet:-1, max-image-preview:large, max-video-preview:-1\" \/>\n<link rel=\"canonical\" href=\"https:\/\/www.healthy-heart.org\/ro\/termeni-de-utilizare\/\" \/>\n<meta property=\"og:locale\" content=\"ro_RO\" \/>\n<meta property=\"og:type\" content=\"article\" \/>\n<meta property=\"og:title\" content=\"Termeni de utilizare - Healthy-Heart.org\" \/>\n<meta property=\"og:description\" content=\"Toate recomand\u0103rile de pe acest site sunt \u00een conformitate cu Ghidurile europene.\" \/>\n<meta property=\"og:url\" content=\"https:\/\/www.healthy-heart.org\/ro\/termeni-de-utilizare\/\" \/>\n<meta property=\"og:site_name\" content=\"Healthy-Heart.org\" \/>\n<meta property=\"article:modified_time\" content=\"2020-03-24T10:14:50+00:00\" \/>\n<meta property=\"og:image\" content=\"https:\/\/www.healthy-heart.org\/wp-content\/uploads\/2019\/07\/primary.jpg\" \/>\n\t<meta property=\"og:image:width\" content=\"700\" \/>\n\t<meta property=\"og:image:height\" content=\"466\" \/>\n\t<meta property=\"og:image:type\" content=\"image\/jpeg\" \/>\n<meta name=\"twitter:card\" content=\"summary_large_image\" \/>\n<meta name=\"twitter:label1\" content=\"Timp estimat pentru citire\" \/>\n\t<meta name=\"twitter:data1\" content=\"5 minute\" \/>\n<script type=\"application\/ld+json\" class=\"yoast-schema-graph\">{\"@context\":\"https:\/\/schema.org\",\"@graph\":[{\"@type\":\"WebPage\",\"@id\":\"https:\/\/www.healthy-heart.org\/ro\/termeni-de-utilizare\/\",\"url\":\"https:\/\/www.healthy-heart.org\/ro\/termeni-de-utilizare\/\",\"name\":\"Termeni de utilizare - Healthy-Heart.org\",\"isPartOf\":{\"@id\":\"https:\/\/www.healthy-heart.org\/es\/#website\"},\"primaryImageOfPage\":{\"@id\":\"https:\/\/www.healthy-heart.org\/ro\/termeni-de-utilizare\/#primaryimage\"},\"image\":{\"@id\":\"https:\/\/www.healthy-heart.org\/ro\/termeni-de-utilizare\/#primaryimage\"},\"thumbnailUrl\":\"https:\/\/www.healthy-heart.org\/wp-content\/uploads\/2019\/07\/primary.jpg\",\"datePublished\":\"2019-10-07T17:01:28+00:00\",\"dateModified\":\"2020-03-24T10:14:50+00:00\",\"description\":\"Toate recomand\u0103rile de pe acest site sunt \u00een conformitate cu Ghidurile europene.\",\"breadcrumb\":{\"@id\":\"https:\/\/www.healthy-heart.org\/ro\/termeni-de-utilizare\/#breadcrumb\"},\"inLanguage\":\"ro-RO\",\"potentialAction\":[{\"@type\":\"ReadAction\",\"target\":[\"https:\/\/www.healthy-heart.org\/ro\/termeni-de-utilizare\/\"]}]},{\"@type\":\"ImageObject\",\"inLanguage\":\"ro-RO\",\"@id\":\"https:\/\/www.healthy-heart.org\/ro\/termeni-de-utilizare\/#primaryimage\",\"url\":\"https:\/\/www.healthy-heart.org\/wp-content\/uploads\/2019\/07\/primary.jpg\",\"contentUrl\":\"https:\/\/www.healthy-heart.org\/wp-content\/uploads\/2019\/07\/primary.jpg\",\"width\":700,\"height\":466},{\"@type\":\"BreadcrumbList\",\"@id\":\"https:\/\/www.healthy-heart.org\/ro\/termeni-de-utilizare\/#breadcrumb\",\"itemListElement\":[{\"@type\":\"ListItem\",\"position\":1,\"name\":\"Home\",\"item\":\"https:\/\/www.healthy-heart.org\/ro\/\"},{\"@type\":\"ListItem\",\"position\":2,\"name\":\"Termeni de utilizare\"}]},{\"@type\":\"WebSite\",\"@id\":\"https:\/\/www.healthy-heart.org\/es\/#website\",\"url\":\"https:\/\/www.healthy-heart.org\/es\/\",\"name\":\"Healthy-Heart.org\",\"description\":\"Practical advice for patients and family care givers on the prevention of cardiovascular disease\",\"potentialAction\":[{\"@type\":\"SearchAction\",\"target\":{\"@type\":\"EntryPoint\",\"urlTemplate\":\"https:\/\/www.healthy-heart.org\/es\/?s={search_term_string}\"},\"query-input\":{\"@type\":\"PropertyValueSpecification\",\"valueRequired\":true,\"valueName\":\"search_term_string\"}}],\"inLanguage\":\"ro-RO\"}]}<\/script>\n<!-- \/ Yoast SEO plugin. -->","yoast_head_json":{"title":"Termeni de utilizare - Healthy-Heart.org","description":"Toate recomand\u0103rile de pe acest site sunt \u00een conformitate cu Ghidurile europene.","robots":{"index":"index","follow":"follow","max-snippet":"max-snippet:-1","max-image-preview":"max-image-preview:large","max-video-preview":"max-video-preview:-1"},"canonical":"https:\/\/www.healthy-heart.org\/ro\/termeni-de-utilizare\/","og_locale":"ro_RO","og_type":"article","og_title":"Termeni de utilizare - Healthy-Heart.org","og_description":"Toate recomand\u0103rile de pe acest site sunt \u00een conformitate cu Ghidurile europene.","og_url":"https:\/\/www.healthy-heart.org\/ro\/termeni-de-utilizare\/","og_site_name":"Healthy-Heart.org","article_modified_time":"2020-03-24T10:14:50+00:00","og_image":[{"width":700,"height":466,"url":"https:\/\/www.healthy-heart.org\/wp-content\/uploads\/2019\/07\/primary.jpg","type":"image\/jpeg"}],"twitter_card":"summary_large_image","twitter_misc":{"Timp estimat pentru citire":"5 minute"},"schema":{"@context":"https:\/\/schema.org","@graph":[{"@type":"WebPage","@id":"https:\/\/www.healthy-heart.org\/ro\/termeni-de-utilizare\/","url":"https:\/\/www.healthy-heart.org\/ro\/termeni-de-utilizare\/","name":"Termeni de utilizare - Healthy-Heart.org","isPartOf":{"@id":"https:\/\/www.healthy-heart.org\/es\/#website"},"primaryImageOfPage":{"@id":"https:\/\/www.healthy-heart.org\/ro\/termeni-de-utilizare\/#primaryimage"},"image":{"@id":"https:\/\/www.healthy-heart.org\/ro\/termeni-de-utilizare\/#primaryimage"},"thumbnailUrl":"https:\/\/www.healthy-heart.org\/wp-content\/uploads\/2019\/07\/primary.jpg","datePublished":"2019-10-07T17:01:28+00:00","dateModified":"2020-03-24T10:14:50+00:00","description":"Toate recomand\u0103rile de pe acest site sunt \u00een conformitate cu Ghidurile europene.","breadcrumb":{"@id":"https:\/\/www.healthy-heart.org\/ro\/termeni-de-utilizare\/#breadcrumb"},"inLanguage":"ro-RO","potentialAction":[{"@type":"ReadAction","target":["https:\/\/www.healthy-heart.org\/ro\/termeni-de-utilizare\/"]}]},{"@type":"ImageObject","inLanguage":"ro-RO","@id":"https:\/\/www.healthy-heart.org\/ro\/termeni-de-utilizare\/#primaryimage","url":"https:\/\/www.healthy-heart.org\/wp-content\/uploads\/2019\/07\/primary.jpg","contentUrl":"https:\/\/www.healthy-heart.org\/wp-content\/uploads\/2019\/07\/primary.jpg","width":700,"height":466},{"@type":"BreadcrumbList","@id":"https:\/\/www.healthy-heart.org\/ro\/termeni-de-utilizare\/#breadcrumb","itemListElement":[{"@type":"ListItem","position":1,"name":"Home","item":"https:\/\/www.healthy-heart.org\/ro\/"},{"@type":"ListItem","position":2,"name":"Termeni de utilizare"}]},{"@type":"WebSite","@id":"https:\/\/www.healthy-heart.org\/es\/#website","url":"https:\/\/www.healthy-heart.org\/es\/","name":"Healthy-Heart.org","description":"Practical advice for patients and family care givers on the prevention of cardiovascular disease","potentialAction":[{"@type":"SearchAction","target":{"@type":"EntryPoint","urlTemplate":"https:\/\/www.healthy-heart.org\/es\/?s={search_term_string}"},"query-input":{"@type":"PropertyValueSpecification","valueRequired":true,"valueName":"search_term_string"}}],"inLanguage":"ro-RO"}]}},"_links":{"self":[{"href":"https:\/\/www.healthy-heart.org\/ro\/wp-json\/wp\/v2\/pages\/1834","targetHints":{"allow":["GET"]}}],"collection":[{"href":"https:\/\/www.healthy-heart.org\/ro\/wp-json\/wp\/v2\/pages"}],"about":[{"href":"https:\/\/www.healthy-heart.org\/ro\/wp-json\/wp\/v2\/types\/page"}],"author":[{"embeddable":true,"href":"https:\/\/www.healthy-heart.org\/ro\/wp-json\/wp\/v2\/users\/1"}],"replies":[{"embeddable":true,"href":"https:\/\/www.healthy-heart.org\/ro\/wp-json\/wp\/v2\/comments?post=1834"}],"version-history":[{"count":1,"href":"https:\/\/www.healthy-heart.org\/ro\/wp-json\/wp\/v2\/pages\/1834\/revisions"}],"predecessor-version":[{"id":4349,"href":"https:\/\/www.healthy-heart.org\/ro\/wp-json\/wp\/v2\/pages\/1834\/revisions\/4349"}],"wp:featuredmedia":[{"embeddable":true,"href":"https:\/\/www.healthy-heart.org\/ro\/wp-json\/wp\/v2\/media\/1579"}],"wp:attachment":[{"href":"https:\/\/www.healthy-heart.org\/ro\/wp-json\/wp\/v2\/media?parent=1834"}],"wp:term":[{"taxonomy":"category","embeddable":true,"href":"https:\/\/www.healthy-heart.org\/ro\/wp-json\/wp\/v2\/categories?post=1834"},{"taxonomy":"post_tag","embeddable":true,"href":"https:\/\/www.healthy-heart.org\/ro\/wp-json\/wp\/v2\/tags?post=1834"}],"curies":[{"name":"wp","href":"https:\/\/api.w.org\/{rel}","templated":true}]}}