{"id":1824,"date":"2019-10-07T17:59:32","date_gmt":"2019-10-07T16:59:32","guid":{"rendered":"https:\/\/www.healthy-heart.org\/sprijin-financiar\/"},"modified":"2024-02-27T16:13:25","modified_gmt":"2024-02-27T16:13:25","slug":"sprijin-financiar","status":"publish","type":"page","link":"https:\/\/www.healthy-heart.org\/ro\/sprijin-financiar\/","title":{"rendered":"Sprijin financiar"},"content":{"rendered":"<p>Activitatea healthy-heart.org este finan\u021bat\u0103 printr-un grant educa\u021bional oferit de Daiichi Sankyo Europe GmbH. Informa\u021biile furnizate nu au fost influen\u021bate \u00een niciun fel de sponsori.<\/p>\n<p>&nbsp;<\/p>\n<div align=\"center\"><img loading=\"lazy\" decoding=\"async\" class=\"wp-image-7135 aligncenter\" src=\"https:\/\/cdn-endpoint-prev.azureedge.net\/healthy-heart\/2024\/02\/Daiichi-Sankyo-350x344.jpg\" alt=\"\" width=\"217\" height=\"213\" srcset=\"https:\/\/www.healthy-heart.org\/wp-content\/uploads\/2024\/02\/Daiichi-Sankyo-350x344.jpg 350w, https:\/\/www.healthy-heart.org\/wp-content\/uploads\/2024\/02\/Daiichi-Sankyo-200x196.jpg 200w, https:\/\/www.healthy-heart.org\/wp-content\/uploads\/2024\/02\/Daiichi-Sankyo-768x754.jpg 768w, https:\/\/www.healthy-heart.org\/wp-content\/uploads\/2024\/02\/Daiichi-Sankyo-1024x1005.jpg 1024w, https:\/\/www.healthy-heart.org\/wp-content\/uploads\/2024\/02\/Daiichi-Sankyo-447x439.jpg 447w, https:\/\/www.healthy-heart.org\/wp-content\/uploads\/2024\/02\/Daiichi-Sankyo-473x464.jpg 473w, https:\/\/cdn-endpoint-prev.azureedge.net\/healthy-heart\/2024\/02\/Daiichi-Sankyo.jpg 1204w\" sizes=\"auto, (max-width: 217px) 100vw, 217px\" \/><\/div>\n<p>&nbsp;<\/p>\n<p>Acest site web a fost creat de Societatea European\u0103 de Cardiologie ca parte a Programului ESC de Prevenire a BCV (2019-2020), condus de Asocia\u021bia European\u0103 de Cardiologie Preventiv\u0103 (EAPC), \u00een colaborare cu Asocia\u021bia pentru \u00cengrijire Cardiovascular\u0103 Acut\u0103 (ACVC) \u0219i Asocia\u021bia pentru Asisten\u021b\u0103 Cardiovascular\u0103 \u0219i Profesii \u00cenrudite (ACNAP).<\/p>\n<h3>Traduceri sponsorizate<\/h3>\n<p>Traducerea \u00een limba ceh\u0103 a fost sponsorizat\u0103 de Societatea de Cardiologie din Cehia.<\/p>\n","protected":false},"excerpt":{"rendered":"<p>Activitatea healthy-heart.org este finan\u021bat\u0103 printr-un grant educa\u021bional oferit de Daiichi Sankyo Europe GmbH. Informa\u021biile furnizate nu au fost influen\u021bate \u00een niciun fel de sponsori. &nbsp; &nbsp; Acest site web a fost creat de Societatea European\u0103 de Cardiologie ca parte a Programului ESC de Prevenire a BCV (2019-2020), condus de Asocia\u021bia European\u0103 de Cardiologie Preventiv\u0103 (EAPC), [&hellip;]<\/p>\n","protected":false},"author":1,"featured_media":1803,"parent":0,"menu_order":0,"comment_status":"closed","ping_status":"closed","template":"templates\/full.php","meta":{"_acf_changed":false,"footnotes":""},"categories":[],"tags":[],"class_list":["post-1824","page","type-page","status-publish","has-post-thumbnail","hentry"],"acf":[],"yoast_head":"<!-- This site is optimized with the Yoast SEO plugin v24.0 - https:\/\/yoast.com\/wordpress\/plugins\/seo\/ -->\n<title>Sprijin financiar - Healthy-Heart.org<\/title>\n<meta name=\"description\" content=\"Programul ESC de prevenire a bolilor cardiovasculare este sus\u021binut de AMGEN, AstraZeneca, Ferrer \u0219i Sanofi \u0219i Regeneron sub form\u0103 de granturi educa\u021bionale.\" \/>\n<meta name=\"robots\" content=\"index, follow, max-snippet:-1, max-image-preview:large, max-video-preview:-1\" \/>\n<link rel=\"canonical\" href=\"https:\/\/www.healthy-heart.org\/ro\/sprijin-financiar\/\" \/>\n<meta property=\"og:locale\" content=\"ro_RO\" \/>\n<meta property=\"og:type\" content=\"article\" \/>\n<meta property=\"og:title\" content=\"Sprijin financiar - Healthy-Heart.org\" \/>\n<meta property=\"og:description\" content=\"Programul ESC de prevenire a bolilor cardiovasculare este sus\u021binut de AMGEN, AstraZeneca, Ferrer \u0219i Sanofi \u0219i Regeneron sub form\u0103 de granturi educa\u021bionale.\" \/>\n<meta property=\"og:url\" content=\"https:\/\/www.healthy-heart.org\/ro\/sprijin-financiar\/\" \/>\n<meta property=\"og:site_name\" content=\"Healthy-Heart.org\" \/>\n<meta property=\"article:modified_time\" content=\"2024-02-27T16:13:25+00:00\" \/>\n<meta property=\"og:image\" content=\"https:\/\/www.healthy-heart.org\/wp-content\/uploads\/2019\/07\/iStock-948844784-1024x683.jpg\" \/>\n\t<meta property=\"og:image:width\" content=\"1024\" \/>\n\t<meta property=\"og:image:height\" content=\"683\" \/>\n\t<meta property=\"og:image:type\" content=\"image\/jpeg\" \/>\n<meta name=\"twitter:card\" content=\"summary_large_image\" \/>\n<script type=\"application\/ld+json\" class=\"yoast-schema-graph\">{\"@context\":\"https:\/\/schema.org\",\"@graph\":[{\"@type\":\"WebPage\",\"@id\":\"https:\/\/www.healthy-heart.org\/ro\/sprijin-financiar\/\",\"url\":\"https:\/\/www.healthy-heart.org\/ro\/sprijin-financiar\/\",\"name\":\"Sprijin financiar - Healthy-Heart.org\",\"isPartOf\":{\"@id\":\"https:\/\/www.healthy-heart.org\/es\/#website\"},\"primaryImageOfPage\":{\"@id\":\"https:\/\/www.healthy-heart.org\/ro\/sprijin-financiar\/#primaryimage\"},\"image\":{\"@id\":\"https:\/\/www.healthy-heart.org\/ro\/sprijin-financiar\/#primaryimage\"},\"thumbnailUrl\":\"https:\/\/www.healthy-heart.org\/wp-content\/uploads\/2019\/07\/iStock-948844784.jpg\",\"datePublished\":\"2019-10-07T16:59:32+00:00\",\"dateModified\":\"2024-02-27T16:13:25+00:00\",\"description\":\"Programul ESC de prevenire a bolilor cardiovasculare este sus\u021binut de AMGEN, AstraZeneca, Ferrer \u0219i Sanofi \u0219i Regeneron sub form\u0103 de granturi educa\u021bionale.\",\"breadcrumb\":{\"@id\":\"https:\/\/www.healthy-heart.org\/ro\/sprijin-financiar\/#breadcrumb\"},\"inLanguage\":\"ro-RO\",\"potentialAction\":[{\"@type\":\"ReadAction\",\"target\":[\"https:\/\/www.healthy-heart.org\/ro\/sprijin-financiar\/\"]}]},{\"@type\":\"ImageObject\",\"inLanguage\":\"ro-RO\",\"@id\":\"https:\/\/www.healthy-heart.org\/ro\/sprijin-financiar\/#primaryimage\",\"url\":\"https:\/\/www.healthy-heart.org\/wp-content\/uploads\/2019\/07\/iStock-948844784.jpg\",\"contentUrl\":\"https:\/\/www.healthy-heart.org\/wp-content\/uploads\/2019\/07\/iStock-948844784.jpg\",\"width\":7360,\"height\":4912},{\"@type\":\"BreadcrumbList\",\"@id\":\"https:\/\/www.healthy-heart.org\/ro\/sprijin-financiar\/#breadcrumb\",\"itemListElement\":[{\"@type\":\"ListItem\",\"position\":1,\"name\":\"Home\",\"item\":\"https:\/\/www.healthy-heart.org\/ro\/\"},{\"@type\":\"ListItem\",\"position\":2,\"name\":\"Sprijin financiar\"}]},{\"@type\":\"WebSite\",\"@id\":\"https:\/\/www.healthy-heart.org\/es\/#website\",\"url\":\"https:\/\/www.healthy-heart.org\/es\/\",\"name\":\"Healthy-Heart.org\",\"description\":\"Practical advice for patients and family care givers on the prevention of cardiovascular disease\",\"potentialAction\":[{\"@type\":\"SearchAction\",\"target\":{\"@type\":\"EntryPoint\",\"urlTemplate\":\"https:\/\/www.healthy-heart.org\/es\/?s={search_term_string}\"},\"query-input\":{\"@type\":\"PropertyValueSpecification\",\"valueRequired\":true,\"valueName\":\"search_term_string\"}}],\"inLanguage\":\"ro-RO\"}]}<\/script>\n<!-- \/ Yoast SEO plugin. -->","yoast_head_json":{"title":"Sprijin financiar - Healthy-Heart.org","description":"Programul ESC de prevenire a bolilor cardiovasculare este sus\u021binut de AMGEN, AstraZeneca, Ferrer \u0219i Sanofi \u0219i Regeneron sub form\u0103 de granturi educa\u021bionale.","robots":{"index":"index","follow":"follow","max-snippet":"max-snippet:-1","max-image-preview":"max-image-preview:large","max-video-preview":"max-video-preview:-1"},"canonical":"https:\/\/www.healthy-heart.org\/ro\/sprijin-financiar\/","og_locale":"ro_RO","og_type":"article","og_title":"Sprijin financiar - Healthy-Heart.org","og_description":"Programul ESC de prevenire a bolilor cardiovasculare este sus\u021binut de AMGEN, AstraZeneca, Ferrer \u0219i Sanofi \u0219i Regeneron sub form\u0103 de granturi educa\u021bionale.","og_url":"https:\/\/www.healthy-heart.org\/ro\/sprijin-financiar\/","og_site_name":"Healthy-Heart.org","article_modified_time":"2024-02-27T16:13:25+00:00","og_image":[{"width":1024,"height":683,"url":"https:\/\/www.healthy-heart.org\/wp-content\/uploads\/2019\/07\/iStock-948844784-1024x683.jpg","type":"image\/jpeg"}],"twitter_card":"summary_large_image","schema":{"@context":"https:\/\/schema.org","@graph":[{"@type":"WebPage","@id":"https:\/\/www.healthy-heart.org\/ro\/sprijin-financiar\/","url":"https:\/\/www.healthy-heart.org\/ro\/sprijin-financiar\/","name":"Sprijin financiar - Healthy-Heart.org","isPartOf":{"@id":"https:\/\/www.healthy-heart.org\/es\/#website"},"primaryImageOfPage":{"@id":"https:\/\/www.healthy-heart.org\/ro\/sprijin-financiar\/#primaryimage"},"image":{"@id":"https:\/\/www.healthy-heart.org\/ro\/sprijin-financiar\/#primaryimage"},"thumbnailUrl":"https:\/\/www.healthy-heart.org\/wp-content\/uploads\/2019\/07\/iStock-948844784.jpg","datePublished":"2019-10-07T16:59:32+00:00","dateModified":"2024-02-27T16:13:25+00:00","description":"Programul ESC de prevenire a bolilor cardiovasculare este sus\u021binut de AMGEN, AstraZeneca, Ferrer \u0219i Sanofi \u0219i Regeneron sub form\u0103 de granturi educa\u021bionale.","breadcrumb":{"@id":"https:\/\/www.healthy-heart.org\/ro\/sprijin-financiar\/#breadcrumb"},"inLanguage":"ro-RO","potentialAction":[{"@type":"ReadAction","target":["https:\/\/www.healthy-heart.org\/ro\/sprijin-financiar\/"]}]},{"@type":"ImageObject","inLanguage":"ro-RO","@id":"https:\/\/www.healthy-heart.org\/ro\/sprijin-financiar\/#primaryimage","url":"https:\/\/www.healthy-heart.org\/wp-content\/uploads\/2019\/07\/iStock-948844784.jpg","contentUrl":"https:\/\/www.healthy-heart.org\/wp-content\/uploads\/2019\/07\/iStock-948844784.jpg","width":7360,"height":4912},{"@type":"BreadcrumbList","@id":"https:\/\/www.healthy-heart.org\/ro\/sprijin-financiar\/#breadcrumb","itemListElement":[{"@type":"ListItem","position":1,"name":"Home","item":"https:\/\/www.healthy-heart.org\/ro\/"},{"@type":"ListItem","position":2,"name":"Sprijin financiar"}]},{"@type":"WebSite","@id":"https:\/\/www.healthy-heart.org\/es\/#website","url":"https:\/\/www.healthy-heart.org\/es\/","name":"Healthy-Heart.org","description":"Practical advice for patients and family care givers on the prevention of cardiovascular disease","potentialAction":[{"@type":"SearchAction","target":{"@type":"EntryPoint","urlTemplate":"https:\/\/www.healthy-heart.org\/es\/?s={search_term_string}"},"query-input":{"@type":"PropertyValueSpecification","valueRequired":true,"valueName":"search_term_string"}}],"inLanguage":"ro-RO"}]}},"_links":{"self":[{"href":"https:\/\/www.healthy-heart.org\/ro\/wp-json\/wp\/v2\/pages\/1824","targetHints":{"allow":["GET"]}}],"collection":[{"href":"https:\/\/www.healthy-heart.org\/ro\/wp-json\/wp\/v2\/pages"}],"about":[{"href":"https:\/\/www.healthy-heart.org\/ro\/wp-json\/wp\/v2\/types\/page"}],"author":[{"embeddable":true,"href":"https:\/\/www.healthy-heart.org\/ro\/wp-json\/wp\/v2\/users\/1"}],"replies":[{"embeddable":true,"href":"https:\/\/www.healthy-heart.org\/ro\/wp-json\/wp\/v2\/comments?post=1824"}],"version-history":[{"count":2,"href":"https:\/\/www.healthy-heart.org\/ro\/wp-json\/wp\/v2\/pages\/1824\/revisions"}],"predecessor-version":[{"id":7208,"href":"https:\/\/www.healthy-heart.org\/ro\/wp-json\/wp\/v2\/pages\/1824\/revisions\/7208"}],"wp:featuredmedia":[{"embeddable":true,"href":"https:\/\/www.healthy-heart.org\/ro\/wp-json\/wp\/v2\/media\/1803"}],"wp:attachment":[{"href":"https:\/\/www.healthy-heart.org\/ro\/wp-json\/wp\/v2\/media?parent=1824"}],"wp:term":[{"taxonomy":"category","embeddable":true,"href":"https:\/\/www.healthy-heart.org\/ro\/wp-json\/wp\/v2\/categories?post=1824"},{"taxonomy":"post_tag","embeddable":true,"href":"https:\/\/www.healthy-heart.org\/ro\/wp-json\/wp\/v2\/tags?post=1824"}],"curies":[{"name":"wp","href":"https:\/\/api.w.org\/{rel}","templated":true}]}}