{"id":1819,"date":"2019-10-07T17:59:14","date_gmt":"2019-10-07T16:59:14","guid":{"rendered":"https:\/\/www.healthy-heart.org\/estimarea-riscului-remanent-dupa-un-infarct-miocardic\/"},"modified":"2019-10-22T13:16:06","modified_gmt":"2019-10-22T12:16:06","slug":"estimarea-riscului-remanent-dupa-un-infarct-miocardic","status":"publish","type":"page","link":"https:\/\/www.healthy-heart.org\/ro\/viata-cu-o-boala-de-inima\/estimarea-riscului-remanent-dupa-un-infarct-miocardic\/","title":{"rendered":"Estimarea riscului remanent dup\u0103 un infarct miocardic"},"content":{"rendered":"<p><img loading=\"lazy\" decoding=\"async\" class=\"alignright size-medium wp-image-609\" src=\"https:\/\/www.healthy-heart.org\/wp-content\/uploads\/2019\/07\/iStock-639627574-350x233.jpg\" alt=\"\" width=\"350\" height=\"233\" srcset=\"https:\/\/www.healthy-heart.org\/wp-content\/uploads\/2019\/07\/iStock-639627574-350x233.jpg 350w, https:\/\/cdn-endpoint-prev.azureedge.net\/healthy-heart\/2019\/07\/iStock-639627574-2048x1365.jpg 2048w, https:\/\/cdn-endpoint-prev.azureedge.net\/healthy-heart\/2019\/07\/iStock-639627574-659x439.jpg 659w, https:\/\/www.healthy-heart.org\/wp-content\/uploads\/2019\/07\/iStock-639627574-200x133.jpg 200w, https:\/\/www.healthy-heart.org\/wp-content\/uploads\/2019\/07\/iStock-639627574-768x512.jpg 768w, https:\/\/www.healthy-heart.org\/wp-content\/uploads\/2019\/07\/iStock-639627574-1024x683.jpg 1024w, https:\/\/www.healthy-heart.org\/wp-content\/uploads\/2019\/07\/iStock-639627574-1536x1024.jpg 1536w, https:\/\/www.healthy-heart.org\/wp-content\/uploads\/2019\/07\/iStock-639627574-696x464.jpg 696w\" sizes=\"auto, (max-width: 350px) 100vw, 350px\" \/>Acest risc variaz\u0103 \u00een func\u021bie de o serie de factori (<a href=\"https:\/\/www.healthy-heart.org\/living-with-heart-disease\/risk-factors-for-a-second-heart-attack\/\">a se vedea \u201efactori de risc pentru un al doilea infarct\u201d<\/a>). Aceasta \u00eenseamn\u0103 c\u0103 \u0219ansa unui al doilea infarct miocardic \u00een urm\u0103torii zece ani poate varia \u00eentre 10% sau \u201e1 din 10\u201d \u0219i peste 50% sau \u201e1 din 2\u201d.<\/p>\n<p>Pentru a ilustra acest lucru, imagina\u021bi-v\u0103 c\u0103 exist\u0103 dou\u0103 grupuri de c\u00e2te 100 de persoane care au suferit un infarct miocardic. \u00centr-un grup, zece dintre ei sufer\u0103 un al doilea infarct miocardic \u00een urm\u0103torii zece ani. \u00cens\u0103, \u00een al doilea grup, 50 dintre ei sufer\u0103 un al doilea eveniment coronarian. Dac\u0103 a\u021bi putea afla cu ce grup v\u0103 asem\u0103na\u021bi, v-ar ajuta s\u0103 discuta\u021bi cu medicul dvs. pentru a vedea dac\u0103 tratamentul dvs. trebuie s\u0103 fie mai intensiv.<\/p>\n<p><a href=\"https:\/\/www.escardio.org\/Education\/ESC-Prevention-of-CVD-Programme\/Risk-assessment\/SMART-Risk-Score\">Scorul de risc SMART<\/a> combin\u0103 ace\u0219ti factori de risc importan\u021bi \u00eentr-o singur\u0103 estimare a riscului dvs. de a face un al doilea infarct miocardic sau o afec\u021biune asociat\u0103 \u00een urm\u0103torii zece ani. Este conceput pentru a fi utilizat de orice persoan\u0103 care a suferit anterior un infarct miocardic (sau care a avut probleme asociate, cum ar fi angina pectoral\u0103, accident vascular cerebral, \u201eatac ischemic tranzitoriu\u201d, anevrism, probleme cu vasele de s\u00e2nge de la nivelul picioarelor sau orice combina\u021bie a acestora). Este u\u0219or de utilizat, iar factorii sunt u\u0219or de m\u0103surat. Este important s\u0103 ob\u021bine\u021bi un punctaj c\u00e2t mai exact prin completarea tuturor c\u00e2mpurilor calculatorului \u0219i este posibil s\u0103 fie necesar s\u0103 cere\u021bi medicului dvs. s\u0103 furnizeze informa\u021biile necesare. Cu toate acestea, dac\u0103 nu ave\u021bi toate informa\u021biile la \u00eendem\u00e2n\u0103, pute\u021bi utiliza scorul \u201emediu\u201d ca ghid p\u00e2n\u0103 c\u00e2nd primi\u021bi toate informa\u021biile. Acesta poate fi cazul rezultatelor testelor de s\u00e2nge, cum ar fi rezultatele colesterolului cu protein\u0103 C reactiv\u0103 de \u00eenalt\u0103 sensibilitate (hsCRP) sau cu lipoproteine de \u00eenalt\u0103 densitate (HDL). Este \u00eentotdeauna important s\u0103 discuta\u021bi cu medicul dvs. despre cele mai bune op\u021biuni de tratament.<\/p>\n","protected":false},"excerpt":{"rendered":"<p>Acest risc variaz\u0103 \u00een func\u021bie de o serie de factori (a se vedea \u201efactori de risc pentru un al doilea infarct\u201d). Aceasta \u00eenseamn\u0103 c\u0103 \u0219ansa unui al doilea infarct miocardic \u00een urm\u0103torii zece ani poate varia \u00eentre 10% sau \u201e1 din 10\u201d \u0219i peste 50% sau \u201e1 din 2\u201d. Pentru a ilustra acest lucru, imagina\u021bi-v\u0103 [&hellip;]<\/p>\n","protected":false},"author":1,"featured_media":616,"parent":1864,"menu_order":11,"comment_status":"closed","ping_status":"closed","template":"","meta":{"_acf_changed":false,"footnotes":""},"categories":[62],"tags":[],"class_list":["post-1819","page","type-page","status-publish","has-post-thumbnail","hentry","category-viata-cu-o-boala-de-inima"],"acf":[],"yoast_head":"<!-- This site is optimized with the Yoast SEO plugin v24.0 - https:\/\/yoast.com\/wordpress\/plugins\/seo\/ -->\n<title>Risc remanent dup\u0103 atacul de cord - Healthy-Heart.org<\/title>\n<meta name=\"description\" content=\"Scorul de risc SMART estimeaz\u0103 riscul unui al doilea infarct miocardic sau al unei boli asociate cu acesta, \u00een urm\u0103torii zece ani.\" \/>\n<meta name=\"robots\" content=\"index, follow, max-snippet:-1, max-image-preview:large, max-video-preview:-1\" \/>\n<link rel=\"canonical\" href=\"https:\/\/www.healthy-heart.org\/ro\/viata-cu-o-boala-de-inima\/estimarea-riscului-remanent-dupa-un-infarct-miocardic\/\" \/>\n<meta property=\"og:locale\" content=\"ro_RO\" \/>\n<meta property=\"og:type\" content=\"article\" \/>\n<meta property=\"og:title\" content=\"Risc remanent dup\u0103 atacul de cord - Healthy-Heart.org\" \/>\n<meta property=\"og:description\" content=\"Scorul de risc SMART estimeaz\u0103 riscul unui al doilea infarct miocardic sau al unei boli asociate cu acesta, \u00een urm\u0103torii zece ani.\" \/>\n<meta property=\"og:url\" content=\"https:\/\/www.healthy-heart.org\/ro\/viata-cu-o-boala-de-inima\/estimarea-riscului-remanent-dupa-un-infarct-miocardic\/\" \/>\n<meta property=\"og:site_name\" content=\"Healthy-Heart.org\" \/>\n<meta property=\"article:modified_time\" content=\"2019-10-22T12:16:06+00:00\" \/>\n<meta property=\"og:image\" content=\"https:\/\/www.healthy-heart.org\/wp-content\/uploads\/2019\/07\/iStock-639627574-1024x683.jpg\" \/>\n\t<meta property=\"og:image:width\" content=\"1024\" \/>\n\t<meta property=\"og:image:height\" content=\"683\" \/>\n\t<meta property=\"og:image:type\" content=\"image\/jpeg\" \/>\n<meta name=\"twitter:card\" content=\"summary_large_image\" \/>\n<meta name=\"twitter:label1\" content=\"Timp estimat pentru citire\" \/>\n\t<meta name=\"twitter:data1\" content=\"2 minute\" \/>\n<script type=\"application\/ld+json\" class=\"yoast-schema-graph\">{\"@context\":\"https:\/\/schema.org\",\"@graph\":[{\"@type\":\"WebPage\",\"@id\":\"https:\/\/www.healthy-heart.org\/ro\/viata-cu-o-boala-de-inima\/estimarea-riscului-remanent-dupa-un-infarct-miocardic\/\",\"url\":\"https:\/\/www.healthy-heart.org\/ro\/viata-cu-o-boala-de-inima\/estimarea-riscului-remanent-dupa-un-infarct-miocardic\/\",\"name\":\"Risc remanent dup\u0103 atacul de cord - Healthy-Heart.org\",\"isPartOf\":{\"@id\":\"https:\/\/www.healthy-heart.org\/es\/#website\"},\"primaryImageOfPage\":{\"@id\":\"https:\/\/www.healthy-heart.org\/ro\/viata-cu-o-boala-de-inima\/estimarea-riscului-remanent-dupa-un-infarct-miocardic\/#primaryimage\"},\"image\":{\"@id\":\"https:\/\/www.healthy-heart.org\/ro\/viata-cu-o-boala-de-inima\/estimarea-riscului-remanent-dupa-un-infarct-miocardic\/#primaryimage\"},\"thumbnailUrl\":\"https:\/\/www.healthy-heart.org\/wp-content\/uploads\/2019\/07\/iStock-639627574.jpg\",\"datePublished\":\"2019-10-07T16:59:14+00:00\",\"dateModified\":\"2019-10-22T12:16:06+00:00\",\"description\":\"Scorul de risc SMART estimeaz\u0103 riscul unui al doilea infarct miocardic sau al unei boli asociate cu acesta, \u00een urm\u0103torii zece ani.\",\"breadcrumb\":{\"@id\":\"https:\/\/www.healthy-heart.org\/ro\/viata-cu-o-boala-de-inima\/estimarea-riscului-remanent-dupa-un-infarct-miocardic\/#breadcrumb\"},\"inLanguage\":\"ro-RO\",\"potentialAction\":[{\"@type\":\"ReadAction\",\"target\":[\"https:\/\/www.healthy-heart.org\/ro\/viata-cu-o-boala-de-inima\/estimarea-riscului-remanent-dupa-un-infarct-miocardic\/\"]}]},{\"@type\":\"ImageObject\",\"inLanguage\":\"ro-RO\",\"@id\":\"https:\/\/www.healthy-heart.org\/ro\/viata-cu-o-boala-de-inima\/estimarea-riscului-remanent-dupa-un-infarct-miocardic\/#primaryimage\",\"url\":\"https:\/\/www.healthy-heart.org\/wp-content\/uploads\/2019\/07\/iStock-639627574.jpg\",\"contentUrl\":\"https:\/\/www.healthy-heart.org\/wp-content\/uploads\/2019\/07\/iStock-639627574.jpg\",\"width\":5336,\"height\":3557,\"caption\":\"A doctor is talking to a patient about her condition at her appointment.\"},{\"@type\":\"BreadcrumbList\",\"@id\":\"https:\/\/www.healthy-heart.org\/ro\/viata-cu-o-boala-de-inima\/estimarea-riscului-remanent-dupa-un-infarct-miocardic\/#breadcrumb\",\"itemListElement\":[{\"@type\":\"ListItem\",\"position\":1,\"name\":\"Home\",\"item\":\"https:\/\/www.healthy-heart.org\/ro\/\"},{\"@type\":\"ListItem\",\"position\":2,\"name\":\"Via\u021ba cu o boal\u0103 de inim\u0103\",\"item\":\"https:\/\/www.healthy-heart.org\/ro\/viata-cu-o-boala-de-inima\/\"},{\"@type\":\"ListItem\",\"position\":3,\"name\":\"Estimarea riscului remanent dup\u0103 un infarct miocardic\"}]},{\"@type\":\"WebSite\",\"@id\":\"https:\/\/www.healthy-heart.org\/es\/#website\",\"url\":\"https:\/\/www.healthy-heart.org\/es\/\",\"name\":\"Healthy-Heart.org\",\"description\":\"Practical advice for patients and family care givers on the prevention of cardiovascular disease\",\"potentialAction\":[{\"@type\":\"SearchAction\",\"target\":{\"@type\":\"EntryPoint\",\"urlTemplate\":\"https:\/\/www.healthy-heart.org\/es\/?s={search_term_string}\"},\"query-input\":{\"@type\":\"PropertyValueSpecification\",\"valueRequired\":true,\"valueName\":\"search_term_string\"}}],\"inLanguage\":\"ro-RO\"}]}<\/script>\n<!-- \/ Yoast SEO plugin. -->","yoast_head_json":{"title":"Risc remanent dup\u0103 atacul de cord - Healthy-Heart.org","description":"Scorul de risc SMART estimeaz\u0103 riscul unui al doilea infarct miocardic sau al unei boli asociate cu acesta, \u00een urm\u0103torii zece ani.","robots":{"index":"index","follow":"follow","max-snippet":"max-snippet:-1","max-image-preview":"max-image-preview:large","max-video-preview":"max-video-preview:-1"},"canonical":"https:\/\/www.healthy-heart.org\/ro\/viata-cu-o-boala-de-inima\/estimarea-riscului-remanent-dupa-un-infarct-miocardic\/","og_locale":"ro_RO","og_type":"article","og_title":"Risc remanent dup\u0103 atacul de cord - Healthy-Heart.org","og_description":"Scorul de risc SMART estimeaz\u0103 riscul unui al doilea infarct miocardic sau al unei boli asociate cu acesta, \u00een urm\u0103torii zece ani.","og_url":"https:\/\/www.healthy-heart.org\/ro\/viata-cu-o-boala-de-inima\/estimarea-riscului-remanent-dupa-un-infarct-miocardic\/","og_site_name":"Healthy-Heart.org","article_modified_time":"2019-10-22T12:16:06+00:00","og_image":[{"width":1024,"height":683,"url":"https:\/\/www.healthy-heart.org\/wp-content\/uploads\/2019\/07\/iStock-639627574-1024x683.jpg","type":"image\/jpeg"}],"twitter_card":"summary_large_image","twitter_misc":{"Timp estimat pentru citire":"2 minute"},"schema":{"@context":"https:\/\/schema.org","@graph":[{"@type":"WebPage","@id":"https:\/\/www.healthy-heart.org\/ro\/viata-cu-o-boala-de-inima\/estimarea-riscului-remanent-dupa-un-infarct-miocardic\/","url":"https:\/\/www.healthy-heart.org\/ro\/viata-cu-o-boala-de-inima\/estimarea-riscului-remanent-dupa-un-infarct-miocardic\/","name":"Risc remanent dup\u0103 atacul de cord - Healthy-Heart.org","isPartOf":{"@id":"https:\/\/www.healthy-heart.org\/es\/#website"},"primaryImageOfPage":{"@id":"https:\/\/www.healthy-heart.org\/ro\/viata-cu-o-boala-de-inima\/estimarea-riscului-remanent-dupa-un-infarct-miocardic\/#primaryimage"},"image":{"@id":"https:\/\/www.healthy-heart.org\/ro\/viata-cu-o-boala-de-inima\/estimarea-riscului-remanent-dupa-un-infarct-miocardic\/#primaryimage"},"thumbnailUrl":"https:\/\/www.healthy-heart.org\/wp-content\/uploads\/2019\/07\/iStock-639627574.jpg","datePublished":"2019-10-07T16:59:14+00:00","dateModified":"2019-10-22T12:16:06+00:00","description":"Scorul de risc SMART estimeaz\u0103 riscul unui al doilea infarct miocardic sau al unei boli asociate cu acesta, \u00een urm\u0103torii zece ani.","breadcrumb":{"@id":"https:\/\/www.healthy-heart.org\/ro\/viata-cu-o-boala-de-inima\/estimarea-riscului-remanent-dupa-un-infarct-miocardic\/#breadcrumb"},"inLanguage":"ro-RO","potentialAction":[{"@type":"ReadAction","target":["https:\/\/www.healthy-heart.org\/ro\/viata-cu-o-boala-de-inima\/estimarea-riscului-remanent-dupa-un-infarct-miocardic\/"]}]},{"@type":"ImageObject","inLanguage":"ro-RO","@id":"https:\/\/www.healthy-heart.org\/ro\/viata-cu-o-boala-de-inima\/estimarea-riscului-remanent-dupa-un-infarct-miocardic\/#primaryimage","url":"https:\/\/www.healthy-heart.org\/wp-content\/uploads\/2019\/07\/iStock-639627574.jpg","contentUrl":"https:\/\/www.healthy-heart.org\/wp-content\/uploads\/2019\/07\/iStock-639627574.jpg","width":5336,"height":3557,"caption":"A doctor is talking to a patient about her condition at her appointment."},{"@type":"BreadcrumbList","@id":"https:\/\/www.healthy-heart.org\/ro\/viata-cu-o-boala-de-inima\/estimarea-riscului-remanent-dupa-un-infarct-miocardic\/#breadcrumb","itemListElement":[{"@type":"ListItem","position":1,"name":"Home","item":"https:\/\/www.healthy-heart.org\/ro\/"},{"@type":"ListItem","position":2,"name":"Via\u021ba cu o boal\u0103 de inim\u0103","item":"https:\/\/www.healthy-heart.org\/ro\/viata-cu-o-boala-de-inima\/"},{"@type":"ListItem","position":3,"name":"Estimarea riscului remanent dup\u0103 un infarct miocardic"}]},{"@type":"WebSite","@id":"https:\/\/www.healthy-heart.org\/es\/#website","url":"https:\/\/www.healthy-heart.org\/es\/","name":"Healthy-Heart.org","description":"Practical advice for patients and family care givers on the prevention of cardiovascular disease","potentialAction":[{"@type":"SearchAction","target":{"@type":"EntryPoint","urlTemplate":"https:\/\/www.healthy-heart.org\/es\/?s={search_term_string}"},"query-input":{"@type":"PropertyValueSpecification","valueRequired":true,"valueName":"search_term_string"}}],"inLanguage":"ro-RO"}]}},"_links":{"self":[{"href":"https:\/\/www.healthy-heart.org\/ro\/wp-json\/wp\/v2\/pages\/1819","targetHints":{"allow":["GET"]}}],"collection":[{"href":"https:\/\/www.healthy-heart.org\/ro\/wp-json\/wp\/v2\/pages"}],"about":[{"href":"https:\/\/www.healthy-heart.org\/ro\/wp-json\/wp\/v2\/types\/page"}],"author":[{"embeddable":true,"href":"https:\/\/www.healthy-heart.org\/ro\/wp-json\/wp\/v2\/users\/1"}],"replies":[{"embeddable":true,"href":"https:\/\/www.healthy-heart.org\/ro\/wp-json\/wp\/v2\/comments?post=1819"}],"version-history":[{"count":2,"href":"https:\/\/www.healthy-heart.org\/ro\/wp-json\/wp\/v2\/pages\/1819\/revisions"}],"predecessor-version":[{"id":3449,"href":"https:\/\/www.healthy-heart.org\/ro\/wp-json\/wp\/v2\/pages\/1819\/revisions\/3449"}],"up":[{"embeddable":true,"href":"https:\/\/www.healthy-heart.org\/ro\/wp-json\/wp\/v2\/pages\/1864"}],"wp:featuredmedia":[{"embeddable":true,"href":"https:\/\/www.healthy-heart.org\/ro\/wp-json\/wp\/v2\/media\/616"}],"wp:attachment":[{"href":"https:\/\/www.healthy-heart.org\/ro\/wp-json\/wp\/v2\/media?parent=1819"}],"wp:term":[{"taxonomy":"category","embeddable":true,"href":"https:\/\/www.healthy-heart.org\/ro\/wp-json\/wp\/v2\/categories?post=1819"},{"taxonomy":"post_tag","embeddable":true,"href":"https:\/\/www.healthy-heart.org\/ro\/wp-json\/wp\/v2\/tags?post=1819"}],"curies":[{"name":"wp","href":"https:\/\/api.w.org\/{rel}","templated":true}]}}