{"id":1814,"date":"2019-10-07T17:59:03","date_gmt":"2019-10-07T16:59:03","guid":{"rendered":"https:\/\/www.healthy-heart.org\/sexul-si-bolile-cardiace\/"},"modified":"2020-05-12T16:11:41","modified_gmt":"2020-05-12T15:11:41","slug":"sexul-si-bolile-cardiace","status":"publish","type":"page","link":"https:\/\/www.healthy-heart.org\/ro\/viata-cu-o-boala-de-inima\/sexul-si-bolile-cardiace\/","title":{"rendered":"Sexul \u0219i bolile cardiace"},"content":{"rendered":"<p><img loading=\"lazy\" decoding=\"async\" class=\"alignright size-medium wp-image-586\" src=\"https:\/\/cdn-endpoint-prev.azureedge.net\/healthy-heart\/2019\/07\/iStock-874866632-350x233.jpg\" alt=\"\" width=\"350\" height=\"233\" srcset=\"https:\/\/www.healthy-heart.org\/wp-content\/uploads\/2019\/07\/iStock-874866632-350x233.jpg 350w, https:\/\/cdn-endpoint-prev.azureedge.net\/healthy-heart\/2019\/07\/iStock-874866632-2048x1365.jpg 2048w, https:\/\/cdn-endpoint-prev.azureedge.net\/healthy-heart\/2019\/07\/iStock-874866632-659x439.jpg 659w, https:\/\/www.healthy-heart.org\/wp-content\/uploads\/2019\/07\/iStock-874866632-200x133.jpg 200w, https:\/\/www.healthy-heart.org\/wp-content\/uploads\/2019\/07\/iStock-874866632-768x512.jpg 768w, https:\/\/www.healthy-heart.org\/wp-content\/uploads\/2019\/07\/iStock-874866632-1024x683.jpg 1024w, https:\/\/www.healthy-heart.org\/wp-content\/uploads\/2019\/07\/iStock-874866632-1536x1024.jpg 1536w, https:\/\/www.healthy-heart.org\/wp-content\/uploads\/2019\/07\/iStock-874866632-696x464.jpg 696w\" sizes=\"auto, (max-width: 350px) 100vw, 350px\" \/><a href=\"https:\/\/www.healthy-heart.org\/ro\/inima-dvs\/ce-este-o-boala-de-inima\/\">Boala cardiac\u0103<\/a> este, de obicei, un eveniment major pentru dvs. \u0219i pentru partenerul dvs. Unii oameni resimt schimb\u0103ri \u00een ceea ce prive\u0219te sexualitatea sau sentimentul de intimitate. Cuplurilor le este uneori dificil s\u0103 vorbeasc\u0103 despre intimitate \u0219i sexualitate. Medicul dvs. sau personalul de asisten\u021b\u0103 medical\u0103 specializat\u0103 pot <a href=\"https:\/\/www.healthy-heart.org\/ro\/viata-cu-o-boala-de-inima\/ce-intrebari-ar-trebui-sa-ii-pun-medicului-meu-cardiolog\/\">r\u0103spunde la \u00eentreb\u0103ri<\/a> \u0219i discuta problemele pe care le ave\u021bi.<\/p>\n<p>Mul\u021bi oameni se \u00eentreab\u0103 dac\u0103 mai pot face sex \u0219i dac\u0103 inima va face fa\u021b\u0103 efortului sporit care \u00eenso\u021be\u0219te performan\u021ba sexual\u0103. Activitatea sexual\u0103 duce la cre\u0219teri u\u0219oare ale frecven\u021bei cardiace \u0219i <a href=\"https:\/\/www.healthy-heart.org\/ro\/pastrati-va-inima-sanatoasa\/tensiunea-arteriala\/\">tensiunii arteriale<\/a>. Dar, \u00een general, este sigur s\u0103 relua\u021bi activitatea sexual\u0103 la o s\u0103pt\u0103m\u00e2n\u0103 dup\u0103 un infarct miocardic necomplicat sau o procedur\u0103 cardiac\u0103 necomplicat\u0103, cum ar fi inser\u021bia unui stent, sau la opt s\u0103pt\u0103m\u00e2ni dup\u0103 o interven\u021bie chirurgical\u0103 cardiac\u0103. <a href=\"https:\/\/www.healthy-heart.org\/ro\/viata-cu-o-boala-de-inima\/ameliorarea-starii-inimii\/\">Reabilitarea cardiac\u0103<\/a> \u0219i <a href=\"https:\/\/www.healthy-heart.org\/ro\/pastrati-va-inima-sanatoasa\/activitatea-fizica\/\">activitatea fizic\u0103 regulat\u0103<\/a> pot reduce riscul de complica\u021bii legate de activitatea sexual\u0103.<\/p>\n<p>Regula de baz\u0103 este c\u0103, dac\u0103 pute\u021bi urca dou\u0103 etaje sau pute\u021bi face o plimbare vioaie f\u0103r\u0103 simptome (de exemplu, dureri \u00een piept sau dificult\u0103\u021bi de respira\u021bie), pute\u021bi face sex \u00een condi\u021bii de siguran\u021b\u0103. Este important s\u0103 v\u0103 respecta\u021bi ritmul de recuperare \u0219i, dac\u0103 ave\u021bi simptome, s\u0103 discuta\u021bi cu medicul dvs. Unele persoane utilizeaz\u0103 nitroglicerin\u0103 pentru a preveni sau trata simptomele.<\/p>\n<p>Exist\u0103 medicamente care ajut\u0103 la \u00eembun\u0103t\u0103\u021birea performan\u021bei sexuale, cum ar fi sildenafilul, vardenafilul \u0219i tadalafilul. Administrarea oric\u0103ruia dintre aceste medicamente \u00een timpul utiliz\u0103rii nitra\u021bilor este absolut contraindicat\u0103 din cauza riscului de tensiune arterial\u0103 sc\u0103zut\u0103 sever\u0103. Prin urmare, \u00eenainte de a \u00eencepe s\u0103 utiliza\u021bi oricare dintre aceste medicamente sau plante, este recomandabil s\u0103 v\u0103 adresa\u021bi medicului dvs.<\/p>\n<p>Unele <a href=\"https:\/\/www.healthy-heart.org\/living-with-heart-disease\/types-of-medication\/\">medicamente<\/a> prescrise pentru boli cardiace (beta-blocante), antidepresive, \u0219i somnifere pot provoca probleme legate de erec\u021bie (\u0219i apetitul sexual) la b\u0103rba\u021bi \u0219i usc\u0103ciunea vaginal\u0103 la femei, cu consecin\u021be pentru activitatea dvs. sexual\u0103. Dac\u0103 b\u0103nui\u021bi c\u0103 medicamentul v\u0103 cauzeaz\u0103 probleme \u00een via\u021ba sexual\u0103, solicita\u021bi sfatul medicului cu privire la posibilitatea de a schimba medicamentele cu alte m\u0103rci sau clase. Nu \u00eentrerupe\u021bi brusc medica\u021bia. Dac\u0103 ave\u021bi disfunc\u021bii sexuale, discuta\u021bi cu medicul dvs. sau cu personalul de asisten\u021b\u0103 medical\u0103 pentru a vedea dac\u0103 acestea pot avea leg\u0103tur\u0103 cu afec\u021biunea cardiac\u0103 sau cu emo\u021biile, cum ar fi anxietatea, depresia sau al\u021bi factori.<\/p>\n","protected":false},"excerpt":{"rendered":"<p>Boala cardiac\u0103 este, de obicei, un eveniment major pentru dvs. \u0219i pentru partenerul dvs. Unii oameni resimt schimb\u0103ri \u00een ceea ce prive\u0219te sexualitatea sau sentimentul de intimitate. Cuplurilor le este uneori dificil s\u0103 vorbeasc\u0103 despre intimitate \u0219i sexualitate. Medicul dvs. sau personalul de asisten\u021b\u0103 medical\u0103 specializat\u0103 pot r\u0103spunde la \u00eentreb\u0103ri \u0219i discuta problemele pe care [&hellip;]<\/p>\n","protected":false},"author":1,"featured_media":593,"parent":1864,"menu_order":9,"comment_status":"closed","ping_status":"closed","template":"","meta":{"_acf_changed":false,"footnotes":""},"categories":[62],"tags":[],"class_list":["post-1814","page","type-page","status-publish","has-post-thumbnail","hentry","category-viata-cu-o-boala-de-inima"],"acf":[],"yoast_head":"<!-- This site is optimized with the Yoast SEO plugin v24.0 - https:\/\/yoast.com\/wordpress\/plugins\/seo\/ -->\n<title>Sexul \u0219i bolile cardiace - Healthy-Heart.org<\/title>\n<meta name=\"description\" content=\"\u00cen general, reluarea activit\u0103\u021bii sexuale este sigur\u0103 dup\u0103 un infarct miocardic necomplicat sau dup\u0103 proceduri cardiace necomplicate, cum ar fi inser\u021bia unui stent.\" \/>\n<meta name=\"robots\" content=\"index, follow, max-snippet:-1, max-image-preview:large, max-video-preview:-1\" \/>\n<link rel=\"canonical\" href=\"https:\/\/www.healthy-heart.org\/ro\/viata-cu-o-boala-de-inima\/sexul-si-bolile-cardiace\/\" \/>\n<meta property=\"og:locale\" content=\"ro_RO\" \/>\n<meta property=\"og:type\" content=\"article\" \/>\n<meta property=\"og:title\" content=\"Sexul \u0219i bolile cardiace - Healthy-Heart.org\" \/>\n<meta property=\"og:description\" content=\"\u00cen general, reluarea activit\u0103\u021bii sexuale este sigur\u0103 dup\u0103 un infarct miocardic necomplicat sau dup\u0103 proceduri cardiace necomplicate, cum ar fi inser\u021bia unui stent.\" \/>\n<meta property=\"og:url\" content=\"https:\/\/www.healthy-heart.org\/ro\/viata-cu-o-boala-de-inima\/sexul-si-bolile-cardiace\/\" \/>\n<meta property=\"og:site_name\" content=\"Healthy-Heart.org\" \/>\n<meta property=\"article:modified_time\" content=\"2020-05-12T15:11:41+00:00\" \/>\n<meta property=\"og:image\" content=\"https:\/\/www.healthy-heart.org\/wp-content\/uploads\/2019\/07\/iStock-874866632-1024x683.jpg\" \/>\n\t<meta property=\"og:image:width\" content=\"1024\" \/>\n\t<meta property=\"og:image:height\" content=\"683\" \/>\n\t<meta property=\"og:image:type\" content=\"image\/jpeg\" \/>\n<meta name=\"twitter:card\" content=\"summary_large_image\" \/>\n<meta name=\"twitter:label1\" content=\"Timp estimat pentru citire\" \/>\n\t<meta name=\"twitter:data1\" content=\"2 minute\" \/>\n<script type=\"application\/ld+json\" class=\"yoast-schema-graph\">{\"@context\":\"https:\/\/schema.org\",\"@graph\":[{\"@type\":\"WebPage\",\"@id\":\"https:\/\/www.healthy-heart.org\/ro\/viata-cu-o-boala-de-inima\/sexul-si-bolile-cardiace\/\",\"url\":\"https:\/\/www.healthy-heart.org\/ro\/viata-cu-o-boala-de-inima\/sexul-si-bolile-cardiace\/\",\"name\":\"Sexul \u0219i bolile cardiace - Healthy-Heart.org\",\"isPartOf\":{\"@id\":\"https:\/\/www.healthy-heart.org\/es\/#website\"},\"primaryImageOfPage\":{\"@id\":\"https:\/\/www.healthy-heart.org\/ro\/viata-cu-o-boala-de-inima\/sexul-si-bolile-cardiace\/#primaryimage\"},\"image\":{\"@id\":\"https:\/\/www.healthy-heart.org\/ro\/viata-cu-o-boala-de-inima\/sexul-si-bolile-cardiace\/#primaryimage\"},\"thumbnailUrl\":\"https:\/\/www.healthy-heart.org\/wp-content\/uploads\/2019\/07\/iStock-874866632.jpg\",\"datePublished\":\"2019-10-07T16:59:03+00:00\",\"dateModified\":\"2020-05-12T15:11:41+00:00\",\"description\":\"\u00cen general, reluarea activit\u0103\u021bii sexuale este sigur\u0103 dup\u0103 un infarct miocardic necomplicat sau dup\u0103 proceduri cardiace necomplicate, cum ar fi inser\u021bia unui stent.\",\"breadcrumb\":{\"@id\":\"https:\/\/www.healthy-heart.org\/ro\/viata-cu-o-boala-de-inima\/sexul-si-bolile-cardiace\/#breadcrumb\"},\"inLanguage\":\"ro-RO\",\"potentialAction\":[{\"@type\":\"ReadAction\",\"target\":[\"https:\/\/www.healthy-heart.org\/ro\/viata-cu-o-boala-de-inima\/sexul-si-bolile-cardiace\/\"]}]},{\"@type\":\"ImageObject\",\"inLanguage\":\"ro-RO\",\"@id\":\"https:\/\/www.healthy-heart.org\/ro\/viata-cu-o-boala-de-inima\/sexul-si-bolile-cardiace\/#primaryimage\",\"url\":\"https:\/\/www.healthy-heart.org\/wp-content\/uploads\/2019\/07\/iStock-874866632.jpg\",\"contentUrl\":\"https:\/\/www.healthy-heart.org\/wp-content\/uploads\/2019\/07\/iStock-874866632.jpg\",\"width\":6720,\"height\":4480,\"caption\":\"Shot of a mature couple talking on the sofa at home\"},{\"@type\":\"BreadcrumbList\",\"@id\":\"https:\/\/www.healthy-heart.org\/ro\/viata-cu-o-boala-de-inima\/sexul-si-bolile-cardiace\/#breadcrumb\",\"itemListElement\":[{\"@type\":\"ListItem\",\"position\":1,\"name\":\"Home\",\"item\":\"https:\/\/www.healthy-heart.org\/ro\/\"},{\"@type\":\"ListItem\",\"position\":2,\"name\":\"Via\u021ba cu o boal\u0103 de inim\u0103\",\"item\":\"https:\/\/www.healthy-heart.org\/ro\/viata-cu-o-boala-de-inima\/\"},{\"@type\":\"ListItem\",\"position\":3,\"name\":\"Sexul \u0219i bolile cardiace\"}]},{\"@type\":\"WebSite\",\"@id\":\"https:\/\/www.healthy-heart.org\/es\/#website\",\"url\":\"https:\/\/www.healthy-heart.org\/es\/\",\"name\":\"Healthy-Heart.org\",\"description\":\"Practical advice for patients and family care givers on the prevention of cardiovascular disease\",\"potentialAction\":[{\"@type\":\"SearchAction\",\"target\":{\"@type\":\"EntryPoint\",\"urlTemplate\":\"https:\/\/www.healthy-heart.org\/es\/?s={search_term_string}\"},\"query-input\":{\"@type\":\"PropertyValueSpecification\",\"valueRequired\":true,\"valueName\":\"search_term_string\"}}],\"inLanguage\":\"ro-RO\"}]}<\/script>\n<!-- \/ Yoast SEO plugin. -->","yoast_head_json":{"title":"Sexul \u0219i bolile cardiace - Healthy-Heart.org","description":"\u00cen general, reluarea activit\u0103\u021bii sexuale este sigur\u0103 dup\u0103 un infarct miocardic necomplicat sau dup\u0103 proceduri cardiace necomplicate, cum ar fi inser\u021bia unui stent.","robots":{"index":"index","follow":"follow","max-snippet":"max-snippet:-1","max-image-preview":"max-image-preview:large","max-video-preview":"max-video-preview:-1"},"canonical":"https:\/\/www.healthy-heart.org\/ro\/viata-cu-o-boala-de-inima\/sexul-si-bolile-cardiace\/","og_locale":"ro_RO","og_type":"article","og_title":"Sexul \u0219i bolile cardiace - Healthy-Heart.org","og_description":"\u00cen general, reluarea activit\u0103\u021bii sexuale este sigur\u0103 dup\u0103 un infarct miocardic necomplicat sau dup\u0103 proceduri cardiace necomplicate, cum ar fi inser\u021bia unui stent.","og_url":"https:\/\/www.healthy-heart.org\/ro\/viata-cu-o-boala-de-inima\/sexul-si-bolile-cardiace\/","og_site_name":"Healthy-Heart.org","article_modified_time":"2020-05-12T15:11:41+00:00","og_image":[{"width":1024,"height":683,"url":"https:\/\/www.healthy-heart.org\/wp-content\/uploads\/2019\/07\/iStock-874866632-1024x683.jpg","type":"image\/jpeg"}],"twitter_card":"summary_large_image","twitter_misc":{"Timp estimat pentru citire":"2 minute"},"schema":{"@context":"https:\/\/schema.org","@graph":[{"@type":"WebPage","@id":"https:\/\/www.healthy-heart.org\/ro\/viata-cu-o-boala-de-inima\/sexul-si-bolile-cardiace\/","url":"https:\/\/www.healthy-heart.org\/ro\/viata-cu-o-boala-de-inima\/sexul-si-bolile-cardiace\/","name":"Sexul \u0219i bolile cardiace - Healthy-Heart.org","isPartOf":{"@id":"https:\/\/www.healthy-heart.org\/es\/#website"},"primaryImageOfPage":{"@id":"https:\/\/www.healthy-heart.org\/ro\/viata-cu-o-boala-de-inima\/sexul-si-bolile-cardiace\/#primaryimage"},"image":{"@id":"https:\/\/www.healthy-heart.org\/ro\/viata-cu-o-boala-de-inima\/sexul-si-bolile-cardiace\/#primaryimage"},"thumbnailUrl":"https:\/\/www.healthy-heart.org\/wp-content\/uploads\/2019\/07\/iStock-874866632.jpg","datePublished":"2019-10-07T16:59:03+00:00","dateModified":"2020-05-12T15:11:41+00:00","description":"\u00cen general, reluarea activit\u0103\u021bii sexuale este sigur\u0103 dup\u0103 un infarct miocardic necomplicat sau dup\u0103 proceduri cardiace necomplicate, cum ar fi inser\u021bia unui stent.","breadcrumb":{"@id":"https:\/\/www.healthy-heart.org\/ro\/viata-cu-o-boala-de-inima\/sexul-si-bolile-cardiace\/#breadcrumb"},"inLanguage":"ro-RO","potentialAction":[{"@type":"ReadAction","target":["https:\/\/www.healthy-heart.org\/ro\/viata-cu-o-boala-de-inima\/sexul-si-bolile-cardiace\/"]}]},{"@type":"ImageObject","inLanguage":"ro-RO","@id":"https:\/\/www.healthy-heart.org\/ro\/viata-cu-o-boala-de-inima\/sexul-si-bolile-cardiace\/#primaryimage","url":"https:\/\/www.healthy-heart.org\/wp-content\/uploads\/2019\/07\/iStock-874866632.jpg","contentUrl":"https:\/\/www.healthy-heart.org\/wp-content\/uploads\/2019\/07\/iStock-874866632.jpg","width":6720,"height":4480,"caption":"Shot of a mature couple talking on the sofa at home"},{"@type":"BreadcrumbList","@id":"https:\/\/www.healthy-heart.org\/ro\/viata-cu-o-boala-de-inima\/sexul-si-bolile-cardiace\/#breadcrumb","itemListElement":[{"@type":"ListItem","position":1,"name":"Home","item":"https:\/\/www.healthy-heart.org\/ro\/"},{"@type":"ListItem","position":2,"name":"Via\u021ba cu o boal\u0103 de inim\u0103","item":"https:\/\/www.healthy-heart.org\/ro\/viata-cu-o-boala-de-inima\/"},{"@type":"ListItem","position":3,"name":"Sexul \u0219i bolile cardiace"}]},{"@type":"WebSite","@id":"https:\/\/www.healthy-heart.org\/es\/#website","url":"https:\/\/www.healthy-heart.org\/es\/","name":"Healthy-Heart.org","description":"Practical advice for patients and family care givers on the prevention of cardiovascular disease","potentialAction":[{"@type":"SearchAction","target":{"@type":"EntryPoint","urlTemplate":"https:\/\/www.healthy-heart.org\/es\/?s={search_term_string}"},"query-input":{"@type":"PropertyValueSpecification","valueRequired":true,"valueName":"search_term_string"}}],"inLanguage":"ro-RO"}]}},"_links":{"self":[{"href":"https:\/\/www.healthy-heart.org\/ro\/wp-json\/wp\/v2\/pages\/1814","targetHints":{"allow":["GET"]}}],"collection":[{"href":"https:\/\/www.healthy-heart.org\/ro\/wp-json\/wp\/v2\/pages"}],"about":[{"href":"https:\/\/www.healthy-heart.org\/ro\/wp-json\/wp\/v2\/types\/page"}],"author":[{"embeddable":true,"href":"https:\/\/www.healthy-heart.org\/ro\/wp-json\/wp\/v2\/users\/1"}],"replies":[{"embeddable":true,"href":"https:\/\/www.healthy-heart.org\/ro\/wp-json\/wp\/v2\/comments?post=1814"}],"version-history":[{"count":2,"href":"https:\/\/www.healthy-heart.org\/ro\/wp-json\/wp\/v2\/pages\/1814\/revisions"}],"predecessor-version":[{"id":4579,"href":"https:\/\/www.healthy-heart.org\/ro\/wp-json\/wp\/v2\/pages\/1814\/revisions\/4579"}],"up":[{"embeddable":true,"href":"https:\/\/www.healthy-heart.org\/ro\/wp-json\/wp\/v2\/pages\/1864"}],"wp:featuredmedia":[{"embeddable":true,"href":"https:\/\/www.healthy-heart.org\/ro\/wp-json\/wp\/v2\/media\/593"}],"wp:attachment":[{"href":"https:\/\/www.healthy-heart.org\/ro\/wp-json\/wp\/v2\/media?parent=1814"}],"wp:term":[{"taxonomy":"category","embeddable":true,"href":"https:\/\/www.healthy-heart.org\/ro\/wp-json\/wp\/v2\/categories?post=1814"},{"taxonomy":"post_tag","embeddable":true,"href":"https:\/\/www.healthy-heart.org\/ro\/wp-json\/wp\/v2\/tags?post=1814"}],"curies":[{"name":"wp","href":"https:\/\/api.w.org\/{rel}","templated":true}]}}