{"id":1795,"date":"2019-10-07T17:58:07","date_gmt":"2019-10-07T16:58:07","guid":{"rendered":"https:\/\/www.healthy-heart.org\/pastrati-va-inima-sanatoasa\/stresul-si-somnul\/"},"modified":"2021-02-02T14:22:15","modified_gmt":"2021-02-02T14:22:15","slug":"stresul-si-somnul","status":"publish","type":"page","link":"https:\/\/www.healthy-heart.org\/ro\/pastrati-va-inima-sanatoasa\/stresul-si-somnul\/","title":{"rendered":"Stresul \u0219i somnul"},"content":{"rendered":"<p>Reducerea stresului \u0219i un somn de bun\u0103 calitate \u0219i de o durat\u0103 adecvat\u0103 pot \u00eembun\u0103t\u0103\u021bi calitatea vie\u021bii \u0219i pot preveni atacurile de cord.<\/p>\n<p>Reac\u021biile noastre la stresul psihologic provoac\u0103 schimb\u0103ri fizice \u00een organism. Stresul emo\u021bional poate duce la cre\u0219teri ale ritmului cardiac (viteza cu care inima pompeaz\u0103 s\u00e2ngele), ale <a href=\"https:\/\/www.healthy-heart.org\/keep-your-heart-healthy\/blood-pressure\/\">tensiunii arteriale<\/a> \u0219i ale ritmului respirator, deoarece sistemul nervos devine suprasolicitat.<\/p>\n<p>De\u0219i acesta este un r\u0103spuns normal, stresul persistent cauzat de anumite obiceiuri <a href=\"https:\/\/www.healthy-heart.org\/keep-your-heart-healthy\/take-control-of-your-lifestyle\/\">nes\u0103n\u0103toase de stil de via\u021b\u0103<\/a>, de problemele legate de munc\u0103 sau de probleme familiale poate fi un declan\u0219ator cronic al sistemului nervos \u0219i poate cre\u0219te riscul de boli cardiovasculare. Efectul stresului este amplificat dac\u0103 duce la somn insuficient sau de slab\u0103 calitate.<\/p>\n<p>Cutremurele ilustreaz\u0103 impactul stresului. Cutremurul din 1995 din Kobe, Japonia, a avut ca rezultat triplarea num\u0103rului de atacuri de cord la persoanele care tr\u0103iesc \u00een apropierea epicentrului.<\/p>\n<p>Somnul \u0219i stresul se afl\u0103 \u00een str\u00e2ns\u0103 leg\u0103tur\u0103. Lipsa somnului provoac\u0103 adesea extenuare, indispozi\u021bie, modific\u0103ri ale consumului alimentar \u0219i somnolen\u021b\u0103 excesiv\u0103 \u00een timpul zilei. Persoanele care se simt stresate sunt mai predispuse s\u0103 sufere de tulbur\u0103ri ale somnului, cum ar fi insomnie sau somn \u00eentrerupt. Acest lucru este \u00eengrijor\u0103tor, av\u00e2nd \u00een vedere c\u0103 timpul dedicat somnului s-a redus treptat. Mul\u021bi oameni dorm mai pu\u021bin din cauza orelor de lucru mai lungi \u0219i a timpului petrecut pe smartphone-uri.<\/p>\n<p>Stresul modific\u0103 metabolismul organismului \u0219i este asociat cre\u0219terii \u00een greutate. <a href=\"https:\/\/www.healthy-heart.org\/ro\/pastrati-va-inima-sanatoasa\/mentinerea-unei-greutati-sanatoase\/\">Excesul de greutate<\/a> cre\u0219te probabilitatea apari\u021biei tulbur\u0103rilor respiratorii legate de somn, cum ar fi sindromul de apnee obstructiv\u0103 \u00een somn, care sunt asociate cu somnolen\u021ba \u00een timpul zilei \u0219i cu un <a href=\"https:\/\/www.healthy-heart.org\/ro\/pastrati-va-inima-sanatoasa\/anticiparea-si-gestionarea-riscului-de-afectiuni-cardiace\/\">risc cardiovascular<\/a> crescut.<\/p>\n<p>Durata optim\u0103 a somnului este de \u0219apte p\u00e2n\u0103 la opt ore pe noapte. Un somn de mai pu\u021bin de \u0219ase sau mai mult de zece ore pe noapte este legat de o probabilitate mai mare de atac de cord \u0219i accident vascular cerebral. O durat\u0103 corect\u0103 a somnului \u0219i tratarea tulbur\u0103rilor de somn, cum ar fi apneea \u00een somn \u0219i insomnia, pot proteja \u00eempotriva tensiunii arteriale crescute \u0219i a altor probleme cardiovasculare.<\/p>\n<blockquote><p>Reducerea stresului \u0219i un somn de bun\u0103 calitate \u0219i de o durat\u0103 adecvat\u0103 pot reduce riscul cardiovascular \u0219i pot \u00eembun\u0103t\u0103\u021bi calitatea vie\u021bii.<\/p><\/blockquote>\n<p>Adresa\u021bi-v\u0103 medicului dvs. dac\u0103 suferi\u021bi de stres cronic, \u00een special dac\u0103 ave\u021bi \u0219i probleme cu somnul. Terapiile psihosociale, care cuprind aspecte psihologice \u0219i sociale, \u00eembun\u0103t\u0103\u021besc somnul \u0219i calitatea vie\u021bii \u0219i protejeaz\u0103 \u00eempotriva atacurilor de cord.<\/p>\n","protected":false},"excerpt":{"rendered":"<p>Reducerea stresului \u0219i un somn de bun\u0103 calitate \u0219i de o durat\u0103 adecvat\u0103 pot \u00eembun\u0103t\u0103\u021bi calitatea vie\u021bii \u0219i pot preveni atacurile de cord. Reac\u021biile noastre la stresul psihologic provoac\u0103 schimb\u0103ri fizice \u00een organism. Stresul emo\u021bional poate duce la cre\u0219teri ale ritmului cardiac (viteza cu care inima pompeaz\u0103 s\u00e2ngele), ale tensiunii arteriale \u0219i ale ritmului respirator, [&hellip;]<\/p>\n","protected":false},"author":1,"featured_media":1192,"parent":1681,"menu_order":6,"comment_status":"closed","ping_status":"closed","template":"","meta":{"_acf_changed":false,"footnotes":""},"categories":[57],"tags":[],"class_list":["post-1795","page","type-page","status-publish","has-post-thumbnail","hentry","category-pastrati-va-inima-sanatoasa"],"acf":[],"yoast_head":"<!-- This site is optimized with the Yoast SEO plugin v24.0 - https:\/\/yoast.com\/wordpress\/plugins\/seo\/ -->\n<title>Stresul \u0219i somnul - Healthy-Heart.org<\/title>\n<meta name=\"description\" content=\"Reducerea stresului \u0219i un somn de bun\u0103 calitate \u0219i de durat\u0103 adecvat\u0103 pot \u00eembun\u0103t\u0103\u021bi calitatea vie\u021bii \u0219i pot preveni atacurile de cord.\" \/>\n<meta name=\"robots\" content=\"index, follow, max-snippet:-1, max-image-preview:large, max-video-preview:-1\" \/>\n<link rel=\"canonical\" href=\"https:\/\/www.healthy-heart.org\/ro\/pastrati-va-inima-sanatoasa\/stresul-si-somnul\/\" \/>\n<meta property=\"og:locale\" content=\"ro_RO\" \/>\n<meta property=\"og:type\" content=\"article\" \/>\n<meta property=\"og:title\" content=\"Stresul \u0219i somnul - Healthy-Heart.org\" \/>\n<meta property=\"og:description\" content=\"Reducerea stresului \u0219i un somn de bun\u0103 calitate \u0219i de durat\u0103 adecvat\u0103 pot \u00eembun\u0103t\u0103\u021bi calitatea vie\u021bii \u0219i pot preveni atacurile de cord.\" \/>\n<meta property=\"og:url\" content=\"https:\/\/www.healthy-heart.org\/ro\/pastrati-va-inima-sanatoasa\/stresul-si-somnul\/\" \/>\n<meta property=\"og:site_name\" content=\"Healthy-Heart.org\" \/>\n<meta property=\"article:modified_time\" content=\"2021-02-02T14:22:15+00:00\" \/>\n<meta property=\"og:image\" content=\"https:\/\/www.healthy-heart.org\/wp-content\/uploads\/2019\/08\/Stress-and-sleep-iStock-924925656-1024x714.jpg\" \/>\n\t<meta property=\"og:image:width\" content=\"1024\" \/>\n\t<meta property=\"og:image:height\" content=\"714\" \/>\n\t<meta property=\"og:image:type\" content=\"image\/jpeg\" \/>\n<meta name=\"twitter:card\" content=\"summary_large_image\" \/>\n<meta name=\"twitter:label1\" content=\"Timp estimat pentru citire\" \/>\n\t<meta name=\"twitter:data1\" content=\"2 minute\" \/>\n<script type=\"application\/ld+json\" class=\"yoast-schema-graph\">{\"@context\":\"https:\/\/schema.org\",\"@graph\":[{\"@type\":\"WebPage\",\"@id\":\"https:\/\/www.healthy-heart.org\/ro\/pastrati-va-inima-sanatoasa\/stresul-si-somnul\/\",\"url\":\"https:\/\/www.healthy-heart.org\/ro\/pastrati-va-inima-sanatoasa\/stresul-si-somnul\/\",\"name\":\"Stresul \u0219i somnul - Healthy-Heart.org\",\"isPartOf\":{\"@id\":\"https:\/\/www.healthy-heart.org\/es\/#website\"},\"primaryImageOfPage\":{\"@id\":\"https:\/\/www.healthy-heart.org\/ro\/pastrati-va-inima-sanatoasa\/stresul-si-somnul\/#primaryimage\"},\"image\":{\"@id\":\"https:\/\/www.healthy-heart.org\/ro\/pastrati-va-inima-sanatoasa\/stresul-si-somnul\/#primaryimage\"},\"thumbnailUrl\":\"https:\/\/www.healthy-heart.org\/wp-content\/uploads\/2019\/08\/Stress-and-sleep-iStock-924925656.jpg\",\"datePublished\":\"2019-10-07T16:58:07+00:00\",\"dateModified\":\"2021-02-02T14:22:15+00:00\",\"description\":\"Reducerea stresului \u0219i un somn de bun\u0103 calitate \u0219i de durat\u0103 adecvat\u0103 pot \u00eembun\u0103t\u0103\u021bi calitatea vie\u021bii \u0219i pot preveni atacurile de cord.\",\"breadcrumb\":{\"@id\":\"https:\/\/www.healthy-heart.org\/ro\/pastrati-va-inima-sanatoasa\/stresul-si-somnul\/#breadcrumb\"},\"inLanguage\":\"ro-RO\",\"potentialAction\":[{\"@type\":\"ReadAction\",\"target\":[\"https:\/\/www.healthy-heart.org\/ro\/pastrati-va-inima-sanatoasa\/stresul-si-somnul\/\"]}]},{\"@type\":\"ImageObject\",\"inLanguage\":\"ro-RO\",\"@id\":\"https:\/\/www.healthy-heart.org\/ro\/pastrati-va-inima-sanatoasa\/stresul-si-somnul\/#primaryimage\",\"url\":\"https:\/\/www.healthy-heart.org\/wp-content\/uploads\/2019\/08\/Stress-and-sleep-iStock-924925656.jpg\",\"contentUrl\":\"https:\/\/www.healthy-heart.org\/wp-content\/uploads\/2019\/08\/Stress-and-sleep-iStock-924925656.jpg\",\"width\":8386,\"height\":5851,\"caption\":\"Thoughtful stressed young man with a mess in his head\"},{\"@type\":\"BreadcrumbList\",\"@id\":\"https:\/\/www.healthy-heart.org\/ro\/pastrati-va-inima-sanatoasa\/stresul-si-somnul\/#breadcrumb\",\"itemListElement\":[{\"@type\":\"ListItem\",\"position\":1,\"name\":\"Home\",\"item\":\"https:\/\/www.healthy-heart.org\/ro\/\"},{\"@type\":\"ListItem\",\"position\":2,\"name\":\"P\u0103stra\u021bi-v\u0103 inima s\u0103n\u0103toas\u0103\",\"item\":\"https:\/\/www.healthy-heart.org\/ro\/pastrati-va-inima-sanatoasa\/\"},{\"@type\":\"ListItem\",\"position\":3,\"name\":\"Stresul \u0219i somnul\"}]},{\"@type\":\"WebSite\",\"@id\":\"https:\/\/www.healthy-heart.org\/es\/#website\",\"url\":\"https:\/\/www.healthy-heart.org\/es\/\",\"name\":\"Healthy-Heart.org\",\"description\":\"Practical advice for patients and family care givers on the prevention of cardiovascular disease\",\"potentialAction\":[{\"@type\":\"SearchAction\",\"target\":{\"@type\":\"EntryPoint\",\"urlTemplate\":\"https:\/\/www.healthy-heart.org\/es\/?s={search_term_string}\"},\"query-input\":{\"@type\":\"PropertyValueSpecification\",\"valueRequired\":true,\"valueName\":\"search_term_string\"}}],\"inLanguage\":\"ro-RO\"}]}<\/script>\n<!-- \/ Yoast SEO plugin. -->","yoast_head_json":{"title":"Stresul \u0219i somnul - Healthy-Heart.org","description":"Reducerea stresului \u0219i un somn de bun\u0103 calitate \u0219i de durat\u0103 adecvat\u0103 pot \u00eembun\u0103t\u0103\u021bi calitatea vie\u021bii \u0219i pot preveni atacurile de cord.","robots":{"index":"index","follow":"follow","max-snippet":"max-snippet:-1","max-image-preview":"max-image-preview:large","max-video-preview":"max-video-preview:-1"},"canonical":"https:\/\/www.healthy-heart.org\/ro\/pastrati-va-inima-sanatoasa\/stresul-si-somnul\/","og_locale":"ro_RO","og_type":"article","og_title":"Stresul \u0219i somnul - Healthy-Heart.org","og_description":"Reducerea stresului \u0219i un somn de bun\u0103 calitate \u0219i de durat\u0103 adecvat\u0103 pot \u00eembun\u0103t\u0103\u021bi calitatea vie\u021bii \u0219i pot preveni atacurile de cord.","og_url":"https:\/\/www.healthy-heart.org\/ro\/pastrati-va-inima-sanatoasa\/stresul-si-somnul\/","og_site_name":"Healthy-Heart.org","article_modified_time":"2021-02-02T14:22:15+00:00","og_image":[{"width":1024,"height":714,"url":"https:\/\/www.healthy-heart.org\/wp-content\/uploads\/2019\/08\/Stress-and-sleep-iStock-924925656-1024x714.jpg","type":"image\/jpeg"}],"twitter_card":"summary_large_image","twitter_misc":{"Timp estimat pentru citire":"2 minute"},"schema":{"@context":"https:\/\/schema.org","@graph":[{"@type":"WebPage","@id":"https:\/\/www.healthy-heart.org\/ro\/pastrati-va-inima-sanatoasa\/stresul-si-somnul\/","url":"https:\/\/www.healthy-heart.org\/ro\/pastrati-va-inima-sanatoasa\/stresul-si-somnul\/","name":"Stresul \u0219i somnul - Healthy-Heart.org","isPartOf":{"@id":"https:\/\/www.healthy-heart.org\/es\/#website"},"primaryImageOfPage":{"@id":"https:\/\/www.healthy-heart.org\/ro\/pastrati-va-inima-sanatoasa\/stresul-si-somnul\/#primaryimage"},"image":{"@id":"https:\/\/www.healthy-heart.org\/ro\/pastrati-va-inima-sanatoasa\/stresul-si-somnul\/#primaryimage"},"thumbnailUrl":"https:\/\/www.healthy-heart.org\/wp-content\/uploads\/2019\/08\/Stress-and-sleep-iStock-924925656.jpg","datePublished":"2019-10-07T16:58:07+00:00","dateModified":"2021-02-02T14:22:15+00:00","description":"Reducerea stresului \u0219i un somn de bun\u0103 calitate \u0219i de durat\u0103 adecvat\u0103 pot \u00eembun\u0103t\u0103\u021bi calitatea vie\u021bii \u0219i pot preveni atacurile de cord.","breadcrumb":{"@id":"https:\/\/www.healthy-heart.org\/ro\/pastrati-va-inima-sanatoasa\/stresul-si-somnul\/#breadcrumb"},"inLanguage":"ro-RO","potentialAction":[{"@type":"ReadAction","target":["https:\/\/www.healthy-heart.org\/ro\/pastrati-va-inima-sanatoasa\/stresul-si-somnul\/"]}]},{"@type":"ImageObject","inLanguage":"ro-RO","@id":"https:\/\/www.healthy-heart.org\/ro\/pastrati-va-inima-sanatoasa\/stresul-si-somnul\/#primaryimage","url":"https:\/\/www.healthy-heart.org\/wp-content\/uploads\/2019\/08\/Stress-and-sleep-iStock-924925656.jpg","contentUrl":"https:\/\/www.healthy-heart.org\/wp-content\/uploads\/2019\/08\/Stress-and-sleep-iStock-924925656.jpg","width":8386,"height":5851,"caption":"Thoughtful stressed young man with a mess in his head"},{"@type":"BreadcrumbList","@id":"https:\/\/www.healthy-heart.org\/ro\/pastrati-va-inima-sanatoasa\/stresul-si-somnul\/#breadcrumb","itemListElement":[{"@type":"ListItem","position":1,"name":"Home","item":"https:\/\/www.healthy-heart.org\/ro\/"},{"@type":"ListItem","position":2,"name":"P\u0103stra\u021bi-v\u0103 inima s\u0103n\u0103toas\u0103","item":"https:\/\/www.healthy-heart.org\/ro\/pastrati-va-inima-sanatoasa\/"},{"@type":"ListItem","position":3,"name":"Stresul \u0219i somnul"}]},{"@type":"WebSite","@id":"https:\/\/www.healthy-heart.org\/es\/#website","url":"https:\/\/www.healthy-heart.org\/es\/","name":"Healthy-Heart.org","description":"Practical advice for patients and family care givers on the prevention of cardiovascular disease","potentialAction":[{"@type":"SearchAction","target":{"@type":"EntryPoint","urlTemplate":"https:\/\/www.healthy-heart.org\/es\/?s={search_term_string}"},"query-input":{"@type":"PropertyValueSpecification","valueRequired":true,"valueName":"search_term_string"}}],"inLanguage":"ro-RO"}]}},"_links":{"self":[{"href":"https:\/\/www.healthy-heart.org\/ro\/wp-json\/wp\/v2\/pages\/1795","targetHints":{"allow":["GET"]}}],"collection":[{"href":"https:\/\/www.healthy-heart.org\/ro\/wp-json\/wp\/v2\/pages"}],"about":[{"href":"https:\/\/www.healthy-heart.org\/ro\/wp-json\/wp\/v2\/types\/page"}],"author":[{"embeddable":true,"href":"https:\/\/www.healthy-heart.org\/ro\/wp-json\/wp\/v2\/users\/1"}],"replies":[{"embeddable":true,"href":"https:\/\/www.healthy-heart.org\/ro\/wp-json\/wp\/v2\/comments?post=1795"}],"version-history":[{"count":3,"href":"https:\/\/www.healthy-heart.org\/ro\/wp-json\/wp\/v2\/pages\/1795\/revisions"}],"predecessor-version":[{"id":5094,"href":"https:\/\/www.healthy-heart.org\/ro\/wp-json\/wp\/v2\/pages\/1795\/revisions\/5094"}],"up":[{"embeddable":true,"href":"https:\/\/www.healthy-heart.org\/ro\/wp-json\/wp\/v2\/pages\/1681"}],"wp:featuredmedia":[{"embeddable":true,"href":"https:\/\/www.healthy-heart.org\/ro\/wp-json\/wp\/v2\/media\/1192"}],"wp:attachment":[{"href":"https:\/\/www.healthy-heart.org\/ro\/wp-json\/wp\/v2\/media?parent=1795"}],"wp:term":[{"taxonomy":"category","embeddable":true,"href":"https:\/\/www.healthy-heart.org\/ro\/wp-json\/wp\/v2\/categories?post=1795"},{"taxonomy":"post_tag","embeddable":true,"href":"https:\/\/www.healthy-heart.org\/ro\/wp-json\/wp\/v2\/tags?post=1795"}],"curies":[{"name":"wp","href":"https:\/\/api.w.org\/{rel}","templated":true}]}}