{"id":1790,"date":"2019-10-07T17:57:57","date_gmt":"2019-10-07T16:57:57","guid":{"rendered":"https:\/\/www.healthy-heart.org\/pastrati-va-inima-sanatoasa\/dieta-benefica-pentru-inima\/"},"modified":"2024-12-10T12:23:57","modified_gmt":"2024-12-10T12:23:57","slug":"dieta-benefica-pentru-inima","status":"publish","type":"page","link":"https:\/\/www.healthy-heart.org\/ro\/pastrati-va-inima-sanatoasa\/dieta-benefica-pentru-inima\/","title":{"rendered":"Diet\u0103 benefic\u0103 pentru inim\u0103"},"content":{"rendered":"<p><img loading=\"lazy\" decoding=\"async\" class=\"size-medium wp-image-599 alignright\" src=\"https:\/\/cdn-endpoint-prev.azureedge.net\/healthy-heart\/2019\/07\/iStock-482817556-e1565872053765-350x242.jpg\" alt=\"\" width=\"350\" height=\"242\" srcset=\"https:\/\/www.healthy-heart.org\/wp-content\/uploads\/2019\/07\/iStock-482817556-e1565872053765-350x242.jpg 350w, https:\/\/www.healthy-heart.org\/wp-content\/uploads\/2019\/07\/iStock-482817556-e1565872053765-200x138.jpg 200w, https:\/\/www.healthy-heart.org\/wp-content\/uploads\/2019\/07\/iStock-482817556-e1565872053765-768x532.jpg 768w, https:\/\/www.healthy-heart.org\/wp-content\/uploads\/2019\/07\/iStock-482817556-e1565872053765-1024x709.jpg 1024w, https:\/\/www.healthy-heart.org\/wp-content\/uploads\/2019\/07\/iStock-482817556-e1565872053765-1536x1063.jpg 1536w, https:\/\/www.healthy-heart.org\/wp-content\/uploads\/2019\/07\/iStock-482817556-e1565872053765-2048x1418.jpg 2048w, https:\/\/www.healthy-heart.org\/wp-content\/uploads\/2019\/07\/iStock-482817556-e1565872053765-634x439.jpg 634w, https:\/\/www.healthy-heart.org\/wp-content\/uploads\/2019\/07\/iStock-482817556-e1565872053765-670x464.jpg 670w\" sizes=\"auto, (max-width: 350px) 100vw, 350px\" \/><\/p>\n<p>Propriet\u0103\u021bile sale cardioprotectoare sunt demonstrate pe scar\u0103 larg\u0103 \u00een studii care eviden\u021biaz\u0103 importan\u021ba unui model alimentar bogat \u00een fructe, legume, cereale integrale, ulei de m\u0103sline, pe\u0219te \u0219i carne de pas\u0103re.<\/p>\n<p>Obiceiurile alimentare nes\u0103n\u0103toase constituie unul dintre principalii factori care contribuie la boli \u0219i decese cauzate de <a href=\"https:\/\/www.healthy-heart.org\/your-heart\/what-is-heart-disease\/\">boli cardiovasculare<\/a> \u00een Europa. Dieta mediteraneean\u0103 este unul dintre cele mai studiate stiluri de alimenta\u021bie pentru efectele sale s\u0103n\u0103toase asupra inimii. Acesta pune \u00een prim plan \u00een special consumul de alimente pe baz\u0103 de plante, cum ar fi fructe, legume, cereale integrale, leguminoase \u0219i fructe cu coaj\u0103 lemnoas\u0103, utilizarea uleiului de m\u0103sline \u00een locul altor gr\u0103simi \u0219i consumul de pe\u0219te de cel pu\u021bin dou\u0103 ori pe s\u0103pt\u0103m\u00e2n\u0103. Ierburile aromatice \u0219i condimentele sunt utilizate \u00een locul s\u0103rii pentru a da savoare meselor, \u00een timp ce carnea ro\u0219ie \u0219i zah\u0103rul ad\u0103ugat sunt limitate. \u00cen ansamblu, acest model dietetic are un con\u021binut ridicat de gr\u0103simi mono- \u0219i poli- nesaturate, fibre alimentare din plante, antioxidan\u021bi \u0219i factori antiinflamatori. \u00cen anul 2021, ghidul ESC de preven\u021bie a bolilor cardiovasculare (BCV) recomanda cu t\u0103rie dieta mediteraneean\u0103 ca model ideal de alimenta\u021bie pentru prevenirea apari\u021biei de boli cardiovasculare (clasa I, nivelul A).<\/p>\n<p>Dieta mediteraneean\u0103 este un model de alimenta\u021bie sustenabil \u0219i eficace pentru o mai bun\u0103 stare general\u0103 de s\u0103n\u0103tate \u0219i prevenirea unui num\u0103r de boli cronice. Adoptarea acestei diete poate contribui pozitiv, \u00een mod semnificativ, la o mai bun\u0103 s\u0103n\u0103tate cardiovascular\u0103, la o mai bun\u0103 gestionare a greut\u0103\u021bii \u0219i a glicemiei, la \u00eembun\u0103t\u0103\u021birea func\u021biilor cognitive, la cre\u0219terea longevit\u0103\u021bii \u0219i la reducerea inflama\u021biei. Promovarea eficace a dietei mediteraneene necesit\u0103 o abordare multipl\u0103, care s\u0103 includ\u0103 sistemul de educa\u021bie, canalele media, implicarea comunit\u0103\u021bii, schimb\u0103ri de politici, colaborarea cu industria alimentar\u0103 \u0219i adaptarea cultural\u0103.<\/p>\n","protected":false},"excerpt":{"rendered":"<p>Propriet\u0103\u021bile sale cardioprotectoare sunt demonstrate pe scar\u0103 larg\u0103 \u00een studii care eviden\u021biaz\u0103 importan\u021ba unui model alimentar bogat \u00een fructe, legume, cereale integrale, ulei de m\u0103sline, pe\u0219te \u0219i carne de pas\u0103re. Obiceiurile alimentare nes\u0103n\u0103toase constituie unul dintre principalii factori care contribuie la boli \u0219i decese cauzate de boli cardiovasculare \u00een Europa. Dieta mediteraneean\u0103 este unul dintre [&hellip;]<\/p>\n","protected":false},"author":1,"featured_media":606,"parent":1681,"menu_order":5,"comment_status":"closed","ping_status":"closed","template":"","meta":{"_acf_changed":false,"footnotes":""},"categories":[57],"tags":[],"class_list":["post-1790","page","type-page","status-publish","has-post-thumbnail","hentry","category-pastrati-va-inima-sanatoasa"],"acf":[],"yoast_head":"<!-- This site is optimized with the Yoast SEO plugin v24.0 - https:\/\/yoast.com\/wordpress\/plugins\/seo\/ -->\n<title>Dieta benefic\u0103 pentru inim\u0103 - Healthy-Heart.org<\/title>\n<meta name=\"description\" content=\"Dieta mediteraneean\u0103 este o diet\u0103 benefic\u0103 inimii, care previne bolile cardiovasculare printr-un model dietetic bogat \u00een fructe, legume, cereale integrale, ulei de m\u0103sline, pe\u0219te \u0219i carne de pas\u0103re.\" \/>\n<meta name=\"robots\" content=\"index, follow, max-snippet:-1, max-image-preview:large, max-video-preview:-1\" \/>\n<link rel=\"canonical\" href=\"https:\/\/www.healthy-heart.org\/ro\/pastrati-va-inima-sanatoasa\/dieta-benefica-pentru-inima\/\" \/>\n<meta property=\"og:locale\" content=\"ro_RO\" \/>\n<meta property=\"og:type\" content=\"article\" \/>\n<meta property=\"og:title\" content=\"Dieta benefic\u0103 pentru inim\u0103 - Healthy-Heart.org\" \/>\n<meta property=\"og:description\" content=\"Dieta mediteraneean\u0103 este o diet\u0103 benefic\u0103 inimii, care previne bolile cardiovasculare printr-un model dietetic bogat \u00een fructe, legume, cereale integrale, ulei de m\u0103sline, pe\u0219te \u0219i carne de pas\u0103re.\" \/>\n<meta property=\"og:url\" content=\"https:\/\/www.healthy-heart.org\/ro\/pastrati-va-inima-sanatoasa\/dieta-benefica-pentru-inima\/\" \/>\n<meta property=\"og:site_name\" content=\"Healthy-Heart.org\" \/>\n<meta property=\"article:modified_time\" content=\"2024-12-10T12:23:57+00:00\" \/>\n<meta property=\"og:image\" content=\"https:\/\/www.healthy-heart.org\/wp-content\/uploads\/2019\/07\/iStock-482817556-1024x768.jpg\" \/>\n\t<meta property=\"og:image:width\" content=\"1024\" \/>\n\t<meta property=\"og:image:height\" content=\"768\" \/>\n\t<meta property=\"og:image:type\" content=\"image\/jpeg\" \/>\n<meta name=\"twitter:card\" content=\"summary_large_image\" \/>\n<meta name=\"twitter:label1\" content=\"Timp estimat pentru citire\" \/>\n\t<meta name=\"twitter:data1\" content=\"2 minute\" \/>\n<script type=\"application\/ld+json\" class=\"yoast-schema-graph\">{\"@context\":\"https:\/\/schema.org\",\"@graph\":[{\"@type\":\"WebPage\",\"@id\":\"https:\/\/www.healthy-heart.org\/ro\/pastrati-va-inima-sanatoasa\/dieta-benefica-pentru-inima\/\",\"url\":\"https:\/\/www.healthy-heart.org\/ro\/pastrati-va-inima-sanatoasa\/dieta-benefica-pentru-inima\/\",\"name\":\"Dieta benefic\u0103 pentru inim\u0103 - Healthy-Heart.org\",\"isPartOf\":{\"@id\":\"https:\/\/www.healthy-heart.org\/es\/#website\"},\"primaryImageOfPage\":{\"@id\":\"https:\/\/www.healthy-heart.org\/ro\/pastrati-va-inima-sanatoasa\/dieta-benefica-pentru-inima\/#primaryimage\"},\"image\":{\"@id\":\"https:\/\/www.healthy-heart.org\/ro\/pastrati-va-inima-sanatoasa\/dieta-benefica-pentru-inima\/#primaryimage\"},\"thumbnailUrl\":\"https:\/\/www.healthy-heart.org\/wp-content\/uploads\/2019\/07\/iStock-482817556.jpg\",\"datePublished\":\"2019-10-07T16:57:57+00:00\",\"dateModified\":\"2024-12-10T12:23:57+00:00\",\"description\":\"Dieta mediteraneean\u0103 este o diet\u0103 benefic\u0103 inimii, care previne bolile cardiovasculare printr-un model dietetic bogat \u00een fructe, legume, cereale integrale, ulei de m\u0103sline, pe\u0219te \u0219i carne de pas\u0103re.\",\"breadcrumb\":{\"@id\":\"https:\/\/www.healthy-heart.org\/ro\/pastrati-va-inima-sanatoasa\/dieta-benefica-pentru-inima\/#breadcrumb\"},\"inLanguage\":\"ro-RO\",\"potentialAction\":[{\"@type\":\"ReadAction\",\"target\":[\"https:\/\/www.healthy-heart.org\/ro\/pastrati-va-inima-sanatoasa\/dieta-benefica-pentru-inima\/\"]}]},{\"@type\":\"ImageObject\",\"inLanguage\":\"ro-RO\",\"@id\":\"https:\/\/www.healthy-heart.org\/ro\/pastrati-va-inima-sanatoasa\/dieta-benefica-pentru-inima\/#primaryimage\",\"url\":\"https:\/\/www.healthy-heart.org\/wp-content\/uploads\/2019\/07\/iStock-482817556.jpg\",\"contentUrl\":\"https:\/\/www.healthy-heart.org\/wp-content\/uploads\/2019\/07\/iStock-482817556.jpg\",\"width\":5500,\"height\":4125,\"caption\":\"Road with a choice between fast food and healthy food.\"},{\"@type\":\"BreadcrumbList\",\"@id\":\"https:\/\/www.healthy-heart.org\/ro\/pastrati-va-inima-sanatoasa\/dieta-benefica-pentru-inima\/#breadcrumb\",\"itemListElement\":[{\"@type\":\"ListItem\",\"position\":1,\"name\":\"Home\",\"item\":\"https:\/\/www.healthy-heart.org\/ro\/\"},{\"@type\":\"ListItem\",\"position\":2,\"name\":\"P\u0103stra\u021bi-v\u0103 inima s\u0103n\u0103toas\u0103\",\"item\":\"https:\/\/www.healthy-heart.org\/ro\/pastrati-va-inima-sanatoasa\/\"},{\"@type\":\"ListItem\",\"position\":3,\"name\":\"Diet\u0103 benefic\u0103 pentru inim\u0103\"}]},{\"@type\":\"WebSite\",\"@id\":\"https:\/\/www.healthy-heart.org\/es\/#website\",\"url\":\"https:\/\/www.healthy-heart.org\/es\/\",\"name\":\"Healthy-Heart.org\",\"description\":\"Practical advice for patients and family care givers on the prevention of cardiovascular disease\",\"potentialAction\":[{\"@type\":\"SearchAction\",\"target\":{\"@type\":\"EntryPoint\",\"urlTemplate\":\"https:\/\/www.healthy-heart.org\/es\/?s={search_term_string}\"},\"query-input\":{\"@type\":\"PropertyValueSpecification\",\"valueRequired\":true,\"valueName\":\"search_term_string\"}}],\"inLanguage\":\"ro-RO\"}]}<\/script>\n<!-- \/ Yoast SEO plugin. -->","yoast_head_json":{"title":"Dieta benefic\u0103 pentru inim\u0103 - Healthy-Heart.org","description":"Dieta mediteraneean\u0103 este o diet\u0103 benefic\u0103 inimii, care previne bolile cardiovasculare printr-un model dietetic bogat \u00een fructe, legume, cereale integrale, ulei de m\u0103sline, pe\u0219te \u0219i carne de pas\u0103re.","robots":{"index":"index","follow":"follow","max-snippet":"max-snippet:-1","max-image-preview":"max-image-preview:large","max-video-preview":"max-video-preview:-1"},"canonical":"https:\/\/www.healthy-heart.org\/ro\/pastrati-va-inima-sanatoasa\/dieta-benefica-pentru-inima\/","og_locale":"ro_RO","og_type":"article","og_title":"Dieta benefic\u0103 pentru inim\u0103 - Healthy-Heart.org","og_description":"Dieta mediteraneean\u0103 este o diet\u0103 benefic\u0103 inimii, care previne bolile cardiovasculare printr-un model dietetic bogat \u00een fructe, legume, cereale integrale, ulei de m\u0103sline, pe\u0219te \u0219i carne de pas\u0103re.","og_url":"https:\/\/www.healthy-heart.org\/ro\/pastrati-va-inima-sanatoasa\/dieta-benefica-pentru-inima\/","og_site_name":"Healthy-Heart.org","article_modified_time":"2024-12-10T12:23:57+00:00","og_image":[{"width":1024,"height":768,"url":"https:\/\/www.healthy-heart.org\/wp-content\/uploads\/2019\/07\/iStock-482817556-1024x768.jpg","type":"image\/jpeg"}],"twitter_card":"summary_large_image","twitter_misc":{"Timp estimat pentru citire":"2 minute"},"schema":{"@context":"https:\/\/schema.org","@graph":[{"@type":"WebPage","@id":"https:\/\/www.healthy-heart.org\/ro\/pastrati-va-inima-sanatoasa\/dieta-benefica-pentru-inima\/","url":"https:\/\/www.healthy-heart.org\/ro\/pastrati-va-inima-sanatoasa\/dieta-benefica-pentru-inima\/","name":"Dieta benefic\u0103 pentru inim\u0103 - Healthy-Heart.org","isPartOf":{"@id":"https:\/\/www.healthy-heart.org\/es\/#website"},"primaryImageOfPage":{"@id":"https:\/\/www.healthy-heart.org\/ro\/pastrati-va-inima-sanatoasa\/dieta-benefica-pentru-inima\/#primaryimage"},"image":{"@id":"https:\/\/www.healthy-heart.org\/ro\/pastrati-va-inima-sanatoasa\/dieta-benefica-pentru-inima\/#primaryimage"},"thumbnailUrl":"https:\/\/www.healthy-heart.org\/wp-content\/uploads\/2019\/07\/iStock-482817556.jpg","datePublished":"2019-10-07T16:57:57+00:00","dateModified":"2024-12-10T12:23:57+00:00","description":"Dieta mediteraneean\u0103 este o diet\u0103 benefic\u0103 inimii, care previne bolile cardiovasculare printr-un model dietetic bogat \u00een fructe, legume, cereale integrale, ulei de m\u0103sline, pe\u0219te \u0219i carne de pas\u0103re.","breadcrumb":{"@id":"https:\/\/www.healthy-heart.org\/ro\/pastrati-va-inima-sanatoasa\/dieta-benefica-pentru-inima\/#breadcrumb"},"inLanguage":"ro-RO","potentialAction":[{"@type":"ReadAction","target":["https:\/\/www.healthy-heart.org\/ro\/pastrati-va-inima-sanatoasa\/dieta-benefica-pentru-inima\/"]}]},{"@type":"ImageObject","inLanguage":"ro-RO","@id":"https:\/\/www.healthy-heart.org\/ro\/pastrati-va-inima-sanatoasa\/dieta-benefica-pentru-inima\/#primaryimage","url":"https:\/\/www.healthy-heart.org\/wp-content\/uploads\/2019\/07\/iStock-482817556.jpg","contentUrl":"https:\/\/www.healthy-heart.org\/wp-content\/uploads\/2019\/07\/iStock-482817556.jpg","width":5500,"height":4125,"caption":"Road with a choice between fast food and healthy food."},{"@type":"BreadcrumbList","@id":"https:\/\/www.healthy-heart.org\/ro\/pastrati-va-inima-sanatoasa\/dieta-benefica-pentru-inima\/#breadcrumb","itemListElement":[{"@type":"ListItem","position":1,"name":"Home","item":"https:\/\/www.healthy-heart.org\/ro\/"},{"@type":"ListItem","position":2,"name":"P\u0103stra\u021bi-v\u0103 inima s\u0103n\u0103toas\u0103","item":"https:\/\/www.healthy-heart.org\/ro\/pastrati-va-inima-sanatoasa\/"},{"@type":"ListItem","position":3,"name":"Diet\u0103 benefic\u0103 pentru inim\u0103"}]},{"@type":"WebSite","@id":"https:\/\/www.healthy-heart.org\/es\/#website","url":"https:\/\/www.healthy-heart.org\/es\/","name":"Healthy-Heart.org","description":"Practical advice for patients and family care givers on the prevention of cardiovascular disease","potentialAction":[{"@type":"SearchAction","target":{"@type":"EntryPoint","urlTemplate":"https:\/\/www.healthy-heart.org\/es\/?s={search_term_string}"},"query-input":{"@type":"PropertyValueSpecification","valueRequired":true,"valueName":"search_term_string"}}],"inLanguage":"ro-RO"}]}},"_links":{"self":[{"href":"https:\/\/www.healthy-heart.org\/ro\/wp-json\/wp\/v2\/pages\/1790","targetHints":{"allow":["GET"]}}],"collection":[{"href":"https:\/\/www.healthy-heart.org\/ro\/wp-json\/wp\/v2\/pages"}],"about":[{"href":"https:\/\/www.healthy-heart.org\/ro\/wp-json\/wp\/v2\/types\/page"}],"author":[{"embeddable":true,"href":"https:\/\/www.healthy-heart.org\/ro\/wp-json\/wp\/v2\/users\/1"}],"replies":[{"embeddable":true,"href":"https:\/\/www.healthy-heart.org\/ro\/wp-json\/wp\/v2\/comments?post=1790"}],"version-history":[{"count":5,"href":"https:\/\/www.healthy-heart.org\/ro\/wp-json\/wp\/v2\/pages\/1790\/revisions"}],"predecessor-version":[{"id":7351,"href":"https:\/\/www.healthy-heart.org\/ro\/wp-json\/wp\/v2\/pages\/1790\/revisions\/7351"}],"up":[{"embeddable":true,"href":"https:\/\/www.healthy-heart.org\/ro\/wp-json\/wp\/v2\/pages\/1681"}],"wp:featuredmedia":[{"embeddable":true,"href":"https:\/\/www.healthy-heart.org\/ro\/wp-json\/wp\/v2\/media\/606"}],"wp:attachment":[{"href":"https:\/\/www.healthy-heart.org\/ro\/wp-json\/wp\/v2\/media?parent=1790"}],"wp:term":[{"taxonomy":"category","embeddable":true,"href":"https:\/\/www.healthy-heart.org\/ro\/wp-json\/wp\/v2\/categories?post=1790"},{"taxonomy":"post_tag","embeddable":true,"href":"https:\/\/www.healthy-heart.org\/ro\/wp-json\/wp\/v2\/tags?post=1790"}],"curies":[{"name":"wp","href":"https:\/\/api.w.org\/{rel}","templated":true}]}}