{"id":1775,"date":"2019-10-07T17:55:18","date_gmt":"2019-10-07T16:55:18","guid":{"rendered":"https:\/\/www.healthy-heart.org\/linkuri-utile\/"},"modified":"2024-02-27T16:13:21","modified_gmt":"2024-02-27T16:13:21","slug":"linkuri-utile","status":"publish","type":"page","link":"https:\/\/www.healthy-heart.org\/ro\/linkuri-utile\/","title":{"rendered":"Linkuri utile"},"content":{"rendered":"<h3><a href=\"https:\/\/www.afibmatters.org\">www.AfibMatters.org<\/a><\/h3>\n<p>Suferi\u021bi sau cunoa\u0219te\u021bi pe cineva care sufer\u0103 de fibrila\u021bie atrial\u0103? G\u0103si\u021bi toate informa\u021biile de care ave\u021bi nevoie pe acest site educa\u021bional conceput de profesioni\u0219tii din domeniul s\u0103n\u0103t\u0103\u021bii.<\/p>\n<p>&nbsp;<\/p>\n<h3><a href=\"https:\/\/www.heartfailurematters.org\">www.HeartFailureMatters.org<\/a><\/h3>\n<p>Informa\u021bii practice privind insuficien\u021ba cardiac\u0103 pentru pacien\u021bi, familii \u0219i \u00eengrijitori, furnizate de Asocia\u021bia pentru Insuficien\u021b\u0103 Cardiac\u0103 a Societ\u0103\u021bii Europene de Cardiologie.<\/p>\n<p>&nbsp;<\/p>\n<h3><a href=\"https:\/\/www.escardio.org\/Guidelines\/guidelines-for-patients\" target=\"_blank\" rel=\"noopener\">Ghid ESC pentru pacien\u021bi<\/a><\/h3>\n<p>Pe baza Ghidului de practic\u0103 clinic\u0103 ESC, aceste documente sunt menite s\u0103 contribuie la \u00een\u021belegerea afec\u021biunii dvs., pentru a v\u0103 oferi cuno\u0219tin\u021bele \u0219i \u00eencrederea de a v\u0103 implica \u00een procesul decizional comun cu furnizorii dvs. de servicii medicale<br \/>\n<a href=\"https:\/\/www.escardio.org\/static-file\/Escardio\/Guidelines\/Documents\/ESC%20Patient%20Guidelines%20CVD%20in%20patients%20with%20diabetes\"><img loading=\"lazy\" decoding=\"async\" class=\"size-full wp-image-7162 alignright\" src=\"https:\/\/cdn-endpoint-prev.azureedge.net\/healthy-heart\/2024\/02\/CVD_diabetes_patient_GL_cover_escardio-vPhotoMedium.png\" alt=\"\" width=\"176\" height=\"250\" srcset=\"https:\/\/cdn-endpoint-prev.azureedge.net\/healthy-heart\/2024\/02\/CVD_diabetes_patient_GL_cover_escardio-vPhotoMedium.png 176w, https:\/\/cdn-endpoint-prev.azureedge.net\/healthy-heart\/2024\/02\/CVD_diabetes_patient_GL_cover_escardio-vPhotoMedium-141x200.png 141w\" sizes=\"auto, (max-width: 176px) 100vw, 176px\" \/><\/a><\/p>\n<h4><a href=\"https:\/\/www.escardio.org\/static-file\/Escardio\/Guidelines\/Documents\/ESC%20Patient%20Guidelines%20CVD%20in%20patients%20with%20diabetes\">Diabetul<\/a><\/h4>\n<p>Pacien\u021bii cu diabet sunt expu\u0219i unui risc mai mare de dezvoltare a bolilor cardiovasculare \u0219i de apari\u021bie a unor accidente cardiovasculare, cum ar fi atacurile de cord, \u00een compara\u021bie cu pacien\u021bii care nu sufer\u0103 de diabet.<\/p>\n<p>Acest ghid v\u0103 ofer\u0103 o prezentare general\u0103 a ultimelor recomand\u0103ri, bazate pe dovezi, cu privire la leg\u0103tura dintre bolile cardiovasculare \u0219i diabet. \u00cen special, \u00ee\u0219i propune s\u0103 v\u0103 ajute s\u0103 \u00een\u021belege\u021bi:<\/p>\n<ul>\n<li>Care sunt diferitele afec\u021biuni care cresc riscul de accidente cardiovasculare la pacien\u021bii cu diabet<\/li>\n<li>Care sunt tratamentele recomandate pentru reducerea riscului cardiovascular<\/li>\n<li>Care sunt modific\u0103rile stilului de via\u021b\u0103 care pot ajuta la reducerea riscului cardiovascular<\/li>\n<\/ul>\n<p>&nbsp;<\/p>\n<h4><a href=\"https:\/\/www.escardio.org\/static-file\/Escardio\/Advocacy\/Documents\/ESC%20CVD%20prevention%20guidelines%20-%20final%20PDF.pdf\">Prevenirea bolilor cardiovasculare<\/a><a href=\"https:\/\/www.escardio.org\/static-file\/Escardio\/Advocacy\/Documents\/ESC%20CVD%20prevention%20guidelines%20-%20final%20PDF.pdf\"><img loading=\"lazy\" decoding=\"async\" class=\"alignright wp-image-7149 size-full\" src=\"https:\/\/cdn-endpoint-prev.azureedge.net\/healthy-heart\/2024\/02\/Cover-image-CVDPrevention_escardio-hPhotoSmall.png\" alt=\"\" width=\"178\" height=\"250\" srcset=\"https:\/\/cdn-endpoint-prev.azureedge.net\/healthy-heart\/2024\/02\/Cover-image-CVDPrevention_escardio-hPhotoSmall.png 178w, https:\/\/www.healthy-heart.org\/wp-content\/uploads\/2024\/02\/Cover-image-CVDPrevention_escardio-hPhotoSmall-142x200.png 142w\" sizes=\"auto, (max-width: 178px) 100vw, 178px\" \/><\/a><\/h4>\n<p>Acest ghid pentru pacien\u021bi \u00ee\u0219i propune s\u0103 v\u0103 ofere o prezentare general\u0103 a ultimelor recomand\u0103ri, bazate pe dovezi, cu privire la preven\u021bia bolilor cardiovasculare. \u00cen special, \u00ee\u0219i propune s\u0103 v\u0103 ajute s\u0103 \u00een\u021belege\u021bi:<\/p>\n<ul>\n<li>Cum este evaluat riscul de boli cardiovasculare<\/li>\n<li>C\u00e2t sunt de importante modific\u0103rile stilului de via\u021b\u0103 pentru preven\u021bia bolilor cardiovasculare<\/li>\n<li>Care sunt tratamentele \u0219i obiectivele de tratament care pot fi considerate adecvate, pe baza profilului dvs. de risc<\/li>\n<\/ul>\n<p>&nbsp;<\/p>\n<p>&nbsp;<\/p>\n<p>&nbsp;<\/p>\n<p>&nbsp;<\/p>\n","protected":false},"excerpt":{"rendered":"<p>www.AfibMatters.org Suferi\u021bi sau cunoa\u0219te\u021bi pe cineva care sufer\u0103 de fibrila\u021bie atrial\u0103? G\u0103si\u021bi toate informa\u021biile de care ave\u021bi nevoie pe acest site educa\u021bional conceput de profesioni\u0219tii din domeniul s\u0103n\u0103t\u0103\u021bii. &nbsp; www.HeartFailureMatters.org Informa\u021bii practice privind insuficien\u021ba cardiac\u0103 pentru pacien\u021bi, familii \u0219i \u00eengrijitori, furnizate de Asocia\u021bia pentru Insuficien\u021b\u0103 Cardiac\u0103 a Societ\u0103\u021bii Europene de Cardiologie. &nbsp; Ghid ESC pentru [&hellip;]<\/p>\n","protected":false},"author":1,"featured_media":689,"parent":0,"menu_order":0,"comment_status":"closed","ping_status":"closed","template":"templates\/full.php","meta":{"_acf_changed":false,"footnotes":""},"categories":[],"tags":[],"class_list":["post-1775","page","type-page","status-publish","has-post-thumbnail","hentry"],"acf":[],"yoast_head":"<!-- This site is optimized with the Yoast SEO plugin v24.0 - https:\/\/yoast.com\/wordpress\/plugins\/seo\/ -->\n<title>Linkuri utile - Healthy-Heart.org<\/title>\n<meta name=\"description\" content=\"Linkuri privind problemele cardiace pentru a oferi mai multe informa\u021bii utile.\" \/>\n<meta name=\"robots\" content=\"index, follow, max-snippet:-1, max-image-preview:large, max-video-preview:-1\" \/>\n<link rel=\"canonical\" href=\"https:\/\/www.healthy-heart.org\/ro\/linkuri-utile\/\" \/>\n<meta property=\"og:locale\" content=\"ro_RO\" \/>\n<meta property=\"og:type\" content=\"article\" \/>\n<meta property=\"og:title\" content=\"Linkuri utile - Healthy-Heart.org\" \/>\n<meta property=\"og:description\" content=\"Linkuri privind problemele cardiace pentru a oferi mai multe informa\u021bii utile.\" \/>\n<meta property=\"og:url\" content=\"https:\/\/www.healthy-heart.org\/ro\/linkuri-utile\/\" \/>\n<meta property=\"og:site_name\" content=\"Healthy-Heart.org\" \/>\n<meta property=\"article:modified_time\" content=\"2024-02-27T16:13:21+00:00\" \/>\n<meta property=\"og:image\" content=\"https:\/\/www.healthy-heart.org\/wp-content\/uploads\/2019\/07\/iStock-475709316-1024x773.jpg\" \/>\n\t<meta property=\"og:image:width\" content=\"1024\" \/>\n\t<meta property=\"og:image:height\" content=\"773\" \/>\n\t<meta property=\"og:image:type\" content=\"image\/jpeg\" \/>\n<meta name=\"twitter:card\" content=\"summary_large_image\" \/>\n<meta name=\"twitter:label1\" content=\"Timp estimat pentru citire\" \/>\n\t<meta name=\"twitter:data1\" content=\"2 minute\" \/>\n<script type=\"application\/ld+json\" class=\"yoast-schema-graph\">{\"@context\":\"https:\/\/schema.org\",\"@graph\":[{\"@type\":\"WebPage\",\"@id\":\"https:\/\/www.healthy-heart.org\/ro\/linkuri-utile\/\",\"url\":\"https:\/\/www.healthy-heart.org\/ro\/linkuri-utile\/\",\"name\":\"Linkuri utile - Healthy-Heart.org\",\"isPartOf\":{\"@id\":\"https:\/\/www.healthy-heart.org\/es\/#website\"},\"primaryImageOfPage\":{\"@id\":\"https:\/\/www.healthy-heart.org\/ro\/linkuri-utile\/#primaryimage\"},\"image\":{\"@id\":\"https:\/\/www.healthy-heart.org\/ro\/linkuri-utile\/#primaryimage\"},\"thumbnailUrl\":\"https:\/\/www.healthy-heart.org\/wp-content\/uploads\/2019\/07\/iStock-475709316.jpg\",\"datePublished\":\"2019-10-07T16:55:18+00:00\",\"dateModified\":\"2024-02-27T16:13:21+00:00\",\"description\":\"Linkuri privind problemele cardiace pentru a oferi mai multe informa\u021bii utile.\",\"breadcrumb\":{\"@id\":\"https:\/\/www.healthy-heart.org\/ro\/linkuri-utile\/#breadcrumb\"},\"inLanguage\":\"ro-RO\",\"potentialAction\":[{\"@type\":\"ReadAction\",\"target\":[\"https:\/\/www.healthy-heart.org\/ro\/linkuri-utile\/\"]}]},{\"@type\":\"ImageObject\",\"inLanguage\":\"ro-RO\",\"@id\":\"https:\/\/www.healthy-heart.org\/ro\/linkuri-utile\/#primaryimage\",\"url\":\"https:\/\/www.healthy-heart.org\/wp-content\/uploads\/2019\/07\/iStock-475709316.jpg\",\"contentUrl\":\"https:\/\/www.healthy-heart.org\/wp-content\/uploads\/2019\/07\/iStock-475709316.jpg\",\"width\":5616,\"height\":4240,\"caption\":\"High angle view of three arrows drawn on the street, pointed in different directions\"},{\"@type\":\"BreadcrumbList\",\"@id\":\"https:\/\/www.healthy-heart.org\/ro\/linkuri-utile\/#breadcrumb\",\"itemListElement\":[{\"@type\":\"ListItem\",\"position\":1,\"name\":\"Home\",\"item\":\"https:\/\/www.healthy-heart.org\/ro\/\"},{\"@type\":\"ListItem\",\"position\":2,\"name\":\"Linkuri utile\"}]},{\"@type\":\"WebSite\",\"@id\":\"https:\/\/www.healthy-heart.org\/es\/#website\",\"url\":\"https:\/\/www.healthy-heart.org\/es\/\",\"name\":\"Healthy-Heart.org\",\"description\":\"Practical advice for patients and family care givers on the prevention of cardiovascular disease\",\"potentialAction\":[{\"@type\":\"SearchAction\",\"target\":{\"@type\":\"EntryPoint\",\"urlTemplate\":\"https:\/\/www.healthy-heart.org\/es\/?s={search_term_string}\"},\"query-input\":{\"@type\":\"PropertyValueSpecification\",\"valueRequired\":true,\"valueName\":\"search_term_string\"}}],\"inLanguage\":\"ro-RO\"}]}<\/script>\n<!-- \/ Yoast SEO plugin. -->","yoast_head_json":{"title":"Linkuri utile - Healthy-Heart.org","description":"Linkuri privind problemele cardiace pentru a oferi mai multe informa\u021bii utile.","robots":{"index":"index","follow":"follow","max-snippet":"max-snippet:-1","max-image-preview":"max-image-preview:large","max-video-preview":"max-video-preview:-1"},"canonical":"https:\/\/www.healthy-heart.org\/ro\/linkuri-utile\/","og_locale":"ro_RO","og_type":"article","og_title":"Linkuri utile - Healthy-Heart.org","og_description":"Linkuri privind problemele cardiace pentru a oferi mai multe informa\u021bii utile.","og_url":"https:\/\/www.healthy-heart.org\/ro\/linkuri-utile\/","og_site_name":"Healthy-Heart.org","article_modified_time":"2024-02-27T16:13:21+00:00","og_image":[{"width":1024,"height":773,"url":"https:\/\/www.healthy-heart.org\/wp-content\/uploads\/2019\/07\/iStock-475709316-1024x773.jpg","type":"image\/jpeg"}],"twitter_card":"summary_large_image","twitter_misc":{"Timp estimat pentru citire":"2 minute"},"schema":{"@context":"https:\/\/schema.org","@graph":[{"@type":"WebPage","@id":"https:\/\/www.healthy-heart.org\/ro\/linkuri-utile\/","url":"https:\/\/www.healthy-heart.org\/ro\/linkuri-utile\/","name":"Linkuri utile - Healthy-Heart.org","isPartOf":{"@id":"https:\/\/www.healthy-heart.org\/es\/#website"},"primaryImageOfPage":{"@id":"https:\/\/www.healthy-heart.org\/ro\/linkuri-utile\/#primaryimage"},"image":{"@id":"https:\/\/www.healthy-heart.org\/ro\/linkuri-utile\/#primaryimage"},"thumbnailUrl":"https:\/\/www.healthy-heart.org\/wp-content\/uploads\/2019\/07\/iStock-475709316.jpg","datePublished":"2019-10-07T16:55:18+00:00","dateModified":"2024-02-27T16:13:21+00:00","description":"Linkuri privind problemele cardiace pentru a oferi mai multe informa\u021bii utile.","breadcrumb":{"@id":"https:\/\/www.healthy-heart.org\/ro\/linkuri-utile\/#breadcrumb"},"inLanguage":"ro-RO","potentialAction":[{"@type":"ReadAction","target":["https:\/\/www.healthy-heart.org\/ro\/linkuri-utile\/"]}]},{"@type":"ImageObject","inLanguage":"ro-RO","@id":"https:\/\/www.healthy-heart.org\/ro\/linkuri-utile\/#primaryimage","url":"https:\/\/www.healthy-heart.org\/wp-content\/uploads\/2019\/07\/iStock-475709316.jpg","contentUrl":"https:\/\/www.healthy-heart.org\/wp-content\/uploads\/2019\/07\/iStock-475709316.jpg","width":5616,"height":4240,"caption":"High angle view of three arrows drawn on the street, pointed in different directions"},{"@type":"BreadcrumbList","@id":"https:\/\/www.healthy-heart.org\/ro\/linkuri-utile\/#breadcrumb","itemListElement":[{"@type":"ListItem","position":1,"name":"Home","item":"https:\/\/www.healthy-heart.org\/ro\/"},{"@type":"ListItem","position":2,"name":"Linkuri utile"}]},{"@type":"WebSite","@id":"https:\/\/www.healthy-heart.org\/es\/#website","url":"https:\/\/www.healthy-heart.org\/es\/","name":"Healthy-Heart.org","description":"Practical advice for patients and family care givers on the prevention of cardiovascular disease","potentialAction":[{"@type":"SearchAction","target":{"@type":"EntryPoint","urlTemplate":"https:\/\/www.healthy-heart.org\/es\/?s={search_term_string}"},"query-input":{"@type":"PropertyValueSpecification","valueRequired":true,"valueName":"search_term_string"}}],"inLanguage":"ro-RO"}]}},"_links":{"self":[{"href":"https:\/\/www.healthy-heart.org\/ro\/wp-json\/wp\/v2\/pages\/1775","targetHints":{"allow":["GET"]}}],"collection":[{"href":"https:\/\/www.healthy-heart.org\/ro\/wp-json\/wp\/v2\/pages"}],"about":[{"href":"https:\/\/www.healthy-heart.org\/ro\/wp-json\/wp\/v2\/types\/page"}],"author":[{"embeddable":true,"href":"https:\/\/www.healthy-heart.org\/ro\/wp-json\/wp\/v2\/users\/1"}],"replies":[{"embeddable":true,"href":"https:\/\/www.healthy-heart.org\/ro\/wp-json\/wp\/v2\/comments?post=1775"}],"version-history":[{"count":3,"href":"https:\/\/www.healthy-heart.org\/ro\/wp-json\/wp\/v2\/pages\/1775\/revisions"}],"predecessor-version":[{"id":7191,"href":"https:\/\/www.healthy-heart.org\/ro\/wp-json\/wp\/v2\/pages\/1775\/revisions\/7191"}],"wp:featuredmedia":[{"embeddable":true,"href":"https:\/\/www.healthy-heart.org\/ro\/wp-json\/wp\/v2\/media\/689"}],"wp:attachment":[{"href":"https:\/\/www.healthy-heart.org\/ro\/wp-json\/wp\/v2\/media?parent=1775"}],"wp:term":[{"taxonomy":"category","embeddable":true,"href":"https:\/\/www.healthy-heart.org\/ro\/wp-json\/wp\/v2\/categories?post=1775"},{"taxonomy":"post_tag","embeddable":true,"href":"https:\/\/www.healthy-heart.org\/ro\/wp-json\/wp\/v2\/tags?post=1775"}],"curies":[{"name":"wp","href":"https:\/\/api.w.org\/{rel}","templated":true}]}}