{"id":1765,"date":"2019-10-07T17:54:38","date_gmt":"2019-10-07T16:54:38","guid":{"rendered":"https:\/\/www.healthy-heart.org\/despre-esc\/"},"modified":"2019-10-07T17:54:38","modified_gmt":"2019-10-07T16:54:38","slug":"despre-esc","status":"publish","type":"page","link":"https:\/\/www.healthy-heart.org\/ro\/despre-esc\/","title":{"rendered":"Despre ESC"},"content":{"rendered":"<p>Suntem o societate medical\u0103 non-profit condus\u0103 de profesioni\u0219ti cardiovasculari care \u00ee\u0219i ofer\u0103 voluntar timpul \u0219i cuno\u0219tin\u021bele de specialitate.<br \/>\nNe concentr\u0103m asupra prevenirii, diagnostic\u0103rii \u0219i gestion\u0103rii bolilor inimii \u0219i vaselor de s\u00e2nge.<br \/>\nConsider\u0103m c\u0103 povara bolilor cardiovasculare poate fi redus\u0103 prin colaborare \u0219i cercetare. De aceea, unim societ\u0103\u021bile cardiace na\u021bionale, subspecialit\u0103\u021bile cardiovasculare \u0219i membrii individuali ai ESC din \u00eentreaga lume.<br \/>\nPropag\u0103m cele mai recente cuno\u0219tin\u021be \u0219tiin\u021bifice, bazate pe dovezi, profesioni\u0219tilor din domeniul cardiovascular, astfel \u00eenc\u00e2t ace\u0219tia s\u0103 \u00ee\u0219i poat\u0103 \u00eengriji mai bine pacien\u021bii.<\/p>\n<p>Societatea European\u0103 de Cardiologie (ESC) este o organiza\u021bie \u00eenregistrat\u0103 \u00een temeiul Legii franceze din 1901 privind asocia\u021biile, cu num\u0103rul W061005017.<br \/>\nSediul social: Soci\u00e9t\u00e9 Europ\u00e9enne de Cardiologie, 2035 route des Colles, Les Templiers, CS 80179 Biot, 06903 Sophia Antipolis, Fran\u021ba.<\/p>\n<p>Pentru mai multe informa\u021bii, consulta\u021bi site-ul <a href=\"https:\/\/www.escardio.org\/\">web al ESC<\/a>.<\/p>\n<p>&nbsp;<\/p>\n<h2>Despre healthy-heart.org<\/h2>\n<p>Un num\u0103r mare de persoane din \u00eentreaga lume sunt expuse riscului unui eveniment cardiovascular, inclusiv infarct miocardic \u0219i accident vascular cerebral. Probabilitatea de a suferi un astfel de eveniment \u0219i de a muri din cauza acestuia este mai mare la pacien\u021bii care nu \u00ee\u0219i \u00eembun\u0103t\u0103\u021besc stilul de via\u021b\u0103 sau care nu iau medicamente pentru sc\u0103derea tensiunii arteriale sau a nivelurilor de colesterol d\u0103un\u0103tor.<\/p>\n<p>Scopul acestui site web este de a oferi publicului sfaturi clare, practice, cu privire la prevenirea bolilor cardiovasculare. Acesta este derivat din ghidurile actuale de practic\u0103 clinic\u0103 \u0219i a fost scris de exper\u021bi de v\u00e2rf \u00een prevenirea cardiovascular\u0103.<\/p>\n<p>Aceste informa\u021bii sunt concepute pentru a completa, mai degrab\u0103 dec\u00e2t a \u00eenlocui, sprijinul \u0219i \u00eengrijirea pe care le primi\u021bi de la medicul dvs. sau de la un alt furnizor de asisten\u021b\u0103 medical\u0103.<\/p>\n","protected":false},"excerpt":{"rendered":"<p>Suntem o societate medical\u0103 non-profit condus\u0103 de profesioni\u0219ti cardiovasculari care \u00ee\u0219i ofer\u0103 voluntar timpul \u0219i cuno\u0219tin\u021bele de specialitate. Ne concentr\u0103m asupra prevenirii, diagnostic\u0103rii \u0219i gestion\u0103rii bolilor inimii \u0219i vaselor de s\u00e2nge. Consider\u0103m c\u0103 povara bolilor cardiovasculare poate fi redus\u0103 prin colaborare \u0219i cercetare. De aceea, unim societ\u0103\u021bile cardiace na\u021bionale, subspecialit\u0103\u021bile cardiovasculare \u0219i membrii individuali ai [&hellip;]<\/p>\n","protected":false},"author":1,"featured_media":1664,"parent":0,"menu_order":0,"comment_status":"closed","ping_status":"closed","template":"templates\/full.php","meta":{"_acf_changed":false,"footnotes":""},"categories":[],"tags":[],"class_list":["post-1765","page","type-page","status-publish","has-post-thumbnail","hentry"],"acf":[],"yoast_head":"<!-- This site is optimized with the Yoast SEO plugin v24.0 - https:\/\/yoast.com\/wordpress\/plugins\/seo\/ -->\n<title>Despre ESC - Healthy-Heart.org<\/title>\n<meta name=\"description\" content=\"Societate medical\u0103 non-profit condus\u0103 de profesioni\u0219ti cardiovasculari axa\u021bi pe prevenirea, diagnosticarea \u0219i gestionarea bolilor de inim\u0103.\" \/>\n<meta name=\"robots\" content=\"index, follow, max-snippet:-1, max-image-preview:large, max-video-preview:-1\" \/>\n<link rel=\"canonical\" href=\"https:\/\/www.healthy-heart.org\/ro\/despre-esc\/\" \/>\n<meta property=\"og:locale\" content=\"ro_RO\" \/>\n<meta property=\"og:type\" content=\"article\" \/>\n<meta property=\"og:title\" content=\"Despre ESC - Healthy-Heart.org\" \/>\n<meta property=\"og:description\" content=\"Societate medical\u0103 non-profit condus\u0103 de profesioni\u0219ti cardiovasculari axa\u021bi pe prevenirea, diagnosticarea \u0219i gestionarea bolilor de inim\u0103.\" \/>\n<meta property=\"og:url\" content=\"https:\/\/www.healthy-heart.org\/ro\/despre-esc\/\" \/>\n<meta property=\"og:site_name\" content=\"Healthy-Heart.org\" \/>\n<meta property=\"og:image\" content=\"https:\/\/www.healthy-heart.org\/wp-content\/uploads\/2019\/07\/iStock-953674568-1024x683.jpg\" \/>\n\t<meta property=\"og:image:width\" content=\"1024\" \/>\n\t<meta property=\"og:image:height\" content=\"683\" \/>\n\t<meta property=\"og:image:type\" content=\"image\/jpeg\" \/>\n<meta name=\"twitter:card\" content=\"summary_large_image\" \/>\n<meta name=\"twitter:label1\" content=\"Timp estimat pentru citire\" \/>\n\t<meta name=\"twitter:data1\" content=\"2 minute\" \/>\n<script type=\"application\/ld+json\" class=\"yoast-schema-graph\">{\"@context\":\"https:\/\/schema.org\",\"@graph\":[{\"@type\":\"WebPage\",\"@id\":\"https:\/\/www.healthy-heart.org\/ro\/despre-esc\/\",\"url\":\"https:\/\/www.healthy-heart.org\/ro\/despre-esc\/\",\"name\":\"Despre ESC - Healthy-Heart.org\",\"isPartOf\":{\"@id\":\"https:\/\/www.healthy-heart.org\/es\/#website\"},\"primaryImageOfPage\":{\"@id\":\"https:\/\/www.healthy-heart.org\/ro\/despre-esc\/#primaryimage\"},\"image\":{\"@id\":\"https:\/\/www.healthy-heart.org\/ro\/despre-esc\/#primaryimage\"},\"thumbnailUrl\":\"https:\/\/www.healthy-heart.org\/wp-content\/uploads\/2019\/07\/iStock-953674568.jpg\",\"datePublished\":\"2019-10-07T16:54:38+00:00\",\"dateModified\":\"2019-10-07T16:54:38+00:00\",\"description\":\"Societate medical\u0103 non-profit condus\u0103 de profesioni\u0219ti cardiovasculari axa\u021bi pe prevenirea, diagnosticarea \u0219i gestionarea bolilor de inim\u0103.\",\"breadcrumb\":{\"@id\":\"https:\/\/www.healthy-heart.org\/ro\/despre-esc\/#breadcrumb\"},\"inLanguage\":\"ro-RO\",\"potentialAction\":[{\"@type\":\"ReadAction\",\"target\":[\"https:\/\/www.healthy-heart.org\/ro\/despre-esc\/\"]}]},{\"@type\":\"ImageObject\",\"inLanguage\":\"ro-RO\",\"@id\":\"https:\/\/www.healthy-heart.org\/ro\/despre-esc\/#primaryimage\",\"url\":\"https:\/\/www.healthy-heart.org\/wp-content\/uploads\/2019\/07\/iStock-953674568.jpg\",\"contentUrl\":\"https:\/\/www.healthy-heart.org\/wp-content\/uploads\/2019\/07\/iStock-953674568.jpg\",\"width\":3548,\"height\":2365},{\"@type\":\"BreadcrumbList\",\"@id\":\"https:\/\/www.healthy-heart.org\/ro\/despre-esc\/#breadcrumb\",\"itemListElement\":[{\"@type\":\"ListItem\",\"position\":1,\"name\":\"Home\",\"item\":\"https:\/\/www.healthy-heart.org\/ro\/\"},{\"@type\":\"ListItem\",\"position\":2,\"name\":\"Despre ESC\"}]},{\"@type\":\"WebSite\",\"@id\":\"https:\/\/www.healthy-heart.org\/es\/#website\",\"url\":\"https:\/\/www.healthy-heart.org\/es\/\",\"name\":\"Healthy-Heart.org\",\"description\":\"Practical advice for patients and family care givers on the prevention of cardiovascular disease\",\"potentialAction\":[{\"@type\":\"SearchAction\",\"target\":{\"@type\":\"EntryPoint\",\"urlTemplate\":\"https:\/\/www.healthy-heart.org\/es\/?s={search_term_string}\"},\"query-input\":{\"@type\":\"PropertyValueSpecification\",\"valueRequired\":true,\"valueName\":\"search_term_string\"}}],\"inLanguage\":\"ro-RO\"}]}<\/script>\n<!-- \/ Yoast SEO plugin. -->","yoast_head_json":{"title":"Despre ESC - Healthy-Heart.org","description":"Societate medical\u0103 non-profit condus\u0103 de profesioni\u0219ti cardiovasculari axa\u021bi pe prevenirea, diagnosticarea \u0219i gestionarea bolilor de inim\u0103.","robots":{"index":"index","follow":"follow","max-snippet":"max-snippet:-1","max-image-preview":"max-image-preview:large","max-video-preview":"max-video-preview:-1"},"canonical":"https:\/\/www.healthy-heart.org\/ro\/despre-esc\/","og_locale":"ro_RO","og_type":"article","og_title":"Despre ESC - Healthy-Heart.org","og_description":"Societate medical\u0103 non-profit condus\u0103 de profesioni\u0219ti cardiovasculari axa\u021bi pe prevenirea, diagnosticarea \u0219i gestionarea bolilor de inim\u0103.","og_url":"https:\/\/www.healthy-heart.org\/ro\/despre-esc\/","og_site_name":"Healthy-Heart.org","og_image":[{"width":1024,"height":683,"url":"https:\/\/www.healthy-heart.org\/wp-content\/uploads\/2019\/07\/iStock-953674568-1024x683.jpg","type":"image\/jpeg"}],"twitter_card":"summary_large_image","twitter_misc":{"Timp estimat pentru citire":"2 minute"},"schema":{"@context":"https:\/\/schema.org","@graph":[{"@type":"WebPage","@id":"https:\/\/www.healthy-heart.org\/ro\/despre-esc\/","url":"https:\/\/www.healthy-heart.org\/ro\/despre-esc\/","name":"Despre ESC - Healthy-Heart.org","isPartOf":{"@id":"https:\/\/www.healthy-heart.org\/es\/#website"},"primaryImageOfPage":{"@id":"https:\/\/www.healthy-heart.org\/ro\/despre-esc\/#primaryimage"},"image":{"@id":"https:\/\/www.healthy-heart.org\/ro\/despre-esc\/#primaryimage"},"thumbnailUrl":"https:\/\/www.healthy-heart.org\/wp-content\/uploads\/2019\/07\/iStock-953674568.jpg","datePublished":"2019-10-07T16:54:38+00:00","dateModified":"2019-10-07T16:54:38+00:00","description":"Societate medical\u0103 non-profit condus\u0103 de profesioni\u0219ti cardiovasculari axa\u021bi pe prevenirea, diagnosticarea \u0219i gestionarea bolilor de inim\u0103.","breadcrumb":{"@id":"https:\/\/www.healthy-heart.org\/ro\/despre-esc\/#breadcrumb"},"inLanguage":"ro-RO","potentialAction":[{"@type":"ReadAction","target":["https:\/\/www.healthy-heart.org\/ro\/despre-esc\/"]}]},{"@type":"ImageObject","inLanguage":"ro-RO","@id":"https:\/\/www.healthy-heart.org\/ro\/despre-esc\/#primaryimage","url":"https:\/\/www.healthy-heart.org\/wp-content\/uploads\/2019\/07\/iStock-953674568.jpg","contentUrl":"https:\/\/www.healthy-heart.org\/wp-content\/uploads\/2019\/07\/iStock-953674568.jpg","width":3548,"height":2365},{"@type":"BreadcrumbList","@id":"https:\/\/www.healthy-heart.org\/ro\/despre-esc\/#breadcrumb","itemListElement":[{"@type":"ListItem","position":1,"name":"Home","item":"https:\/\/www.healthy-heart.org\/ro\/"},{"@type":"ListItem","position":2,"name":"Despre ESC"}]},{"@type":"WebSite","@id":"https:\/\/www.healthy-heart.org\/es\/#website","url":"https:\/\/www.healthy-heart.org\/es\/","name":"Healthy-Heart.org","description":"Practical advice for patients and family care givers on the prevention of cardiovascular disease","potentialAction":[{"@type":"SearchAction","target":{"@type":"EntryPoint","urlTemplate":"https:\/\/www.healthy-heart.org\/es\/?s={search_term_string}"},"query-input":{"@type":"PropertyValueSpecification","valueRequired":true,"valueName":"search_term_string"}}],"inLanguage":"ro-RO"}]}},"_links":{"self":[{"href":"https:\/\/www.healthy-heart.org\/ro\/wp-json\/wp\/v2\/pages\/1765","targetHints":{"allow":["GET"]}}],"collection":[{"href":"https:\/\/www.healthy-heart.org\/ro\/wp-json\/wp\/v2\/pages"}],"about":[{"href":"https:\/\/www.healthy-heart.org\/ro\/wp-json\/wp\/v2\/types\/page"}],"author":[{"embeddable":true,"href":"https:\/\/www.healthy-heart.org\/ro\/wp-json\/wp\/v2\/users\/1"}],"replies":[{"embeddable":true,"href":"https:\/\/www.healthy-heart.org\/ro\/wp-json\/wp\/v2\/comments?post=1765"}],"version-history":[{"count":0,"href":"https:\/\/www.healthy-heart.org\/ro\/wp-json\/wp\/v2\/pages\/1765\/revisions"}],"wp:featuredmedia":[{"embeddable":true,"href":"https:\/\/www.healthy-heart.org\/ro\/wp-json\/wp\/v2\/media\/1664"}],"wp:attachment":[{"href":"https:\/\/www.healthy-heart.org\/ro\/wp-json\/wp\/v2\/media?parent=1765"}],"wp:term":[{"taxonomy":"category","embeddable":true,"href":"https:\/\/www.healthy-heart.org\/ro\/wp-json\/wp\/v2\/categories?post=1765"},{"taxonomy":"post_tag","embeddable":true,"href":"https:\/\/www.healthy-heart.org\/ro\/wp-json\/wp\/v2\/tags?post=1765"}],"curies":[{"name":"wp","href":"https:\/\/api.w.org\/{rel}","templated":true}]}}