{"id":1758,"date":"2019-10-07T17:54:29","date_gmt":"2019-10-07T16:54:29","guid":{"rendered":"https:\/\/www.healthy-heart.org\/multumiri-autorilor\/"},"modified":"2020-03-24T10:06:46","modified_gmt":"2020-03-24T10:06:46","slug":"multumiri-autorilor","status":"publish","type":"page","link":"https:\/\/www.healthy-heart.org\/ro\/multumiri-autorilor\/","title":{"rendered":"Mul\u021bumiri autorilor"},"content":{"rendered":"<p>Acest site web a fost dezvoltat \u00een cadrul Programului ESC de prevenire a bolilor cardiovasculare, care este condus de Asocia\u021bia European\u0103 de Cardiologie Preventiv\u0103 (EAPC) \u00een colaborare cu Asocia\u021bia de \u00cengrijire Cardiovascular\u0103 Acut\u0103 (ACVC) \u0219i Consiliul pentru Asisten\u021b\u0103 Cardiovascular\u0103 \u0219i Profesii \u00cenrudite (ACNAP).<\/p>\n<p>Con\u021binutul acestui site web este original \u0219i se bazeaz\u0103 pe recomand\u0103ri \u00een conformitate cu Ghidurile europene de practic\u0103 ale ESC.<\/p>\n<p>Suntem recunosc\u0103tori urm\u0103torilor autori voluntari pentru contribu\u021bia lor la crearea con\u021binutului pentru acest site web:<\/p>\n<table class=\"no-border\">\n<tbody>\n<tr>\n<td>\n<ul>\n<li>Neil Angus<\/li>\n<li>Maria B\u00e4ck<\/li>\n<li>Ugo Corra<\/li>\n<li>Flavio D&#8217;Ascenzi<\/li>\n<li>Guy de Backer<\/li>\n<li>Tine de Backer<\/li>\n<li>Silvia Castelletti<\/li>\n<li>Mark Cobain<\/li>\n<li>Karen De Munck<\/li>\n<li>Paul Dendale<\/li>\n<li>Jannick A.N. Dorresteijn<\/li>\n<li>Ines Frederix<\/li>\n<li>Andreas Gevaert<\/li>\n<li>Ian Graham<\/li>\n<li>Dominique Hansen<\/li>\n<li>Jeroen Hendriks<\/li>\n<li>Stefan H\u00f6fer<\/li>\n<li>Kees Hovingh<\/li>\n<li>Tiny Jaarsma<\/li>\n<li>Arne Janssen<\/li>\n<li>Claire Kerins<\/li>\n<li>Mary Kerins<\/li>\n<li>Konstantin Krychtiuk<\/li>\n<\/ul>\n<\/td>\n<td>\n<ul>\n<li>Gerry Lee<\/li>\n<li>Sergio Leonardi<\/li>\n<li>Dassy Levy<\/li>\n<li>Carolina Lombardi<\/li>\n<li>Gabrielle McKee<\/li>\n<li>Alexandru Mischie<\/li>\n<li>Lis Neubeck<\/li>\n<li>Josef Niebauer<\/li>\n<li>Demosthenes Panagiotakos<\/li>\n<li>Gianfranco Parati<\/li>\n<li>Lene Pedersen<\/li>\n<li>Martino Pengo<\/li>\n<li>Massimo F Piepoli<\/li>\n<li>Eva Prescott<\/li>\n<li>Gabriele Riccardi<\/li>\n<li>Martijn Scherreberg<\/li>\n<li>Walter Speidl<\/li>\n<li>Izabella Uchmanowicz<\/li>\n<li>Frank Vandereyt<\/li>\n<li>Vass Vassiliou<\/li>\n<li>Monique Verschuren<\/li>\n<li>Frank L.J. Visseren<\/li>\n<li>Christiaan Vrints<\/li>\n<\/ul>\n<\/td>\n<\/tr>\n<\/tbody>\n<\/table>\n<p>&nbsp;<\/p>\n<p style=\"font-weight: 400;\">Suntem recunosc\u0103tori urm\u0103torilor membri ai Forumului ESC pentru pacien\u021bi care au contribuit la dezvoltarea acestui site web:<\/p>\n<ul style=\"font-weight: 400;\">\n<li>Inga Drossart<\/li>\n<li>Dan Foldager<\/li>\n<li>Henrik Norrild<\/li>\n<li>James Ainslie<\/li>\n<\/ul>\n<p>&nbsp;<\/p>\n<p>Mul\u021bumim urm\u0103torilor voluntari pentru contribu\u021biile aduse la revizuirea con\u021binutului acestui site web:<\/p>\n<table class=\"no-border\">\n<tbody>\n<tr>\n<td>\n<ul>\n<li>Marie-Christine Iliou (French)<\/li>\n<li>Salvatore Novo (Italian)<\/li>\n<li>Regina Dalmau (Spanish)<\/li>\n<li>Piotr Jankowski (Polish)<\/li>\n<li>Vincent Aengevaeren (Dutch)<\/li>\n<li>Dan Gaita (Romanian)<\/li>\n<li>Stefan Busnatu (Romanian)<\/li>\n<\/ul>\n<\/td>\n<td>\n<ul>\n<li>Iulia Kulcsar (Romanian)<\/li>\n<li>Olga Sokolova (Russian)<\/li>\n<li>Oksana Sivakova (Russian)<\/li>\n<li>Ana Abreu (Portuguese)<\/li>\n<li>Filipa Homem (Portuguese)<\/li>\n<li>Linh Phung (German)<\/li>\n<li>Daniel Forndron (German)<\/li>\n<\/ul>\n<\/td>\n<\/tr>\n<\/tbody>\n<\/table>\n<p>&nbsp;<\/p>\n","protected":false},"excerpt":{"rendered":"<p>Acest site web a fost dezvoltat \u00een cadrul Programului ESC de prevenire a bolilor cardiovasculare, care este condus de Asocia\u021bia European\u0103 de Cardiologie Preventiv\u0103 (EAPC) \u00een colaborare cu Asocia\u021bia de \u00cengrijire Cardiovascular\u0103 Acut\u0103 (ACVC) \u0219i Consiliul pentru Asisten\u021b\u0103 Cardiovascular\u0103 \u0219i Profesii \u00cenrudite (ACNAP). Con\u021binutul acestui site web este original \u0219i se bazeaz\u0103 pe recomand\u0103ri \u00een [&hellip;]<\/p>\n","protected":false},"author":1,"featured_media":1759,"parent":0,"menu_order":0,"comment_status":"closed","ping_status":"closed","template":"templates\/full.php","meta":{"_acf_changed":false,"footnotes":""},"categories":[],"tags":[],"class_list":["post-1758","page","type-page","status-publish","has-post-thumbnail","hentry"],"acf":[],"yoast_head":"<!-- This site is optimized with the Yoast SEO plugin v24.0 - https:\/\/yoast.com\/wordpress\/plugins\/seo\/ -->\n<title>Mul\u021bumiri autorilor - Healthy-Heart.org<\/title>\n<meta name=\"description\" content=\"Acest site a fost creat de Societatea European\u0103 de Cardiologie \u00een cadrul programului ESC de prevenire a bolilor cardiovasculare.\" \/>\n<meta name=\"robots\" content=\"index, follow, max-snippet:-1, max-image-preview:large, max-video-preview:-1\" \/>\n<link rel=\"canonical\" href=\"https:\/\/www.healthy-heart.org\/ro\/multumiri-autorilor\/\" \/>\n<meta property=\"og:locale\" content=\"ro_RO\" \/>\n<meta property=\"og:type\" content=\"article\" \/>\n<meta property=\"og:title\" content=\"Mul\u021bumiri autorilor - Healthy-Heart.org\" \/>\n<meta property=\"og:description\" content=\"Acest site a fost creat de Societatea European\u0103 de Cardiologie \u00een cadrul programului ESC de prevenire a bolilor cardiovasculare.\" \/>\n<meta property=\"og:url\" content=\"https:\/\/www.healthy-heart.org\/ro\/multumiri-autorilor\/\" \/>\n<meta property=\"og:site_name\" content=\"Healthy-Heart.org\" \/>\n<meta property=\"article:modified_time\" content=\"2020-03-24T10:06:46+00:00\" \/>\n<meta property=\"og:image\" content=\"https:\/\/www.healthy-heart.org\/wp-content\/uploads\/2019\/07\/EAPC-BOGO-e1564135828320.png\" \/>\n\t<meta property=\"og:image:width\" content=\"253\" \/>\n\t<meta property=\"og:image:height\" content=\"125\" \/>\n\t<meta property=\"og:image:type\" content=\"image\/png\" \/>\n<meta name=\"twitter:card\" content=\"summary_large_image\" \/>\n<meta name=\"twitter:label1\" content=\"Timp estimat pentru citire\" \/>\n\t<meta name=\"twitter:data1\" content=\"1 minut\" \/>\n<script type=\"application\/ld+json\" class=\"yoast-schema-graph\">{\"@context\":\"https:\/\/schema.org\",\"@graph\":[{\"@type\":\"WebPage\",\"@id\":\"https:\/\/www.healthy-heart.org\/ro\/multumiri-autorilor\/\",\"url\":\"https:\/\/www.healthy-heart.org\/ro\/multumiri-autorilor\/\",\"name\":\"Mul\u021bumiri autorilor - Healthy-Heart.org\",\"isPartOf\":{\"@id\":\"https:\/\/www.healthy-heart.org\/es\/#website\"},\"primaryImageOfPage\":{\"@id\":\"https:\/\/www.healthy-heart.org\/ro\/multumiri-autorilor\/#primaryimage\"},\"image\":{\"@id\":\"https:\/\/www.healthy-heart.org\/ro\/multumiri-autorilor\/#primaryimage\"},\"thumbnailUrl\":\"https:\/\/www.healthy-heart.org\/wp-content\/uploads\/2019\/07\/EAPC-BOGO-e1564135828320.png\",\"datePublished\":\"2019-10-07T16:54:29+00:00\",\"dateModified\":\"2020-03-24T10:06:46+00:00\",\"description\":\"Acest site a fost creat de Societatea European\u0103 de Cardiologie \u00een cadrul programului ESC de prevenire a bolilor cardiovasculare.\",\"breadcrumb\":{\"@id\":\"https:\/\/www.healthy-heart.org\/ro\/multumiri-autorilor\/#breadcrumb\"},\"inLanguage\":\"ro-RO\",\"potentialAction\":[{\"@type\":\"ReadAction\",\"target\":[\"https:\/\/www.healthy-heart.org\/ro\/multumiri-autorilor\/\"]}]},{\"@type\":\"ImageObject\",\"inLanguage\":\"ro-RO\",\"@id\":\"https:\/\/www.healthy-heart.org\/ro\/multumiri-autorilor\/#primaryimage\",\"url\":\"https:\/\/www.healthy-heart.org\/wp-content\/uploads\/2019\/07\/EAPC-BOGO-e1564135828320.png\",\"contentUrl\":\"https:\/\/www.healthy-heart.org\/wp-content\/uploads\/2019\/07\/EAPC-BOGO-e1564135828320.png\",\"width\":253,\"height\":125},{\"@type\":\"BreadcrumbList\",\"@id\":\"https:\/\/www.healthy-heart.org\/ro\/multumiri-autorilor\/#breadcrumb\",\"itemListElement\":[{\"@type\":\"ListItem\",\"position\":1,\"name\":\"Home\",\"item\":\"https:\/\/www.healthy-heart.org\/ro\/\"},{\"@type\":\"ListItem\",\"position\":2,\"name\":\"Mul\u021bumiri autorilor\"}]},{\"@type\":\"WebSite\",\"@id\":\"https:\/\/www.healthy-heart.org\/es\/#website\",\"url\":\"https:\/\/www.healthy-heart.org\/es\/\",\"name\":\"Healthy-Heart.org\",\"description\":\"Practical advice for patients and family care givers on the prevention of cardiovascular disease\",\"potentialAction\":[{\"@type\":\"SearchAction\",\"target\":{\"@type\":\"EntryPoint\",\"urlTemplate\":\"https:\/\/www.healthy-heart.org\/es\/?s={search_term_string}\"},\"query-input\":{\"@type\":\"PropertyValueSpecification\",\"valueRequired\":true,\"valueName\":\"search_term_string\"}}],\"inLanguage\":\"ro-RO\"}]}<\/script>\n<!-- \/ Yoast SEO plugin. -->","yoast_head_json":{"title":"Mul\u021bumiri autorilor - Healthy-Heart.org","description":"Acest site a fost creat de Societatea European\u0103 de Cardiologie \u00een cadrul programului ESC de prevenire a bolilor cardiovasculare.","robots":{"index":"index","follow":"follow","max-snippet":"max-snippet:-1","max-image-preview":"max-image-preview:large","max-video-preview":"max-video-preview:-1"},"canonical":"https:\/\/www.healthy-heart.org\/ro\/multumiri-autorilor\/","og_locale":"ro_RO","og_type":"article","og_title":"Mul\u021bumiri autorilor - Healthy-Heart.org","og_description":"Acest site a fost creat de Societatea European\u0103 de Cardiologie \u00een cadrul programului ESC de prevenire a bolilor cardiovasculare.","og_url":"https:\/\/www.healthy-heart.org\/ro\/multumiri-autorilor\/","og_site_name":"Healthy-Heart.org","article_modified_time":"2020-03-24T10:06:46+00:00","og_image":[{"width":253,"height":125,"url":"https:\/\/www.healthy-heart.org\/wp-content\/uploads\/2019\/07\/EAPC-BOGO-e1564135828320.png","type":"image\/png"}],"twitter_card":"summary_large_image","twitter_misc":{"Timp estimat pentru citire":"1 minut"},"schema":{"@context":"https:\/\/schema.org","@graph":[{"@type":"WebPage","@id":"https:\/\/www.healthy-heart.org\/ro\/multumiri-autorilor\/","url":"https:\/\/www.healthy-heart.org\/ro\/multumiri-autorilor\/","name":"Mul\u021bumiri autorilor - Healthy-Heart.org","isPartOf":{"@id":"https:\/\/www.healthy-heart.org\/es\/#website"},"primaryImageOfPage":{"@id":"https:\/\/www.healthy-heart.org\/ro\/multumiri-autorilor\/#primaryimage"},"image":{"@id":"https:\/\/www.healthy-heart.org\/ro\/multumiri-autorilor\/#primaryimage"},"thumbnailUrl":"https:\/\/www.healthy-heart.org\/wp-content\/uploads\/2019\/07\/EAPC-BOGO-e1564135828320.png","datePublished":"2019-10-07T16:54:29+00:00","dateModified":"2020-03-24T10:06:46+00:00","description":"Acest site a fost creat de Societatea European\u0103 de Cardiologie \u00een cadrul programului ESC de prevenire a bolilor cardiovasculare.","breadcrumb":{"@id":"https:\/\/www.healthy-heart.org\/ro\/multumiri-autorilor\/#breadcrumb"},"inLanguage":"ro-RO","potentialAction":[{"@type":"ReadAction","target":["https:\/\/www.healthy-heart.org\/ro\/multumiri-autorilor\/"]}]},{"@type":"ImageObject","inLanguage":"ro-RO","@id":"https:\/\/www.healthy-heart.org\/ro\/multumiri-autorilor\/#primaryimage","url":"https:\/\/www.healthy-heart.org\/wp-content\/uploads\/2019\/07\/EAPC-BOGO-e1564135828320.png","contentUrl":"https:\/\/www.healthy-heart.org\/wp-content\/uploads\/2019\/07\/EAPC-BOGO-e1564135828320.png","width":253,"height":125},{"@type":"BreadcrumbList","@id":"https:\/\/www.healthy-heart.org\/ro\/multumiri-autorilor\/#breadcrumb","itemListElement":[{"@type":"ListItem","position":1,"name":"Home","item":"https:\/\/www.healthy-heart.org\/ro\/"},{"@type":"ListItem","position":2,"name":"Mul\u021bumiri autorilor"}]},{"@type":"WebSite","@id":"https:\/\/www.healthy-heart.org\/es\/#website","url":"https:\/\/www.healthy-heart.org\/es\/","name":"Healthy-Heart.org","description":"Practical advice for patients and family care givers on the prevention of cardiovascular disease","potentialAction":[{"@type":"SearchAction","target":{"@type":"EntryPoint","urlTemplate":"https:\/\/www.healthy-heart.org\/es\/?s={search_term_string}"},"query-input":{"@type":"PropertyValueSpecification","valueRequired":true,"valueName":"search_term_string"}}],"inLanguage":"ro-RO"}]}},"_links":{"self":[{"href":"https:\/\/www.healthy-heart.org\/ro\/wp-json\/wp\/v2\/pages\/1758","targetHints":{"allow":["GET"]}}],"collection":[{"href":"https:\/\/www.healthy-heart.org\/ro\/wp-json\/wp\/v2\/pages"}],"about":[{"href":"https:\/\/www.healthy-heart.org\/ro\/wp-json\/wp\/v2\/types\/page"}],"author":[{"embeddable":true,"href":"https:\/\/www.healthy-heart.org\/ro\/wp-json\/wp\/v2\/users\/1"}],"replies":[{"embeddable":true,"href":"https:\/\/www.healthy-heart.org\/ro\/wp-json\/wp\/v2\/comments?post=1758"}],"version-history":[{"count":2,"href":"https:\/\/www.healthy-heart.org\/ro\/wp-json\/wp\/v2\/pages\/1758\/revisions"}],"predecessor-version":[{"id":4332,"href":"https:\/\/www.healthy-heart.org\/ro\/wp-json\/wp\/v2\/pages\/1758\/revisions\/4332"}],"wp:featuredmedia":[{"embeddable":true,"href":"https:\/\/www.healthy-heart.org\/ro\/wp-json\/wp\/v2\/media\/1759"}],"wp:attachment":[{"href":"https:\/\/www.healthy-heart.org\/ro\/wp-json\/wp\/v2\/media?parent=1758"}],"wp:term":[{"taxonomy":"category","embeddable":true,"href":"https:\/\/www.healthy-heart.org\/ro\/wp-json\/wp\/v2\/categories?post=1758"},{"taxonomy":"post_tag","embeddable":true,"href":"https:\/\/www.healthy-heart.org\/ro\/wp-json\/wp\/v2\/tags?post=1758"}],"curies":[{"name":"wp","href":"https:\/\/api.w.org\/{rel}","templated":true}]}}