{"id":1746,"date":"2019-10-07T17:53:46","date_gmt":"2019-10-07T16:53:46","guid":{"rendered":"https:\/\/www.healthy-heart.org\/ce-intrebari-ar-trebui-sa-ii-pun-medicului-meu-cardiolog\/"},"modified":"2020-05-12T15:43:00","modified_gmt":"2020-05-12T14:43:00","slug":"ce-intrebari-ar-trebui-sa-ii-pun-medicului-meu-cardiolog","status":"publish","type":"page","link":"https:\/\/www.healthy-heart.org\/ro\/viata-cu-o-boala-de-inima\/ce-intrebari-ar-trebui-sa-ii-pun-medicului-meu-cardiolog\/","title":{"rendered":"Ce \u00eentreb\u0103ri ar trebui s\u0103 \u00eei pun medicului meu cardiolog?"},"content":{"rendered":"<p><img loading=\"lazy\" decoding=\"async\" class=\"alignright size-medium wp-image-641\" src=\"https:\/\/cdn-endpoint-prev.azureedge.net\/healthy-heart\/2019\/07\/iStock-481073822-5-350x234.jpg\" alt=\"\" width=\"350\" height=\"234\" srcset=\"https:\/\/www.healthy-heart.org\/wp-content\/uploads\/2019\/07\/iStock-481073822-5-350x234.jpg 350w, https:\/\/cdn-endpoint-prev.azureedge.net\/healthy-heart\/2019\/07\/iStock-481073822-5-1024x683.jpg 1024w, https:\/\/cdn-endpoint-prev.azureedge.net\/healthy-heart\/2019\/07\/iStock-481073822-5-200x133.jpg 200w, https:\/\/www.healthy-heart.org\/wp-content\/uploads\/2019\/07\/iStock-481073822-5-768x513.jpg 768w, https:\/\/www.healthy-heart.org\/wp-content\/uploads\/2019\/07\/iStock-481073822-5-1536x1025.jpg 1536w, https:\/\/www.healthy-heart.org\/wp-content\/uploads\/2019\/07\/iStock-481073822-5-2048x1367.jpg 2048w, https:\/\/www.healthy-heart.org\/wp-content\/uploads\/2019\/07\/iStock-481073822-5-658x439.jpg 658w, https:\/\/www.healthy-heart.org\/wp-content\/uploads\/2019\/07\/iStock-481073822-5-695x464.jpg 695w\" sizes=\"auto, (max-width: 350px) 100vw, 350px\" \/>Bolile de inim\u0103 afecteaz\u0103 corpul \u0219i mintea. Discu\u021biile deschise \u0219i oneste cu medicul dvs. v\u0103 vor ajuta s\u0103 gestiona\u021bi cu succes planul de tratament \u0219i starea dvs. de s\u0103n\u0103tate dup\u0103 un infarct miocardic. Cardiologul dvs. v\u0103 poate explica ce s-a \u00eent\u00e2mplat \u0219i de ce, ce s-a f\u0103cut p\u00e2n\u0103 la momentul respectiv \u0219i ce trebuie f\u0103cut \u00een continuare. Aflarea cauzelor evenimentului cardiac \u0219i a modului \u00een care acesta a fost tratat v\u0103 vor ajuta s\u0103 \u00een\u021belege\u021bi ce pute\u021bi face pentru a evita un alt eveniment. \u00centreb\u0103rile pe care trebuie s\u0103 le adresa\u021bi cardiologului includ:<\/p>\n<p>1. De ce am avut infarct miocardic?<br \/>\n2. A\u0219 fi putut s\u0103 previn acest lucru?<br \/>\n3. Voi putea face toate lucrurile pe care le-am f\u0103cut \u00eenainte?<br \/>\n4. Este posibil ca artera blocat\u0103 s\u0103 se \u00eengusteze din nou \u0219i s\u0103 provoace un alt eveniment?<br \/>\n5. \u00cen cazul \u00een care un stent este plasat \u00eentr-o arter\u0103, c\u00e2t timp ar trebui s\u0103 iau medicamente pentru \u201esub\u021bierea s\u00e2ngelui\u201d? Artera va r\u0103m\u00e2ne deschis\u0103 pentru tot restul vie\u021bii mele?<br \/>\n6. Ce <a href=\"https:\/\/www.healthy-heart.org\/ro\/viata-cu-o-boala-de-inima\/tipuri-de-medicamente\/\">medicamente<\/a> sunt esen\u021biale \u0219i c\u00e2t timp trebuie s\u0103 le iau?<br \/>\n7. Ce medicamente nu trebuie omise nici m\u0103car o dat\u0103?<br \/>\n8. C\u00e2t de des ar trebui s\u0103 v\u0103d un medic \u00een urma unui infarct miocardic?<br \/>\n9. Ce pot face \u00een via\u021ba mea de zi cu zi pentru a preveni un alt infarct?<br \/>\n10. C\u00e2t de important\u0103 este pierderea \u00een greutate? Trebuie s\u0103 \u00eemi schimb <a href=\"https:\/\/www.healthy-heart.org\/ro\/pastrati-va-inima-sanatoasa\/dieta-benefica-pentru-inima\/\">dieta<\/a>?<br \/>\n11. C\u00e2nd pot \u00eencepe s\u0103 fac <a href=\"https:\/\/www.healthy-heart.org\/ro\/pastrati-va-inima-sanatoasa\/activitatea-fizica\/\">sport<\/a>?<br \/>\n12. Trebuie s\u0103 m\u0103 \u00eenscriu \u00eentr-un <a href=\"https:\/\/www.healthy-heart.org\/ro\/viata-cu-o-boala-de-inima\/ameliorarea-starii-inimii\/\">program de reabilitare cardiac\u0103<\/a>?<br \/>\n13. C\u00e2t de des trebuie s\u0103 \u00eemi verific <a href=\"https:\/\/www.healthy-heart.org\/ro\/pastrati-va-inima-sanatoasa\/tensiunea-arteriala\/\">tensiunea arterial\u0103<\/a>?<br \/>\n14. C\u00e2nd \u00eemi pot relua <a href=\"https:\/\/www.healthy-heart.org\/ro\/viata-cu-o-boala-de-inima\/sexul-si-bolile-cardiace\/\">activitatea sexual\u0103<\/a> \u0219i c\u00e2nd m\u0103 pot \u00eentoarce la locul de munc\u0103?<br \/>\n15. Am voie s\u0103 <a href=\"https:\/\/www.healthy-heart.org\/ro\/viata-cu-o-boala-de-inima\/calatoriile-dupa-un-infarct-miocardic\/\">c\u0103l\u0103toresc<\/a>? Pot s\u0103 merg la munte?<br \/>\n16. Ce simptome ar trebui s\u0103 determine o vizit\u0103 urgent\u0103 la departamentul de urgen\u021b\u0103?<\/p>\n","protected":false},"excerpt":{"rendered":"<p>Bolile de inim\u0103 afecteaz\u0103 corpul \u0219i mintea. Discu\u021biile deschise \u0219i oneste cu medicul dvs. v\u0103 vor ajuta s\u0103 gestiona\u021bi cu succes planul de tratament \u0219i starea dvs. de s\u0103n\u0103tate dup\u0103 un infarct miocardic. Cardiologul dvs. v\u0103 poate explica ce s-a \u00eent\u00e2mplat \u0219i de ce, ce s-a f\u0103cut p\u00e2n\u0103 la momentul respectiv \u0219i ce trebuie f\u0103cut [&hellip;]<\/p>\n","protected":false},"author":1,"featured_media":648,"parent":1864,"menu_order":12,"comment_status":"closed","ping_status":"closed","template":"","meta":{"_acf_changed":false,"footnotes":""},"categories":[62],"tags":[],"class_list":["post-1746","page","type-page","status-publish","has-post-thumbnail","hentry","category-viata-cu-o-boala-de-inima"],"acf":[],"yoast_head":"<!-- This site is optimized with the Yoast SEO plugin v24.0 - https:\/\/yoast.com\/wordpress\/plugins\/seo\/ -->\n<title>Ce \u00eentreb\u0103ri ar trebui s\u0103 \u00eei pun medicului meu cardiolog? - Healthy-Heart.org<\/title>\n<meta name=\"description\" content=\"Cardiologul dvs. v\u0103 poate explica ce s-a \u00eent\u00e2mplat \u0219i de ce, ce s-a f\u0103cut p\u00e2n\u0103 la momentul respectiv \u0219i ce trebuie f\u0103cut \u00een continuare. Vede\u021bi \u00eentreb\u0103rile pe care trebuie s\u0103 le adresa\u021bi medicului dvs.\" \/>\n<meta name=\"robots\" content=\"index, follow, max-snippet:-1, max-image-preview:large, max-video-preview:-1\" \/>\n<link rel=\"canonical\" href=\"https:\/\/www.healthy-heart.org\/ro\/viata-cu-o-boala-de-inima\/ce-intrebari-ar-trebui-sa-ii-pun-medicului-meu-cardiolog\/\" \/>\n<meta property=\"og:locale\" content=\"ro_RO\" \/>\n<meta property=\"og:type\" content=\"article\" \/>\n<meta property=\"og:title\" content=\"Ce \u00eentreb\u0103ri ar trebui s\u0103 \u00eei pun medicului meu cardiolog? - Healthy-Heart.org\" \/>\n<meta property=\"og:description\" content=\"Cardiologul dvs. v\u0103 poate explica ce s-a \u00eent\u00e2mplat \u0219i de ce, ce s-a f\u0103cut p\u00e2n\u0103 la momentul respectiv \u0219i ce trebuie f\u0103cut \u00een continuare. Vede\u021bi \u00eentreb\u0103rile pe care trebuie s\u0103 le adresa\u021bi medicului dvs.\" \/>\n<meta property=\"og:url\" content=\"https:\/\/www.healthy-heart.org\/ro\/viata-cu-o-boala-de-inima\/ce-intrebari-ar-trebui-sa-ii-pun-medicului-meu-cardiolog\/\" \/>\n<meta property=\"og:site_name\" content=\"Healthy-Heart.org\" \/>\n<meta property=\"article:modified_time\" content=\"2020-05-12T14:43:00+00:00\" \/>\n<meta property=\"og:image\" content=\"https:\/\/www.healthy-heart.org\/wp-content\/uploads\/2019\/07\/iStock-481073822-5-1024x683.jpg\" \/>\n\t<meta property=\"og:image:width\" content=\"1024\" \/>\n\t<meta property=\"og:image:height\" content=\"683\" \/>\n\t<meta property=\"og:image:type\" content=\"image\/jpeg\" \/>\n<meta name=\"twitter:card\" content=\"summary_large_image\" \/>\n<meta name=\"twitter:label1\" content=\"Timp estimat pentru citire\" \/>\n\t<meta name=\"twitter:data1\" content=\"2 minute\" \/>\n<script type=\"application\/ld+json\" class=\"yoast-schema-graph\">{\"@context\":\"https:\/\/schema.org\",\"@graph\":[{\"@type\":\"WebPage\",\"@id\":\"https:\/\/www.healthy-heart.org\/ro\/viata-cu-o-boala-de-inima\/ce-intrebari-ar-trebui-sa-ii-pun-medicului-meu-cardiolog\/\",\"url\":\"https:\/\/www.healthy-heart.org\/ro\/viata-cu-o-boala-de-inima\/ce-intrebari-ar-trebui-sa-ii-pun-medicului-meu-cardiolog\/\",\"name\":\"Ce \u00eentreb\u0103ri ar trebui s\u0103 \u00eei pun medicului meu cardiolog? - Healthy-Heart.org\",\"isPartOf\":{\"@id\":\"https:\/\/www.healthy-heart.org\/es\/#website\"},\"primaryImageOfPage\":{\"@id\":\"https:\/\/www.healthy-heart.org\/ro\/viata-cu-o-boala-de-inima\/ce-intrebari-ar-trebui-sa-ii-pun-medicului-meu-cardiolog\/#primaryimage\"},\"image\":{\"@id\":\"https:\/\/www.healthy-heart.org\/ro\/viata-cu-o-boala-de-inima\/ce-intrebari-ar-trebui-sa-ii-pun-medicului-meu-cardiolog\/#primaryimage\"},\"thumbnailUrl\":\"https:\/\/www.healthy-heart.org\/wp-content\/uploads\/2019\/07\/iStock-481073822-5.jpg\",\"datePublished\":\"2019-10-07T16:53:46+00:00\",\"dateModified\":\"2020-05-12T14:43:00+00:00\",\"description\":\"Cardiologul dvs. v\u0103 poate explica ce s-a \u00eent\u00e2mplat \u0219i de ce, ce s-a f\u0103cut p\u00e2n\u0103 la momentul respectiv \u0219i ce trebuie f\u0103cut \u00een continuare. Vede\u021bi \u00eentreb\u0103rile pe care trebuie s\u0103 le adresa\u021bi medicului dvs.\",\"breadcrumb\":{\"@id\":\"https:\/\/www.healthy-heart.org\/ro\/viata-cu-o-boala-de-inima\/ce-intrebari-ar-trebui-sa-ii-pun-medicului-meu-cardiolog\/#breadcrumb\"},\"inLanguage\":\"ro-RO\",\"potentialAction\":[{\"@type\":\"ReadAction\",\"target\":[\"https:\/\/www.healthy-heart.org\/ro\/viata-cu-o-boala-de-inima\/ce-intrebari-ar-trebui-sa-ii-pun-medicului-meu-cardiolog\/\"]}]},{\"@type\":\"ImageObject\",\"inLanguage\":\"ro-RO\",\"@id\":\"https:\/\/www.healthy-heart.org\/ro\/viata-cu-o-boala-de-inima\/ce-intrebari-ar-trebui-sa-ii-pun-medicului-meu-cardiolog\/#primaryimage\",\"url\":\"https:\/\/www.healthy-heart.org\/wp-content\/uploads\/2019\/07\/iStock-481073822-5.jpg\",\"contentUrl\":\"https:\/\/www.healthy-heart.org\/wp-content\/uploads\/2019\/07\/iStock-481073822-5.jpg\",\"width\":7360,\"height\":4912,\"caption\":\"Shot of a compassionate doctor comforting a young woman in a hospital waiting room\"},{\"@type\":\"BreadcrumbList\",\"@id\":\"https:\/\/www.healthy-heart.org\/ro\/viata-cu-o-boala-de-inima\/ce-intrebari-ar-trebui-sa-ii-pun-medicului-meu-cardiolog\/#breadcrumb\",\"itemListElement\":[{\"@type\":\"ListItem\",\"position\":1,\"name\":\"Home\",\"item\":\"https:\/\/www.healthy-heart.org\/ro\/\"},{\"@type\":\"ListItem\",\"position\":2,\"name\":\"Via\u021ba cu o boal\u0103 de inim\u0103\",\"item\":\"https:\/\/www.healthy-heart.org\/ro\/viata-cu-o-boala-de-inima\/\"},{\"@type\":\"ListItem\",\"position\":3,\"name\":\"Ce \u00eentreb\u0103ri ar trebui s\u0103 \u00eei pun medicului meu cardiolog?\"}]},{\"@type\":\"WebSite\",\"@id\":\"https:\/\/www.healthy-heart.org\/es\/#website\",\"url\":\"https:\/\/www.healthy-heart.org\/es\/\",\"name\":\"Healthy-Heart.org\",\"description\":\"Practical advice for patients and family care givers on the prevention of cardiovascular disease\",\"potentialAction\":[{\"@type\":\"SearchAction\",\"target\":{\"@type\":\"EntryPoint\",\"urlTemplate\":\"https:\/\/www.healthy-heart.org\/es\/?s={search_term_string}\"},\"query-input\":{\"@type\":\"PropertyValueSpecification\",\"valueRequired\":true,\"valueName\":\"search_term_string\"}}],\"inLanguage\":\"ro-RO\"}]}<\/script>\n<!-- \/ Yoast SEO plugin. -->","yoast_head_json":{"title":"Ce \u00eentreb\u0103ri ar trebui s\u0103 \u00eei pun medicului meu cardiolog? - Healthy-Heart.org","description":"Cardiologul dvs. v\u0103 poate explica ce s-a \u00eent\u00e2mplat \u0219i de ce, ce s-a f\u0103cut p\u00e2n\u0103 la momentul respectiv \u0219i ce trebuie f\u0103cut \u00een continuare. Vede\u021bi \u00eentreb\u0103rile pe care trebuie s\u0103 le adresa\u021bi medicului dvs.","robots":{"index":"index","follow":"follow","max-snippet":"max-snippet:-1","max-image-preview":"max-image-preview:large","max-video-preview":"max-video-preview:-1"},"canonical":"https:\/\/www.healthy-heart.org\/ro\/viata-cu-o-boala-de-inima\/ce-intrebari-ar-trebui-sa-ii-pun-medicului-meu-cardiolog\/","og_locale":"ro_RO","og_type":"article","og_title":"Ce \u00eentreb\u0103ri ar trebui s\u0103 \u00eei pun medicului meu cardiolog? - Healthy-Heart.org","og_description":"Cardiologul dvs. v\u0103 poate explica ce s-a \u00eent\u00e2mplat \u0219i de ce, ce s-a f\u0103cut p\u00e2n\u0103 la momentul respectiv \u0219i ce trebuie f\u0103cut \u00een continuare. Vede\u021bi \u00eentreb\u0103rile pe care trebuie s\u0103 le adresa\u021bi medicului dvs.","og_url":"https:\/\/www.healthy-heart.org\/ro\/viata-cu-o-boala-de-inima\/ce-intrebari-ar-trebui-sa-ii-pun-medicului-meu-cardiolog\/","og_site_name":"Healthy-Heart.org","article_modified_time":"2020-05-12T14:43:00+00:00","og_image":[{"width":1024,"height":683,"url":"https:\/\/www.healthy-heart.org\/wp-content\/uploads\/2019\/07\/iStock-481073822-5-1024x683.jpg","type":"image\/jpeg"}],"twitter_card":"summary_large_image","twitter_misc":{"Timp estimat pentru citire":"2 minute"},"schema":{"@context":"https:\/\/schema.org","@graph":[{"@type":"WebPage","@id":"https:\/\/www.healthy-heart.org\/ro\/viata-cu-o-boala-de-inima\/ce-intrebari-ar-trebui-sa-ii-pun-medicului-meu-cardiolog\/","url":"https:\/\/www.healthy-heart.org\/ro\/viata-cu-o-boala-de-inima\/ce-intrebari-ar-trebui-sa-ii-pun-medicului-meu-cardiolog\/","name":"Ce \u00eentreb\u0103ri ar trebui s\u0103 \u00eei pun medicului meu cardiolog? - Healthy-Heart.org","isPartOf":{"@id":"https:\/\/www.healthy-heart.org\/es\/#website"},"primaryImageOfPage":{"@id":"https:\/\/www.healthy-heart.org\/ro\/viata-cu-o-boala-de-inima\/ce-intrebari-ar-trebui-sa-ii-pun-medicului-meu-cardiolog\/#primaryimage"},"image":{"@id":"https:\/\/www.healthy-heart.org\/ro\/viata-cu-o-boala-de-inima\/ce-intrebari-ar-trebui-sa-ii-pun-medicului-meu-cardiolog\/#primaryimage"},"thumbnailUrl":"https:\/\/www.healthy-heart.org\/wp-content\/uploads\/2019\/07\/iStock-481073822-5.jpg","datePublished":"2019-10-07T16:53:46+00:00","dateModified":"2020-05-12T14:43:00+00:00","description":"Cardiologul dvs. v\u0103 poate explica ce s-a \u00eent\u00e2mplat \u0219i de ce, ce s-a f\u0103cut p\u00e2n\u0103 la momentul respectiv \u0219i ce trebuie f\u0103cut \u00een continuare. Vede\u021bi \u00eentreb\u0103rile pe care trebuie s\u0103 le adresa\u021bi medicului dvs.","breadcrumb":{"@id":"https:\/\/www.healthy-heart.org\/ro\/viata-cu-o-boala-de-inima\/ce-intrebari-ar-trebui-sa-ii-pun-medicului-meu-cardiolog\/#breadcrumb"},"inLanguage":"ro-RO","potentialAction":[{"@type":"ReadAction","target":["https:\/\/www.healthy-heart.org\/ro\/viata-cu-o-boala-de-inima\/ce-intrebari-ar-trebui-sa-ii-pun-medicului-meu-cardiolog\/"]}]},{"@type":"ImageObject","inLanguage":"ro-RO","@id":"https:\/\/www.healthy-heart.org\/ro\/viata-cu-o-boala-de-inima\/ce-intrebari-ar-trebui-sa-ii-pun-medicului-meu-cardiolog\/#primaryimage","url":"https:\/\/www.healthy-heart.org\/wp-content\/uploads\/2019\/07\/iStock-481073822-5.jpg","contentUrl":"https:\/\/www.healthy-heart.org\/wp-content\/uploads\/2019\/07\/iStock-481073822-5.jpg","width":7360,"height":4912,"caption":"Shot of a compassionate doctor comforting a young woman in a hospital waiting room"},{"@type":"BreadcrumbList","@id":"https:\/\/www.healthy-heart.org\/ro\/viata-cu-o-boala-de-inima\/ce-intrebari-ar-trebui-sa-ii-pun-medicului-meu-cardiolog\/#breadcrumb","itemListElement":[{"@type":"ListItem","position":1,"name":"Home","item":"https:\/\/www.healthy-heart.org\/ro\/"},{"@type":"ListItem","position":2,"name":"Via\u021ba cu o boal\u0103 de inim\u0103","item":"https:\/\/www.healthy-heart.org\/ro\/viata-cu-o-boala-de-inima\/"},{"@type":"ListItem","position":3,"name":"Ce \u00eentreb\u0103ri ar trebui s\u0103 \u00eei pun medicului meu cardiolog?"}]},{"@type":"WebSite","@id":"https:\/\/www.healthy-heart.org\/es\/#website","url":"https:\/\/www.healthy-heart.org\/es\/","name":"Healthy-Heart.org","description":"Practical advice for patients and family care givers on the prevention of cardiovascular disease","potentialAction":[{"@type":"SearchAction","target":{"@type":"EntryPoint","urlTemplate":"https:\/\/www.healthy-heart.org\/es\/?s={search_term_string}"},"query-input":{"@type":"PropertyValueSpecification","valueRequired":true,"valueName":"search_term_string"}}],"inLanguage":"ro-RO"}]}},"_links":{"self":[{"href":"https:\/\/www.healthy-heart.org\/ro\/wp-json\/wp\/v2\/pages\/1746","targetHints":{"allow":["GET"]}}],"collection":[{"href":"https:\/\/www.healthy-heart.org\/ro\/wp-json\/wp\/v2\/pages"}],"about":[{"href":"https:\/\/www.healthy-heart.org\/ro\/wp-json\/wp\/v2\/types\/page"}],"author":[{"embeddable":true,"href":"https:\/\/www.healthy-heart.org\/ro\/wp-json\/wp\/v2\/users\/1"}],"replies":[{"embeddable":true,"href":"https:\/\/www.healthy-heart.org\/ro\/wp-json\/wp\/v2\/comments?post=1746"}],"version-history":[{"count":3,"href":"https:\/\/www.healthy-heart.org\/ro\/wp-json\/wp\/v2\/pages\/1746\/revisions"}],"predecessor-version":[{"id":4570,"href":"https:\/\/www.healthy-heart.org\/ro\/wp-json\/wp\/v2\/pages\/1746\/revisions\/4570"}],"up":[{"embeddable":true,"href":"https:\/\/www.healthy-heart.org\/ro\/wp-json\/wp\/v2\/pages\/1864"}],"wp:featuredmedia":[{"embeddable":true,"href":"https:\/\/www.healthy-heart.org\/ro\/wp-json\/wp\/v2\/media\/648"}],"wp:attachment":[{"href":"https:\/\/www.healthy-heart.org\/ro\/wp-json\/wp\/v2\/media?parent=1746"}],"wp:term":[{"taxonomy":"category","embeddable":true,"href":"https:\/\/www.healthy-heart.org\/ro\/wp-json\/wp\/v2\/categories?post=1746"},{"taxonomy":"post_tag","embeddable":true,"href":"https:\/\/www.healthy-heart.org\/ro\/wp-json\/wp\/v2\/tags?post=1746"}],"curies":[{"name":"wp","href":"https:\/\/api.w.org\/{rel}","templated":true}]}}