{"id":1741,"date":"2019-10-07T17:53:28","date_gmt":"2019-10-07T16:53:28","guid":{"rendered":"https:\/\/www.healthy-heart.org\/sprijinul-familiei\/"},"modified":"2019-10-22T12:54:23","modified_gmt":"2019-10-22T11:54:23","slug":"sprijinul-familiei","status":"publish","type":"page","link":"https:\/\/www.healthy-heart.org\/ro\/viata-cu-o-boala-de-inima\/sprijinul-familiei\/","title":{"rendered":"Sprijinul familiei"},"content":{"rendered":"<p><img loading=\"lazy\" decoding=\"async\" class=\"alignright size-medium wp-image-565\" src=\"https:\/\/www.healthy-heart.org\/wp-content\/uploads\/2019\/07\/iStock-1055062378-350x233.jpg\" alt=\"\" width=\"350\" height=\"233\" \/><br \/>\nPartenerul dvs. sau familia poate fi o surs\u0103 esen\u021bial\u0103 de sprijin \u0219i motiva\u021bie atunci c\u00e2nd v\u0103 reface\u021bi dup\u0103 o boal\u0103 de inim\u0103. Multe cupluri au spus c\u0103 problema cardiac\u0103 i-a apropiat.<\/p>\n<p>Evenimentele cardiovasculare pot fi devastatoare pentru familii, care se simt adesea neputincioase \u0219i nelini\u0219tite \u00een leg\u0103tur\u0103 cu boala, spitalizarea \u0219i tratamentul. Partenerii \u0219i-ar putea face griji \u00een leg\u0103tur\u0103 cu pa\u0219ii care trebuie urma\u021bi pentru s\u0103n\u0103tatea persoanei dragi. Sentimentele negative pot ap\u0103rea, inclusiv vinov\u0103\u021bia, schimb\u0103rile de dispozi\u021bie \u0219i \u00eengrijorarea cu privire la consecin\u021bele financiare. Acest lucru poate afecta calitatea rela\u021biei \u0219i recuperarea pacientului. Prin urmare, este esen\u021bial ca membrii familiei s\u0103 continue s\u0103 aib\u0103 grij\u0103 de ei \u00een\u0219i\u0219i. Aceasta \u00eenseamn\u0103 suficient somn \u0219i relaxare, un <a href=\"https:\/\/www.healthy-heart.org\/keep-your-heart-healthy\/take-control-of-your-lifestyle\/\">stil de via\u021b\u0103 s\u0103n\u0103tos<\/a> \u0219i activit\u0103\u021bi care le fac pl\u0103cere.<\/p>\n<p>Partenerii se simt adesea responsabili pentru s\u0103n\u0103tatea pacientului \u0219i \u00ee\u0219i ignor\u0103 propriile nevoi. Ace\u0219tia \u00ee\u0219i pot asuma roluri domestice suplimentare, pot \u00eencerca s\u0103 fie disponibili \u00een mod constant \u0219i pot limita activit\u0103\u021bile pacientului, deoarece se tem de efecte negative asupra inimii. Pacien\u021bii pot percepe acest lucru drept un exces de protec\u021bie \u0219i control \u0219i \u00ee\u0219i pot ascunde sentimentele \u0219i g\u00e2ndurile pentru a proteja partenerul de griji. Poate ap\u0103rea iritarea reciproc\u0103, ceea ce nu este benefic pentru rela\u021bie sau pentru procesul de recuperare. Adaptarea cu succes la bolile de inim\u0103 necesit\u0103 deschidere \u0219i, onestitate \u0219i recunoa\u0219terea individualit\u0103\u021bii celuilalt.<\/p>\n<p>Implicarea partenerului \u0219i a familiei apropiate \u00een programul de <a href=\"https:\/\/www.healthy-heart.org\/living-with-heart-disease\/improve-your-heart-condition\/\">reabilitare cardiac\u0103<\/a> este o oportunitate unic\u0103 de a v\u0103 uni for\u021bele \u00een procesul de recuperare \u0219i de a lua decizii comune cu privire la modific\u0103rile legate de s\u0103n\u0103tate. La urma urmei, informa\u021biile aflate \u00eempreun\u0103, cu privire la aspectele medicale ale problemei cardiace, sfaturile primite cu privire la <a href=\"https:\/\/www.healthy-heart.org\/keep-your-heart-healthy\/heart-friendly-diet\/\">alimenta\u021bia s\u0103n\u0103toas\u0103<\/a>, \u0219i observarea progresul pacientului pe parcursul sesiunilor de antrenament stimuleaz\u0103 fiecare membru al familiei s\u0103-\u0219i asume responsabilitatea pentru propriul rol. Unele programe de reabilitare ofer\u0103 o sesiune de parteneriat, \u00een care sunt discutate subiecte precum comunicarea, modul de abordare al problemei cardiace \u00een cuplu, \u0219i <a href=\"https:\/\/www.healthy-heart.org\/living-with-heart-disease\/sex-and-heart-disease\/\">grijile legate de sexualitate<\/a>.<\/p>\n","protected":false},"excerpt":{"rendered":"<p>Partenerul dvs. sau familia poate fi o surs\u0103 esen\u021bial\u0103 de sprijin \u0219i motiva\u021bie atunci c\u00e2nd v\u0103 reface\u021bi dup\u0103 o boal\u0103 de inim\u0103. Multe cupluri au spus c\u0103 problema cardiac\u0103 i-a apropiat. Evenimentele cardiovasculare pot fi devastatoare pentru familii, care se simt adesea neputincioase \u0219i nelini\u0219tite \u00een leg\u0103tur\u0103 cu boala, spitalizarea \u0219i tratamentul. Partenerii \u0219i-ar putea [&hellip;]<\/p>\n","protected":false},"author":1,"featured_media":572,"parent":1864,"menu_order":9,"comment_status":"closed","ping_status":"closed","template":"","meta":{"_acf_changed":false,"footnotes":""},"categories":[62],"tags":[],"class_list":["post-1741","page","type-page","status-publish","has-post-thumbnail","hentry","category-viata-cu-o-boala-de-inima"],"acf":[],"yoast_head":"<!-- This site is optimized with the Yoast SEO plugin v24.0 - https:\/\/yoast.com\/wordpress\/plugins\/seo\/ -->\n<title>Sprijinul familiei - Healthy-Heart.org<\/title>\n<meta name=\"description\" content=\"Un partener sau familia poate fi o surs\u0103 esen\u021bial\u0103 de sprijin \u0219i motiva\u021bie atunci c\u00e2nd v\u0103 reface\u021bi dup\u0103 o boal\u0103 de inim\u0103.\" \/>\n<meta name=\"robots\" content=\"index, follow, max-snippet:-1, max-image-preview:large, max-video-preview:-1\" \/>\n<link rel=\"canonical\" href=\"https:\/\/www.healthy-heart.org\/ro\/viata-cu-o-boala-de-inima\/sprijinul-familiei\/\" \/>\n<meta property=\"og:locale\" content=\"ro_RO\" \/>\n<meta property=\"og:type\" content=\"article\" \/>\n<meta property=\"og:title\" content=\"Sprijinul familiei - Healthy-Heart.org\" \/>\n<meta property=\"og:description\" content=\"Un partener sau familia poate fi o surs\u0103 esen\u021bial\u0103 de sprijin \u0219i motiva\u021bie atunci c\u00e2nd v\u0103 reface\u021bi dup\u0103 o boal\u0103 de inim\u0103.\" \/>\n<meta property=\"og:url\" content=\"https:\/\/www.healthy-heart.org\/ro\/viata-cu-o-boala-de-inima\/sprijinul-familiei\/\" \/>\n<meta property=\"og:site_name\" content=\"Healthy-Heart.org\" \/>\n<meta property=\"article:modified_time\" content=\"2019-10-22T11:54:23+00:00\" \/>\n<meta property=\"og:image\" content=\"https:\/\/www.healthy-heart.org\/wp-content\/uploads\/2019\/07\/iStock-1055062378-1024x683.jpg\" \/>\n\t<meta property=\"og:image:width\" content=\"1024\" \/>\n\t<meta property=\"og:image:height\" content=\"683\" \/>\n\t<meta property=\"og:image:type\" content=\"image\/jpeg\" \/>\n<meta name=\"twitter:card\" content=\"summary_large_image\" \/>\n<meta name=\"twitter:label1\" content=\"Timp estimat pentru citire\" \/>\n\t<meta name=\"twitter:data1\" content=\"2 minute\" \/>\n<script type=\"application\/ld+json\" class=\"yoast-schema-graph\">{\"@context\":\"https:\/\/schema.org\",\"@graph\":[{\"@type\":\"WebPage\",\"@id\":\"https:\/\/www.healthy-heart.org\/ro\/viata-cu-o-boala-de-inima\/sprijinul-familiei\/\",\"url\":\"https:\/\/www.healthy-heart.org\/ro\/viata-cu-o-boala-de-inima\/sprijinul-familiei\/\",\"name\":\"Sprijinul familiei - Healthy-Heart.org\",\"isPartOf\":{\"@id\":\"https:\/\/www.healthy-heart.org\/es\/#website\"},\"primaryImageOfPage\":{\"@id\":\"https:\/\/www.healthy-heart.org\/ro\/viata-cu-o-boala-de-inima\/sprijinul-familiei\/#primaryimage\"},\"image\":{\"@id\":\"https:\/\/www.healthy-heart.org\/ro\/viata-cu-o-boala-de-inima\/sprijinul-familiei\/#primaryimage\"},\"thumbnailUrl\":\"https:\/\/www.healthy-heart.org\/wp-content\/uploads\/2019\/07\/iStock-1055062378.jpg\",\"datePublished\":\"2019-10-07T16:53:28+00:00\",\"dateModified\":\"2019-10-22T11:54:23+00:00\",\"description\":\"Un partener sau familia poate fi o surs\u0103 esen\u021bial\u0103 de sprijin \u0219i motiva\u021bie atunci c\u00e2nd v\u0103 reface\u021bi dup\u0103 o boal\u0103 de inim\u0103.\",\"breadcrumb\":{\"@id\":\"https:\/\/www.healthy-heart.org\/ro\/viata-cu-o-boala-de-inima\/sprijinul-familiei\/#breadcrumb\"},\"inLanguage\":\"ro-RO\",\"potentialAction\":[{\"@type\":\"ReadAction\",\"target\":[\"https:\/\/www.healthy-heart.org\/ro\/viata-cu-o-boala-de-inima\/sprijinul-familiei\/\"]}]},{\"@type\":\"ImageObject\",\"inLanguage\":\"ro-RO\",\"@id\":\"https:\/\/www.healthy-heart.org\/ro\/viata-cu-o-boala-de-inima\/sprijinul-familiei\/#primaryimage\",\"url\":\"https:\/\/www.healthy-heart.org\/wp-content\/uploads\/2019\/07\/iStock-1055062378.jpg\",\"contentUrl\":\"https:\/\/www.healthy-heart.org\/wp-content\/uploads\/2019\/07\/iStock-1055062378.jpg\",\"width\":8256,\"height\":5504,\"caption\":\"Art work. Kind blonde pressing lips while looking downwards at family tree\"},{\"@type\":\"BreadcrumbList\",\"@id\":\"https:\/\/www.healthy-heart.org\/ro\/viata-cu-o-boala-de-inima\/sprijinul-familiei\/#breadcrumb\",\"itemListElement\":[{\"@type\":\"ListItem\",\"position\":1,\"name\":\"Home\",\"item\":\"https:\/\/www.healthy-heart.org\/ro\/\"},{\"@type\":\"ListItem\",\"position\":2,\"name\":\"Via\u021ba cu o boal\u0103 de inim\u0103\",\"item\":\"https:\/\/www.healthy-heart.org\/ro\/viata-cu-o-boala-de-inima\/\"},{\"@type\":\"ListItem\",\"position\":3,\"name\":\"Sprijinul familiei\"}]},{\"@type\":\"WebSite\",\"@id\":\"https:\/\/www.healthy-heart.org\/es\/#website\",\"url\":\"https:\/\/www.healthy-heart.org\/es\/\",\"name\":\"Healthy-Heart.org\",\"description\":\"Practical advice for patients and family care givers on the prevention of cardiovascular disease\",\"potentialAction\":[{\"@type\":\"SearchAction\",\"target\":{\"@type\":\"EntryPoint\",\"urlTemplate\":\"https:\/\/www.healthy-heart.org\/es\/?s={search_term_string}\"},\"query-input\":{\"@type\":\"PropertyValueSpecification\",\"valueRequired\":true,\"valueName\":\"search_term_string\"}}],\"inLanguage\":\"ro-RO\"}]}<\/script>\n<!-- \/ Yoast SEO plugin. -->","yoast_head_json":{"title":"Sprijinul familiei - Healthy-Heart.org","description":"Un partener sau familia poate fi o surs\u0103 esen\u021bial\u0103 de sprijin \u0219i motiva\u021bie atunci c\u00e2nd v\u0103 reface\u021bi dup\u0103 o boal\u0103 de inim\u0103.","robots":{"index":"index","follow":"follow","max-snippet":"max-snippet:-1","max-image-preview":"max-image-preview:large","max-video-preview":"max-video-preview:-1"},"canonical":"https:\/\/www.healthy-heart.org\/ro\/viata-cu-o-boala-de-inima\/sprijinul-familiei\/","og_locale":"ro_RO","og_type":"article","og_title":"Sprijinul familiei - Healthy-Heart.org","og_description":"Un partener sau familia poate fi o surs\u0103 esen\u021bial\u0103 de sprijin \u0219i motiva\u021bie atunci c\u00e2nd v\u0103 reface\u021bi dup\u0103 o boal\u0103 de inim\u0103.","og_url":"https:\/\/www.healthy-heart.org\/ro\/viata-cu-o-boala-de-inima\/sprijinul-familiei\/","og_site_name":"Healthy-Heart.org","article_modified_time":"2019-10-22T11:54:23+00:00","og_image":[{"width":1024,"height":683,"url":"https:\/\/www.healthy-heart.org\/wp-content\/uploads\/2019\/07\/iStock-1055062378-1024x683.jpg","type":"image\/jpeg"}],"twitter_card":"summary_large_image","twitter_misc":{"Timp estimat pentru citire":"2 minute"},"schema":{"@context":"https:\/\/schema.org","@graph":[{"@type":"WebPage","@id":"https:\/\/www.healthy-heart.org\/ro\/viata-cu-o-boala-de-inima\/sprijinul-familiei\/","url":"https:\/\/www.healthy-heart.org\/ro\/viata-cu-o-boala-de-inima\/sprijinul-familiei\/","name":"Sprijinul familiei - Healthy-Heart.org","isPartOf":{"@id":"https:\/\/www.healthy-heart.org\/es\/#website"},"primaryImageOfPage":{"@id":"https:\/\/www.healthy-heart.org\/ro\/viata-cu-o-boala-de-inima\/sprijinul-familiei\/#primaryimage"},"image":{"@id":"https:\/\/www.healthy-heart.org\/ro\/viata-cu-o-boala-de-inima\/sprijinul-familiei\/#primaryimage"},"thumbnailUrl":"https:\/\/www.healthy-heart.org\/wp-content\/uploads\/2019\/07\/iStock-1055062378.jpg","datePublished":"2019-10-07T16:53:28+00:00","dateModified":"2019-10-22T11:54:23+00:00","description":"Un partener sau familia poate fi o surs\u0103 esen\u021bial\u0103 de sprijin \u0219i motiva\u021bie atunci c\u00e2nd v\u0103 reface\u021bi dup\u0103 o boal\u0103 de inim\u0103.","breadcrumb":{"@id":"https:\/\/www.healthy-heart.org\/ro\/viata-cu-o-boala-de-inima\/sprijinul-familiei\/#breadcrumb"},"inLanguage":"ro-RO","potentialAction":[{"@type":"ReadAction","target":["https:\/\/www.healthy-heart.org\/ro\/viata-cu-o-boala-de-inima\/sprijinul-familiei\/"]}]},{"@type":"ImageObject","inLanguage":"ro-RO","@id":"https:\/\/www.healthy-heart.org\/ro\/viata-cu-o-boala-de-inima\/sprijinul-familiei\/#primaryimage","url":"https:\/\/www.healthy-heart.org\/wp-content\/uploads\/2019\/07\/iStock-1055062378.jpg","contentUrl":"https:\/\/www.healthy-heart.org\/wp-content\/uploads\/2019\/07\/iStock-1055062378.jpg","width":8256,"height":5504,"caption":"Art work. Kind blonde pressing lips while looking downwards at family tree"},{"@type":"BreadcrumbList","@id":"https:\/\/www.healthy-heart.org\/ro\/viata-cu-o-boala-de-inima\/sprijinul-familiei\/#breadcrumb","itemListElement":[{"@type":"ListItem","position":1,"name":"Home","item":"https:\/\/www.healthy-heart.org\/ro\/"},{"@type":"ListItem","position":2,"name":"Via\u021ba cu o boal\u0103 de inim\u0103","item":"https:\/\/www.healthy-heart.org\/ro\/viata-cu-o-boala-de-inima\/"},{"@type":"ListItem","position":3,"name":"Sprijinul familiei"}]},{"@type":"WebSite","@id":"https:\/\/www.healthy-heart.org\/es\/#website","url":"https:\/\/www.healthy-heart.org\/es\/","name":"Healthy-Heart.org","description":"Practical advice for patients and family care givers on the prevention of cardiovascular disease","potentialAction":[{"@type":"SearchAction","target":{"@type":"EntryPoint","urlTemplate":"https:\/\/www.healthy-heart.org\/es\/?s={search_term_string}"},"query-input":{"@type":"PropertyValueSpecification","valueRequired":true,"valueName":"search_term_string"}}],"inLanguage":"ro-RO"}]}},"_links":{"self":[{"href":"https:\/\/www.healthy-heart.org\/ro\/wp-json\/wp\/v2\/pages\/1741","targetHints":{"allow":["GET"]}}],"collection":[{"href":"https:\/\/www.healthy-heart.org\/ro\/wp-json\/wp\/v2\/pages"}],"about":[{"href":"https:\/\/www.healthy-heart.org\/ro\/wp-json\/wp\/v2\/types\/page"}],"author":[{"embeddable":true,"href":"https:\/\/www.healthy-heart.org\/ro\/wp-json\/wp\/v2\/users\/1"}],"replies":[{"embeddable":true,"href":"https:\/\/www.healthy-heart.org\/ro\/wp-json\/wp\/v2\/comments?post=1741"}],"version-history":[{"count":1,"href":"https:\/\/www.healthy-heart.org\/ro\/wp-json\/wp\/v2\/pages\/1741\/revisions"}],"predecessor-version":[{"id":3445,"href":"https:\/\/www.healthy-heart.org\/ro\/wp-json\/wp\/v2\/pages\/1741\/revisions\/3445"}],"up":[{"embeddable":true,"href":"https:\/\/www.healthy-heart.org\/ro\/wp-json\/wp\/v2\/pages\/1864"}],"wp:featuredmedia":[{"embeddable":true,"href":"https:\/\/www.healthy-heart.org\/ro\/wp-json\/wp\/v2\/media\/572"}],"wp:attachment":[{"href":"https:\/\/www.healthy-heart.org\/ro\/wp-json\/wp\/v2\/media?parent=1741"}],"wp:term":[{"taxonomy":"category","embeddable":true,"href":"https:\/\/www.healthy-heart.org\/ro\/wp-json\/wp\/v2\/categories?post=1741"},{"taxonomy":"post_tag","embeddable":true,"href":"https:\/\/www.healthy-heart.org\/ro\/wp-json\/wp\/v2\/tags?post=1741"}],"curies":[{"name":"wp","href":"https:\/\/api.w.org\/{rel}","templated":true}]}}