{"id":1736,"date":"2019-10-07T17:53:18","date_gmt":"2019-10-07T16:53:18","guid":{"rendered":"https:\/\/www.healthy-heart.org\/revenirea-la-locul-de-munca-dupa-un-atac-de-cord\/"},"modified":"2024-12-10T12:24:10","modified_gmt":"2024-12-10T12:24:10","slug":"revenirea-la-locul-de-munca-dupa-un-infarct-miocardic","status":"publish","type":"page","link":"https:\/\/www.healthy-heart.org\/ro\/viata-cu-o-boala-de-inima\/revenirea-la-locul-de-munca-dupa-un-infarct-miocardic\/","title":{"rendered":"Revenirea la locul de munc\u0103 dup\u0103 un atac de cord"},"content":{"rendered":"<p><img loading=\"lazy\" decoding=\"async\" class=\"alignright size-medium wp-image-554\" src=\"https:\/\/cdn-endpoint-prev.azureedge.net\/healthy-heart\/2019\/07\/iStock-75939684-e1565873258225-350x244.jpg\" alt=\"\" width=\"350\" height=\"244\" srcset=\"https:\/\/www.healthy-heart.org\/wp-content\/uploads\/2019\/07\/iStock-75939684-e1565873258225-350x244.jpg 350w, https:\/\/cdn-endpoint-prev.azureedge.net\/healthy-heart\/2019\/07\/iStock-75939684-e1565873258225-2048x1427.jpg 2048w, https:\/\/www.healthy-heart.org\/wp-content\/uploads\/2019\/07\/iStock-75939684-e1565873258225-200x139.jpg 200w, https:\/\/www.healthy-heart.org\/wp-content\/uploads\/2019\/07\/iStock-75939684-e1565873258225-768x535.jpg 768w, https:\/\/www.healthy-heart.org\/wp-content\/uploads\/2019\/07\/iStock-75939684-e1565873258225-1024x713.jpg 1024w, https:\/\/www.healthy-heart.org\/wp-content\/uploads\/2019\/07\/iStock-75939684-e1565873258225-1536x1070.jpg 1536w, https:\/\/www.healthy-heart.org\/wp-content\/uploads\/2019\/07\/iStock-75939684-e1565873258225-630x439.jpg 630w, https:\/\/www.healthy-heart.org\/wp-content\/uploads\/2019\/07\/iStock-75939684-e1565873258225-666x464.jpg 666w\" sizes=\"auto, (max-width: 350px) 100vw, 350px\" \/><\/p>\n<p>Este esen\u021bial s\u0103 participa\u021bi la un program extins de reabilitare cardiac\u0103 dup\u0103 ce sunte\u021bi externat din spital. Acest program v\u0103 ajut\u0103 s\u0103 v\u0103 recupera\u021bi capacitatea func\u021bional\u0103 \u0219i include un program personalizat de exerci\u021bii. O scurt\u0103 perioad\u0103 dup\u0103 un atac de cord ar trebui s\u0103 evita\u021bi activit\u0103\u021bile fizice intense \u2013 acest interval poate fi diferit de la o persoan\u0103 la alta \u0219i trebuie s\u0103-l stabili\u021bi \u00eempreun\u0103 cu cardiologul dvs. Cu toate acestea, este important s\u0103 efectua\u021bi activit\u0103\u021bi fizice de intensitate u\u0219oar\u0103 p\u00e2n\u0103 la moderat\u0103, deoarece acestea vor contribui la recuperarea dvs. \u0219i v\u0103 vor cre\u0219te calitatea vie\u021bii. \u00cen general, concediul medical prelungit nu este benefic \u0219i este \u00eencurajat\u0103 reluarea activit\u0103\u021bii dup\u0103 externare.<\/p>\n<p>Pentru persoanele care desf\u0103\u0219oar\u0103 activit\u0103\u021bi profesionale care necesit\u0103 un efort fizic sc\u0103zut p\u00e2n\u0103 la moderat, revenirea la locul de munc\u0103 \u00een interval de o lun\u0103 este de obicei posibil\u0103 \u00een cazul \u00een care func\u021bia de pompare a inimii este normal\u0103 \u0219i nu au existat complica\u021bii \u00een timpul spitaliz\u0103rii sau a reabilit\u0103rii. Pentru cei care trebuie s\u0103 fac\u0103 efort fizic intens la locul de munc\u0103, este uneori nevoie s\u0103 fie efectuate analize suplimentare \u00eenainte ca medicul cardiolog s\u0103 aprobe reluarea activit\u0103\u021bilor profesionale.<\/p>\n","protected":false},"excerpt":{"rendered":"<p>Este esen\u021bial s\u0103 participa\u021bi la un program extins de reabilitare cardiac\u0103 dup\u0103 ce sunte\u021bi externat din spital. Acest program v\u0103 ajut\u0103 s\u0103 v\u0103 recupera\u021bi capacitatea func\u021bional\u0103 \u0219i include un program personalizat de exerci\u021bii. O scurt\u0103 perioad\u0103 dup\u0103 un atac de cord ar trebui s\u0103 evita\u021bi activit\u0103\u021bile fizice intense \u2013 acest interval poate fi diferit de [&hellip;]<\/p>\n","protected":false},"author":1,"featured_media":3210,"parent":1864,"menu_order":8,"comment_status":"closed","ping_status":"closed","template":"","meta":{"_acf_changed":false,"footnotes":""},"categories":[62],"tags":[],"class_list":["post-1736","page","type-page","status-publish","has-post-thumbnail","hentry","category-viata-cu-o-boala-de-inima"],"acf":[],"yoast_head":"<!-- This site is optimized with the Yoast SEO plugin v24.0 - https:\/\/yoast.com\/wordpress\/plugins\/seo\/ -->\n<title>Revenirea la locul de munc\u0103 dup\u0103 un atac de cord - Healthy-Heart.org<\/title>\n<meta name=\"description\" content=\"Majoritatea oamenilor se pot \u00eentoarce la locul de munc\u0103 dup\u0103 un infarct miocardic, dar ar trebui s\u0103 evite un nivel ridicat de efort fizic \u00een prima lun\u0103.\" \/>\n<meta name=\"robots\" content=\"index, follow, max-snippet:-1, max-image-preview:large, max-video-preview:-1\" \/>\n<link rel=\"canonical\" href=\"https:\/\/www.healthy-heart.org\/ro\/viata-cu-o-boala-de-inima\/revenirea-la-locul-de-munca-dupa-un-infarct-miocardic\/\" \/>\n<meta property=\"og:locale\" content=\"ro_RO\" \/>\n<meta property=\"og:type\" content=\"article\" \/>\n<meta property=\"og:title\" content=\"Revenirea la locul de munc\u0103 dup\u0103 un atac de cord - Healthy-Heart.org\" \/>\n<meta property=\"og:description\" content=\"Majoritatea oamenilor se pot \u00eentoarce la locul de munc\u0103 dup\u0103 un infarct miocardic, dar ar trebui s\u0103 evite un nivel ridicat de efort fizic \u00een prima lun\u0103.\" \/>\n<meta property=\"og:url\" content=\"https:\/\/www.healthy-heart.org\/ro\/viata-cu-o-boala-de-inima\/revenirea-la-locul-de-munca-dupa-un-infarct-miocardic\/\" \/>\n<meta property=\"og:site_name\" content=\"Healthy-Heart.org\" \/>\n<meta property=\"article:modified_time\" content=\"2024-12-10T12:24:10+00:00\" \/>\n<meta property=\"og:image\" content=\"https:\/\/www.healthy-heart.org\/wp-content\/uploads\/2019\/10\/Work1.jpg\" \/>\n\t<meta property=\"og:image:width\" content=\"3804\" \/>\n\t<meta property=\"og:image:height\" content=\"2650\" \/>\n\t<meta property=\"og:image:type\" content=\"image\/jpeg\" \/>\n<meta name=\"twitter:card\" content=\"summary_large_image\" \/>\n<meta name=\"twitter:label1\" content=\"Timp estimat pentru citire\" \/>\n\t<meta name=\"twitter:data1\" content=\"1 minut\" \/>\n<script type=\"application\/ld+json\" class=\"yoast-schema-graph\">{\"@context\":\"https:\/\/schema.org\",\"@graph\":[{\"@type\":\"WebPage\",\"@id\":\"https:\/\/www.healthy-heart.org\/ro\/viata-cu-o-boala-de-inima\/revenirea-la-locul-de-munca-dupa-un-infarct-miocardic\/\",\"url\":\"https:\/\/www.healthy-heart.org\/ro\/viata-cu-o-boala-de-inima\/revenirea-la-locul-de-munca-dupa-un-infarct-miocardic\/\",\"name\":\"Revenirea la locul de munc\u0103 dup\u0103 un atac de cord - Healthy-Heart.org\",\"isPartOf\":{\"@id\":\"https:\/\/www.healthy-heart.org\/es\/#website\"},\"primaryImageOfPage\":{\"@id\":\"https:\/\/www.healthy-heart.org\/ro\/viata-cu-o-boala-de-inima\/revenirea-la-locul-de-munca-dupa-un-infarct-miocardic\/#primaryimage\"},\"image\":{\"@id\":\"https:\/\/www.healthy-heart.org\/ro\/viata-cu-o-boala-de-inima\/revenirea-la-locul-de-munca-dupa-un-infarct-miocardic\/#primaryimage\"},\"thumbnailUrl\":\"https:\/\/www.healthy-heart.org\/wp-content\/uploads\/2019\/10\/Work1.jpg\",\"datePublished\":\"2019-10-07T16:53:18+00:00\",\"dateModified\":\"2024-12-10T12:24:10+00:00\",\"description\":\"Majoritatea oamenilor se pot \u00eentoarce la locul de munc\u0103 dup\u0103 un infarct miocardic, dar ar trebui s\u0103 evite un nivel ridicat de efort fizic \u00een prima lun\u0103.\",\"breadcrumb\":{\"@id\":\"https:\/\/www.healthy-heart.org\/ro\/viata-cu-o-boala-de-inima\/revenirea-la-locul-de-munca-dupa-un-infarct-miocardic\/#breadcrumb\"},\"inLanguage\":\"ro-RO\",\"potentialAction\":[{\"@type\":\"ReadAction\",\"target\":[\"https:\/\/www.healthy-heart.org\/ro\/viata-cu-o-boala-de-inima\/revenirea-la-locul-de-munca-dupa-un-infarct-miocardic\/\"]}]},{\"@type\":\"ImageObject\",\"inLanguage\":\"ro-RO\",\"@id\":\"https:\/\/www.healthy-heart.org\/ro\/viata-cu-o-boala-de-inima\/revenirea-la-locul-de-munca-dupa-un-infarct-miocardic\/#primaryimage\",\"url\":\"https:\/\/www.healthy-heart.org\/wp-content\/uploads\/2019\/10\/Work1.jpg\",\"contentUrl\":\"https:\/\/www.healthy-heart.org\/wp-content\/uploads\/2019\/10\/Work1.jpg\",\"width\":3804,\"height\":2650},{\"@type\":\"BreadcrumbList\",\"@id\":\"https:\/\/www.healthy-heart.org\/ro\/viata-cu-o-boala-de-inima\/revenirea-la-locul-de-munca-dupa-un-infarct-miocardic\/#breadcrumb\",\"itemListElement\":[{\"@type\":\"ListItem\",\"position\":1,\"name\":\"Home\",\"item\":\"https:\/\/www.healthy-heart.org\/ro\/\"},{\"@type\":\"ListItem\",\"position\":2,\"name\":\"Via\u021ba cu o boal\u0103 de inim\u0103\",\"item\":\"https:\/\/www.healthy-heart.org\/ro\/viata-cu-o-boala-de-inima\/\"},{\"@type\":\"ListItem\",\"position\":3,\"name\":\"Revenirea la locul de munc\u0103 dup\u0103 un atac de cord\"}]},{\"@type\":\"WebSite\",\"@id\":\"https:\/\/www.healthy-heart.org\/es\/#website\",\"url\":\"https:\/\/www.healthy-heart.org\/es\/\",\"name\":\"Healthy-Heart.org\",\"description\":\"Practical advice for patients and family care givers on the prevention of cardiovascular disease\",\"potentialAction\":[{\"@type\":\"SearchAction\",\"target\":{\"@type\":\"EntryPoint\",\"urlTemplate\":\"https:\/\/www.healthy-heart.org\/es\/?s={search_term_string}\"},\"query-input\":{\"@type\":\"PropertyValueSpecification\",\"valueRequired\":true,\"valueName\":\"search_term_string\"}}],\"inLanguage\":\"ro-RO\"}]}<\/script>\n<!-- \/ Yoast SEO plugin. -->","yoast_head_json":{"title":"Revenirea la locul de munc\u0103 dup\u0103 un atac de cord - Healthy-Heart.org","description":"Majoritatea oamenilor se pot \u00eentoarce la locul de munc\u0103 dup\u0103 un infarct miocardic, dar ar trebui s\u0103 evite un nivel ridicat de efort fizic \u00een prima lun\u0103.","robots":{"index":"index","follow":"follow","max-snippet":"max-snippet:-1","max-image-preview":"max-image-preview:large","max-video-preview":"max-video-preview:-1"},"canonical":"https:\/\/www.healthy-heart.org\/ro\/viata-cu-o-boala-de-inima\/revenirea-la-locul-de-munca-dupa-un-infarct-miocardic\/","og_locale":"ro_RO","og_type":"article","og_title":"Revenirea la locul de munc\u0103 dup\u0103 un atac de cord - Healthy-Heart.org","og_description":"Majoritatea oamenilor se pot \u00eentoarce la locul de munc\u0103 dup\u0103 un infarct miocardic, dar ar trebui s\u0103 evite un nivel ridicat de efort fizic \u00een prima lun\u0103.","og_url":"https:\/\/www.healthy-heart.org\/ro\/viata-cu-o-boala-de-inima\/revenirea-la-locul-de-munca-dupa-un-infarct-miocardic\/","og_site_name":"Healthy-Heart.org","article_modified_time":"2024-12-10T12:24:10+00:00","og_image":[{"width":3804,"height":2650,"url":"https:\/\/www.healthy-heart.org\/wp-content\/uploads\/2019\/10\/Work1.jpg","type":"image\/jpeg"}],"twitter_card":"summary_large_image","twitter_misc":{"Timp estimat pentru citire":"1 minut"},"schema":{"@context":"https:\/\/schema.org","@graph":[{"@type":"WebPage","@id":"https:\/\/www.healthy-heart.org\/ro\/viata-cu-o-boala-de-inima\/revenirea-la-locul-de-munca-dupa-un-infarct-miocardic\/","url":"https:\/\/www.healthy-heart.org\/ro\/viata-cu-o-boala-de-inima\/revenirea-la-locul-de-munca-dupa-un-infarct-miocardic\/","name":"Revenirea la locul de munc\u0103 dup\u0103 un atac de cord - Healthy-Heart.org","isPartOf":{"@id":"https:\/\/www.healthy-heart.org\/es\/#website"},"primaryImageOfPage":{"@id":"https:\/\/www.healthy-heart.org\/ro\/viata-cu-o-boala-de-inima\/revenirea-la-locul-de-munca-dupa-un-infarct-miocardic\/#primaryimage"},"image":{"@id":"https:\/\/www.healthy-heart.org\/ro\/viata-cu-o-boala-de-inima\/revenirea-la-locul-de-munca-dupa-un-infarct-miocardic\/#primaryimage"},"thumbnailUrl":"https:\/\/www.healthy-heart.org\/wp-content\/uploads\/2019\/10\/Work1.jpg","datePublished":"2019-10-07T16:53:18+00:00","dateModified":"2024-12-10T12:24:10+00:00","description":"Majoritatea oamenilor se pot \u00eentoarce la locul de munc\u0103 dup\u0103 un infarct miocardic, dar ar trebui s\u0103 evite un nivel ridicat de efort fizic \u00een prima lun\u0103.","breadcrumb":{"@id":"https:\/\/www.healthy-heart.org\/ro\/viata-cu-o-boala-de-inima\/revenirea-la-locul-de-munca-dupa-un-infarct-miocardic\/#breadcrumb"},"inLanguage":"ro-RO","potentialAction":[{"@type":"ReadAction","target":["https:\/\/www.healthy-heart.org\/ro\/viata-cu-o-boala-de-inima\/revenirea-la-locul-de-munca-dupa-un-infarct-miocardic\/"]}]},{"@type":"ImageObject","inLanguage":"ro-RO","@id":"https:\/\/www.healthy-heart.org\/ro\/viata-cu-o-boala-de-inima\/revenirea-la-locul-de-munca-dupa-un-infarct-miocardic\/#primaryimage","url":"https:\/\/www.healthy-heart.org\/wp-content\/uploads\/2019\/10\/Work1.jpg","contentUrl":"https:\/\/www.healthy-heart.org\/wp-content\/uploads\/2019\/10\/Work1.jpg","width":3804,"height":2650},{"@type":"BreadcrumbList","@id":"https:\/\/www.healthy-heart.org\/ro\/viata-cu-o-boala-de-inima\/revenirea-la-locul-de-munca-dupa-un-infarct-miocardic\/#breadcrumb","itemListElement":[{"@type":"ListItem","position":1,"name":"Home","item":"https:\/\/www.healthy-heart.org\/ro\/"},{"@type":"ListItem","position":2,"name":"Via\u021ba cu o boal\u0103 de inim\u0103","item":"https:\/\/www.healthy-heart.org\/ro\/viata-cu-o-boala-de-inima\/"},{"@type":"ListItem","position":3,"name":"Revenirea la locul de munc\u0103 dup\u0103 un atac de cord"}]},{"@type":"WebSite","@id":"https:\/\/www.healthy-heart.org\/es\/#website","url":"https:\/\/www.healthy-heart.org\/es\/","name":"Healthy-Heart.org","description":"Practical advice for patients and family care givers on the prevention of cardiovascular disease","potentialAction":[{"@type":"SearchAction","target":{"@type":"EntryPoint","urlTemplate":"https:\/\/www.healthy-heart.org\/es\/?s={search_term_string}"},"query-input":{"@type":"PropertyValueSpecification","valueRequired":true,"valueName":"search_term_string"}}],"inLanguage":"ro-RO"}]}},"_links":{"self":[{"href":"https:\/\/www.healthy-heart.org\/ro\/wp-json\/wp\/v2\/pages\/1736","targetHints":{"allow":["GET"]}}],"collection":[{"href":"https:\/\/www.healthy-heart.org\/ro\/wp-json\/wp\/v2\/pages"}],"about":[{"href":"https:\/\/www.healthy-heart.org\/ro\/wp-json\/wp\/v2\/types\/page"}],"author":[{"embeddable":true,"href":"https:\/\/www.healthy-heart.org\/ro\/wp-json\/wp\/v2\/users\/1"}],"replies":[{"embeddable":true,"href":"https:\/\/www.healthy-heart.org\/ro\/wp-json\/wp\/v2\/comments?post=1736"}],"version-history":[{"count":6,"href":"https:\/\/www.healthy-heart.org\/ro\/wp-json\/wp\/v2\/pages\/1736\/revisions"}],"predecessor-version":[{"id":7425,"href":"https:\/\/www.healthy-heart.org\/ro\/wp-json\/wp\/v2\/pages\/1736\/revisions\/7425"}],"up":[{"embeddable":true,"href":"https:\/\/www.healthy-heart.org\/ro\/wp-json\/wp\/v2\/pages\/1864"}],"wp:featuredmedia":[{"embeddable":true,"href":"https:\/\/www.healthy-heart.org\/ro\/wp-json\/wp\/v2\/media\/3210"}],"wp:attachment":[{"href":"https:\/\/www.healthy-heart.org\/ro\/wp-json\/wp\/v2\/media?parent=1736"}],"wp:term":[{"taxonomy":"category","embeddable":true,"href":"https:\/\/www.healthy-heart.org\/ro\/wp-json\/wp\/v2\/categories?post=1736"},{"taxonomy":"post_tag","embeddable":true,"href":"https:\/\/www.healthy-heart.org\/ro\/wp-json\/wp\/v2\/tags?post=1736"}],"curies":[{"name":"wp","href":"https:\/\/api.w.org\/{rel}","templated":true}]}}