{"id":1726,"date":"2019-10-07T17:52:48","date_gmt":"2019-10-07T16:52:48","guid":{"rendered":"https:\/\/www.healthy-heart.org\/factori-de-risc-pentru-un-al-doilea-atac-de-cord\/"},"modified":"2025-08-29T13:22:10","modified_gmt":"2025-08-29T12:22:10","slug":"factori-de-risc-pentru-un-al-doilea-atac-de-cord","status":"publish","type":"page","link":"https:\/\/www.healthy-heart.org\/ro\/viata-cu-o-boala-de-inima\/factori-de-risc-pentru-un-al-doilea-atac-de-cord\/","title":{"rendered":"Factori de risc pentru un al doilea atac de cord"},"content":{"rendered":"<p><img loading=\"lazy\" decoding=\"async\" class=\"alignright size-medium wp-image-494\" src=\"https:\/\/cdn-endpoint-prev.azureedge.net\/healthy-heart\/2019\/07\/iStock-908134236-e1565872918492-350x246.jpg\" alt=\"\" width=\"350\" height=\"246\" srcset=\"https:\/\/www.healthy-heart.org\/wp-content\/uploads\/2019\/07\/iStock-908134236-e1565872918492-350x246.jpg 350w, https:\/\/www.healthy-heart.org\/wp-content\/uploads\/2019\/07\/iStock-908134236-e1565872918492-200x140.jpg 200w, https:\/\/www.healthy-heart.org\/wp-content\/uploads\/2019\/07\/iStock-908134236-e1565872918492-768x539.jpg 768w, https:\/\/www.healthy-heart.org\/wp-content\/uploads\/2019\/07\/iStock-908134236-e1565872918492-1024x719.jpg 1024w, https:\/\/www.healthy-heart.org\/wp-content\/uploads\/2019\/07\/iStock-908134236-e1565872918492-1536x1079.jpg 1536w, https:\/\/www.healthy-heart.org\/wp-content\/uploads\/2019\/07\/iStock-908134236-e1565872918492-2048x1438.jpg 2048w, https:\/\/www.healthy-heart.org\/wp-content\/uploads\/2019\/07\/iStock-908134236-e1565872918492-625x439.jpg 625w, https:\/\/www.healthy-heart.org\/wp-content\/uploads\/2019\/07\/iStock-908134236-e1565872918492-661x464.jpg 661w\" sizes=\"auto, (max-width: 350px) 100vw, 350px\" \/><\/p>\n<p>Este posibil s\u0103 fi trecut printr-o procedur\u0103 \u0219i s\u0103 fi urmat un tratament medicamentos pentru a restabili alimentarea cu s\u00e2nge \u0219i oxigen a mu\u0219chiului inimii. De\u0219i aceste tratamente v-ar putea ameliora simptomele, vasele de s\u00e2nge afectate s-ar putea \u00eengusta \u0219i s-ar putea bloca din nou. De asemenea, aceia\u0219i factori care au dus la primul infarct miocardic pot fi deja pe cale s\u0103 deterioreze alte vase de s\u00e2nge din corpul dvs. Dac\u0103 aceste vase de s\u00e2nge afectate asigur\u0103 circula\u021bia sanguin\u0103 c\u0103tre inim\u0103, acest lucru ar putea duce la un nou atac de cord. Dac\u0103 ele asigur\u0103 circula\u021bia sanguin\u0103 c\u0103tre creier, acest lucru ar putea duce la un atac cerebral. Vasele blocate din picioare pot provoca boli arteriale periferice.<\/p>\n<p>Riscul unui al doilea atac de cord sau al unui alt eveniment cardiovascular variaz\u0103 de la o persoan\u0103 la alta. Acesta depinde de numero\u0219i factori, dintre care unii pot fi modifica\u021bi, iar al\u021bii nu. Cei mai relevan\u021bi factori de risc sunt:<\/p>\n<p><span style=\"text-decoration: underline;\"><strong>Factori de risc nemodificabili:<\/strong><\/span><\/p>\n<ul>\n<li>V\u00e2rsta<\/li>\n<li><a href=\"https:\/\/www.healthy-heart.org\/keep-your-heart-healthy\/differences-between-men-and-women\/\">Sexul<\/a><\/li>\n<li>Num\u0103rul \u0219i tipul evenimentelor cardiovasculare anterioare<\/li>\n<li>Capacitatea de pompare r\u0103mas\u0103 a inimii dvs.<\/li>\n<li>Prezen\u021ba fibrila\u021biei atriale (o form\u0103 de tulburare de ritm cardiac)<\/li>\n<li>Insuficien\u021ba renal\u0103<\/li>\n<\/ul>\n<p><span style=\"text-decoration: underline;\"><strong>Factori de risc modificabili:<\/strong><\/span><\/p>\n<ul>\n<li><a href=\"https:\/\/www.healthy-heart.org\/keep-your-heart-healthy\/smoking\/\">Fumatul<\/a><\/li>\n<li><a href=\"https:\/\/www.healthy-heart.org\/keep-your-heart-healthy\/keeping-a-healthy-weight\/\">Greutatea corporal\u0103<\/a><\/li>\n<li><a href=\"https:\/\/www.healthy-heart.org\/keep-your-heart-healthy\/physical-activity\/\">Efectuarea de exerci\u021bii fizice<\/a> versus inactivitate fizic\u0103<\/li>\n<li><a href=\"https:\/\/www.healthy-heart.org\/keep-your-heart-healthy\/heart-friendly-diet\/\">Diet\u0103 s\u0103n\u0103toas\u0103 versus nes\u0103n\u0103toas\u0103<\/a><\/li>\n<li><a href=\"https:\/\/www.healthy-heart.org\/keep-your-heart-healthy\/stress-and-sleep\/\">Stresul psihosocial<\/a><\/li>\n<li><a href=\"https:\/\/www.healthy-heart.org\/keep-your-heart-healthy\/cholesterol\/\">Controlarea colesterolului sanguin<\/a><\/li>\n<li><a href=\"https:\/\/www.healthy-heart.org\/keep-your-heart-healthy\/blood-pressure\/\">Controlarea tensiunii arteriale<\/a><\/li>\n<li><a href=\"https:\/\/www.healthy-heart.org\/keep-your-heart-healthy\/diabetes\/\">Eventuala prezen\u021b\u0103 \u0219i controlarea diabetului zaharat<\/a><\/li>\n<li>Inflama\u021bia cronic\u0103<\/li>\n<\/ul>\n<p>Identificarea factorilor dvs. de risc determin\u0103 schimb\u0103rile de comportament \u0219i <a href=\"https:\/\/www.healthy-heart.org\/living-with-heart-disease\/types-of-medication\/\">tratamentul medicamentos<\/a> necesare pentru a preveni noi evenimente cardiovasculare. Oricare ar fi nivelul dvs. de risc, este important s\u0103 adopta\u021bi un stil de via\u021b\u0103 s\u0103n\u0103tos, astfel \u00eenc\u00e2t s\u0103 preveni\u021bi un al doilea atac de cord. Prin urmare, trebuie s\u0103 nu <a href=\"https:\/\/www.healthy-heart.org\/keep-your-heart-healthy\/smoking\/\">fuma\u021bi<\/a>, s\u0103 v\u0103 men\u021bine\u021bi o <a href=\"https:\/\/www.healthy-heart.org\/keep-your-heart-healthy\/keeping-a-healthy-weight\/\">greutate corporal\u0103 normal\u0103<\/a>, s\u0103 ave\u021bi o <a href=\"https:\/\/www.healthy-heart.org\/keep-your-heart-healthy\/heart-friendly-diet\/\">diet\u0103 echilibrat\u0103<\/a>, s\u0103 practica\u021bi <a href=\"https:\/\/www.healthy-heart.org\/keep-your-heart-healthy\/physical-activity\/\">activit\u0103\u021bi fizice<\/a> \u0219i s\u0103 v\u0103 men\u021bine\u021bi sub control <a href=\"https:\/\/www.healthy-heart.org\/keep-your-heart-healthy\/stress-and-sleep\/\">stresul<\/a>, <a href=\"https:\/\/www.healthy-heart.org\/keep-your-heart-healthy\/blood-pressure\/\">tensiunea<\/a>, <a href=\"https:\/\/www.healthy-heart.org\/keep-your-heart-healthy\/cholesterol\/\">colesterolul<\/a> \u0219i <a href=\"https:\/\/www.healthy-heart.org\/keep-your-heart-healthy\/diabetes\/\">diabetul<\/a>.<\/p>\n","protected":false},"excerpt":{"rendered":"<p>Este posibil s\u0103 fi trecut printr-o procedur\u0103 \u0219i s\u0103 fi urmat un tratament medicamentos pentru a restabili alimentarea cu s\u00e2nge \u0219i oxigen a mu\u0219chiului inimii. De\u0219i aceste tratamente v-ar putea ameliora simptomele, vasele de s\u00e2nge afectate s-ar putea \u00eengusta \u0219i s-ar putea bloca din nou. De asemenea, aceia\u0219i factori care au dus la primul infarct [&hellip;]<\/p>\n","protected":false},"author":1,"featured_media":501,"parent":1864,"menu_order":10,"comment_status":"closed","ping_status":"closed","template":"","meta":{"_acf_changed":false,"footnotes":""},"categories":[62],"tags":[],"class_list":["post-1726","page","type-page","status-publish","has-post-thumbnail","hentry","category-viata-cu-o-boala-de-inima"],"acf":[],"yoast_head":"<!-- This site is optimized with the Yoast SEO plugin v24.0 - https:\/\/yoast.com\/wordpress\/plugins\/seo\/ -->\n<title>Factori de risc pentru un al doilea atac de cord - Healthy-Heart.org<\/title>\n<meta name=\"description\" content=\"Riscul unui al doilea atac de cord nu este acela\u0219i pentru toat\u0103 lumea. Acesta depinde de numero\u0219i factori, dintre care unii pot fi influen\u021ba\u021bi, iar al\u021bii nu.\" \/>\n<meta name=\"robots\" content=\"index, follow, max-snippet:-1, max-image-preview:large, max-video-preview:-1\" \/>\n<link rel=\"canonical\" href=\"https:\/\/www.healthy-heart.org\/ro\/viata-cu-o-boala-de-inima\/factori-de-risc-pentru-un-al-doilea-atac-de-cord\/\" \/>\n<meta property=\"og:locale\" content=\"ro_RO\" \/>\n<meta property=\"og:type\" content=\"article\" \/>\n<meta property=\"og:title\" content=\"Factori de risc pentru un al doilea atac de cord - Healthy-Heart.org\" \/>\n<meta property=\"og:description\" content=\"Riscul unui al doilea atac de cord nu este acela\u0219i pentru toat\u0103 lumea. Acesta depinde de numero\u0219i factori, dintre care unii pot fi influen\u021ba\u021bi, iar al\u021bii nu.\" \/>\n<meta property=\"og:url\" content=\"https:\/\/www.healthy-heart.org\/ro\/viata-cu-o-boala-de-inima\/factori-de-risc-pentru-un-al-doilea-atac-de-cord\/\" \/>\n<meta property=\"og:site_name\" content=\"Healthy-Heart.org\" \/>\n<meta property=\"article:modified_time\" content=\"2025-08-29T12:22:10+00:00\" \/>\n<meta property=\"og:image\" content=\"https:\/\/www.healthy-heart.org\/wp-content\/uploads\/2019\/07\/iStock-908134236-1024x640.jpg\" \/>\n\t<meta property=\"og:image:width\" content=\"1024\" \/>\n\t<meta property=\"og:image:height\" content=\"640\" \/>\n\t<meta property=\"og:image:type\" content=\"image\/jpeg\" \/>\n<meta name=\"twitter:card\" content=\"summary_large_image\" \/>\n<meta name=\"twitter:label1\" content=\"Timp estimat pentru citire\" \/>\n\t<meta name=\"twitter:data1\" content=\"2 minute\" \/>\n<script type=\"application\/ld+json\" class=\"yoast-schema-graph\">{\"@context\":\"https:\/\/schema.org\",\"@graph\":[{\"@type\":\"WebPage\",\"@id\":\"https:\/\/www.healthy-heart.org\/ro\/viata-cu-o-boala-de-inima\/factori-de-risc-pentru-un-al-doilea-atac-de-cord\/\",\"url\":\"https:\/\/www.healthy-heart.org\/ro\/viata-cu-o-boala-de-inima\/factori-de-risc-pentru-un-al-doilea-atac-de-cord\/\",\"name\":\"Factori de risc pentru un al doilea atac de cord - Healthy-Heart.org\",\"isPartOf\":{\"@id\":\"https:\/\/www.healthy-heart.org\/es\/#website\"},\"primaryImageOfPage\":{\"@id\":\"https:\/\/www.healthy-heart.org\/ro\/viata-cu-o-boala-de-inima\/factori-de-risc-pentru-un-al-doilea-atac-de-cord\/#primaryimage\"},\"image\":{\"@id\":\"https:\/\/www.healthy-heart.org\/ro\/viata-cu-o-boala-de-inima\/factori-de-risc-pentru-un-al-doilea-atac-de-cord\/#primaryimage\"},\"thumbnailUrl\":\"https:\/\/www.healthy-heart.org\/wp-content\/uploads\/2019\/07\/iStock-908134236.jpg\",\"datePublished\":\"2019-10-07T16:52:48+00:00\",\"dateModified\":\"2025-08-29T12:22:10+00:00\",\"description\":\"Riscul unui al doilea atac de cord nu este acela\u0219i pentru toat\u0103 lumea. Acesta depinde de numero\u0219i factori, dintre care unii pot fi influen\u021ba\u021bi, iar al\u021bii nu.\",\"breadcrumb\":{\"@id\":\"https:\/\/www.healthy-heart.org\/ro\/viata-cu-o-boala-de-inima\/factori-de-risc-pentru-un-al-doilea-atac-de-cord\/#breadcrumb\"},\"inLanguage\":\"ro-RO\",\"potentialAction\":[{\"@type\":\"ReadAction\",\"target\":[\"https:\/\/www.healthy-heart.org\/ro\/viata-cu-o-boala-de-inima\/factori-de-risc-pentru-un-al-doilea-atac-de-cord\/\"]}]},{\"@type\":\"ImageObject\",\"inLanguage\":\"ro-RO\",\"@id\":\"https:\/\/www.healthy-heart.org\/ro\/viata-cu-o-boala-de-inima\/factori-de-risc-pentru-un-al-doilea-atac-de-cord\/#primaryimage\",\"url\":\"https:\/\/www.healthy-heart.org\/wp-content\/uploads\/2019\/07\/iStock-908134236.jpg\",\"contentUrl\":\"https:\/\/www.healthy-heart.org\/wp-content\/uploads\/2019\/07\/iStock-908134236.jpg\",\"width\":8000,\"height\":5000,\"caption\":\"Push button on brushed metal surface. There is risk text and an arrow symbol on the button. The arrow is pointing high text on metal surface. Horizontal composition with copy space and selective focus.\"},{\"@type\":\"BreadcrumbList\",\"@id\":\"https:\/\/www.healthy-heart.org\/ro\/viata-cu-o-boala-de-inima\/factori-de-risc-pentru-un-al-doilea-atac-de-cord\/#breadcrumb\",\"itemListElement\":[{\"@type\":\"ListItem\",\"position\":1,\"name\":\"Home\",\"item\":\"https:\/\/www.healthy-heart.org\/ro\/\"},{\"@type\":\"ListItem\",\"position\":2,\"name\":\"Via\u021ba cu o boal\u0103 de inim\u0103\",\"item\":\"https:\/\/www.healthy-heart.org\/ro\/viata-cu-o-boala-de-inima\/\"},{\"@type\":\"ListItem\",\"position\":3,\"name\":\"Factori de risc pentru un al doilea atac de cord\"}]},{\"@type\":\"WebSite\",\"@id\":\"https:\/\/www.healthy-heart.org\/es\/#website\",\"url\":\"https:\/\/www.healthy-heart.org\/es\/\",\"name\":\"Healthy-Heart.org\",\"description\":\"Practical advice for patients and family care givers on the prevention of cardiovascular disease\",\"potentialAction\":[{\"@type\":\"SearchAction\",\"target\":{\"@type\":\"EntryPoint\",\"urlTemplate\":\"https:\/\/www.healthy-heart.org\/es\/?s={search_term_string}\"},\"query-input\":{\"@type\":\"PropertyValueSpecification\",\"valueRequired\":true,\"valueName\":\"search_term_string\"}}],\"inLanguage\":\"ro-RO\"}]}<\/script>\n<!-- \/ Yoast SEO plugin. -->","yoast_head_json":{"title":"Factori de risc pentru un al doilea atac de cord - Healthy-Heart.org","description":"Riscul unui al doilea atac de cord nu este acela\u0219i pentru toat\u0103 lumea. Acesta depinde de numero\u0219i factori, dintre care unii pot fi influen\u021ba\u021bi, iar al\u021bii nu.","robots":{"index":"index","follow":"follow","max-snippet":"max-snippet:-1","max-image-preview":"max-image-preview:large","max-video-preview":"max-video-preview:-1"},"canonical":"https:\/\/www.healthy-heart.org\/ro\/viata-cu-o-boala-de-inima\/factori-de-risc-pentru-un-al-doilea-atac-de-cord\/","og_locale":"ro_RO","og_type":"article","og_title":"Factori de risc pentru un al doilea atac de cord - Healthy-Heart.org","og_description":"Riscul unui al doilea atac de cord nu este acela\u0219i pentru toat\u0103 lumea. Acesta depinde de numero\u0219i factori, dintre care unii pot fi influen\u021ba\u021bi, iar al\u021bii nu.","og_url":"https:\/\/www.healthy-heart.org\/ro\/viata-cu-o-boala-de-inima\/factori-de-risc-pentru-un-al-doilea-atac-de-cord\/","og_site_name":"Healthy-Heart.org","article_modified_time":"2025-08-29T12:22:10+00:00","og_image":[{"width":1024,"height":640,"url":"https:\/\/www.healthy-heart.org\/wp-content\/uploads\/2019\/07\/iStock-908134236-1024x640.jpg","type":"image\/jpeg"}],"twitter_card":"summary_large_image","twitter_misc":{"Timp estimat pentru citire":"2 minute"},"schema":{"@context":"https:\/\/schema.org","@graph":[{"@type":"WebPage","@id":"https:\/\/www.healthy-heart.org\/ro\/viata-cu-o-boala-de-inima\/factori-de-risc-pentru-un-al-doilea-atac-de-cord\/","url":"https:\/\/www.healthy-heart.org\/ro\/viata-cu-o-boala-de-inima\/factori-de-risc-pentru-un-al-doilea-atac-de-cord\/","name":"Factori de risc pentru un al doilea atac de cord - Healthy-Heart.org","isPartOf":{"@id":"https:\/\/www.healthy-heart.org\/es\/#website"},"primaryImageOfPage":{"@id":"https:\/\/www.healthy-heart.org\/ro\/viata-cu-o-boala-de-inima\/factori-de-risc-pentru-un-al-doilea-atac-de-cord\/#primaryimage"},"image":{"@id":"https:\/\/www.healthy-heart.org\/ro\/viata-cu-o-boala-de-inima\/factori-de-risc-pentru-un-al-doilea-atac-de-cord\/#primaryimage"},"thumbnailUrl":"https:\/\/www.healthy-heart.org\/wp-content\/uploads\/2019\/07\/iStock-908134236.jpg","datePublished":"2019-10-07T16:52:48+00:00","dateModified":"2025-08-29T12:22:10+00:00","description":"Riscul unui al doilea atac de cord nu este acela\u0219i pentru toat\u0103 lumea. Acesta depinde de numero\u0219i factori, dintre care unii pot fi influen\u021ba\u021bi, iar al\u021bii nu.","breadcrumb":{"@id":"https:\/\/www.healthy-heart.org\/ro\/viata-cu-o-boala-de-inima\/factori-de-risc-pentru-un-al-doilea-atac-de-cord\/#breadcrumb"},"inLanguage":"ro-RO","potentialAction":[{"@type":"ReadAction","target":["https:\/\/www.healthy-heart.org\/ro\/viata-cu-o-boala-de-inima\/factori-de-risc-pentru-un-al-doilea-atac-de-cord\/"]}]},{"@type":"ImageObject","inLanguage":"ro-RO","@id":"https:\/\/www.healthy-heart.org\/ro\/viata-cu-o-boala-de-inima\/factori-de-risc-pentru-un-al-doilea-atac-de-cord\/#primaryimage","url":"https:\/\/www.healthy-heart.org\/wp-content\/uploads\/2019\/07\/iStock-908134236.jpg","contentUrl":"https:\/\/www.healthy-heart.org\/wp-content\/uploads\/2019\/07\/iStock-908134236.jpg","width":8000,"height":5000,"caption":"Push button on brushed metal surface. There is risk text and an arrow symbol on the button. The arrow is pointing high text on metal surface. Horizontal composition with copy space and selective focus."},{"@type":"BreadcrumbList","@id":"https:\/\/www.healthy-heart.org\/ro\/viata-cu-o-boala-de-inima\/factori-de-risc-pentru-un-al-doilea-atac-de-cord\/#breadcrumb","itemListElement":[{"@type":"ListItem","position":1,"name":"Home","item":"https:\/\/www.healthy-heart.org\/ro\/"},{"@type":"ListItem","position":2,"name":"Via\u021ba cu o boal\u0103 de inim\u0103","item":"https:\/\/www.healthy-heart.org\/ro\/viata-cu-o-boala-de-inima\/"},{"@type":"ListItem","position":3,"name":"Factori de risc pentru un al doilea atac de cord"}]},{"@type":"WebSite","@id":"https:\/\/www.healthy-heart.org\/es\/#website","url":"https:\/\/www.healthy-heart.org\/es\/","name":"Healthy-Heart.org","description":"Practical advice for patients and family care givers on the prevention of cardiovascular disease","potentialAction":[{"@type":"SearchAction","target":{"@type":"EntryPoint","urlTemplate":"https:\/\/www.healthy-heart.org\/es\/?s={search_term_string}"},"query-input":{"@type":"PropertyValueSpecification","valueRequired":true,"valueName":"search_term_string"}}],"inLanguage":"ro-RO"}]}},"_links":{"self":[{"href":"https:\/\/www.healthy-heart.org\/ro\/wp-json\/wp\/v2\/pages\/1726","targetHints":{"allow":["GET"]}}],"collection":[{"href":"https:\/\/www.healthy-heart.org\/ro\/wp-json\/wp\/v2\/pages"}],"about":[{"href":"https:\/\/www.healthy-heart.org\/ro\/wp-json\/wp\/v2\/types\/page"}],"author":[{"embeddable":true,"href":"https:\/\/www.healthy-heart.org\/ro\/wp-json\/wp\/v2\/users\/1"}],"replies":[{"embeddable":true,"href":"https:\/\/www.healthy-heart.org\/ro\/wp-json\/wp\/v2\/comments?post=1726"}],"version-history":[{"count":8,"href":"https:\/\/www.healthy-heart.org\/ro\/wp-json\/wp\/v2\/pages\/1726\/revisions"}],"predecessor-version":[{"id":7842,"href":"https:\/\/www.healthy-heart.org\/ro\/wp-json\/wp\/v2\/pages\/1726\/revisions\/7842"}],"up":[{"embeddable":true,"href":"https:\/\/www.healthy-heart.org\/ro\/wp-json\/wp\/v2\/pages\/1864"}],"wp:featuredmedia":[{"embeddable":true,"href":"https:\/\/www.healthy-heart.org\/ro\/wp-json\/wp\/v2\/media\/501"}],"wp:attachment":[{"href":"https:\/\/www.healthy-heart.org\/ro\/wp-json\/wp\/v2\/media?parent=1726"}],"wp:term":[{"taxonomy":"category","embeddable":true,"href":"https:\/\/www.healthy-heart.org\/ro\/wp-json\/wp\/v2\/categories?post=1726"},{"taxonomy":"post_tag","embeddable":true,"href":"https:\/\/www.healthy-heart.org\/ro\/wp-json\/wp\/v2\/tags?post=1726"}],"curies":[{"name":"wp","href":"https:\/\/api.w.org\/{rel}","templated":true}]}}