{"id":1721,"date":"2019-10-07T17:52:12","date_gmt":"2019-10-07T16:52:12","guid":{"rendered":"https:\/\/www.healthy-heart.org\/pastrati-va-inima-sanatoasa\/diferentele-dintre-barbati-si-femei\/"},"modified":"2024-12-24T11:48:30","modified_gmt":"2024-12-24T11:48:30","slug":"diferentele-dintre-barbati-si-femei","status":"publish","type":"page","link":"https:\/\/www.healthy-heart.org\/ro\/pastrati-va-inima-sanatoasa\/diferentele-dintre-barbati-si-femei\/","title":{"rendered":"Bolile cardiovasculare la femei"},"content":{"rendered":"<p><img loading=\"lazy\" decoding=\"async\" class=\"size-medium wp-image-652 alignright\" src=\"https:\/\/cdn-endpoint-prev.azureedge.net\/healthy-heart\/2019\/07\/iStock-1060172678-2-350x233.jpg\" alt=\"\" width=\"350\" height=\"233\" srcset=\"https:\/\/www.healthy-heart.org\/wp-content\/uploads\/2019\/07\/iStock-1060172678-2-350x233.jpg 350w, https:\/\/cdn-endpoint-prev.azureedge.net\/healthy-heart\/2019\/07\/iStock-1060172678-2-2048x1365.jpg 2048w, https:\/\/cdn-endpoint-prev.azureedge.net\/healthy-heart\/2019\/07\/iStock-1060172678-2-659x439.jpg 659w, https:\/\/www.healthy-heart.org\/wp-content\/uploads\/2019\/07\/iStock-1060172678-2-200x133.jpg 200w, https:\/\/www.healthy-heart.org\/wp-content\/uploads\/2019\/07\/iStock-1060172678-2-768x512.jpg 768w, https:\/\/www.healthy-heart.org\/wp-content\/uploads\/2019\/07\/iStock-1060172678-2-1024x683.jpg 1024w, https:\/\/www.healthy-heart.org\/wp-content\/uploads\/2019\/07\/iStock-1060172678-2-1536x1024.jpg 1536w, https:\/\/www.healthy-heart.org\/wp-content\/uploads\/2019\/07\/iStock-1060172678-2-696x464.jpg 696w\" sizes=\"auto, (max-width: 350px) 100vw, 350px\" \/>Impactul unora dintre cei mai cunoscu\u021bi factori de risc pentru afec\u021biunile cardiovasculare variaz\u0103 \u00eentre cele dou\u0103 sexe. De exemplu, riscul apari\u021biei de afec\u021biuni cardiovasculare este mai ridicat \u00een cazul unei tensiuni arteriale sc\u0103zute la femei, \u00een raport cu b\u0103rba\u021bii, iar diabetul are o mai mare influen\u021b\u0103 asupra riscului de afec\u021biuni cardiovasculare la femei, \u00een raport cu b\u0103rba\u021bii. De asemenea, la femei exist\u0103 \u0219i riscuri specifice asociate cu sarcina \u0219i menopauza, aceste momente din via\u021b\u0103 put\u00e2nd fi punctele ideale la care s\u0103 se evalueze s\u0103n\u0103tatea cardiovascular\u0103 la femei.<\/p>\n<p>Dup\u0103 v\u00e2rsta de cincizeci de ani, femeile au niveluri de <a href=\"https:\/\/www.healthy-heart.org\/keep-your-heart-healthy\/cholesterol\/\">colesterol<\/a> mai ridicate dec\u00e2t b\u0103rba\u021bii, iar colesterolul \u201ebun\u201d tinde s\u0103 scad\u0103 dup\u0103 menopauz\u0103. Modific\u0103rile hormonale dup\u0103 menopauz\u0103 determin\u0103 reunirea mai multor factori de risc pentru inim\u0103 \u0219i vasele sanguine, cum ar fi cre\u0219terea <a href=\"https:\/\/www.healthy-heart.org\/keep-your-heart-healthy\/blood-pressure\/\">tensiunii arteriale<\/a>, cre\u0219terea \u00een <a href=\"https:\/\/www.healthy-heart.org\/keep-your-heart-healthy\/keeping-a-healthy-weight\/\">greutate<\/a> \u0219i cre\u0219terea valorilor lipidelor din s\u00e2nge.<\/p>\n<p>\u00cen compara\u021bie cu b\u0103rba\u021bii, mai pu\u021bine femei prezint\u0103 simptomele clasice ale durerii toracice. Acestea indic\u0103 adesea dureri la nivelul bra\u021bului, spatelui sau maxilarului, dispnee (dificult\u0103\u021bi de respira\u021bie), sl\u0103biciune, palpita\u021bii, ame\u021beli. Citi\u021bi mai multe despre <a href=\"https:\/\/www.healthy-heart.org\/your-heart\/warning-signs-symptoms\/\">semnele de avertizare<\/a>.<\/p>\n<p>Sistemele conven\u021bionale de evaluare a factorilor de risc subestimeaz\u0103 frecvent riscul individual al femeilor, astfel \u00eenc\u00e2t profesioni\u0219tii din domeniul s\u0103n\u0103t\u0103\u021bii ar trebui s\u0103 utilizeze scoruri specifice fiec\u0103rui sex.<\/p>\n<p>Siguran\u021ba \u0219i eficacitatea terapiei hormonale de substitu\u021bie sunt \u00eenc\u0103 subiect de dezbatere. Discuta\u021bi cu medicul dvs. dac\u0103 aceast\u0103 terapie este o op\u021biune pentru dvs.<\/p>\n","protected":false},"excerpt":{"rendered":"<p>Impactul unora dintre cei mai cunoscu\u021bi factori de risc pentru afec\u021biunile cardiovasculare variaz\u0103 \u00eentre cele dou\u0103 sexe. De exemplu, riscul apari\u021biei de afec\u021biuni cardiovasculare este mai ridicat \u00een cazul unei tensiuni arteriale sc\u0103zute la femei, \u00een raport cu b\u0103rba\u021bii, iar diabetul are o mai mare influen\u021b\u0103 asupra riscului de afec\u021biuni cardiovasculare la femei, \u00een raport [&hellip;]<\/p>\n","protected":false},"author":1,"featured_media":659,"parent":1681,"menu_order":10,"comment_status":"closed","ping_status":"closed","template":"","meta":{"_acf_changed":false,"footnotes":""},"categories":[57],"tags":[],"class_list":["post-1721","page","type-page","status-publish","has-post-thumbnail","hentry","category-pastrati-va-inima-sanatoasa"],"acf":[],"yoast_head":"<!-- This site is optimized with the Yoast SEO plugin v24.0 - https:\/\/yoast.com\/wordpress\/plugins\/seo\/ -->\n<title>Diferen\u021be \u00eentre b\u0103rba\u021bi \u0219i femei - %sitename%%<\/title>\n<meta name=\"description\" content=\"Afla\u021bi care sunt diferen\u021bele \u00een ceea ce prive\u0219te riscul de boli cardiovasculare pentru femei \u0219i b\u0103rba\u021bi,\" \/>\n<meta name=\"robots\" content=\"index, follow, max-snippet:-1, max-image-preview:large, max-video-preview:-1\" \/>\n<link rel=\"canonical\" href=\"https:\/\/www.healthy-heart.org\/ro\/pastrati-va-inima-sanatoasa\/diferentele-dintre-barbati-si-femei\/\" \/>\n<meta property=\"og:locale\" content=\"ro_RO\" \/>\n<meta property=\"og:type\" content=\"article\" \/>\n<meta property=\"og:title\" content=\"Diferen\u021be \u00eentre b\u0103rba\u021bi \u0219i femei - %sitename%%\" \/>\n<meta property=\"og:description\" content=\"Afla\u021bi care sunt diferen\u021bele \u00een ceea ce prive\u0219te riscul de boli cardiovasculare pentru femei \u0219i b\u0103rba\u021bi,\" \/>\n<meta property=\"og:url\" content=\"https:\/\/www.healthy-heart.org\/ro\/pastrati-va-inima-sanatoasa\/diferentele-dintre-barbati-si-femei\/\" \/>\n<meta property=\"og:site_name\" content=\"Healthy-Heart.org\" \/>\n<meta property=\"article:modified_time\" content=\"2024-12-24T11:48:30+00:00\" \/>\n<meta property=\"og:image\" content=\"https:\/\/www.healthy-heart.org\/wp-content\/uploads\/2019\/07\/iStock-1060172678-2-1024x683.jpg\" \/>\n\t<meta property=\"og:image:width\" content=\"1024\" \/>\n\t<meta property=\"og:image:height\" content=\"683\" \/>\n\t<meta property=\"og:image:type\" content=\"image\/jpeg\" \/>\n<meta name=\"twitter:card\" content=\"summary_large_image\" \/>\n<meta name=\"twitter:label1\" content=\"Timp estimat pentru citire\" \/>\n\t<meta name=\"twitter:data1\" content=\"2 minute\" \/>\n<script type=\"application\/ld+json\" class=\"yoast-schema-graph\">{\"@context\":\"https:\/\/schema.org\",\"@graph\":[{\"@type\":\"WebPage\",\"@id\":\"https:\/\/www.healthy-heart.org\/ro\/pastrati-va-inima-sanatoasa\/diferentele-dintre-barbati-si-femei\/\",\"url\":\"https:\/\/www.healthy-heart.org\/ro\/pastrati-va-inima-sanatoasa\/diferentele-dintre-barbati-si-femei\/\",\"name\":\"Diferen\u021be \u00eentre b\u0103rba\u021bi \u0219i femei - %sitename%%\",\"isPartOf\":{\"@id\":\"https:\/\/www.healthy-heart.org\/es\/#website\"},\"primaryImageOfPage\":{\"@id\":\"https:\/\/www.healthy-heart.org\/ro\/pastrati-va-inima-sanatoasa\/diferentele-dintre-barbati-si-femei\/#primaryimage\"},\"image\":{\"@id\":\"https:\/\/www.healthy-heart.org\/ro\/pastrati-va-inima-sanatoasa\/diferentele-dintre-barbati-si-femei\/#primaryimage\"},\"thumbnailUrl\":\"https:\/\/www.healthy-heart.org\/wp-content\/uploads\/2019\/07\/iStock-1060172678-2.jpg\",\"datePublished\":\"2019-10-07T16:52:12+00:00\",\"dateModified\":\"2024-12-24T11:48:30+00:00\",\"description\":\"Afla\u021bi care sunt diferen\u021bele \u00een ceea ce prive\u0219te riscul de boli cardiovasculare pentru femei \u0219i b\u0103rba\u021bi,\",\"breadcrumb\":{\"@id\":\"https:\/\/www.healthy-heart.org\/ro\/pastrati-va-inima-sanatoasa\/diferentele-dintre-barbati-si-femei\/#breadcrumb\"},\"inLanguage\":\"ro-RO\",\"potentialAction\":[{\"@type\":\"ReadAction\",\"target\":[\"https:\/\/www.healthy-heart.org\/ro\/pastrati-va-inima-sanatoasa\/diferentele-dintre-barbati-si-femei\/\"]}]},{\"@type\":\"ImageObject\",\"inLanguage\":\"ro-RO\",\"@id\":\"https:\/\/www.healthy-heart.org\/ro\/pastrati-va-inima-sanatoasa\/diferentele-dintre-barbati-si-femei\/#primaryimage\",\"url\":\"https:\/\/www.healthy-heart.org\/wp-content\/uploads\/2019\/07\/iStock-1060172678-2.jpg\",\"contentUrl\":\"https:\/\/www.healthy-heart.org\/wp-content\/uploads\/2019\/07\/iStock-1060172678-2.jpg\",\"width\":6000,\"height\":4000,\"caption\":\"Gender equality concept as woman hands holding a white paper sheet with male and female symbol over a crowded city street background. Sex sign as a metaphor of social issue.\"},{\"@type\":\"BreadcrumbList\",\"@id\":\"https:\/\/www.healthy-heart.org\/ro\/pastrati-va-inima-sanatoasa\/diferentele-dintre-barbati-si-femei\/#breadcrumb\",\"itemListElement\":[{\"@type\":\"ListItem\",\"position\":1,\"name\":\"Home\",\"item\":\"https:\/\/www.healthy-heart.org\/ro\/\"},{\"@type\":\"ListItem\",\"position\":2,\"name\":\"P\u0103stra\u021bi-v\u0103 inima s\u0103n\u0103toas\u0103\",\"item\":\"https:\/\/www.healthy-heart.org\/ro\/pastrati-va-inima-sanatoasa\/\"},{\"@type\":\"ListItem\",\"position\":3,\"name\":\"Bolile cardiovasculare la femei\"}]},{\"@type\":\"WebSite\",\"@id\":\"https:\/\/www.healthy-heart.org\/es\/#website\",\"url\":\"https:\/\/www.healthy-heart.org\/es\/\",\"name\":\"Healthy-Heart.org\",\"description\":\"Practical advice for patients and family care givers on the prevention of cardiovascular disease\",\"potentialAction\":[{\"@type\":\"SearchAction\",\"target\":{\"@type\":\"EntryPoint\",\"urlTemplate\":\"https:\/\/www.healthy-heart.org\/es\/?s={search_term_string}\"},\"query-input\":{\"@type\":\"PropertyValueSpecification\",\"valueRequired\":true,\"valueName\":\"search_term_string\"}}],\"inLanguage\":\"ro-RO\"}]}<\/script>\n<!-- \/ Yoast SEO plugin. -->","yoast_head_json":{"title":"Diferen\u021be \u00eentre b\u0103rba\u021bi \u0219i femei - %sitename%%","description":"Afla\u021bi care sunt diferen\u021bele \u00een ceea ce prive\u0219te riscul de boli cardiovasculare pentru femei \u0219i b\u0103rba\u021bi,","robots":{"index":"index","follow":"follow","max-snippet":"max-snippet:-1","max-image-preview":"max-image-preview:large","max-video-preview":"max-video-preview:-1"},"canonical":"https:\/\/www.healthy-heart.org\/ro\/pastrati-va-inima-sanatoasa\/diferentele-dintre-barbati-si-femei\/","og_locale":"ro_RO","og_type":"article","og_title":"Diferen\u021be \u00eentre b\u0103rba\u021bi \u0219i femei - %sitename%%","og_description":"Afla\u021bi care sunt diferen\u021bele \u00een ceea ce prive\u0219te riscul de boli cardiovasculare pentru femei \u0219i b\u0103rba\u021bi,","og_url":"https:\/\/www.healthy-heart.org\/ro\/pastrati-va-inima-sanatoasa\/diferentele-dintre-barbati-si-femei\/","og_site_name":"Healthy-Heart.org","article_modified_time":"2024-12-24T11:48:30+00:00","og_image":[{"width":1024,"height":683,"url":"https:\/\/www.healthy-heart.org\/wp-content\/uploads\/2019\/07\/iStock-1060172678-2-1024x683.jpg","type":"image\/jpeg"}],"twitter_card":"summary_large_image","twitter_misc":{"Timp estimat pentru citire":"2 minute"},"schema":{"@context":"https:\/\/schema.org","@graph":[{"@type":"WebPage","@id":"https:\/\/www.healthy-heart.org\/ro\/pastrati-va-inima-sanatoasa\/diferentele-dintre-barbati-si-femei\/","url":"https:\/\/www.healthy-heart.org\/ro\/pastrati-va-inima-sanatoasa\/diferentele-dintre-barbati-si-femei\/","name":"Diferen\u021be \u00eentre b\u0103rba\u021bi \u0219i femei - %sitename%%","isPartOf":{"@id":"https:\/\/www.healthy-heart.org\/es\/#website"},"primaryImageOfPage":{"@id":"https:\/\/www.healthy-heart.org\/ro\/pastrati-va-inima-sanatoasa\/diferentele-dintre-barbati-si-femei\/#primaryimage"},"image":{"@id":"https:\/\/www.healthy-heart.org\/ro\/pastrati-va-inima-sanatoasa\/diferentele-dintre-barbati-si-femei\/#primaryimage"},"thumbnailUrl":"https:\/\/www.healthy-heart.org\/wp-content\/uploads\/2019\/07\/iStock-1060172678-2.jpg","datePublished":"2019-10-07T16:52:12+00:00","dateModified":"2024-12-24T11:48:30+00:00","description":"Afla\u021bi care sunt diferen\u021bele \u00een ceea ce prive\u0219te riscul de boli cardiovasculare pentru femei \u0219i b\u0103rba\u021bi,","breadcrumb":{"@id":"https:\/\/www.healthy-heart.org\/ro\/pastrati-va-inima-sanatoasa\/diferentele-dintre-barbati-si-femei\/#breadcrumb"},"inLanguage":"ro-RO","potentialAction":[{"@type":"ReadAction","target":["https:\/\/www.healthy-heart.org\/ro\/pastrati-va-inima-sanatoasa\/diferentele-dintre-barbati-si-femei\/"]}]},{"@type":"ImageObject","inLanguage":"ro-RO","@id":"https:\/\/www.healthy-heart.org\/ro\/pastrati-va-inima-sanatoasa\/diferentele-dintre-barbati-si-femei\/#primaryimage","url":"https:\/\/www.healthy-heart.org\/wp-content\/uploads\/2019\/07\/iStock-1060172678-2.jpg","contentUrl":"https:\/\/www.healthy-heart.org\/wp-content\/uploads\/2019\/07\/iStock-1060172678-2.jpg","width":6000,"height":4000,"caption":"Gender equality concept as woman hands holding a white paper sheet with male and female symbol over a crowded city street background. Sex sign as a metaphor of social issue."},{"@type":"BreadcrumbList","@id":"https:\/\/www.healthy-heart.org\/ro\/pastrati-va-inima-sanatoasa\/diferentele-dintre-barbati-si-femei\/#breadcrumb","itemListElement":[{"@type":"ListItem","position":1,"name":"Home","item":"https:\/\/www.healthy-heart.org\/ro\/"},{"@type":"ListItem","position":2,"name":"P\u0103stra\u021bi-v\u0103 inima s\u0103n\u0103toas\u0103","item":"https:\/\/www.healthy-heart.org\/ro\/pastrati-va-inima-sanatoasa\/"},{"@type":"ListItem","position":3,"name":"Bolile cardiovasculare la femei"}]},{"@type":"WebSite","@id":"https:\/\/www.healthy-heart.org\/es\/#website","url":"https:\/\/www.healthy-heart.org\/es\/","name":"Healthy-Heart.org","description":"Practical advice for patients and family care givers on the prevention of cardiovascular disease","potentialAction":[{"@type":"SearchAction","target":{"@type":"EntryPoint","urlTemplate":"https:\/\/www.healthy-heart.org\/es\/?s={search_term_string}"},"query-input":{"@type":"PropertyValueSpecification","valueRequired":true,"valueName":"search_term_string"}}],"inLanguage":"ro-RO"}]}},"_links":{"self":[{"href":"https:\/\/www.healthy-heart.org\/ro\/wp-json\/wp\/v2\/pages\/1721","targetHints":{"allow":["GET"]}}],"collection":[{"href":"https:\/\/www.healthy-heart.org\/ro\/wp-json\/wp\/v2\/pages"}],"about":[{"href":"https:\/\/www.healthy-heart.org\/ro\/wp-json\/wp\/v2\/types\/page"}],"author":[{"embeddable":true,"href":"https:\/\/www.healthy-heart.org\/ro\/wp-json\/wp\/v2\/users\/1"}],"replies":[{"embeddable":true,"href":"https:\/\/www.healthy-heart.org\/ro\/wp-json\/wp\/v2\/comments?post=1721"}],"version-history":[{"count":7,"href":"https:\/\/www.healthy-heart.org\/ro\/wp-json\/wp\/v2\/pages\/1721\/revisions"}],"predecessor-version":[{"id":7521,"href":"https:\/\/www.healthy-heart.org\/ro\/wp-json\/wp\/v2\/pages\/1721\/revisions\/7521"}],"up":[{"embeddable":true,"href":"https:\/\/www.healthy-heart.org\/ro\/wp-json\/wp\/v2\/pages\/1681"}],"wp:featuredmedia":[{"embeddable":true,"href":"https:\/\/www.healthy-heart.org\/ro\/wp-json\/wp\/v2\/media\/659"}],"wp:attachment":[{"href":"https:\/\/www.healthy-heart.org\/ro\/wp-json\/wp\/v2\/media?parent=1721"}],"wp:term":[{"taxonomy":"category","embeddable":true,"href":"https:\/\/www.healthy-heart.org\/ro\/wp-json\/wp\/v2\/categories?post=1721"},{"taxonomy":"post_tag","embeddable":true,"href":"https:\/\/www.healthy-heart.org\/ro\/wp-json\/wp\/v2\/tags?post=1721"}],"curies":[{"name":"wp","href":"https:\/\/api.w.org\/{rel}","templated":true}]}}