{"id":1716,"date":"2019-10-07T17:52:02","date_gmt":"2019-10-07T16:52:02","guid":{"rendered":"https:\/\/www.healthy-heart.org\/pastrati-va-inima-sanatoasa\/antecedente-familiale-de-boli-cardiace\/"},"modified":"2020-05-12T14:58:51","modified_gmt":"2020-05-12T13:58:51","slug":"antecedente-familiale-de-boli-cardiace","status":"publish","type":"page","link":"https:\/\/www.healthy-heart.org\/ro\/pastrati-va-inima-sanatoasa\/antecedente-familiale-de-boli-cardiace\/","title":{"rendered":"Antecedente familiale de boli cardiace"},"content":{"rendered":"<p><img loading=\"lazy\" decoding=\"async\" class=\"size-medium wp-image-639 alignright\" src=\"https:\/\/cdn-endpoint-prev.azureedge.net\/healthy-heart\/2019\/07\/iStock-117150029-3-350x290.jpg\" alt=\"\" width=\"350\" height=\"290\" srcset=\"https:\/\/www.healthy-heart.org\/wp-content\/uploads\/2019\/07\/iStock-117150029-3-350x290.jpg 350w, https:\/\/www.healthy-heart.org\/wp-content\/uploads\/2019\/07\/iStock-117150029-3-200x166.jpg 200w, https:\/\/www.healthy-heart.org\/wp-content\/uploads\/2019\/07\/iStock-117150029-3-768x637.jpg 768w, https:\/\/www.healthy-heart.org\/wp-content\/uploads\/2019\/07\/iStock-117150029-3-1024x849.jpg 1024w, https:\/\/www.healthy-heart.org\/wp-content\/uploads\/2019\/07\/iStock-117150029-3-529x439.jpg 529w, https:\/\/www.healthy-heart.org\/wp-content\/uploads\/2019\/07\/iStock-117150029-3-560x464.jpg 560w\" sizes=\"auto, (max-width: 350px) 100vw, 350px\" \/><\/p>\n<p>Majoritatea factorilor de risc pentru bolile cardiovasculare lega\u021bi de stilul de via\u021b\u0103 sunt cunoscute de toat\u0103 lumea. Este mai pu\u021bin cunoscut faptul c\u0103 a avea un membru al familiei care a dezvoltat boli cardiovasculare la o v\u00e2rst\u0103 fraged\u0103 cre\u0219te, de asemenea, riscul.<\/p>\n<p>Se consider\u0103 c\u0103 ave\u021bi antecedente familiale de boli cardiovasculare dac\u0103 tat\u0103l sau fratele dvs. a fost diagnosticat sub v\u00e2rsta de 55 de ani sau dac\u0103 sora sau mama dvs. a fost diagnosticat\u0103 sub v\u00e2rsta de 65 de ani.<br \/>\nDe ce antecedentele familiale afecteaz\u0103 <a href=\"https:\/\/www.healthy-heart.org\/ro\/pastrati-va-inima-sanatoasa\/anticiparea-si-gestionarea-riscului-de-afectiuni-cardiace\/\">riscul cardiovascular<\/a>? Deoarece obiceiurile care \u021bin de stilul de via\u021b\u0103 sunt, adesea, similare \u00eentre membrii unei familii. \u00cen plus, genele sunt transmise de la p\u0103rin\u021bi la urma\u0219i \u0219i pot fi uneori responsabile pentru afec\u021biuni precum hipertensiunea arterial\u0103 sau <a href=\"https:\/\/www.healthy-heart.org\/ro\/pastrati-va-inima-sanatoasa\/colesterolul\/\">colesterolul<\/a> ridicat. Hipercolesterolemia familial\u0103 este o afec\u021biune ereditar\u0103 care poate duce la niveluri extrem de ridicate de colesterol \u0219i boli de inim\u0103 la o v\u00e2rst\u0103 foarte fraged\u0103, dac\u0103 nu este tratat\u0103. Tratamentul <a href=\"https:\/\/www.healthy-heart.org\/ro\/viata-cu-o-boala-de-inima\/tipuri-de-medicamente\/\">medicamentos<\/a> \u0219i un <a href=\"https:\/\/www.healthy-heart.org\/ro\/inima-dvs\/incurajarea-unui-stil-de-viata-sanatos\/\">stil de via\u021b\u0103 s\u0103n\u0103tos<\/a> pot reduce riscul de boli cardiace.<\/p>\n<p>Deoarece nicio gen\u0103 nu cre\u0219te riscul cardiovascular, analiza genetic\u0103 nu ofer\u0103 un r\u0103spuns definitiv \u00een ceea ce prive\u0219te \u0219ansele de a dezvolta boli cardiovasculare.<\/p>\n<p>Nu pute\u021bi schimba istoricul medical al familiei dvs., dar este folositor s\u0103 \u00eel cunoa\u0219te\u021bi. Dac\u0103 ave\u021bi antecedente familiale de boli cardiovasculare, este deosebit de important s\u0103 lua\u021bi m\u0103suri <a href=\"https:\/\/www.healthy-heart.org\/keep-your-heart-healthy\/take-control-of-your-lifestyle\/\">preventive<\/a> timpurii. Acestea includ practicarea de activit\u0103\u021bi fizice, o alimenta\u021bie s\u0103n\u0103toas\u0103, verificarea nivelului colesterolului \u0219i tensiunii arteriale, renun\u021barea la fumat \u0219i controlul greut\u0103\u021bii.<\/p>\n<blockquote><p>Schimbarea comportamentelor v\u0103 poate reduce riscul cardiovascular viitor, chiar dac\u0103 ave\u021bi antecedente familiale.<\/p><\/blockquote>\n<p>Cum pute\u021bi afla despre propriul istoric medical familial? Vorbi\u021bi despre asta cu p\u0103rin\u021bii la \u00eent\u00e2lnirile de familie!<\/p>\n","protected":false},"excerpt":{"rendered":"<p>Majoritatea factorilor de risc pentru bolile cardiovasculare lega\u021bi de stilul de via\u021b\u0103 sunt cunoscute de toat\u0103 lumea. Este mai pu\u021bin cunoscut faptul c\u0103 a avea un membru al familiei care a dezvoltat boli cardiovasculare la o v\u00e2rst\u0103 fraged\u0103 cre\u0219te, de asemenea, riscul. Se consider\u0103 c\u0103 ave\u021bi antecedente familiale de boli cardiovasculare dac\u0103 tat\u0103l sau fratele [&hellip;]<\/p>\n","protected":false},"author":1,"featured_media":639,"parent":1681,"menu_order":9,"comment_status":"closed","ping_status":"closed","template":"","meta":{"_acf_changed":false,"footnotes":""},"categories":[57],"tags":[],"class_list":["post-1716","page","type-page","status-publish","has-post-thumbnail","hentry","category-pastrati-va-inima-sanatoasa"],"acf":[],"yoast_head":"<!-- This site is optimized with the Yoast SEO plugin v24.0 - https:\/\/yoast.com\/wordpress\/plugins\/seo\/ -->\n<title>Istoricul familial al bolilor cardiace - Healthy-Heart.org<\/title>\n<meta name=\"description\" content=\"\u00cenv\u0103\u021ba\u021bi cum s\u0103 reduce\u021bi riscul de boli cardiace prin adoptarea unui stil de via\u021b\u0103 s\u0103n\u0103tos, chiar dac\u0103 ave\u021bi antecedente familiale.\" \/>\n<meta name=\"robots\" content=\"index, follow, max-snippet:-1, max-image-preview:large, max-video-preview:-1\" \/>\n<link rel=\"canonical\" href=\"https:\/\/www.healthy-heart.org\/ro\/pastrati-va-inima-sanatoasa\/antecedente-familiale-de-boli-cardiace\/\" \/>\n<meta property=\"og:locale\" content=\"ro_RO\" \/>\n<meta property=\"og:type\" content=\"article\" \/>\n<meta property=\"og:title\" content=\"Istoricul familial al bolilor cardiace - Healthy-Heart.org\" \/>\n<meta property=\"og:description\" content=\"\u00cenv\u0103\u021ba\u021bi cum s\u0103 reduce\u021bi riscul de boli cardiace prin adoptarea unui stil de via\u021b\u0103 s\u0103n\u0103tos, chiar dac\u0103 ave\u021bi antecedente familiale.\" \/>\n<meta property=\"og:url\" content=\"https:\/\/www.healthy-heart.org\/ro\/pastrati-va-inima-sanatoasa\/antecedente-familiale-de-boli-cardiace\/\" \/>\n<meta property=\"og:site_name\" content=\"Healthy-Heart.org\" \/>\n<meta property=\"article:modified_time\" content=\"2020-05-12T13:58:51+00:00\" \/>\n<meta property=\"og:image\" content=\"https:\/\/www.healthy-heart.org\/wp-content\/uploads\/2019\/07\/iStock-117150029-3-1024x849.jpg\" \/>\n\t<meta property=\"og:image:width\" content=\"1024\" \/>\n\t<meta property=\"og:image:height\" content=\"849\" \/>\n\t<meta property=\"og:image:type\" content=\"image\/jpeg\" \/>\n<meta name=\"twitter:card\" content=\"summary_large_image\" \/>\n<meta name=\"twitter:label1\" content=\"Timp estimat pentru citire\" \/>\n\t<meta name=\"twitter:data1\" content=\"2 minute\" \/>\n<script type=\"application\/ld+json\" class=\"yoast-schema-graph\">{\"@context\":\"https:\/\/schema.org\",\"@graph\":[{\"@type\":\"WebPage\",\"@id\":\"https:\/\/www.healthy-heart.org\/ro\/pastrati-va-inima-sanatoasa\/antecedente-familiale-de-boli-cardiace\/\",\"url\":\"https:\/\/www.healthy-heart.org\/ro\/pastrati-va-inima-sanatoasa\/antecedente-familiale-de-boli-cardiace\/\",\"name\":\"Istoricul familial al bolilor cardiace - Healthy-Heart.org\",\"isPartOf\":{\"@id\":\"https:\/\/www.healthy-heart.org\/es\/#website\"},\"primaryImageOfPage\":{\"@id\":\"https:\/\/www.healthy-heart.org\/ro\/pastrati-va-inima-sanatoasa\/antecedente-familiale-de-boli-cardiace\/#primaryimage\"},\"image\":{\"@id\":\"https:\/\/www.healthy-heart.org\/ro\/pastrati-va-inima-sanatoasa\/antecedente-familiale-de-boli-cardiace\/#primaryimage\"},\"thumbnailUrl\":\"https:\/\/www.healthy-heart.org\/wp-content\/uploads\/2019\/07\/iStock-117150029-3.jpg\",\"datePublished\":\"2019-10-07T16:52:02+00:00\",\"dateModified\":\"2020-05-12T13:58:51+00:00\",\"description\":\"\u00cenv\u0103\u021ba\u021bi cum s\u0103 reduce\u021bi riscul de boli cardiace prin adoptarea unui stil de via\u021b\u0103 s\u0103n\u0103tos, chiar dac\u0103 ave\u021bi antecedente familiale.\",\"breadcrumb\":{\"@id\":\"https:\/\/www.healthy-heart.org\/ro\/pastrati-va-inima-sanatoasa\/antecedente-familiale-de-boli-cardiace\/#breadcrumb\"},\"inLanguage\":\"ro-RO\",\"potentialAction\":[{\"@type\":\"ReadAction\",\"target\":[\"https:\/\/www.healthy-heart.org\/ro\/pastrati-va-inima-sanatoasa\/antecedente-familiale-de-boli-cardiace\/\"]}]},{\"@type\":\"ImageObject\",\"inLanguage\":\"ro-RO\",\"@id\":\"https:\/\/www.healthy-heart.org\/ro\/pastrati-va-inima-sanatoasa\/antecedente-familiale-de-boli-cardiace\/#primaryimage\",\"url\":\"https:\/\/www.healthy-heart.org\/wp-content\/uploads\/2019\/07\/iStock-117150029-3.jpg\",\"contentUrl\":\"https:\/\/www.healthy-heart.org\/wp-content\/uploads\/2019\/07\/iStock-117150029-3.jpg\",\"width\":3766,\"height\":3123,\"caption\":\"Great-grandmother shows old photos (these are pictures of her and her grandmather) to her great-granddaughter.\"},{\"@type\":\"BreadcrumbList\",\"@id\":\"https:\/\/www.healthy-heart.org\/ro\/pastrati-va-inima-sanatoasa\/antecedente-familiale-de-boli-cardiace\/#breadcrumb\",\"itemListElement\":[{\"@type\":\"ListItem\",\"position\":1,\"name\":\"Home\",\"item\":\"https:\/\/www.healthy-heart.org\/ro\/\"},{\"@type\":\"ListItem\",\"position\":2,\"name\":\"P\u0103stra\u021bi-v\u0103 inima s\u0103n\u0103toas\u0103\",\"item\":\"https:\/\/www.healthy-heart.org\/ro\/pastrati-va-inima-sanatoasa\/\"},{\"@type\":\"ListItem\",\"position\":3,\"name\":\"Antecedente familiale de boli cardiace\"}]},{\"@type\":\"WebSite\",\"@id\":\"https:\/\/www.healthy-heart.org\/es\/#website\",\"url\":\"https:\/\/www.healthy-heart.org\/es\/\",\"name\":\"Healthy-Heart.org\",\"description\":\"Practical advice for patients and family care givers on the prevention of cardiovascular disease\",\"potentialAction\":[{\"@type\":\"SearchAction\",\"target\":{\"@type\":\"EntryPoint\",\"urlTemplate\":\"https:\/\/www.healthy-heart.org\/es\/?s={search_term_string}\"},\"query-input\":{\"@type\":\"PropertyValueSpecification\",\"valueRequired\":true,\"valueName\":\"search_term_string\"}}],\"inLanguage\":\"ro-RO\"}]}<\/script>\n<!-- \/ Yoast SEO plugin. -->","yoast_head_json":{"title":"Istoricul familial al bolilor cardiace - Healthy-Heart.org","description":"\u00cenv\u0103\u021ba\u021bi cum s\u0103 reduce\u021bi riscul de boli cardiace prin adoptarea unui stil de via\u021b\u0103 s\u0103n\u0103tos, chiar dac\u0103 ave\u021bi antecedente familiale.","robots":{"index":"index","follow":"follow","max-snippet":"max-snippet:-1","max-image-preview":"max-image-preview:large","max-video-preview":"max-video-preview:-1"},"canonical":"https:\/\/www.healthy-heart.org\/ro\/pastrati-va-inima-sanatoasa\/antecedente-familiale-de-boli-cardiace\/","og_locale":"ro_RO","og_type":"article","og_title":"Istoricul familial al bolilor cardiace - Healthy-Heart.org","og_description":"\u00cenv\u0103\u021ba\u021bi cum s\u0103 reduce\u021bi riscul de boli cardiace prin adoptarea unui stil de via\u021b\u0103 s\u0103n\u0103tos, chiar dac\u0103 ave\u021bi antecedente familiale.","og_url":"https:\/\/www.healthy-heart.org\/ro\/pastrati-va-inima-sanatoasa\/antecedente-familiale-de-boli-cardiace\/","og_site_name":"Healthy-Heart.org","article_modified_time":"2020-05-12T13:58:51+00:00","og_image":[{"width":1024,"height":849,"url":"https:\/\/www.healthy-heart.org\/wp-content\/uploads\/2019\/07\/iStock-117150029-3-1024x849.jpg","type":"image\/jpeg"}],"twitter_card":"summary_large_image","twitter_misc":{"Timp estimat pentru citire":"2 minute"},"schema":{"@context":"https:\/\/schema.org","@graph":[{"@type":"WebPage","@id":"https:\/\/www.healthy-heart.org\/ro\/pastrati-va-inima-sanatoasa\/antecedente-familiale-de-boli-cardiace\/","url":"https:\/\/www.healthy-heart.org\/ro\/pastrati-va-inima-sanatoasa\/antecedente-familiale-de-boli-cardiace\/","name":"Istoricul familial al bolilor cardiace - Healthy-Heart.org","isPartOf":{"@id":"https:\/\/www.healthy-heart.org\/es\/#website"},"primaryImageOfPage":{"@id":"https:\/\/www.healthy-heart.org\/ro\/pastrati-va-inima-sanatoasa\/antecedente-familiale-de-boli-cardiace\/#primaryimage"},"image":{"@id":"https:\/\/www.healthy-heart.org\/ro\/pastrati-va-inima-sanatoasa\/antecedente-familiale-de-boli-cardiace\/#primaryimage"},"thumbnailUrl":"https:\/\/www.healthy-heart.org\/wp-content\/uploads\/2019\/07\/iStock-117150029-3.jpg","datePublished":"2019-10-07T16:52:02+00:00","dateModified":"2020-05-12T13:58:51+00:00","description":"\u00cenv\u0103\u021ba\u021bi cum s\u0103 reduce\u021bi riscul de boli cardiace prin adoptarea unui stil de via\u021b\u0103 s\u0103n\u0103tos, chiar dac\u0103 ave\u021bi antecedente familiale.","breadcrumb":{"@id":"https:\/\/www.healthy-heart.org\/ro\/pastrati-va-inima-sanatoasa\/antecedente-familiale-de-boli-cardiace\/#breadcrumb"},"inLanguage":"ro-RO","potentialAction":[{"@type":"ReadAction","target":["https:\/\/www.healthy-heart.org\/ro\/pastrati-va-inima-sanatoasa\/antecedente-familiale-de-boli-cardiace\/"]}]},{"@type":"ImageObject","inLanguage":"ro-RO","@id":"https:\/\/www.healthy-heart.org\/ro\/pastrati-va-inima-sanatoasa\/antecedente-familiale-de-boli-cardiace\/#primaryimage","url":"https:\/\/www.healthy-heart.org\/wp-content\/uploads\/2019\/07\/iStock-117150029-3.jpg","contentUrl":"https:\/\/www.healthy-heart.org\/wp-content\/uploads\/2019\/07\/iStock-117150029-3.jpg","width":3766,"height":3123,"caption":"Great-grandmother shows old photos (these are pictures of her and her grandmather) to her great-granddaughter."},{"@type":"BreadcrumbList","@id":"https:\/\/www.healthy-heart.org\/ro\/pastrati-va-inima-sanatoasa\/antecedente-familiale-de-boli-cardiace\/#breadcrumb","itemListElement":[{"@type":"ListItem","position":1,"name":"Home","item":"https:\/\/www.healthy-heart.org\/ro\/"},{"@type":"ListItem","position":2,"name":"P\u0103stra\u021bi-v\u0103 inima s\u0103n\u0103toas\u0103","item":"https:\/\/www.healthy-heart.org\/ro\/pastrati-va-inima-sanatoasa\/"},{"@type":"ListItem","position":3,"name":"Antecedente familiale de boli cardiace"}]},{"@type":"WebSite","@id":"https:\/\/www.healthy-heart.org\/es\/#website","url":"https:\/\/www.healthy-heart.org\/es\/","name":"Healthy-Heart.org","description":"Practical advice for patients and family care givers on the prevention of cardiovascular disease","potentialAction":[{"@type":"SearchAction","target":{"@type":"EntryPoint","urlTemplate":"https:\/\/www.healthy-heart.org\/es\/?s={search_term_string}"},"query-input":{"@type":"PropertyValueSpecification","valueRequired":true,"valueName":"search_term_string"}}],"inLanguage":"ro-RO"}]}},"_links":{"self":[{"href":"https:\/\/www.healthy-heart.org\/ro\/wp-json\/wp\/v2\/pages\/1716","targetHints":{"allow":["GET"]}}],"collection":[{"href":"https:\/\/www.healthy-heart.org\/ro\/wp-json\/wp\/v2\/pages"}],"about":[{"href":"https:\/\/www.healthy-heart.org\/ro\/wp-json\/wp\/v2\/types\/page"}],"author":[{"embeddable":true,"href":"https:\/\/www.healthy-heart.org\/ro\/wp-json\/wp\/v2\/users\/1"}],"replies":[{"embeddable":true,"href":"https:\/\/www.healthy-heart.org\/ro\/wp-json\/wp\/v2\/comments?post=1716"}],"version-history":[{"count":3,"href":"https:\/\/www.healthy-heart.org\/ro\/wp-json\/wp\/v2\/pages\/1716\/revisions"}],"predecessor-version":[{"id":4537,"href":"https:\/\/www.healthy-heart.org\/ro\/wp-json\/wp\/v2\/pages\/1716\/revisions\/4537"}],"up":[{"embeddable":true,"href":"https:\/\/www.healthy-heart.org\/ro\/wp-json\/wp\/v2\/pages\/1681"}],"wp:featuredmedia":[{"embeddable":true,"href":"https:\/\/www.healthy-heart.org\/ro\/wp-json\/wp\/v2\/media\/639"}],"wp:attachment":[{"href":"https:\/\/www.healthy-heart.org\/ro\/wp-json\/wp\/v2\/media?parent=1716"}],"wp:term":[{"taxonomy":"category","embeddable":true,"href":"https:\/\/www.healthy-heart.org\/ro\/wp-json\/wp\/v2\/categories?post=1716"},{"taxonomy":"post_tag","embeddable":true,"href":"https:\/\/www.healthy-heart.org\/ro\/wp-json\/wp\/v2\/tags?post=1716"}],"curies":[{"name":"wp","href":"https:\/\/api.w.org\/{rel}","templated":true}]}}