{"id":1676,"date":"2019-10-07T17:49:03","date_gmt":"2019-10-07T16:49:03","guid":{"rendered":"https:\/\/www.healthy-heart.org\/inima-dvs\/incurajarea-unui-stil-de-viata-sanatos\/"},"modified":"2020-05-12T11:35:23","modified_gmt":"2020-05-12T10:35:23","slug":"incurajarea-unui-stil-de-viata-sanatos","status":"publish","type":"page","link":"https:\/\/www.healthy-heart.org\/ro\/inima-dvs\/incurajarea-unui-stil-de-viata-sanatos\/","title":{"rendered":"\u00cencurajarea unui stil de via\u021b\u0103 s\u0103n\u0103tos"},"content":{"rendered":"<p><img loading=\"lazy\" decoding=\"async\" class=\"alignright size-medium wp-image-795\" src=\"https:\/\/cdn-endpoint-prev.azureedge.net\/healthy-heart\/2019\/07\/iStock-618870216-350x165.jpg\" alt=\"\" width=\"350\" height=\"165\" srcset=\"https:\/\/www.healthy-heart.org\/wp-content\/uploads\/2019\/07\/iStock-618870216-350x165.jpg 350w, https:\/\/www.healthy-heart.org\/wp-content\/uploads\/2019\/07\/iStock-618870216-200x95.jpg 200w, https:\/\/www.healthy-heart.org\/wp-content\/uploads\/2019\/07\/iStock-618870216-768x363.jpg 768w, https:\/\/www.healthy-heart.org\/wp-content\/uploads\/2019\/07\/iStock-618870216-1024x484.jpg 1024w, https:\/\/www.healthy-heart.org\/wp-content\/uploads\/2019\/07\/iStock-618870216-1536x726.jpg 1536w, https:\/\/www.healthy-heart.org\/wp-content\/uploads\/2019\/07\/iStock-618870216-2048x968.jpg 2048w, https:\/\/www.healthy-heart.org\/wp-content\/uploads\/2019\/07\/iStock-618870216-929x439.jpg 929w, https:\/\/www.healthy-heart.org\/wp-content\/uploads\/2019\/07\/iStock-618870216-700x331.jpg 700w\" sizes=\"auto, (max-width: 350px) 100vw, 350px\" \/>La nivel interna\u021bional, na\u021bional \u0219i local exist\u0103 guverne \u0219i organiza\u021bii neguvernamentale implicate \u0219i responsabile de \u00eencurajarea \u0219i facilitarea unor schimb\u0103ri s\u0103n\u0103toase ale stilului de via\u021b\u0103. Printre acestea se num\u0103r\u0103 Organiza\u021bia Mondial\u0103 a S\u0103n\u0103t\u0103\u021bii, Uniunea European\u0103, guvernele na\u021bionale \u0219i locale, autorit\u0103\u021bile din domeniul s\u0103n\u0103t\u0103\u021bii, funda\u021biile pentru s\u0103n\u0103tatea inimii, asocia\u021biile consumatorilor \u0219i organiza\u021biile pacien\u021bilor.<\/p>\n<p>\u0218colile ar trebui s\u0103 creeze un mediu activ \u0219i s\u0103n\u0103tos pentru elevi, educ\u00e2ndu-i \u0219i stimul\u00e2ndu-i \u00een acela\u0219i timp s\u0103 adopte \u0219i s\u0103 men\u021bin\u0103 un stil de via\u021b\u0103 s\u0103n\u0103tos. \u00cen mod similar, la locurile de munc\u0103 ar trebui s\u0103 fie \u00eencurajat\u0103 <a href=\"https:\/\/www.healthy-heart.org\/ro\/pastrati-va-inima-sanatoasa\/activitatea-fizica\/\">activitatea fizic\u0103<\/a> \u0219i alimenta\u021bia s\u0103n\u0103toas\u0103 \u0219i descurajat <a href=\"https:\/\/www.healthy-heart.org\/ro\/pastrati-va-inima-sanatoasa\/fumatul\/\">fumatul<\/a>. Urbani\u0219tii pot facilita accesul persoanelor pe jos sau cu bicicleta c\u0103tre \u0219coal\u0103 sau locul de munc\u0103.<\/p>\n<h3>Dieta<\/h3>\n<p><img loading=\"lazy\" decoding=\"async\" class=\"alignright size-medium wp-image-805\" src=\"https:\/\/cdn-endpoint-prev.azureedge.net\/healthy-heart\/2019\/07\/iStock-953674568-1-350x233.jpg\" alt=\"\" width=\"350\" height=\"233\" srcset=\"https:\/\/www.healthy-heart.org\/wp-content\/uploads\/2019\/07\/iStock-953674568-1-350x233.jpg 350w, https:\/\/cdn-endpoint-prev.azureedge.net\/healthy-heart\/2019\/07\/iStock-953674568-1-1024x683.jpg 1024w, https:\/\/www.healthy-heart.org\/wp-content\/uploads\/2019\/07\/iStock-953674568-1-200x133.jpg 200w, https:\/\/www.healthy-heart.org\/wp-content\/uploads\/2019\/07\/iStock-953674568-1-768x512.jpg 768w, https:\/\/www.healthy-heart.org\/wp-content\/uploads\/2019\/07\/iStock-953674568-1-1536x1024.jpg 1536w, https:\/\/www.healthy-heart.org\/wp-content\/uploads\/2019\/07\/iStock-953674568-1-2048x1365.jpg 2048w, https:\/\/www.healthy-heart.org\/wp-content\/uploads\/2019\/07\/iStock-953674568-1-659x439.jpg 659w, https:\/\/www.healthy-heart.org\/wp-content\/uploads\/2019\/07\/iStock-953674568-1-696x464.jpg 696w\" sizes=\"auto, (max-width: 350px) 100vw, 350px\" \/>Restric\u021bionarea con\u021binutului de gr\u0103simi, zah\u0103r \u0219i sare al alimentelor prelucrate este o modalitate eficient\u0103 de a \u00eembun\u0103t\u0103\u021bi ceea ce m\u0103n\u00e2nc\u0103 oamenii, uneori chiar f\u0103r\u0103 s\u0103 observe. Unele \u021b\u0103ri au interzis gr\u0103simile trans \u00een alimente. Multe \u021b\u0103ri colaboreaz\u0103 cu industria alimentar\u0103 pentru a reduce nivelurile de sare \u0219i zah\u0103r. Pre\u021burile influen\u021beaz\u0103, de asemenea, comportamentul, iar impozitarea alimentelor nes\u0103n\u0103toase (de exemplu, o tax\u0103 pe gr\u0103simi sau zah\u0103r) sau subven\u021bionarea op\u021biunilor s\u0103n\u0103toase poate determina modific\u0103ri ale obiceiurilor alimentare. Campaniile de sensibilizare a consumatorilor cu privire la alimentele s\u0103n\u0103toase \u0219i etichetarea clar\u0103 ale alimentelor pot ajuta oamenii s\u0103 cumpere alimente nutritive.<\/p>\n<h3>Activitatea fizic\u0103<\/h3>\n<p>Mediul construit poate \u00eencuraja activitatea fizic\u0103. O vizibilitate mai bun\u0103 a sc\u0103rilor stimuleaz\u0103 oamenii s\u0103 le foloseasc\u0103 \u00een locul ascensorului. \u00cencurajarea mersului pe jos sau cu bicicleta, chiar \u0219i pe distan\u021be scurte, ajut\u0103 la \u00eencorporarea activit\u0103\u021bii fizice \u00eentr-o rutin\u0103 zilnic\u0103. Sensibilizarea cu privire la importan\u021ba activit\u0103\u021bii fizice pentru s\u0103n\u0103tate ar trebui s\u0103 \u00eenceap\u0103 \u00een primii ani de via\u021b\u0103. Locurile de munc\u0103 pot oferi centre de fitness, birouri care permit angaja\u021bilor s\u0103 lucreze \u00een picioare sau scaune de tip biciclet\u0103, cu pedale.<\/p>\n<h3>Fumatul<\/h3>\n<p>Toate tipurile de fumat, inclusiv fumatul pasiv, cresc riscul de boli cardiovasculare. Legisla\u021bia este un instrument puternic de prevenire \u0219i reducere a fumatului. Printre m\u0103suri se num\u0103r\u0103 interzicerea fumatului, taxele mari, publicitatea restr\u00e2ns\u0103 \u0219i utilizarea ambalajelor simple. Campaniile mass-media au sporit gradul de con\u0219tientizare cu privire la efectele nocive ale fumatului. Este deosebit de important ca adolescen\u021bii s\u0103 fie \u00eempiedica\u021bi s\u0103 \u00eenceap\u0103 s\u0103 fumeze.<\/p>\n<h3>Abuzul de alcool<\/h3>\n<p>Consumul excesiv de alcool cre\u0219te <a href=\"https:\/\/www.healthy-heart.org\/ro\/pastrati-va-inima-sanatoasa\/anticiparea-si-gestionarea-riscului-de-afectiuni-cardiace\/\">riscul cardiovascular<\/a>. Legisla\u021bia este eficient\u0103 \u00een prevenirea consumului nociv de alcool cu ajutorul unor reglement\u0103ri severe: de exemplu, v\u00e2rsta minim\u0103 pentru achizi\u021bionarea sau servirea alcoolului, legile privind conducerea sub influen\u021ba alcoolului, impozitele \u0219i interzicerea publicit\u0103\u021bii, promov\u0103rii \u0219i sponsoriz\u0103rii de evenimente. Reglement\u0103rile privind alcoolul la locul de munc\u0103 \u0219i \u00een \u0219coli sunt, de asemenea, benefice.<\/p>\n","protected":false},"excerpt":{"rendered":"<p>La nivel interna\u021bional, na\u021bional \u0219i local exist\u0103 guverne \u0219i organiza\u021bii neguvernamentale implicate \u0219i responsabile de \u00eencurajarea \u0219i facilitarea unor schimb\u0103ri s\u0103n\u0103toase ale stilului de via\u021b\u0103. Printre acestea se num\u0103r\u0103 Organiza\u021bia Mondial\u0103 a S\u0103n\u0103t\u0103\u021bii, Uniunea European\u0103, guvernele na\u021bionale \u0219i locale, autorit\u0103\u021bile din domeniul s\u0103n\u0103t\u0103\u021bii, funda\u021biile pentru s\u0103n\u0103tatea inimii, asocia\u021biile consumatorilor \u0219i organiza\u021biile pacien\u021bilor. \u0218colile ar trebui [&hellip;]<\/p>\n","protected":false},"author":1,"featured_media":1265,"parent":1653,"menu_order":5,"comment_status":"closed","ping_status":"closed","template":"","meta":{"_acf_changed":false,"footnotes":""},"categories":[52],"tags":[],"class_list":["post-1676","page","type-page","status-publish","has-post-thumbnail","hentry","category-inima-dvs"],"acf":[],"yoast_head":"<!-- This site is optimized with the Yoast SEO plugin v24.0 - https:\/\/yoast.com\/wordpress\/plugins\/seo\/ -->\n<title>Favorizarea unui stil de via\u021b\u0103 s\u0103n\u0103tos - Healthy-Heart.org<\/title>\n<meta name=\"description\" content=\"Alege\u021bi un stil de via\u021b\u0103 s\u0103n\u0103tos. Fi\u021bi activ fizic, m\u00e2nca\u021bi s\u0103n\u0103tos, renun\u021ba\u021bi la fumat \u0219i limita\u021bi consumul de alcool.\" \/>\n<meta name=\"robots\" content=\"index, follow, max-snippet:-1, max-image-preview:large, max-video-preview:-1\" \/>\n<link rel=\"canonical\" href=\"https:\/\/www.healthy-heart.org\/ro\/inima-dvs\/incurajarea-unui-stil-de-viata-sanatos\/\" \/>\n<meta property=\"og:locale\" content=\"ro_RO\" \/>\n<meta property=\"og:type\" content=\"article\" \/>\n<meta property=\"og:title\" content=\"Favorizarea unui stil de via\u021b\u0103 s\u0103n\u0103tos - Healthy-Heart.org\" \/>\n<meta property=\"og:description\" content=\"Alege\u021bi un stil de via\u021b\u0103 s\u0103n\u0103tos. Fi\u021bi activ fizic, m\u00e2nca\u021bi s\u0103n\u0103tos, renun\u021ba\u021bi la fumat \u0219i limita\u021bi consumul de alcool.\" \/>\n<meta property=\"og:url\" content=\"https:\/\/www.healthy-heart.org\/ro\/inima-dvs\/incurajarea-unui-stil-de-viata-sanatos\/\" \/>\n<meta property=\"og:site_name\" content=\"Healthy-Heart.org\" \/>\n<meta property=\"article:modified_time\" content=\"2020-05-12T10:35:23+00:00\" \/>\n<meta property=\"og:image\" content=\"https:\/\/www.healthy-heart.org\/wp-content\/uploads\/2019\/08\/healthy-lifestyle.jpg\" \/>\n\t<meta property=\"og:image:width\" content=\"518\" \/>\n\t<meta property=\"og:image:height\" content=\"345\" \/>\n\t<meta property=\"og:image:type\" content=\"image\/jpeg\" \/>\n<meta name=\"twitter:card\" content=\"summary_large_image\" \/>\n<meta name=\"twitter:label1\" content=\"Timp estimat pentru citire\" \/>\n\t<meta name=\"twitter:data1\" content=\"3 minute\" \/>\n<script type=\"application\/ld+json\" class=\"yoast-schema-graph\">{\"@context\":\"https:\/\/schema.org\",\"@graph\":[{\"@type\":\"WebPage\",\"@id\":\"https:\/\/www.healthy-heart.org\/ro\/inima-dvs\/incurajarea-unui-stil-de-viata-sanatos\/\",\"url\":\"https:\/\/www.healthy-heart.org\/ro\/inima-dvs\/incurajarea-unui-stil-de-viata-sanatos\/\",\"name\":\"Favorizarea unui stil de via\u021b\u0103 s\u0103n\u0103tos - Healthy-Heart.org\",\"isPartOf\":{\"@id\":\"https:\/\/www.healthy-heart.org\/es\/#website\"},\"primaryImageOfPage\":{\"@id\":\"https:\/\/www.healthy-heart.org\/ro\/inima-dvs\/incurajarea-unui-stil-de-viata-sanatos\/#primaryimage\"},\"image\":{\"@id\":\"https:\/\/www.healthy-heart.org\/ro\/inima-dvs\/incurajarea-unui-stil-de-viata-sanatos\/#primaryimage\"},\"thumbnailUrl\":\"https:\/\/www.healthy-heart.org\/wp-content\/uploads\/2019\/08\/healthy-lifestyle.jpg\",\"datePublished\":\"2019-10-07T16:49:03+00:00\",\"dateModified\":\"2020-05-12T10:35:23+00:00\",\"description\":\"Alege\u021bi un stil de via\u021b\u0103 s\u0103n\u0103tos. Fi\u021bi activ fizic, m\u00e2nca\u021bi s\u0103n\u0103tos, renun\u021ba\u021bi la fumat \u0219i limita\u021bi consumul de alcool.\",\"breadcrumb\":{\"@id\":\"https:\/\/www.healthy-heart.org\/ro\/inima-dvs\/incurajarea-unui-stil-de-viata-sanatos\/#breadcrumb\"},\"inLanguage\":\"ro-RO\",\"potentialAction\":[{\"@type\":\"ReadAction\",\"target\":[\"https:\/\/www.healthy-heart.org\/ro\/inima-dvs\/incurajarea-unui-stil-de-viata-sanatos\/\"]}]},{\"@type\":\"ImageObject\",\"inLanguage\":\"ro-RO\",\"@id\":\"https:\/\/www.healthy-heart.org\/ro\/inima-dvs\/incurajarea-unui-stil-de-viata-sanatos\/#primaryimage\",\"url\":\"https:\/\/www.healthy-heart.org\/wp-content\/uploads\/2019\/08\/healthy-lifestyle.jpg\",\"contentUrl\":\"https:\/\/www.healthy-heart.org\/wp-content\/uploads\/2019\/08\/healthy-lifestyle.jpg\",\"width\":518,\"height\":345},{\"@type\":\"BreadcrumbList\",\"@id\":\"https:\/\/www.healthy-heart.org\/ro\/inima-dvs\/incurajarea-unui-stil-de-viata-sanatos\/#breadcrumb\",\"itemListElement\":[{\"@type\":\"ListItem\",\"position\":1,\"name\":\"Home\",\"item\":\"https:\/\/www.healthy-heart.org\/ro\/\"},{\"@type\":\"ListItem\",\"position\":2,\"name\":\"Inima dvs.\",\"item\":\"https:\/\/www.healthy-heart.org\/ro\/inima-dvs\/\"},{\"@type\":\"ListItem\",\"position\":3,\"name\":\"\u00cencurajarea unui stil de via\u021b\u0103 s\u0103n\u0103tos\"}]},{\"@type\":\"WebSite\",\"@id\":\"https:\/\/www.healthy-heart.org\/es\/#website\",\"url\":\"https:\/\/www.healthy-heart.org\/es\/\",\"name\":\"Healthy-Heart.org\",\"description\":\"Practical advice for patients and family care givers on the prevention of cardiovascular disease\",\"potentialAction\":[{\"@type\":\"SearchAction\",\"target\":{\"@type\":\"EntryPoint\",\"urlTemplate\":\"https:\/\/www.healthy-heart.org\/es\/?s={search_term_string}\"},\"query-input\":{\"@type\":\"PropertyValueSpecification\",\"valueRequired\":true,\"valueName\":\"search_term_string\"}}],\"inLanguage\":\"ro-RO\"}]}<\/script>\n<!-- \/ Yoast SEO plugin. -->","yoast_head_json":{"title":"Favorizarea unui stil de via\u021b\u0103 s\u0103n\u0103tos - Healthy-Heart.org","description":"Alege\u021bi un stil de via\u021b\u0103 s\u0103n\u0103tos. Fi\u021bi activ fizic, m\u00e2nca\u021bi s\u0103n\u0103tos, renun\u021ba\u021bi la fumat \u0219i limita\u021bi consumul de alcool.","robots":{"index":"index","follow":"follow","max-snippet":"max-snippet:-1","max-image-preview":"max-image-preview:large","max-video-preview":"max-video-preview:-1"},"canonical":"https:\/\/www.healthy-heart.org\/ro\/inima-dvs\/incurajarea-unui-stil-de-viata-sanatos\/","og_locale":"ro_RO","og_type":"article","og_title":"Favorizarea unui stil de via\u021b\u0103 s\u0103n\u0103tos - Healthy-Heart.org","og_description":"Alege\u021bi un stil de via\u021b\u0103 s\u0103n\u0103tos. Fi\u021bi activ fizic, m\u00e2nca\u021bi s\u0103n\u0103tos, renun\u021ba\u021bi la fumat \u0219i limita\u021bi consumul de alcool.","og_url":"https:\/\/www.healthy-heart.org\/ro\/inima-dvs\/incurajarea-unui-stil-de-viata-sanatos\/","og_site_name":"Healthy-Heart.org","article_modified_time":"2020-05-12T10:35:23+00:00","og_image":[{"width":518,"height":345,"url":"https:\/\/www.healthy-heart.org\/wp-content\/uploads\/2019\/08\/healthy-lifestyle.jpg","type":"image\/jpeg"}],"twitter_card":"summary_large_image","twitter_misc":{"Timp estimat pentru citire":"3 minute"},"schema":{"@context":"https:\/\/schema.org","@graph":[{"@type":"WebPage","@id":"https:\/\/www.healthy-heart.org\/ro\/inima-dvs\/incurajarea-unui-stil-de-viata-sanatos\/","url":"https:\/\/www.healthy-heart.org\/ro\/inima-dvs\/incurajarea-unui-stil-de-viata-sanatos\/","name":"Favorizarea unui stil de via\u021b\u0103 s\u0103n\u0103tos - Healthy-Heart.org","isPartOf":{"@id":"https:\/\/www.healthy-heart.org\/es\/#website"},"primaryImageOfPage":{"@id":"https:\/\/www.healthy-heart.org\/ro\/inima-dvs\/incurajarea-unui-stil-de-viata-sanatos\/#primaryimage"},"image":{"@id":"https:\/\/www.healthy-heart.org\/ro\/inima-dvs\/incurajarea-unui-stil-de-viata-sanatos\/#primaryimage"},"thumbnailUrl":"https:\/\/www.healthy-heart.org\/wp-content\/uploads\/2019\/08\/healthy-lifestyle.jpg","datePublished":"2019-10-07T16:49:03+00:00","dateModified":"2020-05-12T10:35:23+00:00","description":"Alege\u021bi un stil de via\u021b\u0103 s\u0103n\u0103tos. Fi\u021bi activ fizic, m\u00e2nca\u021bi s\u0103n\u0103tos, renun\u021ba\u021bi la fumat \u0219i limita\u021bi consumul de alcool.","breadcrumb":{"@id":"https:\/\/www.healthy-heart.org\/ro\/inima-dvs\/incurajarea-unui-stil-de-viata-sanatos\/#breadcrumb"},"inLanguage":"ro-RO","potentialAction":[{"@type":"ReadAction","target":["https:\/\/www.healthy-heart.org\/ro\/inima-dvs\/incurajarea-unui-stil-de-viata-sanatos\/"]}]},{"@type":"ImageObject","inLanguage":"ro-RO","@id":"https:\/\/www.healthy-heart.org\/ro\/inima-dvs\/incurajarea-unui-stil-de-viata-sanatos\/#primaryimage","url":"https:\/\/www.healthy-heart.org\/wp-content\/uploads\/2019\/08\/healthy-lifestyle.jpg","contentUrl":"https:\/\/www.healthy-heart.org\/wp-content\/uploads\/2019\/08\/healthy-lifestyle.jpg","width":518,"height":345},{"@type":"BreadcrumbList","@id":"https:\/\/www.healthy-heart.org\/ro\/inima-dvs\/incurajarea-unui-stil-de-viata-sanatos\/#breadcrumb","itemListElement":[{"@type":"ListItem","position":1,"name":"Home","item":"https:\/\/www.healthy-heart.org\/ro\/"},{"@type":"ListItem","position":2,"name":"Inima dvs.","item":"https:\/\/www.healthy-heart.org\/ro\/inima-dvs\/"},{"@type":"ListItem","position":3,"name":"\u00cencurajarea unui stil de via\u021b\u0103 s\u0103n\u0103tos"}]},{"@type":"WebSite","@id":"https:\/\/www.healthy-heart.org\/es\/#website","url":"https:\/\/www.healthy-heart.org\/es\/","name":"Healthy-Heart.org","description":"Practical advice for patients and family care givers on the prevention of cardiovascular disease","potentialAction":[{"@type":"SearchAction","target":{"@type":"EntryPoint","urlTemplate":"https:\/\/www.healthy-heart.org\/es\/?s={search_term_string}"},"query-input":{"@type":"PropertyValueSpecification","valueRequired":true,"valueName":"search_term_string"}}],"inLanguage":"ro-RO"}]}},"_links":{"self":[{"href":"https:\/\/www.healthy-heart.org\/ro\/wp-json\/wp\/v2\/pages\/1676","targetHints":{"allow":["GET"]}}],"collection":[{"href":"https:\/\/www.healthy-heart.org\/ro\/wp-json\/wp\/v2\/pages"}],"about":[{"href":"https:\/\/www.healthy-heart.org\/ro\/wp-json\/wp\/v2\/types\/page"}],"author":[{"embeddable":true,"href":"https:\/\/www.healthy-heart.org\/ro\/wp-json\/wp\/v2\/users\/1"}],"replies":[{"embeddable":true,"href":"https:\/\/www.healthy-heart.org\/ro\/wp-json\/wp\/v2\/comments?post=1676"}],"version-history":[{"count":2,"href":"https:\/\/www.healthy-heart.org\/ro\/wp-json\/wp\/v2\/pages\/1676\/revisions"}],"predecessor-version":[{"id":4522,"href":"https:\/\/www.healthy-heart.org\/ro\/wp-json\/wp\/v2\/pages\/1676\/revisions\/4522"}],"up":[{"embeddable":true,"href":"https:\/\/www.healthy-heart.org\/ro\/wp-json\/wp\/v2\/pages\/1653"}],"wp:featuredmedia":[{"embeddable":true,"href":"https:\/\/www.healthy-heart.org\/ro\/wp-json\/wp\/v2\/media\/1265"}],"wp:attachment":[{"href":"https:\/\/www.healthy-heart.org\/ro\/wp-json\/wp\/v2\/media?parent=1676"}],"wp:term":[{"taxonomy":"category","embeddable":true,"href":"https:\/\/www.healthy-heart.org\/ro\/wp-json\/wp\/v2\/categories?post=1676"},{"taxonomy":"post_tag","embeddable":true,"href":"https:\/\/www.healthy-heart.org\/ro\/wp-json\/wp\/v2\/tags?post=1676"}],"curies":[{"name":"wp","href":"https:\/\/api.w.org\/{rel}","templated":true}]}}