{"id":1671,"date":"2019-10-07T17:48:33","date_gmt":"2019-10-07T16:48:33","guid":{"rendered":"https:\/\/www.healthy-heart.org\/inima-dvs\/ce-este-o-boala-de-inima\/"},"modified":"2020-05-12T12:12:44","modified_gmt":"2020-05-12T11:12:44","slug":"ce-este-o-boala-de-inima","status":"publish","type":"page","link":"https:\/\/www.healthy-heart.org\/ro\/inima-dvs\/ce-este-o-boala-de-inima\/","title":{"rendered":"Ce este o boal\u0103 de inim\u0103?"},"content":{"rendered":"<p>BCV-urile sunt tulbur\u0103ri care implic\u0103 <a href=\"https:\/\/www.healthy-heart.org\/ro\/inima-dvs\/cum-functioneaza-inima\/\">inima \u0219i vasele de s\u00e2nge<\/a>. Acestea includ bolile aterosclerotice, \u00een care vasele de s\u00e2nge sunt obstruc\u021bionate progresiv de depozite de gr\u0103sime numite pl\u0103ci. Exist\u0103 diferite tipuri de boli aterosclerotice \u00een care vasele de s\u00e2nge sunt obstruc\u021bionate.<\/p>\n<ul>\n<li>Bolile coronariane \u2013 cum ar fi atacul de cord \u2013 afecteaz\u0103 arterele coronariene, care alimenteaz\u0103 inima cu s\u00e2nge.<\/li>\n<li>Bolile cerebrovasculare \u2013 cum este accidentul vascular cerebral &#8211; afecteaz\u0103 vasele care alimenteaz\u0103 creierul cu s\u00e2nge.<\/li>\n<li>Boala arterelor periferice afecteaz\u0103 vasele care alimenteaz\u0103 picioarele cu s\u00e2nge.<\/li>\n<li>Alte tipuri de boli cardiovasculare includ insuficien\u021ba cardiac\u0103 (\u00een care inima nu poate pompa corect), bolile de inim\u0103 valvular\u0103 \u0219i bolile mu\u0219chiului inimii.<\/li>\n<\/ul>\n<h3>Defini\u021bie<\/h3>\n<p><img loading=\"lazy\" decoding=\"async\" class=\"alignright wp-image-694 size-medium\" src=\"https:\/\/cdn-endpoint-prev.azureedge.net\/healthy-heart\/2019\/07\/iStock-1026729722-1-350x350.jpg\" alt=\"\" width=\"350\" height=\"350\" srcset=\"https:\/\/www.healthy-heart.org\/wp-content\/uploads\/2019\/07\/iStock-1026729722-1-350x350.jpg 350w, https:\/\/www.healthy-heart.org\/wp-content\/uploads\/2019\/07\/iStock-1026729722-1-200x200.jpg 200w, https:\/\/www.healthy-heart.org\/wp-content\/uploads\/2019\/07\/iStock-1026729722-1-768x768.jpg 768w, https:\/\/www.healthy-heart.org\/wp-content\/uploads\/2019\/07\/iStock-1026729722-1-1024x1024.jpg 1024w, https:\/\/www.healthy-heart.org\/wp-content\/uploads\/2019\/07\/iStock-1026729722-1-1536x1536.jpg 1536w, https:\/\/www.healthy-heart.org\/wp-content\/uploads\/2019\/07\/iStock-1026729722-1-2048x2048.jpg 2048w, https:\/\/www.healthy-heart.org\/wp-content\/uploads\/2019\/07\/iStock-1026729722-1-439x439.jpg 439w, https:\/\/www.healthy-heart.org\/wp-content\/uploads\/2019\/07\/iStock-1026729722-1-464x464.jpg 464w\" sizes=\"auto, (max-width: 350px) 100vw, 350px\" \/><br \/>\nBCV includ urm\u0103toarele boli aterosclerotice: bolile coronariane (atac de cord), bolile cerebrovasculare (accident vascular cerebral) \u0219i bolile arterelor periferice, care afecteaz\u0103 picioarele.<\/p>\n<p>Ateroscleroza este o boal\u0103 cauzat\u0103 \u00een principal de nivelurile ridicate de colesterol, \u00een special de colesterolul LDL \u201er\u0103u\u201d. Colesterolul se acumuleaz\u0103 \u00een peretele vaselor de s\u00e2nge, cauz\u00e2nd inflama\u021bie \u0219i acumulare de pl\u0103ci care pot \u00eengusta vasele de s\u00e2nge. Cu c\u00e2t vasele sunt mai \u00eenguste, cu at\u00e2t mai pu\u021bin s\u00e2nge poate curge. Acest lucru poate provoca dureri intermitente la nivelul picioarelor \u00een timpul mersului, dac\u0103 arterele picioarelor sunt afectate. Atunci c\u00e2nd vasele care alimenteaz\u0103 inima cu s\u00e2nge se \u00eengusteaz\u0103, aceasta poate provoca dureri \u00een piept, senza\u021bie de ap\u0103sare sau disconfort \u2013 numit angin\u0103 pectoral\u0103. Dac\u0103 vasele care alimenteaz\u0103 inima devin foarte \u00eenguste sau complet blocate cu pl\u0103ci, acest lucru poate duce la un atac de cord (infarct miocardic).<\/p>\n<p>BCV pot fi prevenite sau tratate prin alegeri ce \u021bin de un <a href=\"https:\/\/www.healthy-heart.org\/ro\/inima-dvs\/incurajarea-unui-stil-de-viata-sanatos\/\">stil de via\u021b\u0103<\/a> s\u0103n\u0103tos, <a href=\"https:\/\/www.healthy-heart.org\/ro\/viata-cu-o-boala-de-inima\/tipuri-de-medicamente\/\">medicamente<\/a> \u0219i\/sau interven\u021bii chirurgicale.<\/p>\n<h3>Frecven\u021ba<\/h3>\n<p><img loading=\"lazy\" decoding=\"async\" class=\"alignright size-medium wp-image-719\" src=\"https:\/\/cdn-endpoint-prev.azureedge.net\/healthy-heart\/2019\/07\/iStock-457380571-350x350.png\" alt=\"\" width=\"350\" height=\"350\" srcset=\"https:\/\/www.healthy-heart.org\/wp-content\/uploads\/2019\/07\/iStock-457380571-350x350.png 350w, https:\/\/www.healthy-heart.org\/wp-content\/uploads\/2019\/07\/iStock-457380571-200x200.png 200w, https:\/\/www.healthy-heart.org\/wp-content\/uploads\/2019\/07\/iStock-457380571-768x768.png 768w, https:\/\/www.healthy-heart.org\/wp-content\/uploads\/2019\/07\/iStock-457380571-439x439.png 439w, https:\/\/www.healthy-heart.org\/wp-content\/uploads\/2019\/07\/iStock-457380571-464x464.png 464w, https:\/\/cdn-endpoint-prev.azureedge.net\/healthy-heart\/2019\/07\/iStock-457380571.png 800w\" sizes=\"auto, (max-width: 350px) 100vw, 350px\" \/>Bolile cardiovasculare reprezint\u0103 cea mai frecvent\u0103 cauz\u0103 de deces \u00een Europa, fiind cauza a peste patru milioane de decese \u00een fiecare an. Aceasta \u00eenseamn\u0103 45% din totalul deceselor. BCV cauzeaz\u0103 49% din decesele femeilor \u0219i 40% din decesele b\u0103rba\u021bilor. Boala coronarian\u0103 ischemica (BCI; \u00een principal infarctul miocardic) \u0219i boala cerebrovascular\u0103 (\u00een principal<br \/>\naccidentul vascular cerebral) sunt cele mai frecvente cauze de deces cardiovascular. BCI cauzeaz\u0103 1,8 milioane de decese \u00een fiecare an, ceea ce \u00eenseamn\u0103 un deces din cinci.<\/p>\n<p>Exist\u0103 diferen\u021be considerabile \u00een ceea ce prive\u0219te inciden\u021ba BCV \u00een Europa. \u00cen ultimii 10 ani, frecven\u021ba bolilor cardiovasculare a sc\u0103zut rapid \u00een aproape \u00eentreaga Europ\u0103 de Vest, cu o reducere de p\u00e2n\u0103 la 30\u201350% \u00een unele \u021b\u0103ri. \u00cen prezent, ponderea general\u0103 a BCV este mai mare \u00een \u021b\u0103rile est-europene, care au o rat\u0103 mai mare a mortalit\u0103\u021bii \u0219i morbidit\u0103\u021bii. Diferentele anterioare dinntre nord-sud s-au diminuat.<\/p>\n<p>Sc\u0103derea frecven\u021bei BCV are loc at\u00e2t la b\u0103rba\u021bi, c\u00e2t \u0219i la femei. Acest lucru se datoreaz\u0103 \u00een mare parte unei mai bune preven\u021bii a BCV prin reducerea <a href=\"https:\/\/www.healthy-heart.org\/ro\/pastrati-va-inima-sanatoasa\/anticiparea-si-gestionarea-riscului-de-afectiuni-cardiace\/\">factorilor de risc cardiovascular<\/a> la persoanele s\u0103n\u0103toase \u0219i la pacien\u021bii cu BCV.<\/p>\n<p>Cu toate acestea, nu to\u021bi factorii de risc prezint\u0103 o tendin\u021b\u0103 pozitiv\u0103. \u00cen timp ce rata <a href=\"https:\/\/www.healthy-heart.org\/ro\/pastrati-va-inima-sanatoasa\/fumatul\/\">fumatului<\/a> \u0219i nivelurile de <a href=\"https:\/\/www.healthy-heart.org\/ro\/pastrati-va-inima-sanatoasa\/colesterolul\/\">colesterol<\/a> au sc\u0103zut, <a href=\"https:\/\/www.healthy-heart.org\/ro\/pastrati-va-inima-sanatoasa\/mentinerea-unei-greutati-sanatoase\/\">obezitatea<\/a> \u0219i <a href=\"https:\/\/www.healthy-heart.org\/ro\/pastrati-va-inima-sanatoasa\/diabetul\/\">diabetul<\/a> zaharat sunt \u00een cre\u0219tere \u0219i pot opri reducerea inciden\u021bei BCV. Manifest\u0103rile <a href=\"https:\/\/www.healthy-heart.org\/ro\/pastrati-va-inima-sanatoasa\/stresul-si-somnul\/\">stresului<\/a> psihosocial, cum ar fi depresia, anxietatea \u0219i surmenarea, sunt acum recunoscute ca factori importan\u021bi care contribuie la apari\u021bia \u0219i prognosticul bolilor cardiovasculare \u0219i nu sunt \u00een sc\u0103dere.<\/p>\n<blockquote><p>BCV pot fi evitate \u00een mare m\u0103sur\u0103: eliminarea comportamentelor de risc pentru s\u0103n\u0103tate ar preveni cel pu\u021bin 80% din BCV.<\/p><\/blockquote>\n<p>Principala modalitate de lupt\u0103 \u00eempotriva bolilor cardiovasculare este, prin urmare, prevenirea, ceea ce \u00eenseamn\u0103 oprirea primului eveniment \u0219i a celor ulterioare. Unul din cinci pacien\u021bi cu infarct miocardic sufer\u0103 un al doilea infarct miocardic \u00een primul an. Profesioni\u0219tii din domeniul s\u0103n\u0103t\u0103\u021bii \u0219i pacien\u021bii pot colabora pentru a <a href=\"https:\/\/www.healthy-heart.org\/ro\/viata-cu-o-boala-de-inima\/factori-de-risc-pentru-un-al-doilea-atac-de-cord\/\">preveni primul eveniment \u0219i pe cele ulterioare<\/a>. De exemplu, mul\u021bi pacien\u021bi cu infarct miocardic au diabet nediagnosticat, care, dac\u0103 ar fi fost descoperit \u0219i tratat la timp, ar fi putut preveni infarctul de miocardic.<\/p>\n<p>Afla\u021bi ce m\u0103suri pute\u021bi lua pentru a <a href=\"https:\/\/www.healthy-heart.org\/keep-your-heart-healthy\/keeping-healthy-habits\/\">preveni BCV<\/a> \u0219i ce pute\u021bi realiza \u00eempreun\u0103 cu medicii \u0219i personalul de asisten\u021b\u0103 medical\u0103.<\/p>\n","protected":false},"excerpt":{"rendered":"<p>BCV-urile sunt tulbur\u0103ri care implic\u0103 inima \u0219i vasele de s\u00e2nge. Acestea includ bolile aterosclerotice, \u00een care vasele de s\u00e2nge sunt obstruc\u021bionate progresiv de depozite de gr\u0103sime numite pl\u0103ci. Exist\u0103 diferite tipuri de boli aterosclerotice \u00een care vasele de s\u00e2nge sunt obstruc\u021bionate. Bolile coronariane \u2013 cum ar fi atacul de cord \u2013 afecteaz\u0103 arterele coronariene, care [&hellip;]<\/p>\n","protected":false},"author":1,"featured_media":1237,"parent":1653,"menu_order":2,"comment_status":"closed","ping_status":"closed","template":"","meta":{"_acf_changed":false,"footnotes":""},"categories":[52],"tags":[],"class_list":["post-1671","page","type-page","status-publish","has-post-thumbnail","hentry","category-inima-dvs"],"acf":[],"yoast_head":"<!-- This site is optimized with the Yoast SEO plugin v24.0 - https:\/\/yoast.com\/wordpress\/plugins\/seo\/ -->\n<title>Bolile cardiace - Healthy-Heart.org<\/title>\n<meta name=\"description\" content=\"Bolile cardiace sunt tulbur\u0103ri ale inimii \u0219i vaselor de s\u00e2nge, cum ar fi boli aterosclerotice, atac de cord, accident vascular cerebral, boli valvulare \u0219i boli ale mu\u0219chiului inimii.\" \/>\n<meta name=\"robots\" content=\"index, follow, max-snippet:-1, max-image-preview:large, max-video-preview:-1\" \/>\n<link rel=\"canonical\" href=\"https:\/\/www.healthy-heart.org\/ro\/inima-dvs\/ce-este-o-boala-de-inima\/\" \/>\n<meta property=\"og:locale\" content=\"ro_RO\" \/>\n<meta property=\"og:type\" content=\"article\" \/>\n<meta property=\"og:title\" content=\"Bolile cardiace - Healthy-Heart.org\" \/>\n<meta property=\"og:description\" content=\"Bolile cardiace sunt tulbur\u0103ri ale inimii \u0219i vaselor de s\u00e2nge, cum ar fi boli aterosclerotice, atac de cord, accident vascular cerebral, boli valvulare \u0219i boli ale mu\u0219chiului inimii.\" \/>\n<meta property=\"og:url\" content=\"https:\/\/www.healthy-heart.org\/ro\/inima-dvs\/ce-este-o-boala-de-inima\/\" \/>\n<meta property=\"og:site_name\" content=\"Healthy-Heart.org\" \/>\n<meta property=\"article:modified_time\" content=\"2020-05-12T11:12:44+00:00\" \/>\n<meta property=\"og:image\" content=\"https:\/\/www.healthy-heart.org\/wp-content\/uploads\/2019\/08\/what-is-cardiovascular-disease.jpg\" \/>\n\t<meta property=\"og:image:width\" content=\"518\" \/>\n\t<meta property=\"og:image:height\" content=\"345\" \/>\n\t<meta property=\"og:image:type\" content=\"image\/jpeg\" \/>\n<meta name=\"twitter:card\" content=\"summary_large_image\" \/>\n<meta name=\"twitter:label1\" content=\"Timp estimat pentru citire\" \/>\n\t<meta name=\"twitter:data1\" content=\"4 minute\" \/>\n<script type=\"application\/ld+json\" class=\"yoast-schema-graph\">{\"@context\":\"https:\/\/schema.org\",\"@graph\":[{\"@type\":\"WebPage\",\"@id\":\"https:\/\/www.healthy-heart.org\/ro\/inima-dvs\/ce-este-o-boala-de-inima\/\",\"url\":\"https:\/\/www.healthy-heart.org\/ro\/inima-dvs\/ce-este-o-boala-de-inima\/\",\"name\":\"Bolile cardiace - Healthy-Heart.org\",\"isPartOf\":{\"@id\":\"https:\/\/www.healthy-heart.org\/es\/#website\"},\"primaryImageOfPage\":{\"@id\":\"https:\/\/www.healthy-heart.org\/ro\/inima-dvs\/ce-este-o-boala-de-inima\/#primaryimage\"},\"image\":{\"@id\":\"https:\/\/www.healthy-heart.org\/ro\/inima-dvs\/ce-este-o-boala-de-inima\/#primaryimage\"},\"thumbnailUrl\":\"https:\/\/www.healthy-heart.org\/wp-content\/uploads\/2019\/08\/what-is-cardiovascular-disease.jpg\",\"datePublished\":\"2019-10-07T16:48:33+00:00\",\"dateModified\":\"2020-05-12T11:12:44+00:00\",\"description\":\"Bolile cardiace sunt tulbur\u0103ri ale inimii \u0219i vaselor de s\u00e2nge, cum ar fi boli aterosclerotice, atac de cord, accident vascular cerebral, boli valvulare \u0219i boli ale mu\u0219chiului inimii.\",\"breadcrumb\":{\"@id\":\"https:\/\/www.healthy-heart.org\/ro\/inima-dvs\/ce-este-o-boala-de-inima\/#breadcrumb\"},\"inLanguage\":\"ro-RO\",\"potentialAction\":[{\"@type\":\"ReadAction\",\"target\":[\"https:\/\/www.healthy-heart.org\/ro\/inima-dvs\/ce-este-o-boala-de-inima\/\"]}]},{\"@type\":\"ImageObject\",\"inLanguage\":\"ro-RO\",\"@id\":\"https:\/\/www.healthy-heart.org\/ro\/inima-dvs\/ce-este-o-boala-de-inima\/#primaryimage\",\"url\":\"https:\/\/www.healthy-heart.org\/wp-content\/uploads\/2019\/08\/what-is-cardiovascular-disease.jpg\",\"contentUrl\":\"https:\/\/www.healthy-heart.org\/wp-content\/uploads\/2019\/08\/what-is-cardiovascular-disease.jpg\",\"width\":518,\"height\":345},{\"@type\":\"BreadcrumbList\",\"@id\":\"https:\/\/www.healthy-heart.org\/ro\/inima-dvs\/ce-este-o-boala-de-inima\/#breadcrumb\",\"itemListElement\":[{\"@type\":\"ListItem\",\"position\":1,\"name\":\"Home\",\"item\":\"https:\/\/www.healthy-heart.org\/ro\/\"},{\"@type\":\"ListItem\",\"position\":2,\"name\":\"Inima dvs.\",\"item\":\"https:\/\/www.healthy-heart.org\/ro\/inima-dvs\/\"},{\"@type\":\"ListItem\",\"position\":3,\"name\":\"Ce este o boal\u0103 de inim\u0103?\"}]},{\"@type\":\"WebSite\",\"@id\":\"https:\/\/www.healthy-heart.org\/es\/#website\",\"url\":\"https:\/\/www.healthy-heart.org\/es\/\",\"name\":\"Healthy-Heart.org\",\"description\":\"Practical advice for patients and family care givers on the prevention of cardiovascular disease\",\"potentialAction\":[{\"@type\":\"SearchAction\",\"target\":{\"@type\":\"EntryPoint\",\"urlTemplate\":\"https:\/\/www.healthy-heart.org\/es\/?s={search_term_string}\"},\"query-input\":{\"@type\":\"PropertyValueSpecification\",\"valueRequired\":true,\"valueName\":\"search_term_string\"}}],\"inLanguage\":\"ro-RO\"}]}<\/script>\n<!-- \/ Yoast SEO plugin. -->","yoast_head_json":{"title":"Bolile cardiace - Healthy-Heart.org","description":"Bolile cardiace sunt tulbur\u0103ri ale inimii \u0219i vaselor de s\u00e2nge, cum ar fi boli aterosclerotice, atac de cord, accident vascular cerebral, boli valvulare \u0219i boli ale mu\u0219chiului inimii.","robots":{"index":"index","follow":"follow","max-snippet":"max-snippet:-1","max-image-preview":"max-image-preview:large","max-video-preview":"max-video-preview:-1"},"canonical":"https:\/\/www.healthy-heart.org\/ro\/inima-dvs\/ce-este-o-boala-de-inima\/","og_locale":"ro_RO","og_type":"article","og_title":"Bolile cardiace - Healthy-Heart.org","og_description":"Bolile cardiace sunt tulbur\u0103ri ale inimii \u0219i vaselor de s\u00e2nge, cum ar fi boli aterosclerotice, atac de cord, accident vascular cerebral, boli valvulare \u0219i boli ale mu\u0219chiului inimii.","og_url":"https:\/\/www.healthy-heart.org\/ro\/inima-dvs\/ce-este-o-boala-de-inima\/","og_site_name":"Healthy-Heart.org","article_modified_time":"2020-05-12T11:12:44+00:00","og_image":[{"width":518,"height":345,"url":"https:\/\/www.healthy-heart.org\/wp-content\/uploads\/2019\/08\/what-is-cardiovascular-disease.jpg","type":"image\/jpeg"}],"twitter_card":"summary_large_image","twitter_misc":{"Timp estimat pentru citire":"4 minute"},"schema":{"@context":"https:\/\/schema.org","@graph":[{"@type":"WebPage","@id":"https:\/\/www.healthy-heart.org\/ro\/inima-dvs\/ce-este-o-boala-de-inima\/","url":"https:\/\/www.healthy-heart.org\/ro\/inima-dvs\/ce-este-o-boala-de-inima\/","name":"Bolile cardiace - Healthy-Heart.org","isPartOf":{"@id":"https:\/\/www.healthy-heart.org\/es\/#website"},"primaryImageOfPage":{"@id":"https:\/\/www.healthy-heart.org\/ro\/inima-dvs\/ce-este-o-boala-de-inima\/#primaryimage"},"image":{"@id":"https:\/\/www.healthy-heart.org\/ro\/inima-dvs\/ce-este-o-boala-de-inima\/#primaryimage"},"thumbnailUrl":"https:\/\/www.healthy-heart.org\/wp-content\/uploads\/2019\/08\/what-is-cardiovascular-disease.jpg","datePublished":"2019-10-07T16:48:33+00:00","dateModified":"2020-05-12T11:12:44+00:00","description":"Bolile cardiace sunt tulbur\u0103ri ale inimii \u0219i vaselor de s\u00e2nge, cum ar fi boli aterosclerotice, atac de cord, accident vascular cerebral, boli valvulare \u0219i boli ale mu\u0219chiului inimii.","breadcrumb":{"@id":"https:\/\/www.healthy-heart.org\/ro\/inima-dvs\/ce-este-o-boala-de-inima\/#breadcrumb"},"inLanguage":"ro-RO","potentialAction":[{"@type":"ReadAction","target":["https:\/\/www.healthy-heart.org\/ro\/inima-dvs\/ce-este-o-boala-de-inima\/"]}]},{"@type":"ImageObject","inLanguage":"ro-RO","@id":"https:\/\/www.healthy-heart.org\/ro\/inima-dvs\/ce-este-o-boala-de-inima\/#primaryimage","url":"https:\/\/www.healthy-heart.org\/wp-content\/uploads\/2019\/08\/what-is-cardiovascular-disease.jpg","contentUrl":"https:\/\/www.healthy-heart.org\/wp-content\/uploads\/2019\/08\/what-is-cardiovascular-disease.jpg","width":518,"height":345},{"@type":"BreadcrumbList","@id":"https:\/\/www.healthy-heart.org\/ro\/inima-dvs\/ce-este-o-boala-de-inima\/#breadcrumb","itemListElement":[{"@type":"ListItem","position":1,"name":"Home","item":"https:\/\/www.healthy-heart.org\/ro\/"},{"@type":"ListItem","position":2,"name":"Inima dvs.","item":"https:\/\/www.healthy-heart.org\/ro\/inima-dvs\/"},{"@type":"ListItem","position":3,"name":"Ce este o boal\u0103 de inim\u0103?"}]},{"@type":"WebSite","@id":"https:\/\/www.healthy-heart.org\/es\/#website","url":"https:\/\/www.healthy-heart.org\/es\/","name":"Healthy-Heart.org","description":"Practical advice for patients and family care givers on the prevention of cardiovascular disease","potentialAction":[{"@type":"SearchAction","target":{"@type":"EntryPoint","urlTemplate":"https:\/\/www.healthy-heart.org\/es\/?s={search_term_string}"},"query-input":{"@type":"PropertyValueSpecification","valueRequired":true,"valueName":"search_term_string"}}],"inLanguage":"ro-RO"}]}},"_links":{"self":[{"href":"https:\/\/www.healthy-heart.org\/ro\/wp-json\/wp\/v2\/pages\/1671","targetHints":{"allow":["GET"]}}],"collection":[{"href":"https:\/\/www.healthy-heart.org\/ro\/wp-json\/wp\/v2\/pages"}],"about":[{"href":"https:\/\/www.healthy-heart.org\/ro\/wp-json\/wp\/v2\/types\/page"}],"author":[{"embeddable":true,"href":"https:\/\/www.healthy-heart.org\/ro\/wp-json\/wp\/v2\/users\/1"}],"replies":[{"embeddable":true,"href":"https:\/\/www.healthy-heart.org\/ro\/wp-json\/wp\/v2\/comments?post=1671"}],"version-history":[{"count":3,"href":"https:\/\/www.healthy-heart.org\/ro\/wp-json\/wp\/v2\/pages\/1671\/revisions"}],"predecessor-version":[{"id":4528,"href":"https:\/\/www.healthy-heart.org\/ro\/wp-json\/wp\/v2\/pages\/1671\/revisions\/4528"}],"up":[{"embeddable":true,"href":"https:\/\/www.healthy-heart.org\/ro\/wp-json\/wp\/v2\/pages\/1653"}],"wp:featuredmedia":[{"embeddable":true,"href":"https:\/\/www.healthy-heart.org\/ro\/wp-json\/wp\/v2\/media\/1237"}],"wp:attachment":[{"href":"https:\/\/www.healthy-heart.org\/ro\/wp-json\/wp\/v2\/media?parent=1671"}],"wp:term":[{"taxonomy":"category","embeddable":true,"href":"https:\/\/www.healthy-heart.org\/ro\/wp-json\/wp\/v2\/categories?post=1671"},{"taxonomy":"post_tag","embeddable":true,"href":"https:\/\/www.healthy-heart.org\/ro\/wp-json\/wp\/v2\/tags?post=1671"}],"curies":[{"name":"wp","href":"https:\/\/api.w.org\/{rel}","templated":true}]}}