{"id":1662,"date":"2019-10-07T17:48:08","date_gmt":"2019-10-07T16:48:08","guid":{"rendered":"https:\/\/www.healthy-heart.org\/inima-dvs\/cum-functioneaza-inima\/"},"modified":"2019-10-31T12:13:25","modified_gmt":"2019-10-31T12:13:25","slug":"cum-functioneaza-inima","status":"publish","type":"page","link":"https:\/\/www.healthy-heart.org\/ro\/inima-dvs\/cum-functioneaza-inima\/","title":{"rendered":"Cum func\u021bioneaz\u0103 inima?"},"content":{"rendered":"<p><img loading=\"lazy\" decoding=\"async\" class=\"size-medium wp-image-3594 alignright\" src=\"https:\/\/www.healthy-heart.org\/wp-content\/uploads\/2019\/10\/iStock-497342787-350x321.jpg\" alt=\"\" width=\"350\" height=\"321\" srcset=\"https:\/\/www.healthy-heart.org\/wp-content\/uploads\/2019\/10\/iStock-497342787-350x321.jpg 350w, https:\/\/www.healthy-heart.org\/wp-content\/uploads\/2019\/10\/iStock-497342787-200x184.jpg 200w, https:\/\/www.healthy-heart.org\/wp-content\/uploads\/2019\/10\/iStock-497342787-768x705.jpg 768w, https:\/\/www.healthy-heart.org\/wp-content\/uploads\/2019\/10\/iStock-497342787-1024x940.jpg 1024w, https:\/\/www.healthy-heart.org\/wp-content\/uploads\/2019\/10\/iStock-497342787-478x439.jpg 478w, https:\/\/www.healthy-heart.org\/wp-content\/uploads\/2019\/10\/iStock-497342787-506x464.jpg 506w\" sizes=\"auto, (max-width: 350px) 100vw, 350px\" \/>Inima este \u00eemp\u0103r\u021bit\u0103 \u00een dou\u0103 p\u0103r\u021bi, care sunt separate de un perete muscular (septul). Exist\u0103 dou\u0103 camere pe fiecare parte a inimii, un atriu deasupra \u0219i un ventricul dedesubt. Partea dreapt\u0103 a inimii prime\u0219te s\u00e2nge s\u0103rac \u00een oxigen din corp, prin vase numite vene. Ea pompeaz\u0103 s\u00e2ngele \u00een pl\u0103m\u00e2ni, unde acesta este \u00eembog\u0103\u021bit cu oxigen. Partea st\u00e2ng\u0103 a inimii prime\u0219te acest s\u00e2nge de la pl\u0103m\u00e2ni \u0219i \u00eel pompeaz\u0103 \u00een toate organele corpului prin vasele numite artere. \u00cencepe de la cea mai mare arter\u0103, care se nume\u0219te aort\u0103. Valvele dintre atrii \u0219i ventricule se numesc valvele atrioventriculare (valva mitral\u0103 din st\u00e2nga, valva tricuspid\u0103 din dreapta). Acestea \u00eempiedic\u0103 s\u00e2ngele s\u0103 curg\u0103 \u00een direc\u021bia gre\u0219it\u0103. Valva pulmonar\u0103 \u0219i valva aortic\u0103 controleaz\u0103 ie\u0219irea s\u00e2ngelui din ventriculul drept \u0219i respectiv st\u00e2ng. Valvele se deschid atunci c\u00e2nd se atinge o anumit\u0103 presiune \u00een ventricul, permi\u021b\u00e2nd astfel s\u00e2ngelui s\u0103 curg\u0103 \u00een pl\u0103m\u00e2n (din ventriculul drept) sau \u00een corp \u0219i organele sale (din ventriculul st\u00e2ng).<\/p>\n<p>Inima este un mu\u0219chi care pompeaz\u0103 de 60 p\u00e2n\u0103 la 80 de ori pe minut, \u00eentreaga ta via\u021b\u0103. Prin urmare, are nevoie de cantit\u0103\u021bi mari de oxigen \u0219i nutrien\u021bi pentru a func\u021biona \u00een mod corespunz\u0103tor. Arterele coronare alimenteaz\u0103 inima cu s\u00e2ngele extrem de necesar.<\/p>\n","protected":false},"excerpt":{"rendered":"<p>Inima este \u00eemp\u0103r\u021bit\u0103 \u00een dou\u0103 p\u0103r\u021bi, care sunt separate de un perete muscular (septul). Exist\u0103 dou\u0103 camere pe fiecare parte a inimii, un atriu deasupra \u0219i un ventricul dedesubt. Partea dreapt\u0103 a inimii prime\u0219te s\u00e2nge s\u0103rac \u00een oxigen din corp, prin vase numite vene. Ea pompeaz\u0103 s\u00e2ngele \u00een pl\u0103m\u00e2ni, unde acesta este \u00eembog\u0103\u021bit cu oxigen. [&hellip;]<\/p>\n","protected":false},"author":1,"featured_media":1228,"parent":1653,"menu_order":1,"comment_status":"closed","ping_status":"closed","template":"","meta":{"_acf_changed":false,"footnotes":""},"categories":[52],"tags":[],"class_list":["post-1662","page","type-page","status-publish","has-post-thumbnail","hentry","category-inima-dvs"],"acf":[],"yoast_head":"<!-- This site is optimized with the Yoast SEO plugin v24.0 - https:\/\/yoast.com\/wordpress\/plugins\/seo\/ -->\n<title>Cum func\u021bioneaz\u0103 inima - Healthy-Heart.org<\/title>\n<meta name=\"description\" content=\"Afla\u021bi cum func\u021bioneaz\u0103 o inim\u0103, rolul acesteia \u0219i ce ritm cardiac este considerat s\u0103n\u0103tos.\" \/>\n<meta name=\"robots\" content=\"index, follow, max-snippet:-1, max-image-preview:large, max-video-preview:-1\" \/>\n<link rel=\"canonical\" href=\"https:\/\/www.healthy-heart.org\/ro\/inima-dvs\/cum-functioneaza-inima\/\" \/>\n<meta property=\"og:locale\" content=\"ro_RO\" \/>\n<meta property=\"og:type\" content=\"article\" \/>\n<meta property=\"og:title\" content=\"Cum func\u021bioneaz\u0103 inima - Healthy-Heart.org\" \/>\n<meta property=\"og:description\" content=\"Afla\u021bi cum func\u021bioneaz\u0103 o inim\u0103, rolul acesteia \u0219i ce ritm cardiac este considerat s\u0103n\u0103tos.\" \/>\n<meta property=\"og:url\" content=\"https:\/\/www.healthy-heart.org\/ro\/inima-dvs\/cum-functioneaza-inima\/\" \/>\n<meta property=\"og:site_name\" content=\"Healthy-Heart.org\" \/>\n<meta property=\"article:modified_time\" content=\"2019-10-31T12:13:25+00:00\" \/>\n<meta property=\"og:image\" content=\"https:\/\/www.healthy-heart.org\/wp-content\/uploads\/2019\/08\/how-dos-the-heart-work.jpg\" \/>\n\t<meta property=\"og:image:width\" content=\"518\" \/>\n\t<meta property=\"og:image:height\" content=\"345\" \/>\n\t<meta property=\"og:image:type\" content=\"image\/jpeg\" \/>\n<meta name=\"twitter:card\" content=\"summary_large_image\" \/>\n<meta name=\"twitter:label1\" content=\"Timp estimat pentru citire\" \/>\n\t<meta name=\"twitter:data1\" content=\"1 minut\" \/>\n<script type=\"application\/ld+json\" class=\"yoast-schema-graph\">{\"@context\":\"https:\/\/schema.org\",\"@graph\":[{\"@type\":\"WebPage\",\"@id\":\"https:\/\/www.healthy-heart.org\/ro\/inima-dvs\/cum-functioneaza-inima\/\",\"url\":\"https:\/\/www.healthy-heart.org\/ro\/inima-dvs\/cum-functioneaza-inima\/\",\"name\":\"Cum func\u021bioneaz\u0103 inima - Healthy-Heart.org\",\"isPartOf\":{\"@id\":\"https:\/\/www.healthy-heart.org\/es\/#website\"},\"primaryImageOfPage\":{\"@id\":\"https:\/\/www.healthy-heart.org\/ro\/inima-dvs\/cum-functioneaza-inima\/#primaryimage\"},\"image\":{\"@id\":\"https:\/\/www.healthy-heart.org\/ro\/inima-dvs\/cum-functioneaza-inima\/#primaryimage\"},\"thumbnailUrl\":\"https:\/\/www.healthy-heart.org\/wp-content\/uploads\/2019\/08\/how-dos-the-heart-work.jpg\",\"datePublished\":\"2019-10-07T16:48:08+00:00\",\"dateModified\":\"2019-10-31T12:13:25+00:00\",\"description\":\"Afla\u021bi cum func\u021bioneaz\u0103 o inim\u0103, rolul acesteia \u0219i ce ritm cardiac este considerat s\u0103n\u0103tos.\",\"breadcrumb\":{\"@id\":\"https:\/\/www.healthy-heart.org\/ro\/inima-dvs\/cum-functioneaza-inima\/#breadcrumb\"},\"inLanguage\":\"ro-RO\",\"potentialAction\":[{\"@type\":\"ReadAction\",\"target\":[\"https:\/\/www.healthy-heart.org\/ro\/inima-dvs\/cum-functioneaza-inima\/\"]}]},{\"@type\":\"ImageObject\",\"inLanguage\":\"ro-RO\",\"@id\":\"https:\/\/www.healthy-heart.org\/ro\/inima-dvs\/cum-functioneaza-inima\/#primaryimage\",\"url\":\"https:\/\/www.healthy-heart.org\/wp-content\/uploads\/2019\/08\/how-dos-the-heart-work.jpg\",\"contentUrl\":\"https:\/\/www.healthy-heart.org\/wp-content\/uploads\/2019\/08\/how-dos-the-heart-work.jpg\",\"width\":518,\"height\":345},{\"@type\":\"BreadcrumbList\",\"@id\":\"https:\/\/www.healthy-heart.org\/ro\/inima-dvs\/cum-functioneaza-inima\/#breadcrumb\",\"itemListElement\":[{\"@type\":\"ListItem\",\"position\":1,\"name\":\"Home\",\"item\":\"https:\/\/www.healthy-heart.org\/ro\/\"},{\"@type\":\"ListItem\",\"position\":2,\"name\":\"Inima dvs.\",\"item\":\"https:\/\/www.healthy-heart.org\/ro\/inima-dvs\/\"},{\"@type\":\"ListItem\",\"position\":3,\"name\":\"Cum func\u021bioneaz\u0103 inima?\"}]},{\"@type\":\"WebSite\",\"@id\":\"https:\/\/www.healthy-heart.org\/es\/#website\",\"url\":\"https:\/\/www.healthy-heart.org\/es\/\",\"name\":\"Healthy-Heart.org\",\"description\":\"Practical advice for patients and family care givers on the prevention of cardiovascular disease\",\"potentialAction\":[{\"@type\":\"SearchAction\",\"target\":{\"@type\":\"EntryPoint\",\"urlTemplate\":\"https:\/\/www.healthy-heart.org\/es\/?s={search_term_string}\"},\"query-input\":{\"@type\":\"PropertyValueSpecification\",\"valueRequired\":true,\"valueName\":\"search_term_string\"}}],\"inLanguage\":\"ro-RO\"}]}<\/script>\n<!-- \/ Yoast SEO plugin. -->","yoast_head_json":{"title":"Cum func\u021bioneaz\u0103 inima - Healthy-Heart.org","description":"Afla\u021bi cum func\u021bioneaz\u0103 o inim\u0103, rolul acesteia \u0219i ce ritm cardiac este considerat s\u0103n\u0103tos.","robots":{"index":"index","follow":"follow","max-snippet":"max-snippet:-1","max-image-preview":"max-image-preview:large","max-video-preview":"max-video-preview:-1"},"canonical":"https:\/\/www.healthy-heart.org\/ro\/inima-dvs\/cum-functioneaza-inima\/","og_locale":"ro_RO","og_type":"article","og_title":"Cum func\u021bioneaz\u0103 inima - Healthy-Heart.org","og_description":"Afla\u021bi cum func\u021bioneaz\u0103 o inim\u0103, rolul acesteia \u0219i ce ritm cardiac este considerat s\u0103n\u0103tos.","og_url":"https:\/\/www.healthy-heart.org\/ro\/inima-dvs\/cum-functioneaza-inima\/","og_site_name":"Healthy-Heart.org","article_modified_time":"2019-10-31T12:13:25+00:00","og_image":[{"width":518,"height":345,"url":"https:\/\/www.healthy-heart.org\/wp-content\/uploads\/2019\/08\/how-dos-the-heart-work.jpg","type":"image\/jpeg"}],"twitter_card":"summary_large_image","twitter_misc":{"Timp estimat pentru citire":"1 minut"},"schema":{"@context":"https:\/\/schema.org","@graph":[{"@type":"WebPage","@id":"https:\/\/www.healthy-heart.org\/ro\/inima-dvs\/cum-functioneaza-inima\/","url":"https:\/\/www.healthy-heart.org\/ro\/inima-dvs\/cum-functioneaza-inima\/","name":"Cum func\u021bioneaz\u0103 inima - Healthy-Heart.org","isPartOf":{"@id":"https:\/\/www.healthy-heart.org\/es\/#website"},"primaryImageOfPage":{"@id":"https:\/\/www.healthy-heart.org\/ro\/inima-dvs\/cum-functioneaza-inima\/#primaryimage"},"image":{"@id":"https:\/\/www.healthy-heart.org\/ro\/inima-dvs\/cum-functioneaza-inima\/#primaryimage"},"thumbnailUrl":"https:\/\/www.healthy-heart.org\/wp-content\/uploads\/2019\/08\/how-dos-the-heart-work.jpg","datePublished":"2019-10-07T16:48:08+00:00","dateModified":"2019-10-31T12:13:25+00:00","description":"Afla\u021bi cum func\u021bioneaz\u0103 o inim\u0103, rolul acesteia \u0219i ce ritm cardiac este considerat s\u0103n\u0103tos.","breadcrumb":{"@id":"https:\/\/www.healthy-heart.org\/ro\/inima-dvs\/cum-functioneaza-inima\/#breadcrumb"},"inLanguage":"ro-RO","potentialAction":[{"@type":"ReadAction","target":["https:\/\/www.healthy-heart.org\/ro\/inima-dvs\/cum-functioneaza-inima\/"]}]},{"@type":"ImageObject","inLanguage":"ro-RO","@id":"https:\/\/www.healthy-heart.org\/ro\/inima-dvs\/cum-functioneaza-inima\/#primaryimage","url":"https:\/\/www.healthy-heart.org\/wp-content\/uploads\/2019\/08\/how-dos-the-heart-work.jpg","contentUrl":"https:\/\/www.healthy-heart.org\/wp-content\/uploads\/2019\/08\/how-dos-the-heart-work.jpg","width":518,"height":345},{"@type":"BreadcrumbList","@id":"https:\/\/www.healthy-heart.org\/ro\/inima-dvs\/cum-functioneaza-inima\/#breadcrumb","itemListElement":[{"@type":"ListItem","position":1,"name":"Home","item":"https:\/\/www.healthy-heart.org\/ro\/"},{"@type":"ListItem","position":2,"name":"Inima dvs.","item":"https:\/\/www.healthy-heart.org\/ro\/inima-dvs\/"},{"@type":"ListItem","position":3,"name":"Cum func\u021bioneaz\u0103 inima?"}]},{"@type":"WebSite","@id":"https:\/\/www.healthy-heart.org\/es\/#website","url":"https:\/\/www.healthy-heart.org\/es\/","name":"Healthy-Heart.org","description":"Practical advice for patients and family care givers on the prevention of cardiovascular disease","potentialAction":[{"@type":"SearchAction","target":{"@type":"EntryPoint","urlTemplate":"https:\/\/www.healthy-heart.org\/es\/?s={search_term_string}"},"query-input":{"@type":"PropertyValueSpecification","valueRequired":true,"valueName":"search_term_string"}}],"inLanguage":"ro-RO"}]}},"_links":{"self":[{"href":"https:\/\/www.healthy-heart.org\/ro\/wp-json\/wp\/v2\/pages\/1662","targetHints":{"allow":["GET"]}}],"collection":[{"href":"https:\/\/www.healthy-heart.org\/ro\/wp-json\/wp\/v2\/pages"}],"about":[{"href":"https:\/\/www.healthy-heart.org\/ro\/wp-json\/wp\/v2\/types\/page"}],"author":[{"embeddable":true,"href":"https:\/\/www.healthy-heart.org\/ro\/wp-json\/wp\/v2\/users\/1"}],"replies":[{"embeddable":true,"href":"https:\/\/www.healthy-heart.org\/ro\/wp-json\/wp\/v2\/comments?post=1662"}],"version-history":[{"count":2,"href":"https:\/\/www.healthy-heart.org\/ro\/wp-json\/wp\/v2\/pages\/1662\/revisions"}],"predecessor-version":[{"id":3604,"href":"https:\/\/www.healthy-heart.org\/ro\/wp-json\/wp\/v2\/pages\/1662\/revisions\/3604"}],"up":[{"embeddable":true,"href":"https:\/\/www.healthy-heart.org\/ro\/wp-json\/wp\/v2\/pages\/1653"}],"wp:featuredmedia":[{"embeddable":true,"href":"https:\/\/www.healthy-heart.org\/ro\/wp-json\/wp\/v2\/media\/1228"}],"wp:attachment":[{"href":"https:\/\/www.healthy-heart.org\/ro\/wp-json\/wp\/v2\/media?parent=1662"}],"wp:term":[{"taxonomy":"category","embeddable":true,"href":"https:\/\/www.healthy-heart.org\/ro\/wp-json\/wp\/v2\/categories?post=1662"},{"taxonomy":"post_tag","embeddable":true,"href":"https:\/\/www.healthy-heart.org\/ro\/wp-json\/wp\/v2\/tags?post=1662"}],"curies":[{"name":"wp","href":"https:\/\/api.w.org\/{rel}","templated":true}]}}