{"id":1538,"date":"2019-10-07T17:45:59","date_gmt":"2019-10-07T16:45:59","guid":{"rendered":"https:\/\/www.healthy-heart.org\/healthy-heart-org\/"},"modified":"2025-04-04T14:43:15","modified_gmt":"2025-04-04T13:43:15","slug":"healthy-heart-org","status":"publish","type":"page","link":"https:\/\/www.healthy-heart.org\/ro\/","title":{"rendered":"Healthy-Heart.org"},"content":{"rendered":"<p>Bolile cardiovasculare reprezint\u0103 o afec\u021biune frecvent\u0103, fiind cauza a 4 milioane de decese pe an \u00een Europa. Aici pute\u021bi g\u0103si informa\u021bii corecte \u0219i sfaturi practice pentru a preveni bolile cardiovasculare, pentru a v\u0103 gestiona s\u0103n\u0103tatea mai eficient \u0219i pentru a avea o via\u021b\u0103 mai lung\u0103 \u0219i mai activ\u0103.<\/p>\n","protected":false},"excerpt":{"rendered":"<p>Bolile cardiovasculare reprezint\u0103 o afec\u021biune frecvent\u0103, fiind cauza a 4 milioane de decese pe an \u00een Europa. Aici pute\u021bi g\u0103si informa\u021bii corecte \u0219i sfaturi practice pentru a preveni bolile cardiovasculare, pentru a v\u0103 gestiona s\u0103n\u0103tatea mai eficient \u0219i pentru a avea o via\u021b\u0103 mai lung\u0103 \u0219i mai activ\u0103.<\/p>\n","protected":false},"author":1,"featured_media":5966,"parent":0,"menu_order":0,"comment_status":"closed","ping_status":"closed","template":"templates\/home.php","meta":{"_acf_changed":false,"footnotes":""},"categories":[],"tags":[],"class_list":["post-1538","page","type-page","status-publish","has-post-thumbnail","hentry"],"acf":[],"yoast_head":"<!-- This site is optimized with the Yoast SEO plugin v24.0 - https:\/\/yoast.com\/wordpress\/plugins\/seo\/ -->\n<title>Healthy-Heart.org | Prevenirea bolilor cardiovasculare<\/title>\n<meta name=\"description\" content=\"G\u0103si\u021bi informa\u021bii clare, fiabile \u0219i recomand\u0103ri practice cu privire la prevenirea bolilor cardiovasculare pentru pacien\u021bi \u0219i persoanele din familie care acord\u0103 asisten\u021b\u0103.\" \/>\n<meta name=\"robots\" content=\"index, follow, max-snippet:-1, max-image-preview:large, max-video-preview:-1\" \/>\n<link rel=\"canonical\" href=\"https:\/\/www.healthy-heart.org\/ro\/\" \/>\n<meta property=\"og:locale\" content=\"ro_RO\" \/>\n<meta property=\"og:type\" content=\"article\" \/>\n<meta property=\"og:title\" content=\"Healthy-Heart.org | Prevenirea bolilor cardiovasculare\" \/>\n<meta property=\"og:description\" content=\"G\u0103si\u021bi informa\u021bii clare, fiabile \u0219i recomand\u0103ri practice cu privire la prevenirea bolilor cardiovasculare pentru pacien\u021bi \u0219i persoanele din familie care acord\u0103 asisten\u021b\u0103.\" \/>\n<meta property=\"og:url\" content=\"https:\/\/www.healthy-heart.org\/ro\/\" \/>\n<meta property=\"og:site_name\" content=\"Healthy-Heart.org\" \/>\n<meta property=\"article:modified_time\" content=\"2025-04-04T13:43:15+00:00\" \/>\n<meta property=\"og:image\" content=\"https:\/\/www.healthy-heart.org\/wp-content\/uploads\/2022\/01\/main-image-min.jpg\" \/>\n\t<meta property=\"og:image:width\" content=\"2500\" \/>\n\t<meta property=\"og:image:height\" content=\"868\" \/>\n\t<meta property=\"og:image:type\" content=\"image\/jpeg\" \/>\n<meta name=\"twitter:card\" content=\"summary_large_image\" \/>\n<meta name=\"twitter:label1\" content=\"Timp estimat pentru citire\" \/>\n\t<meta name=\"twitter:data1\" content=\"1 minut\" \/>\n<script type=\"application\/ld+json\" class=\"yoast-schema-graph\">{\"@context\":\"https:\/\/schema.org\",\"@graph\":[{\"@type\":\"WebPage\",\"@id\":\"https:\/\/www.healthy-heart.org\/ro\/\",\"url\":\"https:\/\/www.healthy-heart.org\/ro\/\",\"name\":\"Healthy-Heart.org | Prevenirea bolilor cardiovasculare\",\"isPartOf\":{\"@id\":\"https:\/\/www.healthy-heart.org\/es\/#website\"},\"primaryImageOfPage\":{\"@id\":\"https:\/\/www.healthy-heart.org\/ro\/#primaryimage\"},\"image\":{\"@id\":\"https:\/\/www.healthy-heart.org\/ro\/#primaryimage\"},\"thumbnailUrl\":\"https:\/\/www.healthy-heart.org\/wp-content\/uploads\/2022\/01\/main-image-min.jpg\",\"datePublished\":\"2019-10-07T16:45:59+00:00\",\"dateModified\":\"2025-04-04T13:43:15+00:00\",\"description\":\"G\u0103si\u021bi informa\u021bii clare, fiabile \u0219i recomand\u0103ri practice cu privire la prevenirea bolilor cardiovasculare pentru pacien\u021bi \u0219i persoanele din familie care acord\u0103 asisten\u021b\u0103.\",\"breadcrumb\":{\"@id\":\"https:\/\/www.healthy-heart.org\/ro\/#breadcrumb\"},\"inLanguage\":\"ro-RO\",\"potentialAction\":[{\"@type\":\"ReadAction\",\"target\":[\"https:\/\/www.healthy-heart.org\/ro\/\"]}]},{\"@type\":\"ImageObject\",\"inLanguage\":\"ro-RO\",\"@id\":\"https:\/\/www.healthy-heart.org\/ro\/#primaryimage\",\"url\":\"https:\/\/www.healthy-heart.org\/wp-content\/uploads\/2022\/01\/main-image-min.jpg\",\"contentUrl\":\"https:\/\/www.healthy-heart.org\/wp-content\/uploads\/2022\/01\/main-image-min.jpg\",\"width\":2500,\"height\":868},{\"@type\":\"BreadcrumbList\",\"@id\":\"https:\/\/www.healthy-heart.org\/ro\/#breadcrumb\",\"itemListElement\":[{\"@type\":\"ListItem\",\"position\":1,\"name\":\"Home\",\"item\":\"https:\/\/www.healthy-heart.org\/ro\/\"},{\"@type\":\"ListItem\",\"position\":2,\"name\":\"Healthy-Heart.org\"}]},{\"@type\":\"WebSite\",\"@id\":\"https:\/\/www.healthy-heart.org\/es\/#website\",\"url\":\"https:\/\/www.healthy-heart.org\/es\/\",\"name\":\"Healthy-Heart.org\",\"description\":\"Practical advice for patients and family care givers on the prevention of cardiovascular disease\",\"potentialAction\":[{\"@type\":\"SearchAction\",\"target\":{\"@type\":\"EntryPoint\",\"urlTemplate\":\"https:\/\/www.healthy-heart.org\/es\/?s={search_term_string}\"},\"query-input\":{\"@type\":\"PropertyValueSpecification\",\"valueRequired\":true,\"valueName\":\"search_term_string\"}}],\"inLanguage\":\"ro-RO\"}]}<\/script>\n<!-- \/ Yoast SEO plugin. -->","yoast_head_json":{"title":"Healthy-Heart.org | Prevenirea bolilor cardiovasculare","description":"G\u0103si\u021bi informa\u021bii clare, fiabile \u0219i recomand\u0103ri practice cu privire la prevenirea bolilor cardiovasculare pentru pacien\u021bi \u0219i persoanele din familie care acord\u0103 asisten\u021b\u0103.","robots":{"index":"index","follow":"follow","max-snippet":"max-snippet:-1","max-image-preview":"max-image-preview:large","max-video-preview":"max-video-preview:-1"},"canonical":"https:\/\/www.healthy-heart.org\/ro\/","og_locale":"ro_RO","og_type":"article","og_title":"Healthy-Heart.org | Prevenirea bolilor cardiovasculare","og_description":"G\u0103si\u021bi informa\u021bii clare, fiabile \u0219i recomand\u0103ri practice cu privire la prevenirea bolilor cardiovasculare pentru pacien\u021bi \u0219i persoanele din familie care acord\u0103 asisten\u021b\u0103.","og_url":"https:\/\/www.healthy-heart.org\/ro\/","og_site_name":"Healthy-Heart.org","article_modified_time":"2025-04-04T13:43:15+00:00","og_image":[{"width":2500,"height":868,"url":"https:\/\/www.healthy-heart.org\/wp-content\/uploads\/2022\/01\/main-image-min.jpg","type":"image\/jpeg"}],"twitter_card":"summary_large_image","twitter_misc":{"Timp estimat pentru citire":"1 minut"},"schema":{"@context":"https:\/\/schema.org","@graph":[{"@type":"WebPage","@id":"https:\/\/www.healthy-heart.org\/ro\/","url":"https:\/\/www.healthy-heart.org\/ro\/","name":"Healthy-Heart.org | Prevenirea bolilor cardiovasculare","isPartOf":{"@id":"https:\/\/www.healthy-heart.org\/es\/#website"},"primaryImageOfPage":{"@id":"https:\/\/www.healthy-heart.org\/ro\/#primaryimage"},"image":{"@id":"https:\/\/www.healthy-heart.org\/ro\/#primaryimage"},"thumbnailUrl":"https:\/\/www.healthy-heart.org\/wp-content\/uploads\/2022\/01\/main-image-min.jpg","datePublished":"2019-10-07T16:45:59+00:00","dateModified":"2025-04-04T13:43:15+00:00","description":"G\u0103si\u021bi informa\u021bii clare, fiabile \u0219i recomand\u0103ri practice cu privire la prevenirea bolilor cardiovasculare pentru pacien\u021bi \u0219i persoanele din familie care acord\u0103 asisten\u021b\u0103.","breadcrumb":{"@id":"https:\/\/www.healthy-heart.org\/ro\/#breadcrumb"},"inLanguage":"ro-RO","potentialAction":[{"@type":"ReadAction","target":["https:\/\/www.healthy-heart.org\/ro\/"]}]},{"@type":"ImageObject","inLanguage":"ro-RO","@id":"https:\/\/www.healthy-heart.org\/ro\/#primaryimage","url":"https:\/\/www.healthy-heart.org\/wp-content\/uploads\/2022\/01\/main-image-min.jpg","contentUrl":"https:\/\/www.healthy-heart.org\/wp-content\/uploads\/2022\/01\/main-image-min.jpg","width":2500,"height":868},{"@type":"BreadcrumbList","@id":"https:\/\/www.healthy-heart.org\/ro\/#breadcrumb","itemListElement":[{"@type":"ListItem","position":1,"name":"Home","item":"https:\/\/www.healthy-heart.org\/ro\/"},{"@type":"ListItem","position":2,"name":"Healthy-Heart.org"}]},{"@type":"WebSite","@id":"https:\/\/www.healthy-heart.org\/es\/#website","url":"https:\/\/www.healthy-heart.org\/es\/","name":"Healthy-Heart.org","description":"Practical advice for patients and family care givers on the prevention of cardiovascular disease","potentialAction":[{"@type":"SearchAction","target":{"@type":"EntryPoint","urlTemplate":"https:\/\/www.healthy-heart.org\/es\/?s={search_term_string}"},"query-input":{"@type":"PropertyValueSpecification","valueRequired":true,"valueName":"search_term_string"}}],"inLanguage":"ro-RO"}]}},"_links":{"self":[{"href":"https:\/\/www.healthy-heart.org\/ro\/wp-json\/wp\/v2\/pages\/1538","targetHints":{"allow":["GET"]}}],"collection":[{"href":"https:\/\/www.healthy-heart.org\/ro\/wp-json\/wp\/v2\/pages"}],"about":[{"href":"https:\/\/www.healthy-heart.org\/ro\/wp-json\/wp\/v2\/types\/page"}],"author":[{"embeddable":true,"href":"https:\/\/www.healthy-heart.org\/ro\/wp-json\/wp\/v2\/users\/1"}],"replies":[{"embeddable":true,"href":"https:\/\/www.healthy-heart.org\/ro\/wp-json\/wp\/v2\/comments?post=1538"}],"version-history":[{"count":29,"href":"https:\/\/www.healthy-heart.org\/ro\/wp-json\/wp\/v2\/pages\/1538\/revisions"}],"predecessor-version":[{"id":7763,"href":"https:\/\/www.healthy-heart.org\/ro\/wp-json\/wp\/v2\/pages\/1538\/revisions\/7763"}],"wp:featuredmedia":[{"embeddable":true,"href":"https:\/\/www.healthy-heart.org\/ro\/wp-json\/wp\/v2\/media\/5966"}],"wp:attachment":[{"href":"https:\/\/www.healthy-heart.org\/ro\/wp-json\/wp\/v2\/media?parent=1538"}],"wp:term":[{"taxonomy":"category","embeddable":true,"href":"https:\/\/www.healthy-heart.org\/ro\/wp-json\/wp\/v2\/categories?post=1538"},{"taxonomy":"post_tag","embeddable":true,"href":"https:\/\/www.healthy-heart.org\/ro\/wp-json\/wp\/v2\/tags?post=1538"}],"curies":[{"name":"wp","href":"https:\/\/api.w.org\/{rel}","templated":true}]}}