{"id":1391,"date":"2019-10-07T17:44:46","date_gmt":"2019-10-07T16:44:46","guid":{"rendered":"https:\/\/www.healthy-heart.org\/politica-de-confidentialitate\/"},"modified":"2022-01-18T11:12:08","modified_gmt":"2022-01-18T11:12:08","slug":"politica-de-confidentialitate","status":"publish","type":"page","link":"https:\/\/www.healthy-heart.org\/ro\/politica-de-confidentialitate\/","title":{"rendered":"Politica de confiden\u021bialitate"},"content":{"rendered":"<p>V\u0103 rug\u0103m s\u0103 citi\u021bi urm\u0103toarea politic\u0103 pentru a \u00een\u021belege modul \u00een care vor fi tratate aceste informa\u021bii. Aceast\u0103 politic\u0103 poate fi modificat\u0103 ocazional, prin urmare v\u0103 rug\u0103m s\u0103 o verifica\u021bi periodic.<\/p>\n<h3>Ce informa\u021bii colecteaz\u0103 ESC?<\/h3>\n<p>ESC colecteaz\u0103 urm\u0103toarele informa\u021bii cu privire la vizitatorii site-ului nostru web: ce pagini sunt accesate \u0219i c\u00e2nd, informa\u021bii oferite voluntar de dvs. (cum ar fi informa\u021biile din sondaj).<\/p>\n<h3>Cum utilizeaz\u0103 ESC aceste informa\u021bii?<\/h3>\n<p>Utiliz\u0103m informa\u021biile colectate pentru a ne ajuta s\u0103 \u00een\u021belegem mai multe despre modul \u00een care este utilizat site-ul nostru \u0219i pentru a aduce \u00eembun\u0103t\u0103\u021biri site-ului \u00een conformitate cu aceste informa\u021bii.<\/p>\n<p>ESC poate pune ocazional la dispozi\u0163ia ter\u0163ilor informa\u0163ii anonime (cum ar fi rezultatele sondajelor).<\/p>\n<p> Ce m\u0103suri de securitate sunt luate pentru a proteja pierderea, utilizarea necorespunz\u0103toare sau modificarea informa\u021biilor? Din p\u0103cate, nicio transmitere de date prin internet nu poate fi garantat\u0103 100%. ESC nu poate asigura sau garanta securitatea informa\u021biilor pe care ni le transmite\u021bi, \u0219i face\u021bi acest lucru pe propriul risc. Odat\u0103 ce primim datele, depunem toate eforturile pentru a asigura securitatea acestora \u00een sistemele noastre. <\/p>\n<h3>Utilizarea modulelor cookie<\/h3>\n<p> Modulele cookie sunt informa\u021bii pe care un site web le transfer\u0103 pe hard disk-ul computerului dvs. \u00een scopuri de p\u0103strare a eviden\u021belor. Acestea sunt fi\u0219iere text mici pe care un site web le poate utiliza pentru a recunoa\u0219te utilizatorii repeta\u021bi \u0219i pentru a le facilita accesul permanent la site \u0219i utilizarea acestuia. Acestea nu reprezint\u0103 o amenin\u021bare pentru sistemul sau fi\u0219ierele dvs. Utilizarea cookie-urilor este un standard \u00een industrie \u0219i multe site-uri web le utilizeaz\u0103 pentru a oferi func\u021bii utile. Cookie-urile \u00een sine nu identific\u0103 personal utilizatorii, de\u0219i identific\u0103 un computer. Majoritatea browserelor sunt setate din start s\u0103 accepte module cookie. Pute\u021bi seta computerul s\u0103 resping\u0103 modulele cookie. <\/p>\n<p>Societatea European\u0103 de Cardiologie este o asocia\u021bie nonprofit \u00eenfiin\u021bat\u0103 conform Legii franceze din 1901 \u0219i este axat\u0103 pe prevenirea, diagnosticarea \u0219i gestionarea bolilor inimii \u0219i vaselor de s\u00e2nge.\n<\/p>\n<p><!-- OneTrust Cookies Settings button start --><br \/>\n<button id=\"ot-sdk-btn\" class=\"ot-sdk-show-settings\">Cookie Settings<\/button><br \/>\n<!-- OneTrust Cookies Settings button end --><\/p>\n<p><!-- OneTrust Cookies List start --><\/p>\n<div id=\"ot-sdk-cookie-policy\"><\/div>\n<p><!-- OneTrust Cookies List end --><\/p>\n","protected":false},"excerpt":{"rendered":"<p>V\u0103 rug\u0103m s\u0103 citi\u021bi urm\u0103toarea politic\u0103 pentru a \u00een\u021belege modul \u00een care vor fi tratate aceste informa\u021bii. Aceast\u0103 politic\u0103 poate fi modificat\u0103 ocazional, prin urmare v\u0103 rug\u0103m s\u0103 o verifica\u021bi periodic. Ce informa\u021bii colecteaz\u0103 ESC? ESC colecteaz\u0103 urm\u0103toarele informa\u021bii cu privire la vizitatorii site-ului nostru web: ce pagini sunt accesate \u0219i c\u00e2nd, informa\u021bii oferite voluntar [&hellip;]<\/p>\n","protected":false},"author":1,"featured_media":0,"parent":0,"menu_order":0,"comment_status":"closed","ping_status":"open","template":"templates\/full.php","meta":{"_acf_changed":false,"footnotes":""},"categories":[],"tags":[],"class_list":["post-1391","page","type-page","status-publish","hentry"],"acf":[],"yoast_head":"<!-- This site is optimized with the Yoast SEO plugin v24.0 - https:\/\/yoast.com\/wordpress\/plugins\/seo\/ -->\n<title>Politica de confiden\u021bialitate - Healthy-Heart.org<\/title>\n<meta name=\"description\" content=\"Healthy-Heart colecteaz\u0103 urm\u0103toarele informa\u021bii cu privire la vizitatorii site-ului nostru web: ce pagini sunt accesate \u0219i c\u00e2nd, informa\u021bii oferite voluntar de dvs. (cum ar fi informa\u021biile din sondaj).\" \/>\n<meta name=\"robots\" content=\"index, follow, max-snippet:-1, max-image-preview:large, max-video-preview:-1\" \/>\n<link rel=\"canonical\" href=\"https:\/\/www.healthy-heart.org\/ro\/politica-de-confidentialitate\/\" \/>\n<meta property=\"og:locale\" content=\"ro_RO\" \/>\n<meta property=\"og:type\" content=\"article\" \/>\n<meta property=\"og:title\" content=\"Politica de confiden\u021bialitate - Healthy-Heart.org\" \/>\n<meta property=\"og:description\" content=\"Healthy-Heart colecteaz\u0103 urm\u0103toarele informa\u021bii cu privire la vizitatorii site-ului nostru web: ce pagini sunt accesate \u0219i c\u00e2nd, informa\u021bii oferite voluntar de dvs. (cum ar fi informa\u021biile din sondaj).\" \/>\n<meta property=\"og:url\" content=\"https:\/\/www.healthy-heart.org\/ro\/politica-de-confidentialitate\/\" \/>\n<meta property=\"og:site_name\" content=\"Healthy-Heart.org\" \/>\n<meta property=\"article:modified_time\" content=\"2022-01-18T11:12:08+00:00\" \/>\n<meta name=\"twitter:card\" content=\"summary_large_image\" \/>\n<meta name=\"twitter:label1\" content=\"Timp estimat pentru citire\" \/>\n\t<meta name=\"twitter:data1\" content=\"2 minute\" \/>\n<script type=\"application\/ld+json\" class=\"yoast-schema-graph\">{\"@context\":\"https:\/\/schema.org\",\"@graph\":[{\"@type\":\"WebPage\",\"@id\":\"https:\/\/www.healthy-heart.org\/ro\/politica-de-confidentialitate\/\",\"url\":\"https:\/\/www.healthy-heart.org\/ro\/politica-de-confidentialitate\/\",\"name\":\"Politica de confiden\u021bialitate - Healthy-Heart.org\",\"isPartOf\":{\"@id\":\"https:\/\/www.healthy-heart.org\/es\/#website\"},\"datePublished\":\"2019-10-07T16:44:46+00:00\",\"dateModified\":\"2022-01-18T11:12:08+00:00\",\"description\":\"Healthy-Heart colecteaz\u0103 urm\u0103toarele informa\u021bii cu privire la vizitatorii site-ului nostru web: ce pagini sunt accesate \u0219i c\u00e2nd, informa\u021bii oferite voluntar de dvs. (cum ar fi informa\u021biile din sondaj).\",\"breadcrumb\":{\"@id\":\"https:\/\/www.healthy-heart.org\/ro\/politica-de-confidentialitate\/#breadcrumb\"},\"inLanguage\":\"ro-RO\",\"potentialAction\":[{\"@type\":\"ReadAction\",\"target\":[\"https:\/\/www.healthy-heart.org\/ro\/politica-de-confidentialitate\/\"]}]},{\"@type\":\"BreadcrumbList\",\"@id\":\"https:\/\/www.healthy-heart.org\/ro\/politica-de-confidentialitate\/#breadcrumb\",\"itemListElement\":[{\"@type\":\"ListItem\",\"position\":1,\"name\":\"Home\",\"item\":\"https:\/\/www.healthy-heart.org\/ro\/\"},{\"@type\":\"ListItem\",\"position\":2,\"name\":\"Politica de confiden\u021bialitate\"}]},{\"@type\":\"WebSite\",\"@id\":\"https:\/\/www.healthy-heart.org\/es\/#website\",\"url\":\"https:\/\/www.healthy-heart.org\/es\/\",\"name\":\"Healthy-Heart.org\",\"description\":\"Practical advice for patients and family care givers on the prevention of cardiovascular disease\",\"potentialAction\":[{\"@type\":\"SearchAction\",\"target\":{\"@type\":\"EntryPoint\",\"urlTemplate\":\"https:\/\/www.healthy-heart.org\/es\/?s={search_term_string}\"},\"query-input\":{\"@type\":\"PropertyValueSpecification\",\"valueRequired\":true,\"valueName\":\"search_term_string\"}}],\"inLanguage\":\"ro-RO\"}]}<\/script>\n<!-- \/ Yoast SEO plugin. -->","yoast_head_json":{"title":"Politica de confiden\u021bialitate - Healthy-Heart.org","description":"Healthy-Heart colecteaz\u0103 urm\u0103toarele informa\u021bii cu privire la vizitatorii site-ului nostru web: ce pagini sunt accesate \u0219i c\u00e2nd, informa\u021bii oferite voluntar de dvs. (cum ar fi informa\u021biile din sondaj).","robots":{"index":"index","follow":"follow","max-snippet":"max-snippet:-1","max-image-preview":"max-image-preview:large","max-video-preview":"max-video-preview:-1"},"canonical":"https:\/\/www.healthy-heart.org\/ro\/politica-de-confidentialitate\/","og_locale":"ro_RO","og_type":"article","og_title":"Politica de confiden\u021bialitate - Healthy-Heart.org","og_description":"Healthy-Heart colecteaz\u0103 urm\u0103toarele informa\u021bii cu privire la vizitatorii site-ului nostru web: ce pagini sunt accesate \u0219i c\u00e2nd, informa\u021bii oferite voluntar de dvs. (cum ar fi informa\u021biile din sondaj).","og_url":"https:\/\/www.healthy-heart.org\/ro\/politica-de-confidentialitate\/","og_site_name":"Healthy-Heart.org","article_modified_time":"2022-01-18T11:12:08+00:00","twitter_card":"summary_large_image","twitter_misc":{"Timp estimat pentru citire":"2 minute"},"schema":{"@context":"https:\/\/schema.org","@graph":[{"@type":"WebPage","@id":"https:\/\/www.healthy-heart.org\/ro\/politica-de-confidentialitate\/","url":"https:\/\/www.healthy-heart.org\/ro\/politica-de-confidentialitate\/","name":"Politica de confiden\u021bialitate - Healthy-Heart.org","isPartOf":{"@id":"https:\/\/www.healthy-heart.org\/es\/#website"},"datePublished":"2019-10-07T16:44:46+00:00","dateModified":"2022-01-18T11:12:08+00:00","description":"Healthy-Heart colecteaz\u0103 urm\u0103toarele informa\u021bii cu privire la vizitatorii site-ului nostru web: ce pagini sunt accesate \u0219i c\u00e2nd, informa\u021bii oferite voluntar de dvs. (cum ar fi informa\u021biile din sondaj).","breadcrumb":{"@id":"https:\/\/www.healthy-heart.org\/ro\/politica-de-confidentialitate\/#breadcrumb"},"inLanguage":"ro-RO","potentialAction":[{"@type":"ReadAction","target":["https:\/\/www.healthy-heart.org\/ro\/politica-de-confidentialitate\/"]}]},{"@type":"BreadcrumbList","@id":"https:\/\/www.healthy-heart.org\/ro\/politica-de-confidentialitate\/#breadcrumb","itemListElement":[{"@type":"ListItem","position":1,"name":"Home","item":"https:\/\/www.healthy-heart.org\/ro\/"},{"@type":"ListItem","position":2,"name":"Politica de confiden\u021bialitate"}]},{"@type":"WebSite","@id":"https:\/\/www.healthy-heart.org\/es\/#website","url":"https:\/\/www.healthy-heart.org\/es\/","name":"Healthy-Heart.org","description":"Practical advice for patients and family care givers on the prevention of cardiovascular disease","potentialAction":[{"@type":"SearchAction","target":{"@type":"EntryPoint","urlTemplate":"https:\/\/www.healthy-heart.org\/es\/?s={search_term_string}"},"query-input":{"@type":"PropertyValueSpecification","valueRequired":true,"valueName":"search_term_string"}}],"inLanguage":"ro-RO"}]}},"_links":{"self":[{"href":"https:\/\/www.healthy-heart.org\/ro\/wp-json\/wp\/v2\/pages\/1391","targetHints":{"allow":["GET"]}}],"collection":[{"href":"https:\/\/www.healthy-heart.org\/ro\/wp-json\/wp\/v2\/pages"}],"about":[{"href":"https:\/\/www.healthy-heart.org\/ro\/wp-json\/wp\/v2\/types\/page"}],"author":[{"embeddable":true,"href":"https:\/\/www.healthy-heart.org\/ro\/wp-json\/wp\/v2\/users\/1"}],"replies":[{"embeddable":true,"href":"https:\/\/www.healthy-heart.org\/ro\/wp-json\/wp\/v2\/comments?post=1391"}],"version-history":[{"count":3,"href":"https:\/\/www.healthy-heart.org\/ro\/wp-json\/wp\/v2\/pages\/1391\/revisions"}],"predecessor-version":[{"id":5911,"href":"https:\/\/www.healthy-heart.org\/ro\/wp-json\/wp\/v2\/pages\/1391\/revisions\/5911"}],"wp:attachment":[{"href":"https:\/\/www.healthy-heart.org\/ro\/wp-json\/wp\/v2\/media?parent=1391"}],"wp:term":[{"taxonomy":"category","embeddable":true,"href":"https:\/\/www.healthy-heart.org\/ro\/wp-json\/wp\/v2\/categories?post=1391"},{"taxonomy":"post_tag","embeddable":true,"href":"https:\/\/www.healthy-heart.org\/ro\/wp-json\/wp\/v2\/tags?post=1391"}],"curies":[{"name":"wp","href":"https:\/\/api.w.org\/{rel}","templated":true}]}}