{"id":7097,"date":"2024-01-15T12:15:37","date_gmt":"2024-01-15T12:15:37","guid":{"rendered":"https:\/\/www.healthy-heart.org\/sitemap\/"},"modified":"2024-01-15T12:25:39","modified_gmt":"2024-01-15T12:25:39","slug":"sitemap","status":"publish","type":"page","link":"https:\/\/www.healthy-heart.org\/pt\/sitemap\/","title":{"rendered":"Sitemap"},"content":{"rendered":"<div id=\"simple-sitemap-container-69f056ecdb966\" class=\"simple-sitemap-container simple-sitemap-container-69f056ecdb966 tab-disabled\"><div class=\"simple-sitemap-wrap\"><h3 class=\"post-type\">P\u00e1ginas<\/h3><ul class=\"simple-sitemap-page main\"><li class=\"sitemap-item page_item page-item-2315\"><a href=\"https:\/\/www.healthy-heart.org\/pt\/agradecimentos-aos-autores\/\">Agradecimentos aos autores<\/a><\/li>\n<li class=\"sitemap-item page_item page-item-2338\"><a href=\"https:\/\/www.healthy-heart.org\/pt\/contacte-nos\/\">Contacte-nos<\/a><\/li>\n<li class=\"sitemap-item page_item page-item-2326\"><a href=\"https:\/\/www.healthy-heart.org\/pt\/financiamento\/\">Financiamento<\/a><\/li>\n<li class=\"sitemap-item page_item page-item-2271\"><a href=\"https:\/\/www.healthy-heart.org\/pt\/\">Healthy-Heart.org<\/a><\/li>\n<li class=\"sitemap-item page_item page-item-2330\"><a href=\"https:\/\/www.healthy-heart.org\/pt\/hiperligacoes-uteis\/\">Hiperliga\u00e7\u00f5es \u00fateis<\/a><\/li>\n<li class=\"sitemap-item page_item page-item-2237 page_item_has_children\"><a href=\"https:\/\/www.healthy-heart.org\/pt\/mantenha-o-seu-coracao-saudavel\/\">Mantenha o seu cora\u00e7\u00e3o saud\u00e1vel<\/a>\n<ul class='children'>\n\t<li class=\"sitemap-item page_item page-item-2248\"><a href=\"https:\/\/www.healthy-heart.org\/pt\/mantenha-o-seu-coracao-saudavel\/pressao-arterial\/\">Press\u00e3o arterial<\/a><\/li>\n\t<li class=\"sitemap-item page_item page-item-2266\"><a href=\"https:\/\/www.healthy-heart.org\/pt\/mantenha-o-seu-coracao-saudavel\/colesterol\/\">Colesterol<\/a><\/li>\n\t<li class=\"sitemap-item page_item page-item-2275\"><a href=\"https:\/\/www.healthy-heart.org\/pt\/mantenha-o-seu-coracao-saudavel\/diabetes\/\">Diabetes<\/a><\/li>\n\t<li class=\"sitemap-item page_item page-item-2291\"><a href=\"https:\/\/www.healthy-heart.org\/pt\/mantenha-o-seu-coracao-saudavel\/manter-um-peso-saudavel\/\">Manter um peso saud\u00e1vel<\/a><\/li>\n\t<li class=\"sitemap-item page_item page-item-2238\"><a href=\"https:\/\/www.healthy-heart.org\/pt\/mantenha-o-seu-coracao-saudavel\/alimentacao-amiga-do-coracao\/\">Alimenta\u00e7\u00e3o amiga do cora\u00e7\u00e3o<\/a><\/li>\n\t<li class=\"sitemap-item page_item page-item-2249\"><a href=\"https:\/\/www.healthy-heart.org\/pt\/mantenha-o-seu-coracao-saudavel\/stress-e-sono\/\">Stress e sono<\/a><\/li>\n\t<li class=\"sitemap-item page_item page-item-2265\"><a href=\"https:\/\/www.healthy-heart.org\/pt\/mantenha-o-seu-coracao-saudavel\/tabagismo\/\">Tabagismo<\/a><\/li>\n\t<li class=\"sitemap-item page_item page-item-2273\"><a href=\"https:\/\/www.healthy-heart.org\/pt\/mantenha-o-seu-coracao-saudavel\/atividade-fisica\/\">Atividade f\u00edsica<\/a><\/li>\n\t<li class=\"sitemap-item page_item page-item-2290\"><a href=\"https:\/\/www.healthy-heart.org\/pt\/mantenha-o-seu-coracao-saudavel\/historia-familiar-de-doenca-cardiaca\/\">Hist\u00f3ria familiar de doen\u00e7a card\u00edaca<\/a><\/li>\n\t<li class=\"sitemap-item page_item page-item-2239\"><a href=\"https:\/\/www.healthy-heart.org\/pt\/mantenha-o-seu-coracao-saudavel\/diferencas-entre-homens-e-mulheres\/\">Doen\u00e7as cardiovasculares nas mulheres<\/a><\/li>\n\t<li class=\"sitemap-item page_item page-item-2250\"><a href=\"https:\/\/www.healthy-heart.org\/pt\/mantenha-o-seu-coracao-saudavel\/previsao-e-gestao-do-risco-de-doenca-cardiaca\/\">Previs\u00e3o e gest\u00e3o do risco de doen\u00e7a card\u00edaca<\/a><\/li>\n\t<li class=\"sitemap-item page_item page-item-2272\"><a href=\"https:\/\/www.healthy-heart.org\/pt\/mantenha-o-seu-coracao-saudavel\/assuma-o-controlo-do-seu-estilo-de-vida\/\">Assuma o controlo do seu estilo de vida<\/a><\/li>\n\t<li class=\"sitemap-item page_item page-item-2289\"><a href=\"https:\/\/www.healthy-heart.org\/pt\/mantenha-o-seu-coracao-saudavel\/manter-habitos-saudaveis\/\">Manter h\u00e1bitos saud\u00e1veis<\/a><\/li>\n<\/ul>\n<\/li>\n<li class=\"sitemap-item page_item page-item-2314 page_item_has_children\"><a href=\"https:\/\/www.healthy-heart.org\/pt\/o-seu-coracao\/\">O seu cora\u00e7\u00e3o<\/a>\n<ul class='children'>\n\t<li class=\"sitemap-item page_item page-item-2240\"><a href=\"https:\/\/www.healthy-heart.org\/pt\/o-seu-coracao\/como-funciona-o-coracao\/\">Como funciona o cora\u00e7\u00e3o?<\/a><\/li>\n\t<li class=\"sitemap-item page_item page-item-2255\"><a href=\"https:\/\/www.healthy-heart.org\/pt\/o-seu-coracao\/o-que-e-a-doenca-cardiaca\/\">O que \u00e9 a doen\u00e7a card\u00edaca?<\/a><\/li>\n\t<li class=\"sitemap-item page_item page-item-2270\"><a href=\"https:\/\/www.healthy-heart.org\/pt\/o-seu-coracao\/sinais-de-alerta-e-sintomas\/\">Sinais de alerta e sintomas<\/a><\/li>\n\t<li class=\"sitemap-item page_item page-item-2293\"><a href=\"https:\/\/www.healthy-heart.org\/pt\/o-seu-coracao\/como-realizar-rcp-ressuscitacao-cardiopulmonar\/\">Como realizar RCP (ressuscita\u00e7\u00e3o cardiopulmonar)<\/a><\/li>\n\t<li class=\"sitemap-item page_item page-item-2302\"><a href=\"https:\/\/www.healthy-heart.org\/pt\/o-seu-coracao\/incentivar-um-estilo-de-vida-saudavel\/\">Incentivar um estilo de vida saud\u00e1vel<\/a><\/li>\n<\/ul>\n<\/li>\n<li class=\"sitemap-item page_item page-item-2329\"><a href=\"https:\/\/www.healthy-heart.org\/pt\/perguntas-frequentes-faq\/\">Perguntas frequentes (FAQ)<\/a><\/li>\n<li class=\"sitemap-item page_item page-item-2241\"><a href=\"https:\/\/www.healthy-heart.org\/pt\/politica-de-privacidade\/\">Pol\u00edtica de Privacidade<\/a><\/li>\n<li class=\"sitemap-item page_item page-item-7097\"><a href=\"https:\/\/www.healthy-heart.org\/pt\/sitemap\/\">Sitemap<\/a><\/li>\n<li class=\"sitemap-item page_item page-item-2323\"><a href=\"https:\/\/www.healthy-heart.org\/pt\/sobre-a-esc\/\">Sobre a ESC<\/a><\/li>\n<li class=\"sitemap-item page_item page-item-2335\"><a href=\"https:\/\/www.healthy-heart.org\/pt\/termos-de-utilizacao\/\">Termos de utiliza\u00e7\u00e3o<\/a><\/li>\n<li class=\"sitemap-item page_item page-item-2299 page_item_has_children\"><a href=\"https:\/\/www.healthy-heart.org\/pt\/viver-com-doenca-cardiaca\/\">Viver com doen\u00e7a card\u00edaca<\/a>\n<ul class='children'>\n\t<li class=\"sitemap-item page_item page-item-2300\"><a href=\"https:\/\/www.healthy-heart.org\/pt\/viver-com-doenca-cardiaca\/melhore-a-doenca-cardiaca\/\">Melhore a doen\u00e7a card\u00edaca<\/a><\/li>\n\t<li class=\"sitemap-item page_item page-item-2312\"><a href=\"https:\/\/www.healthy-heart.org\/pt\/viver-com-doenca-cardiaca\/tipos-de-medicacao\/\">Tipos de medica\u00e7\u00e3o<\/a><\/li>\n\t<li class=\"sitemap-item page_item page-item-2322\"><a href=\"https:\/\/www.healthy-heart.org\/pt\/viver-com-doenca-cardiaca\/exercicio-fisico\/\">Exerc\u00edcio f\u00edsico<\/a><\/li>\n\t<li class=\"sitemap-item page_item page-item-2336\"><a href=\"https:\/\/www.healthy-heart.org\/pt\/viver-com-doenca-cardiaca\/ansiedade-e-depressao\/\">Ansiedade e depress\u00e3o<\/a><\/li>\n\t<li class=\"sitemap-item page_item page-item-2301\"><a href=\"https:\/\/www.healthy-heart.org\/pt\/viver-com-doenca-cardiaca\/conduzir-apos-um-ataque-cardiaco\/\">Conduzir ap\u00f3s um ataque card\u00edaco<\/a><\/li>\n\t<li class=\"sitemap-item page_item page-item-2313\"><a href=\"https:\/\/www.healthy-heart.org\/pt\/viver-com-doenca-cardiaca\/viajar-apos-um-ataque-cardiaco\/\">Viajar ap\u00f3s um ataque card\u00edaco<\/a><\/li>\n\t<li class=\"sitemap-item page_item page-item-2321\"><a href=\"https:\/\/www.healthy-heart.org\/pt\/viver-com-doenca-cardiaca\/regressar-ao-trabalho-apos-um-ataque-cardiaco\/\">Regressar ao trabalho ap\u00f3s um ataque card\u00edaco<\/a><\/li>\n\t<li class=\"sitemap-item page_item page-item-2327\"><a href=\"https:\/\/www.healthy-heart.org\/pt\/viver-com-doenca-cardiaca\/apoio-familiar\/\">Apoio familiar<\/a><\/li>\n\t<li class=\"sitemap-item page_item page-item-2334\"><a href=\"https:\/\/www.healthy-heart.org\/pt\/viver-com-doenca-cardiaca\/sexo-e-doenca-cardiaca\/\">Sexo e doen\u00e7a card\u00edaca<\/a><\/li>\n\t<li class=\"sitemap-item page_item page-item-2328\"><a href=\"https:\/\/www.healthy-heart.org\/pt\/viver-com-doenca-cardiaca\/fatores-de-risco-para-um-segundo-ataque-cardiaco\/\">Fatores de risco para um segundo ataque card\u00edaco<\/a><\/li>\n\t<li class=\"sitemap-item page_item page-item-2310\"><a href=\"https:\/\/www.healthy-heart.org\/pt\/viver-com-doenca-cardiaca\/calcular-o-risco-residual-apos-um-ataque-cardiaco\/\">Calcular o risco residual ap\u00f3s um ataque card\u00edaco<\/a><\/li>\n\t<li class=\"sitemap-item page_item page-item-2319\"><a href=\"https:\/\/www.healthy-heart.org\/pt\/viver-com-doenca-cardiaca\/o-que-devo-perguntar-ao-meu-cardiologista\/\">O que devo perguntar ao meu cardiologista?<\/a><\/li>\n<\/ul>\n<\/li>\n<\/ul><\/div><\/div><br style=\"clear: both;\">\n","protected":false},"excerpt":{"rendered":"","protected":false},"author":2,"featured_media":0,"parent":0,"menu_order":0,"comment_status":"closed","ping_status":"closed","template":"","meta":{"_acf_changed":false,"footnotes":""},"categories":[],"tags":[],"class_list":["post-7097","page","type-page","status-publish","hentry"],"acf":[],"yoast_head":"<!-- This site is optimized with the Yoast SEO plugin v24.0 - https:\/\/yoast.com\/wordpress\/plugins\/seo\/ -->\n<title>Sitemap - Healthy-Heart.org<\/title>\n<meta name=\"robots\" content=\"index, follow, max-snippet:-1, max-image-preview:large, max-video-preview:-1\" \/>\n<link rel=\"canonical\" href=\"https:\/\/www.healthy-heart.org\/pt\/sitemap\/\" \/>\n<meta property=\"og:locale\" content=\"pt_PT\" \/>\n<meta property=\"og:type\" content=\"article\" \/>\n<meta property=\"og:title\" content=\"Sitemap - Healthy-Heart.org\" \/>\n<meta property=\"og:url\" content=\"https:\/\/www.healthy-heart.org\/pt\/sitemap\/\" \/>\n<meta property=\"og:site_name\" content=\"Healthy-Heart.org\" \/>\n<meta property=\"article:modified_time\" content=\"2024-01-15T12:25:39+00:00\" \/>\n<meta name=\"twitter:card\" content=\"summary_large_image\" \/>\n<meta name=\"twitter:label1\" content=\"Tempo estimado de leitura\" \/>\n\t<meta name=\"twitter:data1\" content=\"1 minuto\" \/>\n<script type=\"application\/ld+json\" class=\"yoast-schema-graph\">{\"@context\":\"https:\/\/schema.org\",\"@graph\":[{\"@type\":\"WebPage\",\"@id\":\"https:\/\/www.healthy-heart.org\/pt\/sitemap\/\",\"url\":\"https:\/\/www.healthy-heart.org\/pt\/sitemap\/\",\"name\":\"Sitemap - Healthy-Heart.org\",\"isPartOf\":{\"@id\":\"https:\/\/www.healthy-heart.org\/es\/#website\"},\"datePublished\":\"2024-01-15T12:15:37+00:00\",\"dateModified\":\"2024-01-15T12:25:39+00:00\",\"breadcrumb\":{\"@id\":\"https:\/\/www.healthy-heart.org\/pt\/sitemap\/#breadcrumb\"},\"inLanguage\":\"pt-PT\",\"potentialAction\":[{\"@type\":\"ReadAction\",\"target\":[\"https:\/\/www.healthy-heart.org\/pt\/sitemap\/\"]}]},{\"@type\":\"BreadcrumbList\",\"@id\":\"https:\/\/www.healthy-heart.org\/pt\/sitemap\/#breadcrumb\",\"itemListElement\":[{\"@type\":\"ListItem\",\"position\":1,\"name\":\"Home\",\"item\":\"https:\/\/www.healthy-heart.org\/pt\/\"},{\"@type\":\"ListItem\",\"position\":2,\"name\":\"Sitemap\"}]},{\"@type\":\"WebSite\",\"@id\":\"https:\/\/www.healthy-heart.org\/es\/#website\",\"url\":\"https:\/\/www.healthy-heart.org\/es\/\",\"name\":\"Healthy-Heart.org\",\"description\":\"Practical advice for patients and family care givers on the prevention of cardiovascular disease\",\"potentialAction\":[{\"@type\":\"SearchAction\",\"target\":{\"@type\":\"EntryPoint\",\"urlTemplate\":\"https:\/\/www.healthy-heart.org\/es\/?s={search_term_string}\"},\"query-input\":{\"@type\":\"PropertyValueSpecification\",\"valueRequired\":true,\"valueName\":\"search_term_string\"}}],\"inLanguage\":\"pt-PT\"}]}<\/script>\n<!-- \/ Yoast SEO plugin. -->","yoast_head_json":{"title":"Sitemap - Healthy-Heart.org","robots":{"index":"index","follow":"follow","max-snippet":"max-snippet:-1","max-image-preview":"max-image-preview:large","max-video-preview":"max-video-preview:-1"},"canonical":"https:\/\/www.healthy-heart.org\/pt\/sitemap\/","og_locale":"pt_PT","og_type":"article","og_title":"Sitemap - Healthy-Heart.org","og_url":"https:\/\/www.healthy-heart.org\/pt\/sitemap\/","og_site_name":"Healthy-Heart.org","article_modified_time":"2024-01-15T12:25:39+00:00","twitter_card":"summary_large_image","twitter_misc":{"Tempo estimado de leitura":"1 minuto"},"schema":{"@context":"https:\/\/schema.org","@graph":[{"@type":"WebPage","@id":"https:\/\/www.healthy-heart.org\/pt\/sitemap\/","url":"https:\/\/www.healthy-heart.org\/pt\/sitemap\/","name":"Sitemap - Healthy-Heart.org","isPartOf":{"@id":"https:\/\/www.healthy-heart.org\/es\/#website"},"datePublished":"2024-01-15T12:15:37+00:00","dateModified":"2024-01-15T12:25:39+00:00","breadcrumb":{"@id":"https:\/\/www.healthy-heart.org\/pt\/sitemap\/#breadcrumb"},"inLanguage":"pt-PT","potentialAction":[{"@type":"ReadAction","target":["https:\/\/www.healthy-heart.org\/pt\/sitemap\/"]}]},{"@type":"BreadcrumbList","@id":"https:\/\/www.healthy-heart.org\/pt\/sitemap\/#breadcrumb","itemListElement":[{"@type":"ListItem","position":1,"name":"Home","item":"https:\/\/www.healthy-heart.org\/pt\/"},{"@type":"ListItem","position":2,"name":"Sitemap"}]},{"@type":"WebSite","@id":"https:\/\/www.healthy-heart.org\/es\/#website","url":"https:\/\/www.healthy-heart.org\/es\/","name":"Healthy-Heart.org","description":"Practical advice for patients and family care givers on the prevention of cardiovascular disease","potentialAction":[{"@type":"SearchAction","target":{"@type":"EntryPoint","urlTemplate":"https:\/\/www.healthy-heart.org\/es\/?s={search_term_string}"},"query-input":{"@type":"PropertyValueSpecification","valueRequired":true,"valueName":"search_term_string"}}],"inLanguage":"pt-PT"}]}},"_links":{"self":[{"href":"https:\/\/www.healthy-heart.org\/pt\/wp-json\/wp\/v2\/pages\/7097","targetHints":{"allow":["GET"]}}],"collection":[{"href":"https:\/\/www.healthy-heart.org\/pt\/wp-json\/wp\/v2\/pages"}],"about":[{"href":"https:\/\/www.healthy-heart.org\/pt\/wp-json\/wp\/v2\/types\/page"}],"author":[{"embeddable":true,"href":"https:\/\/www.healthy-heart.org\/pt\/wp-json\/wp\/v2\/users\/2"}],"replies":[{"embeddable":true,"href":"https:\/\/www.healthy-heart.org\/pt\/wp-json\/wp\/v2\/comments?post=7097"}],"version-history":[{"count":1,"href":"https:\/\/www.healthy-heart.org\/pt\/wp-json\/wp\/v2\/pages\/7097\/revisions"}],"predecessor-version":[{"id":7109,"href":"https:\/\/www.healthy-heart.org\/pt\/wp-json\/wp\/v2\/pages\/7097\/revisions\/7109"}],"wp:attachment":[{"href":"https:\/\/www.healthy-heart.org\/pt\/wp-json\/wp\/v2\/media?parent=7097"}],"wp:term":[{"taxonomy":"category","embeddable":true,"href":"https:\/\/www.healthy-heart.org\/pt\/wp-json\/wp\/v2\/categories?post=7097"},{"taxonomy":"post_tag","embeddable":true,"href":"https:\/\/www.healthy-heart.org\/pt\/wp-json\/wp\/v2\/tags?post=7097"}],"curies":[{"name":"wp","href":"https:\/\/api.w.org\/{rel}","templated":true}]}}