{"id":2336,"date":"2019-10-08T11:33:34","date_gmt":"2019-10-08T10:33:34","guid":{"rendered":"https:\/\/www.healthy-heart.org\/viver-com-doenca-cardiaca\/ansiedade-e-depressao\/"},"modified":"2020-09-25T16:54:51","modified_gmt":"2020-09-25T15:54:51","slug":"ansiedade-e-depressao","status":"publish","type":"page","link":"https:\/\/www.healthy-heart.org\/pt\/viver-com-doenca-cardiaca\/ansiedade-e-depressao\/","title":{"rendered":"Ansiedade e depress\u00e3o"},"content":{"rendered":"<p><img loading=\"lazy\" decoding=\"async\" class=\"alignright size-medium wp-image-515\" src=\"https:\/\/cdn-endpoint-prev.azureedge.net\/healthy-heart\/2019\/07\/iStock-955079812-350x233.jpg\" alt=\"\" width=\"350\" height=\"233\" srcset=\"https:\/\/www.healthy-heart.org\/wp-content\/uploads\/2019\/07\/iStock-955079812-350x233.jpg 350w, https:\/\/cdn-endpoint-prev.azureedge.net\/healthy-heart\/2019\/07\/iStock-955079812-2048x1365.jpg 2048w, https:\/\/cdn-endpoint-prev.azureedge.net\/healthy-heart\/2019\/07\/iStock-955079812-659x439.jpg 659w, https:\/\/www.healthy-heart.org\/wp-content\/uploads\/2019\/07\/iStock-955079812-200x133.jpg 200w, https:\/\/www.healthy-heart.org\/wp-content\/uploads\/2019\/07\/iStock-955079812-768x512.jpg 768w, https:\/\/www.healthy-heart.org\/wp-content\/uploads\/2019\/07\/iStock-955079812-1024x683.jpg 1024w, https:\/\/www.healthy-heart.org\/wp-content\/uploads\/2019\/07\/iStock-955079812-1536x1024.jpg 1536w, https:\/\/www.healthy-heart.org\/wp-content\/uploads\/2019\/07\/iStock-955079812-696x464.jpg 696w\" sizes=\"auto, (max-width: 350px) 100vw, 350px\" \/><br \/>\nUm problema card\u00edaco \u00e9 um evento angustiante, que vem muitas vezes acompanhado de apreens\u00e3o, desamparo, perda de confian\u00e7a no corpo ou tristeza. Essas rea\u00e7\u00f5es s\u00e3o sentidas pela maioria dos doentes card\u00edacos e fazem parte de um processo normal de adapta\u00e7\u00e3o. Muitos doentes, mas n\u00e3o todos, reencontram o seu equil\u00edbrio emocional durante o processo de recupera\u00e7\u00e3o e adapta\u00e7\u00e3o \u00e0 vida com um problema card\u00edaco.<\/p>\n<p>Alguns doentes card\u00edacos sentem problemas psicol\u00f3gicos que, se n\u00e3o forem geridos, interferem na recupera\u00e7\u00e3o, aumentando, assim, o risco de problemas card\u00edacos recorrentes. A apatia, a perda de interesse em atividades anteriormente agrad\u00e1veis e os pensamentos obscuros dificultam as <a href=\"https:\/\/www.healthy-heart.org\/pt\/o-seu-coracao\/incentivar-um-estilo-de-vida-saudavel\/\">mudan\u00e7as no estilo de vida<\/a>. O medo pode desencadear a preven\u00e7\u00e3o de atividades f\u00edsicas com consequ\u00eancias negativas para a sa\u00fade f\u00edsica e qualidade de vida. A depress\u00e3o e a ansiedade s\u00e3o as rea\u00e7\u00f5es mais comuns ap\u00f3s um epis\u00f3dio do foro card\u00edaco. A depress\u00e3o \u00e9 tr\u00eas vezes mais comum em doentes card\u00edacos do que na popula\u00e7\u00e3o em geral. At\u00e9 40% dos doentes card\u00edacos sofrem de ansiedade grave. Os doentes que sentem muitas vezes emo\u00e7\u00f5es negativas, mas n\u00e3o as expressam, s\u00e3o propensos a sofrimento emocional e qualidade de vida reduzida.<\/p>\n<blockquote><p>Junte-se a um <a href=\"https:\/\/www.healthy-heart.org\/living-with-heart-disease\/improve-your-heart-condition\/\">programa de reabilita\u00e7\u00e3o card\u00edaca<\/a> pr\u00f3ximo de si e aprenda a prevenir ou lidar com problemas psicossociais.<\/p><\/blockquote>\n<p>A reabilita\u00e7\u00e3o card\u00edaca \u00e9 realizada por uma equipa de cardiologistas, fisioterapeutas, enfermeiros, nutricionistas e psic\u00f3logos que proporcionam apoio f\u00edsico e mental para a recupera\u00e7\u00e3o ideal. Um psic\u00f3logo esclarecer\u00e1 a gravidade dos sintomas e explicar\u00e1 o papel e a influ\u00eancia do stress, ansiedade e depress\u00e3o na recupera\u00e7\u00e3o. Em sess\u00f5es individuais e em grupo, receber\u00e1 dicas sobre como lidar com o stress atrav\u00e9s do relaxamento e da transforma\u00e7\u00e3o de pensamentos negativos em pensamentos mais \u00fateis. A gest\u00e3o da ansiedade e da depress\u00e3o \u00e9 parte integrante da reabilita\u00e7\u00e3o card\u00edaca. A participa\u00e7\u00e3o em sess\u00f5es de exerc\u00edcio f\u00edsico levadas a cabo por fisioterapeutas ajuda a recuperar a autoconfian\u00e7a f\u00edsica, reduz a ansiedade e melhora o humor. Muitos doentes obt\u00eam apoio e motiva\u00e7\u00e3o por parte de outros doentes durante estas sess\u00f5es. As pesquisas internacionais mostram que a reabilita\u00e7\u00e3o card\u00edaca multidisciplinar melhora significativamente a depress\u00e3o e a ansiedade, tem um efeito ben\u00e9fico nas mudan\u00e7as de estilo de vida e melhora a qualidade de vida.<\/p>\n","protected":false},"excerpt":{"rendered":"<p>Um problema card\u00edaco \u00e9 um evento angustiante, que vem muitas vezes acompanhado de apreens\u00e3o, desamparo, perda de confian\u00e7a no corpo ou tristeza. Essas rea\u00e7\u00f5es s\u00e3o sentidas pela maioria dos doentes card\u00edacos e fazem parte de um processo normal de adapta\u00e7\u00e3o. Muitos doentes, mas n\u00e3o todos, reencontram o seu equil\u00edbrio emocional durante o processo de recupera\u00e7\u00e3o [&hellip;]<\/p>\n","protected":false},"author":1,"featured_media":2340,"parent":2299,"menu_order":5,"comment_status":"closed","ping_status":"closed","template":"","meta":{"_acf_changed":false,"footnotes":""},"categories":[76],"tags":[],"class_list":["post-2336","page","type-page","status-publish","has-post-thumbnail","hentry","category-viver-com-doenca-cardiaca"],"acf":[],"yoast_head":"<!-- This site is optimized with the Yoast SEO plugin v24.0 - https:\/\/yoast.com\/wordpress\/plugins\/seo\/ -->\n<title>Ansiedade e depress\u00e3o - Healthy-Heart.org<\/title>\n<meta name=\"description\" content=\"Saiba como prevenir ou lidar com problemas psicossociais, como stress, ansiedade e depress\u00e3o durante e ap\u00f3s a reabilita\u00e7\u00e3o card\u00edaca.\" \/>\n<meta name=\"robots\" content=\"index, follow, max-snippet:-1, max-image-preview:large, max-video-preview:-1\" \/>\n<link rel=\"canonical\" href=\"https:\/\/www.healthy-heart.org\/pt\/viver-com-doenca-cardiaca\/ansiedade-e-depressao\/\" \/>\n<meta property=\"og:locale\" content=\"pt_PT\" \/>\n<meta property=\"og:type\" content=\"article\" \/>\n<meta property=\"og:title\" content=\"Ansiedade e depress\u00e3o - Healthy-Heart.org\" \/>\n<meta property=\"og:description\" content=\"Saiba como prevenir ou lidar com problemas psicossociais, como stress, ansiedade e depress\u00e3o durante e ap\u00f3s a reabilita\u00e7\u00e3o card\u00edaca.\" \/>\n<meta property=\"og:url\" content=\"https:\/\/www.healthy-heart.org\/pt\/viver-com-doenca-cardiaca\/ansiedade-e-depressao\/\" \/>\n<meta property=\"og:site_name\" content=\"Healthy-Heart.org\" \/>\n<meta property=\"article:modified_time\" content=\"2020-09-25T15:54:51+00:00\" \/>\n<meta property=\"og:image\" content=\"https:\/\/www.healthy-heart.org\/wp-content\/uploads\/2019\/07\/iStock-955079812-1024x683.jpg\" \/>\n\t<meta property=\"og:image:width\" content=\"1024\" \/>\n\t<meta property=\"og:image:height\" content=\"683\" \/>\n\t<meta property=\"og:image:type\" content=\"image\/jpeg\" \/>\n<meta name=\"twitter:card\" content=\"summary_large_image\" \/>\n<meta name=\"twitter:label1\" content=\"Tempo estimado de leitura\" \/>\n\t<meta name=\"twitter:data1\" content=\"2 minutos\" \/>\n<script type=\"application\/ld+json\" class=\"yoast-schema-graph\">{\"@context\":\"https:\/\/schema.org\",\"@graph\":[{\"@type\":\"WebPage\",\"@id\":\"https:\/\/www.healthy-heart.org\/pt\/viver-com-doenca-cardiaca\/ansiedade-e-depressao\/\",\"url\":\"https:\/\/www.healthy-heart.org\/pt\/viver-com-doenca-cardiaca\/ansiedade-e-depressao\/\",\"name\":\"Ansiedade e depress\u00e3o - Healthy-Heart.org\",\"isPartOf\":{\"@id\":\"https:\/\/www.healthy-heart.org\/es\/#website\"},\"primaryImageOfPage\":{\"@id\":\"https:\/\/www.healthy-heart.org\/pt\/viver-com-doenca-cardiaca\/ansiedade-e-depressao\/#primaryimage\"},\"image\":{\"@id\":\"https:\/\/www.healthy-heart.org\/pt\/viver-com-doenca-cardiaca\/ansiedade-e-depressao\/#primaryimage\"},\"thumbnailUrl\":\"https:\/\/www.healthy-heart.org\/wp-content\/uploads\/2019\/07\/iStock-955079812.jpg\",\"datePublished\":\"2019-10-08T10:33:34+00:00\",\"dateModified\":\"2020-09-25T15:54:51+00:00\",\"description\":\"Saiba como prevenir ou lidar com problemas psicossociais, como stress, ansiedade e depress\u00e3o durante e ap\u00f3s a reabilita\u00e7\u00e3o card\u00edaca.\",\"breadcrumb\":{\"@id\":\"https:\/\/www.healthy-heart.org\/pt\/viver-com-doenca-cardiaca\/ansiedade-e-depressao\/#breadcrumb\"},\"inLanguage\":\"pt-PT\",\"potentialAction\":[{\"@type\":\"ReadAction\",\"target\":[\"https:\/\/www.healthy-heart.org\/pt\/viver-com-doenca-cardiaca\/ansiedade-e-depressao\/\"]}]},{\"@type\":\"ImageObject\",\"inLanguage\":\"pt-PT\",\"@id\":\"https:\/\/www.healthy-heart.org\/pt\/viver-com-doenca-cardiaca\/ansiedade-e-depressao\/#primaryimage\",\"url\":\"https:\/\/www.healthy-heart.org\/wp-content\/uploads\/2019\/07\/iStock-955079812.jpg\",\"contentUrl\":\"https:\/\/www.healthy-heart.org\/wp-content\/uploads\/2019\/07\/iStock-955079812.jpg\",\"width\":5616,\"height\":3744},{\"@type\":\"BreadcrumbList\",\"@id\":\"https:\/\/www.healthy-heart.org\/pt\/viver-com-doenca-cardiaca\/ansiedade-e-depressao\/#breadcrumb\",\"itemListElement\":[{\"@type\":\"ListItem\",\"position\":1,\"name\":\"Home\",\"item\":\"https:\/\/www.healthy-heart.org\/pt\/\"},{\"@type\":\"ListItem\",\"position\":2,\"name\":\"Viver com doen\u00e7a card\u00edaca\",\"item\":\"https:\/\/www.healthy-heart.org\/pt\/viver-com-doenca-cardiaca\/\"},{\"@type\":\"ListItem\",\"position\":3,\"name\":\"Ansiedade e depress\u00e3o\"}]},{\"@type\":\"WebSite\",\"@id\":\"https:\/\/www.healthy-heart.org\/es\/#website\",\"url\":\"https:\/\/www.healthy-heart.org\/es\/\",\"name\":\"Healthy-Heart.org\",\"description\":\"Practical advice for patients and family care givers on the prevention of cardiovascular disease\",\"potentialAction\":[{\"@type\":\"SearchAction\",\"target\":{\"@type\":\"EntryPoint\",\"urlTemplate\":\"https:\/\/www.healthy-heart.org\/es\/?s={search_term_string}\"},\"query-input\":{\"@type\":\"PropertyValueSpecification\",\"valueRequired\":true,\"valueName\":\"search_term_string\"}}],\"inLanguage\":\"pt-PT\"}]}<\/script>\n<!-- \/ Yoast SEO plugin. -->","yoast_head_json":{"title":"Ansiedade e depress\u00e3o - Healthy-Heart.org","description":"Saiba como prevenir ou lidar com problemas psicossociais, como stress, ansiedade e depress\u00e3o durante e ap\u00f3s a reabilita\u00e7\u00e3o card\u00edaca.","robots":{"index":"index","follow":"follow","max-snippet":"max-snippet:-1","max-image-preview":"max-image-preview:large","max-video-preview":"max-video-preview:-1"},"canonical":"https:\/\/www.healthy-heart.org\/pt\/viver-com-doenca-cardiaca\/ansiedade-e-depressao\/","og_locale":"pt_PT","og_type":"article","og_title":"Ansiedade e depress\u00e3o - Healthy-Heart.org","og_description":"Saiba como prevenir ou lidar com problemas psicossociais, como stress, ansiedade e depress\u00e3o durante e ap\u00f3s a reabilita\u00e7\u00e3o card\u00edaca.","og_url":"https:\/\/www.healthy-heart.org\/pt\/viver-com-doenca-cardiaca\/ansiedade-e-depressao\/","og_site_name":"Healthy-Heart.org","article_modified_time":"2020-09-25T15:54:51+00:00","og_image":[{"width":1024,"height":683,"url":"https:\/\/www.healthy-heart.org\/wp-content\/uploads\/2019\/07\/iStock-955079812-1024x683.jpg","type":"image\/jpeg"}],"twitter_card":"summary_large_image","twitter_misc":{"Tempo estimado de leitura":"2 minutos"},"schema":{"@context":"https:\/\/schema.org","@graph":[{"@type":"WebPage","@id":"https:\/\/www.healthy-heart.org\/pt\/viver-com-doenca-cardiaca\/ansiedade-e-depressao\/","url":"https:\/\/www.healthy-heart.org\/pt\/viver-com-doenca-cardiaca\/ansiedade-e-depressao\/","name":"Ansiedade e depress\u00e3o - Healthy-Heart.org","isPartOf":{"@id":"https:\/\/www.healthy-heart.org\/es\/#website"},"primaryImageOfPage":{"@id":"https:\/\/www.healthy-heart.org\/pt\/viver-com-doenca-cardiaca\/ansiedade-e-depressao\/#primaryimage"},"image":{"@id":"https:\/\/www.healthy-heart.org\/pt\/viver-com-doenca-cardiaca\/ansiedade-e-depressao\/#primaryimage"},"thumbnailUrl":"https:\/\/www.healthy-heart.org\/wp-content\/uploads\/2019\/07\/iStock-955079812.jpg","datePublished":"2019-10-08T10:33:34+00:00","dateModified":"2020-09-25T15:54:51+00:00","description":"Saiba como prevenir ou lidar com problemas psicossociais, como stress, ansiedade e depress\u00e3o durante e ap\u00f3s a reabilita\u00e7\u00e3o card\u00edaca.","breadcrumb":{"@id":"https:\/\/www.healthy-heart.org\/pt\/viver-com-doenca-cardiaca\/ansiedade-e-depressao\/#breadcrumb"},"inLanguage":"pt-PT","potentialAction":[{"@type":"ReadAction","target":["https:\/\/www.healthy-heart.org\/pt\/viver-com-doenca-cardiaca\/ansiedade-e-depressao\/"]}]},{"@type":"ImageObject","inLanguage":"pt-PT","@id":"https:\/\/www.healthy-heart.org\/pt\/viver-com-doenca-cardiaca\/ansiedade-e-depressao\/#primaryimage","url":"https:\/\/www.healthy-heart.org\/wp-content\/uploads\/2019\/07\/iStock-955079812.jpg","contentUrl":"https:\/\/www.healthy-heart.org\/wp-content\/uploads\/2019\/07\/iStock-955079812.jpg","width":5616,"height":3744},{"@type":"BreadcrumbList","@id":"https:\/\/www.healthy-heart.org\/pt\/viver-com-doenca-cardiaca\/ansiedade-e-depressao\/#breadcrumb","itemListElement":[{"@type":"ListItem","position":1,"name":"Home","item":"https:\/\/www.healthy-heart.org\/pt\/"},{"@type":"ListItem","position":2,"name":"Viver com doen\u00e7a card\u00edaca","item":"https:\/\/www.healthy-heart.org\/pt\/viver-com-doenca-cardiaca\/"},{"@type":"ListItem","position":3,"name":"Ansiedade e depress\u00e3o"}]},{"@type":"WebSite","@id":"https:\/\/www.healthy-heart.org\/es\/#website","url":"https:\/\/www.healthy-heart.org\/es\/","name":"Healthy-Heart.org","description":"Practical advice for patients and family care givers on the prevention of cardiovascular disease","potentialAction":[{"@type":"SearchAction","target":{"@type":"EntryPoint","urlTemplate":"https:\/\/www.healthy-heart.org\/es\/?s={search_term_string}"},"query-input":{"@type":"PropertyValueSpecification","valueRequired":true,"valueName":"search_term_string"}}],"inLanguage":"pt-PT"}]}},"_links":{"self":[{"href":"https:\/\/www.healthy-heart.org\/pt\/wp-json\/wp\/v2\/pages\/2336","targetHints":{"allow":["GET"]}}],"collection":[{"href":"https:\/\/www.healthy-heart.org\/pt\/wp-json\/wp\/v2\/pages"}],"about":[{"href":"https:\/\/www.healthy-heart.org\/pt\/wp-json\/wp\/v2\/types\/page"}],"author":[{"embeddable":true,"href":"https:\/\/www.healthy-heart.org\/pt\/wp-json\/wp\/v2\/users\/1"}],"replies":[{"embeddable":true,"href":"https:\/\/www.healthy-heart.org\/pt\/wp-json\/wp\/v2\/comments?post=2336"}],"version-history":[{"count":1,"href":"https:\/\/www.healthy-heart.org\/pt\/wp-json\/wp\/v2\/pages\/2336\/revisions"}],"predecessor-version":[{"id":4761,"href":"https:\/\/www.healthy-heart.org\/pt\/wp-json\/wp\/v2\/pages\/2336\/revisions\/4761"}],"up":[{"embeddable":true,"href":"https:\/\/www.healthy-heart.org\/pt\/wp-json\/wp\/v2\/pages\/2299"}],"wp:featuredmedia":[{"embeddable":true,"href":"https:\/\/www.healthy-heart.org\/pt\/wp-json\/wp\/v2\/media\/2340"}],"wp:attachment":[{"href":"https:\/\/www.healthy-heart.org\/pt\/wp-json\/wp\/v2\/media?parent=2336"}],"wp:term":[{"taxonomy":"category","embeddable":true,"href":"https:\/\/www.healthy-heart.org\/pt\/wp-json\/wp\/v2\/categories?post=2336"},{"taxonomy":"post_tag","embeddable":true,"href":"https:\/\/www.healthy-heart.org\/pt\/wp-json\/wp\/v2\/tags?post=2336"}],"curies":[{"name":"wp","href":"https:\/\/api.w.org\/{rel}","templated":true}]}}