{"id":2335,"date":"2019-10-08T11:33:34","date_gmt":"2019-10-08T10:33:34","guid":{"rendered":"https:\/\/www.healthy-heart.org\/termos-de-utilizacao\/"},"modified":"2020-03-24T10:15:36","modified_gmt":"2020-03-24T10:15:36","slug":"termos-de-utilizacao","status":"publish","type":"page","link":"https:\/\/www.healthy-heart.org\/pt\/termos-de-utilizacao\/","title":{"rendered":"Termos de utiliza\u00e7\u00e3o"},"content":{"rendered":"<h2>Objetivo deste s\u00edtio Web:<\/h2>\n<ul>\n<li>Fornecer informa\u00e7\u00f5es fi\u00e1veis e conselhos pr\u00e1ticos sobre doen\u00e7as cardiovasculares e sua preven\u00e7\u00e3o.<\/li>\n<li>Melhorar o conhecimento sobre doen\u00e7as cardiovasculares e promover os benef\u00edcios de uma vida saud\u00e1vel.<\/li>\n<\/ul>\n<p>Todas as recomenda\u00e7\u00f5es neste s\u00edtio Web est\u00e3o de acordo com as Diretrizes Europeias (<a href=\"https:\/\/www.escardio.org\/Guidelines\/Clinical-Practice-Guidelines\/CVD-Prevention-in-clinical-practice-European-Guidelines-on\">consultar as Diretrizes Europeias sobre Preven\u00e7\u00e3o de DCV na Pr\u00e1tica Cl\u00ednica aqui<\/a>).<\/p>\n<h3>1.Termos de utiliza\u00e7\u00e3o<\/h3>\n<p>O s\u00edtio Web healthy-heart.org foi desenvolvido sob a dire\u00e7\u00e3o da European Association of Preventive Cardiology (EAPC), em colabora\u00e7\u00e3o com a Association for Acute CardioVascular Care (ACVC) e a Associa\u00e7\u00e3o de Enfermagem Cardiovascular e Profiss\u00f5es Afins (ACNAP), que s\u00e3o ramos da Sociedade Europeia de Cardiologia (ESC). O acesso e a utiliza\u00e7\u00e3o deste s\u00edtio Web s\u00e3o fornecidos pela ECS e est\u00e3o sujeitos \u00e0s seguintes condi\u00e7\u00f5es de utiliza\u00e7\u00e3o:<\/p>\n<ol>\n<li>O uso deste s\u00edtio Web por parte do utilizador constitui aceita\u00e7\u00e3o dos presentes Termos de Utiliza\u00e7\u00e3o a partir da data do seu primeiro uso do s\u00edtio Web.<\/li>\n<li>A ECS reserva-se o direito de alterar os presentes Termos de Utiliza\u00e7\u00e3o em qualquer altura publicando as altera\u00e7\u00f5es online. A utiliza\u00e7\u00e3o continuada deste s\u00edtio Web por parte do utilizador ap\u00f3s a publica\u00e7\u00e3o das altera\u00e7\u00f5es constitui a aceita\u00e7\u00e3o do presente acordo conforme alterado.<\/li>\n<li>Aceita utilizar este s\u00edtio Web apenas para fins l\u00edcitos e de uma forma que n\u00e3o viole os direitos ou restrinja ou iniba o uso e gozo do s\u00edtio Web por terceiros.<\/li>\n<\/ol>\n<h3>2. Isen\u00e7\u00e3o de responsabilidade<\/h3>\n<ol>\n<li>Em nenhuma circunst\u00e2ncia a ESC ser\u00e1 respons\u00e1vel perante o utilizador ou qualquer outra pessoa por qualquer decis\u00e3o ou a\u00e7\u00e3o tomada com base nas informa\u00e7\u00f5es contidas ou fornecidas atrav\u00e9s da utiliza\u00e7\u00e3o deste s\u00edtio Web, nem por quaisquer danos incidentais, indiretos, especiais ou consequenciais.<\/li>\n<li>As informa\u00e7\u00f5es contidas neste s\u00edtio Web destinam-se a complementar o apoio e cuidados prestados por profissionais m\u00e9dicos qualificados. Este s\u00edtio Web n\u00e3o se destina nem pretende ser um substituto de conselhos m\u00e9dicos ou cuidados m\u00e9dicos profissionais. O aconselhamento de um profissional m\u00e9dico deve ser sempre procurado antes de iniciar (ou interromper) qualquer forma de tratamento m\u00e9dico. Neste sentido, todas as informa\u00e7\u00f5es contidas no s\u00edtio Web s\u00e3o fornecidas exclusivamente para fins educativos.<\/li>\n<li>Embora a ESC tenha tomado todas as precau\u00e7\u00f5es na compila\u00e7\u00e3o deste s\u00edtio Web, n\u00e3o pode inspecionar todas as informa\u00e7\u00f5es para determinar a veracidade, exatid\u00e3o, fiabilidade, integralidade ou relev\u00e2ncia das mesmas. Em circunst\u00e2ncia alguma, a ESC ser\u00e1 respons\u00e1vel por quaisquer danos, incluindo, entre outros, danos indiretos ou consequenciais, ou quaisquer danos ou lucros cessantes decorrentes da utiliza\u00e7\u00e3o ou relacionados com essa utiliza\u00e7\u00e3o ou perda de utiliza\u00e7\u00e3o do s\u00edtio Web, seja por contrato ou neglig\u00eancia.<\/li>\n<li>Sob nenhuma circunst\u00e2ncia, a ESC ou qualquer pessoal afiliado ou colaborador do s\u00edtio Web, ser\u00e1 respons\u00e1vel perante si, como visitante do s\u00edtio Web ou qualquer outra pessoa ou organismo, por qualquer decis\u00e3o tomada ou concretizada como resultado da confian\u00e7a nas informa\u00e7\u00f5es contidas no s\u00edtio Web. Concorda que nem a ESC nem qualquer colaborador afiliado ou colaborador do s\u00edtio Web ser\u00e3o respons\u00e1veis por quaisquer danos (incluindo, entre outros, danos diretos, indiretos, incidentais, especiais ou consequenciais), ou perda de dados ou lucros, mesmo que a ESC ou qualquer colaborador afiliado ou colaborador do s\u00edtio Web tenha sido informado sobre a possibilidade dessa perda.<\/li>\n<li>A ESC n\u00e3o garante que as fun\u00e7\u00f5es t\u00e9cnicas inclu\u00eddas no material contido neste s\u00edtio Web sejam ininterruptas ou livres de erros, que os defeitos sejam corrigidos, ou que este s\u00edtio Web ou o servidor que o disponibiliza n\u00e3o tenha v\u00edrus ou bugs ou representa a funcionalidade completa, precis\u00e3o e confiabilidade dos materiais.<\/li>\n<\/ol>\n<h3>3. Restri\u00e7\u00f5es de direitos de autor<\/h3>\n<ol>\n<li>O s\u00edtio Web healthy-heart.org \u00e9 da propriedade da Sociedade Europeia de Cardiologia (ESC). \u00c9 estritamente proibida a utiliza\u00e7\u00e3o comercial ou a publica\u00e7\u00e3o de todos ou quaisquer artigos expostos, sem autoriza\u00e7\u00e3o pr\u00e9via e por escrito da ESC.<br \/>\nOs documentos neste s\u00edtio Web podem ser copiados para uso pessoal e n\u00e3o comercial apenas na condi\u00e7\u00e3o de que os direitos de autor e as indica\u00e7\u00f5es de origem sejam tamb\u00e9m copiados, nenhuma modifica\u00e7\u00e3o seja feita e o documento seja copiado na \u00edntegra. No entanto, alguns documentos e fotografias foram publicados neste s\u00edtio Web com a permiss\u00e3o dos propriet\u00e1rios de direitos de autor relevantes (que n\u00e3o s\u00e3o a ESC). Todos os direitos reservados sobre esses documentos e a permiss\u00e3o para copi\u00e1-los deve ser solicitada aos propriet\u00e1rios dos direitos de autor (as fontes s\u00e3o indicadas nesses documentos ou fotografias).<\/li>\n<li>Qualquer utiliza\u00e7\u00e3o n\u00e3o aprovada pode resultar em a\u00e7\u00f5es a serem tomadas pela ESC para exigir a remo\u00e7\u00e3o do material em quest\u00e3o da exibi\u00e7\u00e3o ou distribui\u00e7\u00e3o e poss\u00edveis a\u00e7\u00f5es legais.<\/li>\n<li>O s\u00edtio Web cont\u00e9m hiperliga\u00e7\u00f5es para s\u00edtios Web operados por outras partes que n\u00e3o a ESC. Essas hiperliga\u00e7\u00f5es s\u00e3o fornecidas apenas para conveni\u00eancia do utilizador. A ESC n\u00e3o controla esses s\u00edtios Web e n\u00e3o \u00e9 respons\u00e1vel pelo seu conte\u00fado. A inclus\u00e3o por parte da ESC de hiperliga\u00e7\u00f5es para esses s\u00edtios Web n\u00e3o implica qualquer aprova\u00e7\u00e3o do material nesses s\u00edtios Web nem qualquer associa\u00e7\u00e3o com os seus operadores. O utilizador \u00e9 o \u00fanico respons\u00e1vel pela avalia\u00e7\u00e3o da exatid\u00e3o e integridade de qualquer informa\u00e7\u00e3o contida nos s\u00edtios Web de terceiros, assim como do valor e integridade de quaisquer bens e servi\u00e7os oferecidos por esses s\u00edtios Web.<br \/>\nSe os presentes Termos de Utiliza\u00e7\u00e3o n\u00e3o forem aceites na \u00edntegra, a utiliza\u00e7\u00e3o deste s\u00edtio Web deve terminar imediatamente.<\/li>\n<li>Prote\u00e7\u00e3o de dados<\/li>\n<\/ol>\n<p>As informa\u00e7\u00f5es do utilizador podem ser recolhidas quando usarem os s\u00edtios Web. Para mais informa\u00e7\u00f5es, consulte a nossa <a href=\"https:\/\/www.healthy-heart.org\/privacy-policy\/\">Pol\u00edtica de Privacidade<\/a>.<\/p>\n<p>Data da \u00faltima atualiza\u00e7\u00e3o: julho de 2019<\/p>\n","protected":false},"excerpt":{"rendered":"<p>Objetivo deste s\u00edtio Web: Fornecer informa\u00e7\u00f5es fi\u00e1veis e conselhos pr\u00e1ticos sobre doen\u00e7as cardiovasculares e sua preven\u00e7\u00e3o. Melhorar o conhecimento sobre doen\u00e7as cardiovasculares e promover os benef\u00edcios de uma vida saud\u00e1vel. Todas as recomenda\u00e7\u00f5es neste s\u00edtio Web est\u00e3o de acordo com as Diretrizes Europeias (consultar as Diretrizes Europeias sobre Preven\u00e7\u00e3o de DCV na Pr\u00e1tica Cl\u00ednica aqui). [&hellip;]<\/p>\n","protected":false},"author":1,"featured_media":2283,"parent":0,"menu_order":0,"comment_status":"closed","ping_status":"closed","template":"templates\/full.php","meta":{"_acf_changed":false,"footnotes":""},"categories":[],"tags":[],"class_list":["post-2335","page","type-page","status-publish","has-post-thumbnail","hentry"],"acf":[],"yoast_head":"<!-- This site is optimized with the Yoast SEO plugin v24.0 - https:\/\/yoast.com\/wordpress\/plugins\/seo\/ -->\n<title>Termos de utiliza\u00e7\u00e3o - Healthy-Heart.org<\/title>\n<meta name=\"description\" content=\"Todas as recomenda\u00e7\u00f5es neste s\u00edtio Web est\u00e3o de acordo com as Diretrizes Europeias.\" \/>\n<meta name=\"robots\" content=\"index, follow, max-snippet:-1, max-image-preview:large, max-video-preview:-1\" \/>\n<link rel=\"canonical\" href=\"https:\/\/www.healthy-heart.org\/pt\/termos-de-utilizacao\/\" \/>\n<meta property=\"og:locale\" content=\"pt_PT\" \/>\n<meta property=\"og:type\" content=\"article\" \/>\n<meta property=\"og:title\" content=\"Termos de utiliza\u00e7\u00e3o - Healthy-Heart.org\" \/>\n<meta property=\"og:description\" content=\"Todas as recomenda\u00e7\u00f5es neste s\u00edtio Web est\u00e3o de acordo com as Diretrizes Europeias.\" \/>\n<meta property=\"og:url\" content=\"https:\/\/www.healthy-heart.org\/pt\/termos-de-utilizacao\/\" \/>\n<meta property=\"og:site_name\" content=\"Healthy-Heart.org\" \/>\n<meta property=\"article:modified_time\" content=\"2020-03-24T10:15:36+00:00\" \/>\n<meta property=\"og:image\" content=\"https:\/\/www.healthy-heart.org\/wp-content\/uploads\/2019\/07\/primary.jpg\" \/>\n\t<meta property=\"og:image:width\" content=\"700\" \/>\n\t<meta property=\"og:image:height\" content=\"466\" \/>\n\t<meta property=\"og:image:type\" content=\"image\/jpeg\" \/>\n<meta name=\"twitter:card\" content=\"summary_large_image\" \/>\n<meta name=\"twitter:label1\" content=\"Tempo estimado de leitura\" \/>\n\t<meta name=\"twitter:data1\" content=\"5 minutos\" \/>\n<script type=\"application\/ld+json\" class=\"yoast-schema-graph\">{\"@context\":\"https:\/\/schema.org\",\"@graph\":[{\"@type\":\"WebPage\",\"@id\":\"https:\/\/www.healthy-heart.org\/pt\/termos-de-utilizacao\/\",\"url\":\"https:\/\/www.healthy-heart.org\/pt\/termos-de-utilizacao\/\",\"name\":\"Termos de utiliza\u00e7\u00e3o - Healthy-Heart.org\",\"isPartOf\":{\"@id\":\"https:\/\/www.healthy-heart.org\/es\/#website\"},\"primaryImageOfPage\":{\"@id\":\"https:\/\/www.healthy-heart.org\/pt\/termos-de-utilizacao\/#primaryimage\"},\"image\":{\"@id\":\"https:\/\/www.healthy-heart.org\/pt\/termos-de-utilizacao\/#primaryimage\"},\"thumbnailUrl\":\"https:\/\/www.healthy-heart.org\/wp-content\/uploads\/2019\/07\/primary.jpg\",\"datePublished\":\"2019-10-08T10:33:34+00:00\",\"dateModified\":\"2020-03-24T10:15:36+00:00\",\"description\":\"Todas as recomenda\u00e7\u00f5es neste s\u00edtio Web est\u00e3o de acordo com as Diretrizes Europeias.\",\"breadcrumb\":{\"@id\":\"https:\/\/www.healthy-heart.org\/pt\/termos-de-utilizacao\/#breadcrumb\"},\"inLanguage\":\"pt-PT\",\"potentialAction\":[{\"@type\":\"ReadAction\",\"target\":[\"https:\/\/www.healthy-heart.org\/pt\/termos-de-utilizacao\/\"]}]},{\"@type\":\"ImageObject\",\"inLanguage\":\"pt-PT\",\"@id\":\"https:\/\/www.healthy-heart.org\/pt\/termos-de-utilizacao\/#primaryimage\",\"url\":\"https:\/\/www.healthy-heart.org\/wp-content\/uploads\/2019\/07\/primary.jpg\",\"contentUrl\":\"https:\/\/www.healthy-heart.org\/wp-content\/uploads\/2019\/07\/primary.jpg\",\"width\":700,\"height\":466},{\"@type\":\"BreadcrumbList\",\"@id\":\"https:\/\/www.healthy-heart.org\/pt\/termos-de-utilizacao\/#breadcrumb\",\"itemListElement\":[{\"@type\":\"ListItem\",\"position\":1,\"name\":\"Home\",\"item\":\"https:\/\/www.healthy-heart.org\/pt\/\"},{\"@type\":\"ListItem\",\"position\":2,\"name\":\"Termos de utiliza\u00e7\u00e3o\"}]},{\"@type\":\"WebSite\",\"@id\":\"https:\/\/www.healthy-heart.org\/es\/#website\",\"url\":\"https:\/\/www.healthy-heart.org\/es\/\",\"name\":\"Healthy-Heart.org\",\"description\":\"Practical advice for patients and family care givers on the prevention of cardiovascular disease\",\"potentialAction\":[{\"@type\":\"SearchAction\",\"target\":{\"@type\":\"EntryPoint\",\"urlTemplate\":\"https:\/\/www.healthy-heart.org\/es\/?s={search_term_string}\"},\"query-input\":{\"@type\":\"PropertyValueSpecification\",\"valueRequired\":true,\"valueName\":\"search_term_string\"}}],\"inLanguage\":\"pt-PT\"}]}<\/script>\n<!-- \/ Yoast SEO plugin. -->","yoast_head_json":{"title":"Termos de utiliza\u00e7\u00e3o - Healthy-Heart.org","description":"Todas as recomenda\u00e7\u00f5es neste s\u00edtio Web est\u00e3o de acordo com as Diretrizes Europeias.","robots":{"index":"index","follow":"follow","max-snippet":"max-snippet:-1","max-image-preview":"max-image-preview:large","max-video-preview":"max-video-preview:-1"},"canonical":"https:\/\/www.healthy-heart.org\/pt\/termos-de-utilizacao\/","og_locale":"pt_PT","og_type":"article","og_title":"Termos de utiliza\u00e7\u00e3o - Healthy-Heart.org","og_description":"Todas as recomenda\u00e7\u00f5es neste s\u00edtio Web est\u00e3o de acordo com as Diretrizes Europeias.","og_url":"https:\/\/www.healthy-heart.org\/pt\/termos-de-utilizacao\/","og_site_name":"Healthy-Heart.org","article_modified_time":"2020-03-24T10:15:36+00:00","og_image":[{"width":700,"height":466,"url":"https:\/\/www.healthy-heart.org\/wp-content\/uploads\/2019\/07\/primary.jpg","type":"image\/jpeg"}],"twitter_card":"summary_large_image","twitter_misc":{"Tempo estimado de leitura":"5 minutos"},"schema":{"@context":"https:\/\/schema.org","@graph":[{"@type":"WebPage","@id":"https:\/\/www.healthy-heart.org\/pt\/termos-de-utilizacao\/","url":"https:\/\/www.healthy-heart.org\/pt\/termos-de-utilizacao\/","name":"Termos de utiliza\u00e7\u00e3o - Healthy-Heart.org","isPartOf":{"@id":"https:\/\/www.healthy-heart.org\/es\/#website"},"primaryImageOfPage":{"@id":"https:\/\/www.healthy-heart.org\/pt\/termos-de-utilizacao\/#primaryimage"},"image":{"@id":"https:\/\/www.healthy-heart.org\/pt\/termos-de-utilizacao\/#primaryimage"},"thumbnailUrl":"https:\/\/www.healthy-heart.org\/wp-content\/uploads\/2019\/07\/primary.jpg","datePublished":"2019-10-08T10:33:34+00:00","dateModified":"2020-03-24T10:15:36+00:00","description":"Todas as recomenda\u00e7\u00f5es neste s\u00edtio Web est\u00e3o de acordo com as Diretrizes Europeias.","breadcrumb":{"@id":"https:\/\/www.healthy-heart.org\/pt\/termos-de-utilizacao\/#breadcrumb"},"inLanguage":"pt-PT","potentialAction":[{"@type":"ReadAction","target":["https:\/\/www.healthy-heart.org\/pt\/termos-de-utilizacao\/"]}]},{"@type":"ImageObject","inLanguage":"pt-PT","@id":"https:\/\/www.healthy-heart.org\/pt\/termos-de-utilizacao\/#primaryimage","url":"https:\/\/www.healthy-heart.org\/wp-content\/uploads\/2019\/07\/primary.jpg","contentUrl":"https:\/\/www.healthy-heart.org\/wp-content\/uploads\/2019\/07\/primary.jpg","width":700,"height":466},{"@type":"BreadcrumbList","@id":"https:\/\/www.healthy-heart.org\/pt\/termos-de-utilizacao\/#breadcrumb","itemListElement":[{"@type":"ListItem","position":1,"name":"Home","item":"https:\/\/www.healthy-heart.org\/pt\/"},{"@type":"ListItem","position":2,"name":"Termos de utiliza\u00e7\u00e3o"}]},{"@type":"WebSite","@id":"https:\/\/www.healthy-heart.org\/es\/#website","url":"https:\/\/www.healthy-heart.org\/es\/","name":"Healthy-Heart.org","description":"Practical advice for patients and family care givers on the prevention of cardiovascular disease","potentialAction":[{"@type":"SearchAction","target":{"@type":"EntryPoint","urlTemplate":"https:\/\/www.healthy-heart.org\/es\/?s={search_term_string}"},"query-input":{"@type":"PropertyValueSpecification","valueRequired":true,"valueName":"search_term_string"}}],"inLanguage":"pt-PT"}]}},"_links":{"self":[{"href":"https:\/\/www.healthy-heart.org\/pt\/wp-json\/wp\/v2\/pages\/2335","targetHints":{"allow":["GET"]}}],"collection":[{"href":"https:\/\/www.healthy-heart.org\/pt\/wp-json\/wp\/v2\/pages"}],"about":[{"href":"https:\/\/www.healthy-heart.org\/pt\/wp-json\/wp\/v2\/types\/page"}],"author":[{"embeddable":true,"href":"https:\/\/www.healthy-heart.org\/pt\/wp-json\/wp\/v2\/users\/1"}],"replies":[{"embeddable":true,"href":"https:\/\/www.healthy-heart.org\/pt\/wp-json\/wp\/v2\/comments?post=2335"}],"version-history":[{"count":1,"href":"https:\/\/www.healthy-heart.org\/pt\/wp-json\/wp\/v2\/pages\/2335\/revisions"}],"predecessor-version":[{"id":4352,"href":"https:\/\/www.healthy-heart.org\/pt\/wp-json\/wp\/v2\/pages\/2335\/revisions\/4352"}],"wp:featuredmedia":[{"embeddable":true,"href":"https:\/\/www.healthy-heart.org\/pt\/wp-json\/wp\/v2\/media\/2283"}],"wp:attachment":[{"href":"https:\/\/www.healthy-heart.org\/pt\/wp-json\/wp\/v2\/media?parent=2335"}],"wp:term":[{"taxonomy":"category","embeddable":true,"href":"https:\/\/www.healthy-heart.org\/pt\/wp-json\/wp\/v2\/categories?post=2335"},{"taxonomy":"post_tag","embeddable":true,"href":"https:\/\/www.healthy-heart.org\/pt\/wp-json\/wp\/v2\/tags?post=2335"}],"curies":[{"name":"wp","href":"https:\/\/api.w.org\/{rel}","templated":true}]}}