{"id":2334,"date":"2019-10-08T11:33:33","date_gmt":"2019-10-08T10:33:33","guid":{"rendered":"https:\/\/www.healthy-heart.org\/viver-com-doenca-cardiaca\/sexo-e-doenca-cardiaca\/"},"modified":"2020-09-25T16:38:21","modified_gmt":"2020-09-25T15:38:21","slug":"sexo-e-doenca-cardiaca","status":"publish","type":"page","link":"https:\/\/www.healthy-heart.org\/pt\/viver-com-doenca-cardiaca\/sexo-e-doenca-cardiaca\/","title":{"rendered":"Sexo e doen\u00e7a card\u00edaca"},"content":{"rendered":"<p><img loading=\"lazy\" decoding=\"async\" class=\"alignright size-medium wp-image-586\" src=\"https:\/\/cdn-endpoint-prev.azureedge.net\/healthy-heart\/2019\/07\/iStock-874866632-350x233.jpg\" alt=\"\" width=\"350\" height=\"233\" srcset=\"https:\/\/www.healthy-heart.org\/wp-content\/uploads\/2019\/07\/iStock-874866632-350x233.jpg 350w, https:\/\/cdn-endpoint-prev.azureedge.net\/healthy-heart\/2019\/07\/iStock-874866632-2048x1365.jpg 2048w, https:\/\/cdn-endpoint-prev.azureedge.net\/healthy-heart\/2019\/07\/iStock-874866632-659x439.jpg 659w, https:\/\/www.healthy-heart.org\/wp-content\/uploads\/2019\/07\/iStock-874866632-200x133.jpg 200w, https:\/\/www.healthy-heart.org\/wp-content\/uploads\/2019\/07\/iStock-874866632-768x512.jpg 768w, https:\/\/www.healthy-heart.org\/wp-content\/uploads\/2019\/07\/iStock-874866632-1024x683.jpg 1024w, https:\/\/www.healthy-heart.org\/wp-content\/uploads\/2019\/07\/iStock-874866632-1536x1024.jpg 1536w, https:\/\/www.healthy-heart.org\/wp-content\/uploads\/2019\/07\/iStock-874866632-696x464.jpg 696w\" sizes=\"auto, (max-width: 350px) 100vw, 350px\" \/>As <a href=\"https:\/\/www.healthy-heart.org\/pt\/o-seu-coracao\/o-que-e-a-doenca-cardiaca\/\">doen\u00e7as card\u00edacas<\/a> s\u00e3o geralmente um acontecimento importante para o casal. Algumas pessoas sentem mudan\u00e7as em rela\u00e7\u00e3o \u00e0 sexualidade ou aos sentimentos de intimidade. Por vezes, os casais t\u00eam dificuldade em falar sobre intimidade e sexualidade. O seu m\u00e9dico ou enfermeiro especialista pode <a href=\"https:\/\/www.healthy-heart.org\/pt\/viver-com-doenca-cardiaca\/o-que-devo-perguntar-ao-meu-cardiologista\/\">responder \u00e0s suas d\u00favidas<\/a> e discutir as suas quest\u00f5es.<\/p>\n<p>Muitas pessoas t\u00eam d\u00favidas sobre se a atividade sexual \u00e9 poss\u00edvel e se o cora\u00e7\u00e3o vai lidar bem com o aumento do esfor\u00e7o que acompanha a excita\u00e7\u00e3o sexual. A atividade sexual leva a aumentos ligeiros da frequ\u00eancia card\u00edaca e da <a href=\"https:\/\/www.healthy-heart.org\/pt\/mantenha-o-seu-coracao-saudavel\/pressao-arterial\/\">press\u00e3o arterial<\/a>. Mas geralmente \u00e9 seguro retomar o sexo uma semana ap\u00f3s um enfarte do mioc\u00e1rdio sem complica\u00e7\u00f5es ou um procedimento card\u00edaco sem complica\u00e7\u00f5es, como a inser\u00e7\u00e3o de stent, ou oito semanas ap\u00f3s a cirurgia card\u00edaca. A <a href=\"https:\/\/www.healthy-heart.org\/pt\/viver-com-doenca-cardiaca\/melhore-a-doenca-cardiaca\/\">reabilita\u00e7\u00e3o card\u00edaca<\/a> e a <a href=\"https:\/\/www.healthy-heart.org\/pt\/mantenha-o-seu-coracao-saudavel\/atividade-fisica\/\">atividade f\u00edsica<\/a> regular podem reduzir o risco de complica\u00e7\u00f5es relacionadas com a atividade sexual.<\/p>\n<p>A regra geral \u00e9 que, se conseguir subir dois lances de escadas ou fazer uma caminhada r\u00e1pida sem sintomas (por exemplo, dor no peito ou falta de ar), ent\u00e3o a atividade sexual \u00e9 perfeitamente segura. \u00c9 importante respeitar o seu pr\u00f3prio ritmo de recupera\u00e7\u00e3o e, se tiver sintomas, fale com o seu profissional de sa\u00fade. Algumas pessoas usam nitroglicerina para prevenir ou tratar os sintomas.<\/p>\n<p>Alguns <a href=\"https:\/\/www.healthy-heart.org\/living-with-heart-disease\/types-of-medication\/\">medicamentos<\/a> prescritos para doen\u00e7as card\u00edacas (betabloqueadores), antidepressivos e p\u00edlulas para dormir podem causar problemas de ere\u00e7\u00e3o (e desejo sexual) em homens e secura vaginal em mulheres, com consequ\u00eancias para a atividade sexual. Se suspeitar de que a medica\u00e7\u00e3o est\u00e1 a causar problemas na sua vida sexual, consulte o seu m\u00e9dico sobre a potencial mudan\u00e7a de medicamentos para outras marcas ou classes.<br \/>\nN\u00e3o interrompa a medica\u00e7\u00e3o de repente. Se tiver disfun\u00e7\u00e3o sexual, fale com o seu m\u00e9dico ou enfermeiro sobre a possibilidade de estar relacionada com a doen\u00e7a card\u00edaca ou com emo\u00e7\u00f5es como ansiedade, depress\u00e3o ou outros fatores.<\/p>\n<p>Existem medicamentos que ajudam a melhorar o desempenho sexual, como sildenafil, vardenafil e tadalafil. Tomar qualquer um desses medicamentos durante o uso de nitratos \u00e9 absolutamente contraindicado devido ao risco de press\u00e3o arterial baixa grave. Portanto, antes de come\u00e7ar a usar qualquer um destes medicamentos ou ervas, \u00e9 aconselh\u00e1vel contactar o seu m\u00e9dico.<\/p>\n","protected":false},"excerpt":{"rendered":"<p>As doen\u00e7as card\u00edacas s\u00e3o geralmente um acontecimento importante para o casal. Algumas pessoas sentem mudan\u00e7as em rela\u00e7\u00e3o \u00e0 sexualidade ou aos sentimentos de intimidade. Por vezes, os casais t\u00eam dificuldade em falar sobre intimidade e sexualidade. O seu m\u00e9dico ou enfermeiro especialista pode responder \u00e0s suas d\u00favidas e discutir as suas quest\u00f5es. Muitas pessoas t\u00eam [&hellip;]<\/p>\n","protected":false},"author":1,"featured_media":2339,"parent":2299,"menu_order":9,"comment_status":"closed","ping_status":"closed","template":"","meta":{"_acf_changed":false,"footnotes":""},"categories":[76],"tags":[],"class_list":["post-2334","page","type-page","status-publish","has-post-thumbnail","hentry","category-viver-com-doenca-cardiaca"],"acf":[],"yoast_head":"<!-- This site is optimized with the Yoast SEO plugin v24.0 - https:\/\/yoast.com\/wordpress\/plugins\/seo\/ -->\n<title>Sexo e doen\u00e7a card\u00edaca - Healthy-Heart.org<\/title>\n<meta name=\"description\" content=\"\u00c9 geralmente seguro retomar a pr\u00e1tica sexual ap\u00f3s um enfarte do mioc\u00e1rdio sem complica\u00e7\u00f5es ou um procedimento card\u00edaco sem complica\u00e7\u00f5es, como a inser\u00e7\u00e3o de stent.\" \/>\n<meta name=\"robots\" content=\"index, follow, max-snippet:-1, max-image-preview:large, max-video-preview:-1\" \/>\n<link rel=\"canonical\" href=\"https:\/\/www.healthy-heart.org\/pt\/viver-com-doenca-cardiaca\/sexo-e-doenca-cardiaca\/\" \/>\n<meta property=\"og:locale\" content=\"pt_PT\" \/>\n<meta property=\"og:type\" content=\"article\" \/>\n<meta property=\"og:title\" content=\"Sexo e doen\u00e7a card\u00edaca - Healthy-Heart.org\" \/>\n<meta property=\"og:description\" content=\"\u00c9 geralmente seguro retomar a pr\u00e1tica sexual ap\u00f3s um enfarte do mioc\u00e1rdio sem complica\u00e7\u00f5es ou um procedimento card\u00edaco sem complica\u00e7\u00f5es, como a inser\u00e7\u00e3o de stent.\" \/>\n<meta property=\"og:url\" content=\"https:\/\/www.healthy-heart.org\/pt\/viver-com-doenca-cardiaca\/sexo-e-doenca-cardiaca\/\" \/>\n<meta property=\"og:site_name\" content=\"Healthy-Heart.org\" \/>\n<meta property=\"article:modified_time\" content=\"2020-09-25T15:38:21+00:00\" \/>\n<meta property=\"og:image\" content=\"https:\/\/www.healthy-heart.org\/wp-content\/uploads\/2019\/07\/iStock-874866632-1024x683.jpg\" \/>\n\t<meta property=\"og:image:width\" content=\"1024\" \/>\n\t<meta property=\"og:image:height\" content=\"683\" \/>\n\t<meta property=\"og:image:type\" content=\"image\/jpeg\" \/>\n<meta name=\"twitter:card\" content=\"summary_large_image\" \/>\n<meta name=\"twitter:label1\" content=\"Tempo estimado de leitura\" \/>\n\t<meta name=\"twitter:data1\" content=\"2 minutos\" \/>\n<script type=\"application\/ld+json\" class=\"yoast-schema-graph\">{\"@context\":\"https:\/\/schema.org\",\"@graph\":[{\"@type\":\"WebPage\",\"@id\":\"https:\/\/www.healthy-heart.org\/pt\/viver-com-doenca-cardiaca\/sexo-e-doenca-cardiaca\/\",\"url\":\"https:\/\/www.healthy-heart.org\/pt\/viver-com-doenca-cardiaca\/sexo-e-doenca-cardiaca\/\",\"name\":\"Sexo e doen\u00e7a card\u00edaca - Healthy-Heart.org\",\"isPartOf\":{\"@id\":\"https:\/\/www.healthy-heart.org\/es\/#website\"},\"primaryImageOfPage\":{\"@id\":\"https:\/\/www.healthy-heart.org\/pt\/viver-com-doenca-cardiaca\/sexo-e-doenca-cardiaca\/#primaryimage\"},\"image\":{\"@id\":\"https:\/\/www.healthy-heart.org\/pt\/viver-com-doenca-cardiaca\/sexo-e-doenca-cardiaca\/#primaryimage\"},\"thumbnailUrl\":\"https:\/\/www.healthy-heart.org\/wp-content\/uploads\/2019\/07\/iStock-874866632.jpg\",\"datePublished\":\"2019-10-08T10:33:33+00:00\",\"dateModified\":\"2020-09-25T15:38:21+00:00\",\"description\":\"\u00c9 geralmente seguro retomar a pr\u00e1tica sexual ap\u00f3s um enfarte do mioc\u00e1rdio sem complica\u00e7\u00f5es ou um procedimento card\u00edaco sem complica\u00e7\u00f5es, como a inser\u00e7\u00e3o de stent.\",\"breadcrumb\":{\"@id\":\"https:\/\/www.healthy-heart.org\/pt\/viver-com-doenca-cardiaca\/sexo-e-doenca-cardiaca\/#breadcrumb\"},\"inLanguage\":\"pt-PT\",\"potentialAction\":[{\"@type\":\"ReadAction\",\"target\":[\"https:\/\/www.healthy-heart.org\/pt\/viver-com-doenca-cardiaca\/sexo-e-doenca-cardiaca\/\"]}]},{\"@type\":\"ImageObject\",\"inLanguage\":\"pt-PT\",\"@id\":\"https:\/\/www.healthy-heart.org\/pt\/viver-com-doenca-cardiaca\/sexo-e-doenca-cardiaca\/#primaryimage\",\"url\":\"https:\/\/www.healthy-heart.org\/wp-content\/uploads\/2019\/07\/iStock-874866632.jpg\",\"contentUrl\":\"https:\/\/www.healthy-heart.org\/wp-content\/uploads\/2019\/07\/iStock-874866632.jpg\",\"width\":6720,\"height\":4480},{\"@type\":\"BreadcrumbList\",\"@id\":\"https:\/\/www.healthy-heart.org\/pt\/viver-com-doenca-cardiaca\/sexo-e-doenca-cardiaca\/#breadcrumb\",\"itemListElement\":[{\"@type\":\"ListItem\",\"position\":1,\"name\":\"Home\",\"item\":\"https:\/\/www.healthy-heart.org\/pt\/\"},{\"@type\":\"ListItem\",\"position\":2,\"name\":\"Viver com doen\u00e7a card\u00edaca\",\"item\":\"https:\/\/www.healthy-heart.org\/pt\/viver-com-doenca-cardiaca\/\"},{\"@type\":\"ListItem\",\"position\":3,\"name\":\"Sexo e doen\u00e7a card\u00edaca\"}]},{\"@type\":\"WebSite\",\"@id\":\"https:\/\/www.healthy-heart.org\/es\/#website\",\"url\":\"https:\/\/www.healthy-heart.org\/es\/\",\"name\":\"Healthy-Heart.org\",\"description\":\"Practical advice for patients and family care givers on the prevention of cardiovascular disease\",\"potentialAction\":[{\"@type\":\"SearchAction\",\"target\":{\"@type\":\"EntryPoint\",\"urlTemplate\":\"https:\/\/www.healthy-heart.org\/es\/?s={search_term_string}\"},\"query-input\":{\"@type\":\"PropertyValueSpecification\",\"valueRequired\":true,\"valueName\":\"search_term_string\"}}],\"inLanguage\":\"pt-PT\"}]}<\/script>\n<!-- \/ Yoast SEO plugin. -->","yoast_head_json":{"title":"Sexo e doen\u00e7a card\u00edaca - Healthy-Heart.org","description":"\u00c9 geralmente seguro retomar a pr\u00e1tica sexual ap\u00f3s um enfarte do mioc\u00e1rdio sem complica\u00e7\u00f5es ou um procedimento card\u00edaco sem complica\u00e7\u00f5es, como a inser\u00e7\u00e3o de stent.","robots":{"index":"index","follow":"follow","max-snippet":"max-snippet:-1","max-image-preview":"max-image-preview:large","max-video-preview":"max-video-preview:-1"},"canonical":"https:\/\/www.healthy-heart.org\/pt\/viver-com-doenca-cardiaca\/sexo-e-doenca-cardiaca\/","og_locale":"pt_PT","og_type":"article","og_title":"Sexo e doen\u00e7a card\u00edaca - Healthy-Heart.org","og_description":"\u00c9 geralmente seguro retomar a pr\u00e1tica sexual ap\u00f3s um enfarte do mioc\u00e1rdio sem complica\u00e7\u00f5es ou um procedimento card\u00edaco sem complica\u00e7\u00f5es, como a inser\u00e7\u00e3o de stent.","og_url":"https:\/\/www.healthy-heart.org\/pt\/viver-com-doenca-cardiaca\/sexo-e-doenca-cardiaca\/","og_site_name":"Healthy-Heart.org","article_modified_time":"2020-09-25T15:38:21+00:00","og_image":[{"width":1024,"height":683,"url":"https:\/\/www.healthy-heart.org\/wp-content\/uploads\/2019\/07\/iStock-874866632-1024x683.jpg","type":"image\/jpeg"}],"twitter_card":"summary_large_image","twitter_misc":{"Tempo estimado de leitura":"2 minutos"},"schema":{"@context":"https:\/\/schema.org","@graph":[{"@type":"WebPage","@id":"https:\/\/www.healthy-heart.org\/pt\/viver-com-doenca-cardiaca\/sexo-e-doenca-cardiaca\/","url":"https:\/\/www.healthy-heart.org\/pt\/viver-com-doenca-cardiaca\/sexo-e-doenca-cardiaca\/","name":"Sexo e doen\u00e7a card\u00edaca - Healthy-Heart.org","isPartOf":{"@id":"https:\/\/www.healthy-heart.org\/es\/#website"},"primaryImageOfPage":{"@id":"https:\/\/www.healthy-heart.org\/pt\/viver-com-doenca-cardiaca\/sexo-e-doenca-cardiaca\/#primaryimage"},"image":{"@id":"https:\/\/www.healthy-heart.org\/pt\/viver-com-doenca-cardiaca\/sexo-e-doenca-cardiaca\/#primaryimage"},"thumbnailUrl":"https:\/\/www.healthy-heart.org\/wp-content\/uploads\/2019\/07\/iStock-874866632.jpg","datePublished":"2019-10-08T10:33:33+00:00","dateModified":"2020-09-25T15:38:21+00:00","description":"\u00c9 geralmente seguro retomar a pr\u00e1tica sexual ap\u00f3s um enfarte do mioc\u00e1rdio sem complica\u00e7\u00f5es ou um procedimento card\u00edaco sem complica\u00e7\u00f5es, como a inser\u00e7\u00e3o de stent.","breadcrumb":{"@id":"https:\/\/www.healthy-heart.org\/pt\/viver-com-doenca-cardiaca\/sexo-e-doenca-cardiaca\/#breadcrumb"},"inLanguage":"pt-PT","potentialAction":[{"@type":"ReadAction","target":["https:\/\/www.healthy-heart.org\/pt\/viver-com-doenca-cardiaca\/sexo-e-doenca-cardiaca\/"]}]},{"@type":"ImageObject","inLanguage":"pt-PT","@id":"https:\/\/www.healthy-heart.org\/pt\/viver-com-doenca-cardiaca\/sexo-e-doenca-cardiaca\/#primaryimage","url":"https:\/\/www.healthy-heart.org\/wp-content\/uploads\/2019\/07\/iStock-874866632.jpg","contentUrl":"https:\/\/www.healthy-heart.org\/wp-content\/uploads\/2019\/07\/iStock-874866632.jpg","width":6720,"height":4480},{"@type":"BreadcrumbList","@id":"https:\/\/www.healthy-heart.org\/pt\/viver-com-doenca-cardiaca\/sexo-e-doenca-cardiaca\/#breadcrumb","itemListElement":[{"@type":"ListItem","position":1,"name":"Home","item":"https:\/\/www.healthy-heart.org\/pt\/"},{"@type":"ListItem","position":2,"name":"Viver com doen\u00e7a card\u00edaca","item":"https:\/\/www.healthy-heart.org\/pt\/viver-com-doenca-cardiaca\/"},{"@type":"ListItem","position":3,"name":"Sexo e doen\u00e7a card\u00edaca"}]},{"@type":"WebSite","@id":"https:\/\/www.healthy-heart.org\/es\/#website","url":"https:\/\/www.healthy-heart.org\/es\/","name":"Healthy-Heart.org","description":"Practical advice for patients and family care givers on the prevention of cardiovascular disease","potentialAction":[{"@type":"SearchAction","target":{"@type":"EntryPoint","urlTemplate":"https:\/\/www.healthy-heart.org\/es\/?s={search_term_string}"},"query-input":{"@type":"PropertyValueSpecification","valueRequired":true,"valueName":"search_term_string"}}],"inLanguage":"pt-PT"}]}},"_links":{"self":[{"href":"https:\/\/www.healthy-heart.org\/pt\/wp-json\/wp\/v2\/pages\/2334","targetHints":{"allow":["GET"]}}],"collection":[{"href":"https:\/\/www.healthy-heart.org\/pt\/wp-json\/wp\/v2\/pages"}],"about":[{"href":"https:\/\/www.healthy-heart.org\/pt\/wp-json\/wp\/v2\/types\/page"}],"author":[{"embeddable":true,"href":"https:\/\/www.healthy-heart.org\/pt\/wp-json\/wp\/v2\/users\/1"}],"replies":[{"embeddable":true,"href":"https:\/\/www.healthy-heart.org\/pt\/wp-json\/wp\/v2\/comments?post=2334"}],"version-history":[{"count":3,"href":"https:\/\/www.healthy-heart.org\/pt\/wp-json\/wp\/v2\/pages\/2334\/revisions"}],"predecessor-version":[{"id":4757,"href":"https:\/\/www.healthy-heart.org\/pt\/wp-json\/wp\/v2\/pages\/2334\/revisions\/4757"}],"up":[{"embeddable":true,"href":"https:\/\/www.healthy-heart.org\/pt\/wp-json\/wp\/v2\/pages\/2299"}],"wp:featuredmedia":[{"embeddable":true,"href":"https:\/\/www.healthy-heart.org\/pt\/wp-json\/wp\/v2\/media\/2339"}],"wp:attachment":[{"href":"https:\/\/www.healthy-heart.org\/pt\/wp-json\/wp\/v2\/media?parent=2334"}],"wp:term":[{"taxonomy":"category","embeddable":true,"href":"https:\/\/www.healthy-heart.org\/pt\/wp-json\/wp\/v2\/categories?post=2334"},{"taxonomy":"post_tag","embeddable":true,"href":"https:\/\/www.healthy-heart.org\/pt\/wp-json\/wp\/v2\/tags?post=2334"}],"curies":[{"name":"wp","href":"https:\/\/api.w.org\/{rel}","templated":true}]}}