{"id":2330,"date":"2019-10-08T11:33:32","date_gmt":"2019-10-08T10:33:32","guid":{"rendered":"https:\/\/www.healthy-heart.org\/hiperligacoes-uteis\/"},"modified":"2024-02-27T16:13:19","modified_gmt":"2024-02-27T16:13:19","slug":"hiperligacoes-uteis","status":"publish","type":"page","link":"https:\/\/www.healthy-heart.org\/pt\/hiperligacoes-uteis\/","title":{"rendered":"Hiperliga\u00e7\u00f5es \u00fateis"},"content":{"rendered":"<h3><a href=\"https:\/\/www.afibmatters.org\">www.AfibMatters.org<\/a><\/h3>\n<p>Sofre ou conhece algu\u00e9m que sofre de Fibrila\u00e7\u00e3o Auricular (FA)? Descubra todas as informa\u00e7\u00f5es de que precisa neste s\u00edtio Web educativo, concebido por profissionais de sa\u00fade.<\/p>\n<p>&nbsp;<\/p>\n<h3><a href=\"https:\/\/www.heartfailurematters.org\">www.HeartFailureMatters.org<\/a><\/h3>\n<p>Informa\u00e7\u00f5es pr\u00e1ticas sobre insufici\u00eancia card\u00edaca para doentes, fam\u00edlias e prestadores de cuidados fornecidas pela Heart Failure Association da Sociedade Europeia de Cardiologia.<\/p>\n<p>&nbsp;<\/p>\n<h3><a href=\"https:\/\/www.escardio.org\/Guidelines\/guidelines-for-patients\" target=\"_blank\" rel=\"noopener\">Diretrizes da ESC para doentes<\/a><\/h3>\n<p>Com base nas Diretrizes da Pr\u00e1tica Cl\u00ednica da ESC, estes documentos destinam-se a contribuir para a sua compreens\u00e3o da sua doen\u00e7a, para lhe dar o conhecimento e a confian\u00e7a de estar envolvido na tomada de decis\u00f5es partilhada com os seus prestadores de cuidados de sa\u00fade<br \/>\n<a href=\"https:\/\/www.escardio.org\/static-file\/Escardio\/Guidelines\/Documents\/ESC%20Patient%20Guidelines%20CVD%20in%20patients%20with%20diabetes\"><img loading=\"lazy\" decoding=\"async\" class=\"size-full wp-image-7162 alignright\" src=\"https:\/\/cdn-endpoint-prev.azureedge.net\/healthy-heart\/2024\/02\/CVD_diabetes_patient_GL_cover_escardio-vPhotoMedium.png\" alt=\"\" width=\"176\" height=\"250\" srcset=\"https:\/\/cdn-endpoint-prev.azureedge.net\/healthy-heart\/2024\/02\/CVD_diabetes_patient_GL_cover_escardio-vPhotoMedium.png 176w, https:\/\/cdn-endpoint-prev.azureedge.net\/healthy-heart\/2024\/02\/CVD_diabetes_patient_GL_cover_escardio-vPhotoMedium-141x200.png 141w\" sizes=\"auto, (max-width: 176px) 100vw, 176px\" \/><\/a><\/p>\n<h4><a href=\"https:\/\/www.escardio.org\/static-file\/Escardio\/Guidelines\/Documents\/ESC%20Patient%20Guidelines%20CVD%20in%20patients%20with%20diabetes\">Diabetes<\/a><\/h4>\n<p>Os doentes com diabetes correm maior risco de desenvolver doen\u00e7as cardiovasculares e de sofrer eventos cardiovasculares, como ataques card\u00edacos, que os doentes sem diabetes.<\/p>\n<p>Este guia fornece uma vis\u00e3o geral das mais recentes recomenda\u00e7\u00f5es baseadas em evid\u00eancias relacionadas com as doen\u00e7as cardiovasculares e a diabetes. Em particular, deve ajud\u00e1-lo(a) a compreender:<\/p>\n<ul>\n<li>As diferentes doen\u00e7as que aumentam o risco de eventos cardiovasculares em doentes com diabetes<\/li>\n<li>Os tratamentos recomendados para reduzir o risco cardiovascular<\/li>\n<li>As altera\u00e7\u00f5es de estilo de vida que podem ajudar a reduzir o risco cardiovascular<\/li>\n<\/ul>\n<p>&nbsp;<\/p>\n<h4><a href=\"https:\/\/www.escardio.org\/static-file\/Escardio\/Advocacy\/Documents\/ESC%20CVD%20prevention%20guidelines%20-%20final%20PDF.pdf\">Preven\u00e7\u00e3o de doen\u00e7a cardiovascular<\/a><a href=\"https:\/\/www.escardio.org\/static-file\/Escardio\/Advocacy\/Documents\/ESC%20CVD%20prevention%20guidelines%20-%20final%20PDF.pdf\"><img loading=\"lazy\" decoding=\"async\" class=\"alignright wp-image-7149 size-full\" src=\"https:\/\/cdn-endpoint-prev.azureedge.net\/healthy-heart\/2024\/02\/Cover-image-CVDPrevention_escardio-hPhotoSmall.png\" alt=\"\" width=\"178\" height=\"250\" srcset=\"https:\/\/cdn-endpoint-prev.azureedge.net\/healthy-heart\/2024\/02\/Cover-image-CVDPrevention_escardio-hPhotoSmall.png 178w, https:\/\/www.healthy-heart.org\/wp-content\/uploads\/2024\/02\/Cover-image-CVDPrevention_escardio-hPhotoSmall-142x200.png 142w\" sizes=\"auto, (max-width: 178px) 100vw, 178px\" \/><\/a><\/h4>\n<p>Este guia para doentes tem como objetivo fornecer uma vis\u00e3o geral das mais recentes recomenda\u00e7\u00f5es baseadas em evid\u00eancias para a preven\u00e7\u00e3o de doen\u00e7as cardiovasculares. Em particular, deve ajud\u00e1-lo(a) a compreender:<\/p>\n<ul>\n<li>Como \u00e9 avaliado o risco de doen\u00e7a cardiovascular<\/li>\n<li>A import\u00e2ncia das altera\u00e7\u00f5es de estilo de vida para a preven\u00e7\u00e3o de doen\u00e7as cardiovasculares<\/li>\n<li>Tratamentos e metas de tratamento que podem ser considerados apropriados com base no seu perfil de risco<\/li>\n<\/ul>\n<p>&nbsp;<\/p>\n<p>&nbsp;<\/p>\n<p>&nbsp;<\/p>\n<p>&nbsp;<\/p>\n","protected":false},"excerpt":{"rendered":"<p>www.AfibMatters.org Sofre ou conhece algu\u00e9m que sofre de Fibrila\u00e7\u00e3o Auricular (FA)? Descubra todas as informa\u00e7\u00f5es de que precisa neste s\u00edtio Web educativo, concebido por profissionais de sa\u00fade. &nbsp; www.HeartFailureMatters.org Informa\u00e7\u00f5es pr\u00e1ticas sobre insufici\u00eancia card\u00edaca para doentes, fam\u00edlias e prestadores de cuidados fornecidas pela Heart Failure Association da Sociedade Europeia de Cardiologia. &nbsp; Diretrizes da ESC [&hellip;]<\/p>\n","protected":false},"author":1,"featured_media":2277,"parent":0,"menu_order":0,"comment_status":"closed","ping_status":"closed","template":"templates\/full.php","meta":{"_acf_changed":false,"footnotes":""},"categories":[],"tags":[],"class_list":["post-2330","page","type-page","status-publish","has-post-thumbnail","hentry"],"acf":[],"yoast_head":"<!-- This site is optimized with the Yoast SEO plugin v24.0 - https:\/\/yoast.com\/wordpress\/plugins\/seo\/ -->\n<title>Hiperliga\u00e7\u00f5es \u00fateis - Healthy-Heart.org<\/title>\n<meta name=\"description\" content=\"Hiperliga\u00e7\u00f5es relacionadas com o cora\u00e7\u00e3o para mais informa\u00e7\u00f5es \u00fateis.\" \/>\n<meta name=\"robots\" content=\"index, follow, max-snippet:-1, max-image-preview:large, max-video-preview:-1\" \/>\n<link rel=\"canonical\" href=\"https:\/\/www.healthy-heart.org\/pt\/hiperligacoes-uteis\/\" \/>\n<meta property=\"og:locale\" content=\"pt_PT\" \/>\n<meta property=\"og:type\" content=\"article\" \/>\n<meta property=\"og:title\" content=\"Hiperliga\u00e7\u00f5es \u00fateis - Healthy-Heart.org\" \/>\n<meta property=\"og:description\" content=\"Hiperliga\u00e7\u00f5es relacionadas com o cora\u00e7\u00e3o para mais informa\u00e7\u00f5es \u00fateis.\" \/>\n<meta property=\"og:url\" content=\"https:\/\/www.healthy-heart.org\/pt\/hiperligacoes-uteis\/\" \/>\n<meta property=\"og:site_name\" content=\"Healthy-Heart.org\" \/>\n<meta property=\"article:modified_time\" content=\"2024-02-27T16:13:19+00:00\" \/>\n<meta property=\"og:image\" content=\"https:\/\/www.healthy-heart.org\/wp-content\/uploads\/2019\/07\/iStock-475709316-e1565872544506-1024x676.jpg\" \/>\n\t<meta property=\"og:image:width\" content=\"1024\" \/>\n\t<meta property=\"og:image:height\" content=\"676\" \/>\n\t<meta property=\"og:image:type\" content=\"image\/jpeg\" \/>\n<meta name=\"twitter:card\" content=\"summary_large_image\" \/>\n<meta name=\"twitter:label1\" content=\"Tempo estimado de leitura\" \/>\n\t<meta name=\"twitter:data1\" content=\"2 minutos\" \/>\n<script type=\"application\/ld+json\" class=\"yoast-schema-graph\">{\"@context\":\"https:\/\/schema.org\",\"@graph\":[{\"@type\":\"WebPage\",\"@id\":\"https:\/\/www.healthy-heart.org\/pt\/hiperligacoes-uteis\/\",\"url\":\"https:\/\/www.healthy-heart.org\/pt\/hiperligacoes-uteis\/\",\"name\":\"Hiperliga\u00e7\u00f5es \u00fateis - Healthy-Heart.org\",\"isPartOf\":{\"@id\":\"https:\/\/www.healthy-heart.org\/es\/#website\"},\"primaryImageOfPage\":{\"@id\":\"https:\/\/www.healthy-heart.org\/pt\/hiperligacoes-uteis\/#primaryimage\"},\"image\":{\"@id\":\"https:\/\/www.healthy-heart.org\/pt\/hiperligacoes-uteis\/#primaryimage\"},\"thumbnailUrl\":\"https:\/\/www.healthy-heart.org\/wp-content\/uploads\/2019\/07\/iStock-475709316-e1565872544506.jpg\",\"datePublished\":\"2019-10-08T10:33:32+00:00\",\"dateModified\":\"2024-02-27T16:13:19+00:00\",\"description\":\"Hiperliga\u00e7\u00f5es relacionadas com o cora\u00e7\u00e3o para mais informa\u00e7\u00f5es \u00fateis.\",\"breadcrumb\":{\"@id\":\"https:\/\/www.healthy-heart.org\/pt\/hiperligacoes-uteis\/#breadcrumb\"},\"inLanguage\":\"pt-PT\",\"potentialAction\":[{\"@type\":\"ReadAction\",\"target\":[\"https:\/\/www.healthy-heart.org\/pt\/hiperligacoes-uteis\/\"]}]},{\"@type\":\"ImageObject\",\"inLanguage\":\"pt-PT\",\"@id\":\"https:\/\/www.healthy-heart.org\/pt\/hiperligacoes-uteis\/#primaryimage\",\"url\":\"https:\/\/www.healthy-heart.org\/wp-content\/uploads\/2019\/07\/iStock-475709316-e1565872544506.jpg\",\"contentUrl\":\"https:\/\/www.healthy-heart.org\/wp-content\/uploads\/2019\/07\/iStock-475709316-e1565872544506.jpg\",\"width\":5616,\"height\":3706},{\"@type\":\"BreadcrumbList\",\"@id\":\"https:\/\/www.healthy-heart.org\/pt\/hiperligacoes-uteis\/#breadcrumb\",\"itemListElement\":[{\"@type\":\"ListItem\",\"position\":1,\"name\":\"Home\",\"item\":\"https:\/\/www.healthy-heart.org\/pt\/\"},{\"@type\":\"ListItem\",\"position\":2,\"name\":\"Hiperliga\u00e7\u00f5es \u00fateis\"}]},{\"@type\":\"WebSite\",\"@id\":\"https:\/\/www.healthy-heart.org\/es\/#website\",\"url\":\"https:\/\/www.healthy-heart.org\/es\/\",\"name\":\"Healthy-Heart.org\",\"description\":\"Practical advice for patients and family care givers on the prevention of cardiovascular disease\",\"potentialAction\":[{\"@type\":\"SearchAction\",\"target\":{\"@type\":\"EntryPoint\",\"urlTemplate\":\"https:\/\/www.healthy-heart.org\/es\/?s={search_term_string}\"},\"query-input\":{\"@type\":\"PropertyValueSpecification\",\"valueRequired\":true,\"valueName\":\"search_term_string\"}}],\"inLanguage\":\"pt-PT\"}]}<\/script>\n<!-- \/ Yoast SEO plugin. -->","yoast_head_json":{"title":"Hiperliga\u00e7\u00f5es \u00fateis - Healthy-Heart.org","description":"Hiperliga\u00e7\u00f5es relacionadas com o cora\u00e7\u00e3o para mais informa\u00e7\u00f5es \u00fateis.","robots":{"index":"index","follow":"follow","max-snippet":"max-snippet:-1","max-image-preview":"max-image-preview:large","max-video-preview":"max-video-preview:-1"},"canonical":"https:\/\/www.healthy-heart.org\/pt\/hiperligacoes-uteis\/","og_locale":"pt_PT","og_type":"article","og_title":"Hiperliga\u00e7\u00f5es \u00fateis - Healthy-Heart.org","og_description":"Hiperliga\u00e7\u00f5es relacionadas com o cora\u00e7\u00e3o para mais informa\u00e7\u00f5es \u00fateis.","og_url":"https:\/\/www.healthy-heart.org\/pt\/hiperligacoes-uteis\/","og_site_name":"Healthy-Heart.org","article_modified_time":"2024-02-27T16:13:19+00:00","og_image":[{"width":1024,"height":676,"url":"https:\/\/www.healthy-heart.org\/wp-content\/uploads\/2019\/07\/iStock-475709316-e1565872544506-1024x676.jpg","type":"image\/jpeg"}],"twitter_card":"summary_large_image","twitter_misc":{"Tempo estimado de leitura":"2 minutos"},"schema":{"@context":"https:\/\/schema.org","@graph":[{"@type":"WebPage","@id":"https:\/\/www.healthy-heart.org\/pt\/hiperligacoes-uteis\/","url":"https:\/\/www.healthy-heart.org\/pt\/hiperligacoes-uteis\/","name":"Hiperliga\u00e7\u00f5es \u00fateis - Healthy-Heart.org","isPartOf":{"@id":"https:\/\/www.healthy-heart.org\/es\/#website"},"primaryImageOfPage":{"@id":"https:\/\/www.healthy-heart.org\/pt\/hiperligacoes-uteis\/#primaryimage"},"image":{"@id":"https:\/\/www.healthy-heart.org\/pt\/hiperligacoes-uteis\/#primaryimage"},"thumbnailUrl":"https:\/\/www.healthy-heart.org\/wp-content\/uploads\/2019\/07\/iStock-475709316-e1565872544506.jpg","datePublished":"2019-10-08T10:33:32+00:00","dateModified":"2024-02-27T16:13:19+00:00","description":"Hiperliga\u00e7\u00f5es relacionadas com o cora\u00e7\u00e3o para mais informa\u00e7\u00f5es \u00fateis.","breadcrumb":{"@id":"https:\/\/www.healthy-heart.org\/pt\/hiperligacoes-uteis\/#breadcrumb"},"inLanguage":"pt-PT","potentialAction":[{"@type":"ReadAction","target":["https:\/\/www.healthy-heart.org\/pt\/hiperligacoes-uteis\/"]}]},{"@type":"ImageObject","inLanguage":"pt-PT","@id":"https:\/\/www.healthy-heart.org\/pt\/hiperligacoes-uteis\/#primaryimage","url":"https:\/\/www.healthy-heart.org\/wp-content\/uploads\/2019\/07\/iStock-475709316-e1565872544506.jpg","contentUrl":"https:\/\/www.healthy-heart.org\/wp-content\/uploads\/2019\/07\/iStock-475709316-e1565872544506.jpg","width":5616,"height":3706},{"@type":"BreadcrumbList","@id":"https:\/\/www.healthy-heart.org\/pt\/hiperligacoes-uteis\/#breadcrumb","itemListElement":[{"@type":"ListItem","position":1,"name":"Home","item":"https:\/\/www.healthy-heart.org\/pt\/"},{"@type":"ListItem","position":2,"name":"Hiperliga\u00e7\u00f5es \u00fateis"}]},{"@type":"WebSite","@id":"https:\/\/www.healthy-heart.org\/es\/#website","url":"https:\/\/www.healthy-heart.org\/es\/","name":"Healthy-Heart.org","description":"Practical advice for patients and family care givers on the prevention of cardiovascular disease","potentialAction":[{"@type":"SearchAction","target":{"@type":"EntryPoint","urlTemplate":"https:\/\/www.healthy-heart.org\/es\/?s={search_term_string}"},"query-input":{"@type":"PropertyValueSpecification","valueRequired":true,"valueName":"search_term_string"}}],"inLanguage":"pt-PT"}]}},"_links":{"self":[{"href":"https:\/\/www.healthy-heart.org\/pt\/wp-json\/wp\/v2\/pages\/2330","targetHints":{"allow":["GET"]}}],"collection":[{"href":"https:\/\/www.healthy-heart.org\/pt\/wp-json\/wp\/v2\/pages"}],"about":[{"href":"https:\/\/www.healthy-heart.org\/pt\/wp-json\/wp\/v2\/types\/page"}],"author":[{"embeddable":true,"href":"https:\/\/www.healthy-heart.org\/pt\/wp-json\/wp\/v2\/users\/1"}],"replies":[{"embeddable":true,"href":"https:\/\/www.healthy-heart.org\/pt\/wp-json\/wp\/v2\/comments?post=2330"}],"version-history":[{"count":4,"href":"https:\/\/www.healthy-heart.org\/pt\/wp-json\/wp\/v2\/pages\/2330\/revisions"}],"predecessor-version":[{"id":7188,"href":"https:\/\/www.healthy-heart.org\/pt\/wp-json\/wp\/v2\/pages\/2330\/revisions\/7188"}],"wp:featuredmedia":[{"embeddable":true,"href":"https:\/\/www.healthy-heart.org\/pt\/wp-json\/wp\/v2\/media\/2277"}],"wp:attachment":[{"href":"https:\/\/www.healthy-heart.org\/pt\/wp-json\/wp\/v2\/media?parent=2330"}],"wp:term":[{"taxonomy":"category","embeddable":true,"href":"https:\/\/www.healthy-heart.org\/pt\/wp-json\/wp\/v2\/categories?post=2330"},{"taxonomy":"post_tag","embeddable":true,"href":"https:\/\/www.healthy-heart.org\/pt\/wp-json\/wp\/v2\/tags?post=2330"}],"curies":[{"name":"wp","href":"https:\/\/api.w.org\/{rel}","templated":true}]}}