{"id":2328,"date":"2019-10-08T11:33:31","date_gmt":"2019-10-08T10:33:31","guid":{"rendered":"https:\/\/www.healthy-heart.org\/viver-com-doenca-cardiaca\/fatores-de-risco-para-um-segundo-ataque-cardiaco\/"},"modified":"2025-08-29T13:22:06","modified_gmt":"2025-08-29T12:22:06","slug":"fatores-de-risco-para-um-segundo-ataque-cardiaco","status":"publish","type":"page","link":"https:\/\/www.healthy-heart.org\/pt\/viver-com-doenca-cardiaca\/fatores-de-risco-para-um-segundo-ataque-cardiaco\/","title":{"rendered":"Fatores de risco para um segundo ataque card\u00edaco"},"content":{"rendered":"<p><img loading=\"lazy\" decoding=\"async\" class=\"alignright size-medium wp-image-494\" src=\"https:\/\/cdn-endpoint-prev.azureedge.net\/healthy-heart\/2019\/07\/iStock-908134236-e1565872918492-350x246.jpg\" alt=\"\" width=\"350\" height=\"246\" srcset=\"https:\/\/www.healthy-heart.org\/wp-content\/uploads\/2019\/07\/iStock-908134236-e1565872918492-350x246.jpg 350w, https:\/\/www.healthy-heart.org\/wp-content\/uploads\/2019\/07\/iStock-908134236-e1565872918492-200x140.jpg 200w, https:\/\/www.healthy-heart.org\/wp-content\/uploads\/2019\/07\/iStock-908134236-e1565872918492-768x539.jpg 768w, https:\/\/www.healthy-heart.org\/wp-content\/uploads\/2019\/07\/iStock-908134236-e1565872918492-1024x719.jpg 1024w, https:\/\/www.healthy-heart.org\/wp-content\/uploads\/2019\/07\/iStock-908134236-e1565872918492-1536x1079.jpg 1536w, https:\/\/www.healthy-heart.org\/wp-content\/uploads\/2019\/07\/iStock-908134236-e1565872918492-2048x1438.jpg 2048w, https:\/\/www.healthy-heart.org\/wp-content\/uploads\/2019\/07\/iStock-908134236-e1565872918492-625x439.jpg 625w, https:\/\/www.healthy-heart.org\/wp-content\/uploads\/2019\/07\/iStock-908134236-e1565872918492-661x464.jpg 661w\" sizes=\"auto, (max-width: 350px) 100vw, 350px\" \/><\/p>\n<p>\u00c9 poss\u00edvel que tenha sido sujeito a um procedimento e medica\u00e7\u00e3o para repor o fornecimento de sangue e oxig\u00e9nio ao m\u00fasculo card\u00edaco. Embora esses tratamentos possam aliviar os seus sintomas, o vaso sangu\u00edneo afetado pode estreitar ou ficar novamente bloqueado. Al\u00e9m disso, os mesmos fatores que levaram ao primeiro ataque card\u00edaco podem j\u00e1 estar a deteriorar outros vasos sangu\u00edneos. Se estes vasos danificados abastecerem o seu cora\u00e7\u00e3o, ent\u00e3o \u00e9 poss\u00edvel a ocorr\u00eancia de outro ataque card\u00edaco. Se fornecerem o c\u00e9rebro, pode resultar num AVC. Os vasos bloqueados nas pernas podem causar doen\u00e7a arterial perif\u00e9rica.<\/p>\n<p>O risco de um segundo ataque card\u00edaco ou outro epis\u00f3dio cardiovascular varia de pessoa para pessoa. Depende de v\u00e1rios fatores, alguns dos quais podem ser modificados e outros n\u00e3o. Os fatores de risco mais relevantes s\u00e3o:<\/p>\n<p><span style=\"text-decoration: underline;\"><strong>Fatores de risco inalter\u00e1veis:<\/strong><\/span><\/p>\n<ul>\n<li>Idade<\/li>\n<li><a href=\"https:\/\/www.healthy-heart.org\/keep-your-heart-healthy\/differences-between-men-and-women\/\">Sexo<\/a><\/li>\n<li>N\u00famero e tipo de epis\u00f3dios cardiovasculares anteriores<\/li>\n<li>Capacidade de bombeamento remanescente do cora\u00e7\u00e3o<\/li>\n<li>Presen\u00e7a de fibrilha\u00e7\u00e3o auricular (uma forma de perturba\u00e7\u00e3o do ritmo)<\/li>\n<li>Disfun\u00e7\u00e3o renal<\/li>\n<\/ul>\n<p><span style=\"text-decoration: underline;\"><strong>Fatores de risco alter\u00e1veis:<\/strong><\/span><\/p>\n<ul>\n<li><a href=\"https:\/\/www.healthy-heart.org\/keep-your-heart-healthy\/smoking\/\">Tabagismo<\/a><\/li>\n<li><a href=\"https:\/\/www.healthy-heart.org\/keep-your-heart-healthy\/keeping-a-healthy-weight\/\">Peso corporal<\/a><\/li>\n<li><a href=\"https:\/\/www.healthy-heart.org\/keep-your-heart-healthy\/physical-activity\/\">Exerc\u00edcio f\u00edsico<\/a> versus inatividade f\u00edsica<\/li>\n<li><a href=\"https:\/\/www.healthy-heart.org\/keep-your-heart-healthy\/heart-friendly-diet\/\">Alimenta\u00e7\u00e3o saud\u00e1vel versus n\u00e3o saud\u00e1vel<\/a><\/li>\n<li><a href=\"https:\/\/www.healthy-heart.org\/keep-your-heart-healthy\/stress-and-sleep\/\">Stress psicossocial<\/a><\/li>\n<li><a href=\"https:\/\/www.healthy-heart.org\/keep-your-heart-healthy\/cholesterol\/\">Controlo do colesterol no sangue<\/a><\/li>\n<li><a href=\"https:\/\/www.healthy-heart.org\/keep-your-heart-healthy\/blood-pressure\/\">Controlo da press\u00e3o arterial<\/a><\/li>\n<li><a href=\"https:\/\/www.healthy-heart.org\/keep-your-heart-healthy\/diabetes\/\">Presen\u00e7a e controlo da diabetes mellitus<\/a><\/li>\n<li>Inflama\u00e7\u00e3o cr\u00f3nica<\/li>\n<\/ul>\n<p>A identifica\u00e7\u00e3o dos fatores de risco determina as mudan\u00e7as de comportamento e <a href=\"https:\/\/www.healthy-heart.org\/living-with-heart-disease\/types-of-medication\/\">a medica\u00e7\u00e3o<\/a> necess\u00e1rias para prevenir novos epis\u00f3dios cardiovasculares. Qualquer que seja o n\u00edvel de risco, um estilo de vida saud\u00e1vel \u00e9 crucial para evitar um segundo ataque card\u00edaco. Isto inclui n\u00e3o <a href=\"https:\/\/www.healthy-heart.org\/keep-your-heart-healthy\/smoking\/\">fumar<\/a>, manter um <a href=\"https:\/\/www.healthy-heart.org\/keep-your-heart-healthy\/keeping-a-healthy-weight\/\">peso saud\u00e1vel<\/a>, uma <a href=\"https:\/\/www.healthy-heart.org\/keep-your-heart-healthy\/heart-friendly-diet\/\">alimenta\u00e7\u00e3o equilibrada<\/a>, permanecer <a href=\"https:\/\/www.healthy-heart.org\/keep-your-heart-healthy\/physical-activity\/\">fisicamente ativo<\/a> e um eficaz <a href=\"https:\/\/www.healthy-heart.org\/keep-your-heart-healthy\/stress-and-sleep\/\">controlo do stress<\/a>, da <a href=\"https:\/\/www.healthy-heart.org\/keep-your-heart-healthy\/blood-pressure\/\">press\u00e3o arterial<\/a>, do <a href=\"https:\/\/www.healthy-heart.org\/keep-your-heart-healthy\/cholesterol\/\">colesterol<\/a> e da <a href=\"https:\/\/www.healthy-heart.org\/keep-your-heart-healthy\/diabetes\/\">diabetes<\/a>.<\/p>\n","protected":false},"excerpt":{"rendered":"<p>\u00c9 poss\u00edvel que tenha sido sujeito a um procedimento e medica\u00e7\u00e3o para repor o fornecimento de sangue e oxig\u00e9nio ao m\u00fasculo card\u00edaco. Embora esses tratamentos possam aliviar os seus sintomas, o vaso sangu\u00edneo afetado pode estreitar ou ficar novamente bloqueado. Al\u00e9m disso, os mesmos fatores que levaram ao primeiro ataque card\u00edaco podem j\u00e1 estar a [&hellip;]<\/p>\n","protected":false},"author":1,"featured_media":2332,"parent":2299,"menu_order":10,"comment_status":"closed","ping_status":"closed","template":"","meta":{"_acf_changed":false,"footnotes":""},"categories":[76],"tags":[],"class_list":["post-2328","page","type-page","status-publish","has-post-thumbnail","hentry","category-viver-com-doenca-cardiaca"],"acf":[],"yoast_head":"<!-- This site is optimized with the Yoast SEO plugin v24.0 - https:\/\/yoast.com\/wordpress\/plugins\/seo\/ -->\n<title>Fatores de risco para um segundo ataque card\u00edaco - Healthy-Heart.org<\/title>\n<meta name=\"description\" content=\"O risco de um segundo ataque card\u00edaco n\u00e3o \u00e9 igual para todos. Depende de v\u00e1rios fatores, alguns dos quais podem ser influenciados e outros n\u00e3o.\" \/>\n<meta name=\"robots\" content=\"index, follow, max-snippet:-1, max-image-preview:large, max-video-preview:-1\" \/>\n<link rel=\"canonical\" href=\"https:\/\/www.healthy-heart.org\/pt\/viver-com-doenca-cardiaca\/fatores-de-risco-para-um-segundo-ataque-cardiaco\/\" \/>\n<meta property=\"og:locale\" content=\"pt_PT\" \/>\n<meta property=\"og:type\" content=\"article\" \/>\n<meta property=\"og:title\" content=\"Fatores de risco para um segundo ataque card\u00edaco - Healthy-Heart.org\" \/>\n<meta property=\"og:description\" content=\"O risco de um segundo ataque card\u00edaco n\u00e3o \u00e9 igual para todos. Depende de v\u00e1rios fatores, alguns dos quais podem ser influenciados e outros n\u00e3o.\" \/>\n<meta property=\"og:url\" content=\"https:\/\/www.healthy-heart.org\/pt\/viver-com-doenca-cardiaca\/fatores-de-risco-para-um-segundo-ataque-cardiaco\/\" \/>\n<meta property=\"og:site_name\" content=\"Healthy-Heart.org\" \/>\n<meta property=\"article:modified_time\" content=\"2025-08-29T12:22:06+00:00\" \/>\n<meta property=\"og:image\" content=\"https:\/\/www.healthy-heart.org\/wp-content\/uploads\/2019\/07\/iStock-908134236-e1565872918492-1024x719.jpg\" \/>\n\t<meta property=\"og:image:width\" content=\"1024\" \/>\n\t<meta property=\"og:image:height\" content=\"719\" \/>\n\t<meta property=\"og:image:type\" content=\"image\/jpeg\" \/>\n<meta name=\"twitter:card\" content=\"summary_large_image\" \/>\n<meta name=\"twitter:label1\" content=\"Tempo estimado de leitura\" \/>\n\t<meta name=\"twitter:data1\" content=\"2 minutos\" \/>\n<script type=\"application\/ld+json\" class=\"yoast-schema-graph\">{\"@context\":\"https:\/\/schema.org\",\"@graph\":[{\"@type\":\"WebPage\",\"@id\":\"https:\/\/www.healthy-heart.org\/pt\/viver-com-doenca-cardiaca\/fatores-de-risco-para-um-segundo-ataque-cardiaco\/\",\"url\":\"https:\/\/www.healthy-heart.org\/pt\/viver-com-doenca-cardiaca\/fatores-de-risco-para-um-segundo-ataque-cardiaco\/\",\"name\":\"Fatores de risco para um segundo ataque card\u00edaco - Healthy-Heart.org\",\"isPartOf\":{\"@id\":\"https:\/\/www.healthy-heart.org\/es\/#website\"},\"primaryImageOfPage\":{\"@id\":\"https:\/\/www.healthy-heart.org\/pt\/viver-com-doenca-cardiaca\/fatores-de-risco-para-um-segundo-ataque-cardiaco\/#primaryimage\"},\"image\":{\"@id\":\"https:\/\/www.healthy-heart.org\/pt\/viver-com-doenca-cardiaca\/fatores-de-risco-para-um-segundo-ataque-cardiaco\/#primaryimage\"},\"thumbnailUrl\":\"https:\/\/www.healthy-heart.org\/wp-content\/uploads\/2019\/07\/iStock-908134236-e1565872918492.jpg\",\"datePublished\":\"2019-10-08T10:33:31+00:00\",\"dateModified\":\"2025-08-29T12:22:06+00:00\",\"description\":\"O risco de um segundo ataque card\u00edaco n\u00e3o \u00e9 igual para todos. Depende de v\u00e1rios fatores, alguns dos quais podem ser influenciados e outros n\u00e3o.\",\"breadcrumb\":{\"@id\":\"https:\/\/www.healthy-heart.org\/pt\/viver-com-doenca-cardiaca\/fatores-de-risco-para-um-segundo-ataque-cardiaco\/#breadcrumb\"},\"inLanguage\":\"pt-PT\",\"potentialAction\":[{\"@type\":\"ReadAction\",\"target\":[\"https:\/\/www.healthy-heart.org\/pt\/viver-com-doenca-cardiaca\/fatores-de-risco-para-um-segundo-ataque-cardiaco\/\"]}]},{\"@type\":\"ImageObject\",\"inLanguage\":\"pt-PT\",\"@id\":\"https:\/\/www.healthy-heart.org\/pt\/viver-com-doenca-cardiaca\/fatores-de-risco-para-um-segundo-ataque-cardiaco\/#primaryimage\",\"url\":\"https:\/\/www.healthy-heart.org\/wp-content\/uploads\/2019\/07\/iStock-908134236-e1565872918492.jpg\",\"contentUrl\":\"https:\/\/www.healthy-heart.org\/wp-content\/uploads\/2019\/07\/iStock-908134236-e1565872918492.jpg\",\"width\":7120,\"height\":5000},{\"@type\":\"BreadcrumbList\",\"@id\":\"https:\/\/www.healthy-heart.org\/pt\/viver-com-doenca-cardiaca\/fatores-de-risco-para-um-segundo-ataque-cardiaco\/#breadcrumb\",\"itemListElement\":[{\"@type\":\"ListItem\",\"position\":1,\"name\":\"Home\",\"item\":\"https:\/\/www.healthy-heart.org\/pt\/\"},{\"@type\":\"ListItem\",\"position\":2,\"name\":\"Viver com doen\u00e7a card\u00edaca\",\"item\":\"https:\/\/www.healthy-heart.org\/pt\/viver-com-doenca-cardiaca\/\"},{\"@type\":\"ListItem\",\"position\":3,\"name\":\"Fatores de risco para um segundo ataque card\u00edaco\"}]},{\"@type\":\"WebSite\",\"@id\":\"https:\/\/www.healthy-heart.org\/es\/#website\",\"url\":\"https:\/\/www.healthy-heart.org\/es\/\",\"name\":\"Healthy-Heart.org\",\"description\":\"Practical advice for patients and family care givers on the prevention of cardiovascular disease\",\"potentialAction\":[{\"@type\":\"SearchAction\",\"target\":{\"@type\":\"EntryPoint\",\"urlTemplate\":\"https:\/\/www.healthy-heart.org\/es\/?s={search_term_string}\"},\"query-input\":{\"@type\":\"PropertyValueSpecification\",\"valueRequired\":true,\"valueName\":\"search_term_string\"}}],\"inLanguage\":\"pt-PT\"}]}<\/script>\n<!-- \/ Yoast SEO plugin. -->","yoast_head_json":{"title":"Fatores de risco para um segundo ataque card\u00edaco - Healthy-Heart.org","description":"O risco de um segundo ataque card\u00edaco n\u00e3o \u00e9 igual para todos. Depende de v\u00e1rios fatores, alguns dos quais podem ser influenciados e outros n\u00e3o.","robots":{"index":"index","follow":"follow","max-snippet":"max-snippet:-1","max-image-preview":"max-image-preview:large","max-video-preview":"max-video-preview:-1"},"canonical":"https:\/\/www.healthy-heart.org\/pt\/viver-com-doenca-cardiaca\/fatores-de-risco-para-um-segundo-ataque-cardiaco\/","og_locale":"pt_PT","og_type":"article","og_title":"Fatores de risco para um segundo ataque card\u00edaco - Healthy-Heart.org","og_description":"O risco de um segundo ataque card\u00edaco n\u00e3o \u00e9 igual para todos. Depende de v\u00e1rios fatores, alguns dos quais podem ser influenciados e outros n\u00e3o.","og_url":"https:\/\/www.healthy-heart.org\/pt\/viver-com-doenca-cardiaca\/fatores-de-risco-para-um-segundo-ataque-cardiaco\/","og_site_name":"Healthy-Heart.org","article_modified_time":"2025-08-29T12:22:06+00:00","og_image":[{"width":1024,"height":719,"url":"https:\/\/www.healthy-heart.org\/wp-content\/uploads\/2019\/07\/iStock-908134236-e1565872918492-1024x719.jpg","type":"image\/jpeg"}],"twitter_card":"summary_large_image","twitter_misc":{"Tempo estimado de leitura":"2 minutos"},"schema":{"@context":"https:\/\/schema.org","@graph":[{"@type":"WebPage","@id":"https:\/\/www.healthy-heart.org\/pt\/viver-com-doenca-cardiaca\/fatores-de-risco-para-um-segundo-ataque-cardiaco\/","url":"https:\/\/www.healthy-heart.org\/pt\/viver-com-doenca-cardiaca\/fatores-de-risco-para-um-segundo-ataque-cardiaco\/","name":"Fatores de risco para um segundo ataque card\u00edaco - Healthy-Heart.org","isPartOf":{"@id":"https:\/\/www.healthy-heart.org\/es\/#website"},"primaryImageOfPage":{"@id":"https:\/\/www.healthy-heart.org\/pt\/viver-com-doenca-cardiaca\/fatores-de-risco-para-um-segundo-ataque-cardiaco\/#primaryimage"},"image":{"@id":"https:\/\/www.healthy-heart.org\/pt\/viver-com-doenca-cardiaca\/fatores-de-risco-para-um-segundo-ataque-cardiaco\/#primaryimage"},"thumbnailUrl":"https:\/\/www.healthy-heart.org\/wp-content\/uploads\/2019\/07\/iStock-908134236-e1565872918492.jpg","datePublished":"2019-10-08T10:33:31+00:00","dateModified":"2025-08-29T12:22:06+00:00","description":"O risco de um segundo ataque card\u00edaco n\u00e3o \u00e9 igual para todos. Depende de v\u00e1rios fatores, alguns dos quais podem ser influenciados e outros n\u00e3o.","breadcrumb":{"@id":"https:\/\/www.healthy-heart.org\/pt\/viver-com-doenca-cardiaca\/fatores-de-risco-para-um-segundo-ataque-cardiaco\/#breadcrumb"},"inLanguage":"pt-PT","potentialAction":[{"@type":"ReadAction","target":["https:\/\/www.healthy-heart.org\/pt\/viver-com-doenca-cardiaca\/fatores-de-risco-para-um-segundo-ataque-cardiaco\/"]}]},{"@type":"ImageObject","inLanguage":"pt-PT","@id":"https:\/\/www.healthy-heart.org\/pt\/viver-com-doenca-cardiaca\/fatores-de-risco-para-um-segundo-ataque-cardiaco\/#primaryimage","url":"https:\/\/www.healthy-heart.org\/wp-content\/uploads\/2019\/07\/iStock-908134236-e1565872918492.jpg","contentUrl":"https:\/\/www.healthy-heart.org\/wp-content\/uploads\/2019\/07\/iStock-908134236-e1565872918492.jpg","width":7120,"height":5000},{"@type":"BreadcrumbList","@id":"https:\/\/www.healthy-heart.org\/pt\/viver-com-doenca-cardiaca\/fatores-de-risco-para-um-segundo-ataque-cardiaco\/#breadcrumb","itemListElement":[{"@type":"ListItem","position":1,"name":"Home","item":"https:\/\/www.healthy-heart.org\/pt\/"},{"@type":"ListItem","position":2,"name":"Viver com doen\u00e7a card\u00edaca","item":"https:\/\/www.healthy-heart.org\/pt\/viver-com-doenca-cardiaca\/"},{"@type":"ListItem","position":3,"name":"Fatores de risco para um segundo ataque card\u00edaco"}]},{"@type":"WebSite","@id":"https:\/\/www.healthy-heart.org\/es\/#website","url":"https:\/\/www.healthy-heart.org\/es\/","name":"Healthy-Heart.org","description":"Practical advice for patients and family care givers on the prevention of cardiovascular disease","potentialAction":[{"@type":"SearchAction","target":{"@type":"EntryPoint","urlTemplate":"https:\/\/www.healthy-heart.org\/es\/?s={search_term_string}"},"query-input":{"@type":"PropertyValueSpecification","valueRequired":true,"valueName":"search_term_string"}}],"inLanguage":"pt-PT"}]}},"_links":{"self":[{"href":"https:\/\/www.healthy-heart.org\/pt\/wp-json\/wp\/v2\/pages\/2328","targetHints":{"allow":["GET"]}}],"collection":[{"href":"https:\/\/www.healthy-heart.org\/pt\/wp-json\/wp\/v2\/pages"}],"about":[{"href":"https:\/\/www.healthy-heart.org\/pt\/wp-json\/wp\/v2\/types\/page"}],"author":[{"embeddable":true,"href":"https:\/\/www.healthy-heart.org\/pt\/wp-json\/wp\/v2\/users\/1"}],"replies":[{"embeddable":true,"href":"https:\/\/www.healthy-heart.org\/pt\/wp-json\/wp\/v2\/comments?post=2328"}],"version-history":[{"count":7,"href":"https:\/\/www.healthy-heart.org\/pt\/wp-json\/wp\/v2\/pages\/2328\/revisions"}],"predecessor-version":[{"id":7841,"href":"https:\/\/www.healthy-heart.org\/pt\/wp-json\/wp\/v2\/pages\/2328\/revisions\/7841"}],"up":[{"embeddable":true,"href":"https:\/\/www.healthy-heart.org\/pt\/wp-json\/wp\/v2\/pages\/2299"}],"wp:featuredmedia":[{"embeddable":true,"href":"https:\/\/www.healthy-heart.org\/pt\/wp-json\/wp\/v2\/media\/2332"}],"wp:attachment":[{"href":"https:\/\/www.healthy-heart.org\/pt\/wp-json\/wp\/v2\/media?parent=2328"}],"wp:term":[{"taxonomy":"category","embeddable":true,"href":"https:\/\/www.healthy-heart.org\/pt\/wp-json\/wp\/v2\/categories?post=2328"},{"taxonomy":"post_tag","embeddable":true,"href":"https:\/\/www.healthy-heart.org\/pt\/wp-json\/wp\/v2\/tags?post=2328"}],"curies":[{"name":"wp","href":"https:\/\/api.w.org\/{rel}","templated":true}]}}