{"id":2327,"date":"2019-10-08T11:33:31","date_gmt":"2019-10-08T10:33:31","guid":{"rendered":"https:\/\/www.healthy-heart.org\/viver-com-doenca-cardiaca\/apoio-familiar\/"},"modified":"2019-10-08T11:33:31","modified_gmt":"2019-10-08T10:33:31","slug":"apoio-familiar","status":"publish","type":"page","link":"https:\/\/www.healthy-heart.org\/pt\/viver-com-doenca-cardiaca\/apoio-familiar\/","title":{"rendered":"Apoio familiar"},"content":{"rendered":"<p><img loading=\"lazy\" decoding=\"async\" class=\"alignright size-medium wp-image-565\" src=\"https:\/\/www.healthy-heart.org\/wp-content\/uploads\/2019\/07\/iStock-1055062378-350x233.jpg\" alt=\"\" width=\"350\" height=\"233\"><br \/>\nUm companheiro e a fam\u00edlia direta podem ser uma fonte essencial de apoio, incentivo e motiva\u00e7\u00e3o na recupera\u00e7\u00e3o de uma doen\u00e7a card\u00edaca. Muitos casais afirmaram que o problema card\u00edaco os aproximou.<\/p>\n<p>Os eventos cardiovasculares podem ser devastadores para as fam\u00edlias, que muitas vezes se sentem impotentes e ansiosas relativamente \u00e0 doen\u00e7a, hospitaliza\u00e7\u00e3o e tratamento. Os companheiros podem mostrar-se preocupados com os passos seguintes para a sa\u00fade do ente querido. Podem surgir sentimentos negativos, incluindo culpa (se, ao menos, eu&#8230;), mudan\u00e7as de humor e preocupa\u00e7\u00f5es com as consequ\u00eancias financeiras. Isto pode afetar a qualidade da rela\u00e7\u00e3o e a recupera\u00e7\u00e3o do doente. Por conseguinte, \u00e9 crucial que os membros da fam\u00edlia continuem a cuidar bem de si pr\u00f3prios. Isto significa sono e relaxamento suficientes, um <a href=\"https:\/\/www.healthy-heart.org\/keep-your-heart-healthy\/take-control-of-your-lifestyle\/\">estilo de vida saud\u00e1vel<\/a> e levar a cabo as atividades de que gostam.<\/p>\n<p>Os companheiros sentem-se muitas vezes respons\u00e1veis\u200b pela sa\u00fade do doente e ignoram as suas pr\u00f3prias necessidades. \u00c9 poss\u00edvel que assumam fun\u00e7\u00f5es dom\u00e9sticas extra, tentem estar constantemente dispon\u00edveis e limitar as atividades do doente porque t\u00eam medo dos efeitos negativos para o cora\u00e7\u00e3o. Os doentes podem senti-lo como super prote\u00e7\u00e3o e controlo e podem esconder os seus sentimentos e pensamentos para impedir que o companheiro se preocupe. Pode ent\u00e3o surgir irrita\u00e7\u00e3o m\u00fatua, o que n\u00e3o \u00e9 ben\u00e9fico para a rela\u00e7\u00e3o nem para o processo de recupera\u00e7\u00e3o. Adaptar-se com sucesso \u00e0 vida com doen\u00e7a card\u00edaca requer ser aberto e honesto e reconhecer a individualidade de cada um.<\/p>\n<p>Envolver o companheiro e a fam\u00edlia direta no programa de <a href=\"https:\/\/www.healthy-heart.org\/living-with-heart-disease\/improve-your-heart-condition\/\">reabilita\u00e7\u00e3o card\u00edaca<\/a> \u00e9 uma oportunidade \u00fanica para unir for\u00e7as no processo de recupera\u00e7\u00e3o e tomar decis\u00f5es conjuntas sobre ajustes de sa\u00fade. Afinal de contas, ser informado em conjunto sobre os aspetos m\u00e9dicos do problema card\u00edaco, receber conselhos sobre <a href=\"https:\/\/www.healthy-heart.org\/keep-your-heart-healthy\/heart-friendly-diet\/\">alimenta\u00e7\u00e3o saud\u00e1vel<\/a>, e ver o progresso do doente ao longo das sess\u00f5es de treino estimula cada membro da fam\u00edlia a assumir a responsabilidade pelo seu pr\u00f3prio papel. Alguns programas de reabilita\u00e7\u00e3o oferecem uma sess\u00e3o com o companheiro, onde s\u00e3o discutidos t\u00f3picos como comunica\u00e7\u00e3o, como lidar com a quest\u00e3o card\u00edaca como casal, e as <a href=\"https:\/\/www.healthy-heart.org\/living-with-heart-disease\/sex-and-heart-disease\/\">preocupa\u00e7\u00f5es sexuais<\/a>.<\/p>\n","protected":false},"excerpt":{"rendered":"<p>Um companheiro e a fam\u00edlia direta podem ser uma fonte essencial de apoio, incentivo e motiva\u00e7\u00e3o na recupera\u00e7\u00e3o de uma doen\u00e7a card\u00edaca. Muitos casais afirmaram que o problema card\u00edaco os aproximou. Os eventos cardiovasculares podem ser devastadores para as fam\u00edlias, que muitas vezes se sentem impotentes e ansiosas relativamente \u00e0 doen\u00e7a, hospitaliza\u00e7\u00e3o e tratamento. Os [&hellip;]<\/p>\n","protected":false},"author":1,"featured_media":2331,"parent":2299,"menu_order":9,"comment_status":"closed","ping_status":"closed","template":"","meta":{"_acf_changed":false,"footnotes":""},"categories":[76],"tags":[],"class_list":["post-2327","page","type-page","status-publish","has-post-thumbnail","hentry","category-viver-com-doenca-cardiaca"],"acf":[],"yoast_head":"<!-- This site is optimized with the Yoast SEO plugin v24.0 - https:\/\/yoast.com\/wordpress\/plugins\/seo\/ -->\n<title>Apoio familiar - Healthy-Heart.org<\/title>\n<meta name=\"description\" content=\"Um companheiro ou fam\u00edlia pode ser uma fonte essencial de apoio e motiva\u00e7\u00e3o quando se recupera de uma doen\u00e7a card\u00edaca.\" \/>\n<meta name=\"robots\" content=\"index, follow, max-snippet:-1, max-image-preview:large, max-video-preview:-1\" \/>\n<link rel=\"canonical\" href=\"https:\/\/www.healthy-heart.org\/pt\/viver-com-doenca-cardiaca\/apoio-familiar\/\" \/>\n<meta property=\"og:locale\" content=\"pt_PT\" \/>\n<meta property=\"og:type\" content=\"article\" \/>\n<meta property=\"og:title\" content=\"Apoio familiar - Healthy-Heart.org\" \/>\n<meta property=\"og:description\" content=\"Um companheiro ou fam\u00edlia pode ser uma fonte essencial de apoio e motiva\u00e7\u00e3o quando se recupera de uma doen\u00e7a card\u00edaca.\" \/>\n<meta property=\"og:url\" content=\"https:\/\/www.healthy-heart.org\/pt\/viver-com-doenca-cardiaca\/apoio-familiar\/\" \/>\n<meta property=\"og:site_name\" content=\"Healthy-Heart.org\" \/>\n<meta property=\"og:image\" content=\"https:\/\/www.healthy-heart.org\/wp-content\/uploads\/2019\/07\/iStock-1055062378-1024x683.jpg\" \/>\n\t<meta property=\"og:image:width\" content=\"1024\" \/>\n\t<meta property=\"og:image:height\" content=\"683\" \/>\n\t<meta property=\"og:image:type\" content=\"image\/jpeg\" \/>\n<meta name=\"twitter:card\" content=\"summary_large_image\" \/>\n<meta name=\"twitter:label1\" content=\"Tempo estimado de leitura\" \/>\n\t<meta name=\"twitter:data1\" content=\"2 minutos\" \/>\n<script type=\"application\/ld+json\" class=\"yoast-schema-graph\">{\"@context\":\"https:\/\/schema.org\",\"@graph\":[{\"@type\":\"WebPage\",\"@id\":\"https:\/\/www.healthy-heart.org\/pt\/viver-com-doenca-cardiaca\/apoio-familiar\/\",\"url\":\"https:\/\/www.healthy-heart.org\/pt\/viver-com-doenca-cardiaca\/apoio-familiar\/\",\"name\":\"Apoio familiar - Healthy-Heart.org\",\"isPartOf\":{\"@id\":\"https:\/\/www.healthy-heart.org\/es\/#website\"},\"primaryImageOfPage\":{\"@id\":\"https:\/\/www.healthy-heart.org\/pt\/viver-com-doenca-cardiaca\/apoio-familiar\/#primaryimage\"},\"image\":{\"@id\":\"https:\/\/www.healthy-heart.org\/pt\/viver-com-doenca-cardiaca\/apoio-familiar\/#primaryimage\"},\"thumbnailUrl\":\"https:\/\/www.healthy-heart.org\/wp-content\/uploads\/2019\/07\/iStock-1055062378.jpg\",\"datePublished\":\"2019-10-08T10:33:31+00:00\",\"dateModified\":\"2019-10-08T10:33:31+00:00\",\"description\":\"Um companheiro ou fam\u00edlia pode ser uma fonte essencial de apoio e motiva\u00e7\u00e3o quando se recupera de uma doen\u00e7a card\u00edaca.\",\"breadcrumb\":{\"@id\":\"https:\/\/www.healthy-heart.org\/pt\/viver-com-doenca-cardiaca\/apoio-familiar\/#breadcrumb\"},\"inLanguage\":\"pt-PT\",\"potentialAction\":[{\"@type\":\"ReadAction\",\"target\":[\"https:\/\/www.healthy-heart.org\/pt\/viver-com-doenca-cardiaca\/apoio-familiar\/\"]}]},{\"@type\":\"ImageObject\",\"inLanguage\":\"pt-PT\",\"@id\":\"https:\/\/www.healthy-heart.org\/pt\/viver-com-doenca-cardiaca\/apoio-familiar\/#primaryimage\",\"url\":\"https:\/\/www.healthy-heart.org\/wp-content\/uploads\/2019\/07\/iStock-1055062378.jpg\",\"contentUrl\":\"https:\/\/www.healthy-heart.org\/wp-content\/uploads\/2019\/07\/iStock-1055062378.jpg\",\"width\":8256,\"height\":5504},{\"@type\":\"BreadcrumbList\",\"@id\":\"https:\/\/www.healthy-heart.org\/pt\/viver-com-doenca-cardiaca\/apoio-familiar\/#breadcrumb\",\"itemListElement\":[{\"@type\":\"ListItem\",\"position\":1,\"name\":\"Home\",\"item\":\"https:\/\/www.healthy-heart.org\/pt\/\"},{\"@type\":\"ListItem\",\"position\":2,\"name\":\"Viver com doen\u00e7a card\u00edaca\",\"item\":\"https:\/\/www.healthy-heart.org\/pt\/viver-com-doenca-cardiaca\/\"},{\"@type\":\"ListItem\",\"position\":3,\"name\":\"Apoio familiar\"}]},{\"@type\":\"WebSite\",\"@id\":\"https:\/\/www.healthy-heart.org\/es\/#website\",\"url\":\"https:\/\/www.healthy-heart.org\/es\/\",\"name\":\"Healthy-Heart.org\",\"description\":\"Practical advice for patients and family care givers on the prevention of cardiovascular disease\",\"potentialAction\":[{\"@type\":\"SearchAction\",\"target\":{\"@type\":\"EntryPoint\",\"urlTemplate\":\"https:\/\/www.healthy-heart.org\/es\/?s={search_term_string}\"},\"query-input\":{\"@type\":\"PropertyValueSpecification\",\"valueRequired\":true,\"valueName\":\"search_term_string\"}}],\"inLanguage\":\"pt-PT\"}]}<\/script>\n<!-- \/ Yoast SEO plugin. -->","yoast_head_json":{"title":"Apoio familiar - Healthy-Heart.org","description":"Um companheiro ou fam\u00edlia pode ser uma fonte essencial de apoio e motiva\u00e7\u00e3o quando se recupera de uma doen\u00e7a card\u00edaca.","robots":{"index":"index","follow":"follow","max-snippet":"max-snippet:-1","max-image-preview":"max-image-preview:large","max-video-preview":"max-video-preview:-1"},"canonical":"https:\/\/www.healthy-heart.org\/pt\/viver-com-doenca-cardiaca\/apoio-familiar\/","og_locale":"pt_PT","og_type":"article","og_title":"Apoio familiar - Healthy-Heart.org","og_description":"Um companheiro ou fam\u00edlia pode ser uma fonte essencial de apoio e motiva\u00e7\u00e3o quando se recupera de uma doen\u00e7a card\u00edaca.","og_url":"https:\/\/www.healthy-heart.org\/pt\/viver-com-doenca-cardiaca\/apoio-familiar\/","og_site_name":"Healthy-Heart.org","og_image":[{"width":1024,"height":683,"url":"https:\/\/www.healthy-heart.org\/wp-content\/uploads\/2019\/07\/iStock-1055062378-1024x683.jpg","type":"image\/jpeg"}],"twitter_card":"summary_large_image","twitter_misc":{"Tempo estimado de leitura":"2 minutos"},"schema":{"@context":"https:\/\/schema.org","@graph":[{"@type":"WebPage","@id":"https:\/\/www.healthy-heart.org\/pt\/viver-com-doenca-cardiaca\/apoio-familiar\/","url":"https:\/\/www.healthy-heart.org\/pt\/viver-com-doenca-cardiaca\/apoio-familiar\/","name":"Apoio familiar - Healthy-Heart.org","isPartOf":{"@id":"https:\/\/www.healthy-heart.org\/es\/#website"},"primaryImageOfPage":{"@id":"https:\/\/www.healthy-heart.org\/pt\/viver-com-doenca-cardiaca\/apoio-familiar\/#primaryimage"},"image":{"@id":"https:\/\/www.healthy-heart.org\/pt\/viver-com-doenca-cardiaca\/apoio-familiar\/#primaryimage"},"thumbnailUrl":"https:\/\/www.healthy-heart.org\/wp-content\/uploads\/2019\/07\/iStock-1055062378.jpg","datePublished":"2019-10-08T10:33:31+00:00","dateModified":"2019-10-08T10:33:31+00:00","description":"Um companheiro ou fam\u00edlia pode ser uma fonte essencial de apoio e motiva\u00e7\u00e3o quando se recupera de uma doen\u00e7a card\u00edaca.","breadcrumb":{"@id":"https:\/\/www.healthy-heart.org\/pt\/viver-com-doenca-cardiaca\/apoio-familiar\/#breadcrumb"},"inLanguage":"pt-PT","potentialAction":[{"@type":"ReadAction","target":["https:\/\/www.healthy-heart.org\/pt\/viver-com-doenca-cardiaca\/apoio-familiar\/"]}]},{"@type":"ImageObject","inLanguage":"pt-PT","@id":"https:\/\/www.healthy-heart.org\/pt\/viver-com-doenca-cardiaca\/apoio-familiar\/#primaryimage","url":"https:\/\/www.healthy-heart.org\/wp-content\/uploads\/2019\/07\/iStock-1055062378.jpg","contentUrl":"https:\/\/www.healthy-heart.org\/wp-content\/uploads\/2019\/07\/iStock-1055062378.jpg","width":8256,"height":5504},{"@type":"BreadcrumbList","@id":"https:\/\/www.healthy-heart.org\/pt\/viver-com-doenca-cardiaca\/apoio-familiar\/#breadcrumb","itemListElement":[{"@type":"ListItem","position":1,"name":"Home","item":"https:\/\/www.healthy-heart.org\/pt\/"},{"@type":"ListItem","position":2,"name":"Viver com doen\u00e7a card\u00edaca","item":"https:\/\/www.healthy-heart.org\/pt\/viver-com-doenca-cardiaca\/"},{"@type":"ListItem","position":3,"name":"Apoio familiar"}]},{"@type":"WebSite","@id":"https:\/\/www.healthy-heart.org\/es\/#website","url":"https:\/\/www.healthy-heart.org\/es\/","name":"Healthy-Heart.org","description":"Practical advice for patients and family care givers on the prevention of cardiovascular disease","potentialAction":[{"@type":"SearchAction","target":{"@type":"EntryPoint","urlTemplate":"https:\/\/www.healthy-heart.org\/es\/?s={search_term_string}"},"query-input":{"@type":"PropertyValueSpecification","valueRequired":true,"valueName":"search_term_string"}}],"inLanguage":"pt-PT"}]}},"_links":{"self":[{"href":"https:\/\/www.healthy-heart.org\/pt\/wp-json\/wp\/v2\/pages\/2327","targetHints":{"allow":["GET"]}}],"collection":[{"href":"https:\/\/www.healthy-heart.org\/pt\/wp-json\/wp\/v2\/pages"}],"about":[{"href":"https:\/\/www.healthy-heart.org\/pt\/wp-json\/wp\/v2\/types\/page"}],"author":[{"embeddable":true,"href":"https:\/\/www.healthy-heart.org\/pt\/wp-json\/wp\/v2\/users\/1"}],"replies":[{"embeddable":true,"href":"https:\/\/www.healthy-heart.org\/pt\/wp-json\/wp\/v2\/comments?post=2327"}],"version-history":[{"count":0,"href":"https:\/\/www.healthy-heart.org\/pt\/wp-json\/wp\/v2\/pages\/2327\/revisions"}],"up":[{"embeddable":true,"href":"https:\/\/www.healthy-heart.org\/pt\/wp-json\/wp\/v2\/pages\/2299"}],"wp:featuredmedia":[{"embeddable":true,"href":"https:\/\/www.healthy-heart.org\/pt\/wp-json\/wp\/v2\/media\/2331"}],"wp:attachment":[{"href":"https:\/\/www.healthy-heart.org\/pt\/wp-json\/wp\/v2\/media?parent=2327"}],"wp:term":[{"taxonomy":"category","embeddable":true,"href":"https:\/\/www.healthy-heart.org\/pt\/wp-json\/wp\/v2\/categories?post=2327"},{"taxonomy":"post_tag","embeddable":true,"href":"https:\/\/www.healthy-heart.org\/pt\/wp-json\/wp\/v2\/tags?post=2327"}],"curies":[{"name":"wp","href":"https:\/\/api.w.org\/{rel}","templated":true}]}}