{"id":2323,"date":"2019-10-08T11:33:29","date_gmt":"2019-10-08T10:33:29","guid":{"rendered":"https:\/\/www.healthy-heart.org\/sobre-a-esc\/"},"modified":"2019-10-08T11:33:29","modified_gmt":"2019-10-08T10:33:29","slug":"sobre-a-esc","status":"publish","type":"page","link":"https:\/\/www.healthy-heart.org\/pt\/sobre-a-esc\/","title":{"rendered":"Sobre a ESC"},"content":{"rendered":"<p>Somos uma sociedade m\u00e9dica sem fins lucrativos liderada por profissionais da \u00e1rea cardiovascular que oferecem o seu tempo e experi\u00eancia.<br \/>\nEstamos focados na preven\u00e7\u00e3o, diagn\u00f3stico e gest\u00e3o de doen\u00e7as do cora\u00e7\u00e3o e vasos sangu\u00edneos.<br \/>\nAcreditamos que os efeitos da doen\u00e7a cardiovascular podem ser reduzidos atrav\u00e9s da colabora\u00e7\u00e3o e pesquisa. \u00c9 por isso que unimos sociedades card\u00edacas nacionais, subespecialidades cardiovasculares e membros individuais da ESC de todo o mundo.<br \/>\nDivulgamos os mais recentes conhecimentos cient\u00edficos baseados em evid\u00eancias aos profissionais cardiovasculares para que possam cuidar melhor dos seus doentes.<\/p>\n<p>A Sociedade Europeia de Cardiologia (ESC) \u00e9 uma organiza\u00e7\u00e3o registada na Lei Francesa de 1901 sobre associa\u00e7\u00f5es, com o n\u00famero W061005017.<br \/>\nSede social: Soci\u00e9t\u00e9 Europ\u00e9enne de Cardiologie, 2035 route des Colles, Les Templiers, CS 80179 Biot, 06903 Sophia Antipolis, Fran\u00e7a.<\/p>\n<p>Para mais informa\u00e7\u00f5es, visite o <a href=\"https:\/\/www.escardio.org\/\">s\u00edtio Web da ESC<\/a>.<\/p>\n<p>&nbsp;<\/p>\n<h2>Sobre healthy-heart.org<\/h2>\n<p>Um grande n\u00famero de pessoas em todo o mundo est\u00e1 em risco de um epis\u00f3dio do foro cardiovascular, incluindo ataque card\u00edaco e acidente vascular cerebral. A probabilidade de sofrer um epis\u00f3dio dessa natureza e morrer por causa dele \u00e9 maior em doentes que n\u00e3o melhoram o estilo de vida ou tomam medicamentos para reduzir a press\u00e3o arterial ou os n\u00edveis de colesterol nocivo.<\/p>\n<p>O objetivo deste s\u00edtio Web \u00e9 fornecer conselhos claros e pr\u00e1ticos ao p\u00fablico sobre como prevenir doen\u00e7as cardiovasculares. Tem como base as diretrizes atuais da pr\u00e1tica cl\u00ednica e foi escrito por especialistas l\u00edderes em preven\u00e7\u00e3o cardiovascular.<\/p>\n<p>Estas informa\u00e7\u00f5es foram concebidas para complementar, em vez de substituir, o apoio e os cuidados que recebe do seu m\u00e9dico ou outro prestador de cuidados de sa\u00fade.<\/p>\n","protected":false},"excerpt":{"rendered":"<p>Somos uma sociedade m\u00e9dica sem fins lucrativos liderada por profissionais da \u00e1rea cardiovascular que oferecem o seu tempo e experi\u00eancia. Estamos focados na preven\u00e7\u00e3o, diagn\u00f3stico e gest\u00e3o de doen\u00e7as do cora\u00e7\u00e3o e vasos sangu\u00edneos. Acreditamos que os efeitos da doen\u00e7a cardiovascular podem ser reduzidos atrav\u00e9s da colabora\u00e7\u00e3o e pesquisa. \u00c9 por isso que unimos sociedades [&hellip;]<\/p>\n","protected":false},"author":1,"featured_media":2244,"parent":0,"menu_order":0,"comment_status":"closed","ping_status":"closed","template":"templates\/full.php","meta":{"_acf_changed":false,"footnotes":""},"categories":[],"tags":[],"class_list":["post-2323","page","type-page","status-publish","has-post-thumbnail","hentry"],"acf":[],"yoast_head":"<!-- This site is optimized with the Yoast SEO plugin v24.0 - https:\/\/yoast.com\/wordpress\/plugins\/seo\/ -->\n<title>Sobre a ESC - Healthy-Heart.org<\/title>\n<meta name=\"description\" content=\"Sociedade m\u00e9dica sem fins lucrativos liderada por profissionais da \u00e1rea cardiovascular com foco na preven\u00e7\u00e3o, diagn\u00f3stico e gest\u00e3o de doen\u00e7as do cora\u00e7\u00e3o.\" \/>\n<meta name=\"robots\" content=\"index, follow, max-snippet:-1, max-image-preview:large, max-video-preview:-1\" \/>\n<link rel=\"canonical\" href=\"https:\/\/www.healthy-heart.org\/pt\/sobre-a-esc\/\" \/>\n<meta property=\"og:locale\" content=\"pt_PT\" \/>\n<meta property=\"og:type\" content=\"article\" \/>\n<meta property=\"og:title\" content=\"Sobre a ESC - Healthy-Heart.org\" \/>\n<meta property=\"og:description\" content=\"Sociedade m\u00e9dica sem fins lucrativos liderada por profissionais da \u00e1rea cardiovascular com foco na preven\u00e7\u00e3o, diagn\u00f3stico e gest\u00e3o de doen\u00e7as do cora\u00e7\u00e3o.\" \/>\n<meta property=\"og:url\" content=\"https:\/\/www.healthy-heart.org\/pt\/sobre-a-esc\/\" \/>\n<meta property=\"og:site_name\" content=\"Healthy-Heart.org\" \/>\n<meta property=\"og:image\" content=\"https:\/\/www.healthy-heart.org\/wp-content\/uploads\/2019\/07\/iStock-953674568-1024x683.jpg\" \/>\n\t<meta property=\"og:image:width\" content=\"1024\" \/>\n\t<meta property=\"og:image:height\" content=\"683\" \/>\n\t<meta property=\"og:image:type\" content=\"image\/jpeg\" \/>\n<meta name=\"twitter:card\" content=\"summary_large_image\" \/>\n<meta name=\"twitter:label1\" content=\"Tempo estimado de leitura\" \/>\n\t<meta name=\"twitter:data1\" content=\"1 minuto\" \/>\n<script type=\"application\/ld+json\" class=\"yoast-schema-graph\">{\"@context\":\"https:\/\/schema.org\",\"@graph\":[{\"@type\":\"WebPage\",\"@id\":\"https:\/\/www.healthy-heart.org\/pt\/sobre-a-esc\/\",\"url\":\"https:\/\/www.healthy-heart.org\/pt\/sobre-a-esc\/\",\"name\":\"Sobre a ESC - Healthy-Heart.org\",\"isPartOf\":{\"@id\":\"https:\/\/www.healthy-heart.org\/es\/#website\"},\"primaryImageOfPage\":{\"@id\":\"https:\/\/www.healthy-heart.org\/pt\/sobre-a-esc\/#primaryimage\"},\"image\":{\"@id\":\"https:\/\/www.healthy-heart.org\/pt\/sobre-a-esc\/#primaryimage\"},\"thumbnailUrl\":\"https:\/\/www.healthy-heart.org\/wp-content\/uploads\/2019\/07\/iStock-953674568.jpg\",\"datePublished\":\"2019-10-08T10:33:29+00:00\",\"dateModified\":\"2019-10-08T10:33:29+00:00\",\"description\":\"Sociedade m\u00e9dica sem fins lucrativos liderada por profissionais da \u00e1rea cardiovascular com foco na preven\u00e7\u00e3o, diagn\u00f3stico e gest\u00e3o de doen\u00e7as do cora\u00e7\u00e3o.\",\"breadcrumb\":{\"@id\":\"https:\/\/www.healthy-heart.org\/pt\/sobre-a-esc\/#breadcrumb\"},\"inLanguage\":\"pt-PT\",\"potentialAction\":[{\"@type\":\"ReadAction\",\"target\":[\"https:\/\/www.healthy-heart.org\/pt\/sobre-a-esc\/\"]}]},{\"@type\":\"ImageObject\",\"inLanguage\":\"pt-PT\",\"@id\":\"https:\/\/www.healthy-heart.org\/pt\/sobre-a-esc\/#primaryimage\",\"url\":\"https:\/\/www.healthy-heart.org\/wp-content\/uploads\/2019\/07\/iStock-953674568.jpg\",\"contentUrl\":\"https:\/\/www.healthy-heart.org\/wp-content\/uploads\/2019\/07\/iStock-953674568.jpg\",\"width\":3548,\"height\":2365},{\"@type\":\"BreadcrumbList\",\"@id\":\"https:\/\/www.healthy-heart.org\/pt\/sobre-a-esc\/#breadcrumb\",\"itemListElement\":[{\"@type\":\"ListItem\",\"position\":1,\"name\":\"Home\",\"item\":\"https:\/\/www.healthy-heart.org\/pt\/\"},{\"@type\":\"ListItem\",\"position\":2,\"name\":\"Sobre a ESC\"}]},{\"@type\":\"WebSite\",\"@id\":\"https:\/\/www.healthy-heart.org\/es\/#website\",\"url\":\"https:\/\/www.healthy-heart.org\/es\/\",\"name\":\"Healthy-Heart.org\",\"description\":\"Practical advice for patients and family care givers on the prevention of cardiovascular disease\",\"potentialAction\":[{\"@type\":\"SearchAction\",\"target\":{\"@type\":\"EntryPoint\",\"urlTemplate\":\"https:\/\/www.healthy-heart.org\/es\/?s={search_term_string}\"},\"query-input\":{\"@type\":\"PropertyValueSpecification\",\"valueRequired\":true,\"valueName\":\"search_term_string\"}}],\"inLanguage\":\"pt-PT\"}]}<\/script>\n<!-- \/ Yoast SEO plugin. -->","yoast_head_json":{"title":"Sobre a ESC - Healthy-Heart.org","description":"Sociedade m\u00e9dica sem fins lucrativos liderada por profissionais da \u00e1rea cardiovascular com foco na preven\u00e7\u00e3o, diagn\u00f3stico e gest\u00e3o de doen\u00e7as do cora\u00e7\u00e3o.","robots":{"index":"index","follow":"follow","max-snippet":"max-snippet:-1","max-image-preview":"max-image-preview:large","max-video-preview":"max-video-preview:-1"},"canonical":"https:\/\/www.healthy-heart.org\/pt\/sobre-a-esc\/","og_locale":"pt_PT","og_type":"article","og_title":"Sobre a ESC - Healthy-Heart.org","og_description":"Sociedade m\u00e9dica sem fins lucrativos liderada por profissionais da \u00e1rea cardiovascular com foco na preven\u00e7\u00e3o, diagn\u00f3stico e gest\u00e3o de doen\u00e7as do cora\u00e7\u00e3o.","og_url":"https:\/\/www.healthy-heart.org\/pt\/sobre-a-esc\/","og_site_name":"Healthy-Heart.org","og_image":[{"width":1024,"height":683,"url":"https:\/\/www.healthy-heart.org\/wp-content\/uploads\/2019\/07\/iStock-953674568-1024x683.jpg","type":"image\/jpeg"}],"twitter_card":"summary_large_image","twitter_misc":{"Tempo estimado de leitura":"1 minuto"},"schema":{"@context":"https:\/\/schema.org","@graph":[{"@type":"WebPage","@id":"https:\/\/www.healthy-heart.org\/pt\/sobre-a-esc\/","url":"https:\/\/www.healthy-heart.org\/pt\/sobre-a-esc\/","name":"Sobre a ESC - Healthy-Heart.org","isPartOf":{"@id":"https:\/\/www.healthy-heart.org\/es\/#website"},"primaryImageOfPage":{"@id":"https:\/\/www.healthy-heart.org\/pt\/sobre-a-esc\/#primaryimage"},"image":{"@id":"https:\/\/www.healthy-heart.org\/pt\/sobre-a-esc\/#primaryimage"},"thumbnailUrl":"https:\/\/www.healthy-heart.org\/wp-content\/uploads\/2019\/07\/iStock-953674568.jpg","datePublished":"2019-10-08T10:33:29+00:00","dateModified":"2019-10-08T10:33:29+00:00","description":"Sociedade m\u00e9dica sem fins lucrativos liderada por profissionais da \u00e1rea cardiovascular com foco na preven\u00e7\u00e3o, diagn\u00f3stico e gest\u00e3o de doen\u00e7as do cora\u00e7\u00e3o.","breadcrumb":{"@id":"https:\/\/www.healthy-heart.org\/pt\/sobre-a-esc\/#breadcrumb"},"inLanguage":"pt-PT","potentialAction":[{"@type":"ReadAction","target":["https:\/\/www.healthy-heart.org\/pt\/sobre-a-esc\/"]}]},{"@type":"ImageObject","inLanguage":"pt-PT","@id":"https:\/\/www.healthy-heart.org\/pt\/sobre-a-esc\/#primaryimage","url":"https:\/\/www.healthy-heart.org\/wp-content\/uploads\/2019\/07\/iStock-953674568.jpg","contentUrl":"https:\/\/www.healthy-heart.org\/wp-content\/uploads\/2019\/07\/iStock-953674568.jpg","width":3548,"height":2365},{"@type":"BreadcrumbList","@id":"https:\/\/www.healthy-heart.org\/pt\/sobre-a-esc\/#breadcrumb","itemListElement":[{"@type":"ListItem","position":1,"name":"Home","item":"https:\/\/www.healthy-heart.org\/pt\/"},{"@type":"ListItem","position":2,"name":"Sobre a ESC"}]},{"@type":"WebSite","@id":"https:\/\/www.healthy-heart.org\/es\/#website","url":"https:\/\/www.healthy-heart.org\/es\/","name":"Healthy-Heart.org","description":"Practical advice for patients and family care givers on the prevention of cardiovascular disease","potentialAction":[{"@type":"SearchAction","target":{"@type":"EntryPoint","urlTemplate":"https:\/\/www.healthy-heart.org\/es\/?s={search_term_string}"},"query-input":{"@type":"PropertyValueSpecification","valueRequired":true,"valueName":"search_term_string"}}],"inLanguage":"pt-PT"}]}},"_links":{"self":[{"href":"https:\/\/www.healthy-heart.org\/pt\/wp-json\/wp\/v2\/pages\/2323","targetHints":{"allow":["GET"]}}],"collection":[{"href":"https:\/\/www.healthy-heart.org\/pt\/wp-json\/wp\/v2\/pages"}],"about":[{"href":"https:\/\/www.healthy-heart.org\/pt\/wp-json\/wp\/v2\/types\/page"}],"author":[{"embeddable":true,"href":"https:\/\/www.healthy-heart.org\/pt\/wp-json\/wp\/v2\/users\/1"}],"replies":[{"embeddable":true,"href":"https:\/\/www.healthy-heart.org\/pt\/wp-json\/wp\/v2\/comments?post=2323"}],"version-history":[{"count":0,"href":"https:\/\/www.healthy-heart.org\/pt\/wp-json\/wp\/v2\/pages\/2323\/revisions"}],"wp:featuredmedia":[{"embeddable":true,"href":"https:\/\/www.healthy-heart.org\/pt\/wp-json\/wp\/v2\/media\/2244"}],"wp:attachment":[{"href":"https:\/\/www.healthy-heart.org\/pt\/wp-json\/wp\/v2\/media?parent=2323"}],"wp:term":[{"taxonomy":"category","embeddable":true,"href":"https:\/\/www.healthy-heart.org\/pt\/wp-json\/wp\/v2\/categories?post=2323"},{"taxonomy":"post_tag","embeddable":true,"href":"https:\/\/www.healthy-heart.org\/pt\/wp-json\/wp\/v2\/tags?post=2323"}],"curies":[{"name":"wp","href":"https:\/\/api.w.org\/{rel}","templated":true}]}}