{"id":2319,"date":"2019-10-08T11:33:27","date_gmt":"2019-10-08T10:33:27","guid":{"rendered":"https:\/\/www.healthy-heart.org\/viver-com-doenca-cardiaca\/o-que-devo-perguntar-ao-meu-cardiologista\/"},"modified":"2020-09-25T16:16:16","modified_gmt":"2020-09-25T15:16:16","slug":"o-que-devo-perguntar-ao-meu-cardiologista","status":"publish","type":"page","link":"https:\/\/www.healthy-heart.org\/pt\/viver-com-doenca-cardiaca\/o-que-devo-perguntar-ao-meu-cardiologista\/","title":{"rendered":"O que devo perguntar ao meu cardiologista?"},"content":{"rendered":"<p><img loading=\"lazy\" decoding=\"async\" class=\"alignright size-medium wp-image-641\" src=\"https:\/\/cdn-endpoint-prev.azureedge.net\/healthy-heart\/2019\/07\/iStock-481073822-5-350x234.jpg\" alt=\"\" width=\"350\" height=\"234\" srcset=\"https:\/\/www.healthy-heart.org\/wp-content\/uploads\/2019\/07\/iStock-481073822-5-350x234.jpg 350w, https:\/\/cdn-endpoint-prev.azureedge.net\/healthy-heart\/2019\/07\/iStock-481073822-5-1024x683.jpg 1024w, https:\/\/cdn-endpoint-prev.azureedge.net\/healthy-heart\/2019\/07\/iStock-481073822-5-200x133.jpg 200w, https:\/\/www.healthy-heart.org\/wp-content\/uploads\/2019\/07\/iStock-481073822-5-768x513.jpg 768w, https:\/\/www.healthy-heart.org\/wp-content\/uploads\/2019\/07\/iStock-481073822-5-1536x1025.jpg 1536w, https:\/\/www.healthy-heart.org\/wp-content\/uploads\/2019\/07\/iStock-481073822-5-2048x1367.jpg 2048w, https:\/\/www.healthy-heart.org\/wp-content\/uploads\/2019\/07\/iStock-481073822-5-658x439.jpg 658w, https:\/\/www.healthy-heart.org\/wp-content\/uploads\/2019\/07\/iStock-481073822-5-695x464.jpg 695w\" sizes=\"auto, (max-width: 350px) 100vw, 350px\" \/>Ter uma doen\u00e7a card\u00edaca afeta o corpo e a mente. Envolver-se em conversas abertas e honestas com o seu m\u00e9dico ajud\u00e1-lo-\u00e1 a gerir com sucesso o plano de tratamento e o seu estado de sa\u00fade ap\u00f3s um ataque card\u00edaco. O seu cardiologista pode explicar o que aconteceu e porqu\u00ea, o que foi feito at\u00e9 ao momento e o que tem de ser feito nesse momento. Aprender as causas do epis\u00f3dio card\u00edaco e como foi tratado ajudar\u00e1 a compreender o que se pode fazer para evitar outro epis\u00f3dio. As perguntas a fazer ao cardiologista incluem:<\/p>\n<p>1. Porque \u00e9 que tive um ataque card\u00edaco?<br \/>\n2. Poderia t\u00ea-lo evitado?<br \/>\n3. Poderei fazer tudo o que fazia antes?<br \/>\n4. \u00c9 poss\u00edvel que a art\u00e9ria bloqueada fique novamente obstru\u00edda e cause outro epis\u00f3dio?<br \/>\n5. Se um stent for colocado numa art\u00e9ria, durante quanto tempo devo tomar a medica\u00e7\u00e3o \u201canticoagulante\u201d? A art\u00e9ria vai ficar aberta para o resto da minha vida?<br \/>\n6. Que <a href=\"https:\/\/www.healthy-heart.org\/pt\/viver-com-doenca-cardiaca\/tipos-de-medicacao\/\">medica\u00e7\u00e3o<\/a> \u00e9 essencial e durante quanto tempo tenho de a tomar?<br \/>\n7. Que medica\u00e7\u00e3o nunca deve ser ignorada?<br \/>\n8. Com que frequ\u00eancia devo consultar um m\u00e9dico ap\u00f3s um ataque card\u00edaco?<br \/>\n9. O que posso fazer no dia a dia para evitar outro ataque card\u00edaco?<br \/>\n10. Qual a import\u00e2ncia da perda de peso? Devo mudar a minha <a href=\"https:\/\/www.healthy-heart.org\/pt\/mantenha-o-seu-coracao-saudavel\/alimentacao-amiga-do-coracao\/\">alimenta\u00e7\u00e3o<\/a>?<br \/>\n11. Quando posso come\u00e7ar a praticar <a href=\"https:\/\/www.healthy-heart.org\/pt\/mantenha-o-seu-coracao-saudavel\/atividade-fisica\/\">exerc\u00edcio f\u00edsico<\/a>?<br \/>\n12. Devo inscrever-me na <a href=\"https:\/\/www.healthy-heart.org\/pt\/viver-com-doenca-cardiaca\/melhore-a-doenca-cardiaca\/\">reabilita\u00e7\u00e3o card\u00edaca<\/a>?<br \/>\n13. Com que frequ\u00eancia devo medir a <a href=\"https:\/\/www.healthy-heart.org\/pt\/mantenha-o-seu-coracao-saudavel\/pressao-arterial\/\">press\u00e3o arterial<\/a>?<br \/>\n14. Quando posso retomar a <a href=\"https:\/\/www.healthy-heart.org\/pt\/viver-com-doenca-cardiaca\/sexo-e-doenca-cardiaca\/\">atividade sexual<\/a> e quando posso voltar ao trabalho?<br \/>\n15. Posso <a href=\"https:\/\/www.healthy-heart.org\/pt\/viver-com-doenca-cardiaca\/viajar-apos-um-ataque-cardiaco\/\">viajar<\/a>? Posso ir para as montanhas?<br \/>\n16. Que sintomas devem levar a uma visita imediata \u00e0s urg\u00eancias?<\/p>\n","protected":false},"excerpt":{"rendered":"<p>Ter uma doen\u00e7a card\u00edaca afeta o corpo e a mente. Envolver-se em conversas abertas e honestas com o seu m\u00e9dico ajud\u00e1-lo-\u00e1 a gerir com sucesso o plano de tratamento e o seu estado de sa\u00fade ap\u00f3s um ataque card\u00edaco. O seu cardiologista pode explicar o que aconteceu e porqu\u00ea, o que foi feito at\u00e9 ao [&hellip;]<\/p>\n","protected":false},"author":1,"featured_media":2320,"parent":2299,"menu_order":12,"comment_status":"closed","ping_status":"closed","template":"","meta":{"_acf_changed":false,"footnotes":""},"categories":[76],"tags":[],"class_list":["post-2319","page","type-page","status-publish","has-post-thumbnail","hentry","category-viver-com-doenca-cardiaca"],"acf":[],"yoast_head":"<!-- This site is optimized with the Yoast SEO plugin v24.0 - https:\/\/yoast.com\/wordpress\/plugins\/seo\/ -->\n<title>O que devo perguntar ao meu cardiologista? - Healthy-Heart.org<\/title>\n<meta name=\"description\" content=\"O seu cardiologista pode explicar o que aconteceu e porqu\u00ea, o que foi feito at\u00e9 ao momento e o que tem de ser feito nesse momento. Ver as perguntas a fazer ao m\u00e9dico.\" \/>\n<meta name=\"robots\" content=\"index, follow, max-snippet:-1, max-image-preview:large, max-video-preview:-1\" \/>\n<link rel=\"canonical\" href=\"https:\/\/www.healthy-heart.org\/pt\/viver-com-doenca-cardiaca\/o-que-devo-perguntar-ao-meu-cardiologista\/\" \/>\n<meta property=\"og:locale\" content=\"pt_PT\" \/>\n<meta property=\"og:type\" content=\"article\" \/>\n<meta property=\"og:title\" content=\"O que devo perguntar ao meu cardiologista? - Healthy-Heart.org\" \/>\n<meta property=\"og:description\" content=\"O seu cardiologista pode explicar o que aconteceu e porqu\u00ea, o que foi feito at\u00e9 ao momento e o que tem de ser feito nesse momento. Ver as perguntas a fazer ao m\u00e9dico.\" \/>\n<meta property=\"og:url\" content=\"https:\/\/www.healthy-heart.org\/pt\/viver-com-doenca-cardiaca\/o-que-devo-perguntar-ao-meu-cardiologista\/\" \/>\n<meta property=\"og:site_name\" content=\"Healthy-Heart.org\" \/>\n<meta property=\"article:modified_time\" content=\"2020-09-25T15:16:16+00:00\" \/>\n<meta property=\"og:image\" content=\"https:\/\/www.healthy-heart.org\/wp-content\/uploads\/2019\/07\/iStock-481073822-5-1024x683.jpg\" \/>\n\t<meta property=\"og:image:width\" content=\"1024\" \/>\n\t<meta property=\"og:image:height\" content=\"683\" \/>\n\t<meta property=\"og:image:type\" content=\"image\/jpeg\" \/>\n<meta name=\"twitter:card\" content=\"summary_large_image\" \/>\n<meta name=\"twitter:label1\" content=\"Tempo estimado de leitura\" \/>\n\t<meta name=\"twitter:data1\" content=\"1 minuto\" \/>\n<script type=\"application\/ld+json\" class=\"yoast-schema-graph\">{\"@context\":\"https:\/\/schema.org\",\"@graph\":[{\"@type\":\"WebPage\",\"@id\":\"https:\/\/www.healthy-heart.org\/pt\/viver-com-doenca-cardiaca\/o-que-devo-perguntar-ao-meu-cardiologista\/\",\"url\":\"https:\/\/www.healthy-heart.org\/pt\/viver-com-doenca-cardiaca\/o-que-devo-perguntar-ao-meu-cardiologista\/\",\"name\":\"O que devo perguntar ao meu cardiologista? - Healthy-Heart.org\",\"isPartOf\":{\"@id\":\"https:\/\/www.healthy-heart.org\/es\/#website\"},\"primaryImageOfPage\":{\"@id\":\"https:\/\/www.healthy-heart.org\/pt\/viver-com-doenca-cardiaca\/o-que-devo-perguntar-ao-meu-cardiologista\/#primaryimage\"},\"image\":{\"@id\":\"https:\/\/www.healthy-heart.org\/pt\/viver-com-doenca-cardiaca\/o-que-devo-perguntar-ao-meu-cardiologista\/#primaryimage\"},\"thumbnailUrl\":\"https:\/\/www.healthy-heart.org\/wp-content\/uploads\/2019\/07\/iStock-481073822-5.jpg\",\"datePublished\":\"2019-10-08T10:33:27+00:00\",\"dateModified\":\"2020-09-25T15:16:16+00:00\",\"description\":\"O seu cardiologista pode explicar o que aconteceu e porqu\u00ea, o que foi feito at\u00e9 ao momento e o que tem de ser feito nesse momento. Ver as perguntas a fazer ao m\u00e9dico.\",\"breadcrumb\":{\"@id\":\"https:\/\/www.healthy-heart.org\/pt\/viver-com-doenca-cardiaca\/o-que-devo-perguntar-ao-meu-cardiologista\/#breadcrumb\"},\"inLanguage\":\"pt-PT\",\"potentialAction\":[{\"@type\":\"ReadAction\",\"target\":[\"https:\/\/www.healthy-heart.org\/pt\/viver-com-doenca-cardiaca\/o-que-devo-perguntar-ao-meu-cardiologista\/\"]}]},{\"@type\":\"ImageObject\",\"inLanguage\":\"pt-PT\",\"@id\":\"https:\/\/www.healthy-heart.org\/pt\/viver-com-doenca-cardiaca\/o-que-devo-perguntar-ao-meu-cardiologista\/#primaryimage\",\"url\":\"https:\/\/www.healthy-heart.org\/wp-content\/uploads\/2019\/07\/iStock-481073822-5.jpg\",\"contentUrl\":\"https:\/\/www.healthy-heart.org\/wp-content\/uploads\/2019\/07\/iStock-481073822-5.jpg\",\"width\":7360,\"height\":4912},{\"@type\":\"BreadcrumbList\",\"@id\":\"https:\/\/www.healthy-heart.org\/pt\/viver-com-doenca-cardiaca\/o-que-devo-perguntar-ao-meu-cardiologista\/#breadcrumb\",\"itemListElement\":[{\"@type\":\"ListItem\",\"position\":1,\"name\":\"Home\",\"item\":\"https:\/\/www.healthy-heart.org\/pt\/\"},{\"@type\":\"ListItem\",\"position\":2,\"name\":\"Viver com doen\u00e7a card\u00edaca\",\"item\":\"https:\/\/www.healthy-heart.org\/pt\/viver-com-doenca-cardiaca\/\"},{\"@type\":\"ListItem\",\"position\":3,\"name\":\"O que devo perguntar ao meu cardiologista?\"}]},{\"@type\":\"WebSite\",\"@id\":\"https:\/\/www.healthy-heart.org\/es\/#website\",\"url\":\"https:\/\/www.healthy-heart.org\/es\/\",\"name\":\"Healthy-Heart.org\",\"description\":\"Practical advice for patients and family care givers on the prevention of cardiovascular disease\",\"potentialAction\":[{\"@type\":\"SearchAction\",\"target\":{\"@type\":\"EntryPoint\",\"urlTemplate\":\"https:\/\/www.healthy-heart.org\/es\/?s={search_term_string}\"},\"query-input\":{\"@type\":\"PropertyValueSpecification\",\"valueRequired\":true,\"valueName\":\"search_term_string\"}}],\"inLanguage\":\"pt-PT\"}]}<\/script>\n<!-- \/ Yoast SEO plugin. -->","yoast_head_json":{"title":"O que devo perguntar ao meu cardiologista? - Healthy-Heart.org","description":"O seu cardiologista pode explicar o que aconteceu e porqu\u00ea, o que foi feito at\u00e9 ao momento e o que tem de ser feito nesse momento. Ver as perguntas a fazer ao m\u00e9dico.","robots":{"index":"index","follow":"follow","max-snippet":"max-snippet:-1","max-image-preview":"max-image-preview:large","max-video-preview":"max-video-preview:-1"},"canonical":"https:\/\/www.healthy-heart.org\/pt\/viver-com-doenca-cardiaca\/o-que-devo-perguntar-ao-meu-cardiologista\/","og_locale":"pt_PT","og_type":"article","og_title":"O que devo perguntar ao meu cardiologista? - Healthy-Heart.org","og_description":"O seu cardiologista pode explicar o que aconteceu e porqu\u00ea, o que foi feito at\u00e9 ao momento e o que tem de ser feito nesse momento. Ver as perguntas a fazer ao m\u00e9dico.","og_url":"https:\/\/www.healthy-heart.org\/pt\/viver-com-doenca-cardiaca\/o-que-devo-perguntar-ao-meu-cardiologista\/","og_site_name":"Healthy-Heart.org","article_modified_time":"2020-09-25T15:16:16+00:00","og_image":[{"width":1024,"height":683,"url":"https:\/\/www.healthy-heart.org\/wp-content\/uploads\/2019\/07\/iStock-481073822-5-1024x683.jpg","type":"image\/jpeg"}],"twitter_card":"summary_large_image","twitter_misc":{"Tempo estimado de leitura":"1 minuto"},"schema":{"@context":"https:\/\/schema.org","@graph":[{"@type":"WebPage","@id":"https:\/\/www.healthy-heart.org\/pt\/viver-com-doenca-cardiaca\/o-que-devo-perguntar-ao-meu-cardiologista\/","url":"https:\/\/www.healthy-heart.org\/pt\/viver-com-doenca-cardiaca\/o-que-devo-perguntar-ao-meu-cardiologista\/","name":"O que devo perguntar ao meu cardiologista? - Healthy-Heart.org","isPartOf":{"@id":"https:\/\/www.healthy-heart.org\/es\/#website"},"primaryImageOfPage":{"@id":"https:\/\/www.healthy-heart.org\/pt\/viver-com-doenca-cardiaca\/o-que-devo-perguntar-ao-meu-cardiologista\/#primaryimage"},"image":{"@id":"https:\/\/www.healthy-heart.org\/pt\/viver-com-doenca-cardiaca\/o-que-devo-perguntar-ao-meu-cardiologista\/#primaryimage"},"thumbnailUrl":"https:\/\/www.healthy-heart.org\/wp-content\/uploads\/2019\/07\/iStock-481073822-5.jpg","datePublished":"2019-10-08T10:33:27+00:00","dateModified":"2020-09-25T15:16:16+00:00","description":"O seu cardiologista pode explicar o que aconteceu e porqu\u00ea, o que foi feito at\u00e9 ao momento e o que tem de ser feito nesse momento. Ver as perguntas a fazer ao m\u00e9dico.","breadcrumb":{"@id":"https:\/\/www.healthy-heart.org\/pt\/viver-com-doenca-cardiaca\/o-que-devo-perguntar-ao-meu-cardiologista\/#breadcrumb"},"inLanguage":"pt-PT","potentialAction":[{"@type":"ReadAction","target":["https:\/\/www.healthy-heart.org\/pt\/viver-com-doenca-cardiaca\/o-que-devo-perguntar-ao-meu-cardiologista\/"]}]},{"@type":"ImageObject","inLanguage":"pt-PT","@id":"https:\/\/www.healthy-heart.org\/pt\/viver-com-doenca-cardiaca\/o-que-devo-perguntar-ao-meu-cardiologista\/#primaryimage","url":"https:\/\/www.healthy-heart.org\/wp-content\/uploads\/2019\/07\/iStock-481073822-5.jpg","contentUrl":"https:\/\/www.healthy-heart.org\/wp-content\/uploads\/2019\/07\/iStock-481073822-5.jpg","width":7360,"height":4912},{"@type":"BreadcrumbList","@id":"https:\/\/www.healthy-heart.org\/pt\/viver-com-doenca-cardiaca\/o-que-devo-perguntar-ao-meu-cardiologista\/#breadcrumb","itemListElement":[{"@type":"ListItem","position":1,"name":"Home","item":"https:\/\/www.healthy-heart.org\/pt\/"},{"@type":"ListItem","position":2,"name":"Viver com doen\u00e7a card\u00edaca","item":"https:\/\/www.healthy-heart.org\/pt\/viver-com-doenca-cardiaca\/"},{"@type":"ListItem","position":3,"name":"O que devo perguntar ao meu cardiologista?"}]},{"@type":"WebSite","@id":"https:\/\/www.healthy-heart.org\/es\/#website","url":"https:\/\/www.healthy-heart.org\/es\/","name":"Healthy-Heart.org","description":"Practical advice for patients and family care givers on the prevention of cardiovascular disease","potentialAction":[{"@type":"SearchAction","target":{"@type":"EntryPoint","urlTemplate":"https:\/\/www.healthy-heart.org\/es\/?s={search_term_string}"},"query-input":{"@type":"PropertyValueSpecification","valueRequired":true,"valueName":"search_term_string"}}],"inLanguage":"pt-PT"}]}},"_links":{"self":[{"href":"https:\/\/www.healthy-heart.org\/pt\/wp-json\/wp\/v2\/pages\/2319","targetHints":{"allow":["GET"]}}],"collection":[{"href":"https:\/\/www.healthy-heart.org\/pt\/wp-json\/wp\/v2\/pages"}],"about":[{"href":"https:\/\/www.healthy-heart.org\/pt\/wp-json\/wp\/v2\/types\/page"}],"author":[{"embeddable":true,"href":"https:\/\/www.healthy-heart.org\/pt\/wp-json\/wp\/v2\/users\/1"}],"replies":[{"embeddable":true,"href":"https:\/\/www.healthy-heart.org\/pt\/wp-json\/wp\/v2\/comments?post=2319"}],"version-history":[{"count":2,"href":"https:\/\/www.healthy-heart.org\/pt\/wp-json\/wp\/v2\/pages\/2319\/revisions"}],"predecessor-version":[{"id":4754,"href":"https:\/\/www.healthy-heart.org\/pt\/wp-json\/wp\/v2\/pages\/2319\/revisions\/4754"}],"up":[{"embeddable":true,"href":"https:\/\/www.healthy-heart.org\/pt\/wp-json\/wp\/v2\/pages\/2299"}],"wp:featuredmedia":[{"embeddable":true,"href":"https:\/\/www.healthy-heart.org\/pt\/wp-json\/wp\/v2\/media\/2320"}],"wp:attachment":[{"href":"https:\/\/www.healthy-heart.org\/pt\/wp-json\/wp\/v2\/media?parent=2319"}],"wp:term":[{"taxonomy":"category","embeddable":true,"href":"https:\/\/www.healthy-heart.org\/pt\/wp-json\/wp\/v2\/categories?post=2319"},{"taxonomy":"post_tag","embeddable":true,"href":"https:\/\/www.healthy-heart.org\/pt\/wp-json\/wp\/v2\/tags?post=2319"}],"curies":[{"name":"wp","href":"https:\/\/api.w.org\/{rel}","templated":true}]}}