{"id":2313,"date":"2019-10-08T11:33:26","date_gmt":"2019-10-08T10:33:26","guid":{"rendered":"https:\/\/www.healthy-heart.org\/viver-com-doenca-cardiaca\/viajar-apos-um-ataque-cardiaco\/"},"modified":"2024-12-10T12:24:08","modified_gmt":"2024-12-10T12:24:08","slug":"viajar-apos-um-ataque-cardiaco","status":"publish","type":"page","link":"https:\/\/www.healthy-heart.org\/pt\/viver-com-doenca-cardiaca\/viajar-apos-um-ataque-cardiaco\/","title":{"rendered":"Viajar ap\u00f3s um ataque card\u00edaco"},"content":{"rendered":"<p><img loading=\"lazy\" decoding=\"async\" class=\"size-medium wp-image-3193 alignright\" src=\"https:\/\/cdn-endpoint-prev.azureedge.net\/healthy-heart\/2019\/10\/Travel-1-350x227.jpg\" alt=\"\" width=\"350\" height=\"227\" srcset=\"https:\/\/cdn-endpoint-prev.azureedge.net\/healthy-heart\/2019\/10\/Travel-1-350x227.jpg 350w, https:\/\/cdn-endpoint-prev.azureedge.net\/healthy-heart\/2019\/10\/Travel-1-1024x665.jpg 1024w, https:\/\/cdn-endpoint-prev.azureedge.net\/healthy-heart\/2019\/10\/Travel-1-676x439.jpg 676w, https:\/\/www.healthy-heart.org\/wp-content\/uploads\/2019\/10\/Travel-1-200x130.jpg 200w, https:\/\/www.healthy-heart.org\/wp-content\/uploads\/2019\/10\/Travel-1-768x499.jpg 768w, https:\/\/www.healthy-heart.org\/wp-content\/uploads\/2019\/10\/Travel-1-1536x998.jpg 1536w, https:\/\/www.healthy-heart.org\/wp-content\/uploads\/2019\/10\/Travel-1-2048x1331.jpg 2048w, https:\/\/www.healthy-heart.org\/wp-content\/uploads\/2019\/10\/Travel-1-700x455.jpg 700w\" sizes=\"auto, (max-width: 350px) 100vw, 350px\" \/><\/p>\n<p>Pode viajar como passageiro, de carro ou comboio, imediatamente ap\u00f3s a alta hospitalar. Quando viaja de carro, \u00e9 importante n\u00e3o ser o condutor e garantir que faz pausas frequentes durante viagens longas. Como os regulamentos legais podem diferir entre pa\u00edses, verifique sempre as leis locais relacionadas com a condu\u00e7\u00e3o e as condi\u00e7\u00f5es de sa\u00fade antes de viajar.<\/p>\n<p>Quando se trata de voar, a aptid\u00e3o para andar de avi\u00e3o varia de acordo com as circunst\u00e2ncias individuais. Deve consultar o seu m\u00e9dico para determinar quando \u00e9 seguro voar. Esta decis\u00e3o depender\u00e1 de fatores como a gravidade do seu ataque card\u00edaco, a dura\u00e7\u00e3o do voo e se vai viajar sozinho ou acompanhado. De um modo geral, voar representa um risco baixo ap\u00f3s um ataque card\u00edaco sem complica\u00e7\u00f5es, e muitos doentes s\u00e3o autorizados a voar tr\u00eas dias ap\u00f3s a alta. Para quem tiver sofrido complica\u00e7\u00f5es durante o ataque card\u00edaco, \u00e9 aconselh\u00e1vel adiar o voo at\u00e9 que a sua condi\u00e7\u00e3o tenha estabilizado. Se for necess\u00e1rio viajar no prazo de duas semanas ap\u00f3s o ataque card\u00edaco, o seu m\u00e9dico pode sugerir que viaje com uma escolta m\u00e9dica devido aos riscos associados aos baixos n\u00edveis de oxig\u00e9nio a bordo. Al\u00e9m disso, \u00e9 crucial consultar a sua seguradora e companhia a\u00e9rea antes de viajar, dado que as pol\u00edticas relativas a viagens a\u00e9reas para passageiros com problemas de sa\u00fade cr\u00f3nicos podem variar significativamente.<\/p>\n","protected":false},"excerpt":{"rendered":"<p>Pode viajar como passageiro, de carro ou comboio, imediatamente ap\u00f3s a alta hospitalar. Quando viaja de carro, \u00e9 importante n\u00e3o ser o condutor e garantir que faz pausas frequentes durante viagens longas. Como os regulamentos legais podem diferir entre pa\u00edses, verifique sempre as leis locais relacionadas com a condu\u00e7\u00e3o e as condi\u00e7\u00f5es de sa\u00fade antes [&hellip;]<\/p>\n","protected":false},"author":1,"featured_media":3198,"parent":2299,"menu_order":7,"comment_status":"closed","ping_status":"closed","template":"","meta":{"_acf_changed":false,"footnotes":""},"categories":[76],"tags":[],"class_list":["post-2313","page","type-page","status-publish","has-post-thumbnail","hentry","category-viver-com-doenca-cardiaca"],"acf":[],"yoast_head":"<!-- This site is optimized with the Yoast SEO plugin v24.0 - https:\/\/yoast.com\/wordpress\/plugins\/seo\/ -->\n<title>Viajar ap\u00f3s um ataque card\u00edaco - Healthy-Heart.org<\/title>\n<meta name=\"description\" content=\"Ap\u00f3s um ataque card\u00edaco, pode viajar de carro ou comboio imediatamente ap\u00f3s a alta se for passageiro e n\u00e3o se esfor\u00e7ar demasiado.\" \/>\n<meta name=\"robots\" content=\"index, follow, max-snippet:-1, max-image-preview:large, max-video-preview:-1\" \/>\n<link rel=\"canonical\" href=\"https:\/\/www.healthy-heart.org\/pt\/viver-com-doenca-cardiaca\/viajar-apos-um-ataque-cardiaco\/\" \/>\n<meta property=\"og:locale\" content=\"pt_PT\" \/>\n<meta property=\"og:type\" content=\"article\" \/>\n<meta property=\"og:title\" content=\"Viajar ap\u00f3s um ataque card\u00edaco - Healthy-Heart.org\" \/>\n<meta property=\"og:description\" content=\"Ap\u00f3s um ataque card\u00edaco, pode viajar de carro ou comboio imediatamente ap\u00f3s a alta se for passageiro e n\u00e3o se esfor\u00e7ar demasiado.\" \/>\n<meta property=\"og:url\" content=\"https:\/\/www.healthy-heart.org\/pt\/viver-com-doenca-cardiaca\/viajar-apos-um-ataque-cardiaco\/\" \/>\n<meta property=\"og:site_name\" content=\"Healthy-Heart.org\" \/>\n<meta property=\"article:modified_time\" content=\"2024-12-10T12:24:08+00:00\" \/>\n<meta property=\"og:image\" content=\"https:\/\/www.healthy-heart.org\/wp-content\/uploads\/2019\/10\/Travel-1.jpg\" \/>\n\t<meta property=\"og:image:width\" content=\"3144\" \/>\n\t<meta property=\"og:image:height\" content=\"2043\" \/>\n\t<meta property=\"og:image:type\" content=\"image\/jpeg\" \/>\n<meta name=\"twitter:card\" content=\"summary_large_image\" \/>\n<meta name=\"twitter:label1\" content=\"Tempo estimado de leitura\" \/>\n\t<meta name=\"twitter:data1\" content=\"1 minuto\" \/>\n<script type=\"application\/ld+json\" class=\"yoast-schema-graph\">{\"@context\":\"https:\/\/schema.org\",\"@graph\":[{\"@type\":\"WebPage\",\"@id\":\"https:\/\/www.healthy-heart.org\/pt\/viver-com-doenca-cardiaca\/viajar-apos-um-ataque-cardiaco\/\",\"url\":\"https:\/\/www.healthy-heart.org\/pt\/viver-com-doenca-cardiaca\/viajar-apos-um-ataque-cardiaco\/\",\"name\":\"Viajar ap\u00f3s um ataque card\u00edaco - Healthy-Heart.org\",\"isPartOf\":{\"@id\":\"https:\/\/www.healthy-heart.org\/es\/#website\"},\"primaryImageOfPage\":{\"@id\":\"https:\/\/www.healthy-heart.org\/pt\/viver-com-doenca-cardiaca\/viajar-apos-um-ataque-cardiaco\/#primaryimage\"},\"image\":{\"@id\":\"https:\/\/www.healthy-heart.org\/pt\/viver-com-doenca-cardiaca\/viajar-apos-um-ataque-cardiaco\/#primaryimage\"},\"thumbnailUrl\":\"https:\/\/www.healthy-heart.org\/wp-content\/uploads\/2019\/10\/Travel-1.jpg\",\"datePublished\":\"2019-10-08T10:33:26+00:00\",\"dateModified\":\"2024-12-10T12:24:08+00:00\",\"description\":\"Ap\u00f3s um ataque card\u00edaco, pode viajar de carro ou comboio imediatamente ap\u00f3s a alta se for passageiro e n\u00e3o se esfor\u00e7ar demasiado.\",\"breadcrumb\":{\"@id\":\"https:\/\/www.healthy-heart.org\/pt\/viver-com-doenca-cardiaca\/viajar-apos-um-ataque-cardiaco\/#breadcrumb\"},\"inLanguage\":\"pt-PT\",\"potentialAction\":[{\"@type\":\"ReadAction\",\"target\":[\"https:\/\/www.healthy-heart.org\/pt\/viver-com-doenca-cardiaca\/viajar-apos-um-ataque-cardiaco\/\"]}]},{\"@type\":\"ImageObject\",\"inLanguage\":\"pt-PT\",\"@id\":\"https:\/\/www.healthy-heart.org\/pt\/viver-com-doenca-cardiaca\/viajar-apos-um-ataque-cardiaco\/#primaryimage\",\"url\":\"https:\/\/www.healthy-heart.org\/wp-content\/uploads\/2019\/10\/Travel-1.jpg\",\"contentUrl\":\"https:\/\/www.healthy-heart.org\/wp-content\/uploads\/2019\/10\/Travel-1.jpg\",\"width\":3144,\"height\":2043},{\"@type\":\"BreadcrumbList\",\"@id\":\"https:\/\/www.healthy-heart.org\/pt\/viver-com-doenca-cardiaca\/viajar-apos-um-ataque-cardiaco\/#breadcrumb\",\"itemListElement\":[{\"@type\":\"ListItem\",\"position\":1,\"name\":\"Home\",\"item\":\"https:\/\/www.healthy-heart.org\/pt\/\"},{\"@type\":\"ListItem\",\"position\":2,\"name\":\"Viver com doen\u00e7a card\u00edaca\",\"item\":\"https:\/\/www.healthy-heart.org\/pt\/viver-com-doenca-cardiaca\/\"},{\"@type\":\"ListItem\",\"position\":3,\"name\":\"Viajar ap\u00f3s um ataque card\u00edaco\"}]},{\"@type\":\"WebSite\",\"@id\":\"https:\/\/www.healthy-heart.org\/es\/#website\",\"url\":\"https:\/\/www.healthy-heart.org\/es\/\",\"name\":\"Healthy-Heart.org\",\"description\":\"Practical advice for patients and family care givers on the prevention of cardiovascular disease\",\"potentialAction\":[{\"@type\":\"SearchAction\",\"target\":{\"@type\":\"EntryPoint\",\"urlTemplate\":\"https:\/\/www.healthy-heart.org\/es\/?s={search_term_string}\"},\"query-input\":{\"@type\":\"PropertyValueSpecification\",\"valueRequired\":true,\"valueName\":\"search_term_string\"}}],\"inLanguage\":\"pt-PT\"}]}<\/script>\n<!-- \/ Yoast SEO plugin. -->","yoast_head_json":{"title":"Viajar ap\u00f3s um ataque card\u00edaco - Healthy-Heart.org","description":"Ap\u00f3s um ataque card\u00edaco, pode viajar de carro ou comboio imediatamente ap\u00f3s a alta se for passageiro e n\u00e3o se esfor\u00e7ar demasiado.","robots":{"index":"index","follow":"follow","max-snippet":"max-snippet:-1","max-image-preview":"max-image-preview:large","max-video-preview":"max-video-preview:-1"},"canonical":"https:\/\/www.healthy-heart.org\/pt\/viver-com-doenca-cardiaca\/viajar-apos-um-ataque-cardiaco\/","og_locale":"pt_PT","og_type":"article","og_title":"Viajar ap\u00f3s um ataque card\u00edaco - Healthy-Heart.org","og_description":"Ap\u00f3s um ataque card\u00edaco, pode viajar de carro ou comboio imediatamente ap\u00f3s a alta se for passageiro e n\u00e3o se esfor\u00e7ar demasiado.","og_url":"https:\/\/www.healthy-heart.org\/pt\/viver-com-doenca-cardiaca\/viajar-apos-um-ataque-cardiaco\/","og_site_name":"Healthy-Heart.org","article_modified_time":"2024-12-10T12:24:08+00:00","og_image":[{"width":3144,"height":2043,"url":"https:\/\/www.healthy-heart.org\/wp-content\/uploads\/2019\/10\/Travel-1.jpg","type":"image\/jpeg"}],"twitter_card":"summary_large_image","twitter_misc":{"Tempo estimado de leitura":"1 minuto"},"schema":{"@context":"https:\/\/schema.org","@graph":[{"@type":"WebPage","@id":"https:\/\/www.healthy-heart.org\/pt\/viver-com-doenca-cardiaca\/viajar-apos-um-ataque-cardiaco\/","url":"https:\/\/www.healthy-heart.org\/pt\/viver-com-doenca-cardiaca\/viajar-apos-um-ataque-cardiaco\/","name":"Viajar ap\u00f3s um ataque card\u00edaco - Healthy-Heart.org","isPartOf":{"@id":"https:\/\/www.healthy-heart.org\/es\/#website"},"primaryImageOfPage":{"@id":"https:\/\/www.healthy-heart.org\/pt\/viver-com-doenca-cardiaca\/viajar-apos-um-ataque-cardiaco\/#primaryimage"},"image":{"@id":"https:\/\/www.healthy-heart.org\/pt\/viver-com-doenca-cardiaca\/viajar-apos-um-ataque-cardiaco\/#primaryimage"},"thumbnailUrl":"https:\/\/www.healthy-heart.org\/wp-content\/uploads\/2019\/10\/Travel-1.jpg","datePublished":"2019-10-08T10:33:26+00:00","dateModified":"2024-12-10T12:24:08+00:00","description":"Ap\u00f3s um ataque card\u00edaco, pode viajar de carro ou comboio imediatamente ap\u00f3s a alta se for passageiro e n\u00e3o se esfor\u00e7ar demasiado.","breadcrumb":{"@id":"https:\/\/www.healthy-heart.org\/pt\/viver-com-doenca-cardiaca\/viajar-apos-um-ataque-cardiaco\/#breadcrumb"},"inLanguage":"pt-PT","potentialAction":[{"@type":"ReadAction","target":["https:\/\/www.healthy-heart.org\/pt\/viver-com-doenca-cardiaca\/viajar-apos-um-ataque-cardiaco\/"]}]},{"@type":"ImageObject","inLanguage":"pt-PT","@id":"https:\/\/www.healthy-heart.org\/pt\/viver-com-doenca-cardiaca\/viajar-apos-um-ataque-cardiaco\/#primaryimage","url":"https:\/\/www.healthy-heart.org\/wp-content\/uploads\/2019\/10\/Travel-1.jpg","contentUrl":"https:\/\/www.healthy-heart.org\/wp-content\/uploads\/2019\/10\/Travel-1.jpg","width":3144,"height":2043},{"@type":"BreadcrumbList","@id":"https:\/\/www.healthy-heart.org\/pt\/viver-com-doenca-cardiaca\/viajar-apos-um-ataque-cardiaco\/#breadcrumb","itemListElement":[{"@type":"ListItem","position":1,"name":"Home","item":"https:\/\/www.healthy-heart.org\/pt\/"},{"@type":"ListItem","position":2,"name":"Viver com doen\u00e7a card\u00edaca","item":"https:\/\/www.healthy-heart.org\/pt\/viver-com-doenca-cardiaca\/"},{"@type":"ListItem","position":3,"name":"Viajar ap\u00f3s um ataque card\u00edaco"}]},{"@type":"WebSite","@id":"https:\/\/www.healthy-heart.org\/es\/#website","url":"https:\/\/www.healthy-heart.org\/es\/","name":"Healthy-Heart.org","description":"Practical advice for patients and family care givers on the prevention of cardiovascular disease","potentialAction":[{"@type":"SearchAction","target":{"@type":"EntryPoint","urlTemplate":"https:\/\/www.healthy-heart.org\/es\/?s={search_term_string}"},"query-input":{"@type":"PropertyValueSpecification","valueRequired":true,"valueName":"search_term_string"}}],"inLanguage":"pt-PT"}]}},"_links":{"self":[{"href":"https:\/\/www.healthy-heart.org\/pt\/wp-json\/wp\/v2\/pages\/2313","targetHints":{"allow":["GET"]}}],"collection":[{"href":"https:\/\/www.healthy-heart.org\/pt\/wp-json\/wp\/v2\/pages"}],"about":[{"href":"https:\/\/www.healthy-heart.org\/pt\/wp-json\/wp\/v2\/types\/page"}],"author":[{"embeddable":true,"href":"https:\/\/www.healthy-heart.org\/pt\/wp-json\/wp\/v2\/users\/1"}],"replies":[{"embeddable":true,"href":"https:\/\/www.healthy-heart.org\/pt\/wp-json\/wp\/v2\/comments?post=2313"}],"version-history":[{"count":3,"href":"https:\/\/www.healthy-heart.org\/pt\/wp-json\/wp\/v2\/pages\/2313\/revisions"}],"predecessor-version":[{"id":7420,"href":"https:\/\/www.healthy-heart.org\/pt\/wp-json\/wp\/v2\/pages\/2313\/revisions\/7420"}],"up":[{"embeddable":true,"href":"https:\/\/www.healthy-heart.org\/pt\/wp-json\/wp\/v2\/pages\/2299"}],"wp:featuredmedia":[{"embeddable":true,"href":"https:\/\/www.healthy-heart.org\/pt\/wp-json\/wp\/v2\/media\/3198"}],"wp:attachment":[{"href":"https:\/\/www.healthy-heart.org\/pt\/wp-json\/wp\/v2\/media?parent=2313"}],"wp:term":[{"taxonomy":"category","embeddable":true,"href":"https:\/\/www.healthy-heart.org\/pt\/wp-json\/wp\/v2\/categories?post=2313"},{"taxonomy":"post_tag","embeddable":true,"href":"https:\/\/www.healthy-heart.org\/pt\/wp-json\/wp\/v2\/tags?post=2313"}],"curies":[{"name":"wp","href":"https:\/\/api.w.org\/{rel}","templated":true}]}}