{"id":2310,"date":"2019-10-08T11:33:25","date_gmt":"2019-10-08T10:33:25","guid":{"rendered":"https:\/\/www.healthy-heart.org\/viver-com-doenca-cardiaca\/calcular-o-risco-residual-apos-um-ataque-cardiaco\/"},"modified":"2019-10-08T11:33:25","modified_gmt":"2019-10-08T10:33:25","slug":"calcular-o-risco-residual-apos-um-ataque-cardiaco","status":"publish","type":"page","link":"https:\/\/www.healthy-heart.org\/pt\/viver-com-doenca-cardiaca\/calcular-o-risco-residual-apos-um-ataque-cardiaco\/","title":{"rendered":"Calcular o risco residual ap\u00f3s um ataque card\u00edaco"},"content":{"rendered":"<p><img loading=\"lazy\" decoding=\"async\" class=\"alignright size-medium wp-image-609\" src=\"https:\/\/www.healthy-heart.org\/wp-content\/uploads\/2019\/07\/iStock-639627574-350x233.jpg\" alt=\"\" width=\"350\" height=\"233\" srcset=\"https:\/\/www.healthy-heart.org\/wp-content\/uploads\/2019\/07\/iStock-639627574-350x233.jpg 350w, https:\/\/cdn-endpoint-prev.azureedge.net\/healthy-heart\/2019\/07\/iStock-639627574-2048x1365.jpg 2048w, https:\/\/cdn-endpoint-prev.azureedge.net\/healthy-heart\/2019\/07\/iStock-639627574-659x439.jpg 659w, https:\/\/www.healthy-heart.org\/wp-content\/uploads\/2019\/07\/iStock-639627574-200x133.jpg 200w, https:\/\/www.healthy-heart.org\/wp-content\/uploads\/2019\/07\/iStock-639627574-768x512.jpg 768w, https:\/\/www.healthy-heart.org\/wp-content\/uploads\/2019\/07\/iStock-639627574-1024x683.jpg 1024w, https:\/\/www.healthy-heart.org\/wp-content\/uploads\/2019\/07\/iStock-639627574-1536x1024.jpg 1536w, https:\/\/www.healthy-heart.org\/wp-content\/uploads\/2019\/07\/iStock-639627574-696x464.jpg 696w\" sizes=\"auto, (max-width: 350px) 100vw, 350px\" \/>Este risco varia em fun\u00e7\u00e3o de uma s\u00e9rie de fatores (<a href=\"https:\/\/www.healthy-heart.org\/living-with-heart-disease\/risk-factors-for-a-second-heart-attack\/\">consultar &#8220;Fatores de risco para um segundo ataque card\u00edaco&#8221;<\/a>). Isto significa que a probabilidade de um segundo ataque card\u00edaco nos dez anos seguintes pode variar de 10% ou \u201c1 em 10\u201d a mais de 50% ou \u201c1 em 2\u201d.<\/p>\n<p>Para clarificar, imagine dois grupos de 100 pessoas que sofreram um ataque card\u00edaco. Num dos grupos, dez sofrem um segundo ataque card\u00edaco nos dez anos seguintes. No entanto, no segundo grupo, 50 sofrem um segundo ataque card\u00edaco. Se pudesse saber em qual dos grupos se enquadraria, poderia falar com o m\u00e9dico sobre se o tratamento precisaria de ser mais intenso.<\/p>\n<p><a href=\"https:\/\/www.escardio.org\/Education\/ESC-Prevention-of-CVD-Programme\/Risk-assessment\/SMART-Risk-Score\">O grau de risco SMART<\/a> combina estes fatores de risco importantes num c\u00e1lculo do risco de um segundo ataque card\u00edaco ou queixa relacionada nos dez anos seguintes. Foi concebido para ser utilizado por qualquer pessoa que tenha tido um ataque card\u00edaco anterior (ou que tenha tido problemas relacionados como angina, acidente vascular cerebral, um &#8220;ataque isqu\u00e9mico transit\u00f3rio&#8221;, aneurisma, problemas com vasos sangu\u00edneos nas pernas ou uma combina\u00e7\u00e3o destes). \u00c9 f\u00e1cil de usar e os fatores s\u00e3o f\u00e1ceis de medir. \u00c9 importante obter a pontua\u00e7\u00e3o o mais precisa poss\u00edvel preenchendo todos os campos da calculadora, podendo inclusivamente ser necess\u00e1rio pedir ao m\u00e9dico que forne\u00e7a as informa\u00e7\u00f5es necess\u00e1rias. No entanto, caso n\u00e3o tenha todas as informa\u00e7\u00f5es necess\u00e1rias, pode usar o resultado \u201cm\u00e9dio\u201d como um guia at\u00e9 conseguir obt\u00ea-las. Este pode ser o caso para resultados de exames de sangue, como os resultados de colesterol de prote\u00edna C reativa de alta sensibilidade (hsCRP) ou lipoprote\u00edna de alta densidade (HDL). \u00c9 sempre importante discutir as melhores op\u00e7\u00f5es de tratamento com o m\u00e9dico.<\/p>\n","protected":false},"excerpt":{"rendered":"<p>Este risco varia em fun\u00e7\u00e3o de uma s\u00e9rie de fatores (consultar &#8220;Fatores de risco para um segundo ataque card\u00edaco&#8221;). Isto significa que a probabilidade de um segundo ataque card\u00edaco nos dez anos seguintes pode variar de 10% ou \u201c1 em 10\u201d a mais de 50% ou \u201c1 em 2\u201d. Para clarificar, imagine dois grupos de [&hellip;]<\/p>\n","protected":false},"author":1,"featured_media":2311,"parent":2299,"menu_order":11,"comment_status":"closed","ping_status":"closed","template":"","meta":{"_acf_changed":false,"footnotes":""},"categories":[76],"tags":[],"class_list":["post-2310","page","type-page","status-publish","has-post-thumbnail","hentry","category-viver-com-doenca-cardiaca"],"acf":[],"yoast_head":"<!-- This site is optimized with the Yoast SEO plugin v24.0 - https:\/\/yoast.com\/wordpress\/plugins\/seo\/ -->\n<title>Risco residual ap\u00f3s ataque card\u00edaco - Healthy-Heart.org<\/title>\n<meta name=\"description\" content=\"O grau de risco SMART calcula o risco de sofrer um segundo ataque card\u00edaco ou queixa relacionada durante os dez anos seguintes.\" \/>\n<meta name=\"robots\" content=\"index, follow, max-snippet:-1, max-image-preview:large, max-video-preview:-1\" \/>\n<link rel=\"canonical\" href=\"https:\/\/www.healthy-heart.org\/pt\/viver-com-doenca-cardiaca\/calcular-o-risco-residual-apos-um-ataque-cardiaco\/\" \/>\n<meta property=\"og:locale\" content=\"pt_PT\" \/>\n<meta property=\"og:type\" content=\"article\" \/>\n<meta property=\"og:title\" content=\"Risco residual ap\u00f3s ataque card\u00edaco - Healthy-Heart.org\" \/>\n<meta property=\"og:description\" content=\"O grau de risco SMART calcula o risco de sofrer um segundo ataque card\u00edaco ou queixa relacionada durante os dez anos seguintes.\" \/>\n<meta property=\"og:url\" content=\"https:\/\/www.healthy-heart.org\/pt\/viver-com-doenca-cardiaca\/calcular-o-risco-residual-apos-um-ataque-cardiaco\/\" \/>\n<meta property=\"og:site_name\" content=\"Healthy-Heart.org\" \/>\n<meta property=\"og:image\" content=\"https:\/\/www.healthy-heart.org\/wp-content\/uploads\/2019\/07\/iStock-639627574-1024x683.jpg\" \/>\n\t<meta property=\"og:image:width\" content=\"1024\" \/>\n\t<meta property=\"og:image:height\" content=\"683\" \/>\n\t<meta property=\"og:image:type\" content=\"image\/jpeg\" \/>\n<meta name=\"twitter:card\" content=\"summary_large_image\" \/>\n<meta name=\"twitter:label1\" content=\"Tempo estimado de leitura\" \/>\n\t<meta name=\"twitter:data1\" content=\"2 minutos\" \/>\n<script type=\"application\/ld+json\" class=\"yoast-schema-graph\">{\"@context\":\"https:\/\/schema.org\",\"@graph\":[{\"@type\":\"WebPage\",\"@id\":\"https:\/\/www.healthy-heart.org\/pt\/viver-com-doenca-cardiaca\/calcular-o-risco-residual-apos-um-ataque-cardiaco\/\",\"url\":\"https:\/\/www.healthy-heart.org\/pt\/viver-com-doenca-cardiaca\/calcular-o-risco-residual-apos-um-ataque-cardiaco\/\",\"name\":\"Risco residual ap\u00f3s ataque card\u00edaco - Healthy-Heart.org\",\"isPartOf\":{\"@id\":\"https:\/\/www.healthy-heart.org\/es\/#website\"},\"primaryImageOfPage\":{\"@id\":\"https:\/\/www.healthy-heart.org\/pt\/viver-com-doenca-cardiaca\/calcular-o-risco-residual-apos-um-ataque-cardiaco\/#primaryimage\"},\"image\":{\"@id\":\"https:\/\/www.healthy-heart.org\/pt\/viver-com-doenca-cardiaca\/calcular-o-risco-residual-apos-um-ataque-cardiaco\/#primaryimage\"},\"thumbnailUrl\":\"https:\/\/www.healthy-heart.org\/wp-content\/uploads\/2019\/07\/iStock-639627574.jpg\",\"datePublished\":\"2019-10-08T10:33:25+00:00\",\"dateModified\":\"2019-10-08T10:33:25+00:00\",\"description\":\"O grau de risco SMART calcula o risco de sofrer um segundo ataque card\u00edaco ou queixa relacionada durante os dez anos seguintes.\",\"breadcrumb\":{\"@id\":\"https:\/\/www.healthy-heart.org\/pt\/viver-com-doenca-cardiaca\/calcular-o-risco-residual-apos-um-ataque-cardiaco\/#breadcrumb\"},\"inLanguage\":\"pt-PT\",\"potentialAction\":[{\"@type\":\"ReadAction\",\"target\":[\"https:\/\/www.healthy-heart.org\/pt\/viver-com-doenca-cardiaca\/calcular-o-risco-residual-apos-um-ataque-cardiaco\/\"]}]},{\"@type\":\"ImageObject\",\"inLanguage\":\"pt-PT\",\"@id\":\"https:\/\/www.healthy-heart.org\/pt\/viver-com-doenca-cardiaca\/calcular-o-risco-residual-apos-um-ataque-cardiaco\/#primaryimage\",\"url\":\"https:\/\/www.healthy-heart.org\/wp-content\/uploads\/2019\/07\/iStock-639627574.jpg\",\"contentUrl\":\"https:\/\/www.healthy-heart.org\/wp-content\/uploads\/2019\/07\/iStock-639627574.jpg\",\"width\":5336,\"height\":3557},{\"@type\":\"BreadcrumbList\",\"@id\":\"https:\/\/www.healthy-heart.org\/pt\/viver-com-doenca-cardiaca\/calcular-o-risco-residual-apos-um-ataque-cardiaco\/#breadcrumb\",\"itemListElement\":[{\"@type\":\"ListItem\",\"position\":1,\"name\":\"Home\",\"item\":\"https:\/\/www.healthy-heart.org\/pt\/\"},{\"@type\":\"ListItem\",\"position\":2,\"name\":\"Viver com doen\u00e7a card\u00edaca\",\"item\":\"https:\/\/www.healthy-heart.org\/pt\/viver-com-doenca-cardiaca\/\"},{\"@type\":\"ListItem\",\"position\":3,\"name\":\"Calcular o risco residual ap\u00f3s um ataque card\u00edaco\"}]},{\"@type\":\"WebSite\",\"@id\":\"https:\/\/www.healthy-heart.org\/es\/#website\",\"url\":\"https:\/\/www.healthy-heart.org\/es\/\",\"name\":\"Healthy-Heart.org\",\"description\":\"Practical advice for patients and family care givers on the prevention of cardiovascular disease\",\"potentialAction\":[{\"@type\":\"SearchAction\",\"target\":{\"@type\":\"EntryPoint\",\"urlTemplate\":\"https:\/\/www.healthy-heart.org\/es\/?s={search_term_string}\"},\"query-input\":{\"@type\":\"PropertyValueSpecification\",\"valueRequired\":true,\"valueName\":\"search_term_string\"}}],\"inLanguage\":\"pt-PT\"}]}<\/script>\n<!-- \/ Yoast SEO plugin. -->","yoast_head_json":{"title":"Risco residual ap\u00f3s ataque card\u00edaco - Healthy-Heart.org","description":"O grau de risco SMART calcula o risco de sofrer um segundo ataque card\u00edaco ou queixa relacionada durante os dez anos seguintes.","robots":{"index":"index","follow":"follow","max-snippet":"max-snippet:-1","max-image-preview":"max-image-preview:large","max-video-preview":"max-video-preview:-1"},"canonical":"https:\/\/www.healthy-heart.org\/pt\/viver-com-doenca-cardiaca\/calcular-o-risco-residual-apos-um-ataque-cardiaco\/","og_locale":"pt_PT","og_type":"article","og_title":"Risco residual ap\u00f3s ataque card\u00edaco - Healthy-Heart.org","og_description":"O grau de risco SMART calcula o risco de sofrer um segundo ataque card\u00edaco ou queixa relacionada durante os dez anos seguintes.","og_url":"https:\/\/www.healthy-heart.org\/pt\/viver-com-doenca-cardiaca\/calcular-o-risco-residual-apos-um-ataque-cardiaco\/","og_site_name":"Healthy-Heart.org","og_image":[{"width":1024,"height":683,"url":"https:\/\/www.healthy-heart.org\/wp-content\/uploads\/2019\/07\/iStock-639627574-1024x683.jpg","type":"image\/jpeg"}],"twitter_card":"summary_large_image","twitter_misc":{"Tempo estimado de leitura":"2 minutos"},"schema":{"@context":"https:\/\/schema.org","@graph":[{"@type":"WebPage","@id":"https:\/\/www.healthy-heart.org\/pt\/viver-com-doenca-cardiaca\/calcular-o-risco-residual-apos-um-ataque-cardiaco\/","url":"https:\/\/www.healthy-heart.org\/pt\/viver-com-doenca-cardiaca\/calcular-o-risco-residual-apos-um-ataque-cardiaco\/","name":"Risco residual ap\u00f3s ataque card\u00edaco - Healthy-Heart.org","isPartOf":{"@id":"https:\/\/www.healthy-heart.org\/es\/#website"},"primaryImageOfPage":{"@id":"https:\/\/www.healthy-heart.org\/pt\/viver-com-doenca-cardiaca\/calcular-o-risco-residual-apos-um-ataque-cardiaco\/#primaryimage"},"image":{"@id":"https:\/\/www.healthy-heart.org\/pt\/viver-com-doenca-cardiaca\/calcular-o-risco-residual-apos-um-ataque-cardiaco\/#primaryimage"},"thumbnailUrl":"https:\/\/www.healthy-heart.org\/wp-content\/uploads\/2019\/07\/iStock-639627574.jpg","datePublished":"2019-10-08T10:33:25+00:00","dateModified":"2019-10-08T10:33:25+00:00","description":"O grau de risco SMART calcula o risco de sofrer um segundo ataque card\u00edaco ou queixa relacionada durante os dez anos seguintes.","breadcrumb":{"@id":"https:\/\/www.healthy-heart.org\/pt\/viver-com-doenca-cardiaca\/calcular-o-risco-residual-apos-um-ataque-cardiaco\/#breadcrumb"},"inLanguage":"pt-PT","potentialAction":[{"@type":"ReadAction","target":["https:\/\/www.healthy-heart.org\/pt\/viver-com-doenca-cardiaca\/calcular-o-risco-residual-apos-um-ataque-cardiaco\/"]}]},{"@type":"ImageObject","inLanguage":"pt-PT","@id":"https:\/\/www.healthy-heart.org\/pt\/viver-com-doenca-cardiaca\/calcular-o-risco-residual-apos-um-ataque-cardiaco\/#primaryimage","url":"https:\/\/www.healthy-heart.org\/wp-content\/uploads\/2019\/07\/iStock-639627574.jpg","contentUrl":"https:\/\/www.healthy-heart.org\/wp-content\/uploads\/2019\/07\/iStock-639627574.jpg","width":5336,"height":3557},{"@type":"BreadcrumbList","@id":"https:\/\/www.healthy-heart.org\/pt\/viver-com-doenca-cardiaca\/calcular-o-risco-residual-apos-um-ataque-cardiaco\/#breadcrumb","itemListElement":[{"@type":"ListItem","position":1,"name":"Home","item":"https:\/\/www.healthy-heart.org\/pt\/"},{"@type":"ListItem","position":2,"name":"Viver com doen\u00e7a card\u00edaca","item":"https:\/\/www.healthy-heart.org\/pt\/viver-com-doenca-cardiaca\/"},{"@type":"ListItem","position":3,"name":"Calcular o risco residual ap\u00f3s um ataque card\u00edaco"}]},{"@type":"WebSite","@id":"https:\/\/www.healthy-heart.org\/es\/#website","url":"https:\/\/www.healthy-heart.org\/es\/","name":"Healthy-Heart.org","description":"Practical advice for patients and family care givers on the prevention of cardiovascular disease","potentialAction":[{"@type":"SearchAction","target":{"@type":"EntryPoint","urlTemplate":"https:\/\/www.healthy-heart.org\/es\/?s={search_term_string}"},"query-input":{"@type":"PropertyValueSpecification","valueRequired":true,"valueName":"search_term_string"}}],"inLanguage":"pt-PT"}]}},"_links":{"self":[{"href":"https:\/\/www.healthy-heart.org\/pt\/wp-json\/wp\/v2\/pages\/2310","targetHints":{"allow":["GET"]}}],"collection":[{"href":"https:\/\/www.healthy-heart.org\/pt\/wp-json\/wp\/v2\/pages"}],"about":[{"href":"https:\/\/www.healthy-heart.org\/pt\/wp-json\/wp\/v2\/types\/page"}],"author":[{"embeddable":true,"href":"https:\/\/www.healthy-heart.org\/pt\/wp-json\/wp\/v2\/users\/1"}],"replies":[{"embeddable":true,"href":"https:\/\/www.healthy-heart.org\/pt\/wp-json\/wp\/v2\/comments?post=2310"}],"version-history":[{"count":0,"href":"https:\/\/www.healthy-heart.org\/pt\/wp-json\/wp\/v2\/pages\/2310\/revisions"}],"up":[{"embeddable":true,"href":"https:\/\/www.healthy-heart.org\/pt\/wp-json\/wp\/v2\/pages\/2299"}],"wp:featuredmedia":[{"embeddable":true,"href":"https:\/\/www.healthy-heart.org\/pt\/wp-json\/wp\/v2\/media\/2311"}],"wp:attachment":[{"href":"https:\/\/www.healthy-heart.org\/pt\/wp-json\/wp\/v2\/media?parent=2310"}],"wp:term":[{"taxonomy":"category","embeddable":true,"href":"https:\/\/www.healthy-heart.org\/pt\/wp-json\/wp\/v2\/categories?post=2310"},{"taxonomy":"post_tag","embeddable":true,"href":"https:\/\/www.healthy-heart.org\/pt\/wp-json\/wp\/v2\/tags?post=2310"}],"curies":[{"name":"wp","href":"https:\/\/api.w.org\/{rel}","templated":true}]}}