{"id":2302,"date":"2019-10-08T11:33:23","date_gmt":"2019-10-08T10:33:23","guid":{"rendered":"https:\/\/www.healthy-heart.org\/incentivar-um-estilo-de-vida-saudavel\/"},"modified":"2020-09-25T14:02:35","modified_gmt":"2020-09-25T13:02:35","slug":"incentivar-um-estilo-de-vida-saudavel","status":"publish","type":"page","link":"https:\/\/www.healthy-heart.org\/pt\/o-seu-coracao\/incentivar-um-estilo-de-vida-saudavel\/","title":{"rendered":"Incentivar um estilo de vida saud\u00e1vel"},"content":{"rendered":"<p><img loading=\"lazy\" decoding=\"async\" class=\"alignright size-medium wp-image-795\" src=\"https:\/\/cdn-endpoint-prev.azureedge.net\/healthy-heart\/2019\/07\/iStock-618870216-350x165.jpg\" alt=\"\" width=\"350\" height=\"165\" srcset=\"https:\/\/www.healthy-heart.org\/wp-content\/uploads\/2019\/07\/iStock-618870216-350x165.jpg 350w, https:\/\/www.healthy-heart.org\/wp-content\/uploads\/2019\/07\/iStock-618870216-200x95.jpg 200w, https:\/\/www.healthy-heart.org\/wp-content\/uploads\/2019\/07\/iStock-618870216-768x363.jpg 768w, https:\/\/www.healthy-heart.org\/wp-content\/uploads\/2019\/07\/iStock-618870216-1024x484.jpg 1024w, https:\/\/www.healthy-heart.org\/wp-content\/uploads\/2019\/07\/iStock-618870216-1536x726.jpg 1536w, https:\/\/www.healthy-heart.org\/wp-content\/uploads\/2019\/07\/iStock-618870216-2048x968.jpg 2048w, https:\/\/www.healthy-heart.org\/wp-content\/uploads\/2019\/07\/iStock-618870216-929x439.jpg 929w, https:\/\/www.healthy-heart.org\/wp-content\/uploads\/2019\/07\/iStock-618870216-700x331.jpg 700w\" sizes=\"auto, (max-width: 350px) 100vw, 350px\" \/>A n\u00edvel internacional, nacional e local h\u00e1 governos e organiza\u00e7\u00f5es n\u00e3o governamentais envolvidos e respons\u00e1veis por promover e permitir mudan\u00e7as saud\u00e1veis \u200bno estilo de vida. Estes incluem a Organiza\u00e7\u00e3o Mundial de Sa\u00fade, a Uni\u00e3o Europeia, os governos nacionais e locais, as autoridades sanit\u00e1rias, as funda\u00e7\u00f5es ligadas ao cora\u00e7\u00e3o, os organismos de consumidores e as organiza\u00e7\u00f5es de doentes.<\/p>\n<p>As escolas devem criar um ambiente ativo e saud\u00e1vel para os alunos, educando-os e estimulando-os a adotar e manter um estilo de vida saud\u00e1vel. Do mesmo modo, os locais de trabalho devem incentivar a <a href=\"https:\/\/www.healthy-heart.org\/pt\/mantenha-o-seu-coracao-saudavel\/atividade-fisica\/\">atividade f\u00edsica<\/a> e uma alimenta\u00e7\u00e3o saud\u00e1vel e desencorajar o <a href=\"https:\/\/www.healthy-heart.org\/pt\/mantenha-o-seu-coracao-saudavel\/tabagismo\/\">tabagismo<\/a>. Os urbanistas podem facilitar os percursos a p\u00e9 ou de bicicleta para a escola ou trabalho.<\/p>\n<h3>Alimenta\u00e7\u00e3o<\/h3>\n<p><img loading=\"lazy\" decoding=\"async\" class=\"alignright size-medium wp-image-805\" src=\"https:\/\/cdn-endpoint-prev.azureedge.net\/healthy-heart\/2019\/07\/iStock-953674568-1-350x233.jpg\" alt=\"\" width=\"350\" height=\"233\" srcset=\"https:\/\/www.healthy-heart.org\/wp-content\/uploads\/2019\/07\/iStock-953674568-1-350x233.jpg 350w, https:\/\/cdn-endpoint-prev.azureedge.net\/healthy-heart\/2019\/07\/iStock-953674568-1-1024x683.jpg 1024w, https:\/\/www.healthy-heart.org\/wp-content\/uploads\/2019\/07\/iStock-953674568-1-200x133.jpg 200w, https:\/\/www.healthy-heart.org\/wp-content\/uploads\/2019\/07\/iStock-953674568-1-768x512.jpg 768w, https:\/\/www.healthy-heart.org\/wp-content\/uploads\/2019\/07\/iStock-953674568-1-1536x1024.jpg 1536w, https:\/\/www.healthy-heart.org\/wp-content\/uploads\/2019\/07\/iStock-953674568-1-2048x1365.jpg 2048w, https:\/\/www.healthy-heart.org\/wp-content\/uploads\/2019\/07\/iStock-953674568-1-659x439.jpg 659w, https:\/\/www.healthy-heart.org\/wp-content\/uploads\/2019\/07\/iStock-953674568-1-696x464.jpg 696w\" sizes=\"auto, (max-width: 350px) 100vw, 350px\" \/>Limitar o teor de gordura, a\u00e7\u00facar e sal nos alimentos processados \u200b\u00e9 uma maneira eficaz de melhorar o que as pessoas comem, \u00e0s vezes sem sequer ter consci\u00eancia. Alguns pa\u00edses proibiram as gorduras trans nos alimentos. Muitos pa\u00edses est\u00e3o a colaborar com a ind\u00fastria alimentar para reduzir os n\u00edveis de sal e a\u00e7\u00facar. Os pre\u00e7os tamb\u00e9m influenciam o comportamento, e tributar alimentos n\u00e3o saud\u00e1veis (por exemplo, um imposto sobre a gordura ou a\u00e7\u00facar) ou subsidiar op\u00e7\u00f5es saud\u00e1veis pode levar a mudan\u00e7as nos h\u00e1bitos alimentares. As campanhas de sensibiliza\u00e7\u00e3o dos consumidores sobre alimentos saud\u00e1veis e r\u00f3tulos claros de alimentos podem ajudar as pessoas a comprar alimentos nutritivos.<\/p>\n<h3>Atividade f\u00edsica<\/h3>\n<p>O ambiente urbanizado pode incentivar a atividade f\u00edsica. Uma maior visibilidade das escadas estimula as pessoas a us\u00e1-las em vez do elevador. Promover caminhadas ou ciclismo mesmo para dist\u00e2ncias curtas ajuda a incorporar a atividade f\u00edsica na rotina di\u00e1ria. A tomada de consci\u00eancia sobre a import\u00e2ncia da atividade f\u00edsica para a sa\u00fade deve come\u00e7ar na primeira inf\u00e2ncia. Os locais de trabalho podem oferecer gin\u00e1sios, secret\u00e1rias que permitam aos funcion\u00e1rios trabalhar em p\u00e9 ou cadeiras com pedais de bicicleta.<\/p>\n<h3>Tabagismo<\/h3>\n<p>Todos os tipos de tabagismo e tabagismo passivo aumentam o risco de doen\u00e7as cardiovasculares. A legisla\u00e7\u00e3o \u00e9 um instrumento poderoso para prevenir e reduzir o tabagismo. As medidas incluem proibi\u00e7\u00e3o de fumar, impostos elevados, publicidade restrita e utiliza\u00e7\u00e3o de embalagens gen\u00e9ricas. As campanhas dos meios de comunica\u00e7\u00e3o social aumentaram a consciencializa\u00e7\u00e3o relativamente aos efeitos nocivos do tabagismo. \u00c9 especialmente importante evitar que os adolescentes e jovens adultos comecem a fumar.<\/p>\n<h3>Abuso de \u00e1lcool<\/h3>\n<p>O consumo excessivo de \u00e1lcool aumenta o <a href=\"https:\/\/www.healthy-heart.org\/pt\/mantenha-o-seu-coracao-saudavel\/previsao-e-gestao-do-risco-de-doenca-cardiaca\/\">risco cardiovascular<\/a>. A legisla\u00e7\u00e3o \u00e9 eficaz na preven\u00e7\u00e3o do uso nocivo do \u00e1lcool atrav\u00e9s de v\u00e1rias leis, por exemplo, uma idade m\u00ednima para comprar ou pedir bebidas alco\u00f3licas em locais p\u00fablicos, leis sobre a condu\u00e7\u00e3o sob efeito do \u00e1lcool, impostos e proibi\u00e7\u00e3o de publicidade, promo\u00e7\u00e3o e patroc\u00ednio de eventos. As leis sobre \u00e1lcool nos locais de trabalho e nas escolas tamb\u00e9m s\u00e3o ben\u00e9ficas.<\/p>\n","protected":false},"excerpt":{"rendered":"<p>A n\u00edvel internacional, nacional e local h\u00e1 governos e organiza\u00e7\u00f5es n\u00e3o governamentais envolvidos e respons\u00e1veis por promover e permitir mudan\u00e7as saud\u00e1veis \u200bno estilo de vida. Estes incluem a Organiza\u00e7\u00e3o Mundial de Sa\u00fade, a Uni\u00e3o Europeia, os governos nacionais e locais, as autoridades sanit\u00e1rias, as funda\u00e7\u00f5es ligadas ao cora\u00e7\u00e3o, os organismos de consumidores e as organiza\u00e7\u00f5es [&hellip;]<\/p>\n","protected":false},"author":1,"featured_media":2308,"parent":2314,"menu_order":5,"comment_status":"closed","ping_status":"closed","template":"","meta":{"_acf_changed":false,"footnotes":""},"categories":[75],"tags":[],"class_list":["post-2302","page","type-page","status-publish","has-post-thumbnail","hentry","category-o-seu-coracao"],"acf":[],"yoast_head":"<!-- This site is optimized with the Yoast SEO plugin v24.0 - https:\/\/yoast.com\/wordpress\/plugins\/seo\/ -->\n<title>Incentivar um estilo de vida saud\u00e1vel - Healthy-Heart.org<\/title>\n<meta name=\"description\" content=\"Fa\u00e7a escolhas de estilo de vida saud\u00e1veis. Seja fisicamente ativo, coma de forma saud\u00e1vel, deixe de fumar e limite o consumo de \u00e1lcool.\" \/>\n<meta name=\"robots\" content=\"index, follow, max-snippet:-1, max-image-preview:large, max-video-preview:-1\" \/>\n<link rel=\"canonical\" href=\"https:\/\/www.healthy-heart.org\/pt\/o-seu-coracao\/incentivar-um-estilo-de-vida-saudavel\/\" \/>\n<meta property=\"og:locale\" content=\"pt_PT\" \/>\n<meta property=\"og:type\" content=\"article\" \/>\n<meta property=\"og:title\" content=\"Incentivar um estilo de vida saud\u00e1vel - Healthy-Heart.org\" \/>\n<meta property=\"og:description\" content=\"Fa\u00e7a escolhas de estilo de vida saud\u00e1veis. Seja fisicamente ativo, coma de forma saud\u00e1vel, deixe de fumar e limite o consumo de \u00e1lcool.\" \/>\n<meta property=\"og:url\" content=\"https:\/\/www.healthy-heart.org\/pt\/o-seu-coracao\/incentivar-um-estilo-de-vida-saudavel\/\" \/>\n<meta property=\"og:site_name\" content=\"Healthy-Heart.org\" \/>\n<meta property=\"article:modified_time\" content=\"2020-09-25T13:02:35+00:00\" \/>\n<meta property=\"og:image\" content=\"https:\/\/www.healthy-heart.org\/wp-content\/uploads\/2019\/08\/healthy-lifestyle.jpg\" \/>\n\t<meta property=\"og:image:width\" content=\"518\" \/>\n\t<meta property=\"og:image:height\" content=\"345\" \/>\n\t<meta property=\"og:image:type\" content=\"image\/jpeg\" \/>\n<meta name=\"twitter:card\" content=\"summary_large_image\" \/>\n<meta name=\"twitter:label1\" content=\"Tempo estimado de leitura\" \/>\n\t<meta name=\"twitter:data1\" content=\"3 minutos\" \/>\n<script type=\"application\/ld+json\" class=\"yoast-schema-graph\">{\"@context\":\"https:\/\/schema.org\",\"@graph\":[{\"@type\":\"WebPage\",\"@id\":\"https:\/\/www.healthy-heart.org\/pt\/o-seu-coracao\/incentivar-um-estilo-de-vida-saudavel\/\",\"url\":\"https:\/\/www.healthy-heart.org\/pt\/o-seu-coracao\/incentivar-um-estilo-de-vida-saudavel\/\",\"name\":\"Incentivar um estilo de vida saud\u00e1vel - Healthy-Heart.org\",\"isPartOf\":{\"@id\":\"https:\/\/www.healthy-heart.org\/es\/#website\"},\"primaryImageOfPage\":{\"@id\":\"https:\/\/www.healthy-heart.org\/pt\/o-seu-coracao\/incentivar-um-estilo-de-vida-saudavel\/#primaryimage\"},\"image\":{\"@id\":\"https:\/\/www.healthy-heart.org\/pt\/o-seu-coracao\/incentivar-um-estilo-de-vida-saudavel\/#primaryimage\"},\"thumbnailUrl\":\"https:\/\/www.healthy-heart.org\/wp-content\/uploads\/2019\/08\/healthy-lifestyle.jpg\",\"datePublished\":\"2019-10-08T10:33:23+00:00\",\"dateModified\":\"2020-09-25T13:02:35+00:00\",\"description\":\"Fa\u00e7a escolhas de estilo de vida saud\u00e1veis. Seja fisicamente ativo, coma de forma saud\u00e1vel, deixe de fumar e limite o consumo de \u00e1lcool.\",\"breadcrumb\":{\"@id\":\"https:\/\/www.healthy-heart.org\/pt\/o-seu-coracao\/incentivar-um-estilo-de-vida-saudavel\/#breadcrumb\"},\"inLanguage\":\"pt-PT\",\"potentialAction\":[{\"@type\":\"ReadAction\",\"target\":[\"https:\/\/www.healthy-heart.org\/pt\/o-seu-coracao\/incentivar-um-estilo-de-vida-saudavel\/\"]}]},{\"@type\":\"ImageObject\",\"inLanguage\":\"pt-PT\",\"@id\":\"https:\/\/www.healthy-heart.org\/pt\/o-seu-coracao\/incentivar-um-estilo-de-vida-saudavel\/#primaryimage\",\"url\":\"https:\/\/www.healthy-heart.org\/wp-content\/uploads\/2019\/08\/healthy-lifestyle.jpg\",\"contentUrl\":\"https:\/\/www.healthy-heart.org\/wp-content\/uploads\/2019\/08\/healthy-lifestyle.jpg\",\"width\":518,\"height\":345},{\"@type\":\"BreadcrumbList\",\"@id\":\"https:\/\/www.healthy-heart.org\/pt\/o-seu-coracao\/incentivar-um-estilo-de-vida-saudavel\/#breadcrumb\",\"itemListElement\":[{\"@type\":\"ListItem\",\"position\":1,\"name\":\"Home\",\"item\":\"https:\/\/www.healthy-heart.org\/pt\/\"},{\"@type\":\"ListItem\",\"position\":2,\"name\":\"O seu cora\u00e7\u00e3o\",\"item\":\"https:\/\/www.healthy-heart.org\/pt\/o-seu-coracao\/\"},{\"@type\":\"ListItem\",\"position\":3,\"name\":\"Incentivar um estilo de vida saud\u00e1vel\"}]},{\"@type\":\"WebSite\",\"@id\":\"https:\/\/www.healthy-heart.org\/es\/#website\",\"url\":\"https:\/\/www.healthy-heart.org\/es\/\",\"name\":\"Healthy-Heart.org\",\"description\":\"Practical advice for patients and family care givers on the prevention of cardiovascular disease\",\"potentialAction\":[{\"@type\":\"SearchAction\",\"target\":{\"@type\":\"EntryPoint\",\"urlTemplate\":\"https:\/\/www.healthy-heart.org\/es\/?s={search_term_string}\"},\"query-input\":{\"@type\":\"PropertyValueSpecification\",\"valueRequired\":true,\"valueName\":\"search_term_string\"}}],\"inLanguage\":\"pt-PT\"}]}<\/script>\n<!-- \/ Yoast SEO plugin. -->","yoast_head_json":{"title":"Incentivar um estilo de vida saud\u00e1vel - Healthy-Heart.org","description":"Fa\u00e7a escolhas de estilo de vida saud\u00e1veis. Seja fisicamente ativo, coma de forma saud\u00e1vel, deixe de fumar e limite o consumo de \u00e1lcool.","robots":{"index":"index","follow":"follow","max-snippet":"max-snippet:-1","max-image-preview":"max-image-preview:large","max-video-preview":"max-video-preview:-1"},"canonical":"https:\/\/www.healthy-heart.org\/pt\/o-seu-coracao\/incentivar-um-estilo-de-vida-saudavel\/","og_locale":"pt_PT","og_type":"article","og_title":"Incentivar um estilo de vida saud\u00e1vel - Healthy-Heart.org","og_description":"Fa\u00e7a escolhas de estilo de vida saud\u00e1veis. Seja fisicamente ativo, coma de forma saud\u00e1vel, deixe de fumar e limite o consumo de \u00e1lcool.","og_url":"https:\/\/www.healthy-heart.org\/pt\/o-seu-coracao\/incentivar-um-estilo-de-vida-saudavel\/","og_site_name":"Healthy-Heart.org","article_modified_time":"2020-09-25T13:02:35+00:00","og_image":[{"width":518,"height":345,"url":"https:\/\/www.healthy-heart.org\/wp-content\/uploads\/2019\/08\/healthy-lifestyle.jpg","type":"image\/jpeg"}],"twitter_card":"summary_large_image","twitter_misc":{"Tempo estimado de leitura":"3 minutos"},"schema":{"@context":"https:\/\/schema.org","@graph":[{"@type":"WebPage","@id":"https:\/\/www.healthy-heart.org\/pt\/o-seu-coracao\/incentivar-um-estilo-de-vida-saudavel\/","url":"https:\/\/www.healthy-heart.org\/pt\/o-seu-coracao\/incentivar-um-estilo-de-vida-saudavel\/","name":"Incentivar um estilo de vida saud\u00e1vel - Healthy-Heart.org","isPartOf":{"@id":"https:\/\/www.healthy-heart.org\/es\/#website"},"primaryImageOfPage":{"@id":"https:\/\/www.healthy-heart.org\/pt\/o-seu-coracao\/incentivar-um-estilo-de-vida-saudavel\/#primaryimage"},"image":{"@id":"https:\/\/www.healthy-heart.org\/pt\/o-seu-coracao\/incentivar-um-estilo-de-vida-saudavel\/#primaryimage"},"thumbnailUrl":"https:\/\/www.healthy-heart.org\/wp-content\/uploads\/2019\/08\/healthy-lifestyle.jpg","datePublished":"2019-10-08T10:33:23+00:00","dateModified":"2020-09-25T13:02:35+00:00","description":"Fa\u00e7a escolhas de estilo de vida saud\u00e1veis. Seja fisicamente ativo, coma de forma saud\u00e1vel, deixe de fumar e limite o consumo de \u00e1lcool.","breadcrumb":{"@id":"https:\/\/www.healthy-heart.org\/pt\/o-seu-coracao\/incentivar-um-estilo-de-vida-saudavel\/#breadcrumb"},"inLanguage":"pt-PT","potentialAction":[{"@type":"ReadAction","target":["https:\/\/www.healthy-heart.org\/pt\/o-seu-coracao\/incentivar-um-estilo-de-vida-saudavel\/"]}]},{"@type":"ImageObject","inLanguage":"pt-PT","@id":"https:\/\/www.healthy-heart.org\/pt\/o-seu-coracao\/incentivar-um-estilo-de-vida-saudavel\/#primaryimage","url":"https:\/\/www.healthy-heart.org\/wp-content\/uploads\/2019\/08\/healthy-lifestyle.jpg","contentUrl":"https:\/\/www.healthy-heart.org\/wp-content\/uploads\/2019\/08\/healthy-lifestyle.jpg","width":518,"height":345},{"@type":"BreadcrumbList","@id":"https:\/\/www.healthy-heart.org\/pt\/o-seu-coracao\/incentivar-um-estilo-de-vida-saudavel\/#breadcrumb","itemListElement":[{"@type":"ListItem","position":1,"name":"Home","item":"https:\/\/www.healthy-heart.org\/pt\/"},{"@type":"ListItem","position":2,"name":"O seu cora\u00e7\u00e3o","item":"https:\/\/www.healthy-heart.org\/pt\/o-seu-coracao\/"},{"@type":"ListItem","position":3,"name":"Incentivar um estilo de vida saud\u00e1vel"}]},{"@type":"WebSite","@id":"https:\/\/www.healthy-heart.org\/es\/#website","url":"https:\/\/www.healthy-heart.org\/es\/","name":"Healthy-Heart.org","description":"Practical advice for patients and family care givers on the prevention of cardiovascular disease","potentialAction":[{"@type":"SearchAction","target":{"@type":"EntryPoint","urlTemplate":"https:\/\/www.healthy-heart.org\/es\/?s={search_term_string}"},"query-input":{"@type":"PropertyValueSpecification","valueRequired":true,"valueName":"search_term_string"}}],"inLanguage":"pt-PT"}]}},"_links":{"self":[{"href":"https:\/\/www.healthy-heart.org\/pt\/wp-json\/wp\/v2\/pages\/2302","targetHints":{"allow":["GET"]}}],"collection":[{"href":"https:\/\/www.healthy-heart.org\/pt\/wp-json\/wp\/v2\/pages"}],"about":[{"href":"https:\/\/www.healthy-heart.org\/pt\/wp-json\/wp\/v2\/types\/page"}],"author":[{"embeddable":true,"href":"https:\/\/www.healthy-heart.org\/pt\/wp-json\/wp\/v2\/users\/1"}],"replies":[{"embeddable":true,"href":"https:\/\/www.healthy-heart.org\/pt\/wp-json\/wp\/v2\/comments?post=2302"}],"version-history":[{"count":2,"href":"https:\/\/www.healthy-heart.org\/pt\/wp-json\/wp\/v2\/pages\/2302\/revisions"}],"predecessor-version":[{"id":4734,"href":"https:\/\/www.healthy-heart.org\/pt\/wp-json\/wp\/v2\/pages\/2302\/revisions\/4734"}],"up":[{"embeddable":true,"href":"https:\/\/www.healthy-heart.org\/pt\/wp-json\/wp\/v2\/pages\/2314"}],"wp:featuredmedia":[{"embeddable":true,"href":"https:\/\/www.healthy-heart.org\/pt\/wp-json\/wp\/v2\/media\/2308"}],"wp:attachment":[{"href":"https:\/\/www.healthy-heart.org\/pt\/wp-json\/wp\/v2\/media?parent=2302"}],"wp:term":[{"taxonomy":"category","embeddable":true,"href":"https:\/\/www.healthy-heart.org\/pt\/wp-json\/wp\/v2\/categories?post=2302"},{"taxonomy":"post_tag","embeddable":true,"href":"https:\/\/www.healthy-heart.org\/pt\/wp-json\/wp\/v2\/tags?post=2302"}],"curies":[{"name":"wp","href":"https:\/\/api.w.org\/{rel}","templated":true}]}}