{"id":2301,"date":"2019-10-08T11:33:23","date_gmt":"2019-10-08T10:33:23","guid":{"rendered":"https:\/\/www.healthy-heart.org\/viver-com-doenca-cardiaca\/conduzir-apos-um-ataque-cardiaco\/"},"modified":"2020-09-25T16:53:46","modified_gmt":"2020-09-25T15:53:46","slug":"conduzir-apos-um-ataque-cardiaco","status":"publish","type":"page","link":"https:\/\/www.healthy-heart.org\/pt\/viver-com-doenca-cardiaca\/conduzir-apos-um-ataque-cardiaco\/","title":{"rendered":"Conduzir ap\u00f3s um ataque card\u00edaco"},"content":{"rendered":"<p><img loading=\"lazy\" decoding=\"async\" class=\"alignright size-medium wp-image-529\" src=\"https:\/\/cdn-endpoint-prev.azureedge.net\/healthy-heart\/2019\/07\/iStock-974943148-350x233.jpg\" alt=\"\" width=\"350\" height=\"233\" srcset=\"https:\/\/www.healthy-heart.org\/wp-content\/uploads\/2019\/07\/iStock-974943148-350x233.jpg 350w, https:\/\/cdn-endpoint-prev.azureedge.net\/healthy-heart\/2019\/07\/iStock-974943148-2048x1365.jpg 2048w, https:\/\/www.healthy-heart.org\/wp-content\/uploads\/2019\/07\/iStock-974943148-200x133.jpg 200w, https:\/\/www.healthy-heart.org\/wp-content\/uploads\/2019\/07\/iStock-974943148-768x512.jpg 768w, https:\/\/www.healthy-heart.org\/wp-content\/uploads\/2019\/07\/iStock-974943148-1024x683.jpg 1024w, https:\/\/www.healthy-heart.org\/wp-content\/uploads\/2019\/07\/iStock-974943148-1536x1024.jpg 1536w, https:\/\/www.healthy-heart.org\/wp-content\/uploads\/2019\/07\/iStock-974943148-658x439.jpg 658w, https:\/\/www.healthy-heart.org\/wp-content\/uploads\/2019\/07\/iStock-974943148-696x464.jpg 696w\" sizes=\"auto, (max-width: 350px) 100vw, 350px\" \/><br \/>\nConduzir pode ser angustiante e pode constituir um fator de risco adicional para a <a href=\"https:\/\/www.healthy-heart.org\/pt\/o-seu-coracao\/o-que-e-a-doenca-cardiaca\/\">doen\u00e7a card\u00edaca<\/a>. O seu cardiologista decidir\u00e1 quando pode retomar a condu\u00e7\u00e3o com base em v\u00e1rios aspetos. Estes incluem a dura\u00e7\u00e3o entre o in\u00edcio da dor no peito e a interven\u00e7\u00e3o, a localiza\u00e7\u00e3o do enfarte do mioc\u00e1rdio, a capacidade de bombeamento do cora\u00e7\u00e3o, o procedimento usado para repor o fluxo sangu\u00edneo aos vasos obstru\u00eddos e o grau de recupera\u00e7\u00e3o, o facto de existirem ou n\u00e3o outras art\u00e9rias coron\u00e1rias obstru\u00eddas que precisem de ser abertas ou com estreitamento inacess\u00edvel, a estabilidade do ritmo card\u00edaco, a dura\u00e7\u00e3o do internamento, complica\u00e7\u00f5es no hospital e a participa\u00e7\u00e3o na reabilita\u00e7\u00e3o card\u00edaca.<\/p>\n<p>As recomenda\u00e7\u00f5es para conduzir novamente variam. Deve esperar:<\/p>\n<ul>\n<li>Pelo menos quatro semanas em caso de cirurgia de deriva\u00e7\u00e3o (bypass) das art\u00e9rias coron\u00e1ria (tr\u00eas meses para condutores profissionais, que dever\u00e3o ser previamente submetidos a um teste de esfor\u00e7o).<\/li>\n<li>Pelo menos uma semana em caso de enfarte do mioc\u00e1rdio sem complica\u00e7\u00f5es e a capacidade de bombeamento do cora\u00e7\u00e3o, chamada fra\u00e7\u00e3o de eje\u00e7\u00e3o do ventr\u00edculo esquerdo, FE(VE), for superior a 35%.<\/li>\n<li>Um m\u00eas em caso de enfarte do mioc\u00e1rdio com complica\u00e7\u00f5es como insufici\u00eancia card\u00edaca, FE(VE) inferior a 35% ou perturba\u00e7\u00e3o do ritmo card\u00edaco (arritmia).<\/li>\n<li>Seis semanas para condutores profissionais, que sofreram enfarte do mioc\u00e1rdio e FE(VE) for superior a 35%. A condu\u00e7\u00e3o \u00e9 contraindicada se a FE(VE) for inferior a 35%.<\/li>\n<li>24 horas ap\u00f3s uma interven\u00e7\u00e3o coron\u00e1ria percut\u00e2nea programada se o procedimento for bem-sucedido e n\u00e3o forem observadas arritmias (um m\u00eas para condutores profissionais).<\/li>\n<\/ul>\n<p>&nbsp;<\/p>\n","protected":false},"excerpt":{"rendered":"<p>Conduzir pode ser angustiante e pode constituir um fator de risco adicional para a doen\u00e7a card\u00edaca. O seu cardiologista decidir\u00e1 quando pode retomar a condu\u00e7\u00e3o com base em v\u00e1rios aspetos. Estes incluem a dura\u00e7\u00e3o entre o in\u00edcio da dor no peito e a interven\u00e7\u00e3o, a localiza\u00e7\u00e3o do enfarte do mioc\u00e1rdio, a capacidade de bombeamento do [&hellip;]<\/p>\n","protected":false},"author":1,"featured_media":2309,"parent":2299,"menu_order":6,"comment_status":"closed","ping_status":"closed","template":"","meta":{"_acf_changed":false,"footnotes":""},"categories":[76],"tags":[],"class_list":["post-2301","page","type-page","status-publish","has-post-thumbnail","hentry","category-viver-com-doenca-cardiaca"],"acf":[],"yoast_head":"<!-- This site is optimized with the Yoast SEO plugin v24.0 - https:\/\/yoast.com\/wordpress\/plugins\/seo\/ -->\n<title>Conduzir ap\u00f3s um ataque card\u00edaco - Healthy-Heart.org<\/title>\n<meta name=\"description\" content=\"O tempo recomendado para conduzir ap\u00f3s um ataque card\u00edaco depende do tipo de interven\u00e7\u00e3o.\" \/>\n<meta name=\"robots\" content=\"index, follow, max-snippet:-1, max-image-preview:large, max-video-preview:-1\" \/>\n<link rel=\"canonical\" href=\"https:\/\/www.healthy-heart.org\/pt\/viver-com-doenca-cardiaca\/conduzir-apos-um-ataque-cardiaco\/\" \/>\n<meta property=\"og:locale\" content=\"pt_PT\" \/>\n<meta property=\"og:type\" content=\"article\" \/>\n<meta property=\"og:title\" content=\"Conduzir ap\u00f3s um ataque card\u00edaco - Healthy-Heart.org\" \/>\n<meta property=\"og:description\" content=\"O tempo recomendado para conduzir ap\u00f3s um ataque card\u00edaco depende do tipo de interven\u00e7\u00e3o.\" \/>\n<meta property=\"og:url\" content=\"https:\/\/www.healthy-heart.org\/pt\/viver-com-doenca-cardiaca\/conduzir-apos-um-ataque-cardiaco\/\" \/>\n<meta property=\"og:site_name\" content=\"Healthy-Heart.org\" \/>\n<meta property=\"article:modified_time\" content=\"2020-09-25T15:53:46+00:00\" \/>\n<meta property=\"og:image\" content=\"https:\/\/www.healthy-heart.org\/wp-content\/uploads\/2019\/07\/iStock-974943148-1024x683.jpg\" \/>\n\t<meta property=\"og:image:width\" content=\"1024\" \/>\n\t<meta property=\"og:image:height\" content=\"683\" \/>\n\t<meta property=\"og:image:type\" content=\"image\/jpeg\" \/>\n<meta name=\"twitter:card\" content=\"summary_large_image\" \/>\n<meta name=\"twitter:label1\" content=\"Tempo estimado de leitura\" \/>\n\t<meta name=\"twitter:data1\" content=\"2 minutos\" \/>\n<script type=\"application\/ld+json\" class=\"yoast-schema-graph\">{\"@context\":\"https:\/\/schema.org\",\"@graph\":[{\"@type\":\"WebPage\",\"@id\":\"https:\/\/www.healthy-heart.org\/pt\/viver-com-doenca-cardiaca\/conduzir-apos-um-ataque-cardiaco\/\",\"url\":\"https:\/\/www.healthy-heart.org\/pt\/viver-com-doenca-cardiaca\/conduzir-apos-um-ataque-cardiaco\/\",\"name\":\"Conduzir ap\u00f3s um ataque card\u00edaco - Healthy-Heart.org\",\"isPartOf\":{\"@id\":\"https:\/\/www.healthy-heart.org\/es\/#website\"},\"primaryImageOfPage\":{\"@id\":\"https:\/\/www.healthy-heart.org\/pt\/viver-com-doenca-cardiaca\/conduzir-apos-um-ataque-cardiaco\/#primaryimage\"},\"image\":{\"@id\":\"https:\/\/www.healthy-heart.org\/pt\/viver-com-doenca-cardiaca\/conduzir-apos-um-ataque-cardiaco\/#primaryimage\"},\"thumbnailUrl\":\"https:\/\/www.healthy-heart.org\/wp-content\/uploads\/2019\/07\/iStock-974943148.jpg\",\"datePublished\":\"2019-10-08T10:33:23+00:00\",\"dateModified\":\"2020-09-25T15:53:46+00:00\",\"description\":\"O tempo recomendado para conduzir ap\u00f3s um ataque card\u00edaco depende do tipo de interven\u00e7\u00e3o.\",\"breadcrumb\":{\"@id\":\"https:\/\/www.healthy-heart.org\/pt\/viver-com-doenca-cardiaca\/conduzir-apos-um-ataque-cardiaco\/#breadcrumb\"},\"inLanguage\":\"pt-PT\",\"potentialAction\":[{\"@type\":\"ReadAction\",\"target\":[\"https:\/\/www.healthy-heart.org\/pt\/viver-com-doenca-cardiaca\/conduzir-apos-um-ataque-cardiaco\/\"]}]},{\"@type\":\"ImageObject\",\"inLanguage\":\"pt-PT\",\"@id\":\"https:\/\/www.healthy-heart.org\/pt\/viver-com-doenca-cardiaca\/conduzir-apos-um-ataque-cardiaco\/#primaryimage\",\"url\":\"https:\/\/www.healthy-heart.org\/wp-content\/uploads\/2019\/07\/iStock-974943148.jpg\",\"contentUrl\":\"https:\/\/www.healthy-heart.org\/wp-content\/uploads\/2019\/07\/iStock-974943148.jpg\",\"width\":5200,\"height\":3467},{\"@type\":\"BreadcrumbList\",\"@id\":\"https:\/\/www.healthy-heart.org\/pt\/viver-com-doenca-cardiaca\/conduzir-apos-um-ataque-cardiaco\/#breadcrumb\",\"itemListElement\":[{\"@type\":\"ListItem\",\"position\":1,\"name\":\"Home\",\"item\":\"https:\/\/www.healthy-heart.org\/pt\/\"},{\"@type\":\"ListItem\",\"position\":2,\"name\":\"Viver com doen\u00e7a card\u00edaca\",\"item\":\"https:\/\/www.healthy-heart.org\/pt\/viver-com-doenca-cardiaca\/\"},{\"@type\":\"ListItem\",\"position\":3,\"name\":\"Conduzir ap\u00f3s um ataque card\u00edaco\"}]},{\"@type\":\"WebSite\",\"@id\":\"https:\/\/www.healthy-heart.org\/es\/#website\",\"url\":\"https:\/\/www.healthy-heart.org\/es\/\",\"name\":\"Healthy-Heart.org\",\"description\":\"Practical advice for patients and family care givers on the prevention of cardiovascular disease\",\"potentialAction\":[{\"@type\":\"SearchAction\",\"target\":{\"@type\":\"EntryPoint\",\"urlTemplate\":\"https:\/\/www.healthy-heart.org\/es\/?s={search_term_string}\"},\"query-input\":{\"@type\":\"PropertyValueSpecification\",\"valueRequired\":true,\"valueName\":\"search_term_string\"}}],\"inLanguage\":\"pt-PT\"}]}<\/script>\n<!-- \/ Yoast SEO plugin. -->","yoast_head_json":{"title":"Conduzir ap\u00f3s um ataque card\u00edaco - Healthy-Heart.org","description":"O tempo recomendado para conduzir ap\u00f3s um ataque card\u00edaco depende do tipo de interven\u00e7\u00e3o.","robots":{"index":"index","follow":"follow","max-snippet":"max-snippet:-1","max-image-preview":"max-image-preview:large","max-video-preview":"max-video-preview:-1"},"canonical":"https:\/\/www.healthy-heart.org\/pt\/viver-com-doenca-cardiaca\/conduzir-apos-um-ataque-cardiaco\/","og_locale":"pt_PT","og_type":"article","og_title":"Conduzir ap\u00f3s um ataque card\u00edaco - Healthy-Heart.org","og_description":"O tempo recomendado para conduzir ap\u00f3s um ataque card\u00edaco depende do tipo de interven\u00e7\u00e3o.","og_url":"https:\/\/www.healthy-heart.org\/pt\/viver-com-doenca-cardiaca\/conduzir-apos-um-ataque-cardiaco\/","og_site_name":"Healthy-Heart.org","article_modified_time":"2020-09-25T15:53:46+00:00","og_image":[{"width":1024,"height":683,"url":"https:\/\/www.healthy-heart.org\/wp-content\/uploads\/2019\/07\/iStock-974943148-1024x683.jpg","type":"image\/jpeg"}],"twitter_card":"summary_large_image","twitter_misc":{"Tempo estimado de leitura":"2 minutos"},"schema":{"@context":"https:\/\/schema.org","@graph":[{"@type":"WebPage","@id":"https:\/\/www.healthy-heart.org\/pt\/viver-com-doenca-cardiaca\/conduzir-apos-um-ataque-cardiaco\/","url":"https:\/\/www.healthy-heart.org\/pt\/viver-com-doenca-cardiaca\/conduzir-apos-um-ataque-cardiaco\/","name":"Conduzir ap\u00f3s um ataque card\u00edaco - Healthy-Heart.org","isPartOf":{"@id":"https:\/\/www.healthy-heart.org\/es\/#website"},"primaryImageOfPage":{"@id":"https:\/\/www.healthy-heart.org\/pt\/viver-com-doenca-cardiaca\/conduzir-apos-um-ataque-cardiaco\/#primaryimage"},"image":{"@id":"https:\/\/www.healthy-heart.org\/pt\/viver-com-doenca-cardiaca\/conduzir-apos-um-ataque-cardiaco\/#primaryimage"},"thumbnailUrl":"https:\/\/www.healthy-heart.org\/wp-content\/uploads\/2019\/07\/iStock-974943148.jpg","datePublished":"2019-10-08T10:33:23+00:00","dateModified":"2020-09-25T15:53:46+00:00","description":"O tempo recomendado para conduzir ap\u00f3s um ataque card\u00edaco depende do tipo de interven\u00e7\u00e3o.","breadcrumb":{"@id":"https:\/\/www.healthy-heart.org\/pt\/viver-com-doenca-cardiaca\/conduzir-apos-um-ataque-cardiaco\/#breadcrumb"},"inLanguage":"pt-PT","potentialAction":[{"@type":"ReadAction","target":["https:\/\/www.healthy-heart.org\/pt\/viver-com-doenca-cardiaca\/conduzir-apos-um-ataque-cardiaco\/"]}]},{"@type":"ImageObject","inLanguage":"pt-PT","@id":"https:\/\/www.healthy-heart.org\/pt\/viver-com-doenca-cardiaca\/conduzir-apos-um-ataque-cardiaco\/#primaryimage","url":"https:\/\/www.healthy-heart.org\/wp-content\/uploads\/2019\/07\/iStock-974943148.jpg","contentUrl":"https:\/\/www.healthy-heart.org\/wp-content\/uploads\/2019\/07\/iStock-974943148.jpg","width":5200,"height":3467},{"@type":"BreadcrumbList","@id":"https:\/\/www.healthy-heart.org\/pt\/viver-com-doenca-cardiaca\/conduzir-apos-um-ataque-cardiaco\/#breadcrumb","itemListElement":[{"@type":"ListItem","position":1,"name":"Home","item":"https:\/\/www.healthy-heart.org\/pt\/"},{"@type":"ListItem","position":2,"name":"Viver com doen\u00e7a card\u00edaca","item":"https:\/\/www.healthy-heart.org\/pt\/viver-com-doenca-cardiaca\/"},{"@type":"ListItem","position":3,"name":"Conduzir ap\u00f3s um ataque card\u00edaco"}]},{"@type":"WebSite","@id":"https:\/\/www.healthy-heart.org\/es\/#website","url":"https:\/\/www.healthy-heart.org\/es\/","name":"Healthy-Heart.org","description":"Practical advice for patients and family care givers on the prevention of cardiovascular disease","potentialAction":[{"@type":"SearchAction","target":{"@type":"EntryPoint","urlTemplate":"https:\/\/www.healthy-heart.org\/es\/?s={search_term_string}"},"query-input":{"@type":"PropertyValueSpecification","valueRequired":true,"valueName":"search_term_string"}}],"inLanguage":"pt-PT"}]}},"_links":{"self":[{"href":"https:\/\/www.healthy-heart.org\/pt\/wp-json\/wp\/v2\/pages\/2301","targetHints":{"allow":["GET"]}}],"collection":[{"href":"https:\/\/www.healthy-heart.org\/pt\/wp-json\/wp\/v2\/pages"}],"about":[{"href":"https:\/\/www.healthy-heart.org\/pt\/wp-json\/wp\/v2\/types\/page"}],"author":[{"embeddable":true,"href":"https:\/\/www.healthy-heart.org\/pt\/wp-json\/wp\/v2\/users\/1"}],"replies":[{"embeddable":true,"href":"https:\/\/www.healthy-heart.org\/pt\/wp-json\/wp\/v2\/comments?post=2301"}],"version-history":[{"count":1,"href":"https:\/\/www.healthy-heart.org\/pt\/wp-json\/wp\/v2\/pages\/2301\/revisions"}],"predecessor-version":[{"id":4760,"href":"https:\/\/www.healthy-heart.org\/pt\/wp-json\/wp\/v2\/pages\/2301\/revisions\/4760"}],"up":[{"embeddable":true,"href":"https:\/\/www.healthy-heart.org\/pt\/wp-json\/wp\/v2\/pages\/2299"}],"wp:featuredmedia":[{"embeddable":true,"href":"https:\/\/www.healthy-heart.org\/pt\/wp-json\/wp\/v2\/media\/2309"}],"wp:attachment":[{"href":"https:\/\/www.healthy-heart.org\/pt\/wp-json\/wp\/v2\/media?parent=2301"}],"wp:term":[{"taxonomy":"category","embeddable":true,"href":"https:\/\/www.healthy-heart.org\/pt\/wp-json\/wp\/v2\/categories?post=2301"},{"taxonomy":"post_tag","embeddable":true,"href":"https:\/\/www.healthy-heart.org\/pt\/wp-json\/wp\/v2\/tags?post=2301"}],"curies":[{"name":"wp","href":"https:\/\/api.w.org\/{rel}","templated":true}]}}