{"id":2293,"date":"2019-10-08T11:33:21","date_gmt":"2019-10-08T10:33:21","guid":{"rendered":"https:\/\/www.healthy-heart.org\/como-realizar-rcp-ressuscitacao-cardiopulmonar\/"},"modified":"2021-02-25T14:37:28","modified_gmt":"2021-02-25T14:37:28","slug":"como-realizar-rcp-ressuscitacao-cardiopulmonar","status":"publish","type":"page","link":"https:\/\/www.healthy-heart.org\/pt\/o-seu-coracao\/como-realizar-rcp-ressuscitacao-cardiopulmonar\/","title":{"rendered":"Como realizar RCP (ressuscita\u00e7\u00e3o cardiopulmonar)"},"content":{"rendered":"<p><img loading=\"lazy\" decoding=\"async\" class=\"alignright size-medium wp-image-784\" src=\"https:\/\/cdn-endpoint-prev.azureedge.net\/healthy-heart\/2019\/07\/iStock-915166956-350x233.jpg\" alt=\"\" width=\"350\" height=\"233\" srcset=\"https:\/\/www.healthy-heart.org\/wp-content\/uploads\/2019\/07\/iStock-915166956-350x233.jpg 350w, https:\/\/cdn-endpoint-prev.azureedge.net\/healthy-heart\/2019\/07\/iStock-915166956-2048x1365.jpg 2048w, https:\/\/cdn-endpoint-prev.azureedge.net\/healthy-heart\/2019\/07\/iStock-915166956-659x439.jpg 659w, https:\/\/www.healthy-heart.org\/wp-content\/uploads\/2019\/07\/iStock-915166956-200x133.jpg 200w, https:\/\/www.healthy-heart.org\/wp-content\/uploads\/2019\/07\/iStock-915166956-768x512.jpg 768w, https:\/\/www.healthy-heart.org\/wp-content\/uploads\/2019\/07\/iStock-915166956-1024x683.jpg 1024w, https:\/\/www.healthy-heart.org\/wp-content\/uploads\/2019\/07\/iStock-915166956-1536x1024.jpg 1536w, https:\/\/www.healthy-heart.org\/wp-content\/uploads\/2019\/07\/iStock-915166956-696x464.jpg 696w\" sizes=\"auto, (max-width: 350px) 100vw, 350px\" \/>A boa not\u00edcia \u00e9 que ajudar a salvar a vida de algu\u00e9m \u00e9 mais f\u00e1cil do que se pensa.<\/p>\n<p>Se vir algu\u00e9m a desmaiar, aproxime-se da v\u00edtima.<\/p>\n<ol>\n<li>Pe\u00e7a a algu\u00e9m para ligar para o n\u00famero de emerg\u00eancia local (se n\u00e3o souber o n\u00famero local, o 112 funciona em toda a Europa e em muitos outros pa\u00edses) e procure um desfibrilhador. Se estiver sozinho, ligue para o servi\u00e7o de emerg\u00eancia e fique com a v\u00edtima.<\/li>\n<li>Se a pessoa estiver inconsciente com uma respira\u00e7\u00e3o alterada, d\u00ea in\u00edcio \u00e0 RCP:<br \/>\nIncline-se sobre o peito da pessoa, coloque uma m\u00e3o no centro do peito, coloque a segunda m\u00e3o em cima da primeira e COMPRIMA COM FOR\u00c7A E RAPIDAMENTE AT\u00c9 A AJUDA CHEGAR. Deve repetir as compress\u00f5es cerca de 100 a 120 por minuto, que corresponde aproximadamente ao mesmo ritmo da famosa can\u00e7\u00e3o &#8220;Stayin &#8216;Alive&#8221; dos Bee Gees. Continue at\u00e9 a ambul\u00e2ncia chegar.<\/li>\n<\/ol>\n<p>LEMBRE-SE:<\/p>\n<ol>\n<li>LIGUE PARA OS SERVI\u00c7OS DE EMERG\u00caNCIA<\/li>\n<li>COMPRIMA COM FOR\u00c7A E RAPIDAMENTE<\/li>\n<\/ol>\n<p>AS SUAS A\u00c7\u00d5ES PODEM AJUDAR A SALVAR UMA VIDA!<\/p>\n<p>Para mais informa\u00e7\u00f5es, pode assistir a <a href=\"https:\/\/www.bhf.org.uk\/how-you-can-help\/how-to-save-a-life\/how-to-do-cpr\/cpr-training-videos\" target=\"_blank\" rel=\"noopener noreferrer\">este v\u00eddeo<\/a>, concebido pela British Heart Foundation.<\/p>\n","protected":false},"excerpt":{"rendered":"<p>A boa not\u00edcia \u00e9 que ajudar a salvar a vida de algu\u00e9m \u00e9 mais f\u00e1cil do que se pensa. Se vir algu\u00e9m a desmaiar, aproxime-se da v\u00edtima. Pe\u00e7a a algu\u00e9m para ligar para o n\u00famero de emerg\u00eancia local (se n\u00e3o souber o n\u00famero local, o 112 funciona em toda a Europa e em muitos outros [&hellip;]<\/p>\n","protected":false},"author":1,"featured_media":2297,"parent":2314,"menu_order":4,"comment_status":"closed","ping_status":"closed","template":"","meta":{"_acf_changed":false,"footnotes":""},"categories":[75],"tags":[],"class_list":["post-2293","page","type-page","status-publish","has-post-thumbnail","hentry","category-o-seu-coracao"],"acf":[],"yoast_head":"<!-- This site is optimized with the Yoast SEO plugin v24.0 - https:\/\/yoast.com\/wordpress\/plugins\/seo\/ -->\n<title>Como realizar RCP - Healthy-Heart.org<\/title>\n<meta name=\"description\" content=\"Saiba como realizar RCP ou ressuscita\u00e7\u00e3o cardiopulmonar em algu\u00e9m com paragem card\u00edaca fazendo compress\u00f5es tor\u00e1cicas.\" \/>\n<meta name=\"robots\" content=\"index, follow, max-snippet:-1, max-image-preview:large, max-video-preview:-1\" \/>\n<link rel=\"canonical\" href=\"https:\/\/www.healthy-heart.org\/pt\/o-seu-coracao\/como-realizar-rcp-ressuscitacao-cardiopulmonar\/\" \/>\n<meta property=\"og:locale\" content=\"pt_PT\" \/>\n<meta property=\"og:type\" content=\"article\" \/>\n<meta property=\"og:title\" content=\"Como realizar RCP - Healthy-Heart.org\" \/>\n<meta property=\"og:description\" content=\"Saiba como realizar RCP ou ressuscita\u00e7\u00e3o cardiopulmonar em algu\u00e9m com paragem card\u00edaca fazendo compress\u00f5es tor\u00e1cicas.\" \/>\n<meta property=\"og:url\" content=\"https:\/\/www.healthy-heart.org\/pt\/o-seu-coracao\/como-realizar-rcp-ressuscitacao-cardiopulmonar\/\" \/>\n<meta property=\"og:site_name\" content=\"Healthy-Heart.org\" \/>\n<meta property=\"article:modified_time\" content=\"2021-02-25T14:37:28+00:00\" \/>\n<meta property=\"og:image\" content=\"https:\/\/www.healthy-heart.org\/wp-content\/uploads\/2019\/08\/cpr.jpg\" \/>\n\t<meta property=\"og:image:width\" content=\"518\" \/>\n\t<meta property=\"og:image:height\" content=\"345\" \/>\n\t<meta property=\"og:image:type\" content=\"image\/jpeg\" \/>\n<meta name=\"twitter:card\" content=\"summary_large_image\" \/>\n<meta name=\"twitter:label1\" content=\"Tempo estimado de leitura\" \/>\n\t<meta name=\"twitter:data1\" content=\"1 minuto\" \/>\n<script type=\"application\/ld+json\" class=\"yoast-schema-graph\">{\"@context\":\"https:\/\/schema.org\",\"@graph\":[{\"@type\":\"WebPage\",\"@id\":\"https:\/\/www.healthy-heart.org\/pt\/o-seu-coracao\/como-realizar-rcp-ressuscitacao-cardiopulmonar\/\",\"url\":\"https:\/\/www.healthy-heart.org\/pt\/o-seu-coracao\/como-realizar-rcp-ressuscitacao-cardiopulmonar\/\",\"name\":\"Como realizar RCP - Healthy-Heart.org\",\"isPartOf\":{\"@id\":\"https:\/\/www.healthy-heart.org\/es\/#website\"},\"primaryImageOfPage\":{\"@id\":\"https:\/\/www.healthy-heart.org\/pt\/o-seu-coracao\/como-realizar-rcp-ressuscitacao-cardiopulmonar\/#primaryimage\"},\"image\":{\"@id\":\"https:\/\/www.healthy-heart.org\/pt\/o-seu-coracao\/como-realizar-rcp-ressuscitacao-cardiopulmonar\/#primaryimage\"},\"thumbnailUrl\":\"https:\/\/www.healthy-heart.org\/wp-content\/uploads\/2019\/08\/cpr.jpg\",\"datePublished\":\"2019-10-08T10:33:21+00:00\",\"dateModified\":\"2021-02-25T14:37:28+00:00\",\"description\":\"Saiba como realizar RCP ou ressuscita\u00e7\u00e3o cardiopulmonar em algu\u00e9m com paragem card\u00edaca fazendo compress\u00f5es tor\u00e1cicas.\",\"breadcrumb\":{\"@id\":\"https:\/\/www.healthy-heart.org\/pt\/o-seu-coracao\/como-realizar-rcp-ressuscitacao-cardiopulmonar\/#breadcrumb\"},\"inLanguage\":\"pt-PT\",\"potentialAction\":[{\"@type\":\"ReadAction\",\"target\":[\"https:\/\/www.healthy-heart.org\/pt\/o-seu-coracao\/como-realizar-rcp-ressuscitacao-cardiopulmonar\/\"]}]},{\"@type\":\"ImageObject\",\"inLanguage\":\"pt-PT\",\"@id\":\"https:\/\/www.healthy-heart.org\/pt\/o-seu-coracao\/como-realizar-rcp-ressuscitacao-cardiopulmonar\/#primaryimage\",\"url\":\"https:\/\/www.healthy-heart.org\/wp-content\/uploads\/2019\/08\/cpr.jpg\",\"contentUrl\":\"https:\/\/www.healthy-heart.org\/wp-content\/uploads\/2019\/08\/cpr.jpg\",\"width\":518,\"height\":345},{\"@type\":\"BreadcrumbList\",\"@id\":\"https:\/\/www.healthy-heart.org\/pt\/o-seu-coracao\/como-realizar-rcp-ressuscitacao-cardiopulmonar\/#breadcrumb\",\"itemListElement\":[{\"@type\":\"ListItem\",\"position\":1,\"name\":\"Home\",\"item\":\"https:\/\/www.healthy-heart.org\/pt\/\"},{\"@type\":\"ListItem\",\"position\":2,\"name\":\"O seu cora\u00e7\u00e3o\",\"item\":\"https:\/\/www.healthy-heart.org\/pt\/o-seu-coracao\/\"},{\"@type\":\"ListItem\",\"position\":3,\"name\":\"Como realizar RCP (ressuscita\u00e7\u00e3o cardiopulmonar)\"}]},{\"@type\":\"WebSite\",\"@id\":\"https:\/\/www.healthy-heart.org\/es\/#website\",\"url\":\"https:\/\/www.healthy-heart.org\/es\/\",\"name\":\"Healthy-Heart.org\",\"description\":\"Practical advice for patients and family care givers on the prevention of cardiovascular disease\",\"potentialAction\":[{\"@type\":\"SearchAction\",\"target\":{\"@type\":\"EntryPoint\",\"urlTemplate\":\"https:\/\/www.healthy-heart.org\/es\/?s={search_term_string}\"},\"query-input\":{\"@type\":\"PropertyValueSpecification\",\"valueRequired\":true,\"valueName\":\"search_term_string\"}}],\"inLanguage\":\"pt-PT\"}]}<\/script>\n<!-- \/ Yoast SEO plugin. -->","yoast_head_json":{"title":"Como realizar RCP - Healthy-Heart.org","description":"Saiba como realizar RCP ou ressuscita\u00e7\u00e3o cardiopulmonar em algu\u00e9m com paragem card\u00edaca fazendo compress\u00f5es tor\u00e1cicas.","robots":{"index":"index","follow":"follow","max-snippet":"max-snippet:-1","max-image-preview":"max-image-preview:large","max-video-preview":"max-video-preview:-1"},"canonical":"https:\/\/www.healthy-heart.org\/pt\/o-seu-coracao\/como-realizar-rcp-ressuscitacao-cardiopulmonar\/","og_locale":"pt_PT","og_type":"article","og_title":"Como realizar RCP - Healthy-Heart.org","og_description":"Saiba como realizar RCP ou ressuscita\u00e7\u00e3o cardiopulmonar em algu\u00e9m com paragem card\u00edaca fazendo compress\u00f5es tor\u00e1cicas.","og_url":"https:\/\/www.healthy-heart.org\/pt\/o-seu-coracao\/como-realizar-rcp-ressuscitacao-cardiopulmonar\/","og_site_name":"Healthy-Heart.org","article_modified_time":"2021-02-25T14:37:28+00:00","og_image":[{"width":518,"height":345,"url":"https:\/\/www.healthy-heart.org\/wp-content\/uploads\/2019\/08\/cpr.jpg","type":"image\/jpeg"}],"twitter_card":"summary_large_image","twitter_misc":{"Tempo estimado de leitura":"1 minuto"},"schema":{"@context":"https:\/\/schema.org","@graph":[{"@type":"WebPage","@id":"https:\/\/www.healthy-heart.org\/pt\/o-seu-coracao\/como-realizar-rcp-ressuscitacao-cardiopulmonar\/","url":"https:\/\/www.healthy-heart.org\/pt\/o-seu-coracao\/como-realizar-rcp-ressuscitacao-cardiopulmonar\/","name":"Como realizar RCP - Healthy-Heart.org","isPartOf":{"@id":"https:\/\/www.healthy-heart.org\/es\/#website"},"primaryImageOfPage":{"@id":"https:\/\/www.healthy-heart.org\/pt\/o-seu-coracao\/como-realizar-rcp-ressuscitacao-cardiopulmonar\/#primaryimage"},"image":{"@id":"https:\/\/www.healthy-heart.org\/pt\/o-seu-coracao\/como-realizar-rcp-ressuscitacao-cardiopulmonar\/#primaryimage"},"thumbnailUrl":"https:\/\/www.healthy-heart.org\/wp-content\/uploads\/2019\/08\/cpr.jpg","datePublished":"2019-10-08T10:33:21+00:00","dateModified":"2021-02-25T14:37:28+00:00","description":"Saiba como realizar RCP ou ressuscita\u00e7\u00e3o cardiopulmonar em algu\u00e9m com paragem card\u00edaca fazendo compress\u00f5es tor\u00e1cicas.","breadcrumb":{"@id":"https:\/\/www.healthy-heart.org\/pt\/o-seu-coracao\/como-realizar-rcp-ressuscitacao-cardiopulmonar\/#breadcrumb"},"inLanguage":"pt-PT","potentialAction":[{"@type":"ReadAction","target":["https:\/\/www.healthy-heart.org\/pt\/o-seu-coracao\/como-realizar-rcp-ressuscitacao-cardiopulmonar\/"]}]},{"@type":"ImageObject","inLanguage":"pt-PT","@id":"https:\/\/www.healthy-heart.org\/pt\/o-seu-coracao\/como-realizar-rcp-ressuscitacao-cardiopulmonar\/#primaryimage","url":"https:\/\/www.healthy-heart.org\/wp-content\/uploads\/2019\/08\/cpr.jpg","contentUrl":"https:\/\/www.healthy-heart.org\/wp-content\/uploads\/2019\/08\/cpr.jpg","width":518,"height":345},{"@type":"BreadcrumbList","@id":"https:\/\/www.healthy-heart.org\/pt\/o-seu-coracao\/como-realizar-rcp-ressuscitacao-cardiopulmonar\/#breadcrumb","itemListElement":[{"@type":"ListItem","position":1,"name":"Home","item":"https:\/\/www.healthy-heart.org\/pt\/"},{"@type":"ListItem","position":2,"name":"O seu cora\u00e7\u00e3o","item":"https:\/\/www.healthy-heart.org\/pt\/o-seu-coracao\/"},{"@type":"ListItem","position":3,"name":"Como realizar RCP (ressuscita\u00e7\u00e3o cardiopulmonar)"}]},{"@type":"WebSite","@id":"https:\/\/www.healthy-heart.org\/es\/#website","url":"https:\/\/www.healthy-heart.org\/es\/","name":"Healthy-Heart.org","description":"Practical advice for patients and family care givers on the prevention of cardiovascular disease","potentialAction":[{"@type":"SearchAction","target":{"@type":"EntryPoint","urlTemplate":"https:\/\/www.healthy-heart.org\/es\/?s={search_term_string}"},"query-input":{"@type":"PropertyValueSpecification","valueRequired":true,"valueName":"search_term_string"}}],"inLanguage":"pt-PT"}]}},"_links":{"self":[{"href":"https:\/\/www.healthy-heart.org\/pt\/wp-json\/wp\/v2\/pages\/2293","targetHints":{"allow":["GET"]}}],"collection":[{"href":"https:\/\/www.healthy-heart.org\/pt\/wp-json\/wp\/v2\/pages"}],"about":[{"href":"https:\/\/www.healthy-heart.org\/pt\/wp-json\/wp\/v2\/types\/page"}],"author":[{"embeddable":true,"href":"https:\/\/www.healthy-heart.org\/pt\/wp-json\/wp\/v2\/users\/1"}],"replies":[{"embeddable":true,"href":"https:\/\/www.healthy-heart.org\/pt\/wp-json\/wp\/v2\/comments?post=2293"}],"version-history":[{"count":3,"href":"https:\/\/www.healthy-heart.org\/pt\/wp-json\/wp\/v2\/pages\/2293\/revisions"}],"predecessor-version":[{"id":5606,"href":"https:\/\/www.healthy-heart.org\/pt\/wp-json\/wp\/v2\/pages\/2293\/revisions\/5606"}],"up":[{"embeddable":true,"href":"https:\/\/www.healthy-heart.org\/pt\/wp-json\/wp\/v2\/pages\/2314"}],"wp:featuredmedia":[{"embeddable":true,"href":"https:\/\/www.healthy-heart.org\/pt\/wp-json\/wp\/v2\/media\/2297"}],"wp:attachment":[{"href":"https:\/\/www.healthy-heart.org\/pt\/wp-json\/wp\/v2\/media?parent=2293"}],"wp:term":[{"taxonomy":"category","embeddable":true,"href":"https:\/\/www.healthy-heart.org\/pt\/wp-json\/wp\/v2\/categories?post=2293"},{"taxonomy":"post_tag","embeddable":true,"href":"https:\/\/www.healthy-heart.org\/pt\/wp-json\/wp\/v2\/tags?post=2293"}],"curies":[{"name":"wp","href":"https:\/\/api.w.org\/{rel}","templated":true}]}}