{"id":2290,"date":"2019-10-08T11:33:20","date_gmt":"2019-10-08T10:33:20","guid":{"rendered":"https:\/\/www.healthy-heart.org\/mantenha-o-seu-coracao-saudavel\/historia-familiar-de-doenca-cardiaca\/"},"modified":"2020-09-25T15:11:59","modified_gmt":"2020-09-25T14:11:59","slug":"historia-familiar-de-doenca-cardiaca","status":"publish","type":"page","link":"https:\/\/www.healthy-heart.org\/pt\/mantenha-o-seu-coracao-saudavel\/historia-familiar-de-doenca-cardiaca\/","title":{"rendered":"Hist\u00f3ria familiar de doen\u00e7a card\u00edaca"},"content":{"rendered":"<p><img loading=\"lazy\" decoding=\"async\" class=\"size-medium wp-image-632 alignright\" src=\"https:\/\/cdn-endpoint-prev.azureedge.net\/healthy-heart\/2019\/07\/iStock-117150029-3-e1565872500736-350x241.jpg\" alt=\"\" width=\"350\" height=\"290\" \/><\/p>\n<p>A maioria dos fatores de risco de estilo de vida para doen\u00e7as cardiovasculares s\u00e3o de conhecimento geral. Menos conhecido \u00e9 o facto de que ter um membro da fam\u00edlia que desenvolveu doen\u00e7a cardiovascular em idade precoce tamb\u00e9m aumenta o risco.<\/p>\n<p>Considera-se a exist\u00eancia de antecedentes familiares de doen\u00e7a cardiovascular quando um pai ou irm\u00e3o \u00e9 diagnosticado com menos de 55 anos de idade ou uma irm\u00e3 ou m\u00e3e \u00e9 diagnosticada com menos de 65 anos de idade.<br \/>\nPorque \u00e9 que a hist\u00f3ria familiar afeta o <a href=\"https:\/\/www.healthy-heart.org\/pt\/mantenha-o-seu-coracao-saudavel\/previsao-e-gestao-do-risco-de-doenca-cardiaca\/\">risco cardiovascular<\/a>? Porque os h\u00e1bitos de vida s\u00e3o muitas vezes semelhantes entre os membros da fam\u00edlia. Al\u00e9m disso, os genes s\u00e3o transmitidos de pais para filhos e, \u00e0s vezes, podem ser respons\u00e1veis por doen\u00e7as como press\u00e3o arterial alta ou <a href=\"https:\/\/www.healthy-heart.org\/pt\/mantenha-o-seu-coracao-saudavel\/colesterol\/\">colesterol<\/a> alto. A <a href=\"https:\/\/www.healthy-heart.org\/keep-your-heart-healthy\/cholesterol\/\">hipercolesterolemia familiar<\/a> \u00e9 uma doen\u00e7a heredit\u00e1ria que pode levar a n\u00edveis extremamente elevados de colesterol e doen\u00e7as card\u00edacas em idade muito jovem, se n\u00e3o for tratada. A <a href=\"https:\/\/www.healthy-heart.org\/pt\/viver-com-doenca-cardiaca\/tipos-de-medicacao\/\">medica\u00e7\u00e3o<\/a> e um <a href=\"https:\/\/www.healthy-heart.org\/pt\/o-seu-coracao\/incentivar-um-estilo-de-vida-saudavel\/\">estilo de vida saud\u00e1vel<\/a> podem reduzir o risco de doen\u00e7a card\u00edaca.<\/p>\n<p>Como nenhum gene aumenta o risco cardiovascular, a an\u00e1lise gen\u00e9tica n\u00e3o fornece uma resposta definitiva sobre o desenvolvimento ou n\u00e3o de doen\u00e7a cardiovascular.<\/p>\n<p>N\u00e3o \u00e9 poss\u00edvel mudar a hist\u00f3ria da fam\u00edlia, mas \u00e9 \u00fatil conhec\u00ea-la. Se tem antecedentes familiares de doen\u00e7a cardiovascular, \u00e9 particularmente importante tomar <a href=\"https:\/\/www.healthy-heart.org\/keep-your-heart-healthy\/take-control-of-your-lifestyle\/\">medidas preventivas<\/a> precocemente. Estas incluem ser fisicamente ativo, comer de forma saud\u00e1vel, controlar o colesterol e a press\u00e3o arterial, deixar de fumar e controlar o peso.<\/p>\n<blockquote><p>A mudan\u00e7a de comportamento pode reduzir o risco cardiovascular futuro, mesmo com antecedentes familiares.<\/p><\/blockquote>\n<p>Como descobrir a sua hist\u00f3ria familiar? Fale sobre isso com os seus pais e em reuni\u00f5es de fam\u00edlia!<\/p>\n","protected":false},"excerpt":{"rendered":"<p>A maioria dos fatores de risco de estilo de vida para doen\u00e7as cardiovasculares s\u00e3o de conhecimento geral. Menos conhecido \u00e9 o facto de que ter um membro da fam\u00edlia que desenvolveu doen\u00e7a cardiovascular em idade precoce tamb\u00e9m aumenta o risco. Considera-se a exist\u00eancia de antecedentes familiares de doen\u00e7a cardiovascular quando um pai ou irm\u00e3o \u00e9 [&hellip;]<\/p>\n","protected":false},"author":1,"featured_media":2292,"parent":2237,"menu_order":9,"comment_status":"closed","ping_status":"closed","template":"","meta":{"_acf_changed":false,"footnotes":""},"categories":[73],"tags":[],"class_list":["post-2290","page","type-page","status-publish","has-post-thumbnail","hentry","category-mantenha-o-seu-coracao-saudavel"],"acf":[],"yoast_head":"<!-- This site is optimized with the Yoast SEO plugin v24.0 - https:\/\/yoast.com\/wordpress\/plugins\/seo\/ -->\n<title>Hist\u00f3ria familiar de doen\u00e7as card\u00edacas - Healthy-Heart.org<\/title>\n<meta name=\"description\" content=\"Aprenda a reduzir o risco de doen\u00e7as card\u00edacas com um estilo de vida saud\u00e1vel, mesmo que tenha uma hist\u00f3ria familiar.\" \/>\n<meta name=\"robots\" content=\"index, follow, max-snippet:-1, max-image-preview:large, max-video-preview:-1\" \/>\n<link rel=\"canonical\" href=\"https:\/\/www.healthy-heart.org\/pt\/mantenha-o-seu-coracao-saudavel\/historia-familiar-de-doenca-cardiaca\/\" \/>\n<meta property=\"og:locale\" content=\"pt_PT\" \/>\n<meta property=\"og:type\" content=\"article\" \/>\n<meta property=\"og:title\" content=\"Hist\u00f3ria familiar de doen\u00e7as card\u00edacas - Healthy-Heart.org\" \/>\n<meta property=\"og:description\" content=\"Aprenda a reduzir o risco de doen\u00e7as card\u00edacas com um estilo de vida saud\u00e1vel, mesmo que tenha uma hist\u00f3ria familiar.\" \/>\n<meta property=\"og:url\" content=\"https:\/\/www.healthy-heart.org\/pt\/mantenha-o-seu-coracao-saudavel\/historia-familiar-de-doenca-cardiaca\/\" \/>\n<meta property=\"og:site_name\" content=\"Healthy-Heart.org\" \/>\n<meta property=\"article:modified_time\" content=\"2020-09-25T14:11:59+00:00\" \/>\n<meta property=\"og:image\" content=\"https:\/\/www.healthy-heart.org\/wp-content\/uploads\/2019\/07\/iStock-117150029-3-e1565872500736.jpg\" \/>\n\t<meta property=\"og:image:width\" content=\"3765\" \/>\n\t<meta property=\"og:image:height\" content=\"2588\" \/>\n\t<meta property=\"og:image:type\" content=\"image\/jpeg\" \/>\n<meta name=\"twitter:card\" content=\"summary_large_image\" \/>\n<meta name=\"twitter:label1\" content=\"Tempo estimado de leitura\" \/>\n\t<meta name=\"twitter:data1\" content=\"2 minutos\" \/>\n<script type=\"application\/ld+json\" class=\"yoast-schema-graph\">{\"@context\":\"https:\/\/schema.org\",\"@graph\":[{\"@type\":\"WebPage\",\"@id\":\"https:\/\/www.healthy-heart.org\/pt\/mantenha-o-seu-coracao-saudavel\/historia-familiar-de-doenca-cardiaca\/\",\"url\":\"https:\/\/www.healthy-heart.org\/pt\/mantenha-o-seu-coracao-saudavel\/historia-familiar-de-doenca-cardiaca\/\",\"name\":\"Hist\u00f3ria familiar de doen\u00e7as card\u00edacas - Healthy-Heart.org\",\"isPartOf\":{\"@id\":\"https:\/\/www.healthy-heart.org\/es\/#website\"},\"primaryImageOfPage\":{\"@id\":\"https:\/\/www.healthy-heart.org\/pt\/mantenha-o-seu-coracao-saudavel\/historia-familiar-de-doenca-cardiaca\/#primaryimage\"},\"image\":{\"@id\":\"https:\/\/www.healthy-heart.org\/pt\/mantenha-o-seu-coracao-saudavel\/historia-familiar-de-doenca-cardiaca\/#primaryimage\"},\"thumbnailUrl\":\"https:\/\/www.healthy-heart.org\/wp-content\/uploads\/2019\/07\/iStock-117150029-3-e1565872500736.jpg\",\"datePublished\":\"2019-10-08T10:33:20+00:00\",\"dateModified\":\"2020-09-25T14:11:59+00:00\",\"description\":\"Aprenda a reduzir o risco de doen\u00e7as card\u00edacas com um estilo de vida saud\u00e1vel, mesmo que tenha uma hist\u00f3ria familiar.\",\"breadcrumb\":{\"@id\":\"https:\/\/www.healthy-heart.org\/pt\/mantenha-o-seu-coracao-saudavel\/historia-familiar-de-doenca-cardiaca\/#breadcrumb\"},\"inLanguage\":\"pt-PT\",\"potentialAction\":[{\"@type\":\"ReadAction\",\"target\":[\"https:\/\/www.healthy-heart.org\/pt\/mantenha-o-seu-coracao-saudavel\/historia-familiar-de-doenca-cardiaca\/\"]}]},{\"@type\":\"ImageObject\",\"inLanguage\":\"pt-PT\",\"@id\":\"https:\/\/www.healthy-heart.org\/pt\/mantenha-o-seu-coracao-saudavel\/historia-familiar-de-doenca-cardiaca\/#primaryimage\",\"url\":\"https:\/\/www.healthy-heart.org\/wp-content\/uploads\/2019\/07\/iStock-117150029-3-e1565872500736.jpg\",\"contentUrl\":\"https:\/\/www.healthy-heart.org\/wp-content\/uploads\/2019\/07\/iStock-117150029-3-e1565872500736.jpg\",\"width\":3765,\"height\":2588},{\"@type\":\"BreadcrumbList\",\"@id\":\"https:\/\/www.healthy-heart.org\/pt\/mantenha-o-seu-coracao-saudavel\/historia-familiar-de-doenca-cardiaca\/#breadcrumb\",\"itemListElement\":[{\"@type\":\"ListItem\",\"position\":1,\"name\":\"Home\",\"item\":\"https:\/\/www.healthy-heart.org\/pt\/\"},{\"@type\":\"ListItem\",\"position\":2,\"name\":\"Mantenha o seu cora\u00e7\u00e3o saud\u00e1vel\",\"item\":\"https:\/\/www.healthy-heart.org\/pt\/mantenha-o-seu-coracao-saudavel\/\"},{\"@type\":\"ListItem\",\"position\":3,\"name\":\"Hist\u00f3ria familiar de doen\u00e7a card\u00edaca\"}]},{\"@type\":\"WebSite\",\"@id\":\"https:\/\/www.healthy-heart.org\/es\/#website\",\"url\":\"https:\/\/www.healthy-heart.org\/es\/\",\"name\":\"Healthy-Heart.org\",\"description\":\"Practical advice for patients and family care givers on the prevention of cardiovascular disease\",\"potentialAction\":[{\"@type\":\"SearchAction\",\"target\":{\"@type\":\"EntryPoint\",\"urlTemplate\":\"https:\/\/www.healthy-heart.org\/es\/?s={search_term_string}\"},\"query-input\":{\"@type\":\"PropertyValueSpecification\",\"valueRequired\":true,\"valueName\":\"search_term_string\"}}],\"inLanguage\":\"pt-PT\"}]}<\/script>\n<!-- \/ Yoast SEO plugin. -->","yoast_head_json":{"title":"Hist\u00f3ria familiar de doen\u00e7as card\u00edacas - Healthy-Heart.org","description":"Aprenda a reduzir o risco de doen\u00e7as card\u00edacas com um estilo de vida saud\u00e1vel, mesmo que tenha uma hist\u00f3ria familiar.","robots":{"index":"index","follow":"follow","max-snippet":"max-snippet:-1","max-image-preview":"max-image-preview:large","max-video-preview":"max-video-preview:-1"},"canonical":"https:\/\/www.healthy-heart.org\/pt\/mantenha-o-seu-coracao-saudavel\/historia-familiar-de-doenca-cardiaca\/","og_locale":"pt_PT","og_type":"article","og_title":"Hist\u00f3ria familiar de doen\u00e7as card\u00edacas - Healthy-Heart.org","og_description":"Aprenda a reduzir o risco de doen\u00e7as card\u00edacas com um estilo de vida saud\u00e1vel, mesmo que tenha uma hist\u00f3ria familiar.","og_url":"https:\/\/www.healthy-heart.org\/pt\/mantenha-o-seu-coracao-saudavel\/historia-familiar-de-doenca-cardiaca\/","og_site_name":"Healthy-Heart.org","article_modified_time":"2020-09-25T14:11:59+00:00","og_image":[{"width":3765,"height":2588,"url":"https:\/\/www.healthy-heart.org\/wp-content\/uploads\/2019\/07\/iStock-117150029-3-e1565872500736.jpg","type":"image\/jpeg"}],"twitter_card":"summary_large_image","twitter_misc":{"Tempo estimado de leitura":"2 minutos"},"schema":{"@context":"https:\/\/schema.org","@graph":[{"@type":"WebPage","@id":"https:\/\/www.healthy-heart.org\/pt\/mantenha-o-seu-coracao-saudavel\/historia-familiar-de-doenca-cardiaca\/","url":"https:\/\/www.healthy-heart.org\/pt\/mantenha-o-seu-coracao-saudavel\/historia-familiar-de-doenca-cardiaca\/","name":"Hist\u00f3ria familiar de doen\u00e7as card\u00edacas - Healthy-Heart.org","isPartOf":{"@id":"https:\/\/www.healthy-heart.org\/es\/#website"},"primaryImageOfPage":{"@id":"https:\/\/www.healthy-heart.org\/pt\/mantenha-o-seu-coracao-saudavel\/historia-familiar-de-doenca-cardiaca\/#primaryimage"},"image":{"@id":"https:\/\/www.healthy-heart.org\/pt\/mantenha-o-seu-coracao-saudavel\/historia-familiar-de-doenca-cardiaca\/#primaryimage"},"thumbnailUrl":"https:\/\/www.healthy-heart.org\/wp-content\/uploads\/2019\/07\/iStock-117150029-3-e1565872500736.jpg","datePublished":"2019-10-08T10:33:20+00:00","dateModified":"2020-09-25T14:11:59+00:00","description":"Aprenda a reduzir o risco de doen\u00e7as card\u00edacas com um estilo de vida saud\u00e1vel, mesmo que tenha uma hist\u00f3ria familiar.","breadcrumb":{"@id":"https:\/\/www.healthy-heart.org\/pt\/mantenha-o-seu-coracao-saudavel\/historia-familiar-de-doenca-cardiaca\/#breadcrumb"},"inLanguage":"pt-PT","potentialAction":[{"@type":"ReadAction","target":["https:\/\/www.healthy-heart.org\/pt\/mantenha-o-seu-coracao-saudavel\/historia-familiar-de-doenca-cardiaca\/"]}]},{"@type":"ImageObject","inLanguage":"pt-PT","@id":"https:\/\/www.healthy-heart.org\/pt\/mantenha-o-seu-coracao-saudavel\/historia-familiar-de-doenca-cardiaca\/#primaryimage","url":"https:\/\/www.healthy-heart.org\/wp-content\/uploads\/2019\/07\/iStock-117150029-3-e1565872500736.jpg","contentUrl":"https:\/\/www.healthy-heart.org\/wp-content\/uploads\/2019\/07\/iStock-117150029-3-e1565872500736.jpg","width":3765,"height":2588},{"@type":"BreadcrumbList","@id":"https:\/\/www.healthy-heart.org\/pt\/mantenha-o-seu-coracao-saudavel\/historia-familiar-de-doenca-cardiaca\/#breadcrumb","itemListElement":[{"@type":"ListItem","position":1,"name":"Home","item":"https:\/\/www.healthy-heart.org\/pt\/"},{"@type":"ListItem","position":2,"name":"Mantenha o seu cora\u00e7\u00e3o saud\u00e1vel","item":"https:\/\/www.healthy-heart.org\/pt\/mantenha-o-seu-coracao-saudavel\/"},{"@type":"ListItem","position":3,"name":"Hist\u00f3ria familiar de doen\u00e7a card\u00edaca"}]},{"@type":"WebSite","@id":"https:\/\/www.healthy-heart.org\/es\/#website","url":"https:\/\/www.healthy-heart.org\/es\/","name":"Healthy-Heart.org","description":"Practical advice for patients and family care givers on the prevention of cardiovascular disease","potentialAction":[{"@type":"SearchAction","target":{"@type":"EntryPoint","urlTemplate":"https:\/\/www.healthy-heart.org\/es\/?s={search_term_string}"},"query-input":{"@type":"PropertyValueSpecification","valueRequired":true,"valueName":"search_term_string"}}],"inLanguage":"pt-PT"}]}},"_links":{"self":[{"href":"https:\/\/www.healthy-heart.org\/pt\/wp-json\/wp\/v2\/pages\/2290","targetHints":{"allow":["GET"]}}],"collection":[{"href":"https:\/\/www.healthy-heart.org\/pt\/wp-json\/wp\/v2\/pages"}],"about":[{"href":"https:\/\/www.healthy-heart.org\/pt\/wp-json\/wp\/v2\/types\/page"}],"author":[{"embeddable":true,"href":"https:\/\/www.healthy-heart.org\/pt\/wp-json\/wp\/v2\/users\/1"}],"replies":[{"embeddable":true,"href":"https:\/\/www.healthy-heart.org\/pt\/wp-json\/wp\/v2\/comments?post=2290"}],"version-history":[{"count":2,"href":"https:\/\/www.healthy-heart.org\/pt\/wp-json\/wp\/v2\/pages\/2290\/revisions"}],"predecessor-version":[{"id":4740,"href":"https:\/\/www.healthy-heart.org\/pt\/wp-json\/wp\/v2\/pages\/2290\/revisions\/4740"}],"up":[{"embeddable":true,"href":"https:\/\/www.healthy-heart.org\/pt\/wp-json\/wp\/v2\/pages\/2237"}],"wp:featuredmedia":[{"embeddable":true,"href":"https:\/\/www.healthy-heart.org\/pt\/wp-json\/wp\/v2\/media\/2292"}],"wp:attachment":[{"href":"https:\/\/www.healthy-heart.org\/pt\/wp-json\/wp\/v2\/media?parent=2290"}],"wp:term":[{"taxonomy":"category","embeddable":true,"href":"https:\/\/www.healthy-heart.org\/pt\/wp-json\/wp\/v2\/categories?post=2290"},{"taxonomy":"post_tag","embeddable":true,"href":"https:\/\/www.healthy-heart.org\/pt\/wp-json\/wp\/v2\/tags?post=2290"}],"curies":[{"name":"wp","href":"https:\/\/api.w.org\/{rel}","templated":true}]}}