{"id":2273,"date":"2019-10-08T11:33:18","date_gmt":"2019-10-08T10:33:18","guid":{"rendered":"https:\/\/www.healthy-heart.org\/mantenha-o-seu-coracao-saudavel\/atividade-fisica\/"},"modified":"2021-02-02T14:29:14","modified_gmt":"2021-02-02T14:29:14","slug":"atividade-fisica","status":"publish","type":"page","link":"https:\/\/www.healthy-heart.org\/pt\/mantenha-o-seu-coracao-saudavel\/atividade-fisica\/","title":{"rendered":"Atividade f\u00edsica"},"content":{"rendered":"<p>Muitos estudos mostram que a atividade f\u00edsica \u00e9 uma forma importante de prevenir <a href=\"https:\/\/www.healthy-heart.org\/your-heart\/what-is-heart-disease\/\">doen\u00e7as card\u00edacas<\/a>. Mais recentemente, a investiga\u00e7\u00e3o descobriu que, al\u00e9m da atividade f\u00edsica suficiente, a quantidade de tempo na posi\u00e7\u00e3o sentada tamb\u00e9m est\u00e1 ligada ao <a href=\"https:\/\/www.healthy-heart.org\/keep-your-heart-healthy\/predicting-managing-risk-of-heart-disease\/\">risco cardiovascular<\/a> futuro.<\/p>\n<p>Quanto mais tempo na posi\u00e7\u00e3o sentada, maiores s\u00e3o as probabilidades de desenvolver doen\u00e7as cardiovasculares. Passar menos tempo na posi\u00e7\u00e3o sentada \u00e9 bom para o cora\u00e7\u00e3o e ajuda a evitar <a href=\"https:\/\/www.healthy-heart.org\/keep-your-heart-healthy\/keeping-a-healthy-weight\/\">excesso de peso<\/a> ou <a href=\"https:\/\/www.healthy-heart.org\/keep-your-heart-healthy\/diabetes\/\">diabetes tipo 2<\/a>.<\/p>\n<p>H\u00e1 v\u00e1rias maneiras f\u00e1ceis de reduzir o tempo na posi\u00e7\u00e3o sentada. Organize reuni\u00f5es em p\u00e9 (em vez de sentado) no trabalho. Trabalhe em p\u00e9 em frente ao computador e fa\u00e7a pausas ativas com caminhadas curtas ou exerc\u00edcios de alongamentos. D\u00ea um passeio na hora do almo\u00e7o e caminhe ou v\u00e1 de bicicleta pelo menos parte do caminho para o trabalho.<\/p>\n<p>Em casa, pode ficar de p\u00e9 a ver televis\u00e3o e at\u00e9 combinar com tarefas como passar a ferro ou lavar a lou\u00e7a. Levante-se ou caminhe pela casa enquanto l\u00ea o jornal e l\u00ea as mensagens no smartphone.<\/p>\n<p>Uma maneira eficaz de se sentar menos e mexer-se mais \u00e9 usar um contador de passos, usado ao n\u00edvel do quadril ou como aplica\u00e7\u00e3o de smartphone.<\/p>\n<p>De acordo com as primeiras Diretrizes da ESC sobre Cardiologia Desportiva publicadas em 2020, todos os indiv\u00edduos saud\u00e1veis devem realizar pelo menos 150 minutos por semana de intensidade moderada ou 75 minutos por semana de exerc\u00edcio aer\u00f3bico intenso, ou uma combina\u00e7\u00e3o equivalente. O mesmo \u00e9 recomendado tamb\u00e9m para adultos com 65 anos ou mais que est\u00e3o aptos e n\u00e3o t\u00eam condi\u00e7\u00f5es de sa\u00fade que limitem a sua mobilidade.<\/p>\n<p>Se j\u00e1 teve problemas card\u00edacos, as recomenda\u00e7\u00f5es podem mudar: neste caso, contacte o seu m\u00e9dico ou um m\u00e9dico do desporto para obter a receita desportiva adequada.<\/p>\n<blockquote><p>Para manter a motiva\u00e7\u00e3o, defina uma meta di\u00e1ria. Aumente a contagem de passos estacionando a uma determinada dist\u00e2ncia do trabalho e caminhando o resto do caminho, e usando as escadas em vez do elevador.<\/p><\/blockquote>\n<p>&nbsp;<\/p>\n","protected":false},"excerpt":{"rendered":"<p>Muitos estudos mostram que a atividade f\u00edsica \u00e9 uma forma importante de prevenir doen\u00e7as card\u00edacas. Mais recentemente, a investiga\u00e7\u00e3o descobriu que, al\u00e9m da atividade f\u00edsica suficiente, a quantidade de tempo na posi\u00e7\u00e3o sentada tamb\u00e9m est\u00e1 ligada ao risco cardiovascular futuro. Quanto mais tempo na posi\u00e7\u00e3o sentada, maiores s\u00e3o as probabilidades de desenvolver doen\u00e7as cardiovasculares. Passar [&hellip;]<\/p>\n","protected":false},"author":1,"featured_media":2280,"parent":2237,"menu_order":8,"comment_status":"closed","ping_status":"closed","template":"","meta":{"_acf_changed":false,"footnotes":""},"categories":[73],"tags":[],"class_list":["post-2273","page","type-page","status-publish","has-post-thumbnail","hentry","category-mantenha-o-seu-coracao-saudavel"],"acf":[],"yoast_head":"<!-- This site is optimized with the Yoast SEO plugin v24.0 - https:\/\/yoast.com\/wordpress\/plugins\/seo\/ -->\n<title>Atividade f\u00edsica - Healthy-Heart.org<\/title>\n<meta name=\"description\" content=\"Um estilo de vida sedent\u00e1rio significa que n\u00e3o faz atividade f\u00edsica suficiente. Aumente o exerc\u00edcio f\u00edsico para melhorar a sua sa\u00fade e prevenir doen\u00e7as card\u00edacas.\" \/>\n<meta name=\"robots\" content=\"index, follow, max-snippet:-1, max-image-preview:large, max-video-preview:-1\" \/>\n<link rel=\"canonical\" href=\"https:\/\/www.healthy-heart.org\/pt\/mantenha-o-seu-coracao-saudavel\/atividade-fisica\/\" \/>\n<meta property=\"og:locale\" content=\"pt_PT\" \/>\n<meta property=\"og:type\" content=\"article\" \/>\n<meta property=\"og:title\" content=\"Atividade f\u00edsica - Healthy-Heart.org\" \/>\n<meta property=\"og:description\" content=\"Um estilo de vida sedent\u00e1rio significa que n\u00e3o faz atividade f\u00edsica suficiente. Aumente o exerc\u00edcio f\u00edsico para melhorar a sua sa\u00fade e prevenir doen\u00e7as card\u00edacas.\" \/>\n<meta property=\"og:url\" content=\"https:\/\/www.healthy-heart.org\/pt\/mantenha-o-seu-coracao-saudavel\/atividade-fisica\/\" \/>\n<meta property=\"og:site_name\" content=\"Healthy-Heart.org\" \/>\n<meta property=\"article:modified_time\" content=\"2021-02-02T14:29:14+00:00\" \/>\n<meta property=\"og:image\" content=\"https:\/\/www.healthy-heart.org\/wp-content\/uploads\/2019\/08\/Sedentary-Lifestyle-iStock-955946134-1024x664.jpg\" \/>\n\t<meta property=\"og:image:width\" content=\"1024\" \/>\n\t<meta property=\"og:image:height\" content=\"664\" \/>\n\t<meta property=\"og:image:type\" content=\"image\/jpeg\" \/>\n<meta name=\"twitter:card\" content=\"summary_large_image\" \/>\n<meta name=\"twitter:label1\" content=\"Tempo estimado de leitura\" \/>\n\t<meta name=\"twitter:data1\" content=\"2 minutos\" \/>\n<script type=\"application\/ld+json\" class=\"yoast-schema-graph\">{\"@context\":\"https:\/\/schema.org\",\"@graph\":[{\"@type\":\"WebPage\",\"@id\":\"https:\/\/www.healthy-heart.org\/pt\/mantenha-o-seu-coracao-saudavel\/atividade-fisica\/\",\"url\":\"https:\/\/www.healthy-heart.org\/pt\/mantenha-o-seu-coracao-saudavel\/atividade-fisica\/\",\"name\":\"Atividade f\u00edsica - Healthy-Heart.org\",\"isPartOf\":{\"@id\":\"https:\/\/www.healthy-heart.org\/es\/#website\"},\"primaryImageOfPage\":{\"@id\":\"https:\/\/www.healthy-heart.org\/pt\/mantenha-o-seu-coracao-saudavel\/atividade-fisica\/#primaryimage\"},\"image\":{\"@id\":\"https:\/\/www.healthy-heart.org\/pt\/mantenha-o-seu-coracao-saudavel\/atividade-fisica\/#primaryimage\"},\"thumbnailUrl\":\"https:\/\/www.healthy-heart.org\/wp-content\/uploads\/2019\/08\/Sedentary-Lifestyle-iStock-955946134.jpg\",\"datePublished\":\"2019-10-08T10:33:18+00:00\",\"dateModified\":\"2021-02-02T14:29:14+00:00\",\"description\":\"Um estilo de vida sedent\u00e1rio significa que n\u00e3o faz atividade f\u00edsica suficiente. Aumente o exerc\u00edcio f\u00edsico para melhorar a sua sa\u00fade e prevenir doen\u00e7as card\u00edacas.\",\"breadcrumb\":{\"@id\":\"https:\/\/www.healthy-heart.org\/pt\/mantenha-o-seu-coracao-saudavel\/atividade-fisica\/#breadcrumb\"},\"inLanguage\":\"pt-PT\",\"potentialAction\":[{\"@type\":\"ReadAction\",\"target\":[\"https:\/\/www.healthy-heart.org\/pt\/mantenha-o-seu-coracao-saudavel\/atividade-fisica\/\"]}]},{\"@type\":\"ImageObject\",\"inLanguage\":\"pt-PT\",\"@id\":\"https:\/\/www.healthy-heart.org\/pt\/mantenha-o-seu-coracao-saudavel\/atividade-fisica\/#primaryimage\",\"url\":\"https:\/\/www.healthy-heart.org\/wp-content\/uploads\/2019\/08\/Sedentary-Lifestyle-iStock-955946134.jpg\",\"contentUrl\":\"https:\/\/www.healthy-heart.org\/wp-content\/uploads\/2019\/08\/Sedentary-Lifestyle-iStock-955946134.jpg\",\"width\":8447,\"height\":5479},{\"@type\":\"BreadcrumbList\",\"@id\":\"https:\/\/www.healthy-heart.org\/pt\/mantenha-o-seu-coracao-saudavel\/atividade-fisica\/#breadcrumb\",\"itemListElement\":[{\"@type\":\"ListItem\",\"position\":1,\"name\":\"Home\",\"item\":\"https:\/\/www.healthy-heart.org\/pt\/\"},{\"@type\":\"ListItem\",\"position\":2,\"name\":\"Mantenha o seu cora\u00e7\u00e3o saud\u00e1vel\",\"item\":\"https:\/\/www.healthy-heart.org\/pt\/mantenha-o-seu-coracao-saudavel\/\"},{\"@type\":\"ListItem\",\"position\":3,\"name\":\"Atividade f\u00edsica\"}]},{\"@type\":\"WebSite\",\"@id\":\"https:\/\/www.healthy-heart.org\/es\/#website\",\"url\":\"https:\/\/www.healthy-heart.org\/es\/\",\"name\":\"Healthy-Heart.org\",\"description\":\"Practical advice for patients and family care givers on the prevention of cardiovascular disease\",\"potentialAction\":[{\"@type\":\"SearchAction\",\"target\":{\"@type\":\"EntryPoint\",\"urlTemplate\":\"https:\/\/www.healthy-heart.org\/es\/?s={search_term_string}\"},\"query-input\":{\"@type\":\"PropertyValueSpecification\",\"valueRequired\":true,\"valueName\":\"search_term_string\"}}],\"inLanguage\":\"pt-PT\"}]}<\/script>\n<!-- \/ Yoast SEO plugin. -->","yoast_head_json":{"title":"Atividade f\u00edsica - Healthy-Heart.org","description":"Um estilo de vida sedent\u00e1rio significa que n\u00e3o faz atividade f\u00edsica suficiente. Aumente o exerc\u00edcio f\u00edsico para melhorar a sua sa\u00fade e prevenir doen\u00e7as card\u00edacas.","robots":{"index":"index","follow":"follow","max-snippet":"max-snippet:-1","max-image-preview":"max-image-preview:large","max-video-preview":"max-video-preview:-1"},"canonical":"https:\/\/www.healthy-heart.org\/pt\/mantenha-o-seu-coracao-saudavel\/atividade-fisica\/","og_locale":"pt_PT","og_type":"article","og_title":"Atividade f\u00edsica - Healthy-Heart.org","og_description":"Um estilo de vida sedent\u00e1rio significa que n\u00e3o faz atividade f\u00edsica suficiente. Aumente o exerc\u00edcio f\u00edsico para melhorar a sua sa\u00fade e prevenir doen\u00e7as card\u00edacas.","og_url":"https:\/\/www.healthy-heart.org\/pt\/mantenha-o-seu-coracao-saudavel\/atividade-fisica\/","og_site_name":"Healthy-Heart.org","article_modified_time":"2021-02-02T14:29:14+00:00","og_image":[{"width":1024,"height":664,"url":"https:\/\/www.healthy-heart.org\/wp-content\/uploads\/2019\/08\/Sedentary-Lifestyle-iStock-955946134-1024x664.jpg","type":"image\/jpeg"}],"twitter_card":"summary_large_image","twitter_misc":{"Tempo estimado de leitura":"2 minutos"},"schema":{"@context":"https:\/\/schema.org","@graph":[{"@type":"WebPage","@id":"https:\/\/www.healthy-heart.org\/pt\/mantenha-o-seu-coracao-saudavel\/atividade-fisica\/","url":"https:\/\/www.healthy-heart.org\/pt\/mantenha-o-seu-coracao-saudavel\/atividade-fisica\/","name":"Atividade f\u00edsica - Healthy-Heart.org","isPartOf":{"@id":"https:\/\/www.healthy-heart.org\/es\/#website"},"primaryImageOfPage":{"@id":"https:\/\/www.healthy-heart.org\/pt\/mantenha-o-seu-coracao-saudavel\/atividade-fisica\/#primaryimage"},"image":{"@id":"https:\/\/www.healthy-heart.org\/pt\/mantenha-o-seu-coracao-saudavel\/atividade-fisica\/#primaryimage"},"thumbnailUrl":"https:\/\/www.healthy-heart.org\/wp-content\/uploads\/2019\/08\/Sedentary-Lifestyle-iStock-955946134.jpg","datePublished":"2019-10-08T10:33:18+00:00","dateModified":"2021-02-02T14:29:14+00:00","description":"Um estilo de vida sedent\u00e1rio significa que n\u00e3o faz atividade f\u00edsica suficiente. Aumente o exerc\u00edcio f\u00edsico para melhorar a sua sa\u00fade e prevenir doen\u00e7as card\u00edacas.","breadcrumb":{"@id":"https:\/\/www.healthy-heart.org\/pt\/mantenha-o-seu-coracao-saudavel\/atividade-fisica\/#breadcrumb"},"inLanguage":"pt-PT","potentialAction":[{"@type":"ReadAction","target":["https:\/\/www.healthy-heart.org\/pt\/mantenha-o-seu-coracao-saudavel\/atividade-fisica\/"]}]},{"@type":"ImageObject","inLanguage":"pt-PT","@id":"https:\/\/www.healthy-heart.org\/pt\/mantenha-o-seu-coracao-saudavel\/atividade-fisica\/#primaryimage","url":"https:\/\/www.healthy-heart.org\/wp-content\/uploads\/2019\/08\/Sedentary-Lifestyle-iStock-955946134.jpg","contentUrl":"https:\/\/www.healthy-heart.org\/wp-content\/uploads\/2019\/08\/Sedentary-Lifestyle-iStock-955946134.jpg","width":8447,"height":5479},{"@type":"BreadcrumbList","@id":"https:\/\/www.healthy-heart.org\/pt\/mantenha-o-seu-coracao-saudavel\/atividade-fisica\/#breadcrumb","itemListElement":[{"@type":"ListItem","position":1,"name":"Home","item":"https:\/\/www.healthy-heart.org\/pt\/"},{"@type":"ListItem","position":2,"name":"Mantenha o seu cora\u00e7\u00e3o saud\u00e1vel","item":"https:\/\/www.healthy-heart.org\/pt\/mantenha-o-seu-coracao-saudavel\/"},{"@type":"ListItem","position":3,"name":"Atividade f\u00edsica"}]},{"@type":"WebSite","@id":"https:\/\/www.healthy-heart.org\/es\/#website","url":"https:\/\/www.healthy-heart.org\/es\/","name":"Healthy-Heart.org","description":"Practical advice for patients and family care givers on the prevention of cardiovascular disease","potentialAction":[{"@type":"SearchAction","target":{"@type":"EntryPoint","urlTemplate":"https:\/\/www.healthy-heart.org\/es\/?s={search_term_string}"},"query-input":{"@type":"PropertyValueSpecification","valueRequired":true,"valueName":"search_term_string"}}],"inLanguage":"pt-PT"}]}},"_links":{"self":[{"href":"https:\/\/www.healthy-heart.org\/pt\/wp-json\/wp\/v2\/pages\/2273","targetHints":{"allow":["GET"]}}],"collection":[{"href":"https:\/\/www.healthy-heart.org\/pt\/wp-json\/wp\/v2\/pages"}],"about":[{"href":"https:\/\/www.healthy-heart.org\/pt\/wp-json\/wp\/v2\/types\/page"}],"author":[{"embeddable":true,"href":"https:\/\/www.healthy-heart.org\/pt\/wp-json\/wp\/v2\/users\/1"}],"replies":[{"embeddable":true,"href":"https:\/\/www.healthy-heart.org\/pt\/wp-json\/wp\/v2\/comments?post=2273"}],"version-history":[{"count":8,"href":"https:\/\/www.healthy-heart.org\/pt\/wp-json\/wp\/v2\/pages\/2273\/revisions"}],"predecessor-version":[{"id":5062,"href":"https:\/\/www.healthy-heart.org\/pt\/wp-json\/wp\/v2\/pages\/2273\/revisions\/5062"}],"up":[{"embeddable":true,"href":"https:\/\/www.healthy-heart.org\/pt\/wp-json\/wp\/v2\/pages\/2237"}],"wp:featuredmedia":[{"embeddable":true,"href":"https:\/\/www.healthy-heart.org\/pt\/wp-json\/wp\/v2\/media\/2280"}],"wp:attachment":[{"href":"https:\/\/www.healthy-heart.org\/pt\/wp-json\/wp\/v2\/media?parent=2273"}],"wp:term":[{"taxonomy":"category","embeddable":true,"href":"https:\/\/www.healthy-heart.org\/pt\/wp-json\/wp\/v2\/categories?post=2273"},{"taxonomy":"post_tag","embeddable":true,"href":"https:\/\/www.healthy-heart.org\/pt\/wp-json\/wp\/v2\/tags?post=2273"}],"curies":[{"name":"wp","href":"https:\/\/api.w.org\/{rel}","templated":true}]}}