{"id":2271,"date":"2019-10-08T11:33:17","date_gmt":"2019-10-08T10:33:17","guid":{"rendered":"https:\/\/www.healthy-heart.org\/healthy-heart-org\/"},"modified":"2025-04-04T14:42:26","modified_gmt":"2025-04-04T13:42:26","slug":"healthy-heart-org","status":"publish","type":"page","link":"https:\/\/www.healthy-heart.org\/pt\/","title":{"rendered":"Healthy-Heart.org"},"content":{"rendered":"<p>A doen\u00e7a cardiovascular \u00e9 uma doen\u00e7a comum, respons\u00e1vel por 4 milh\u00f5es de mortes por ano na Europa. Aqui pode encontrar informa\u00e7\u00f5es fi\u00e1veis e conselhos pr\u00e1ticos para prevenir doen\u00e7as cardiovasculares, gerir a sua sa\u00fade de forma mais eficaz e viver uma vida mais longa e ativa.<\/p>\n","protected":false},"excerpt":{"rendered":"<p>A doen\u00e7a cardiovascular \u00e9 uma doen\u00e7a comum, respons\u00e1vel por 4 milh\u00f5es de mortes por ano na Europa. Aqui pode encontrar informa\u00e7\u00f5es fi\u00e1veis e conselhos pr\u00e1ticos para prevenir doen\u00e7as cardiovasculares, gerir a sua sa\u00fade de forma mais eficaz e viver uma vida mais longa e ativa.<\/p>\n","protected":false},"author":1,"featured_media":5965,"parent":0,"menu_order":0,"comment_status":"closed","ping_status":"closed","template":"templates\/home.php","meta":{"_acf_changed":false,"footnotes":""},"categories":[],"tags":[],"class_list":["post-2271","page","type-page","status-publish","has-post-thumbnail","hentry"],"acf":[],"yoast_head":"<!-- This site is optimized with the Yoast SEO plugin v24.0 - https:\/\/yoast.com\/wordpress\/plugins\/seo\/ -->\n<title>Healthy-Heart.org | Preven\u00e7\u00e3o da doen\u00e7a cardiovascular<\/title>\n<meta name=\"description\" content=\"Descubra informa\u00e7\u00f5es claras e fi\u00e1veis e conselhos pr\u00e1ticos sobre a preven\u00e7\u00e3o de doen\u00e7as cardiovasculares para doentes e prestadores de cuidados familiares\" \/>\n<meta name=\"robots\" content=\"index, follow, max-snippet:-1, max-image-preview:large, max-video-preview:-1\" \/>\n<link rel=\"canonical\" href=\"https:\/\/www.healthy-heart.org\/pt\/\" \/>\n<meta property=\"og:locale\" content=\"pt_PT\" \/>\n<meta property=\"og:type\" content=\"article\" \/>\n<meta property=\"og:title\" content=\"Healthy-Heart.org | Preven\u00e7\u00e3o da doen\u00e7a cardiovascular\" \/>\n<meta property=\"og:description\" content=\"Descubra informa\u00e7\u00f5es claras e fi\u00e1veis e conselhos pr\u00e1ticos sobre a preven\u00e7\u00e3o de doen\u00e7as cardiovasculares para doentes e prestadores de cuidados familiares\" \/>\n<meta property=\"og:url\" content=\"https:\/\/www.healthy-heart.org\/pt\/\" \/>\n<meta property=\"og:site_name\" content=\"Healthy-Heart.org\" \/>\n<meta property=\"article:modified_time\" content=\"2025-04-04T13:42:26+00:00\" \/>\n<meta property=\"og:image\" content=\"https:\/\/www.healthy-heart.org\/wp-content\/uploads\/2022\/01\/main-image-min.jpg\" \/>\n\t<meta property=\"og:image:width\" content=\"2500\" \/>\n\t<meta property=\"og:image:height\" content=\"868\" \/>\n\t<meta property=\"og:image:type\" content=\"image\/jpeg\" \/>\n<meta name=\"twitter:card\" content=\"summary_large_image\" \/>\n<meta name=\"twitter:label1\" content=\"Tempo estimado de leitura\" \/>\n\t<meta name=\"twitter:data1\" content=\"1 minuto\" \/>\n<script type=\"application\/ld+json\" class=\"yoast-schema-graph\">{\"@context\":\"https:\/\/schema.org\",\"@graph\":[{\"@type\":\"WebPage\",\"@id\":\"https:\/\/www.healthy-heart.org\/pt\/\",\"url\":\"https:\/\/www.healthy-heart.org\/pt\/\",\"name\":\"Healthy-Heart.org | Preven\u00e7\u00e3o da doen\u00e7a cardiovascular\",\"isPartOf\":{\"@id\":\"https:\/\/www.healthy-heart.org\/es\/#website\"},\"primaryImageOfPage\":{\"@id\":\"https:\/\/www.healthy-heart.org\/pt\/#primaryimage\"},\"image\":{\"@id\":\"https:\/\/www.healthy-heart.org\/pt\/#primaryimage\"},\"thumbnailUrl\":\"https:\/\/www.healthy-heart.org\/wp-content\/uploads\/2022\/01\/main-image-min.jpg\",\"datePublished\":\"2019-10-08T10:33:17+00:00\",\"dateModified\":\"2025-04-04T13:42:26+00:00\",\"description\":\"Descubra informa\u00e7\u00f5es claras e fi\u00e1veis e conselhos pr\u00e1ticos sobre a preven\u00e7\u00e3o de doen\u00e7as cardiovasculares para doentes e prestadores de cuidados familiares\",\"breadcrumb\":{\"@id\":\"https:\/\/www.healthy-heart.org\/pt\/#breadcrumb\"},\"inLanguage\":\"pt-PT\",\"potentialAction\":[{\"@type\":\"ReadAction\",\"target\":[\"https:\/\/www.healthy-heart.org\/pt\/\"]}]},{\"@type\":\"ImageObject\",\"inLanguage\":\"pt-PT\",\"@id\":\"https:\/\/www.healthy-heart.org\/pt\/#primaryimage\",\"url\":\"https:\/\/www.healthy-heart.org\/wp-content\/uploads\/2022\/01\/main-image-min.jpg\",\"contentUrl\":\"https:\/\/www.healthy-heart.org\/wp-content\/uploads\/2022\/01\/main-image-min.jpg\",\"width\":2500,\"height\":868},{\"@type\":\"BreadcrumbList\",\"@id\":\"https:\/\/www.healthy-heart.org\/pt\/#breadcrumb\",\"itemListElement\":[{\"@type\":\"ListItem\",\"position\":1,\"name\":\"Home\",\"item\":\"https:\/\/www.healthy-heart.org\/pt\/\"},{\"@type\":\"ListItem\",\"position\":2,\"name\":\"Healthy-Heart.org\"}]},{\"@type\":\"WebSite\",\"@id\":\"https:\/\/www.healthy-heart.org\/es\/#website\",\"url\":\"https:\/\/www.healthy-heart.org\/es\/\",\"name\":\"Healthy-Heart.org\",\"description\":\"Practical advice for patients and family care givers on the prevention of cardiovascular disease\",\"potentialAction\":[{\"@type\":\"SearchAction\",\"target\":{\"@type\":\"EntryPoint\",\"urlTemplate\":\"https:\/\/www.healthy-heart.org\/es\/?s={search_term_string}\"},\"query-input\":{\"@type\":\"PropertyValueSpecification\",\"valueRequired\":true,\"valueName\":\"search_term_string\"}}],\"inLanguage\":\"pt-PT\"}]}<\/script>\n<!-- \/ Yoast SEO plugin. -->","yoast_head_json":{"title":"Healthy-Heart.org | Preven\u00e7\u00e3o da doen\u00e7a cardiovascular","description":"Descubra informa\u00e7\u00f5es claras e fi\u00e1veis e conselhos pr\u00e1ticos sobre a preven\u00e7\u00e3o de doen\u00e7as cardiovasculares para doentes e prestadores de cuidados familiares","robots":{"index":"index","follow":"follow","max-snippet":"max-snippet:-1","max-image-preview":"max-image-preview:large","max-video-preview":"max-video-preview:-1"},"canonical":"https:\/\/www.healthy-heart.org\/pt\/","og_locale":"pt_PT","og_type":"article","og_title":"Healthy-Heart.org | Preven\u00e7\u00e3o da doen\u00e7a cardiovascular","og_description":"Descubra informa\u00e7\u00f5es claras e fi\u00e1veis e conselhos pr\u00e1ticos sobre a preven\u00e7\u00e3o de doen\u00e7as cardiovasculares para doentes e prestadores de cuidados familiares","og_url":"https:\/\/www.healthy-heart.org\/pt\/","og_site_name":"Healthy-Heart.org","article_modified_time":"2025-04-04T13:42:26+00:00","og_image":[{"width":2500,"height":868,"url":"https:\/\/www.healthy-heart.org\/wp-content\/uploads\/2022\/01\/main-image-min.jpg","type":"image\/jpeg"}],"twitter_card":"summary_large_image","twitter_misc":{"Tempo estimado de leitura":"1 minuto"},"schema":{"@context":"https:\/\/schema.org","@graph":[{"@type":"WebPage","@id":"https:\/\/www.healthy-heart.org\/pt\/","url":"https:\/\/www.healthy-heart.org\/pt\/","name":"Healthy-Heart.org | Preven\u00e7\u00e3o da doen\u00e7a cardiovascular","isPartOf":{"@id":"https:\/\/www.healthy-heart.org\/es\/#website"},"primaryImageOfPage":{"@id":"https:\/\/www.healthy-heart.org\/pt\/#primaryimage"},"image":{"@id":"https:\/\/www.healthy-heart.org\/pt\/#primaryimage"},"thumbnailUrl":"https:\/\/www.healthy-heart.org\/wp-content\/uploads\/2022\/01\/main-image-min.jpg","datePublished":"2019-10-08T10:33:17+00:00","dateModified":"2025-04-04T13:42:26+00:00","description":"Descubra informa\u00e7\u00f5es claras e fi\u00e1veis e conselhos pr\u00e1ticos sobre a preven\u00e7\u00e3o de doen\u00e7as cardiovasculares para doentes e prestadores de cuidados familiares","breadcrumb":{"@id":"https:\/\/www.healthy-heart.org\/pt\/#breadcrumb"},"inLanguage":"pt-PT","potentialAction":[{"@type":"ReadAction","target":["https:\/\/www.healthy-heart.org\/pt\/"]}]},{"@type":"ImageObject","inLanguage":"pt-PT","@id":"https:\/\/www.healthy-heart.org\/pt\/#primaryimage","url":"https:\/\/www.healthy-heart.org\/wp-content\/uploads\/2022\/01\/main-image-min.jpg","contentUrl":"https:\/\/www.healthy-heart.org\/wp-content\/uploads\/2022\/01\/main-image-min.jpg","width":2500,"height":868},{"@type":"BreadcrumbList","@id":"https:\/\/www.healthy-heart.org\/pt\/#breadcrumb","itemListElement":[{"@type":"ListItem","position":1,"name":"Home","item":"https:\/\/www.healthy-heart.org\/pt\/"},{"@type":"ListItem","position":2,"name":"Healthy-Heart.org"}]},{"@type":"WebSite","@id":"https:\/\/www.healthy-heart.org\/es\/#website","url":"https:\/\/www.healthy-heart.org\/es\/","name":"Healthy-Heart.org","description":"Practical advice for patients and family care givers on the prevention of cardiovascular disease","potentialAction":[{"@type":"SearchAction","target":{"@type":"EntryPoint","urlTemplate":"https:\/\/www.healthy-heart.org\/es\/?s={search_term_string}"},"query-input":{"@type":"PropertyValueSpecification","valueRequired":true,"valueName":"search_term_string"}}],"inLanguage":"pt-PT"}]}},"_links":{"self":[{"href":"https:\/\/www.healthy-heart.org\/pt\/wp-json\/wp\/v2\/pages\/2271","targetHints":{"allow":["GET"]}}],"collection":[{"href":"https:\/\/www.healthy-heart.org\/pt\/wp-json\/wp\/v2\/pages"}],"about":[{"href":"https:\/\/www.healthy-heart.org\/pt\/wp-json\/wp\/v2\/types\/page"}],"author":[{"embeddable":true,"href":"https:\/\/www.healthy-heart.org\/pt\/wp-json\/wp\/v2\/users\/1"}],"replies":[{"embeddable":true,"href":"https:\/\/www.healthy-heart.org\/pt\/wp-json\/wp\/v2\/comments?post=2271"}],"version-history":[{"count":26,"href":"https:\/\/www.healthy-heart.org\/pt\/wp-json\/wp\/v2\/pages\/2271\/revisions"}],"predecessor-version":[{"id":7761,"href":"https:\/\/www.healthy-heart.org\/pt\/wp-json\/wp\/v2\/pages\/2271\/revisions\/7761"}],"wp:featuredmedia":[{"embeddable":true,"href":"https:\/\/www.healthy-heart.org\/pt\/wp-json\/wp\/v2\/media\/5965"}],"wp:attachment":[{"href":"https:\/\/www.healthy-heart.org\/pt\/wp-json\/wp\/v2\/media?parent=2271"}],"wp:term":[{"taxonomy":"category","embeddable":true,"href":"https:\/\/www.healthy-heart.org\/pt\/wp-json\/wp\/v2\/categories?post=2271"},{"taxonomy":"post_tag","embeddable":true,"href":"https:\/\/www.healthy-heart.org\/pt\/wp-json\/wp\/v2\/tags?post=2271"}],"curies":[{"name":"wp","href":"https:\/\/api.w.org\/{rel}","templated":true}]}}