{"id":2255,"date":"2019-10-08T11:33:14","date_gmt":"2019-10-08T10:33:14","guid":{"rendered":"https:\/\/www.healthy-heart.org\/o-que-e-a-doenca-cardiaca\/"},"modified":"2020-09-25T14:00:50","modified_gmt":"2020-09-25T13:00:50","slug":"o-que-e-a-doenca-cardiaca","status":"publish","type":"page","link":"https:\/\/www.healthy-heart.org\/pt\/o-seu-coracao\/o-que-e-a-doenca-cardiaca\/","title":{"rendered":"O que \u00e9 a doen\u00e7a card\u00edaca?"},"content":{"rendered":"<p>As DCV s\u00e3o doen\u00e7as que envolvem o <a href=\"https:\/\/www.healthy-heart.org\/pt\/o-seu-coracao\/como-funciona-o-coracao\/\">cora\u00e7\u00e3o e os vasos sangu\u00edneos<\/a>. Incluem doen\u00e7as ateroscler\u00f3ticas, em que os vasos sangu\u00edneos s\u00e3o progressivamente obstru\u00eddos por dep\u00f3sitos de gordura chamados placas. Existem diferentes tipos de doen\u00e7as ateroscler\u00f3ticas em que os vasos sangu\u00edneos s\u00e3o obstru\u00eddos.<\/p>\n<ul>\n<li>A doen\u00e7a card\u00edaca coron\u00e1ria, como o enfarte agudo do mioc\u00e1rio (tamb\u00e9m chamado ataque card\u00edaco), afeta as art\u00e9rias coron\u00e1rias, que fornecem sangue ao cora\u00e7\u00e3o.<\/li>\n<li>A doen\u00e7a cerebrovascular, como o acidente vascular cerebral (AVC), afeta os vasos que fornecem sangue ao c\u00e9rebro.<\/li>\n<li>A doen\u00e7a da art\u00e9ria perif\u00e9rica afeta os vasos que fornecem sangue \u00e0s pernas.<\/li>\n<li>Outros tipos de DCV incluem insufici\u00eancia card\u00edaca (quando o cora\u00e7\u00e3o \u00e9 incapaz de bombear adequadamente), doen\u00e7as das v\u00e1lvulas do cora\u00e7\u00e3o e doen\u00e7as do m\u00fasculo card\u00edaco.<\/li>\n<\/ul>\n<h3>Defini\u00e7\u00e3o<\/h3>\n<p><img loading=\"lazy\" decoding=\"async\" class=\"alignright wp-image-694 size-medium\" src=\"https:\/\/cdn-endpoint-prev.azureedge.net\/healthy-heart\/2019\/07\/iStock-1026729722-1-350x350.jpg\" alt=\"\" width=\"350\" height=\"350\" srcset=\"https:\/\/www.healthy-heart.org\/wp-content\/uploads\/2019\/07\/iStock-1026729722-1-350x350.jpg 350w, https:\/\/www.healthy-heart.org\/wp-content\/uploads\/2019\/07\/iStock-1026729722-1-200x200.jpg 200w, https:\/\/www.healthy-heart.org\/wp-content\/uploads\/2019\/07\/iStock-1026729722-1-768x768.jpg 768w, https:\/\/www.healthy-heart.org\/wp-content\/uploads\/2019\/07\/iStock-1026729722-1-1024x1024.jpg 1024w, https:\/\/www.healthy-heart.org\/wp-content\/uploads\/2019\/07\/iStock-1026729722-1-1536x1536.jpg 1536w, https:\/\/www.healthy-heart.org\/wp-content\/uploads\/2019\/07\/iStock-1026729722-1-2048x2048.jpg 2048w, https:\/\/www.healthy-heart.org\/wp-content\/uploads\/2019\/07\/iStock-1026729722-1-439x439.jpg 439w, https:\/\/www.healthy-heart.org\/wp-content\/uploads\/2019\/07\/iStock-1026729722-1-464x464.jpg 464w\" sizes=\"auto, (max-width: 350px) 100vw, 350px\" \/><br \/>\nAs DCV incluem as seguintes doen\u00e7as ateroscler\u00f3ticas: doen\u00e7a card\u00edaca coron\u00e1ria (ataque card\u00edaco), doen\u00e7a cerebrovascular (acidente vascular cerebral) e doen\u00e7a arterial perif\u00e9rica que afeta as pernas.<\/p>\n<p>A aterosclerose \u00e9 uma doen\u00e7a causada principalmente por n\u00edveis elevados de colesterol, especialmente o colesterol LDL &#8220;mau\u201d. O colesterol acumula-se na parede dos vasos sangu\u00edneos, causando inflama\u00e7\u00e3o e acumula\u00e7\u00e3o de placas que podem estreitar os vasos. Quanto mais estreitos os vasos, menos sangue pode fluir. Isto pode causar dor intermitente nas pernas durante a caminhada se as art\u00e9rias da perna forem afetadas. Quando os vasos que fornecem sangue ao cora\u00e7\u00e3o se estreitam, pode ocorrer dor no peito, aperto ou desconforto, a que se d\u00e1 o nome de angina. Se os vasos que fornecem o cora\u00e7\u00e3o ficarem muito estreitos ou totalmente bloqueados com placas, pode ocorrer ataque card\u00edaco (enfarte do mioc\u00e1rdio).<\/p>\n<p>A DCV pode ser prevenida ou tratada com escolhas saud\u00e1veis de <a href=\"https:\/\/www.healthy-heart.org\/pt\/o-seu-coracao\/incentivar-um-estilo-de-vida-saudavel\/\">estilo de vida<\/a>, <a href=\"https:\/\/www.healthy-heart.org\/pt\/viver-com-doenca-cardiaca\/tipos-de-medicacao\/\">medicamentos<\/a> e\/ou cirurgia.<\/p>\n<h3>Frequ\u00eancia<\/h3>\n<p><img loading=\"lazy\" decoding=\"async\" class=\"alignright size-medium wp-image-719\" src=\"https:\/\/cdn-endpoint-prev.azureedge.net\/healthy-heart\/2019\/07\/iStock-457380571-350x350.png\" alt=\"\" width=\"350\" height=\"350\" srcset=\"https:\/\/www.healthy-heart.org\/wp-content\/uploads\/2019\/07\/iStock-457380571-350x350.png 350w, https:\/\/www.healthy-heart.org\/wp-content\/uploads\/2019\/07\/iStock-457380571-200x200.png 200w, https:\/\/www.healthy-heart.org\/wp-content\/uploads\/2019\/07\/iStock-457380571-768x768.png 768w, https:\/\/www.healthy-heart.org\/wp-content\/uploads\/2019\/07\/iStock-457380571-439x439.png 439w, https:\/\/www.healthy-heart.org\/wp-content\/uploads\/2019\/07\/iStock-457380571-464x464.png 464w, https:\/\/cdn-endpoint-prev.azureedge.net\/healthy-heart\/2019\/07\/iStock-457380571.png 800w\" sizes=\"auto, (max-width: 350px) 100vw, 350px\" \/> A DCV \u00e9 a causa de morte mais comum na Europa, sendo respons\u00e1vel por mais de quatro milh\u00f5es de mortes por ano. Isto corresponde a 45% do n\u00famero total de mortes. A DCV causa 49% das mortes em mulheres e 40% das mortes em homens. As doen\u00e7as coron\u00e1rias (DC principalmente o Enfarte do Mioc\u00e1dio) e as doen\u00e7as cerebrovasculares (principalmente acidente vascular cerebral) s\u00e3o as causas mais comuns de morte cardiovascular. A DC provoca 1,8 milh\u00f5es de mortes por ano, correspondendo a uma em cada cinco do n\u00famero total de mortes.<\/p>\n<p>Na Europa existem diferen\u00e7as consider\u00e1veis na ocorr\u00eancia de DCV. Nos \u00faltimos dez anos, a DCV diminuiu rapidamente em quase toda a Europa Ocidental, com uma redu\u00e7\u00e3o de at\u00e9 30 a 50% em alguns pa\u00edses. Hoje em dia, a carga global da DCV \u00e9 maior nos pa\u00edses da Europa Oriental, com maior mortalidade e morbilidade. O gradiente Norte-Sul anterior diminuiu.<\/p>\n<p>O decl\u00ednio da DCV \u00e9 observado tanto em homens como em mulheres. Isto deve-se maioritariamente \u00e0 melhor preven\u00e7\u00e3o da DCV, atrav\u00e9s da redu\u00e7\u00e3o dos <a href=\"https:\/\/www.healthy-heart.org\/pt\/mantenha-o-seu-coracao-saudavel\/previsao-e-gestao-do-risco-de-doenca-cardiaca\/\">fatores de risco cardiovascular<\/a> em pessoas saud\u00e1veis \u200be em doentes com DCV.<\/p>\n<p>No entanto, nem todos os fatores de risco apresentam uma tend\u00eancia ben\u00e9fica. Embora as taxas de <a href=\"https:\/\/www.healthy-heart.org\/pt\/mantenha-o-seu-coracao-saudavel\/tabagismo\/\">tabagismo<\/a> e os n\u00edveis de <a href=\"https:\/\/www.healthy-heart.org\/pt\/mantenha-o-seu-coracao-saudavel\/colesterol\/\">colesterol<\/a> tenham diminu\u00eddo, a <a href=\"https:\/\/www.healthy-heart.org\/pt\/mantenha-o-seu-coracao-saudavel\/manter-um-peso-saudavel\/\">obesidade<\/a> e a <a href=\"https:\/\/www.healthy-heart.org\/pt\/mantenha-o-seu-coracao-saudavel\/diabetes\/\">diabetes<\/a> est\u00e3o a aumentar e podem travar a redu\u00e7\u00e3o da DCV. Os <a href=\"https:\/\/www.healthy-heart.org\/pt\/mantenha-o-seu-coracao-saudavel\/stress-e-sono\/\">stresses<\/a> psicossociais, como depress\u00e3o, ansiedade e esgotamento, s\u00e3o agora reconhecidos como fatores importantes que contribuem para a ocorr\u00eancia e progn\u00f3stico de DCV, e n\u00e3o est\u00e3o em decl\u00ednio.<\/p>\n<blockquote><p>A DCV \u00e9 evit\u00e1vel na maior parte dos casos. A elimina\u00e7\u00e3o dos comportamentos de risco para a sa\u00fade evitaria pelo menos 80% das DCV.<\/p><\/blockquote>\n<p>Por conseguinte, a forma mais importante de combater a DCV \u00e9 atrav\u00e9s da preven\u00e7\u00e3o, o que significa impedir o primeiro epis\u00f3dio e subsequentes. Um em cada cinco doentes com ataque card\u00edaco sofre um segundo ataque card\u00edaco no primeiro ano. Os profissionais de sa\u00fade e os doentes podem trabalhar juntos para prevenir o primeiro e o segundo epis\u00f3dios. Por exemplo, muitos doentes v\u00edtimas de ataque card\u00edaco sofrem de diabetes n\u00e3o diagnosticada que, se diagnosticada e tratada a tempo, pode evitar o ataque card\u00edaco.<\/p>\n<p>Descubra as medidas pode tomar para <a href=\"https:\/\/www.healthy-heart.org\/keep-your-heart-healthy\/keeping-healthy-habits\/\">prevenir a DCV<\/a> e o que pode conseguir em conjunto com os seus m\u00e9dicos e enfermeiros.<\/p>\n","protected":false},"excerpt":{"rendered":"<p>As DCV s\u00e3o doen\u00e7as que envolvem o cora\u00e7\u00e3o e os vasos sangu\u00edneos. Incluem doen\u00e7as ateroscler\u00f3ticas, em que os vasos sangu\u00edneos s\u00e3o progressivamente obstru\u00eddos por dep\u00f3sitos de gordura chamados placas. Existem diferentes tipos de doen\u00e7as ateroscler\u00f3ticas em que os vasos sangu\u00edneos s\u00e3o obstru\u00eddos. A doen\u00e7a card\u00edaca coron\u00e1ria, como o enfarte agudo do mioc\u00e1rio (tamb\u00e9m chamado ataque [&hellip;]<\/p>\n","protected":false},"author":1,"featured_media":2263,"parent":2314,"menu_order":2,"comment_status":"closed","ping_status":"closed","template":"","meta":{"_acf_changed":false,"footnotes":""},"categories":[75],"tags":[],"class_list":["post-2255","page","type-page","status-publish","has-post-thumbnail","hentry","category-o-seu-coracao"],"acf":[],"yoast_head":"<!-- This site is optimized with the Yoast SEO plugin v24.0 - https:\/\/yoast.com\/wordpress\/plugins\/seo\/ -->\n<title>Doen\u00e7a card\u00edaca - Healthy-Heart.org<\/title>\n<meta name=\"description\" content=\"As doen\u00e7as card\u00edacas s\u00e3o doen\u00e7as do cora\u00e7\u00e3o e dos vasos sangu\u00edneos, como por exemplo, doen\u00e7as ateroscler\u00f3ticas, ataque card\u00edaco, acidente vascular cerebral, doen\u00e7as valvulares e doen\u00e7as do m\u00fasculo card\u00edaco.\" \/>\n<meta name=\"robots\" content=\"index, follow, max-snippet:-1, max-image-preview:large, max-video-preview:-1\" \/>\n<link rel=\"canonical\" href=\"https:\/\/www.healthy-heart.org\/pt\/o-seu-coracao\/o-que-e-a-doenca-cardiaca\/\" \/>\n<meta property=\"og:locale\" content=\"pt_PT\" \/>\n<meta property=\"og:type\" content=\"article\" \/>\n<meta property=\"og:title\" content=\"Doen\u00e7a card\u00edaca - Healthy-Heart.org\" \/>\n<meta property=\"og:description\" content=\"As doen\u00e7as card\u00edacas s\u00e3o doen\u00e7as do cora\u00e7\u00e3o e dos vasos sangu\u00edneos, como por exemplo, doen\u00e7as ateroscler\u00f3ticas, ataque card\u00edaco, acidente vascular cerebral, doen\u00e7as valvulares e doen\u00e7as do m\u00fasculo card\u00edaco.\" \/>\n<meta property=\"og:url\" content=\"https:\/\/www.healthy-heart.org\/pt\/o-seu-coracao\/o-que-e-a-doenca-cardiaca\/\" \/>\n<meta property=\"og:site_name\" content=\"Healthy-Heart.org\" \/>\n<meta property=\"article:modified_time\" content=\"2020-09-25T13:00:50+00:00\" \/>\n<meta property=\"og:image\" content=\"https:\/\/www.healthy-heart.org\/wp-content\/uploads\/2019\/08\/what-is-cardiovascular-disease.jpg\" \/>\n\t<meta property=\"og:image:width\" content=\"518\" \/>\n\t<meta property=\"og:image:height\" content=\"345\" \/>\n\t<meta property=\"og:image:type\" content=\"image\/jpeg\" \/>\n<meta name=\"twitter:card\" content=\"summary_large_image\" \/>\n<meta name=\"twitter:label1\" content=\"Tempo estimado de leitura\" \/>\n\t<meta name=\"twitter:data1\" content=\"4 minutos\" \/>\n<script type=\"application\/ld+json\" class=\"yoast-schema-graph\">{\"@context\":\"https:\/\/schema.org\",\"@graph\":[{\"@type\":\"WebPage\",\"@id\":\"https:\/\/www.healthy-heart.org\/pt\/o-seu-coracao\/o-que-e-a-doenca-cardiaca\/\",\"url\":\"https:\/\/www.healthy-heart.org\/pt\/o-seu-coracao\/o-que-e-a-doenca-cardiaca\/\",\"name\":\"Doen\u00e7a card\u00edaca - Healthy-Heart.org\",\"isPartOf\":{\"@id\":\"https:\/\/www.healthy-heart.org\/es\/#website\"},\"primaryImageOfPage\":{\"@id\":\"https:\/\/www.healthy-heart.org\/pt\/o-seu-coracao\/o-que-e-a-doenca-cardiaca\/#primaryimage\"},\"image\":{\"@id\":\"https:\/\/www.healthy-heart.org\/pt\/o-seu-coracao\/o-que-e-a-doenca-cardiaca\/#primaryimage\"},\"thumbnailUrl\":\"https:\/\/www.healthy-heart.org\/wp-content\/uploads\/2019\/08\/what-is-cardiovascular-disease.jpg\",\"datePublished\":\"2019-10-08T10:33:14+00:00\",\"dateModified\":\"2020-09-25T13:00:50+00:00\",\"description\":\"As doen\u00e7as card\u00edacas s\u00e3o doen\u00e7as do cora\u00e7\u00e3o e dos vasos sangu\u00edneos, como por exemplo, doen\u00e7as ateroscler\u00f3ticas, ataque card\u00edaco, acidente vascular cerebral, doen\u00e7as valvulares e doen\u00e7as do m\u00fasculo card\u00edaco.\",\"breadcrumb\":{\"@id\":\"https:\/\/www.healthy-heart.org\/pt\/o-seu-coracao\/o-que-e-a-doenca-cardiaca\/#breadcrumb\"},\"inLanguage\":\"pt-PT\",\"potentialAction\":[{\"@type\":\"ReadAction\",\"target\":[\"https:\/\/www.healthy-heart.org\/pt\/o-seu-coracao\/o-que-e-a-doenca-cardiaca\/\"]}]},{\"@type\":\"ImageObject\",\"inLanguage\":\"pt-PT\",\"@id\":\"https:\/\/www.healthy-heart.org\/pt\/o-seu-coracao\/o-que-e-a-doenca-cardiaca\/#primaryimage\",\"url\":\"https:\/\/www.healthy-heart.org\/wp-content\/uploads\/2019\/08\/what-is-cardiovascular-disease.jpg\",\"contentUrl\":\"https:\/\/www.healthy-heart.org\/wp-content\/uploads\/2019\/08\/what-is-cardiovascular-disease.jpg\",\"width\":518,\"height\":345},{\"@type\":\"BreadcrumbList\",\"@id\":\"https:\/\/www.healthy-heart.org\/pt\/o-seu-coracao\/o-que-e-a-doenca-cardiaca\/#breadcrumb\",\"itemListElement\":[{\"@type\":\"ListItem\",\"position\":1,\"name\":\"Home\",\"item\":\"https:\/\/www.healthy-heart.org\/pt\/\"},{\"@type\":\"ListItem\",\"position\":2,\"name\":\"O seu cora\u00e7\u00e3o\",\"item\":\"https:\/\/www.healthy-heart.org\/pt\/o-seu-coracao\/\"},{\"@type\":\"ListItem\",\"position\":3,\"name\":\"O que \u00e9 a doen\u00e7a card\u00edaca?\"}]},{\"@type\":\"WebSite\",\"@id\":\"https:\/\/www.healthy-heart.org\/es\/#website\",\"url\":\"https:\/\/www.healthy-heart.org\/es\/\",\"name\":\"Healthy-Heart.org\",\"description\":\"Practical advice for patients and family care givers on the prevention of cardiovascular disease\",\"potentialAction\":[{\"@type\":\"SearchAction\",\"target\":{\"@type\":\"EntryPoint\",\"urlTemplate\":\"https:\/\/www.healthy-heart.org\/es\/?s={search_term_string}\"},\"query-input\":{\"@type\":\"PropertyValueSpecification\",\"valueRequired\":true,\"valueName\":\"search_term_string\"}}],\"inLanguage\":\"pt-PT\"}]}<\/script>\n<!-- \/ Yoast SEO plugin. -->","yoast_head_json":{"title":"Doen\u00e7a card\u00edaca - Healthy-Heart.org","description":"As doen\u00e7as card\u00edacas s\u00e3o doen\u00e7as do cora\u00e7\u00e3o e dos vasos sangu\u00edneos, como por exemplo, doen\u00e7as ateroscler\u00f3ticas, ataque card\u00edaco, acidente vascular cerebral, doen\u00e7as valvulares e doen\u00e7as do m\u00fasculo card\u00edaco.","robots":{"index":"index","follow":"follow","max-snippet":"max-snippet:-1","max-image-preview":"max-image-preview:large","max-video-preview":"max-video-preview:-1"},"canonical":"https:\/\/www.healthy-heart.org\/pt\/o-seu-coracao\/o-que-e-a-doenca-cardiaca\/","og_locale":"pt_PT","og_type":"article","og_title":"Doen\u00e7a card\u00edaca - Healthy-Heart.org","og_description":"As doen\u00e7as card\u00edacas s\u00e3o doen\u00e7as do cora\u00e7\u00e3o e dos vasos sangu\u00edneos, como por exemplo, doen\u00e7as ateroscler\u00f3ticas, ataque card\u00edaco, acidente vascular cerebral, doen\u00e7as valvulares e doen\u00e7as do m\u00fasculo card\u00edaco.","og_url":"https:\/\/www.healthy-heart.org\/pt\/o-seu-coracao\/o-que-e-a-doenca-cardiaca\/","og_site_name":"Healthy-Heart.org","article_modified_time":"2020-09-25T13:00:50+00:00","og_image":[{"width":518,"height":345,"url":"https:\/\/www.healthy-heart.org\/wp-content\/uploads\/2019\/08\/what-is-cardiovascular-disease.jpg","type":"image\/jpeg"}],"twitter_card":"summary_large_image","twitter_misc":{"Tempo estimado de leitura":"4 minutos"},"schema":{"@context":"https:\/\/schema.org","@graph":[{"@type":"WebPage","@id":"https:\/\/www.healthy-heart.org\/pt\/o-seu-coracao\/o-que-e-a-doenca-cardiaca\/","url":"https:\/\/www.healthy-heart.org\/pt\/o-seu-coracao\/o-que-e-a-doenca-cardiaca\/","name":"Doen\u00e7a card\u00edaca - Healthy-Heart.org","isPartOf":{"@id":"https:\/\/www.healthy-heart.org\/es\/#website"},"primaryImageOfPage":{"@id":"https:\/\/www.healthy-heart.org\/pt\/o-seu-coracao\/o-que-e-a-doenca-cardiaca\/#primaryimage"},"image":{"@id":"https:\/\/www.healthy-heart.org\/pt\/o-seu-coracao\/o-que-e-a-doenca-cardiaca\/#primaryimage"},"thumbnailUrl":"https:\/\/www.healthy-heart.org\/wp-content\/uploads\/2019\/08\/what-is-cardiovascular-disease.jpg","datePublished":"2019-10-08T10:33:14+00:00","dateModified":"2020-09-25T13:00:50+00:00","description":"As doen\u00e7as card\u00edacas s\u00e3o doen\u00e7as do cora\u00e7\u00e3o e dos vasos sangu\u00edneos, como por exemplo, doen\u00e7as ateroscler\u00f3ticas, ataque card\u00edaco, acidente vascular cerebral, doen\u00e7as valvulares e doen\u00e7as do m\u00fasculo card\u00edaco.","breadcrumb":{"@id":"https:\/\/www.healthy-heart.org\/pt\/o-seu-coracao\/o-que-e-a-doenca-cardiaca\/#breadcrumb"},"inLanguage":"pt-PT","potentialAction":[{"@type":"ReadAction","target":["https:\/\/www.healthy-heart.org\/pt\/o-seu-coracao\/o-que-e-a-doenca-cardiaca\/"]}]},{"@type":"ImageObject","inLanguage":"pt-PT","@id":"https:\/\/www.healthy-heart.org\/pt\/o-seu-coracao\/o-que-e-a-doenca-cardiaca\/#primaryimage","url":"https:\/\/www.healthy-heart.org\/wp-content\/uploads\/2019\/08\/what-is-cardiovascular-disease.jpg","contentUrl":"https:\/\/www.healthy-heart.org\/wp-content\/uploads\/2019\/08\/what-is-cardiovascular-disease.jpg","width":518,"height":345},{"@type":"BreadcrumbList","@id":"https:\/\/www.healthy-heart.org\/pt\/o-seu-coracao\/o-que-e-a-doenca-cardiaca\/#breadcrumb","itemListElement":[{"@type":"ListItem","position":1,"name":"Home","item":"https:\/\/www.healthy-heart.org\/pt\/"},{"@type":"ListItem","position":2,"name":"O seu cora\u00e7\u00e3o","item":"https:\/\/www.healthy-heart.org\/pt\/o-seu-coracao\/"},{"@type":"ListItem","position":3,"name":"O que \u00e9 a doen\u00e7a card\u00edaca?"}]},{"@type":"WebSite","@id":"https:\/\/www.healthy-heart.org\/es\/#website","url":"https:\/\/www.healthy-heart.org\/es\/","name":"Healthy-Heart.org","description":"Practical advice for patients and family care givers on the prevention of cardiovascular disease","potentialAction":[{"@type":"SearchAction","target":{"@type":"EntryPoint","urlTemplate":"https:\/\/www.healthy-heart.org\/es\/?s={search_term_string}"},"query-input":{"@type":"PropertyValueSpecification","valueRequired":true,"valueName":"search_term_string"}}],"inLanguage":"pt-PT"}]}},"_links":{"self":[{"href":"https:\/\/www.healthy-heart.org\/pt\/wp-json\/wp\/v2\/pages\/2255","targetHints":{"allow":["GET"]}}],"collection":[{"href":"https:\/\/www.healthy-heart.org\/pt\/wp-json\/wp\/v2\/pages"}],"about":[{"href":"https:\/\/www.healthy-heart.org\/pt\/wp-json\/wp\/v2\/types\/page"}],"author":[{"embeddable":true,"href":"https:\/\/www.healthy-heart.org\/pt\/wp-json\/wp\/v2\/users\/1"}],"replies":[{"embeddable":true,"href":"https:\/\/www.healthy-heart.org\/pt\/wp-json\/wp\/v2\/comments?post=2255"}],"version-history":[{"count":3,"href":"https:\/\/www.healthy-heart.org\/pt\/wp-json\/wp\/v2\/pages\/2255\/revisions"}],"predecessor-version":[{"id":4732,"href":"https:\/\/www.healthy-heart.org\/pt\/wp-json\/wp\/v2\/pages\/2255\/revisions\/4732"}],"up":[{"embeddable":true,"href":"https:\/\/www.healthy-heart.org\/pt\/wp-json\/wp\/v2\/pages\/2314"}],"wp:featuredmedia":[{"embeddable":true,"href":"https:\/\/www.healthy-heart.org\/pt\/wp-json\/wp\/v2\/media\/2263"}],"wp:attachment":[{"href":"https:\/\/www.healthy-heart.org\/pt\/wp-json\/wp\/v2\/media?parent=2255"}],"wp:term":[{"taxonomy":"category","embeddable":true,"href":"https:\/\/www.healthy-heart.org\/pt\/wp-json\/wp\/v2\/categories?post=2255"},{"taxonomy":"post_tag","embeddable":true,"href":"https:\/\/www.healthy-heart.org\/pt\/wp-json\/wp\/v2\/tags?post=2255"}],"curies":[{"name":"wp","href":"https:\/\/api.w.org\/{rel}","templated":true}]}}