{"id":2250,"date":"2019-10-08T11:33:13","date_gmt":"2019-10-08T10:33:13","guid":{"rendered":"https:\/\/www.healthy-heart.org\/mantenha-o-seu-coracao-saudavel\/previsao-e-gestao-do-risco-de-doenca-cardiaca\/"},"modified":"2024-12-10T12:36:23","modified_gmt":"2024-12-10T12:36:23","slug":"previsao-e-gestao-do-risco-de-doenca-cardiaca","status":"publish","type":"page","link":"https:\/\/www.healthy-heart.org\/pt\/mantenha-o-seu-coracao-saudavel\/previsao-e-gestao-do-risco-de-doenca-cardiaca\/","title":{"rendered":"Previs\u00e3o e gest\u00e3o do risco de doen\u00e7a card\u00edaca"},"content":{"rendered":"<p><a href=\"\/wp-content\/uploads\/2019\/07\/score-charts.pdf\" target=\"blank\" rel=\"noopener noreferrer\"><img loading=\"lazy\" decoding=\"async\" class=\"size-medium wp-image-663 alignright\" src=\"https:\/\/cdn-endpoint-prev.azureedge.net\/healthy-heart\/2019\/07\/EAPC-Scores-Poster-2018-high-1-235x350.jpg\" alt=\"\" width=\"235\" height=\"350\" srcset=\"https:\/\/www.healthy-heart.org\/wp-content\/uploads\/2019\/07\/EAPC-Scores-Poster-2018-high-1-235x350.jpg 235w, https:\/\/cdn-endpoint-prev.azureedge.net\/healthy-heart\/2019\/07\/EAPC-Scores-Poster-2018-high-1-768x1145.jpg 768w, https:\/\/www.healthy-heart.org\/wp-content\/uploads\/2019\/07\/EAPC-Scores-Poster-2018-high-1-134x200.jpg 134w, https:\/\/www.healthy-heart.org\/wp-content\/uploads\/2019\/07\/EAPC-Scores-Poster-2018-high-1-687x1024.jpg 687w, https:\/\/www.healthy-heart.org\/wp-content\/uploads\/2019\/07\/EAPC-Scores-Poster-2018-high-1-1031x1536.jpg 1031w, https:\/\/www.healthy-heart.org\/wp-content\/uploads\/2019\/07\/EAPC-Scores-Poster-2018-high-1-1374x2048.jpg 1374w, https:\/\/www.healthy-heart.org\/wp-content\/uploads\/2019\/07\/EAPC-Scores-Poster-2018-high-1-295x439.jpg 295w, https:\/\/www.healthy-heart.org\/wp-content\/uploads\/2019\/07\/EAPC-Scores-Poster-2018-high-1-311x464.jpg 311w, https:\/\/cdn-endpoint-prev.azureedge.net\/healthy-heart\/2019\/07\/EAPC-Scores-Poster-2018-high-1-scaled.jpg 1718w\" sizes=\"auto, (max-width: 235px) 100vw, 235px\" \/><\/a><a href=\"\/wp-content\/uploads\/2019\/07\/score-charts.pdf\" target=\"blank\" rel=\"noopener noreferrer\"><img loading=\"lazy\" decoding=\"async\" class=\"alignright wp-image-672 size-medium\" src=\"https:\/\/cdn-endpoint-prev.azureedge.net\/healthy-heart\/2019\/07\/EAPC-Scores-Poster-2018-low-1-235x350.jpg\" alt=\"\" width=\"235\" height=\"350\" srcset=\"https:\/\/www.healthy-heart.org\/wp-content\/uploads\/2019\/07\/EAPC-Scores-Poster-2018-low-1-235x350.jpg 235w, https:\/\/cdn-endpoint-prev.azureedge.net\/healthy-heart\/2019\/07\/EAPC-Scores-Poster-2018-low-1-768x1145.jpg 768w, https:\/\/www.healthy-heart.org\/wp-content\/uploads\/2019\/07\/EAPC-Scores-Poster-2018-low-1-134x200.jpg 134w, https:\/\/www.healthy-heart.org\/wp-content\/uploads\/2019\/07\/EAPC-Scores-Poster-2018-low-1-687x1024.jpg 687w, https:\/\/www.healthy-heart.org\/wp-content\/uploads\/2019\/07\/EAPC-Scores-Poster-2018-low-1-1031x1536.jpg 1031w, https:\/\/www.healthy-heart.org\/wp-content\/uploads\/2019\/07\/EAPC-Scores-Poster-2018-low-1-1374x2048.jpg 1374w, https:\/\/www.healthy-heart.org\/wp-content\/uploads\/2019\/07\/EAPC-Scores-Poster-2018-low-1-295x439.jpg 295w, https:\/\/www.healthy-heart.org\/wp-content\/uploads\/2019\/07\/EAPC-Scores-Poster-2018-low-1-311x464.jpg 311w, https:\/\/cdn-endpoint-prev.azureedge.net\/healthy-heart\/2019\/07\/EAPC-Scores-Poster-2018-low-1-scaled.jpg 1718w\" sizes=\"auto, (max-width: 235px) 100vw, 235px\" \/><\/a><\/p>\n<p>Isto tamb\u00e9m ajuda o seu profissional de sa\u00fade a compreender quanto ir\u00e1 beneficiar com a preven\u00e7\u00e3o, como a descida da press\u00e3o arterial, a redu\u00e7\u00e3o do colesterol ou parar de fumar. H\u00e1 muitos m\u00e9todos ou ferramentas dispon\u00edveis que podem ser usados para prever esse risco. Na Europa, recomenda-se que os profissionais de sa\u00fade utilizem o algoritmo SCORE2 (Systemic Coronary Risk Estimation 2). Para estimar isto, a ferramenta utiliza os fatores de risco do paciente, como a idade, sexo, <a href=\"https:\/\/www.healthy-heart.org\/keep-your-heart-healthy\/blood-pressure\/\">press\u00e3o arterial<\/a>, <a href=\"https:\/\/www.healthy-heart.org\/keep-your-heart-healthy\/cholesterol\/\">colesterol<\/a> (n\u00edvel de gorduras no sangue) e h\u00e1bitos <a href=\"https:\/\/www.healthy-heart.org\/keep-your-heart-healthy\/smoking\/\">tabagistas<\/a>. Ao abordar esses fatores de risco, pode reduzir o seu risco de doen\u00e7as cardiovasculares.<\/p>\n<p>O SCORE2 mostra como esses fatores de risco trabalham em conjunto para produzir o risco cardiovascular (expresso como uma percentagem) e destaca quais os fatores de risco que podem ser geridos de forma a reduzir o risco. Os c\u00e1lculos podem ser feitos utilizando os gr\u00e1ficos de risco SCORE2 ou atrav\u00e9s da ferramenta on-line Heartscore interativa. O SCORE2 foi concebido para ser utilizado com pessoas \u201csaud\u00e1veis&#8221;, o que significa que os gr\u00e1ficos n\u00e3o s\u00e3o recomendados para utiliza\u00e7\u00e3o com doentes que j\u00e1 sofreram doen\u00e7a card\u00edaca, tiveram um AVC ou diabetes no passado. Para esses indiv\u00edduos, existem outras ferramentas que podem ajudar os profissionais de sa\u00fade a estimar os riscos de doen\u00e7a cardiovascular.<\/p>\n<p>O grau de risco utiliza tr\u00eas categorias: risco baixo, risco moderado ou risco alto. A categoria \u00e9 determinada pelo seu grau de risco, em conjunto com a sua idade. O seu m\u00e9dico tomar\u00e1 decis\u00f5es de tratamento sobretudo baseadas na categoria de risco. \u00c9 importante discutir com o seu m\u00e9dico sobre o que isto significa e o que pode fazer para reduzir o risco.<\/p>\n<p>Consulte os conselhos recomendados para um <a href=\"https:\/\/www.healthy-heart.org\/keep-your-heart-healthy\/take-control-of-your-lifestyle\/\">estilo de vida saud\u00e1vel<\/a> e veja como reduzir o risco. Recomendamos que pe\u00e7a ao seu m\u00e9dico ou profissional de sa\u00fade uma avalia\u00e7\u00e3o pessoal com o SCORE2 ou a ferramenta Heartscore.<\/p>\n","protected":false},"excerpt":{"rendered":"<p>Isto tamb\u00e9m ajuda o seu profissional de sa\u00fade a compreender quanto ir\u00e1 beneficiar com a preven\u00e7\u00e3o, como a descida da press\u00e3o arterial, a redu\u00e7\u00e3o do colesterol ou parar de fumar. H\u00e1 muitos m\u00e9todos ou ferramentas dispon\u00edveis que podem ser usados para prever esse risco. Na Europa, recomenda-se que os profissionais de sa\u00fade utilizem o algoritmo [&hellip;]<\/p>\n","protected":false},"author":1,"featured_media":2267,"parent":2237,"menu_order":11,"comment_status":"closed","ping_status":"closed","template":"","meta":{"_acf_changed":false,"footnotes":""},"categories":[73],"tags":[],"class_list":["post-2250","page","type-page","status-publish","has-post-thumbnail","hentry","category-mantenha-o-seu-coracao-saudavel"],"acf":[],"yoast_head":"<!-- This site is optimized with the Yoast SEO plugin v24.0 - https:\/\/yoast.com\/wordpress\/plugins\/seo\/ -->\n<title>Previs\u00e3o e gest\u00e3o do risco de doen\u00e7a card\u00edaca - Healthy-Heart.org<\/title>\n<meta name=\"description\" content=\"O SCORE ou Systemic Coronary Risk Estimation calcula os fatores para avaliar o risco de morte por ataque card\u00edaco, insufici\u00eancia card\u00edaca ou acidente vascular cerebral.\" \/>\n<meta name=\"robots\" content=\"index, follow, max-snippet:-1, max-image-preview:large, max-video-preview:-1\" \/>\n<link rel=\"canonical\" href=\"https:\/\/www.healthy-heart.org\/pt\/mantenha-o-seu-coracao-saudavel\/previsao-e-gestao-do-risco-de-doenca-cardiaca\/\" \/>\n<meta property=\"og:locale\" content=\"pt_PT\" \/>\n<meta property=\"og:type\" content=\"article\" \/>\n<meta property=\"og:title\" content=\"Previs\u00e3o e gest\u00e3o do risco de doen\u00e7a card\u00edaca - Healthy-Heart.org\" \/>\n<meta property=\"og:description\" content=\"O SCORE ou Systemic Coronary Risk Estimation calcula os fatores para avaliar o risco de morte por ataque card\u00edaco, insufici\u00eancia card\u00edaca ou acidente vascular cerebral.\" \/>\n<meta property=\"og:url\" content=\"https:\/\/www.healthy-heart.org\/pt\/mantenha-o-seu-coracao-saudavel\/previsao-e-gestao-do-risco-de-doenca-cardiaca\/\" \/>\n<meta property=\"og:site_name\" content=\"Healthy-Heart.org\" \/>\n<meta property=\"article:modified_time\" content=\"2024-12-10T12:36:23+00:00\" \/>\n<meta property=\"og:image\" content=\"https:\/\/www.healthy-heart.org\/wp-content\/uploads\/2019\/08\/cardiovascular-risk.jpg\" \/>\n\t<meta property=\"og:image:width\" content=\"617\" \/>\n\t<meta property=\"og:image:height\" content=\"457\" \/>\n\t<meta property=\"og:image:type\" content=\"image\/jpeg\" \/>\n<meta name=\"twitter:card\" content=\"summary_large_image\" \/>\n<meta name=\"twitter:label1\" content=\"Tempo estimado de leitura\" \/>\n\t<meta name=\"twitter:data1\" content=\"2 minutos\" \/>\n<script type=\"application\/ld+json\" class=\"yoast-schema-graph\">{\"@context\":\"https:\/\/schema.org\",\"@graph\":[{\"@type\":\"WebPage\",\"@id\":\"https:\/\/www.healthy-heart.org\/pt\/mantenha-o-seu-coracao-saudavel\/previsao-e-gestao-do-risco-de-doenca-cardiaca\/\",\"url\":\"https:\/\/www.healthy-heart.org\/pt\/mantenha-o-seu-coracao-saudavel\/previsao-e-gestao-do-risco-de-doenca-cardiaca\/\",\"name\":\"Previs\u00e3o e gest\u00e3o do risco de doen\u00e7a card\u00edaca - Healthy-Heart.org\",\"isPartOf\":{\"@id\":\"https:\/\/www.healthy-heart.org\/es\/#website\"},\"primaryImageOfPage\":{\"@id\":\"https:\/\/www.healthy-heart.org\/pt\/mantenha-o-seu-coracao-saudavel\/previsao-e-gestao-do-risco-de-doenca-cardiaca\/#primaryimage\"},\"image\":{\"@id\":\"https:\/\/www.healthy-heart.org\/pt\/mantenha-o-seu-coracao-saudavel\/previsao-e-gestao-do-risco-de-doenca-cardiaca\/#primaryimage\"},\"thumbnailUrl\":\"https:\/\/www.healthy-heart.org\/wp-content\/uploads\/2019\/08\/cardiovascular-risk.jpg\",\"datePublished\":\"2019-10-08T10:33:13+00:00\",\"dateModified\":\"2024-12-10T12:36:23+00:00\",\"description\":\"O SCORE ou Systemic Coronary Risk Estimation calcula os fatores para avaliar o risco de morte por ataque card\u00edaco, insufici\u00eancia card\u00edaca ou acidente vascular cerebral.\",\"breadcrumb\":{\"@id\":\"https:\/\/www.healthy-heart.org\/pt\/mantenha-o-seu-coracao-saudavel\/previsao-e-gestao-do-risco-de-doenca-cardiaca\/#breadcrumb\"},\"inLanguage\":\"pt-PT\",\"potentialAction\":[{\"@type\":\"ReadAction\",\"target\":[\"https:\/\/www.healthy-heart.org\/pt\/mantenha-o-seu-coracao-saudavel\/previsao-e-gestao-do-risco-de-doenca-cardiaca\/\"]}]},{\"@type\":\"ImageObject\",\"inLanguage\":\"pt-PT\",\"@id\":\"https:\/\/www.healthy-heart.org\/pt\/mantenha-o-seu-coracao-saudavel\/previsao-e-gestao-do-risco-de-doenca-cardiaca\/#primaryimage\",\"url\":\"https:\/\/www.healthy-heart.org\/wp-content\/uploads\/2019\/08\/cardiovascular-risk.jpg\",\"contentUrl\":\"https:\/\/www.healthy-heart.org\/wp-content\/uploads\/2019\/08\/cardiovascular-risk.jpg\",\"width\":617,\"height\":457},{\"@type\":\"BreadcrumbList\",\"@id\":\"https:\/\/www.healthy-heart.org\/pt\/mantenha-o-seu-coracao-saudavel\/previsao-e-gestao-do-risco-de-doenca-cardiaca\/#breadcrumb\",\"itemListElement\":[{\"@type\":\"ListItem\",\"position\":1,\"name\":\"Home\",\"item\":\"https:\/\/www.healthy-heart.org\/pt\/\"},{\"@type\":\"ListItem\",\"position\":2,\"name\":\"Mantenha o seu cora\u00e7\u00e3o saud\u00e1vel\",\"item\":\"https:\/\/www.healthy-heart.org\/pt\/mantenha-o-seu-coracao-saudavel\/\"},{\"@type\":\"ListItem\",\"position\":3,\"name\":\"Previs\u00e3o e gest\u00e3o do risco de doen\u00e7a card\u00edaca\"}]},{\"@type\":\"WebSite\",\"@id\":\"https:\/\/www.healthy-heart.org\/es\/#website\",\"url\":\"https:\/\/www.healthy-heart.org\/es\/\",\"name\":\"Healthy-Heart.org\",\"description\":\"Practical advice for patients and family care givers on the prevention of cardiovascular disease\",\"potentialAction\":[{\"@type\":\"SearchAction\",\"target\":{\"@type\":\"EntryPoint\",\"urlTemplate\":\"https:\/\/www.healthy-heart.org\/es\/?s={search_term_string}\"},\"query-input\":{\"@type\":\"PropertyValueSpecification\",\"valueRequired\":true,\"valueName\":\"search_term_string\"}}],\"inLanguage\":\"pt-PT\"}]}<\/script>\n<!-- \/ Yoast SEO plugin. -->","yoast_head_json":{"title":"Previs\u00e3o e gest\u00e3o do risco de doen\u00e7a card\u00edaca - Healthy-Heart.org","description":"O SCORE ou Systemic Coronary Risk Estimation calcula os fatores para avaliar o risco de morte por ataque card\u00edaco, insufici\u00eancia card\u00edaca ou acidente vascular cerebral.","robots":{"index":"index","follow":"follow","max-snippet":"max-snippet:-1","max-image-preview":"max-image-preview:large","max-video-preview":"max-video-preview:-1"},"canonical":"https:\/\/www.healthy-heart.org\/pt\/mantenha-o-seu-coracao-saudavel\/previsao-e-gestao-do-risco-de-doenca-cardiaca\/","og_locale":"pt_PT","og_type":"article","og_title":"Previs\u00e3o e gest\u00e3o do risco de doen\u00e7a card\u00edaca - Healthy-Heart.org","og_description":"O SCORE ou Systemic Coronary Risk Estimation calcula os fatores para avaliar o risco de morte por ataque card\u00edaco, insufici\u00eancia card\u00edaca ou acidente vascular cerebral.","og_url":"https:\/\/www.healthy-heart.org\/pt\/mantenha-o-seu-coracao-saudavel\/previsao-e-gestao-do-risco-de-doenca-cardiaca\/","og_site_name":"Healthy-Heart.org","article_modified_time":"2024-12-10T12:36:23+00:00","og_image":[{"width":617,"height":457,"url":"https:\/\/www.healthy-heart.org\/wp-content\/uploads\/2019\/08\/cardiovascular-risk.jpg","type":"image\/jpeg"}],"twitter_card":"summary_large_image","twitter_misc":{"Tempo estimado de leitura":"2 minutos"},"schema":{"@context":"https:\/\/schema.org","@graph":[{"@type":"WebPage","@id":"https:\/\/www.healthy-heart.org\/pt\/mantenha-o-seu-coracao-saudavel\/previsao-e-gestao-do-risco-de-doenca-cardiaca\/","url":"https:\/\/www.healthy-heart.org\/pt\/mantenha-o-seu-coracao-saudavel\/previsao-e-gestao-do-risco-de-doenca-cardiaca\/","name":"Previs\u00e3o e gest\u00e3o do risco de doen\u00e7a card\u00edaca - Healthy-Heart.org","isPartOf":{"@id":"https:\/\/www.healthy-heart.org\/es\/#website"},"primaryImageOfPage":{"@id":"https:\/\/www.healthy-heart.org\/pt\/mantenha-o-seu-coracao-saudavel\/previsao-e-gestao-do-risco-de-doenca-cardiaca\/#primaryimage"},"image":{"@id":"https:\/\/www.healthy-heart.org\/pt\/mantenha-o-seu-coracao-saudavel\/previsao-e-gestao-do-risco-de-doenca-cardiaca\/#primaryimage"},"thumbnailUrl":"https:\/\/www.healthy-heart.org\/wp-content\/uploads\/2019\/08\/cardiovascular-risk.jpg","datePublished":"2019-10-08T10:33:13+00:00","dateModified":"2024-12-10T12:36:23+00:00","description":"O SCORE ou Systemic Coronary Risk Estimation calcula os fatores para avaliar o risco de morte por ataque card\u00edaco, insufici\u00eancia card\u00edaca ou acidente vascular cerebral.","breadcrumb":{"@id":"https:\/\/www.healthy-heart.org\/pt\/mantenha-o-seu-coracao-saudavel\/previsao-e-gestao-do-risco-de-doenca-cardiaca\/#breadcrumb"},"inLanguage":"pt-PT","potentialAction":[{"@type":"ReadAction","target":["https:\/\/www.healthy-heart.org\/pt\/mantenha-o-seu-coracao-saudavel\/previsao-e-gestao-do-risco-de-doenca-cardiaca\/"]}]},{"@type":"ImageObject","inLanguage":"pt-PT","@id":"https:\/\/www.healthy-heart.org\/pt\/mantenha-o-seu-coracao-saudavel\/previsao-e-gestao-do-risco-de-doenca-cardiaca\/#primaryimage","url":"https:\/\/www.healthy-heart.org\/wp-content\/uploads\/2019\/08\/cardiovascular-risk.jpg","contentUrl":"https:\/\/www.healthy-heart.org\/wp-content\/uploads\/2019\/08\/cardiovascular-risk.jpg","width":617,"height":457},{"@type":"BreadcrumbList","@id":"https:\/\/www.healthy-heart.org\/pt\/mantenha-o-seu-coracao-saudavel\/previsao-e-gestao-do-risco-de-doenca-cardiaca\/#breadcrumb","itemListElement":[{"@type":"ListItem","position":1,"name":"Home","item":"https:\/\/www.healthy-heart.org\/pt\/"},{"@type":"ListItem","position":2,"name":"Mantenha o seu cora\u00e7\u00e3o saud\u00e1vel","item":"https:\/\/www.healthy-heart.org\/pt\/mantenha-o-seu-coracao-saudavel\/"},{"@type":"ListItem","position":3,"name":"Previs\u00e3o e gest\u00e3o do risco de doen\u00e7a card\u00edaca"}]},{"@type":"WebSite","@id":"https:\/\/www.healthy-heart.org\/es\/#website","url":"https:\/\/www.healthy-heart.org\/es\/","name":"Healthy-Heart.org","description":"Practical advice for patients and family care givers on the prevention of cardiovascular disease","potentialAction":[{"@type":"SearchAction","target":{"@type":"EntryPoint","urlTemplate":"https:\/\/www.healthy-heart.org\/es\/?s={search_term_string}"},"query-input":{"@type":"PropertyValueSpecification","valueRequired":true,"valueName":"search_term_string"}}],"inLanguage":"pt-PT"}]}},"_links":{"self":[{"href":"https:\/\/www.healthy-heart.org\/pt\/wp-json\/wp\/v2\/pages\/2250","targetHints":{"allow":["GET"]}}],"collection":[{"href":"https:\/\/www.healthy-heart.org\/pt\/wp-json\/wp\/v2\/pages"}],"about":[{"href":"https:\/\/www.healthy-heart.org\/pt\/wp-json\/wp\/v2\/types\/page"}],"author":[{"embeddable":true,"href":"https:\/\/www.healthy-heart.org\/pt\/wp-json\/wp\/v2\/users\/1"}],"replies":[{"embeddable":true,"href":"https:\/\/www.healthy-heart.org\/pt\/wp-json\/wp\/v2\/comments?post=2250"}],"version-history":[{"count":6,"href":"https:\/\/www.healthy-heart.org\/pt\/wp-json\/wp\/v2\/pages\/2250\/revisions"}],"predecessor-version":[{"id":7484,"href":"https:\/\/www.healthy-heart.org\/pt\/wp-json\/wp\/v2\/pages\/2250\/revisions\/7484"}],"up":[{"embeddable":true,"href":"https:\/\/www.healthy-heart.org\/pt\/wp-json\/wp\/v2\/pages\/2237"}],"wp:featuredmedia":[{"embeddable":true,"href":"https:\/\/www.healthy-heart.org\/pt\/wp-json\/wp\/v2\/media\/2267"}],"wp:attachment":[{"href":"https:\/\/www.healthy-heart.org\/pt\/wp-json\/wp\/v2\/media?parent=2250"}],"wp:term":[{"taxonomy":"category","embeddable":true,"href":"https:\/\/www.healthy-heart.org\/pt\/wp-json\/wp\/v2\/categories?post=2250"},{"taxonomy":"post_tag","embeddable":true,"href":"https:\/\/www.healthy-heart.org\/pt\/wp-json\/wp\/v2\/tags?post=2250"}],"curies":[{"name":"wp","href":"https:\/\/api.w.org\/{rel}","templated":true}]}}