{"id":2248,"date":"2019-10-08T11:33:13","date_gmt":"2019-10-08T10:33:13","guid":{"rendered":"https:\/\/www.healthy-heart.org\/mantenha-o-seu-coracao-saudavel\/pressao-arterial\/"},"modified":"2021-02-02T12:18:06","modified_gmt":"2021-02-02T12:18:06","slug":"pressao-arterial","status":"publish","type":"page","link":"https:\/\/www.healthy-heart.org\/pt\/mantenha-o-seu-coracao-saudavel\/pressao-arterial\/","title":{"rendered":"Press\u00e3o arterial"},"content":{"rendered":"<h3><strong>O que \u00e9 a press\u00e3o arterial?<\/strong><\/h3>\n<p>Quando o cora\u00e7\u00e3o bate, bombeia sangue para o corpo, fornecendo-lhe nutrientes e oxig\u00e9nio. O sangue que circula faz press\u00e3o contra as paredes dos vasos sangu\u00edneos. A for\u00e7a da press\u00e3o tem o nome de press\u00e3o arterial.<\/p>\n<p>Quando a press\u00e3o arterial \u00e9 demasiado elevada, exerce tens\u00e3o nas paredes das art\u00e9rias, tornando-as mais suscet\u00edveis a dep\u00f3sitos de <a href=\"https:\/\/www.healthy-heart.org\/pt\/mantenha-o-seu-coracao-saudavel\/colesterol\/\">colesterol<\/a> e ao desenvolvimento de placas ateroscler\u00f3ticas (tamb\u00e9m chamadas art\u00e9rias endurecidas).<\/p>\n<p>Pode formar-se um co\u00e1gulo sangu\u00edneo no local da placa, que pode bloquear total ou parcialmente o fluxo sangu\u00edneo no interior da art\u00e9ria ou causar a sua rutura. Se um co\u00e1gulo bloquear um vaso sangu\u00edneo que fornece sangue ao c\u00e9rebro, d\u00e1-se um AVC. Se um co\u00e1gulo bloquear um vaso sangu\u00edneo que fornece sangue ao cora\u00e7\u00e3o, d\u00e1-se um ataque card\u00edaco. Os co\u00e1gulos bloqueados na aorta (o vaso principal do corpo) podem causar uma disse\u00e7\u00e3o potencialmente fatal.<\/p>\n<p>A press\u00e3o alta faz o cora\u00e7\u00e3o trabalhar mais. Isso faz com que o m\u00fasculo card\u00edaco engrosse e endure\u00e7a, o que pode levar a insufici\u00eancia card\u00edaca.<\/p>\n<h3><strong>Como medir a press\u00e3o arterial <\/strong><\/h3>\n<p>As pessoas devem saber a respetiva press\u00e3o arterial. Saber os n\u00fameros (press\u00e3o arterial, colesterol, a\u00e7\u00facar no sangue e \u00edndice de massa corporal) \u00e9 fundamental para prevenir <a href=\"https:\/\/www.healthy-heart.org\/pt\/o-seu-coracao\/o-que-e-a-doenca-cardiaca\/\">doen\u00e7as card\u00edacas<\/a>.<\/p>\n<p><img loading=\"lazy\" decoding=\"async\" class=\"wp-image-485 size-medium alignright\" src=\"https:\/\/cdn-endpoint-prev.azureedge.net\/healthy-heart\/2019\/07\/iStock-133546401-350x233.jpg\" alt=\"\" width=\"350\" height=\"233\" srcset=\"https:\/\/www.healthy-heart.org\/wp-content\/uploads\/2019\/07\/iStock-133546401-350x233.jpg 350w, https:\/\/cdn-endpoint-prev.azureedge.net\/healthy-heart\/2019\/07\/iStock-133546401-2048x1365.jpg 2048w, https:\/\/cdn-endpoint-prev.azureedge.net\/healthy-heart\/2019\/07\/iStock-133546401-659x439.jpg 659w, https:\/\/www.healthy-heart.org\/wp-content\/uploads\/2019\/07\/iStock-133546401-200x133.jpg 200w, https:\/\/www.healthy-heart.org\/wp-content\/uploads\/2019\/07\/iStock-133546401-768x512.jpg 768w, https:\/\/www.healthy-heart.org\/wp-content\/uploads\/2019\/07\/iStock-133546401-1024x683.jpg 1024w, https:\/\/www.healthy-heart.org\/wp-content\/uploads\/2019\/07\/iStock-133546401-1536x1024.jpg 1536w, https:\/\/www.healthy-heart.org\/wp-content\/uploads\/2019\/07\/iStock-133546401-696x464.jpg 696w\" sizes=\"auto, (max-width: 350px) 100vw, 350px\" \/><\/p>\n<ol>\n<li>Deve sentar-se confortavelmente numa \u00e1rea silenciosa durante aproximadamente cinco minutos antes de medir a press\u00e3o arterial.<\/li>\n<li>O tamanho correto da bra\u00e7adeira \u00e9 importante: se for muito grande ou muito pequena, pode levar a uma leitura imprecisa.<\/li>\n<li>A bra\u00e7adeira deve ser posicionada ao n\u00edvel do cora\u00e7\u00e3o e o bra\u00e7o deve ser apoiado sobre uma mesa ou apoio de bra\u00e7o.<\/li>\n<li>Na sua primeira consulta ao m\u00e9dico, a press\u00e3o arterial \u00e9 registada como uma m\u00e9dia de, pelo menos, duas medi\u00e7\u00f5es.<\/li>\n<\/ol>\n<p>&nbsp;<\/p>\n<p><img loading=\"lazy\" decoding=\"async\" class=\"size-medium wp-image-505 alignright\" src=\"https:\/\/cdn-endpoint-prev.azureedge.net\/healthy-heart\/2019\/07\/iStock-664238154-350x233.jpg\" alt=\"\" width=\"350\" height=\"233\" srcset=\"https:\/\/www.healthy-heart.org\/wp-content\/uploads\/2019\/07\/iStock-664238154-350x233.jpg 350w, https:\/\/cdn-endpoint-prev.azureedge.net\/healthy-heart\/2019\/07\/iStock-664238154-2048x1365.jpg 2048w, https:\/\/cdn-endpoint-prev.azureedge.net\/healthy-heart\/2019\/07\/iStock-664238154-659x439.jpg 659w, https:\/\/www.healthy-heart.org\/wp-content\/uploads\/2019\/07\/iStock-664238154-200x133.jpg 200w, https:\/\/www.healthy-heart.org\/wp-content\/uploads\/2019\/07\/iStock-664238154-768x512.jpg 768w, https:\/\/www.healthy-heart.org\/wp-content\/uploads\/2019\/07\/iStock-664238154-1024x683.jpg 1024w, https:\/\/www.healthy-heart.org\/wp-content\/uploads\/2019\/07\/iStock-664238154-1536x1024.jpg 1536w, https:\/\/www.healthy-heart.org\/wp-content\/uploads\/2019\/07\/iStock-664238154-696x464.jpg 696w\" sizes=\"auto, (max-width: 350px) 100vw, 350px\" \/>A leitura ser\u00e1 expressa como sist\u00f3lica sobre a press\u00e3o arterial diast\u00f3lica em mil\u00edmetros de merc\u00fario (mmHg). As press\u00f5es refletem as fases de bombeamento (sist\u00f3lica) e de repouso (diast\u00f3lica) de um batimento card\u00edaco.<\/p>\n<p>&nbsp;<\/p>\n<p>Na figura, o n\u00famero superior (120) \u00e9 a press\u00e3o arterial sist\u00f3lica e o n\u00famero inferior (70) \u00e9 a press\u00e3o arterial diast\u00f3lica.<\/p>\n<p>&nbsp;<\/p>\n<h3>Press\u00e3o arterial alta<\/h3>\n<p>A hipertens\u00e3o (HTA) \u00e9 diagnosticada quando a press\u00e3o arterial est\u00e1 consistentemente acima do n\u00edvel associado a um aumento do risco de doen\u00e7a cardiovascular (DCV). A PRESS\u00c3O ARTERIAL \u00e9 feita de press\u00e3o arterial sist\u00f3lica e diast\u00f3lica.<\/p>\n<blockquote><p>A press\u00e3o arterial normal n\u00e3o deve exceder 130 a 140 mmHg sist\u00f3lica e 80 a 90 mmHg diast\u00f3lica, dependendo da idade.<\/p><\/blockquote>\n<p>A press\u00e3o arterial alta \u00e9 um assassino silencioso, porque geralmente n\u00e3o h\u00e1 sintomas. A primeira e crucial etapa \u00e9 Conhecer os seus N\u00fameros! Pe\u00e7a ao seu m\u00e9dico para medir a sua press\u00e3o arterial em diferentes ocasi\u00f5es. Tamb\u00e9m pode pedir ao seu m\u00e9dico ou farmac\u00eautico um dispositivo fi\u00e1vel para medir a press\u00e3o arterial v\u00e1rias vezes, em casa, ou continuamente durante 24 horas.<\/p>\n<p>Assim que souber qual \u00e9 a sua press\u00e3o arterial, pode acordar uma estrat\u00e9gia de gest\u00e3o com o seu m\u00e9dico. Isso depender\u00e1 da sua press\u00e3o arterial e de outros fatores que influenciam o seu risco total de desenvolver DCV. Se a press\u00e3o arterial estiver elevada, o passo inicial \u00e9 melhorar o seu estilo de vida: n\u00e3o <a href=\"https:\/\/www.healthy-heart.org\/pt\/mantenha-o-seu-coracao-saudavel\/tabagismo\/\">fumar<\/a>, ter uma <a href=\"https:\/\/www.healthy-heart.org\/pt\/mantenha-o-seu-coracao-saudavel\/alimentacao-amiga-do-coracao\/\">alimenta\u00e7\u00e3o saud\u00e1vel<\/a> e fazer <a href=\"https:\/\/www.healthy-heart.org\/pt\/mantenha-o-seu-coracao-saudavel\/atividade-fisica\/\">exerc\u00edcio f\u00edsico<\/a> regular. Perder 1 kg de gordura visceral (gordura corporal que \u00e9 armazenada dentro da cavidade abdominal \u00e0 volta de \u00f3rg\u00e3os internos importantes, como o f\u00edgado, p\u00e2ncreas e intestinos) pode diminuir a press\u00e3o arterial em quase 1 mmHg. Se a press\u00e3o arterial permanecer alta mesmo com a mudan\u00e7a comportamental, deve ser considerada uma terap\u00eautica medicamentosa. A escolha da medica\u00e7\u00e3o depender\u00e1 do seu risco individual. \u00c9 importante tomar os comprimidos conforme prescrito para evitar DCV. Lembre-se de que n\u00e3o sente a press\u00e3o arterial alta, mas o risco esta l\u00e1. \u00c9 necess\u00e1rio monitorizar a press\u00e3o arterial, ter um bom estilo de vida e tomar medicamentos para toda a vida.<\/p>\n","protected":false},"excerpt":{"rendered":"<p>O que \u00e9 a press\u00e3o arterial? Quando o cora\u00e7\u00e3o bate, bombeia sangue para o corpo, fornecendo-lhe nutrientes e oxig\u00e9nio. O sangue que circula faz press\u00e3o contra as paredes dos vasos sangu\u00edneos. A for\u00e7a da press\u00e3o tem o nome de press\u00e3o arterial. Quando a press\u00e3o arterial \u00e9 demasiado elevada, exerce tens\u00e3o nas paredes das art\u00e9rias, tornando-as [&hellip;]<\/p>\n","protected":false},"author":1,"featured_media":2252,"parent":2237,"menu_order":1,"comment_status":"closed","ping_status":"closed","template":"","meta":{"_acf_changed":false,"footnotes":""},"categories":[73],"tags":[],"class_list":["post-2248","page","type-page","status-publish","has-post-thumbnail","hentry","category-mantenha-o-seu-coracao-saudavel"],"acf":[],"yoast_head":"<!-- This site is optimized with the Yoast SEO plugin v24.0 - https:\/\/yoast.com\/wordpress\/plugins\/seo\/ -->\n<title>Press\u00e3o arterial - Healthy-Heart.org<\/title>\n<meta name=\"description\" content=\"A press\u00e3o arterial elevada \u00e9 um importante fator de risco para a doen\u00e7a cardiovascular. Saiba como medir a press\u00e3o arterial.\" \/>\n<meta name=\"robots\" content=\"index, follow, max-snippet:-1, max-image-preview:large, max-video-preview:-1\" \/>\n<link rel=\"canonical\" href=\"https:\/\/www.healthy-heart.org\/pt\/mantenha-o-seu-coracao-saudavel\/pressao-arterial\/\" \/>\n<meta property=\"og:locale\" content=\"pt_PT\" \/>\n<meta property=\"og:type\" content=\"article\" \/>\n<meta property=\"og:title\" content=\"Press\u00e3o arterial - Healthy-Heart.org\" \/>\n<meta property=\"og:description\" content=\"A press\u00e3o arterial elevada \u00e9 um importante fator de risco para a doen\u00e7a cardiovascular. Saiba como medir a press\u00e3o arterial.\" \/>\n<meta property=\"og:url\" content=\"https:\/\/www.healthy-heart.org\/pt\/mantenha-o-seu-coracao-saudavel\/pressao-arterial\/\" \/>\n<meta property=\"og:site_name\" content=\"Healthy-Heart.org\" \/>\n<meta property=\"article:modified_time\" content=\"2021-02-02T12:18:06+00:00\" \/>\n<meta property=\"og:image\" content=\"https:\/\/www.healthy-heart.org\/wp-content\/uploads\/2019\/07\/iStock-133546401-1024x683.jpg\" \/>\n\t<meta property=\"og:image:width\" content=\"1024\" \/>\n\t<meta property=\"og:image:height\" content=\"683\" \/>\n\t<meta property=\"og:image:type\" content=\"image\/jpeg\" \/>\n<meta name=\"twitter:card\" content=\"summary_large_image\" \/>\n<meta name=\"twitter:label1\" content=\"Tempo estimado de leitura\" \/>\n\t<meta name=\"twitter:data1\" content=\"4 minutos\" \/>\n<script type=\"application\/ld+json\" class=\"yoast-schema-graph\">{\"@context\":\"https:\/\/schema.org\",\"@graph\":[{\"@type\":\"WebPage\",\"@id\":\"https:\/\/www.healthy-heart.org\/pt\/mantenha-o-seu-coracao-saudavel\/pressao-arterial\/\",\"url\":\"https:\/\/www.healthy-heart.org\/pt\/mantenha-o-seu-coracao-saudavel\/pressao-arterial\/\",\"name\":\"Press\u00e3o arterial - Healthy-Heart.org\",\"isPartOf\":{\"@id\":\"https:\/\/www.healthy-heart.org\/es\/#website\"},\"primaryImageOfPage\":{\"@id\":\"https:\/\/www.healthy-heart.org\/pt\/mantenha-o-seu-coracao-saudavel\/pressao-arterial\/#primaryimage\"},\"image\":{\"@id\":\"https:\/\/www.healthy-heart.org\/pt\/mantenha-o-seu-coracao-saudavel\/pressao-arterial\/#primaryimage\"},\"thumbnailUrl\":\"https:\/\/www.healthy-heart.org\/wp-content\/uploads\/2019\/07\/iStock-133546401.jpg\",\"datePublished\":\"2019-10-08T10:33:13+00:00\",\"dateModified\":\"2021-02-02T12:18:06+00:00\",\"description\":\"A press\u00e3o arterial elevada \u00e9 um importante fator de risco para a doen\u00e7a cardiovascular. Saiba como medir a press\u00e3o arterial.\",\"breadcrumb\":{\"@id\":\"https:\/\/www.healthy-heart.org\/pt\/mantenha-o-seu-coracao-saudavel\/pressao-arterial\/#breadcrumb\"},\"inLanguage\":\"pt-PT\",\"potentialAction\":[{\"@type\":\"ReadAction\",\"target\":[\"https:\/\/www.healthy-heart.org\/pt\/mantenha-o-seu-coracao-saudavel\/pressao-arterial\/\"]}]},{\"@type\":\"ImageObject\",\"inLanguage\":\"pt-PT\",\"@id\":\"https:\/\/www.healthy-heart.org\/pt\/mantenha-o-seu-coracao-saudavel\/pressao-arterial\/#primaryimage\",\"url\":\"https:\/\/www.healthy-heart.org\/wp-content\/uploads\/2019\/07\/iStock-133546401.jpg\",\"contentUrl\":\"https:\/\/www.healthy-heart.org\/wp-content\/uploads\/2019\/07\/iStock-133546401.jpg\",\"width\":6048,\"height\":4032},{\"@type\":\"BreadcrumbList\",\"@id\":\"https:\/\/www.healthy-heart.org\/pt\/mantenha-o-seu-coracao-saudavel\/pressao-arterial\/#breadcrumb\",\"itemListElement\":[{\"@type\":\"ListItem\",\"position\":1,\"name\":\"Home\",\"item\":\"https:\/\/www.healthy-heart.org\/pt\/\"},{\"@type\":\"ListItem\",\"position\":2,\"name\":\"Mantenha o seu cora\u00e7\u00e3o saud\u00e1vel\",\"item\":\"https:\/\/www.healthy-heart.org\/pt\/mantenha-o-seu-coracao-saudavel\/\"},{\"@type\":\"ListItem\",\"position\":3,\"name\":\"Press\u00e3o arterial\"}]},{\"@type\":\"WebSite\",\"@id\":\"https:\/\/www.healthy-heart.org\/es\/#website\",\"url\":\"https:\/\/www.healthy-heart.org\/es\/\",\"name\":\"Healthy-Heart.org\",\"description\":\"Practical advice for patients and family care givers on the prevention of cardiovascular disease\",\"potentialAction\":[{\"@type\":\"SearchAction\",\"target\":{\"@type\":\"EntryPoint\",\"urlTemplate\":\"https:\/\/www.healthy-heart.org\/es\/?s={search_term_string}\"},\"query-input\":{\"@type\":\"PropertyValueSpecification\",\"valueRequired\":true,\"valueName\":\"search_term_string\"}}],\"inLanguage\":\"pt-PT\"}]}<\/script>\n<!-- \/ Yoast SEO plugin. -->","yoast_head_json":{"title":"Press\u00e3o arterial - Healthy-Heart.org","description":"A press\u00e3o arterial elevada \u00e9 um importante fator de risco para a doen\u00e7a cardiovascular. Saiba como medir a press\u00e3o arterial.","robots":{"index":"index","follow":"follow","max-snippet":"max-snippet:-1","max-image-preview":"max-image-preview:large","max-video-preview":"max-video-preview:-1"},"canonical":"https:\/\/www.healthy-heart.org\/pt\/mantenha-o-seu-coracao-saudavel\/pressao-arterial\/","og_locale":"pt_PT","og_type":"article","og_title":"Press\u00e3o arterial - Healthy-Heart.org","og_description":"A press\u00e3o arterial elevada \u00e9 um importante fator de risco para a doen\u00e7a cardiovascular. Saiba como medir a press\u00e3o arterial.","og_url":"https:\/\/www.healthy-heart.org\/pt\/mantenha-o-seu-coracao-saudavel\/pressao-arterial\/","og_site_name":"Healthy-Heart.org","article_modified_time":"2021-02-02T12:18:06+00:00","og_image":[{"width":1024,"height":683,"url":"https:\/\/www.healthy-heart.org\/wp-content\/uploads\/2019\/07\/iStock-133546401-1024x683.jpg","type":"image\/jpeg"}],"twitter_card":"summary_large_image","twitter_misc":{"Tempo estimado de leitura":"4 minutos"},"schema":{"@context":"https:\/\/schema.org","@graph":[{"@type":"WebPage","@id":"https:\/\/www.healthy-heart.org\/pt\/mantenha-o-seu-coracao-saudavel\/pressao-arterial\/","url":"https:\/\/www.healthy-heart.org\/pt\/mantenha-o-seu-coracao-saudavel\/pressao-arterial\/","name":"Press\u00e3o arterial - Healthy-Heart.org","isPartOf":{"@id":"https:\/\/www.healthy-heart.org\/es\/#website"},"primaryImageOfPage":{"@id":"https:\/\/www.healthy-heart.org\/pt\/mantenha-o-seu-coracao-saudavel\/pressao-arterial\/#primaryimage"},"image":{"@id":"https:\/\/www.healthy-heart.org\/pt\/mantenha-o-seu-coracao-saudavel\/pressao-arterial\/#primaryimage"},"thumbnailUrl":"https:\/\/www.healthy-heart.org\/wp-content\/uploads\/2019\/07\/iStock-133546401.jpg","datePublished":"2019-10-08T10:33:13+00:00","dateModified":"2021-02-02T12:18:06+00:00","description":"A press\u00e3o arterial elevada \u00e9 um importante fator de risco para a doen\u00e7a cardiovascular. Saiba como medir a press\u00e3o arterial.","breadcrumb":{"@id":"https:\/\/www.healthy-heart.org\/pt\/mantenha-o-seu-coracao-saudavel\/pressao-arterial\/#breadcrumb"},"inLanguage":"pt-PT","potentialAction":[{"@type":"ReadAction","target":["https:\/\/www.healthy-heart.org\/pt\/mantenha-o-seu-coracao-saudavel\/pressao-arterial\/"]}]},{"@type":"ImageObject","inLanguage":"pt-PT","@id":"https:\/\/www.healthy-heart.org\/pt\/mantenha-o-seu-coracao-saudavel\/pressao-arterial\/#primaryimage","url":"https:\/\/www.healthy-heart.org\/wp-content\/uploads\/2019\/07\/iStock-133546401.jpg","contentUrl":"https:\/\/www.healthy-heart.org\/wp-content\/uploads\/2019\/07\/iStock-133546401.jpg","width":6048,"height":4032},{"@type":"BreadcrumbList","@id":"https:\/\/www.healthy-heart.org\/pt\/mantenha-o-seu-coracao-saudavel\/pressao-arterial\/#breadcrumb","itemListElement":[{"@type":"ListItem","position":1,"name":"Home","item":"https:\/\/www.healthy-heart.org\/pt\/"},{"@type":"ListItem","position":2,"name":"Mantenha o seu cora\u00e7\u00e3o saud\u00e1vel","item":"https:\/\/www.healthy-heart.org\/pt\/mantenha-o-seu-coracao-saudavel\/"},{"@type":"ListItem","position":3,"name":"Press\u00e3o arterial"}]},{"@type":"WebSite","@id":"https:\/\/www.healthy-heart.org\/es\/#website","url":"https:\/\/www.healthy-heart.org\/es\/","name":"Healthy-Heart.org","description":"Practical advice for patients and family care givers on the prevention of cardiovascular disease","potentialAction":[{"@type":"SearchAction","target":{"@type":"EntryPoint","urlTemplate":"https:\/\/www.healthy-heart.org\/es\/?s={search_term_string}"},"query-input":{"@type":"PropertyValueSpecification","valueRequired":true,"valueName":"search_term_string"}}],"inLanguage":"pt-PT"}]}},"_links":{"self":[{"href":"https:\/\/www.healthy-heart.org\/pt\/wp-json\/wp\/v2\/pages\/2248","targetHints":{"allow":["GET"]}}],"collection":[{"href":"https:\/\/www.healthy-heart.org\/pt\/wp-json\/wp\/v2\/pages"}],"about":[{"href":"https:\/\/www.healthy-heart.org\/pt\/wp-json\/wp\/v2\/types\/page"}],"author":[{"embeddable":true,"href":"https:\/\/www.healthy-heart.org\/pt\/wp-json\/wp\/v2\/users\/1"}],"replies":[{"embeddable":true,"href":"https:\/\/www.healthy-heart.org\/pt\/wp-json\/wp\/v2\/comments?post=2248"}],"version-history":[{"count":5,"href":"https:\/\/www.healthy-heart.org\/pt\/wp-json\/wp\/v2\/pages\/2248\/revisions"}],"predecessor-version":[{"id":5063,"href":"https:\/\/www.healthy-heart.org\/pt\/wp-json\/wp\/v2\/pages\/2248\/revisions\/5063"}],"up":[{"embeddable":true,"href":"https:\/\/www.healthy-heart.org\/pt\/wp-json\/wp\/v2\/pages\/2237"}],"wp:featuredmedia":[{"embeddable":true,"href":"https:\/\/www.healthy-heart.org\/pt\/wp-json\/wp\/v2\/media\/2252"}],"wp:attachment":[{"href":"https:\/\/www.healthy-heart.org\/pt\/wp-json\/wp\/v2\/media?parent=2248"}],"wp:term":[{"taxonomy":"category","embeddable":true,"href":"https:\/\/www.healthy-heart.org\/pt\/wp-json\/wp\/v2\/categories?post=2248"},{"taxonomy":"post_tag","embeddable":true,"href":"https:\/\/www.healthy-heart.org\/pt\/wp-json\/wp\/v2\/tags?post=2248"}],"curies":[{"name":"wp","href":"https:\/\/api.w.org\/{rel}","templated":true}]}}