{"id":2241,"date":"2019-10-08T11:33:11","date_gmt":"2019-10-08T10:33:11","guid":{"rendered":"https:\/\/www.healthy-heart.org\/politica-de-privacidade\/"},"modified":"2022-01-18T11:08:19","modified_gmt":"2022-01-18T11:08:19","slug":"politica-de-privacidade","status":"publish","type":"page","link":"https:\/\/www.healthy-heart.org\/pt\/politica-de-privacidade\/","title":{"rendered":"Pol\u00edtica de Privacidade"},"content":{"rendered":"<p>Leia a pol\u00edtica seguinte para compreender como ser\u00e3o tratadas estas informa\u00e7\u00f5es. Esta pol\u00edtica poder\u00e1 sofrer altera\u00e7\u00f5es de tempos a tempos, pelo que dever\u00e1 consult\u00e1-la periodicamente.<\/p>\n<h3>Que informa\u00e7\u00f5es s\u00e3o recolhidas pela SEC?<\/h3>\n<p>A SEC recolhe as seguintes informa\u00e7\u00f5es relativas aos visitantes do nosso site: as p\u00e1ginas que s\u00e3o visitadas e quando, bem como informa\u00e7\u00f5es disponibilizadas pelo utilizador (como, por exemplo, informa\u00e7\u00f5es recolhidas atrav\u00e9s de inqu\u00e9ritos).<\/p>\n<h3>Que uso faz a SEC dessas informa\u00e7\u00f5es?<\/h3>\n<p>Utilizamos as informa\u00e7\u00f5es recolhidas para compreendermos melhor de que forma \u00e9 utilizado o nosso site e para proceder a melhorias no mesmo em conformidade.<\/p>\n<p>A SEC poder\u00e1 ocasionalmente disponibilizar a terceiros informa\u00e7\u00f5es an\u00f3nimas (tais como resultados de inqu\u00e9ritos).<\/p>\n<p>Que medidas de seguran\u00e7a est\u00e3o implementadas para proteger a perda, utiliza\u00e7\u00e3o indevida ou altera\u00e7\u00e3o das informa\u00e7\u00f5es? Infelizmente, nenhuma transmiss\u00e3o de dados realizada na Internet \u00e9 100% segura. A SEC n\u00e3o pode assegurar ou garantir a seguran\u00e7a de quaisquer informa\u00e7\u00f5es que nos sejam transmitidas pelo utilizador, que o far\u00e1 por sua conta e risco. Assim que recebermos a sua transmiss\u00e3o, envidaremos todos os esfor\u00e7os para garantirmos a sua seguran\u00e7a nos nossos sistemas.<\/p>\n<h3>Uso de cookies<\/h3>\n<p>Os cookies s\u00e3o informa\u00e7\u00f5es que um determinado site transfere para o disco r\u00edgido do computador do utilizador para efeitos de manuten\u00e7\u00e3o de registos. S\u00e3o pequenos ficheiros de texto que um determinado site pode utilizar para reconhecer utilizadores recorrentes e facilitar o respetivo acesso e utiliza\u00e7\u00e3o cont\u00ednuos do site. Estes n\u00e3o representam uma amea\u00e7a para o seu sistema ou ficheiros. O uso de cookies \u00e9 norma no setor e muitos sites utilizam-nos para disponibilizar funcionalidades \u00fateis. Os cookies em si mesmos n\u00e3o identificam pessoalmente os utilizadores, embora identifiquem um computador. A maioria dos navegadores est\u00e3o predefinidos para aceitar cookies. Pode configurar o seu computador para rejeitar cookies.<\/p>\n<p>A Sociedade Europeia de Cardiologia \u00e9 uma associa\u00e7\u00e3o sem fins lucrativos estabelecida nos termos da legisla\u00e7\u00e3o francesa de 1901 e dedica-se \u00e0 preven\u00e7\u00e3o, diagn\u00f3stico e gest\u00e3o de doen\u00e7as do cora\u00e7\u00e3o e vasos sangu\u00edneos.<\/p>\n<p><!-- OneTrust Cookies Settings button start --><br \/>\n<button id=\"ot-sdk-btn\" class=\"ot-sdk-show-settings\">Cookie Settings<\/button><br \/>\n<!-- OneTrust Cookies Settings button end --><\/p>\n<p><!-- OneTrust Cookies List start --><\/p>\n<div id=\"ot-sdk-cookie-policy\"><\/div>\n<p><!-- OneTrust Cookies List end --><\/p>\n","protected":false},"excerpt":{"rendered":"<p>Leia a pol\u00edtica seguinte para compreender como ser\u00e3o tratadas estas informa\u00e7\u00f5es. Esta pol\u00edtica poder\u00e1 sofrer altera\u00e7\u00f5es de tempos a tempos, pelo que dever\u00e1 consult\u00e1-la periodicamente. Que informa\u00e7\u00f5es s\u00e3o recolhidas pela SEC? A SEC recolhe as seguintes informa\u00e7\u00f5es relativas aos visitantes do nosso site: as p\u00e1ginas que s\u00e3o visitadas e quando, bem como informa\u00e7\u00f5es disponibilizadas pelo [&hellip;]<\/p>\n","protected":false},"author":1,"featured_media":0,"parent":0,"menu_order":0,"comment_status":"closed","ping_status":"open","template":"templates\/full.php","meta":{"_acf_changed":false,"footnotes":""},"categories":[],"tags":[],"class_list":["post-2241","page","type-page","status-publish","hentry"],"acf":[],"yoast_head":"<!-- This site is optimized with the Yoast SEO plugin v24.0 - https:\/\/yoast.com\/wordpress\/plugins\/seo\/ -->\n<title>Pol\u00edtica de Privacidade - Healthy-Heart.org<\/title>\n<meta name=\"description\" content=\"A Healthy-Heart recolhe as seguintes informa\u00e7\u00f5es sobre os visitantes do nosso s\u00edtio Web: as p\u00e1ginas que s\u00e3o visitadas e quando e as informa\u00e7\u00f5es por si disponibilizada (como, por exemplo, interc\u00e2mbio de informa\u00e7\u00e3o).\" \/>\n<meta name=\"robots\" content=\"index, follow, max-snippet:-1, max-image-preview:large, max-video-preview:-1\" \/>\n<link rel=\"canonical\" href=\"https:\/\/www.healthy-heart.org\/pt\/politica-de-privacidade\/\" \/>\n<meta property=\"og:locale\" content=\"pt_PT\" \/>\n<meta property=\"og:type\" content=\"article\" \/>\n<meta property=\"og:title\" content=\"Pol\u00edtica de Privacidade - Healthy-Heart.org\" \/>\n<meta property=\"og:description\" content=\"A Healthy-Heart recolhe as seguintes informa\u00e7\u00f5es sobre os visitantes do nosso s\u00edtio Web: as p\u00e1ginas que s\u00e3o visitadas e quando e as informa\u00e7\u00f5es por si disponibilizada (como, por exemplo, interc\u00e2mbio de informa\u00e7\u00e3o).\" \/>\n<meta property=\"og:url\" content=\"https:\/\/www.healthy-heart.org\/pt\/politica-de-privacidade\/\" \/>\n<meta property=\"og:site_name\" content=\"Healthy-Heart.org\" \/>\n<meta property=\"article:modified_time\" content=\"2022-01-18T11:08:19+00:00\" \/>\n<meta name=\"twitter:card\" content=\"summary_large_image\" \/>\n<meta name=\"twitter:label1\" content=\"Tempo estimado de leitura\" \/>\n\t<meta name=\"twitter:data1\" content=\"2 minutos\" \/>\n<script type=\"application\/ld+json\" class=\"yoast-schema-graph\">{\"@context\":\"https:\/\/schema.org\",\"@graph\":[{\"@type\":\"WebPage\",\"@id\":\"https:\/\/www.healthy-heart.org\/pt\/politica-de-privacidade\/\",\"url\":\"https:\/\/www.healthy-heart.org\/pt\/politica-de-privacidade\/\",\"name\":\"Pol\u00edtica de Privacidade - Healthy-Heart.org\",\"isPartOf\":{\"@id\":\"https:\/\/www.healthy-heart.org\/es\/#website\"},\"datePublished\":\"2019-10-08T10:33:11+00:00\",\"dateModified\":\"2022-01-18T11:08:19+00:00\",\"description\":\"A Healthy-Heart recolhe as seguintes informa\u00e7\u00f5es sobre os visitantes do nosso s\u00edtio Web: as p\u00e1ginas que s\u00e3o visitadas e quando e as informa\u00e7\u00f5es por si disponibilizada (como, por exemplo, interc\u00e2mbio de informa\u00e7\u00e3o).\",\"breadcrumb\":{\"@id\":\"https:\/\/www.healthy-heart.org\/pt\/politica-de-privacidade\/#breadcrumb\"},\"inLanguage\":\"pt-PT\",\"potentialAction\":[{\"@type\":\"ReadAction\",\"target\":[\"https:\/\/www.healthy-heart.org\/pt\/politica-de-privacidade\/\"]}]},{\"@type\":\"BreadcrumbList\",\"@id\":\"https:\/\/www.healthy-heart.org\/pt\/politica-de-privacidade\/#breadcrumb\",\"itemListElement\":[{\"@type\":\"ListItem\",\"position\":1,\"name\":\"Home\",\"item\":\"https:\/\/www.healthy-heart.org\/pt\/\"},{\"@type\":\"ListItem\",\"position\":2,\"name\":\"Pol\u00edtica de Privacidade\"}]},{\"@type\":\"WebSite\",\"@id\":\"https:\/\/www.healthy-heart.org\/es\/#website\",\"url\":\"https:\/\/www.healthy-heart.org\/es\/\",\"name\":\"Healthy-Heart.org\",\"description\":\"Practical advice for patients and family care givers on the prevention of cardiovascular disease\",\"potentialAction\":[{\"@type\":\"SearchAction\",\"target\":{\"@type\":\"EntryPoint\",\"urlTemplate\":\"https:\/\/www.healthy-heart.org\/es\/?s={search_term_string}\"},\"query-input\":{\"@type\":\"PropertyValueSpecification\",\"valueRequired\":true,\"valueName\":\"search_term_string\"}}],\"inLanguage\":\"pt-PT\"}]}<\/script>\n<!-- \/ Yoast SEO plugin. -->","yoast_head_json":{"title":"Pol\u00edtica de Privacidade - Healthy-Heart.org","description":"A Healthy-Heart recolhe as seguintes informa\u00e7\u00f5es sobre os visitantes do nosso s\u00edtio Web: as p\u00e1ginas que s\u00e3o visitadas e quando e as informa\u00e7\u00f5es por si disponibilizada (como, por exemplo, interc\u00e2mbio de informa\u00e7\u00e3o).","robots":{"index":"index","follow":"follow","max-snippet":"max-snippet:-1","max-image-preview":"max-image-preview:large","max-video-preview":"max-video-preview:-1"},"canonical":"https:\/\/www.healthy-heart.org\/pt\/politica-de-privacidade\/","og_locale":"pt_PT","og_type":"article","og_title":"Pol\u00edtica de Privacidade - Healthy-Heart.org","og_description":"A Healthy-Heart recolhe as seguintes informa\u00e7\u00f5es sobre os visitantes do nosso s\u00edtio Web: as p\u00e1ginas que s\u00e3o visitadas e quando e as informa\u00e7\u00f5es por si disponibilizada (como, por exemplo, interc\u00e2mbio de informa\u00e7\u00e3o).","og_url":"https:\/\/www.healthy-heart.org\/pt\/politica-de-privacidade\/","og_site_name":"Healthy-Heart.org","article_modified_time":"2022-01-18T11:08:19+00:00","twitter_card":"summary_large_image","twitter_misc":{"Tempo estimado de leitura":"2 minutos"},"schema":{"@context":"https:\/\/schema.org","@graph":[{"@type":"WebPage","@id":"https:\/\/www.healthy-heart.org\/pt\/politica-de-privacidade\/","url":"https:\/\/www.healthy-heart.org\/pt\/politica-de-privacidade\/","name":"Pol\u00edtica de Privacidade - Healthy-Heart.org","isPartOf":{"@id":"https:\/\/www.healthy-heart.org\/es\/#website"},"datePublished":"2019-10-08T10:33:11+00:00","dateModified":"2022-01-18T11:08:19+00:00","description":"A Healthy-Heart recolhe as seguintes informa\u00e7\u00f5es sobre os visitantes do nosso s\u00edtio Web: as p\u00e1ginas que s\u00e3o visitadas e quando e as informa\u00e7\u00f5es por si disponibilizada (como, por exemplo, interc\u00e2mbio de informa\u00e7\u00e3o).","breadcrumb":{"@id":"https:\/\/www.healthy-heart.org\/pt\/politica-de-privacidade\/#breadcrumb"},"inLanguage":"pt-PT","potentialAction":[{"@type":"ReadAction","target":["https:\/\/www.healthy-heart.org\/pt\/politica-de-privacidade\/"]}]},{"@type":"BreadcrumbList","@id":"https:\/\/www.healthy-heart.org\/pt\/politica-de-privacidade\/#breadcrumb","itemListElement":[{"@type":"ListItem","position":1,"name":"Home","item":"https:\/\/www.healthy-heart.org\/pt\/"},{"@type":"ListItem","position":2,"name":"Pol\u00edtica de Privacidade"}]},{"@type":"WebSite","@id":"https:\/\/www.healthy-heart.org\/es\/#website","url":"https:\/\/www.healthy-heart.org\/es\/","name":"Healthy-Heart.org","description":"Practical advice for patients and family care givers on the prevention of cardiovascular disease","potentialAction":[{"@type":"SearchAction","target":{"@type":"EntryPoint","urlTemplate":"https:\/\/www.healthy-heart.org\/es\/?s={search_term_string}"},"query-input":{"@type":"PropertyValueSpecification","valueRequired":true,"valueName":"search_term_string"}}],"inLanguage":"pt-PT"}]}},"_links":{"self":[{"href":"https:\/\/www.healthy-heart.org\/pt\/wp-json\/wp\/v2\/pages\/2241","targetHints":{"allow":["GET"]}}],"collection":[{"href":"https:\/\/www.healthy-heart.org\/pt\/wp-json\/wp\/v2\/pages"}],"about":[{"href":"https:\/\/www.healthy-heart.org\/pt\/wp-json\/wp\/v2\/types\/page"}],"author":[{"embeddable":true,"href":"https:\/\/www.healthy-heart.org\/pt\/wp-json\/wp\/v2\/users\/1"}],"replies":[{"embeddable":true,"href":"https:\/\/www.healthy-heart.org\/pt\/wp-json\/wp\/v2\/comments?post=2241"}],"version-history":[{"count":4,"href":"https:\/\/www.healthy-heart.org\/pt\/wp-json\/wp\/v2\/pages\/2241\/revisions"}],"predecessor-version":[{"id":5904,"href":"https:\/\/www.healthy-heart.org\/pt\/wp-json\/wp\/v2\/pages\/2241\/revisions\/5904"}],"wp:attachment":[{"href":"https:\/\/www.healthy-heart.org\/pt\/wp-json\/wp\/v2\/media?parent=2241"}],"wp:term":[{"taxonomy":"category","embeddable":true,"href":"https:\/\/www.healthy-heart.org\/pt\/wp-json\/wp\/v2\/categories?post=2241"},{"taxonomy":"post_tag","embeddable":true,"href":"https:\/\/www.healthy-heart.org\/pt\/wp-json\/wp\/v2\/tags?post=2241"}],"curies":[{"name":"wp","href":"https:\/\/api.w.org\/{rel}","templated":true}]}}