{"id":2240,"date":"2019-10-08T11:33:10","date_gmt":"2019-10-08T10:33:10","guid":{"rendered":"https:\/\/www.healthy-heart.org\/como-funciona-o-coracao\/"},"modified":"2020-02-14T10:56:35","modified_gmt":"2020-02-14T10:56:35","slug":"como-funciona-o-coracao","status":"publish","type":"page","link":"https:\/\/www.healthy-heart.org\/pt\/o-seu-coracao\/como-funciona-o-coracao\/","title":{"rendered":"Como funciona o cora\u00e7\u00e3o?"},"content":{"rendered":"<p><img loading=\"lazy\" decoding=\"async\" class=\"size-medium wp-image-4173 alignright\" src=\"https:\/\/cdn-endpoint-prev.azureedge.net\/healthy-heart\/2020\/02\/Portuguese-350x321.png\" alt=\"\" width=\"350\" height=\"321\" srcset=\"https:\/\/cdn-endpoint-prev.azureedge.net\/healthy-heart\/2020\/02\/Portuguese-350x321.png 350w, https:\/\/cdn-endpoint-prev.azureedge.net\/healthy-heart\/2020\/02\/Portuguese-1024x940.png 1024w, https:\/\/cdn-endpoint-prev.azureedge.net\/healthy-heart\/2020\/02\/Portuguese-200x184.png 200w, https:\/\/cdn-endpoint-prev.azureedge.net\/healthy-heart\/2020\/02\/Portuguese-768x705.png 768w, https:\/\/cdn-endpoint-prev.azureedge.net\/healthy-heart\/2020\/02\/Portuguese-1536x1409.png 1536w, https:\/\/cdn-endpoint-prev.azureedge.net\/healthy-heart\/2020\/02\/Portuguese-2048x1879.png 2048w, https:\/\/cdn-endpoint-prev.azureedge.net\/healthy-heart\/2020\/02\/Portuguese-478x439.png 478w, https:\/\/cdn-endpoint-prev.azureedge.net\/healthy-heart\/2020\/02\/Portuguese-506x464.png 506w\" sizes=\"auto, (max-width: 350px) 100vw, 350px\" \/>O cora\u00e7\u00e3o divide-se em dois lados que est\u00e3o separados por uma parede muscular (o septo). Existem duas c\u00e2maras em cada lado do cora\u00e7\u00e3o, um \u00e1trio em cima e um ventr\u00edculo em baixo. O lado direito do cora\u00e7\u00e3o recebe sangue pobre em oxig\u00e9nio do corpo atrav\u00e9s de vasos chamados veias. Depois bombeia este sangue para os pulm\u00f5es, onde \u00e9 enriquecido com oxig\u00e9nio. O lado esquerdo do cora\u00e7\u00e3o recebe esse sangue dos pulm\u00f5es e bombeia-o para todos os \u00f3rg\u00e3os do corpo atrav\u00e9s de vasos chamados art\u00e9rias. Come\u00e7a a partir da maior art\u00e9ria, a aorta. As v\u00e1lvulas entre os \u00e1trios e os ventr\u00edculos s\u00e3o chamadas de v\u00e1lvulas atrioventriculares (a v\u00e1lvula mitral \u00e0 esquerda, a v\u00e1lvula tric\u00faspide \u00e0 direita). Impedem que o sangue flua na dire\u00e7\u00e3o errada. A v\u00e1lvula pulmonar e a v\u00e1lvula a\u00f3rtica controlam a sa\u00edda de sangue dos ventr\u00edculos direito e esquerdo, respetivamente. As v\u00e1lvulas abrem quando \u00e9 atingida uma determinada press\u00e3o dentro do ventr\u00edculo, permitindo assim que o sangue flua para o pulm\u00e3o (do ventr\u00edculo direito) ou para o corpo e \u00f3rg\u00e3os (do ventr\u00edculo esquerdo).<\/p>\n<p>O cora\u00e7\u00e3o \u00e9 um m\u00fasculo que bombeia 60 a 80 vezes por minuto durante toda a vida. Assim, necessita de grandes quantidades de oxig\u00e9nio e nutrientes para funcionar correctamente. As art\u00e9rias coron\u00e1rias fornecem o sangue t\u00e3o necess\u00e1rio ao cora\u00e7\u00e3o.<\/p>\n","protected":false},"excerpt":{"rendered":"<p>O cora\u00e7\u00e3o divide-se em dois lados que est\u00e3o separados por uma parede muscular (o septo). Existem duas c\u00e2maras em cada lado do cora\u00e7\u00e3o, um \u00e1trio em cima e um ventr\u00edculo em baixo. O lado direito do cora\u00e7\u00e3o recebe sangue pobre em oxig\u00e9nio do corpo atrav\u00e9s de vasos chamados veias. Depois bombeia este sangue para os [&hellip;]<\/p>\n","protected":false},"author":1,"featured_media":2247,"parent":2314,"menu_order":1,"comment_status":"closed","ping_status":"closed","template":"","meta":{"_acf_changed":false,"footnotes":""},"categories":[75],"tags":[],"class_list":["post-2240","page","type-page","status-publish","has-post-thumbnail","hentry","category-o-seu-coracao"],"acf":[],"yoast_head":"<!-- This site is optimized with the Yoast SEO plugin v24.0 - https:\/\/yoast.com\/wordpress\/plugins\/seo\/ -->\n<title>Como funciona o cora\u00e7\u00e3o - Healthy-Heart.org<\/title>\n<meta name=\"description\" content=\"Saiba como funciona o cora\u00e7\u00e3o, o papel que desempenha e qual a frequ\u00eancia card\u00edaca que \u00e9 considerada saud\u00e1vel.\" \/>\n<meta name=\"robots\" content=\"index, follow, max-snippet:-1, max-image-preview:large, max-video-preview:-1\" \/>\n<link rel=\"canonical\" href=\"https:\/\/www.healthy-heart.org\/pt\/o-seu-coracao\/como-funciona-o-coracao\/\" \/>\n<meta property=\"og:locale\" content=\"pt_PT\" \/>\n<meta property=\"og:type\" content=\"article\" \/>\n<meta property=\"og:title\" content=\"Como funciona o cora\u00e7\u00e3o - Healthy-Heart.org\" \/>\n<meta property=\"og:description\" content=\"Saiba como funciona o cora\u00e7\u00e3o, o papel que desempenha e qual a frequ\u00eancia card\u00edaca que \u00e9 considerada saud\u00e1vel.\" \/>\n<meta property=\"og:url\" content=\"https:\/\/www.healthy-heart.org\/pt\/o-seu-coracao\/como-funciona-o-coracao\/\" \/>\n<meta property=\"og:site_name\" content=\"Healthy-Heart.org\" \/>\n<meta property=\"article:modified_time\" content=\"2020-02-14T10:56:35+00:00\" \/>\n<meta property=\"og:image\" content=\"https:\/\/www.healthy-heart.org\/wp-content\/uploads\/2019\/08\/how-dos-the-heart-work.jpg\" \/>\n\t<meta property=\"og:image:width\" content=\"518\" \/>\n\t<meta property=\"og:image:height\" content=\"345\" \/>\n\t<meta property=\"og:image:type\" content=\"image\/jpeg\" \/>\n<meta name=\"twitter:card\" content=\"summary_large_image\" \/>\n<meta name=\"twitter:label1\" content=\"Tempo estimado de leitura\" \/>\n\t<meta name=\"twitter:data1\" content=\"1 minuto\" \/>\n<script type=\"application\/ld+json\" class=\"yoast-schema-graph\">{\"@context\":\"https:\/\/schema.org\",\"@graph\":[{\"@type\":\"WebPage\",\"@id\":\"https:\/\/www.healthy-heart.org\/pt\/o-seu-coracao\/como-funciona-o-coracao\/\",\"url\":\"https:\/\/www.healthy-heart.org\/pt\/o-seu-coracao\/como-funciona-o-coracao\/\",\"name\":\"Como funciona o cora\u00e7\u00e3o - Healthy-Heart.org\",\"isPartOf\":{\"@id\":\"https:\/\/www.healthy-heart.org\/es\/#website\"},\"primaryImageOfPage\":{\"@id\":\"https:\/\/www.healthy-heart.org\/pt\/o-seu-coracao\/como-funciona-o-coracao\/#primaryimage\"},\"image\":{\"@id\":\"https:\/\/www.healthy-heart.org\/pt\/o-seu-coracao\/como-funciona-o-coracao\/#primaryimage\"},\"thumbnailUrl\":\"https:\/\/www.healthy-heart.org\/wp-content\/uploads\/2019\/08\/how-dos-the-heart-work.jpg\",\"datePublished\":\"2019-10-08T10:33:10+00:00\",\"dateModified\":\"2020-02-14T10:56:35+00:00\",\"description\":\"Saiba como funciona o cora\u00e7\u00e3o, o papel que desempenha e qual a frequ\u00eancia card\u00edaca que \u00e9 considerada saud\u00e1vel.\",\"breadcrumb\":{\"@id\":\"https:\/\/www.healthy-heart.org\/pt\/o-seu-coracao\/como-funciona-o-coracao\/#breadcrumb\"},\"inLanguage\":\"pt-PT\",\"potentialAction\":[{\"@type\":\"ReadAction\",\"target\":[\"https:\/\/www.healthy-heart.org\/pt\/o-seu-coracao\/como-funciona-o-coracao\/\"]}]},{\"@type\":\"ImageObject\",\"inLanguage\":\"pt-PT\",\"@id\":\"https:\/\/www.healthy-heart.org\/pt\/o-seu-coracao\/como-funciona-o-coracao\/#primaryimage\",\"url\":\"https:\/\/www.healthy-heart.org\/wp-content\/uploads\/2019\/08\/how-dos-the-heart-work.jpg\",\"contentUrl\":\"https:\/\/www.healthy-heart.org\/wp-content\/uploads\/2019\/08\/how-dos-the-heart-work.jpg\",\"width\":518,\"height\":345},{\"@type\":\"BreadcrumbList\",\"@id\":\"https:\/\/www.healthy-heart.org\/pt\/o-seu-coracao\/como-funciona-o-coracao\/#breadcrumb\",\"itemListElement\":[{\"@type\":\"ListItem\",\"position\":1,\"name\":\"Home\",\"item\":\"https:\/\/www.healthy-heart.org\/pt\/\"},{\"@type\":\"ListItem\",\"position\":2,\"name\":\"O seu cora\u00e7\u00e3o\",\"item\":\"https:\/\/www.healthy-heart.org\/pt\/o-seu-coracao\/\"},{\"@type\":\"ListItem\",\"position\":3,\"name\":\"Como funciona o cora\u00e7\u00e3o?\"}]},{\"@type\":\"WebSite\",\"@id\":\"https:\/\/www.healthy-heart.org\/es\/#website\",\"url\":\"https:\/\/www.healthy-heart.org\/es\/\",\"name\":\"Healthy-Heart.org\",\"description\":\"Practical advice for patients and family care givers on the prevention of cardiovascular disease\",\"potentialAction\":[{\"@type\":\"SearchAction\",\"target\":{\"@type\":\"EntryPoint\",\"urlTemplate\":\"https:\/\/www.healthy-heart.org\/es\/?s={search_term_string}\"},\"query-input\":{\"@type\":\"PropertyValueSpecification\",\"valueRequired\":true,\"valueName\":\"search_term_string\"}}],\"inLanguage\":\"pt-PT\"}]}<\/script>\n<!-- \/ Yoast SEO plugin. -->","yoast_head_json":{"title":"Como funciona o cora\u00e7\u00e3o - Healthy-Heart.org","description":"Saiba como funciona o cora\u00e7\u00e3o, o papel que desempenha e qual a frequ\u00eancia card\u00edaca que \u00e9 considerada saud\u00e1vel.","robots":{"index":"index","follow":"follow","max-snippet":"max-snippet:-1","max-image-preview":"max-image-preview:large","max-video-preview":"max-video-preview:-1"},"canonical":"https:\/\/www.healthy-heart.org\/pt\/o-seu-coracao\/como-funciona-o-coracao\/","og_locale":"pt_PT","og_type":"article","og_title":"Como funciona o cora\u00e7\u00e3o - Healthy-Heart.org","og_description":"Saiba como funciona o cora\u00e7\u00e3o, o papel que desempenha e qual a frequ\u00eancia card\u00edaca que \u00e9 considerada saud\u00e1vel.","og_url":"https:\/\/www.healthy-heart.org\/pt\/o-seu-coracao\/como-funciona-o-coracao\/","og_site_name":"Healthy-Heart.org","article_modified_time":"2020-02-14T10:56:35+00:00","og_image":[{"width":518,"height":345,"url":"https:\/\/www.healthy-heart.org\/wp-content\/uploads\/2019\/08\/how-dos-the-heart-work.jpg","type":"image\/jpeg"}],"twitter_card":"summary_large_image","twitter_misc":{"Tempo estimado de leitura":"1 minuto"},"schema":{"@context":"https:\/\/schema.org","@graph":[{"@type":"WebPage","@id":"https:\/\/www.healthy-heart.org\/pt\/o-seu-coracao\/como-funciona-o-coracao\/","url":"https:\/\/www.healthy-heart.org\/pt\/o-seu-coracao\/como-funciona-o-coracao\/","name":"Como funciona o cora\u00e7\u00e3o - Healthy-Heart.org","isPartOf":{"@id":"https:\/\/www.healthy-heart.org\/es\/#website"},"primaryImageOfPage":{"@id":"https:\/\/www.healthy-heart.org\/pt\/o-seu-coracao\/como-funciona-o-coracao\/#primaryimage"},"image":{"@id":"https:\/\/www.healthy-heart.org\/pt\/o-seu-coracao\/como-funciona-o-coracao\/#primaryimage"},"thumbnailUrl":"https:\/\/www.healthy-heart.org\/wp-content\/uploads\/2019\/08\/how-dos-the-heart-work.jpg","datePublished":"2019-10-08T10:33:10+00:00","dateModified":"2020-02-14T10:56:35+00:00","description":"Saiba como funciona o cora\u00e7\u00e3o, o papel que desempenha e qual a frequ\u00eancia card\u00edaca que \u00e9 considerada saud\u00e1vel.","breadcrumb":{"@id":"https:\/\/www.healthy-heart.org\/pt\/o-seu-coracao\/como-funciona-o-coracao\/#breadcrumb"},"inLanguage":"pt-PT","potentialAction":[{"@type":"ReadAction","target":["https:\/\/www.healthy-heart.org\/pt\/o-seu-coracao\/como-funciona-o-coracao\/"]}]},{"@type":"ImageObject","inLanguage":"pt-PT","@id":"https:\/\/www.healthy-heart.org\/pt\/o-seu-coracao\/como-funciona-o-coracao\/#primaryimage","url":"https:\/\/www.healthy-heart.org\/wp-content\/uploads\/2019\/08\/how-dos-the-heart-work.jpg","contentUrl":"https:\/\/www.healthy-heart.org\/wp-content\/uploads\/2019\/08\/how-dos-the-heart-work.jpg","width":518,"height":345},{"@type":"BreadcrumbList","@id":"https:\/\/www.healthy-heart.org\/pt\/o-seu-coracao\/como-funciona-o-coracao\/#breadcrumb","itemListElement":[{"@type":"ListItem","position":1,"name":"Home","item":"https:\/\/www.healthy-heart.org\/pt\/"},{"@type":"ListItem","position":2,"name":"O seu cora\u00e7\u00e3o","item":"https:\/\/www.healthy-heart.org\/pt\/o-seu-coracao\/"},{"@type":"ListItem","position":3,"name":"Como funciona o cora\u00e7\u00e3o?"}]},{"@type":"WebSite","@id":"https:\/\/www.healthy-heart.org\/es\/#website","url":"https:\/\/www.healthy-heart.org\/es\/","name":"Healthy-Heart.org","description":"Practical advice for patients and family care givers on the prevention of cardiovascular disease","potentialAction":[{"@type":"SearchAction","target":{"@type":"EntryPoint","urlTemplate":"https:\/\/www.healthy-heart.org\/es\/?s={search_term_string}"},"query-input":{"@type":"PropertyValueSpecification","valueRequired":true,"valueName":"search_term_string"}}],"inLanguage":"pt-PT"}]}},"_links":{"self":[{"href":"https:\/\/www.healthy-heart.org\/pt\/wp-json\/wp\/v2\/pages\/2240","targetHints":{"allow":["GET"]}}],"collection":[{"href":"https:\/\/www.healthy-heart.org\/pt\/wp-json\/wp\/v2\/pages"}],"about":[{"href":"https:\/\/www.healthy-heart.org\/pt\/wp-json\/wp\/v2\/types\/page"}],"author":[{"embeddable":true,"href":"https:\/\/www.healthy-heart.org\/pt\/wp-json\/wp\/v2\/users\/1"}],"replies":[{"embeddable":true,"href":"https:\/\/www.healthy-heart.org\/pt\/wp-json\/wp\/v2\/comments?post=2240"}],"version-history":[{"count":2,"href":"https:\/\/www.healthy-heart.org\/pt\/wp-json\/wp\/v2\/pages\/2240\/revisions"}],"predecessor-version":[{"id":4184,"href":"https:\/\/www.healthy-heart.org\/pt\/wp-json\/wp\/v2\/pages\/2240\/revisions\/4184"}],"up":[{"embeddable":true,"href":"https:\/\/www.healthy-heart.org\/pt\/wp-json\/wp\/v2\/pages\/2314"}],"wp:featuredmedia":[{"embeddable":true,"href":"https:\/\/www.healthy-heart.org\/pt\/wp-json\/wp\/v2\/media\/2247"}],"wp:attachment":[{"href":"https:\/\/www.healthy-heart.org\/pt\/wp-json\/wp\/v2\/media?parent=2240"}],"wp:term":[{"taxonomy":"category","embeddable":true,"href":"https:\/\/www.healthy-heart.org\/pt\/wp-json\/wp\/v2\/categories?post=2240"},{"taxonomy":"post_tag","embeddable":true,"href":"https:\/\/www.healthy-heart.org\/pt\/wp-json\/wp\/v2\/tags?post=2240"}],"curies":[{"name":"wp","href":"https:\/\/api.w.org\/{rel}","templated":true}]}}