{"id":2238,"date":"2019-10-08T11:33:10","date_gmt":"2019-10-08T10:33:10","guid":{"rendered":"https:\/\/www.healthy-heart.org\/alimentacao-amiga-do-coracao\/"},"modified":"2024-12-10T12:36:24","modified_gmt":"2024-12-10T12:36:24","slug":"alimentacao-amiga-do-coracao","status":"publish","type":"page","link":"https:\/\/www.healthy-heart.org\/pt\/mantenha-o-seu-coracao-saudavel\/alimentacao-amiga-do-coracao\/","title":{"rendered":"Alimenta\u00e7\u00e3o amiga do cora\u00e7\u00e3o"},"content":{"rendered":"<p><img loading=\"lazy\" decoding=\"async\" class=\"size-medium wp-image-599 alignright\" src=\"https:\/\/cdn-endpoint-prev.azureedge.net\/healthy-heart\/2019\/07\/iStock-482817556-e1565872053765-350x242.jpg\" alt=\"\" width=\"350\" height=\"242\" srcset=\"https:\/\/www.healthy-heart.org\/wp-content\/uploads\/2019\/07\/iStock-482817556-e1565872053765-350x242.jpg 350w, https:\/\/www.healthy-heart.org\/wp-content\/uploads\/2019\/07\/iStock-482817556-e1565872053765-200x138.jpg 200w, https:\/\/www.healthy-heart.org\/wp-content\/uploads\/2019\/07\/iStock-482817556-e1565872053765-768x532.jpg 768w, https:\/\/www.healthy-heart.org\/wp-content\/uploads\/2019\/07\/iStock-482817556-e1565872053765-1024x709.jpg 1024w, https:\/\/www.healthy-heart.org\/wp-content\/uploads\/2019\/07\/iStock-482817556-e1565872053765-1536x1063.jpg 1536w, https:\/\/www.healthy-heart.org\/wp-content\/uploads\/2019\/07\/iStock-482817556-e1565872053765-2048x1418.jpg 2048w, https:\/\/www.healthy-heart.org\/wp-content\/uploads\/2019\/07\/iStock-482817556-e1565872053765-634x439.jpg 634w, https:\/\/www.healthy-heart.org\/wp-content\/uploads\/2019\/07\/iStock-482817556-e1565872053765-670x464.jpg 670w\" sizes=\"auto, (max-width: 350px) 100vw, 350px\" \/><\/p>\n<p>As suas propriedades cardio-protetoras s\u00e3o amplamente apoiadas em estudos que destacam a import\u00e2ncia de um padr\u00e3o alimentar rico em fruta, legumes, gr\u00e3os integrais, azeite, peixe e aves.<\/p>\n<p>Os h\u00e1bitos alimentares pouco saud\u00e1veis s\u00e3o um dos principais contribuintes para doen\u00e7as e mortes causadas por <a href=\"https:\/\/www.healthy-heart.org\/your-heart\/what-is-heart-disease\/\">doen\u00e7as cardiovasculares<\/a> na Europa. A dieta mediterr\u00e2nica \u00e9 um dos estilos alimentares mais estudados pelos seus efeitos saud\u00e1veis para o cora\u00e7\u00e3o. Esta dieta enfatiza principalmente a ingest\u00e3o de alimentos de origem vegetal, como fruta, legumes, gr\u00e3os integrais, leguminosas e frutos secos, o uso de azeite em detrimento de outras gorduras e a ingest\u00e3o de peixe pelo menos duas vezes por semana. As ervas e as especiarias s\u00e3o usadas em vez de sal para dar sabor aos alimentos, enquanto a carne vermelha e os a\u00e7\u00facares adicionados s\u00e3o limitados. Em conjunto, este padr\u00e3o alimentar tem um alto teor de gorduras mono e polinsaturadas, fibras alimentares vegetais, antioxidantes e fatores anti-inflamat\u00f3rios. As diretrizes de preven\u00e7\u00e3o de DCV da ESC de 2021 recomendam fortemente a dieta mediterr\u00e2nica como padr\u00e3o alimentar chave para a preven\u00e7\u00e3o de doen\u00e7as cardiovasculares (classe I, n\u00edvel A).<\/p>\n<p>A dieta mediterr\u00e2nica \u00e9 um padr\u00e3o alimentar sustent\u00e1vel e eficaz para melhorar a sa\u00fade geral e prevenir v\u00e1rias doen\u00e7as cr\u00f3nicas. A ado\u00e7\u00e3o desta dieta pode levar a melhorias significativas na sa\u00fade cardiovascular, gest\u00e3o do peso, controlo glic\u00e9mico, fun\u00e7\u00e3o cognitiva, preven\u00e7\u00e3o do cancro, longevidade e redu\u00e7\u00e3o da inflama\u00e7\u00e3o. A promo\u00e7\u00e3o eficaz da dieta mediterr\u00e2nica exige uma abordagem multifacetada que envolve a educa\u00e7\u00e3o, os meios de comunica\u00e7\u00e3o social, o envolvimento da comunidade, as mudan\u00e7as pol\u00edticas, a colabora\u00e7\u00e3o com a ind\u00fastria alimentar e a adapta\u00e7\u00e3o cultural.<\/p>\n","protected":false},"excerpt":{"rendered":"<p>As suas propriedades cardio-protetoras s\u00e3o amplamente apoiadas em estudos que destacam a import\u00e2ncia de um padr\u00e3o alimentar rico em fruta, legumes, gr\u00e3os integrais, azeite, peixe e aves. Os h\u00e1bitos alimentares pouco saud\u00e1veis s\u00e3o um dos principais contribuintes para doen\u00e7as e mortes causadas por doen\u00e7as cardiovasculares na Europa. A dieta mediterr\u00e2nica \u00e9 um dos estilos alimentares [&hellip;]<\/p>\n","protected":false},"author":1,"featured_media":2242,"parent":2237,"menu_order":5,"comment_status":"closed","ping_status":"closed","template":"","meta":{"_acf_changed":false,"footnotes":""},"categories":[73],"tags":[],"class_list":["post-2238","page","type-page","status-publish","has-post-thumbnail","hentry","category-mantenha-o-seu-coracao-saudavel"],"acf":[],"yoast_head":"<!-- This site is optimized with the Yoast SEO plugin v24.0 - https:\/\/yoast.com\/wordpress\/plugins\/seo\/ -->\n<title>Alimenta\u00e7\u00e3o amiga do cora\u00e7\u00e3o - Healthy-Heart.org<\/title>\n<meta name=\"description\" content=\"A dieta mediterr\u00e2nica \u00e9 uma dieta amiga do cora\u00e7\u00e3o, que previne doen\u00e7as cardiovasculares e tem um padr\u00e3o diet\u00e9tico rico em fruta, legumes, gr\u00e3os integrais, azeite, peixe e aves.\" \/>\n<meta name=\"robots\" content=\"index, follow, max-snippet:-1, max-image-preview:large, max-video-preview:-1\" \/>\n<link rel=\"canonical\" href=\"https:\/\/www.healthy-heart.org\/pt\/mantenha-o-seu-coracao-saudavel\/alimentacao-amiga-do-coracao\/\" \/>\n<meta property=\"og:locale\" content=\"pt_PT\" \/>\n<meta property=\"og:type\" content=\"article\" \/>\n<meta property=\"og:title\" content=\"Alimenta\u00e7\u00e3o amiga do cora\u00e7\u00e3o - Healthy-Heart.org\" \/>\n<meta property=\"og:description\" content=\"A dieta mediterr\u00e2nica \u00e9 uma dieta amiga do cora\u00e7\u00e3o, que previne doen\u00e7as cardiovasculares e tem um padr\u00e3o diet\u00e9tico rico em fruta, legumes, gr\u00e3os integrais, azeite, peixe e aves.\" \/>\n<meta property=\"og:url\" content=\"https:\/\/www.healthy-heart.org\/pt\/mantenha-o-seu-coracao-saudavel\/alimentacao-amiga-do-coracao\/\" \/>\n<meta property=\"og:site_name\" content=\"Healthy-Heart.org\" \/>\n<meta property=\"article:modified_time\" content=\"2024-12-10T12:36:24+00:00\" \/>\n<meta property=\"og:image\" content=\"https:\/\/www.healthy-heart.org\/wp-content\/uploads\/2019\/07\/iStock-482817556-e1565872053765.jpg\" \/>\n\t<meta property=\"og:image:width\" content=\"5500\" \/>\n\t<meta property=\"og:image:height\" content=\"3808\" \/>\n\t<meta property=\"og:image:type\" content=\"image\/jpeg\" \/>\n<meta name=\"twitter:card\" content=\"summary_large_image\" \/>\n<meta name=\"twitter:label1\" content=\"Tempo estimado de leitura\" \/>\n\t<meta name=\"twitter:data1\" content=\"2 minutos\" \/>\n<script type=\"application\/ld+json\" class=\"yoast-schema-graph\">{\"@context\":\"https:\/\/schema.org\",\"@graph\":[{\"@type\":\"WebPage\",\"@id\":\"https:\/\/www.healthy-heart.org\/pt\/mantenha-o-seu-coracao-saudavel\/alimentacao-amiga-do-coracao\/\",\"url\":\"https:\/\/www.healthy-heart.org\/pt\/mantenha-o-seu-coracao-saudavel\/alimentacao-amiga-do-coracao\/\",\"name\":\"Alimenta\u00e7\u00e3o amiga do cora\u00e7\u00e3o - Healthy-Heart.org\",\"isPartOf\":{\"@id\":\"https:\/\/www.healthy-heart.org\/es\/#website\"},\"primaryImageOfPage\":{\"@id\":\"https:\/\/www.healthy-heart.org\/pt\/mantenha-o-seu-coracao-saudavel\/alimentacao-amiga-do-coracao\/#primaryimage\"},\"image\":{\"@id\":\"https:\/\/www.healthy-heart.org\/pt\/mantenha-o-seu-coracao-saudavel\/alimentacao-amiga-do-coracao\/#primaryimage\"},\"thumbnailUrl\":\"https:\/\/www.healthy-heart.org\/wp-content\/uploads\/2019\/07\/iStock-482817556-e1565872053765.jpg\",\"datePublished\":\"2019-10-08T10:33:10+00:00\",\"dateModified\":\"2024-12-10T12:36:24+00:00\",\"description\":\"A dieta mediterr\u00e2nica \u00e9 uma dieta amiga do cora\u00e7\u00e3o, que previne doen\u00e7as cardiovasculares e tem um padr\u00e3o diet\u00e9tico rico em fruta, legumes, gr\u00e3os integrais, azeite, peixe e aves.\",\"breadcrumb\":{\"@id\":\"https:\/\/www.healthy-heart.org\/pt\/mantenha-o-seu-coracao-saudavel\/alimentacao-amiga-do-coracao\/#breadcrumb\"},\"inLanguage\":\"pt-PT\",\"potentialAction\":[{\"@type\":\"ReadAction\",\"target\":[\"https:\/\/www.healthy-heart.org\/pt\/mantenha-o-seu-coracao-saudavel\/alimentacao-amiga-do-coracao\/\"]}]},{\"@type\":\"ImageObject\",\"inLanguage\":\"pt-PT\",\"@id\":\"https:\/\/www.healthy-heart.org\/pt\/mantenha-o-seu-coracao-saudavel\/alimentacao-amiga-do-coracao\/#primaryimage\",\"url\":\"https:\/\/www.healthy-heart.org\/wp-content\/uploads\/2019\/07\/iStock-482817556-e1565872053765.jpg\",\"contentUrl\":\"https:\/\/www.healthy-heart.org\/wp-content\/uploads\/2019\/07\/iStock-482817556-e1565872053765.jpg\",\"width\":5500,\"height\":3808},{\"@type\":\"BreadcrumbList\",\"@id\":\"https:\/\/www.healthy-heart.org\/pt\/mantenha-o-seu-coracao-saudavel\/alimentacao-amiga-do-coracao\/#breadcrumb\",\"itemListElement\":[{\"@type\":\"ListItem\",\"position\":1,\"name\":\"Home\",\"item\":\"https:\/\/www.healthy-heart.org\/pt\/\"},{\"@type\":\"ListItem\",\"position\":2,\"name\":\"Mantenha o seu cora\u00e7\u00e3o saud\u00e1vel\",\"item\":\"https:\/\/www.healthy-heart.org\/pt\/mantenha-o-seu-coracao-saudavel\/\"},{\"@type\":\"ListItem\",\"position\":3,\"name\":\"Alimenta\u00e7\u00e3o amiga do cora\u00e7\u00e3o\"}]},{\"@type\":\"WebSite\",\"@id\":\"https:\/\/www.healthy-heart.org\/es\/#website\",\"url\":\"https:\/\/www.healthy-heart.org\/es\/\",\"name\":\"Healthy-Heart.org\",\"description\":\"Practical advice for patients and family care givers on the prevention of cardiovascular disease\",\"potentialAction\":[{\"@type\":\"SearchAction\",\"target\":{\"@type\":\"EntryPoint\",\"urlTemplate\":\"https:\/\/www.healthy-heart.org\/es\/?s={search_term_string}\"},\"query-input\":{\"@type\":\"PropertyValueSpecification\",\"valueRequired\":true,\"valueName\":\"search_term_string\"}}],\"inLanguage\":\"pt-PT\"}]}<\/script>\n<!-- \/ Yoast SEO plugin. -->","yoast_head_json":{"title":"Alimenta\u00e7\u00e3o amiga do cora\u00e7\u00e3o - Healthy-Heart.org","description":"A dieta mediterr\u00e2nica \u00e9 uma dieta amiga do cora\u00e7\u00e3o, que previne doen\u00e7as cardiovasculares e tem um padr\u00e3o diet\u00e9tico rico em fruta, legumes, gr\u00e3os integrais, azeite, peixe e aves.","robots":{"index":"index","follow":"follow","max-snippet":"max-snippet:-1","max-image-preview":"max-image-preview:large","max-video-preview":"max-video-preview:-1"},"canonical":"https:\/\/www.healthy-heart.org\/pt\/mantenha-o-seu-coracao-saudavel\/alimentacao-amiga-do-coracao\/","og_locale":"pt_PT","og_type":"article","og_title":"Alimenta\u00e7\u00e3o amiga do cora\u00e7\u00e3o - Healthy-Heart.org","og_description":"A dieta mediterr\u00e2nica \u00e9 uma dieta amiga do cora\u00e7\u00e3o, que previne doen\u00e7as cardiovasculares e tem um padr\u00e3o diet\u00e9tico rico em fruta, legumes, gr\u00e3os integrais, azeite, peixe e aves.","og_url":"https:\/\/www.healthy-heart.org\/pt\/mantenha-o-seu-coracao-saudavel\/alimentacao-amiga-do-coracao\/","og_site_name":"Healthy-Heart.org","article_modified_time":"2024-12-10T12:36:24+00:00","og_image":[{"width":5500,"height":3808,"url":"https:\/\/www.healthy-heart.org\/wp-content\/uploads\/2019\/07\/iStock-482817556-e1565872053765.jpg","type":"image\/jpeg"}],"twitter_card":"summary_large_image","twitter_misc":{"Tempo estimado de leitura":"2 minutos"},"schema":{"@context":"https:\/\/schema.org","@graph":[{"@type":"WebPage","@id":"https:\/\/www.healthy-heart.org\/pt\/mantenha-o-seu-coracao-saudavel\/alimentacao-amiga-do-coracao\/","url":"https:\/\/www.healthy-heart.org\/pt\/mantenha-o-seu-coracao-saudavel\/alimentacao-amiga-do-coracao\/","name":"Alimenta\u00e7\u00e3o amiga do cora\u00e7\u00e3o - Healthy-Heart.org","isPartOf":{"@id":"https:\/\/www.healthy-heart.org\/es\/#website"},"primaryImageOfPage":{"@id":"https:\/\/www.healthy-heart.org\/pt\/mantenha-o-seu-coracao-saudavel\/alimentacao-amiga-do-coracao\/#primaryimage"},"image":{"@id":"https:\/\/www.healthy-heart.org\/pt\/mantenha-o-seu-coracao-saudavel\/alimentacao-amiga-do-coracao\/#primaryimage"},"thumbnailUrl":"https:\/\/www.healthy-heart.org\/wp-content\/uploads\/2019\/07\/iStock-482817556-e1565872053765.jpg","datePublished":"2019-10-08T10:33:10+00:00","dateModified":"2024-12-10T12:36:24+00:00","description":"A dieta mediterr\u00e2nica \u00e9 uma dieta amiga do cora\u00e7\u00e3o, que previne doen\u00e7as cardiovasculares e tem um padr\u00e3o diet\u00e9tico rico em fruta, legumes, gr\u00e3os integrais, azeite, peixe e aves.","breadcrumb":{"@id":"https:\/\/www.healthy-heart.org\/pt\/mantenha-o-seu-coracao-saudavel\/alimentacao-amiga-do-coracao\/#breadcrumb"},"inLanguage":"pt-PT","potentialAction":[{"@type":"ReadAction","target":["https:\/\/www.healthy-heart.org\/pt\/mantenha-o-seu-coracao-saudavel\/alimentacao-amiga-do-coracao\/"]}]},{"@type":"ImageObject","inLanguage":"pt-PT","@id":"https:\/\/www.healthy-heart.org\/pt\/mantenha-o-seu-coracao-saudavel\/alimentacao-amiga-do-coracao\/#primaryimage","url":"https:\/\/www.healthy-heart.org\/wp-content\/uploads\/2019\/07\/iStock-482817556-e1565872053765.jpg","contentUrl":"https:\/\/www.healthy-heart.org\/wp-content\/uploads\/2019\/07\/iStock-482817556-e1565872053765.jpg","width":5500,"height":3808},{"@type":"BreadcrumbList","@id":"https:\/\/www.healthy-heart.org\/pt\/mantenha-o-seu-coracao-saudavel\/alimentacao-amiga-do-coracao\/#breadcrumb","itemListElement":[{"@type":"ListItem","position":1,"name":"Home","item":"https:\/\/www.healthy-heart.org\/pt\/"},{"@type":"ListItem","position":2,"name":"Mantenha o seu cora\u00e7\u00e3o saud\u00e1vel","item":"https:\/\/www.healthy-heart.org\/pt\/mantenha-o-seu-coracao-saudavel\/"},{"@type":"ListItem","position":3,"name":"Alimenta\u00e7\u00e3o amiga do cora\u00e7\u00e3o"}]},{"@type":"WebSite","@id":"https:\/\/www.healthy-heart.org\/es\/#website","url":"https:\/\/www.healthy-heart.org\/es\/","name":"Healthy-Heart.org","description":"Practical advice for patients and family care givers on the prevention of cardiovascular disease","potentialAction":[{"@type":"SearchAction","target":{"@type":"EntryPoint","urlTemplate":"https:\/\/www.healthy-heart.org\/es\/?s={search_term_string}"},"query-input":{"@type":"PropertyValueSpecification","valueRequired":true,"valueName":"search_term_string"}}],"inLanguage":"pt-PT"}]}},"_links":{"self":[{"href":"https:\/\/www.healthy-heart.org\/pt\/wp-json\/wp\/v2\/pages\/2238","targetHints":{"allow":["GET"]}}],"collection":[{"href":"https:\/\/www.healthy-heart.org\/pt\/wp-json\/wp\/v2\/pages"}],"about":[{"href":"https:\/\/www.healthy-heart.org\/pt\/wp-json\/wp\/v2\/types\/page"}],"author":[{"embeddable":true,"href":"https:\/\/www.healthy-heart.org\/pt\/wp-json\/wp\/v2\/users\/1"}],"replies":[{"embeddable":true,"href":"https:\/\/www.healthy-heart.org\/pt\/wp-json\/wp\/v2\/comments?post=2238"}],"version-history":[{"count":4,"href":"https:\/\/www.healthy-heart.org\/pt\/wp-json\/wp\/v2\/pages\/2238\/revisions"}],"predecessor-version":[{"id":7485,"href":"https:\/\/www.healthy-heart.org\/pt\/wp-json\/wp\/v2\/pages\/2238\/revisions\/7485"}],"up":[{"embeddable":true,"href":"https:\/\/www.healthy-heart.org\/pt\/wp-json\/wp\/v2\/pages\/2237"}],"wp:featuredmedia":[{"embeddable":true,"href":"https:\/\/www.healthy-heart.org\/pt\/wp-json\/wp\/v2\/media\/2242"}],"wp:attachment":[{"href":"https:\/\/www.healthy-heart.org\/pt\/wp-json\/wp\/v2\/media?parent=2238"}],"wp:term":[{"taxonomy":"category","embeddable":true,"href":"https:\/\/www.healthy-heart.org\/pt\/wp-json\/wp\/v2\/categories?post=2238"},{"taxonomy":"post_tag","embeddable":true,"href":"https:\/\/www.healthy-heart.org\/pt\/wp-json\/wp\/v2\/tags?post=2238"}],"curies":[{"name":"wp","href":"https:\/\/api.w.org\/{rel}","templated":true}]}}