{"id":7096,"date":"2024-01-15T12:15:37","date_gmt":"2024-01-15T12:15:37","guid":{"rendered":"https:\/\/www.healthy-heart.org\/sitemap\/"},"modified":"2024-01-15T12:25:38","modified_gmt":"2024-01-15T12:25:38","slug":"sitemap","status":"publish","type":"page","link":"https:\/\/www.healthy-heart.org\/pl\/sitemap\/","title":{"rendered":"Sitemap"},"content":{"rendered":"<div id=\"simple-sitemap-container-69fb44513badb\" class=\"simple-sitemap-container simple-sitemap-container-69fb44513badb tab-disabled\"><div class=\"simple-sitemap-wrap\"><h3 class=\"post-type\">Strony<\/h3><ul class=\"simple-sitemap-page main\"><li class=\"sitemap-item page_item page-item-1680 page_item_has_children\"><a href=\"https:\/\/www.healthy-heart.org\/pl\/dbaj-o-zdrowie-swojego-serca\/\">Dbaj o zdrowie swojego serca<\/a>\n<ul class='children'>\n\t<li class=\"sitemap-item page_item page-item-1868\"><a href=\"https:\/\/www.healthy-heart.org\/pl\/dbaj-o-zdrowie-swojego-serca\/cisnienie-krwi\/\">Ci\u015bnienie krwi<\/a><\/li>\n\t<li class=\"sitemap-item page_item page-item-1873\"><a href=\"https:\/\/www.healthy-heart.org\/pl\/dbaj-o-zdrowie-swojego-serca\/cholesterol\/\">Cholesterol<\/a><\/li>\n\t<li class=\"sitemap-item page_item page-item-1685\"><a href=\"https:\/\/www.healthy-heart.org\/pl\/dbaj-o-zdrowie-swojego-serca\/cukrzyca\/\">Cukrzyca<\/a><\/li>\n\t<li class=\"sitemap-item page_item page-item-1690\"><a href=\"https:\/\/www.healthy-heart.org\/pl\/dbaj-o-zdrowie-swojego-serca\/utrzymywanie-zdrowej-wagi\/\">Utrzymywanie zdrowej wagi<\/a><\/li>\n\t<li class=\"sitemap-item page_item page-item-1789\"><a href=\"https:\/\/www.healthy-heart.org\/pl\/dbaj-o-zdrowie-swojego-serca\/dieta-przyjazna-dla-serca\/\">Dieta przyjazna dla serca<\/a><\/li>\n\t<li class=\"sitemap-item page_item page-item-1794\"><a href=\"https:\/\/www.healthy-heart.org\/pl\/dbaj-o-zdrowie-swojego-serca\/stres-i-sen\/\">Stres i sen<\/a><\/li>\n\t<li class=\"sitemap-item page_item page-item-1695\"><a href=\"https:\/\/www.healthy-heart.org\/pl\/dbaj-o-zdrowie-swojego-serca\/palenie\/\">Palenie<\/a><\/li>\n\t<li class=\"sitemap-item page_item page-item-1700\"><a href=\"https:\/\/www.healthy-heart.org\/pl\/dbaj-o-zdrowie-swojego-serca\/aktywnosc-fizyczna\/\">Aktywno\u015b\u0107 fizyczna<\/a><\/li>\n\t<li class=\"sitemap-item page_item page-item-1715\"><a href=\"https:\/\/www.healthy-heart.org\/pl\/dbaj-o-zdrowie-swojego-serca\/historia-chorob-serca-w-rodzinie\/\">Historia chor\u00f3b serca w rodzinie<\/a><\/li>\n\t<li class=\"sitemap-item page_item page-item-1720\"><a href=\"https:\/\/www.healthy-heart.org\/pl\/dbaj-o-zdrowie-swojego-serca\/roznice-miedzy-kobietami-a-mezczyznami\/\">Choroby uk\u0142adu kr\u0105\u017cenia u kobiet<\/a><\/li>\n\t<li class=\"sitemap-item page_item page-item-1705\"><a href=\"https:\/\/www.healthy-heart.org\/pl\/dbaj-o-zdrowie-swojego-serca\/przewidywanie-i-zarzadzanie-ryzykiem-chorob-serca\/\">Przewidywanie i zarz\u0105dzanie ryzykiem chor\u00f3b serca<\/a><\/li>\n\t<li class=\"sitemap-item page_item page-item-1710\"><a href=\"https:\/\/www.healthy-heart.org\/pl\/dbaj-o-zdrowie-swojego-serca\/przejmij-kontrole-nad-swoim-stylem-zycia\/\">Przejmij kontrol\u0119 nad swoim stylem \u017cycia<\/a><\/li>\n\t<li class=\"sitemap-item page_item page-item-1858\"><a href=\"https:\/\/www.healthy-heart.org\/pl\/dbaj-o-zdrowie-swojego-serca\/zdrowe-nawyki\/\">Zdrowe nawyki<\/a><\/li>\n<\/ul>\n<\/li>\n<li class=\"sitemap-item page_item page-item-1487\"><a href=\"https:\/\/www.healthy-heart.org\/pl\/\">Healthy-Heart.org<\/a><\/li>\n<li class=\"sitemap-item page_item page-item-1764\"><a href=\"https:\/\/www.healthy-heart.org\/pl\/informacje-o-esc\/\">Informacje o ESC<\/a><\/li>\n<li class=\"sitemap-item page_item page-item-1838\"><a href=\"https:\/\/www.healthy-heart.org\/pl\/kontakt\/\">Kontakt<\/a><\/li>\n<li class=\"sitemap-item page_item page-item-1750\"><a href=\"https:\/\/www.healthy-heart.org\/pl\/najczesciej-zadawane-pytania\/\">Najcz\u0119\u015bciej zadawane pytania<\/a><\/li>\n<li class=\"sitemap-item page_item page-item-1756\"><a href=\"https:\/\/www.healthy-heart.org\/pl\/podziekowania-dla-autorow\/\">Podzi\u0119kowania dla autor\u00f3w<\/a><\/li>\n<li class=\"sitemap-item page_item page-item-1389\"><a href=\"https:\/\/www.healthy-heart.org\/pl\/polityka-prywatnosci\/\">Polityka prywatno\u015bci<\/a><\/li>\n<li class=\"sitemap-item page_item page-item-1774\"><a href=\"https:\/\/www.healthy-heart.org\/pl\/przydatne-linki\/\">Przydatne linki<\/a><\/li>\n<li class=\"sitemap-item page_item page-item-1833\"><a href=\"https:\/\/www.healthy-heart.org\/pl\/regulamin-witryny\/\">Regulamin witryny<\/a><\/li>\n<li class=\"sitemap-item page_item page-item-7096\"><a href=\"https:\/\/www.healthy-heart.org\/pl\/sitemap\/\">Sitemap<\/a><\/li>\n<li class=\"sitemap-item page_item page-item-1652 page_item_has_children\"><a href=\"https:\/\/www.healthy-heart.org\/pl\/twoje-serce\/\">Twoje serce<\/a>\n<ul class='children'>\n\t<li class=\"sitemap-item page_item page-item-1659\"><a href=\"https:\/\/www.healthy-heart.org\/pl\/twoje-serce\/jak-dziala-serce\/\">Jak dzia\u0142a serce?<\/a><\/li>\n\t<li class=\"sitemap-item page_item page-item-1670\"><a href=\"https:\/\/www.healthy-heart.org\/pl\/twoje-serce\/czym-jest-choroba-serca\/\">Czym jest choroba serca?<\/a><\/li>\n\t<li class=\"sitemap-item page_item page-item-1779\"><a href=\"https:\/\/www.healthy-heart.org\/pl\/twoje-serce\/ostrzegawcze-objawy-przedmiotowe-i-podmiotowe\/\">Ostrzegawcze objawy przedmiotowe i podmiotowe<\/a><\/li>\n\t<li class=\"sitemap-item page_item page-item-1784\"><a href=\"https:\/\/www.healthy-heart.org\/pl\/twoje-serce\/jak-wykonac-resuscytacje-krazeniowo-oddechowa-rko\/\">Jak wykona\u0107 resuscytacj\u0119 kr\u0105\u017ceniowo-oddechow\u0105 (RKO)<\/a><\/li>\n\t<li class=\"sitemap-item page_item page-item-1675\"><a href=\"https:\/\/www.healthy-heart.org\/pl\/twoje-serce\/promowanie-zdrowego-trybu-zycia\/\">Promowanie zdrowego trybu \u017cycia<\/a><\/li>\n<\/ul>\n<\/li>\n<li class=\"sitemap-item page_item page-item-1823\"><a href=\"https:\/\/www.healthy-heart.org\/pl\/wsparcie-finansowe\/\">Wsparcie finansowe<\/a><\/li>\n<li class=\"sitemap-item page_item page-item-1863 page_item_has_children\"><a href=\"https:\/\/www.healthy-heart.org\/pl\/zycie-z-choroba-serca\/\">\u017bycie z chorob\u0105 serca<\/a>\n<ul class='children'>\n\t<li class=\"sitemap-item page_item page-item-1800\"><a href=\"https:\/\/www.healthy-heart.org\/pl\/zycie-z-choroba-serca\/popraw-stan-swojego-serca\/\">Popraw stan swojego serca<\/a><\/li>\n\t<li class=\"sitemap-item page_item page-item-1879\"><a href=\"https:\/\/www.healthy-heart.org\/pl\/zycie-z-choroba-serca\/rodzaje-lekow\/\">Rodzaje lek\u00f3w<\/a><\/li>\n\t<li class=\"sitemap-item page_item page-item-1808\"><a href=\"https:\/\/www.healthy-heart.org\/pl\/zycie-z-choroba-serca\/cwiczenia-fizyczne\/\">\u0106wiczenia fizyczne<\/a><\/li>\n\t<li class=\"sitemap-item page_item page-item-1730\"><a href=\"https:\/\/www.healthy-heart.org\/pl\/zycie-z-choroba-serca\/lek-i-depresja\/\">L\u0119k i depresja<\/a><\/li>\n\t<li class=\"sitemap-item page_item page-item-1848\"><a href=\"https:\/\/www.healthy-heart.org\/pl\/zycie-z-choroba-serca\/prowadzenie-pojazdow-po-zawale-serca\/\">Prowadzenie pojazd\u00f3w po zawale serca<\/a><\/li>\n\t<li class=\"sitemap-item page_item page-item-1853\"><a href=\"https:\/\/www.healthy-heart.org\/pl\/zycie-z-choroba-serca\/podrozowanie-po-zawale-serca\/\">Podr\u00f3\u017cowanie po zawale serca<\/a><\/li>\n\t<li class=\"sitemap-item page_item page-item-1735\"><a href=\"https:\/\/www.healthy-heart.org\/pl\/zycie-z-choroba-serca\/powrot-do-pracy-po-zawale-serca\/\">Powr\u00f3t do pracy po zawale serca<\/a><\/li>\n\t<li class=\"sitemap-item page_item page-item-1813\"><a href=\"https:\/\/www.healthy-heart.org\/pl\/zycie-z-choroba-serca\/seks-i-choroby-serca\/\">Seks i choroby serca<\/a><\/li>\n\t<li class=\"sitemap-item page_item page-item-1740\"><a href=\"https:\/\/www.healthy-heart.org\/pl\/zycie-z-choroba-serca\/wsparcie-rodziny\/\">Wsparcie rodziny<\/a><\/li>\n\t<li class=\"sitemap-item page_item page-item-1725\"><a href=\"https:\/\/www.healthy-heart.org\/pl\/zycie-z-choroba-serca\/czynniki-ryzyka-drugiego-zawalu-serca\/\">Czynniki ryzyka drugiego zawa\u0142u serca<\/a><\/li>\n\t<li class=\"sitemap-item page_item page-item-1818\"><a href=\"https:\/\/www.healthy-heart.org\/pl\/zycie-z-choroba-serca\/ocena-ryzyka-rezydualnego-po-zawale-serca\/\">Ocena ryzyka rezydualnego po zawale serca<\/a><\/li>\n\t<li class=\"sitemap-item page_item page-item-1745\"><a href=\"https:\/\/www.healthy-heart.org\/pl\/zycie-z-choroba-serca\/o-co-trzeba-zapytac-kardiologa\/\">O co trzeba zapyta\u0107 kardiologa?<\/a><\/li>\n<\/ul>\n<\/li>\n<\/ul><\/div><\/div><br style=\"clear: both;\">\n","protected":false},"excerpt":{"rendered":"","protected":false},"author":2,"featured_media":0,"parent":0,"menu_order":0,"comment_status":"closed","ping_status":"closed","template":"","meta":{"_acf_changed":false,"footnotes":""},"categories":[],"tags":[],"class_list":["post-7096","page","type-page","status-publish","hentry"],"acf":[],"yoast_head":"<!-- This site is optimized with the Yoast SEO plugin v24.0 - https:\/\/yoast.com\/wordpress\/plugins\/seo\/ -->\n<title>Sitemap - Healthy-Heart.org<\/title>\n<meta name=\"robots\" content=\"index, follow, max-snippet:-1, max-image-preview:large, max-video-preview:-1\" \/>\n<link rel=\"canonical\" href=\"https:\/\/www.healthy-heart.org\/pl\/sitemap\/\" \/>\n<meta property=\"og:locale\" content=\"pl_PL\" \/>\n<meta property=\"og:type\" content=\"article\" \/>\n<meta property=\"og:title\" content=\"Sitemap - Healthy-Heart.org\" \/>\n<meta property=\"og:url\" content=\"https:\/\/www.healthy-heart.org\/pl\/sitemap\/\" \/>\n<meta property=\"og:site_name\" content=\"Healthy-Heart.org\" \/>\n<meta property=\"article:modified_time\" content=\"2024-01-15T12:25:38+00:00\" \/>\n<meta name=\"twitter:card\" content=\"summary_large_image\" \/>\n<meta name=\"twitter:label1\" content=\"Szacowany czas czytania\" \/>\n\t<meta name=\"twitter:data1\" content=\"1 minuta\" \/>\n<script type=\"application\/ld+json\" class=\"yoast-schema-graph\">{\"@context\":\"https:\/\/schema.org\",\"@graph\":[{\"@type\":\"WebPage\",\"@id\":\"https:\/\/www.healthy-heart.org\/pl\/sitemap\/\",\"url\":\"https:\/\/www.healthy-heart.org\/pl\/sitemap\/\",\"name\":\"Sitemap - Healthy-Heart.org\",\"isPartOf\":{\"@id\":\"https:\/\/www.healthy-heart.org\/es\/#website\"},\"datePublished\":\"2024-01-15T12:15:37+00:00\",\"dateModified\":\"2024-01-15T12:25:38+00:00\",\"breadcrumb\":{\"@id\":\"https:\/\/www.healthy-heart.org\/pl\/sitemap\/#breadcrumb\"},\"inLanguage\":\"pl-PL\",\"potentialAction\":[{\"@type\":\"ReadAction\",\"target\":[\"https:\/\/www.healthy-heart.org\/pl\/sitemap\/\"]}]},{\"@type\":\"BreadcrumbList\",\"@id\":\"https:\/\/www.healthy-heart.org\/pl\/sitemap\/#breadcrumb\",\"itemListElement\":[{\"@type\":\"ListItem\",\"position\":1,\"name\":\"Home\",\"item\":\"https:\/\/www.healthy-heart.org\/pl\/\"},{\"@type\":\"ListItem\",\"position\":2,\"name\":\"Sitemap\"}]},{\"@type\":\"WebSite\",\"@id\":\"https:\/\/www.healthy-heart.org\/es\/#website\",\"url\":\"https:\/\/www.healthy-heart.org\/es\/\",\"name\":\"Healthy-Heart.org\",\"description\":\"Practical advice for patients and family care givers on the prevention of cardiovascular disease\",\"potentialAction\":[{\"@type\":\"SearchAction\",\"target\":{\"@type\":\"EntryPoint\",\"urlTemplate\":\"https:\/\/www.healthy-heart.org\/es\/?s={search_term_string}\"},\"query-input\":{\"@type\":\"PropertyValueSpecification\",\"valueRequired\":true,\"valueName\":\"search_term_string\"}}],\"inLanguage\":\"pl-PL\"}]}<\/script>\n<!-- \/ Yoast SEO plugin. -->","yoast_head_json":{"title":"Sitemap - Healthy-Heart.org","robots":{"index":"index","follow":"follow","max-snippet":"max-snippet:-1","max-image-preview":"max-image-preview:large","max-video-preview":"max-video-preview:-1"},"canonical":"https:\/\/www.healthy-heart.org\/pl\/sitemap\/","og_locale":"pl_PL","og_type":"article","og_title":"Sitemap - Healthy-Heart.org","og_url":"https:\/\/www.healthy-heart.org\/pl\/sitemap\/","og_site_name":"Healthy-Heart.org","article_modified_time":"2024-01-15T12:25:38+00:00","twitter_card":"summary_large_image","twitter_misc":{"Szacowany czas czytania":"1 minuta"},"schema":{"@context":"https:\/\/schema.org","@graph":[{"@type":"WebPage","@id":"https:\/\/www.healthy-heart.org\/pl\/sitemap\/","url":"https:\/\/www.healthy-heart.org\/pl\/sitemap\/","name":"Sitemap - Healthy-Heart.org","isPartOf":{"@id":"https:\/\/www.healthy-heart.org\/es\/#website"},"datePublished":"2024-01-15T12:15:37+00:00","dateModified":"2024-01-15T12:25:38+00:00","breadcrumb":{"@id":"https:\/\/www.healthy-heart.org\/pl\/sitemap\/#breadcrumb"},"inLanguage":"pl-PL","potentialAction":[{"@type":"ReadAction","target":["https:\/\/www.healthy-heart.org\/pl\/sitemap\/"]}]},{"@type":"BreadcrumbList","@id":"https:\/\/www.healthy-heart.org\/pl\/sitemap\/#breadcrumb","itemListElement":[{"@type":"ListItem","position":1,"name":"Home","item":"https:\/\/www.healthy-heart.org\/pl\/"},{"@type":"ListItem","position":2,"name":"Sitemap"}]},{"@type":"WebSite","@id":"https:\/\/www.healthy-heart.org\/es\/#website","url":"https:\/\/www.healthy-heart.org\/es\/","name":"Healthy-Heart.org","description":"Practical advice for patients and family care givers on the prevention of cardiovascular disease","potentialAction":[{"@type":"SearchAction","target":{"@type":"EntryPoint","urlTemplate":"https:\/\/www.healthy-heart.org\/es\/?s={search_term_string}"},"query-input":{"@type":"PropertyValueSpecification","valueRequired":true,"valueName":"search_term_string"}}],"inLanguage":"pl-PL"}]}},"_links":{"self":[{"href":"https:\/\/www.healthy-heart.org\/pl\/wp-json\/wp\/v2\/pages\/7096","targetHints":{"allow":["GET"]}}],"collection":[{"href":"https:\/\/www.healthy-heart.org\/pl\/wp-json\/wp\/v2\/pages"}],"about":[{"href":"https:\/\/www.healthy-heart.org\/pl\/wp-json\/wp\/v2\/types\/page"}],"author":[{"embeddable":true,"href":"https:\/\/www.healthy-heart.org\/pl\/wp-json\/wp\/v2\/users\/2"}],"replies":[{"embeddable":true,"href":"https:\/\/www.healthy-heart.org\/pl\/wp-json\/wp\/v2\/comments?post=7096"}],"version-history":[{"count":1,"href":"https:\/\/www.healthy-heart.org\/pl\/wp-json\/wp\/v2\/pages\/7096\/revisions"}],"predecessor-version":[{"id":7108,"href":"https:\/\/www.healthy-heart.org\/pl\/wp-json\/wp\/v2\/pages\/7096\/revisions\/7108"}],"wp:attachment":[{"href":"https:\/\/www.healthy-heart.org\/pl\/wp-json\/wp\/v2\/media?parent=7096"}],"wp:term":[{"taxonomy":"category","embeddable":true,"href":"https:\/\/www.healthy-heart.org\/pl\/wp-json\/wp\/v2\/categories?post=7096"},{"taxonomy":"post_tag","embeddable":true,"href":"https:\/\/www.healthy-heart.org\/pl\/wp-json\/wp\/v2\/tags?post=7096"}],"curies":[{"name":"wp","href":"https:\/\/api.w.org\/{rel}","templated":true}]}}