{"id":1879,"date":"2019-10-07T21:31:20","date_gmt":"2019-10-07T20:31:20","guid":{"rendered":"https:\/\/www.healthy-heart.org\/zycie-z-choroba-serca\/rodzaje-lekow\/"},"modified":"2024-12-10T12:23:57","modified_gmt":"2024-12-10T12:23:57","slug":"rodzaje-lekow","status":"publish","type":"page","link":"https:\/\/www.healthy-heart.org\/pl\/zycie-z-choroba-serca\/rodzaje-lekow\/","title":{"rendered":"Rodzaje lek\u00f3w"},"content":{"rendered":"<h3><strong>Leki rozrzedzaj\u0105ce krew<\/strong><\/h3>\n<p>Po zawale serca konieczne jest przyjmowanie lek\u00f3w przeciwp\u0142ytkowych. Zapobiegaj\u0105 one tworzeniu si\u0119 nowych zakrzep\u00f3w w t\u0119tnicach wie\u0144cowych lub w stentach (rurkach umieszczonych w zablokowanej t\u0119tnicy w celu przywr\u00f3cenia przep\u0142ywu krwi). Zazwyczaj pacjentowi zaleca si\u0119 przyjmowanie niskiej dawki aspiryny (od 75 do 100 mg\/dob\u0119) do ko\u0144ca \u017cycia, a dodatkowo przez kilka miesi\u0119cy r\u00f3wnie\u017c inhibitora P2Y12 (tikagreloru, prasugrelu lub klopidogrelu). Poniewa\u017c podstawowym zadaniem lek\u00f3w przeciwp\u0142ytkowych jest hamowanie tworzenia si\u0119 zakrzep\u00f3w, zwi\u0119kszaj\u0105 one ryzyko krwawienia. Zalety ich stosowania przewa\u017caj\u0105 jednak znacz\u0105co nad potencjalnym ryzykiem. Niezwykle wa\u017cne jest, aby nie przerywa\u0107 przyjmowania tych lek\u00f3w nawet na jeden dzie\u0144, chyba \u017ce na zalecenie kardiologa. Je\u015bli u pacjenta wyst\u0119puje r\u00f3wnie\u017c migotanie przedsionk\u00f3w, zamiast leku przeciwp\u0142ytkowego kardiolog mo\u017ce przepisa\u0107 inny lek rozrzedzaj\u0105cy krew (doustny lek przeciwzakrzepowy).<\/p>\n<h3><strong>Inhibitory pompy protonowej<\/strong><\/h3>\n<p>Je\u015bli istnieje wysokie ryzyko krwawienia z przewodu pokarmowego, kardiolog lub lekarz rodzinny mo\u017ce przepisa\u0107 inhibitor pompy protonowej w celu ochrony \u017co\u0142\u0105dka podczas przyjmowania dw\u00f3ch lek\u00f3w rozrzedzaj\u0105cych krew.<\/p>\n<h3><strong>Leki obni\u017caj\u0105ce poziom cholesterolu<\/strong><\/h3>\n<p>Aby spowolni\u0107 rozw\u00f3j mia\u017cd\u017cycy, nale\u017cy obni\u017cy\u0107 poziom cholesterolu o co najmniej o 50%, a docelowe st\u0119\u017cenie cholesterolu LDL powinno by\u0107 ni\u017csze ni\u017c 55 mg\/dl (&lt;1,4 mmol\/l). Do tego celu najlepiej nadaj\u0105 si\u0119 statyny. Statyny zmniejszaj\u0105 produkcj\u0119 cholesterolu w w\u0105trobie oraz liczb\u0119 blaszek mia\u017cd\u017cycowych w t\u0119tnicach i obni\u017caj\u0105 ryzyko kolejnego zawa\u0142u serca. Mo\u017cliwe efekty uboczne obejmuj\u0105 b\u00f3le mi\u0119\u015bni i zwi\u0119kszenie poziomu enzym\u00f3w w\u0105trobowych we krwi, ale zazwyczaj s\u0105 one \u0142agodne i \u0142atwe do opanowania. Mimo negatywnych historii na temat leczenia statynami, kt\u00f3re pojawia\u0142y si\u0119 w wiadomo\u015bciach, nale\u017cy pami\u0119ta\u0107, \u017ce przerwanie leczenia statynami zdecydowanie zwi\u0119ksza ryzyko kolejnego zawa\u0142u serca. W niekt\u00f3rych przypadkach kardiolog mo\u017ce zdecydowa\u0107 o dodaniu do statyn ezetymibu, kt\u00f3ry hamuje wch\u0142anianie cholesterolu przez jelita i w ten spos\u00f3b powoduje dalsze obni\u017cenie jego st\u0119\u017cenia. Je\u015bli poziom cholesterolu jest bardzo wysoki lub je\u017celi nie tolerujesz leczenia statynami, kardiolog mo\u017ce przepisa\u0107 ci kwas bempediowy, b\u0119d\u0105cy nowym lekiem spowalniaj\u0105cym wytwarzanie cholesterolu w w\u0105trobie. Innym rozwi\u0105zaniem jest inhibitor PCSK9 albo Inclisiran w postaci zastrzyk\u00f3w, kt\u00f3re zwi\u0119kszaj\u0105 rozk\u0142ad cholesterolu LDL w w\u0105trobie.<\/p>\n<h3><strong>Beta blokery<\/strong><\/h3>\n<p>Beta blokery chroni\u0105 serce przed szkodliwym dzia\u0142aniem adrenaliny. Obni\u017caj\u0105 t\u0119tno, <a href=\"https:\/\/www.healthy-heart.org\/keep-your-heart-healthy\/blood-pressure\/\">ci\u015bnienie krwi<\/a> i zu\u017cycie tlenu przez serce. Je\u015bli wydajno\u015b\u0107 pompowania serca jest ograniczona, pomagaj\u0105 one zapobiec dalszemu pogorszeniu. W przypadku zbyt mocnego obni\u017cenia t\u0119tna mog\u0105 wyst\u0105pi\u0107 zawroty g\u0142owy. Do cz\u0119stych dodatkowych dzia\u0142a\u0144 niepo\u017c\u0105danych nale\u017c\u0105 b\u00f3le g\u0142owy, zimne d\u0142onie i stopy, zm\u0119czenie i problemy ze snem. R\u00f3\u017cne beta blokery maj\u0105 r\u00f3\u017cne dzia\u0142ania uboczne, dlatego aby znale\u017a\u0107 odpowiedni dla siebie lek, nale\u017cy skonsultowa\u0107 si\u0119 z kardiologiem.<\/p>\n<h3><strong>Inhibitory ACE i antagoni\u015bci receptora angiotensyny (ARB)<\/strong><\/h3>\n<p>Inhibitory konwertazy angiotensyny (ACE) zmniejszaj\u0105 wytwarzanie angiotensyny II, enzymu zw\u0119\u017caj\u0105cego naczynia krwiono\u015bne, natomiast antagoni\u015bci receptora angiotensyny (ARB) hamuj\u0105 jego dzia\u0142anie. Efekty te pomagaj\u0105 w rozszerzaniu i rozkurczaniu naczy\u0144, poprawiaj\u0105c przep\u0142yw krwi i obni\u017caj\u0105c jej ci\u015bnienie. Ponadto leki te poprawiaj\u0105 wydajno\u015b\u0107 pompowania serca, je\u015bli zosta\u0142a ona ograniczona przez zawa\u0142. Najcz\u0119stszym dzia\u0142aniem ubocznym inhibitor\u00f3w ACE jest suchy kaszel, kt\u00f3ry mo\u017ce by\u0107 bod\u017acem do przej\u015bcia na ARB. Po osi\u0105gni\u0119ciu prawid\u0142owego ci\u015bnienia krwi dawka inhibitora ACE lub ARB musi zosta\u0107 zmodyfikowana.<\/p>\n<h3><strong>MRA<\/strong><\/h3>\n<p>Antagonisty receptora mineralokortykoidowego (MRA), w tym spironolakton i eplerenon, mo\u017cna stosowa\u0107 dodatkowo do beta bloker\u00f3w i inhibitor\u00f3w ACE, je\u015bli po zawale serca wydajno\u015b\u0107 pompowania tego narz\u0105du jest ograniczona. MRA to s\u0142abe leki moczop\u0119dne, kt\u00f3re pomagaj\u0105 organizmowi wyeliminowa\u0107 nadmiar p\u0142ynu. Obni\u017caj\u0105 r\u00f3wnie\u017c ci\u015bnienie krwi. Mo\u017cliwe dzia\u0142ania niepo\u017c\u0105dane spironolaktonu to zwi\u0119kszenie st\u0119\u017cenia potasu w surowicy i ginekomastia (powi\u0119kszenie piersi u m\u0119\u017cczyzn). Ten ostatni objaw powinien by\u0107 bod\u017acem do przej\u015bcia na eplerenon, kt\u00f3ry nie powoduje tego efektu ubocznego.<\/p>\n<p>Lekarz mo\u017ce przepisa\u0107 tak\u017ce dodatkowe leki w zale\u017cno\u015bci od innych wyst\u0119puj\u0105cych u pacjenta schorze\u0144, np. <a href=\"https:\/\/www.healthy-heart.org\/keep-your-heart-healthy\/diabetes\/\">cukrzycy<\/a>, choroby nerek czy oty\u0142o\u015bci.<\/p>\n<p>&nbsp;<\/p>\n","protected":false},"excerpt":{"rendered":"<p>Leki rozrzedzaj\u0105ce krew Po zawale serca konieczne jest przyjmowanie lek\u00f3w przeciwp\u0142ytkowych. Zapobiegaj\u0105 one tworzeniu si\u0119 nowych zakrzep\u00f3w w t\u0119tnicach wie\u0144cowych lub w stentach (rurkach umieszczonych w zablokowanej t\u0119tnicy w celu przywr\u00f3cenia przep\u0142ywu krwi). Zazwyczaj pacjentowi zaleca si\u0119 przyjmowanie niskiej dawki aspiryny (od 75 do 100 mg\/dob\u0119) do ko\u0144ca \u017cycia, a dodatkowo przez kilka miesi\u0119cy r\u00f3wnie\u017c [&hellip;]<\/p>\n","protected":false},"author":1,"featured_media":1217,"parent":1863,"menu_order":2,"comment_status":"closed","ping_status":"closed","template":"","meta":{"_acf_changed":false,"footnotes":""},"categories":[61],"tags":[],"class_list":["post-1879","page","type-page","status-publish","has-post-thumbnail","hentry","category-zycie-z-choroba-serca"],"acf":[],"yoast_head":"<!-- This site is optimized with the Yoast SEO plugin v24.0 - https:\/\/yoast.com\/wordpress\/plugins\/seo\/ -->\n<title>Rodzaje lek\u00f3w - Healthy-Heart.org<\/title>\n<meta name=\"description\" content=\"Dowiedz si\u0119 wi\u0119cej na temat rodzaj\u00f3w lek\u00f3w i ich skutk\u00f3w ubocznych u pacjent\u00f3w cierpi\u0105cych na choroby uk\u0142adu kr\u0105\u017cenia.\" \/>\n<meta name=\"robots\" content=\"index, follow, max-snippet:-1, max-image-preview:large, max-video-preview:-1\" \/>\n<link rel=\"canonical\" href=\"https:\/\/www.healthy-heart.org\/pl\/zycie-z-choroba-serca\/rodzaje-lekow\/\" \/>\n<meta property=\"og:locale\" content=\"pl_PL\" \/>\n<meta property=\"og:type\" content=\"article\" \/>\n<meta property=\"og:title\" content=\"Rodzaje lek\u00f3w - Healthy-Heart.org\" \/>\n<meta property=\"og:description\" content=\"Dowiedz si\u0119 wi\u0119cej na temat rodzaj\u00f3w lek\u00f3w i ich skutk\u00f3w ubocznych u pacjent\u00f3w cierpi\u0105cych na choroby uk\u0142adu kr\u0105\u017cenia.\" \/>\n<meta property=\"og:url\" content=\"https:\/\/www.healthy-heart.org\/pl\/zycie-z-choroba-serca\/rodzaje-lekow\/\" \/>\n<meta property=\"og:site_name\" content=\"Healthy-Heart.org\" \/>\n<meta property=\"article:modified_time\" content=\"2024-12-10T12:23:57+00:00\" \/>\n<meta property=\"og:image\" content=\"https:\/\/www.healthy-heart.org\/wp-content\/uploads\/2019\/08\/Important-drugs-and-their-side-effects-iStock-1031014554-1024x683.jpg\" \/>\n\t<meta property=\"og:image:width\" content=\"1024\" \/>\n\t<meta property=\"og:image:height\" content=\"683\" \/>\n\t<meta property=\"og:image:type\" content=\"image\/jpeg\" \/>\n<meta name=\"twitter:card\" content=\"summary_large_image\" \/>\n<meta name=\"twitter:label1\" content=\"Szacowany czas czytania\" \/>\n\t<meta name=\"twitter:data1\" content=\"4 minuty\" \/>\n<script type=\"application\/ld+json\" class=\"yoast-schema-graph\">{\"@context\":\"https:\/\/schema.org\",\"@graph\":[{\"@type\":\"WebPage\",\"@id\":\"https:\/\/www.healthy-heart.org\/pl\/zycie-z-choroba-serca\/rodzaje-lekow\/\",\"url\":\"https:\/\/www.healthy-heart.org\/pl\/zycie-z-choroba-serca\/rodzaje-lekow\/\",\"name\":\"Rodzaje lek\u00f3w - Healthy-Heart.org\",\"isPartOf\":{\"@id\":\"https:\/\/www.healthy-heart.org\/es\/#website\"},\"primaryImageOfPage\":{\"@id\":\"https:\/\/www.healthy-heart.org\/pl\/zycie-z-choroba-serca\/rodzaje-lekow\/#primaryimage\"},\"image\":{\"@id\":\"https:\/\/www.healthy-heart.org\/pl\/zycie-z-choroba-serca\/rodzaje-lekow\/#primaryimage\"},\"thumbnailUrl\":\"https:\/\/www.healthy-heart.org\/wp-content\/uploads\/2019\/08\/Important-drugs-and-their-side-effects-iStock-1031014554.jpg\",\"datePublished\":\"2019-10-07T20:31:20+00:00\",\"dateModified\":\"2024-12-10T12:23:57+00:00\",\"description\":\"Dowiedz si\u0119 wi\u0119cej na temat rodzaj\u00f3w lek\u00f3w i ich skutk\u00f3w ubocznych u pacjent\u00f3w cierpi\u0105cych na choroby uk\u0142adu kr\u0105\u017cenia.\",\"breadcrumb\":{\"@id\":\"https:\/\/www.healthy-heart.org\/pl\/zycie-z-choroba-serca\/rodzaje-lekow\/#breadcrumb\"},\"inLanguage\":\"pl-PL\",\"potentialAction\":[{\"@type\":\"ReadAction\",\"target\":[\"https:\/\/www.healthy-heart.org\/pl\/zycie-z-choroba-serca\/rodzaje-lekow\/\"]}]},{\"@type\":\"ImageObject\",\"inLanguage\":\"pl-PL\",\"@id\":\"https:\/\/www.healthy-heart.org\/pl\/zycie-z-choroba-serca\/rodzaje-lekow\/#primaryimage\",\"url\":\"https:\/\/www.healthy-heart.org\/wp-content\/uploads\/2019\/08\/Important-drugs-and-their-side-effects-iStock-1031014554.jpg\",\"contentUrl\":\"https:\/\/www.healthy-heart.org\/wp-content\/uploads\/2019\/08\/Important-drugs-and-their-side-effects-iStock-1031014554.jpg\",\"width\":6000,\"height\":4000,\"caption\":\"Leczenie chor\u00f3b serca\"},{\"@type\":\"BreadcrumbList\",\"@id\":\"https:\/\/www.healthy-heart.org\/pl\/zycie-z-choroba-serca\/rodzaje-lekow\/#breadcrumb\",\"itemListElement\":[{\"@type\":\"ListItem\",\"position\":1,\"name\":\"Home\",\"item\":\"https:\/\/www.healthy-heart.org\/pl\/\"},{\"@type\":\"ListItem\",\"position\":2,\"name\":\"\u017bycie z chorob\u0105 serca\",\"item\":\"https:\/\/www.healthy-heart.org\/pl\/zycie-z-choroba-serca\/\"},{\"@type\":\"ListItem\",\"position\":3,\"name\":\"Rodzaje lek\u00f3w\"}]},{\"@type\":\"WebSite\",\"@id\":\"https:\/\/www.healthy-heart.org\/es\/#website\",\"url\":\"https:\/\/www.healthy-heart.org\/es\/\",\"name\":\"Healthy-Heart.org\",\"description\":\"Practical advice for patients and family care givers on the prevention of cardiovascular disease\",\"potentialAction\":[{\"@type\":\"SearchAction\",\"target\":{\"@type\":\"EntryPoint\",\"urlTemplate\":\"https:\/\/www.healthy-heart.org\/es\/?s={search_term_string}\"},\"query-input\":{\"@type\":\"PropertyValueSpecification\",\"valueRequired\":true,\"valueName\":\"search_term_string\"}}],\"inLanguage\":\"pl-PL\"}]}<\/script>\n<!-- \/ Yoast SEO plugin. -->","yoast_head_json":{"title":"Rodzaje lek\u00f3w - Healthy-Heart.org","description":"Dowiedz si\u0119 wi\u0119cej na temat rodzaj\u00f3w lek\u00f3w i ich skutk\u00f3w ubocznych u pacjent\u00f3w cierpi\u0105cych na choroby uk\u0142adu kr\u0105\u017cenia.","robots":{"index":"index","follow":"follow","max-snippet":"max-snippet:-1","max-image-preview":"max-image-preview:large","max-video-preview":"max-video-preview:-1"},"canonical":"https:\/\/www.healthy-heart.org\/pl\/zycie-z-choroba-serca\/rodzaje-lekow\/","og_locale":"pl_PL","og_type":"article","og_title":"Rodzaje lek\u00f3w - Healthy-Heart.org","og_description":"Dowiedz si\u0119 wi\u0119cej na temat rodzaj\u00f3w lek\u00f3w i ich skutk\u00f3w ubocznych u pacjent\u00f3w cierpi\u0105cych na choroby uk\u0142adu kr\u0105\u017cenia.","og_url":"https:\/\/www.healthy-heart.org\/pl\/zycie-z-choroba-serca\/rodzaje-lekow\/","og_site_name":"Healthy-Heart.org","article_modified_time":"2024-12-10T12:23:57+00:00","og_image":[{"width":1024,"height":683,"url":"https:\/\/www.healthy-heart.org\/wp-content\/uploads\/2019\/08\/Important-drugs-and-their-side-effects-iStock-1031014554-1024x683.jpg","type":"image\/jpeg"}],"twitter_card":"summary_large_image","twitter_misc":{"Szacowany czas czytania":"4 minuty"},"schema":{"@context":"https:\/\/schema.org","@graph":[{"@type":"WebPage","@id":"https:\/\/www.healthy-heart.org\/pl\/zycie-z-choroba-serca\/rodzaje-lekow\/","url":"https:\/\/www.healthy-heart.org\/pl\/zycie-z-choroba-serca\/rodzaje-lekow\/","name":"Rodzaje lek\u00f3w - Healthy-Heart.org","isPartOf":{"@id":"https:\/\/www.healthy-heart.org\/es\/#website"},"primaryImageOfPage":{"@id":"https:\/\/www.healthy-heart.org\/pl\/zycie-z-choroba-serca\/rodzaje-lekow\/#primaryimage"},"image":{"@id":"https:\/\/www.healthy-heart.org\/pl\/zycie-z-choroba-serca\/rodzaje-lekow\/#primaryimage"},"thumbnailUrl":"https:\/\/www.healthy-heart.org\/wp-content\/uploads\/2019\/08\/Important-drugs-and-their-side-effects-iStock-1031014554.jpg","datePublished":"2019-10-07T20:31:20+00:00","dateModified":"2024-12-10T12:23:57+00:00","description":"Dowiedz si\u0119 wi\u0119cej na temat rodzaj\u00f3w lek\u00f3w i ich skutk\u00f3w ubocznych u pacjent\u00f3w cierpi\u0105cych na choroby uk\u0142adu kr\u0105\u017cenia.","breadcrumb":{"@id":"https:\/\/www.healthy-heart.org\/pl\/zycie-z-choroba-serca\/rodzaje-lekow\/#breadcrumb"},"inLanguage":"pl-PL","potentialAction":[{"@type":"ReadAction","target":["https:\/\/www.healthy-heart.org\/pl\/zycie-z-choroba-serca\/rodzaje-lekow\/"]}]},{"@type":"ImageObject","inLanguage":"pl-PL","@id":"https:\/\/www.healthy-heart.org\/pl\/zycie-z-choroba-serca\/rodzaje-lekow\/#primaryimage","url":"https:\/\/www.healthy-heart.org\/wp-content\/uploads\/2019\/08\/Important-drugs-and-their-side-effects-iStock-1031014554.jpg","contentUrl":"https:\/\/www.healthy-heart.org\/wp-content\/uploads\/2019\/08\/Important-drugs-and-their-side-effects-iStock-1031014554.jpg","width":6000,"height":4000,"caption":"Leczenie chor\u00f3b serca"},{"@type":"BreadcrumbList","@id":"https:\/\/www.healthy-heart.org\/pl\/zycie-z-choroba-serca\/rodzaje-lekow\/#breadcrumb","itemListElement":[{"@type":"ListItem","position":1,"name":"Home","item":"https:\/\/www.healthy-heart.org\/pl\/"},{"@type":"ListItem","position":2,"name":"\u017bycie z chorob\u0105 serca","item":"https:\/\/www.healthy-heart.org\/pl\/zycie-z-choroba-serca\/"},{"@type":"ListItem","position":3,"name":"Rodzaje lek\u00f3w"}]},{"@type":"WebSite","@id":"https:\/\/www.healthy-heart.org\/es\/#website","url":"https:\/\/www.healthy-heart.org\/es\/","name":"Healthy-Heart.org","description":"Practical advice for patients and family care givers on the prevention of cardiovascular disease","potentialAction":[{"@type":"SearchAction","target":{"@type":"EntryPoint","urlTemplate":"https:\/\/www.healthy-heart.org\/es\/?s={search_term_string}"},"query-input":{"@type":"PropertyValueSpecification","valueRequired":true,"valueName":"search_term_string"}}],"inLanguage":"pl-PL"}]}},"_links":{"self":[{"href":"https:\/\/www.healthy-heart.org\/pl\/wp-json\/wp\/v2\/pages\/1879","targetHints":{"allow":["GET"]}}],"collection":[{"href":"https:\/\/www.healthy-heart.org\/pl\/wp-json\/wp\/v2\/pages"}],"about":[{"href":"https:\/\/www.healthy-heart.org\/pl\/wp-json\/wp\/v2\/types\/page"}],"author":[{"embeddable":true,"href":"https:\/\/www.healthy-heart.org\/pl\/wp-json\/wp\/v2\/users\/1"}],"replies":[{"embeddable":true,"href":"https:\/\/www.healthy-heart.org\/pl\/wp-json\/wp\/v2\/comments?post=1879"}],"version-history":[{"count":3,"href":"https:\/\/www.healthy-heart.org\/pl\/wp-json\/wp\/v2\/pages\/1879\/revisions"}],"predecessor-version":[{"id":7399,"href":"https:\/\/www.healthy-heart.org\/pl\/wp-json\/wp\/v2\/pages\/1879\/revisions\/7399"}],"up":[{"embeddable":true,"href":"https:\/\/www.healthy-heart.org\/pl\/wp-json\/wp\/v2\/pages\/1863"}],"wp:featuredmedia":[{"embeddable":true,"href":"https:\/\/www.healthy-heart.org\/pl\/wp-json\/wp\/v2\/media\/1217"}],"wp:attachment":[{"href":"https:\/\/www.healthy-heart.org\/pl\/wp-json\/wp\/v2\/media?parent=1879"}],"wp:term":[{"taxonomy":"category","embeddable":true,"href":"https:\/\/www.healthy-heart.org\/pl\/wp-json\/wp\/v2\/categories?post=1879"},{"taxonomy":"post_tag","embeddable":true,"href":"https:\/\/www.healthy-heart.org\/pl\/wp-json\/wp\/v2\/tags?post=1879"}],"curies":[{"name":"wp","href":"https:\/\/api.w.org\/{rel}","templated":true}]}}