{"id":1853,"date":"2019-10-07T18:02:29","date_gmt":"2019-10-07T17:02:29","guid":{"rendered":"https:\/\/www.healthy-heart.org\/podrozowanie-po-zawale-serca\/"},"modified":"2024-12-10T12:24:08","modified_gmt":"2024-12-10T12:24:08","slug":"podrozowanie-po-zawale-serca","status":"publish","type":"page","link":"https:\/\/www.healthy-heart.org\/pl\/zycie-z-choroba-serca\/podrozowanie-po-zawale-serca\/","title":{"rendered":"Podr\u00f3\u017cowanie po zawale serca"},"content":{"rendered":"<p><img loading=\"lazy\" decoding=\"async\" class=\"size-medium wp-image-3193 alignright\" src=\"https:\/\/cdn-endpoint-prev.azureedge.net\/healthy-heart\/2019\/10\/Travel-1-350x227.jpg\" alt=\"\" width=\"350\" height=\"227\" srcset=\"https:\/\/cdn-endpoint-prev.azureedge.net\/healthy-heart\/2019\/10\/Travel-1-350x227.jpg 350w, https:\/\/cdn-endpoint-prev.azureedge.net\/healthy-heart\/2019\/10\/Travel-1-1024x665.jpg 1024w, https:\/\/cdn-endpoint-prev.azureedge.net\/healthy-heart\/2019\/10\/Travel-1-676x439.jpg 676w, https:\/\/www.healthy-heart.org\/wp-content\/uploads\/2019\/10\/Travel-1-200x130.jpg 200w, https:\/\/www.healthy-heart.org\/wp-content\/uploads\/2019\/10\/Travel-1-768x499.jpg 768w, https:\/\/www.healthy-heart.org\/wp-content\/uploads\/2019\/10\/Travel-1-1536x998.jpg 1536w, https:\/\/www.healthy-heart.org\/wp-content\/uploads\/2019\/10\/Travel-1-2048x1331.jpg 2048w, https:\/\/www.healthy-heart.org\/wp-content\/uploads\/2019\/10\/Travel-1-700x455.jpg 700w\" sizes=\"auto, (max-width: 350px) 100vw, 350px\" \/><\/p>\n<p>Wkr\u00f3tce po wypisaniu ze szpitala mo\u017cesz podr\u00f3\u017cowa\u0107 samochodem lub poci\u0105giem jako pasa\u017cer. Podczas jazdy samochodem nale\u017cy pami\u0119ta\u0107, aby samemu nie siada\u0107 za kierownic\u0119, a w d\u0142ugiej podr\u00f3\u017cy zadba\u0107 o cz\u0119ste przerwy. Przepisy dotycz\u0105ce kierowania pojazdami przez osoby cierpi\u0105ce na r\u00f3\u017cne schorzenia bywaj\u0105 odmienne w poszczeg\u00f3lnych krajach, dlatego przed podr\u00f3\u017c\u0105 nale\u017cy zawsze si\u0119 z nimi zapozna\u0107.<\/p>\n<p>Mo\u017cliwo\u015b\u0107 latania samolotem zale\u017cy od osoby. Zapytaj lekarza, kiedy b\u0119dzie to bezpieczne w twoim przypadku. Decyzja lekarza b\u0119dzie zale\u017ca\u0142a od czynnik\u00f3w takich jak ci\u0119\u017cko\u015b\u0107 przebytego zawa\u0142u, czas trwania lotu oraz od tego, czy podr\u00f3\u017cujesz sam, czy b\u0119dziesz w towarzystwie. Ryzyko zwi\u0105zane z lataniem po zawale serca bez powik\u0142a\u0144 jest zasadniczo niskie, dlatego wielu pacjent\u00f3w mo\u017ce lata\u0107 nawet trzy dni po wyj\u015bciu ze szpitala. Pacjenci, u kt\u00f3rych wyst\u0105pi\u0142y powik\u0142ania, powinni od\u0142o\u017cy\u0107 latanie do czasu ustabilizowania si\u0119 stanu zdrowia. W przypadku konieczno\u015bci odbycia lotu w ci\u0105gu dw\u00f3ch tygodni od zawa\u0142u lekarz mo\u017ce zaleci\u0107 eskort\u0119 medyczn\u0105, poniewa\u017c niska zawarto\u015b\u0107 tlenu w kabinie samolotu mo\u017ce by\u0107 niebezpieczna. Ponadto nale\u017cy zasi\u0119gn\u0105\u0107 informacji u swojego ubezpieczyciela i w linii lotniczej, poniewa\u017c warunki polis dotycz\u0105ce podr\u00f3\u017cy lotniczych pasa\u017cer\u00f3w ze schorzeniami przewlek\u0142ymi bywaj\u0105 bardzo r\u00f3\u017cne.<\/p>\n","protected":false},"excerpt":{"rendered":"<p>Wkr\u00f3tce po wypisaniu ze szpitala mo\u017cesz podr\u00f3\u017cowa\u0107 samochodem lub poci\u0105giem jako pasa\u017cer. Podczas jazdy samochodem nale\u017cy pami\u0119ta\u0107, aby samemu nie siada\u0107 za kierownic\u0119, a w d\u0142ugiej podr\u00f3\u017cy zadba\u0107 o cz\u0119ste przerwy. Przepisy dotycz\u0105ce kierowania pojazdami przez osoby cierpi\u0105ce na r\u00f3\u017cne schorzenia bywaj\u0105 odmienne w poszczeg\u00f3lnych krajach, dlatego przed podr\u00f3\u017c\u0105 nale\u017cy zawsze si\u0119 z nimi zapozna\u0107. [&hellip;]<\/p>\n","protected":false},"author":1,"featured_media":3197,"parent":1863,"menu_order":7,"comment_status":"closed","ping_status":"closed","template":"","meta":{"_acf_changed":false,"footnotes":""},"categories":[61],"tags":[],"class_list":["post-1853","page","type-page","status-publish","has-post-thumbnail","hentry","category-zycie-z-choroba-serca"],"acf":[],"yoast_head":"<!-- This site is optimized with the Yoast SEO plugin v24.0 - https:\/\/yoast.com\/wordpress\/plugins\/seo\/ -->\n<title>Podr\u00f3\u017cowanie po zawale serca - Healthy-Heart.org<\/title>\n<meta name=\"description\" content=\"Po zawale serca mo\u017cna podr\u00f3\u017cowa\u0107 poci\u0105giem lub samochodem jako pasa\u017cer od razu po wypisaniu ze szpitala, nie przem\u0119czaj\u0105c si\u0119 zbytnio.\" \/>\n<meta name=\"robots\" content=\"index, follow, max-snippet:-1, max-image-preview:large, max-video-preview:-1\" \/>\n<link rel=\"canonical\" href=\"https:\/\/www.healthy-heart.org\/pl\/zycie-z-choroba-serca\/podrozowanie-po-zawale-serca\/\" \/>\n<meta property=\"og:locale\" content=\"pl_PL\" \/>\n<meta property=\"og:type\" content=\"article\" \/>\n<meta property=\"og:title\" content=\"Podr\u00f3\u017cowanie po zawale serca - Healthy-Heart.org\" \/>\n<meta property=\"og:description\" content=\"Po zawale serca mo\u017cna podr\u00f3\u017cowa\u0107 poci\u0105giem lub samochodem jako pasa\u017cer od razu po wypisaniu ze szpitala, nie przem\u0119czaj\u0105c si\u0119 zbytnio.\" \/>\n<meta property=\"og:url\" content=\"https:\/\/www.healthy-heart.org\/pl\/zycie-z-choroba-serca\/podrozowanie-po-zawale-serca\/\" \/>\n<meta property=\"og:site_name\" content=\"Healthy-Heart.org\" \/>\n<meta property=\"article:modified_time\" content=\"2024-12-10T12:24:08+00:00\" \/>\n<meta property=\"og:image\" content=\"https:\/\/www.healthy-heart.org\/wp-content\/uploads\/2019\/10\/Travel-1.jpg\" \/>\n\t<meta property=\"og:image:width\" content=\"3144\" \/>\n\t<meta property=\"og:image:height\" content=\"2043\" \/>\n\t<meta property=\"og:image:type\" content=\"image\/jpeg\" \/>\n<meta name=\"twitter:card\" content=\"summary_large_image\" \/>\n<meta name=\"twitter:label1\" content=\"Szacowany czas czytania\" \/>\n\t<meta name=\"twitter:data1\" content=\"1 minuta\" \/>\n<script type=\"application\/ld+json\" class=\"yoast-schema-graph\">{\"@context\":\"https:\/\/schema.org\",\"@graph\":[{\"@type\":\"WebPage\",\"@id\":\"https:\/\/www.healthy-heart.org\/pl\/zycie-z-choroba-serca\/podrozowanie-po-zawale-serca\/\",\"url\":\"https:\/\/www.healthy-heart.org\/pl\/zycie-z-choroba-serca\/podrozowanie-po-zawale-serca\/\",\"name\":\"Podr\u00f3\u017cowanie po zawale serca - Healthy-Heart.org\",\"isPartOf\":{\"@id\":\"https:\/\/www.healthy-heart.org\/es\/#website\"},\"primaryImageOfPage\":{\"@id\":\"https:\/\/www.healthy-heart.org\/pl\/zycie-z-choroba-serca\/podrozowanie-po-zawale-serca\/#primaryimage\"},\"image\":{\"@id\":\"https:\/\/www.healthy-heart.org\/pl\/zycie-z-choroba-serca\/podrozowanie-po-zawale-serca\/#primaryimage\"},\"thumbnailUrl\":\"https:\/\/www.healthy-heart.org\/wp-content\/uploads\/2019\/10\/Travel-1.jpg\",\"datePublished\":\"2019-10-07T17:02:29+00:00\",\"dateModified\":\"2024-12-10T12:24:08+00:00\",\"description\":\"Po zawale serca mo\u017cna podr\u00f3\u017cowa\u0107 poci\u0105giem lub samochodem jako pasa\u017cer od razu po wypisaniu ze szpitala, nie przem\u0119czaj\u0105c si\u0119 zbytnio.\",\"breadcrumb\":{\"@id\":\"https:\/\/www.healthy-heart.org\/pl\/zycie-z-choroba-serca\/podrozowanie-po-zawale-serca\/#breadcrumb\"},\"inLanguage\":\"pl-PL\",\"potentialAction\":[{\"@type\":\"ReadAction\",\"target\":[\"https:\/\/www.healthy-heart.org\/pl\/zycie-z-choroba-serca\/podrozowanie-po-zawale-serca\/\"]}]},{\"@type\":\"ImageObject\",\"inLanguage\":\"pl-PL\",\"@id\":\"https:\/\/www.healthy-heart.org\/pl\/zycie-z-choroba-serca\/podrozowanie-po-zawale-serca\/#primaryimage\",\"url\":\"https:\/\/www.healthy-heart.org\/wp-content\/uploads\/2019\/10\/Travel-1.jpg\",\"contentUrl\":\"https:\/\/www.healthy-heart.org\/wp-content\/uploads\/2019\/10\/Travel-1.jpg\",\"width\":3144,\"height\":2043},{\"@type\":\"BreadcrumbList\",\"@id\":\"https:\/\/www.healthy-heart.org\/pl\/zycie-z-choroba-serca\/podrozowanie-po-zawale-serca\/#breadcrumb\",\"itemListElement\":[{\"@type\":\"ListItem\",\"position\":1,\"name\":\"Home\",\"item\":\"https:\/\/www.healthy-heart.org\/pl\/\"},{\"@type\":\"ListItem\",\"position\":2,\"name\":\"\u017bycie z chorob\u0105 serca\",\"item\":\"https:\/\/www.healthy-heart.org\/pl\/zycie-z-choroba-serca\/\"},{\"@type\":\"ListItem\",\"position\":3,\"name\":\"Podr\u00f3\u017cowanie po zawale serca\"}]},{\"@type\":\"WebSite\",\"@id\":\"https:\/\/www.healthy-heart.org\/es\/#website\",\"url\":\"https:\/\/www.healthy-heart.org\/es\/\",\"name\":\"Healthy-Heart.org\",\"description\":\"Practical advice for patients and family care givers on the prevention of cardiovascular disease\",\"potentialAction\":[{\"@type\":\"SearchAction\",\"target\":{\"@type\":\"EntryPoint\",\"urlTemplate\":\"https:\/\/www.healthy-heart.org\/es\/?s={search_term_string}\"},\"query-input\":{\"@type\":\"PropertyValueSpecification\",\"valueRequired\":true,\"valueName\":\"search_term_string\"}}],\"inLanguage\":\"pl-PL\"}]}<\/script>\n<!-- \/ Yoast SEO plugin. -->","yoast_head_json":{"title":"Podr\u00f3\u017cowanie po zawale serca - Healthy-Heart.org","description":"Po zawale serca mo\u017cna podr\u00f3\u017cowa\u0107 poci\u0105giem lub samochodem jako pasa\u017cer od razu po wypisaniu ze szpitala, nie przem\u0119czaj\u0105c si\u0119 zbytnio.","robots":{"index":"index","follow":"follow","max-snippet":"max-snippet:-1","max-image-preview":"max-image-preview:large","max-video-preview":"max-video-preview:-1"},"canonical":"https:\/\/www.healthy-heart.org\/pl\/zycie-z-choroba-serca\/podrozowanie-po-zawale-serca\/","og_locale":"pl_PL","og_type":"article","og_title":"Podr\u00f3\u017cowanie po zawale serca - Healthy-Heart.org","og_description":"Po zawale serca mo\u017cna podr\u00f3\u017cowa\u0107 poci\u0105giem lub samochodem jako pasa\u017cer od razu po wypisaniu ze szpitala, nie przem\u0119czaj\u0105c si\u0119 zbytnio.","og_url":"https:\/\/www.healthy-heart.org\/pl\/zycie-z-choroba-serca\/podrozowanie-po-zawale-serca\/","og_site_name":"Healthy-Heart.org","article_modified_time":"2024-12-10T12:24:08+00:00","og_image":[{"width":3144,"height":2043,"url":"https:\/\/www.healthy-heart.org\/wp-content\/uploads\/2019\/10\/Travel-1.jpg","type":"image\/jpeg"}],"twitter_card":"summary_large_image","twitter_misc":{"Szacowany czas czytania":"1 minuta"},"schema":{"@context":"https:\/\/schema.org","@graph":[{"@type":"WebPage","@id":"https:\/\/www.healthy-heart.org\/pl\/zycie-z-choroba-serca\/podrozowanie-po-zawale-serca\/","url":"https:\/\/www.healthy-heart.org\/pl\/zycie-z-choroba-serca\/podrozowanie-po-zawale-serca\/","name":"Podr\u00f3\u017cowanie po zawale serca - Healthy-Heart.org","isPartOf":{"@id":"https:\/\/www.healthy-heart.org\/es\/#website"},"primaryImageOfPage":{"@id":"https:\/\/www.healthy-heart.org\/pl\/zycie-z-choroba-serca\/podrozowanie-po-zawale-serca\/#primaryimage"},"image":{"@id":"https:\/\/www.healthy-heart.org\/pl\/zycie-z-choroba-serca\/podrozowanie-po-zawale-serca\/#primaryimage"},"thumbnailUrl":"https:\/\/www.healthy-heart.org\/wp-content\/uploads\/2019\/10\/Travel-1.jpg","datePublished":"2019-10-07T17:02:29+00:00","dateModified":"2024-12-10T12:24:08+00:00","description":"Po zawale serca mo\u017cna podr\u00f3\u017cowa\u0107 poci\u0105giem lub samochodem jako pasa\u017cer od razu po wypisaniu ze szpitala, nie przem\u0119czaj\u0105c si\u0119 zbytnio.","breadcrumb":{"@id":"https:\/\/www.healthy-heart.org\/pl\/zycie-z-choroba-serca\/podrozowanie-po-zawale-serca\/#breadcrumb"},"inLanguage":"pl-PL","potentialAction":[{"@type":"ReadAction","target":["https:\/\/www.healthy-heart.org\/pl\/zycie-z-choroba-serca\/podrozowanie-po-zawale-serca\/"]}]},{"@type":"ImageObject","inLanguage":"pl-PL","@id":"https:\/\/www.healthy-heart.org\/pl\/zycie-z-choroba-serca\/podrozowanie-po-zawale-serca\/#primaryimage","url":"https:\/\/www.healthy-heart.org\/wp-content\/uploads\/2019\/10\/Travel-1.jpg","contentUrl":"https:\/\/www.healthy-heart.org\/wp-content\/uploads\/2019\/10\/Travel-1.jpg","width":3144,"height":2043},{"@type":"BreadcrumbList","@id":"https:\/\/www.healthy-heart.org\/pl\/zycie-z-choroba-serca\/podrozowanie-po-zawale-serca\/#breadcrumb","itemListElement":[{"@type":"ListItem","position":1,"name":"Home","item":"https:\/\/www.healthy-heart.org\/pl\/"},{"@type":"ListItem","position":2,"name":"\u017bycie z chorob\u0105 serca","item":"https:\/\/www.healthy-heart.org\/pl\/zycie-z-choroba-serca\/"},{"@type":"ListItem","position":3,"name":"Podr\u00f3\u017cowanie po zawale serca"}]},{"@type":"WebSite","@id":"https:\/\/www.healthy-heart.org\/es\/#website","url":"https:\/\/www.healthy-heart.org\/es\/","name":"Healthy-Heart.org","description":"Practical advice for patients and family care givers on the prevention of cardiovascular disease","potentialAction":[{"@type":"SearchAction","target":{"@type":"EntryPoint","urlTemplate":"https:\/\/www.healthy-heart.org\/es\/?s={search_term_string}"},"query-input":{"@type":"PropertyValueSpecification","valueRequired":true,"valueName":"search_term_string"}}],"inLanguage":"pl-PL"}]}},"_links":{"self":[{"href":"https:\/\/www.healthy-heart.org\/pl\/wp-json\/wp\/v2\/pages\/1853","targetHints":{"allow":["GET"]}}],"collection":[{"href":"https:\/\/www.healthy-heart.org\/pl\/wp-json\/wp\/v2\/pages"}],"about":[{"href":"https:\/\/www.healthy-heart.org\/pl\/wp-json\/wp\/v2\/types\/page"}],"author":[{"embeddable":true,"href":"https:\/\/www.healthy-heart.org\/pl\/wp-json\/wp\/v2\/users\/1"}],"replies":[{"embeddable":true,"href":"https:\/\/www.healthy-heart.org\/pl\/wp-json\/wp\/v2\/comments?post=1853"}],"version-history":[{"count":5,"href":"https:\/\/www.healthy-heart.org\/pl\/wp-json\/wp\/v2\/pages\/1853\/revisions"}],"predecessor-version":[{"id":7418,"href":"https:\/\/www.healthy-heart.org\/pl\/wp-json\/wp\/v2\/pages\/1853\/revisions\/7418"}],"up":[{"embeddable":true,"href":"https:\/\/www.healthy-heart.org\/pl\/wp-json\/wp\/v2\/pages\/1863"}],"wp:featuredmedia":[{"embeddable":true,"href":"https:\/\/www.healthy-heart.org\/pl\/wp-json\/wp\/v2\/media\/3197"}],"wp:attachment":[{"href":"https:\/\/www.healthy-heart.org\/pl\/wp-json\/wp\/v2\/media?parent=1853"}],"wp:term":[{"taxonomy":"category","embeddable":true,"href":"https:\/\/www.healthy-heart.org\/pl\/wp-json\/wp\/v2\/categories?post=1853"},{"taxonomy":"post_tag","embeddable":true,"href":"https:\/\/www.healthy-heart.org\/pl\/wp-json\/wp\/v2\/tags?post=1853"}],"curies":[{"name":"wp","href":"https:\/\/api.w.org\/{rel}","templated":true}]}}