{"id":1848,"date":"2019-10-07T18:02:18","date_gmt":"2019-10-07T17:02:18","guid":{"rendered":"https:\/\/www.healthy-heart.org\/prowadzenie-pojazdow-po-zawale-serca\/"},"modified":"2021-01-26T17:37:01","modified_gmt":"2021-01-26T17:37:01","slug":"prowadzenie-pojazdow-po-zawale-serca","status":"publish","type":"page","link":"https:\/\/www.healthy-heart.org\/pl\/zycie-z-choroba-serca\/prowadzenie-pojazdow-po-zawale-serca\/","title":{"rendered":"Prowadzenie pojazd\u00f3w po zawale serca"},"content":{"rendered":"<p><img loading=\"lazy\" decoding=\"async\" class=\"alignright size-medium wp-image-529\" src=\"https:\/\/cdn-endpoint-prev.azureedge.net\/healthy-heart\/2019\/07\/iStock-974943148-350x233.jpg\" alt=\"\" width=\"350\" height=\"233\" srcset=\"https:\/\/www.healthy-heart.org\/wp-content\/uploads\/2019\/07\/iStock-974943148-350x233.jpg 350w, https:\/\/cdn-endpoint-prev.azureedge.net\/healthy-heart\/2019\/07\/iStock-974943148-2048x1365.jpg 2048w, https:\/\/www.healthy-heart.org\/wp-content\/uploads\/2019\/07\/iStock-974943148-200x133.jpg 200w, https:\/\/www.healthy-heart.org\/wp-content\/uploads\/2019\/07\/iStock-974943148-768x512.jpg 768w, https:\/\/www.healthy-heart.org\/wp-content\/uploads\/2019\/07\/iStock-974943148-1024x683.jpg 1024w, https:\/\/www.healthy-heart.org\/wp-content\/uploads\/2019\/07\/iStock-974943148-1536x1024.jpg 1536w, https:\/\/www.healthy-heart.org\/wp-content\/uploads\/2019\/07\/iStock-974943148-658x439.jpg 658w, https:\/\/www.healthy-heart.org\/wp-content\/uploads\/2019\/07\/iStock-974943148-696x464.jpg 696w\" sizes=\"auto, (max-width: 350px) 100vw, 350px\" \/><br \/>\nProwadzenie samochodu mo\u017ce by\u0107 stresuj\u0105ce i mo\u017ce by\u0107 dodatkowym czynnikiem ryzyka <a href=\"https:\/\/www.healthy-heart.org\/pl\/twoje-serce\/czym-jest-choroba-serca\/\">chor\u00f3b serca<\/a>. O tym, kiedy mo\u017cesz znowu zacz\u0105\u0107 prowadzi\u0107 pojazdy, zadecyduje kardiolog w oparciu o kilka kwestii. Nale\u017cy do nich czas mi\u0119dzy wyst\u0105pieniem b\u00f3lu w klatce piersiowej a interwencj\u0105, umiejscowienie zawa\u0142u mi\u0119\u015bnia sercowego, wydajno\u015b\u0107 pompowania serca, procedura zastosowana do przywr\u00f3cenia przep\u0142ywu krwi do zw\u0119\u017conych naczy\u0144 i stopie\u0144 przywr\u00f3cenia, wyst\u0119powanie innych zw\u0119\u017ce\u0144 t\u0119tnic wie\u0144cowych, kt\u00f3re musz\u0105 zosta\u0107 udro\u017cnione lub w kt\u00f3rych zw\u0119\u017cenie jest niedost\u0119pne, stabilno\u015b\u0107 rytmu serca, czas pobytu w szpitalu, powik\u0142ania w szpitalu i udzia\u0142 w rehabilitacji kardiologicznej.<\/p>\n<p>R\u00f3\u017cne s\u0105 zalecenia dotycz\u0105ce powrotu za kierownic\u0119. Nale\u017cy poczeka\u0107:<\/p>\n<ul>\n<li>Co najmniej cztery tygodnie po operacji pomostowania t\u0119tnicy wie\u0144cowej (trzy miesi\u0105ce w przypadku kierowc\u00f3w zawodowych, kt\u00f3rzy powinni najpierw przej\u015b\u0107 test wysi\u0142kowy).<\/li>\n<li>Co najmniej tydzie\u0144 po zawale mi\u0119\u015bnia sercowego bez powik\u0142a\u0144, je\u015bli wydajno\u015b\u0107 pompowania serca, tzw. frakcja wyrzutowa lewej komory serca (LVEF), jest wy\u017csza ni\u017c 35%.<\/li>\n<li>Miesi\u0105c po zawale mi\u0119\u015bnia sercowego z powik\u0142aniami takimi jak niewydolno\u015b\u0107 serca, je\u015bli LVEF wynosi poni\u017cej 35% lub w przypadku zaburze\u0144 rytmu serca (arytmii).<\/li>\n<li>Sze\u015b\u0107 tygodni w przypadku kierowc\u00f3w zawodowych po zawale mi\u0119\u015bnia sercowego, je\u015bli LVEF wynosi powy\u017cej 35%. Prowadzenie pojazd\u00f3w jest niewskazane, je\u015bli LVEF wynosi poni\u017cej 35%.<\/li>\n<li>24 godziny po planowanej przezsk\u00f3rnej interwencji wie\u0144cowej, je\u015bli zabieg zako\u0144czy si\u0119 powodzeniem i nie wyst\u0119puje arytmia (jeden miesi\u0105c w przypadku kierowc\u00f3w zawodowych).<\/li>\n<\/ul>\n<p>&nbsp;<\/p>\n","protected":false},"excerpt":{"rendered":"<p>Prowadzenie samochodu mo\u017ce by\u0107 stresuj\u0105ce i mo\u017ce by\u0107 dodatkowym czynnikiem ryzyka chor\u00f3b serca. O tym, kiedy mo\u017cesz znowu zacz\u0105\u0107 prowadzi\u0107 pojazdy, zadecyduje kardiolog w oparciu o kilka kwestii. Nale\u017cy do nich czas mi\u0119dzy wyst\u0105pieniem b\u00f3lu w klatce piersiowej a interwencj\u0105, umiejscowienie zawa\u0142u mi\u0119\u015bnia sercowego, wydajno\u015b\u0107 pompowania serca, procedura zastosowana do przywr\u00f3cenia przep\u0142ywu krwi do zw\u0119\u017conych [&hellip;]<\/p>\n","protected":false},"author":1,"featured_media":534,"parent":1863,"menu_order":6,"comment_status":"closed","ping_status":"closed","template":"","meta":{"_acf_changed":false,"footnotes":""},"categories":[61],"tags":[],"class_list":["post-1848","page","type-page","status-publish","has-post-thumbnail","hentry","category-zycie-z-choroba-serca"],"acf":[],"yoast_head":"<!-- This site is optimized with the Yoast SEO plugin v24.0 - https:\/\/yoast.com\/wordpress\/plugins\/seo\/ -->\n<title>Prowadzenie pojazd\u00f3w po zawale serca - Healthy-Heart.org<\/title>\n<meta name=\"description\" content=\"Zalecany czas, po jakim mo\u017cna prowadzi\u0107 pojazdy po zawale serca, zale\u017cy od rodzaju interwencji.\" \/>\n<meta name=\"robots\" content=\"index, follow, max-snippet:-1, max-image-preview:large, max-video-preview:-1\" \/>\n<link rel=\"canonical\" href=\"https:\/\/www.healthy-heart.org\/pl\/zycie-z-choroba-serca\/prowadzenie-pojazdow-po-zawale-serca\/\" \/>\n<meta property=\"og:locale\" content=\"pl_PL\" \/>\n<meta property=\"og:type\" content=\"article\" \/>\n<meta property=\"og:title\" content=\"Prowadzenie pojazd\u00f3w po zawale serca - Healthy-Heart.org\" \/>\n<meta property=\"og:description\" content=\"Zalecany czas, po jakim mo\u017cna prowadzi\u0107 pojazdy po zawale serca, zale\u017cy od rodzaju interwencji.\" \/>\n<meta property=\"og:url\" content=\"https:\/\/www.healthy-heart.org\/pl\/zycie-z-choroba-serca\/prowadzenie-pojazdow-po-zawale-serca\/\" \/>\n<meta property=\"og:site_name\" content=\"Healthy-Heart.org\" \/>\n<meta property=\"article:modified_time\" content=\"2021-01-26T17:37:01+00:00\" \/>\n<meta property=\"og:image\" content=\"https:\/\/www.healthy-heart.org\/wp-content\/uploads\/2019\/07\/iStock-974943148-1024x683.jpg\" \/>\n\t<meta property=\"og:image:width\" content=\"1024\" \/>\n\t<meta property=\"og:image:height\" content=\"683\" \/>\n\t<meta property=\"og:image:type\" content=\"image\/jpeg\" \/>\n<meta name=\"twitter:card\" content=\"summary_large_image\" \/>\n<meta name=\"twitter:label1\" content=\"Szacowany czas czytania\" \/>\n\t<meta name=\"twitter:data1\" content=\"1 minuta\" \/>\n<script type=\"application\/ld+json\" class=\"yoast-schema-graph\">{\"@context\":\"https:\/\/schema.org\",\"@graph\":[{\"@type\":\"WebPage\",\"@id\":\"https:\/\/www.healthy-heart.org\/pl\/zycie-z-choroba-serca\/prowadzenie-pojazdow-po-zawale-serca\/\",\"url\":\"https:\/\/www.healthy-heart.org\/pl\/zycie-z-choroba-serca\/prowadzenie-pojazdow-po-zawale-serca\/\",\"name\":\"Prowadzenie pojazd\u00f3w po zawale serca - Healthy-Heart.org\",\"isPartOf\":{\"@id\":\"https:\/\/www.healthy-heart.org\/es\/#website\"},\"primaryImageOfPage\":{\"@id\":\"https:\/\/www.healthy-heart.org\/pl\/zycie-z-choroba-serca\/prowadzenie-pojazdow-po-zawale-serca\/#primaryimage\"},\"image\":{\"@id\":\"https:\/\/www.healthy-heart.org\/pl\/zycie-z-choroba-serca\/prowadzenie-pojazdow-po-zawale-serca\/#primaryimage\"},\"thumbnailUrl\":\"https:\/\/www.healthy-heart.org\/wp-content\/uploads\/2019\/07\/iStock-974943148.jpg\",\"datePublished\":\"2019-10-07T17:02:18+00:00\",\"dateModified\":\"2021-01-26T17:37:01+00:00\",\"description\":\"Zalecany czas, po jakim mo\u017cna prowadzi\u0107 pojazdy po zawale serca, zale\u017cy od rodzaju interwencji.\",\"breadcrumb\":{\"@id\":\"https:\/\/www.healthy-heart.org\/pl\/zycie-z-choroba-serca\/prowadzenie-pojazdow-po-zawale-serca\/#breadcrumb\"},\"inLanguage\":\"pl-PL\",\"potentialAction\":[{\"@type\":\"ReadAction\",\"target\":[\"https:\/\/www.healthy-heart.org\/pl\/zycie-z-choroba-serca\/prowadzenie-pojazdow-po-zawale-serca\/\"]}]},{\"@type\":\"ImageObject\",\"inLanguage\":\"pl-PL\",\"@id\":\"https:\/\/www.healthy-heart.org\/pl\/zycie-z-choroba-serca\/prowadzenie-pojazdow-po-zawale-serca\/#primaryimage\",\"url\":\"https:\/\/www.healthy-heart.org\/wp-content\/uploads\/2019\/07\/iStock-974943148.jpg\",\"contentUrl\":\"https:\/\/www.healthy-heart.org\/wp-content\/uploads\/2019\/07\/iStock-974943148.jpg\",\"width\":5200,\"height\":3467,\"caption\":\"Stressed man driving\"},{\"@type\":\"BreadcrumbList\",\"@id\":\"https:\/\/www.healthy-heart.org\/pl\/zycie-z-choroba-serca\/prowadzenie-pojazdow-po-zawale-serca\/#breadcrumb\",\"itemListElement\":[{\"@type\":\"ListItem\",\"position\":1,\"name\":\"Home\",\"item\":\"https:\/\/www.healthy-heart.org\/pl\/\"},{\"@type\":\"ListItem\",\"position\":2,\"name\":\"\u017bycie z chorob\u0105 serca\",\"item\":\"https:\/\/www.healthy-heart.org\/pl\/zycie-z-choroba-serca\/\"},{\"@type\":\"ListItem\",\"position\":3,\"name\":\"Prowadzenie pojazd\u00f3w po zawale serca\"}]},{\"@type\":\"WebSite\",\"@id\":\"https:\/\/www.healthy-heart.org\/es\/#website\",\"url\":\"https:\/\/www.healthy-heart.org\/es\/\",\"name\":\"Healthy-Heart.org\",\"description\":\"Practical advice for patients and family care givers on the prevention of cardiovascular disease\",\"potentialAction\":[{\"@type\":\"SearchAction\",\"target\":{\"@type\":\"EntryPoint\",\"urlTemplate\":\"https:\/\/www.healthy-heart.org\/es\/?s={search_term_string}\"},\"query-input\":{\"@type\":\"PropertyValueSpecification\",\"valueRequired\":true,\"valueName\":\"search_term_string\"}}],\"inLanguage\":\"pl-PL\"}]}<\/script>\n<!-- \/ Yoast SEO plugin. -->","yoast_head_json":{"title":"Prowadzenie pojazd\u00f3w po zawale serca - Healthy-Heart.org","description":"Zalecany czas, po jakim mo\u017cna prowadzi\u0107 pojazdy po zawale serca, zale\u017cy od rodzaju interwencji.","robots":{"index":"index","follow":"follow","max-snippet":"max-snippet:-1","max-image-preview":"max-image-preview:large","max-video-preview":"max-video-preview:-1"},"canonical":"https:\/\/www.healthy-heart.org\/pl\/zycie-z-choroba-serca\/prowadzenie-pojazdow-po-zawale-serca\/","og_locale":"pl_PL","og_type":"article","og_title":"Prowadzenie pojazd\u00f3w po zawale serca - Healthy-Heart.org","og_description":"Zalecany czas, po jakim mo\u017cna prowadzi\u0107 pojazdy po zawale serca, zale\u017cy od rodzaju interwencji.","og_url":"https:\/\/www.healthy-heart.org\/pl\/zycie-z-choroba-serca\/prowadzenie-pojazdow-po-zawale-serca\/","og_site_name":"Healthy-Heart.org","article_modified_time":"2021-01-26T17:37:01+00:00","og_image":[{"width":1024,"height":683,"url":"https:\/\/www.healthy-heart.org\/wp-content\/uploads\/2019\/07\/iStock-974943148-1024x683.jpg","type":"image\/jpeg"}],"twitter_card":"summary_large_image","twitter_misc":{"Szacowany czas czytania":"1 minuta"},"schema":{"@context":"https:\/\/schema.org","@graph":[{"@type":"WebPage","@id":"https:\/\/www.healthy-heart.org\/pl\/zycie-z-choroba-serca\/prowadzenie-pojazdow-po-zawale-serca\/","url":"https:\/\/www.healthy-heart.org\/pl\/zycie-z-choroba-serca\/prowadzenie-pojazdow-po-zawale-serca\/","name":"Prowadzenie pojazd\u00f3w po zawale serca - Healthy-Heart.org","isPartOf":{"@id":"https:\/\/www.healthy-heart.org\/es\/#website"},"primaryImageOfPage":{"@id":"https:\/\/www.healthy-heart.org\/pl\/zycie-z-choroba-serca\/prowadzenie-pojazdow-po-zawale-serca\/#primaryimage"},"image":{"@id":"https:\/\/www.healthy-heart.org\/pl\/zycie-z-choroba-serca\/prowadzenie-pojazdow-po-zawale-serca\/#primaryimage"},"thumbnailUrl":"https:\/\/www.healthy-heart.org\/wp-content\/uploads\/2019\/07\/iStock-974943148.jpg","datePublished":"2019-10-07T17:02:18+00:00","dateModified":"2021-01-26T17:37:01+00:00","description":"Zalecany czas, po jakim mo\u017cna prowadzi\u0107 pojazdy po zawale serca, zale\u017cy od rodzaju interwencji.","breadcrumb":{"@id":"https:\/\/www.healthy-heart.org\/pl\/zycie-z-choroba-serca\/prowadzenie-pojazdow-po-zawale-serca\/#breadcrumb"},"inLanguage":"pl-PL","potentialAction":[{"@type":"ReadAction","target":["https:\/\/www.healthy-heart.org\/pl\/zycie-z-choroba-serca\/prowadzenie-pojazdow-po-zawale-serca\/"]}]},{"@type":"ImageObject","inLanguage":"pl-PL","@id":"https:\/\/www.healthy-heart.org\/pl\/zycie-z-choroba-serca\/prowadzenie-pojazdow-po-zawale-serca\/#primaryimage","url":"https:\/\/www.healthy-heart.org\/wp-content\/uploads\/2019\/07\/iStock-974943148.jpg","contentUrl":"https:\/\/www.healthy-heart.org\/wp-content\/uploads\/2019\/07\/iStock-974943148.jpg","width":5200,"height":3467,"caption":"Stressed man driving"},{"@type":"BreadcrumbList","@id":"https:\/\/www.healthy-heart.org\/pl\/zycie-z-choroba-serca\/prowadzenie-pojazdow-po-zawale-serca\/#breadcrumb","itemListElement":[{"@type":"ListItem","position":1,"name":"Home","item":"https:\/\/www.healthy-heart.org\/pl\/"},{"@type":"ListItem","position":2,"name":"\u017bycie z chorob\u0105 serca","item":"https:\/\/www.healthy-heart.org\/pl\/zycie-z-choroba-serca\/"},{"@type":"ListItem","position":3,"name":"Prowadzenie pojazd\u00f3w po zawale serca"}]},{"@type":"WebSite","@id":"https:\/\/www.healthy-heart.org\/es\/#website","url":"https:\/\/www.healthy-heart.org\/es\/","name":"Healthy-Heart.org","description":"Practical advice for patients and family care givers on the prevention of cardiovascular disease","potentialAction":[{"@type":"SearchAction","target":{"@type":"EntryPoint","urlTemplate":"https:\/\/www.healthy-heart.org\/es\/?s={search_term_string}"},"query-input":{"@type":"PropertyValueSpecification","valueRequired":true,"valueName":"search_term_string"}}],"inLanguage":"pl-PL"}]}},"_links":{"self":[{"href":"https:\/\/www.healthy-heart.org\/pl\/wp-json\/wp\/v2\/pages\/1848","targetHints":{"allow":["GET"]}}],"collection":[{"href":"https:\/\/www.healthy-heart.org\/pl\/wp-json\/wp\/v2\/pages"}],"about":[{"href":"https:\/\/www.healthy-heart.org\/pl\/wp-json\/wp\/v2\/types\/page"}],"author":[{"embeddable":true,"href":"https:\/\/www.healthy-heart.org\/pl\/wp-json\/wp\/v2\/users\/1"}],"replies":[{"embeddable":true,"href":"https:\/\/www.healthy-heart.org\/pl\/wp-json\/wp\/v2\/comments?post=1848"}],"version-history":[{"count":1,"href":"https:\/\/www.healthy-heart.org\/pl\/wp-json\/wp\/v2\/pages\/1848\/revisions"}],"predecessor-version":[{"id":5025,"href":"https:\/\/www.healthy-heart.org\/pl\/wp-json\/wp\/v2\/pages\/1848\/revisions\/5025"}],"up":[{"embeddable":true,"href":"https:\/\/www.healthy-heart.org\/pl\/wp-json\/wp\/v2\/pages\/1863"}],"wp:featuredmedia":[{"embeddable":true,"href":"https:\/\/www.healthy-heart.org\/pl\/wp-json\/wp\/v2\/media\/534"}],"wp:attachment":[{"href":"https:\/\/www.healthy-heart.org\/pl\/wp-json\/wp\/v2\/media?parent=1848"}],"wp:term":[{"taxonomy":"category","embeddable":true,"href":"https:\/\/www.healthy-heart.org\/pl\/wp-json\/wp\/v2\/categories?post=1848"},{"taxonomy":"post_tag","embeddable":true,"href":"https:\/\/www.healthy-heart.org\/pl\/wp-json\/wp\/v2\/tags?post=1848"}],"curies":[{"name":"wp","href":"https:\/\/api.w.org\/{rel}","templated":true}]}}