{"id":1833,"date":"2019-10-07T18:01:24","date_gmt":"2019-10-07T17:01:24","guid":{"rendered":"https:\/\/www.healthy-heart.org\/regulamin-witryny\/"},"modified":"2020-03-24T10:14:38","modified_gmt":"2020-03-24T10:14:38","slug":"regulamin-witryny","status":"publish","type":"page","link":"https:\/\/www.healthy-heart.org\/pl\/regulamin-witryny\/","title":{"rendered":"Regulamin witryny"},"content":{"rendered":"<h2>Misja tej witryny:<\/h2>\n<ul>\n<li>Zapewnienie wiarygodnych informacji i praktycznych porad dotycz\u0105cych chor\u00f3b uk\u0142adu kr\u0105\u017cenia i profilaktyki.<\/li>\n<li>Zwi\u0119kszenie wiedzy na temat chor\u00f3b uk\u0142adu kr\u0105\u017cenia i promowanie korzy\u015bci p\u0142yn\u0105cych ze zdrowego stylu \u017cycia.<\/li>\n<\/ul>\n<p>Witrynie s\u0105 zgodne z Wytycznymi Europejskimi (patrz <a href=\"https:\/\/www.escardio.org\/Guidelines\/Clinical-Practice-Guidelines\/CVD-Prevention-in-clinical-practice-European-Guidelines-on\">European Guidelines on CVD Prevention in Clinical Practice<\/a>).<\/p>\n<h3>1. Regulamin witryny<\/h3>\n<p>Witryna healthy-heart.org zosta\u0142a opracowana pod kierownictwem stowarzyszenia European Association of Preventive Cardiology (EAPC), we wsp\u00f3\u0142pracy ze stowarzyszeniem Association for Acute CardioVascular Care (ACVC) oraz Association of Cardiovascular Nursing &amp; Allied Professions (ACNAP), kt\u00f3re s\u0105 oddzia\u0142ami towarzystwa European Society of Cardiology (ESC). ESC umo\u017cliwia dost\u0119p do niniejszej witryny oraz korzystanie z niej zgodnie z nast\u0119puj\u0105cym Regulaminem witryny:<\/p>\n<ol>\n<li>Korzystanie z witryny jest r\u00f3wnoznaczne z zaakceptowaniem przez u\u017cytkownika niniejszego Regulaminu w dniu pierwszego skorzystania z witryny.<\/li>\n<li>ESC zastrzega sobie prawo do wprowadzania zmian w niniejszym Regulaminie w dowolnym momencie, poprzez publikacj\u0119 informacji o takich zmianach online. Kontynuowanie korzystania z witryny po opublikowaniu zmian jest r\u00f3wnoznaczne z akceptacj\u0105 przez u\u017cytkownika tego Regulaminu \u0142\u0105cznie z wprowadzonymi do niego zmianami.<\/li>\n<li>U\u017cytkownik zobowi\u0105zuje si\u0119 korzysta\u0107 z witryny wy\u0142\u0105cznie w celach zgodnych z prawem i w spos\u00f3b nienaruszaj\u0105cy praw os\u00f3b trzecich oraz nieograniczaj\u0105cy korzystania z witryny przez osoby trzecie.<\/li>\n<\/ol>\n<h3>2. Wykluczenie odpowiedzialno\u015bci<\/h3>\n<ol>\n<li>ESC nie ponosi w \u017cadnym wypadku odpowiedzialno\u015bci wobec u\u017cytkownika ani kogokolwiek innego za wszelkie decyzje lub dzia\u0142ania podj\u0119te na podstawie informacji zawartych w witrynie lub przekazanych za jej po\u015brednictwem, ani za wszelkie szkody przypadkowe, po\u015brednie, szczeg\u00f3lne lub wynikowe.<\/li>\n<li>Informacje i porady zamieszczone w niniejszej witrynie stanowi\u0105 uzupe\u0142nienie opieki i pomocy udzielanej przez lekarza lub innego wykwalifikowanego pracownika opieki zdrowotnej. Wyra\u017anym ani dorozumianym celem witryny nie jest zast\u0105pienie profesjonalnych porad medycznych ani opieki lekarskiej. Przed rozpocz\u0119ciem (lub przerwaniem) leczenia najpierw nale\u017cy zasi\u0119gn\u0105\u0107 porady pracownika s\u0142u\u017cby zdrowia. W zwi\u0105zku z powy\u017cszym wszystkie informacje zamieszczone w niniejszej witrynie udost\u0119pniono wy\u0142\u0105cznie w celach edukacyjnych.<\/li>\n<li>ESC dok\u0142ada wszelkich stara\u0144, tworz\u0105c niniejsz\u0105 witryn\u0119, nie ma jednak mo\u017cliwo\u015bci sprawdzenia wszystkich informacji w celu ustalenia ich prawdziwo\u015bci, poprawno\u015bci, rzetelno\u015bci, kompletno\u015bci lub powi\u0105zania z tematyk\u0105 witryny. ESC nie ponosi \u017cadnej odpowiedzialno\u015bci, umownej lub wynikaj\u0105cej z zaniedbania, za szkody, w tym bez ogranicze\u0144, szkody po\u015brednie b\u0105d\u017a wynikowe, b\u0105d\u017a utrat\u0119 zysk\u00f3w, zaistnia\u0142e wskutek korzystania z witryny lub w zwi\u0105zku z takim korzystaniem lub niemo\u017cno\u015bci\u0105 korzystania.<\/li>\n<li>ESC ani jego personel lub osoby wsp\u00f3\u0142pracuj\u0105ce przy tworzeniu witryny nie ponosz\u0105 w \u017cadnym wypadku odpowiedzialno\u015bci wobec u\u017cytkownika, jako osoby odwiedzaj\u0105cej witryn\u0119, ani \u017cadnej innej osoby lub organizacji, za jakiekolwiek decyzje podj\u0119te lub wprowadzone w \u017cycie na podstawie informacji zamieszczonych w witrynie. U\u017cytkownik potwierdza, \u017ce ESC, jego personel lub osoby wsp\u00f3\u0142pracuj\u0105ce przy tworzeniu witryny nie ponosz\u0105 odpowiedzialno\u015bci za jakiekolwiek szkody (w tym mi\u0119dzy innymi szkody bezpo\u015brednie, po\u015brednie, przypadkowe, szczeg\u00f3lne lub wynikowe) b\u0105d\u017a utrat\u0119 danych lub zysk\u00f3w, nawet je\u015bli ESC, jego personel lub osoby wsp\u00f3\u0142pracuj\u0105ce przy tworzeniu witryny zosta\u0142y poinformowane o mo\u017cliwo\u015bci zaistnienia takiej utraty.<\/li>\n<li>ESC nie gwarantuje, \u017ce funkcje techniczne zawarte w materia\u0142ach zamieszczonych w niniejszej witrynie b\u0119d\u0105 dzia\u0142a\u0107 bez zak\u0142\u00f3ce\u0144 i nie b\u0119d\u0105 zawiera\u0107 b\u0142\u0119d\u00f3w, ani nie gwarantuje, \u017ce ewentualne b\u0142\u0119dy zostan\u0105 skorygowane, ani te\u017c \u017ce witryna lub serwer, kt\u00f3ry j\u0105 udost\u0119pnia, nie zawieraj\u0105 wirus\u00f3w. Ponadto ESC nie gwarantuje pe\u0142nej funkcjonalno\u015bci, poprawno\u015bci i rzetelno\u015bci zamieszczonych materia\u0142\u00f3w.<\/li>\n<\/ol>\n<h3>3. Ograniczenia wynikaj\u0105ce z praw autorskich<\/h3>\n<ol>\n<li>W\u0142a\u015bcicielem witryny healthy-heart.org jest European Society of Cardiology (ESC). Wykorzystywanie do cel\u00f3w komercyjnych, publikacja wszystkich lub wybranych materia\u0142\u00f3w zamieszczonych w witrynie bez uprzedniej pisemnej zgody ESC jest bezwzgl\u0119dnie zabroniona.<br \/>\nDokumenty zamieszczone w niniejszej witrynie mo\u017cna kopiowa\u0107 wy\u0142\u0105cznie do cel\u00f3w osobistych i niekomercyjnych, pod warunkiem skopiowania r\u00f3wnie\u017c informacji o prawie autorskim i \u017ar\u00f3d\u0142ach tych dokument\u00f3w, niewprowadzania zmian oraz skopiowania dokumentu w ca\u0142o\u015bci. Niekt\u00f3re dokumenty i zdj\u0119cia zamieszczono w niniejszej witrynie za zgod\u0105 odpowiednich w\u0142a\u015bcicieli praw autorskich (nieb\u0119d\u0105cych ESC). Wszystkie prawa do tych dokument\u00f3w s\u0105 zastrze\u017cone. W celu skopiowania tych dokument\u00f3w nale\u017cy wyst\u0105pi\u0107 o zezwolenie do w\u0142a\u015bcicieli praw autorskich (\u017ar\u00f3d\u0142a s\u0105 wskazane w tre\u015bci dokument\u00f3w\/przy zdj\u0119ciach).<\/li>\n<li>Wszelkie nieupowa\u017cnione wykorzystanie takich materia\u0142\u00f3w mo\u017ce spowodowa\u0107 za\u017c\u0105danie przez ESC zaprzestania ich zamieszczania\/dystrybucji, a tak\u017ce wszcz\u0119cie czynno\u015bci prawnych.<\/li>\n<li>Witryna zawiera \u0142\u0105cza do stron administrowanych przez osoby trzecie niezwi\u0105zane z ESC. \u0141\u0105cza takie s\u0105 udost\u0119pniane wy\u0142\u0105cznie dla wygody u\u017cytkownika. ESC nie kontroluje tych stron ani nie ponosi odpowiedzialno\u015bci za ich tre\u015b\u0107. Udost\u0119pniania przez ESC \u0142\u0105czy do tych stron nie nale\u017cy uznawa\u0107 za popieranie tre\u015bci na nich zawartych ani za powi\u0105zanie ESC z administratorami tych stron. U\u017cytkownik ponosi wy\u0142\u0105czn\u0105 odpowiedzialno\u015b\u0107 za ocen\u0119 poprawno\u015bci i kompletno\u015bci wszelkich informacji zamieszczonych na stronach os\u00f3b trzecich, a tak\u017ce warto\u015bci i integralno\u015bci wszelkich towar\u00f3w i us\u0142ug oferowanych za po\u015brednictwem takich stron.<br \/>\nW razie niezaakceptowania w ca\u0142o\u015bci niniejszego Regulaminu nale\u017cy natychmiast zaprzesta\u0107 korzystania z niniejszej witryny.<\/li>\n<li>Ochrona danych osobowych<\/li>\n<\/ol>\n<p>Podczas korzystania przez u\u017cytkownika ze stron internetowych mog\u0105 by\u0107 gromadzone dane u\u017cytkownika. Wi\u0119cej informacji mo\u017cna znale\u017a\u0107 w naszej <a href=\"https:\/\/www.healthy-heart.org\/privacy-policy\/\">Polityce prywatno\u015bci<\/a>.<\/p>\n<p>Data ostatniej aktualizacji: lipiec 2019<\/p>\n","protected":false},"excerpt":{"rendered":"<p>Misja tej witryny: Zapewnienie wiarygodnych informacji i praktycznych porad dotycz\u0105cych chor\u00f3b uk\u0142adu kr\u0105\u017cenia i profilaktyki. Zwi\u0119kszenie wiedzy na temat chor\u00f3b uk\u0142adu kr\u0105\u017cenia i promowanie korzy\u015bci p\u0142yn\u0105cych ze zdrowego stylu \u017cycia. Witrynie s\u0105 zgodne z Wytycznymi Europejskimi (patrz European Guidelines on CVD Prevention in Clinical Practice). 1. Regulamin witryny Witryna healthy-heart.org zosta\u0142a opracowana pod kierownictwem stowarzyszenia [&hellip;]<\/p>\n","protected":false},"author":1,"featured_media":1528,"parent":0,"menu_order":0,"comment_status":"closed","ping_status":"closed","template":"templates\/full.php","meta":{"_acf_changed":false,"footnotes":""},"categories":[],"tags":[],"class_list":["post-1833","page","type-page","status-publish","has-post-thumbnail","hentry"],"acf":[],"yoast_head":"<!-- This site is optimized with the Yoast SEO plugin v24.0 - https:\/\/yoast.com\/wordpress\/plugins\/seo\/ -->\n<title>Regulamin witryny - Healthy-Heart.org<\/title>\n<meta name=\"description\" content=\"Wszystkie zalecenia podane na niniejszej witrynie s\u0105 zgodne z Wytycznymi Europejskimi.\" \/>\n<meta name=\"robots\" content=\"index, follow, max-snippet:-1, max-image-preview:large, max-video-preview:-1\" \/>\n<link rel=\"canonical\" href=\"https:\/\/www.healthy-heart.org\/pl\/regulamin-witryny\/\" \/>\n<meta property=\"og:locale\" content=\"pl_PL\" \/>\n<meta property=\"og:type\" content=\"article\" \/>\n<meta property=\"og:title\" content=\"Regulamin witryny - Healthy-Heart.org\" \/>\n<meta property=\"og:description\" content=\"Wszystkie zalecenia podane na niniejszej witrynie s\u0105 zgodne z Wytycznymi Europejskimi.\" \/>\n<meta property=\"og:url\" content=\"https:\/\/www.healthy-heart.org\/pl\/regulamin-witryny\/\" \/>\n<meta property=\"og:site_name\" content=\"Healthy-Heart.org\" \/>\n<meta property=\"article:modified_time\" content=\"2020-03-24T10:14:38+00:00\" \/>\n<meta property=\"og:image\" content=\"https:\/\/www.healthy-heart.org\/wp-content\/uploads\/2019\/07\/primary.jpg\" \/>\n\t<meta property=\"og:image:width\" content=\"700\" \/>\n\t<meta property=\"og:image:height\" content=\"466\" \/>\n\t<meta property=\"og:image:type\" content=\"image\/jpeg\" \/>\n<meta name=\"twitter:card\" content=\"summary_large_image\" \/>\n<meta name=\"twitter:label1\" content=\"Szacowany czas czytania\" \/>\n\t<meta name=\"twitter:data1\" content=\"5 minut\" \/>\n<script type=\"application\/ld+json\" class=\"yoast-schema-graph\">{\"@context\":\"https:\/\/schema.org\",\"@graph\":[{\"@type\":\"WebPage\",\"@id\":\"https:\/\/www.healthy-heart.org\/pl\/regulamin-witryny\/\",\"url\":\"https:\/\/www.healthy-heart.org\/pl\/regulamin-witryny\/\",\"name\":\"Regulamin witryny - Healthy-Heart.org\",\"isPartOf\":{\"@id\":\"https:\/\/www.healthy-heart.org\/es\/#website\"},\"primaryImageOfPage\":{\"@id\":\"https:\/\/www.healthy-heart.org\/pl\/regulamin-witryny\/#primaryimage\"},\"image\":{\"@id\":\"https:\/\/www.healthy-heart.org\/pl\/regulamin-witryny\/#primaryimage\"},\"thumbnailUrl\":\"https:\/\/www.healthy-heart.org\/wp-content\/uploads\/2019\/07\/primary.jpg\",\"datePublished\":\"2019-10-07T17:01:24+00:00\",\"dateModified\":\"2020-03-24T10:14:38+00:00\",\"description\":\"Wszystkie zalecenia podane na niniejszej witrynie s\u0105 zgodne z Wytycznymi Europejskimi.\",\"breadcrumb\":{\"@id\":\"https:\/\/www.healthy-heart.org\/pl\/regulamin-witryny\/#breadcrumb\"},\"inLanguage\":\"pl-PL\",\"potentialAction\":[{\"@type\":\"ReadAction\",\"target\":[\"https:\/\/www.healthy-heart.org\/pl\/regulamin-witryny\/\"]}]},{\"@type\":\"ImageObject\",\"inLanguage\":\"pl-PL\",\"@id\":\"https:\/\/www.healthy-heart.org\/pl\/regulamin-witryny\/#primaryimage\",\"url\":\"https:\/\/www.healthy-heart.org\/wp-content\/uploads\/2019\/07\/primary.jpg\",\"contentUrl\":\"https:\/\/www.healthy-heart.org\/wp-content\/uploads\/2019\/07\/primary.jpg\",\"width\":700,\"height\":466},{\"@type\":\"BreadcrumbList\",\"@id\":\"https:\/\/www.healthy-heart.org\/pl\/regulamin-witryny\/#breadcrumb\",\"itemListElement\":[{\"@type\":\"ListItem\",\"position\":1,\"name\":\"Home\",\"item\":\"https:\/\/www.healthy-heart.org\/pl\/\"},{\"@type\":\"ListItem\",\"position\":2,\"name\":\"Regulamin witryny\"}]},{\"@type\":\"WebSite\",\"@id\":\"https:\/\/www.healthy-heart.org\/es\/#website\",\"url\":\"https:\/\/www.healthy-heart.org\/es\/\",\"name\":\"Healthy-Heart.org\",\"description\":\"Practical advice for patients and family care givers on the prevention of cardiovascular disease\",\"potentialAction\":[{\"@type\":\"SearchAction\",\"target\":{\"@type\":\"EntryPoint\",\"urlTemplate\":\"https:\/\/www.healthy-heart.org\/es\/?s={search_term_string}\"},\"query-input\":{\"@type\":\"PropertyValueSpecification\",\"valueRequired\":true,\"valueName\":\"search_term_string\"}}],\"inLanguage\":\"pl-PL\"}]}<\/script>\n<!-- \/ Yoast SEO plugin. -->","yoast_head_json":{"title":"Regulamin witryny - Healthy-Heart.org","description":"Wszystkie zalecenia podane na niniejszej witrynie s\u0105 zgodne z Wytycznymi Europejskimi.","robots":{"index":"index","follow":"follow","max-snippet":"max-snippet:-1","max-image-preview":"max-image-preview:large","max-video-preview":"max-video-preview:-1"},"canonical":"https:\/\/www.healthy-heart.org\/pl\/regulamin-witryny\/","og_locale":"pl_PL","og_type":"article","og_title":"Regulamin witryny - Healthy-Heart.org","og_description":"Wszystkie zalecenia podane na niniejszej witrynie s\u0105 zgodne z Wytycznymi Europejskimi.","og_url":"https:\/\/www.healthy-heart.org\/pl\/regulamin-witryny\/","og_site_name":"Healthy-Heart.org","article_modified_time":"2020-03-24T10:14:38+00:00","og_image":[{"width":700,"height":466,"url":"https:\/\/www.healthy-heart.org\/wp-content\/uploads\/2019\/07\/primary.jpg","type":"image\/jpeg"}],"twitter_card":"summary_large_image","twitter_misc":{"Szacowany czas czytania":"5 minut"},"schema":{"@context":"https:\/\/schema.org","@graph":[{"@type":"WebPage","@id":"https:\/\/www.healthy-heart.org\/pl\/regulamin-witryny\/","url":"https:\/\/www.healthy-heart.org\/pl\/regulamin-witryny\/","name":"Regulamin witryny - Healthy-Heart.org","isPartOf":{"@id":"https:\/\/www.healthy-heart.org\/es\/#website"},"primaryImageOfPage":{"@id":"https:\/\/www.healthy-heart.org\/pl\/regulamin-witryny\/#primaryimage"},"image":{"@id":"https:\/\/www.healthy-heart.org\/pl\/regulamin-witryny\/#primaryimage"},"thumbnailUrl":"https:\/\/www.healthy-heart.org\/wp-content\/uploads\/2019\/07\/primary.jpg","datePublished":"2019-10-07T17:01:24+00:00","dateModified":"2020-03-24T10:14:38+00:00","description":"Wszystkie zalecenia podane na niniejszej witrynie s\u0105 zgodne z Wytycznymi Europejskimi.","breadcrumb":{"@id":"https:\/\/www.healthy-heart.org\/pl\/regulamin-witryny\/#breadcrumb"},"inLanguage":"pl-PL","potentialAction":[{"@type":"ReadAction","target":["https:\/\/www.healthy-heart.org\/pl\/regulamin-witryny\/"]}]},{"@type":"ImageObject","inLanguage":"pl-PL","@id":"https:\/\/www.healthy-heart.org\/pl\/regulamin-witryny\/#primaryimage","url":"https:\/\/www.healthy-heart.org\/wp-content\/uploads\/2019\/07\/primary.jpg","contentUrl":"https:\/\/www.healthy-heart.org\/wp-content\/uploads\/2019\/07\/primary.jpg","width":700,"height":466},{"@type":"BreadcrumbList","@id":"https:\/\/www.healthy-heart.org\/pl\/regulamin-witryny\/#breadcrumb","itemListElement":[{"@type":"ListItem","position":1,"name":"Home","item":"https:\/\/www.healthy-heart.org\/pl\/"},{"@type":"ListItem","position":2,"name":"Regulamin witryny"}]},{"@type":"WebSite","@id":"https:\/\/www.healthy-heart.org\/es\/#website","url":"https:\/\/www.healthy-heart.org\/es\/","name":"Healthy-Heart.org","description":"Practical advice for patients and family care givers on the prevention of cardiovascular disease","potentialAction":[{"@type":"SearchAction","target":{"@type":"EntryPoint","urlTemplate":"https:\/\/www.healthy-heart.org\/es\/?s={search_term_string}"},"query-input":{"@type":"PropertyValueSpecification","valueRequired":true,"valueName":"search_term_string"}}],"inLanguage":"pl-PL"}]}},"_links":{"self":[{"href":"https:\/\/www.healthy-heart.org\/pl\/wp-json\/wp\/v2\/pages\/1833","targetHints":{"allow":["GET"]}}],"collection":[{"href":"https:\/\/www.healthy-heart.org\/pl\/wp-json\/wp\/v2\/pages"}],"about":[{"href":"https:\/\/www.healthy-heart.org\/pl\/wp-json\/wp\/v2\/types\/page"}],"author":[{"embeddable":true,"href":"https:\/\/www.healthy-heart.org\/pl\/wp-json\/wp\/v2\/users\/1"}],"replies":[{"embeddable":true,"href":"https:\/\/www.healthy-heart.org\/pl\/wp-json\/wp\/v2\/comments?post=1833"}],"version-history":[{"count":1,"href":"https:\/\/www.healthy-heart.org\/pl\/wp-json\/wp\/v2\/pages\/1833\/revisions"}],"predecessor-version":[{"id":4348,"href":"https:\/\/www.healthy-heart.org\/pl\/wp-json\/wp\/v2\/pages\/1833\/revisions\/4348"}],"wp:featuredmedia":[{"embeddable":true,"href":"https:\/\/www.healthy-heart.org\/pl\/wp-json\/wp\/v2\/media\/1528"}],"wp:attachment":[{"href":"https:\/\/www.healthy-heart.org\/pl\/wp-json\/wp\/v2\/media?parent=1833"}],"wp:term":[{"taxonomy":"category","embeddable":true,"href":"https:\/\/www.healthy-heart.org\/pl\/wp-json\/wp\/v2\/categories?post=1833"},{"taxonomy":"post_tag","embeddable":true,"href":"https:\/\/www.healthy-heart.org\/pl\/wp-json\/wp\/v2\/tags?post=1833"}],"curies":[{"name":"wp","href":"https:\/\/api.w.org\/{rel}","templated":true}]}}